{"id":762,"date":"2021-10-30T20:17:48","date_gmt":"2021-10-30T18:17:48","guid":{"rendered":"https:\/\/www.onetimenexttime.sk\/arduino\/?post_type=product&#038;p=762"},"modified":"2021-10-30T20:23:50","modified_gmt":"2021-10-30T18:23:50","slug":"itead-sonoff-touch-wifi-switch-luxury-crystal-glass-plate-touch-wireless-timing-app-switch-remote-control-via-app-control","status":"publish","type":"product","link":"https:\/\/www.onetimenexttime.sk\/arduino\/index.php\/produkt\/itead-sonoff-touch-wifi-switch-luxury-crystal-glass-plate-touch-wireless-timing-app-switch-remote-control-via-app-control\/","title":{"rendered":"Itead Sonoff Touch WIFI Switch Luxury Crystal Glass Plate Touch Wireless Timing APP Switch Remote Control Via APP control"},"content":{"rendered":"<h1 class=\"mb-8 js-product-title\" title=\"Broadlink RM Pro Inovovan\u00e1 verzia RM33 RM Mini3 IR+RF+WiFi+4G Switch Home Univerz\u00e1lny inteligentn\u00fd dia\u013ekov\u00fd ovl\u00e1da\u010d\">Dotykov\u00fd sp\u00edna\u010d Itead Sonoff WIFI Luxusn\u00e1 doska z kri\u0161t\u00e1\u013eov\u00e9ho skla Dotykov\u00e9 bezdr\u00f4tov\u00e9 \u010dasovanie prep\u00edna\u010d APP Dia\u013ekov\u00e9 ovl\u00e1danie cez ovl\u00e1danie APP<\/h1>\n<p>&nbsp;<\/p>\n<p>Sonoff sklenen\u00fd panel dotykov\u00fd vyp\u00edna\u010d LED n\u00e1stenn\u00fd vyp\u00edna\u010d dom\u00e1ceho dia\u013ekov\u00e9ho ovl\u00e1da\u010da E\u00da Wi-fi vyp\u00edna\u010de svetiel Inteligentn\u00e1 dom\u00e1ca automatiz\u00e1cia<\/p>\n<p><strong>Preh\u013ead<\/strong><\/p>\n<p>Sonoff Touch je jednosmern\u00fd (1 gang) WiFi n\u00e1stenn\u00fd dotykov\u00fd sp\u00edna\u010d. D\u00e1 sa sp\u00e1rova\u0165 s iOS\/Android APP eWeLink cez WiFi, umo\u017e\u0148uje v\u00e1m na dia\u013eku zapn\u00fa\u0165\/vypn\u00fa\u0165 LED a svetlo odkia\u013eko\u013evek a kedyko\u013evek. Jeho LED podsvietenie v\u00e1m umo\u017en\u00ed \u013eahko n\u00e1js\u0165 a zapn\u00fa\u0165 vyp\u00edna\u010d v noci. Podporujte v\u0161etky druhy svetiel, ide\u00e1lne pre rie\u0161enie inteligentnej dom\u00e1cnosti!<br \/>\nFunkcie APP:<\/p>\n<p>Dia\u013ekov\u00e9 ZAP\/VYP<br \/>\n\u010casovanie pl\u00e1novania\/odpo\u010d\u00edtavania<br \/>\nZdie\u013eanie jedn\u00fdm k\u013e\u00fa\u010dom<br \/>\nSpr\u00e1va skupiny\/sc\u00e9ny<\/p>\n","protected":false},"excerpt":{"rendered":"<p>Dotykov\u00fd sp\u00edna\u010d Itead Sonoff WIFI Luxusn\u00e1 doska z kri\u0161t\u00e1\u013eov\u00e9ho skla Dotykov\u00e9 bezdr\u00f4tov\u00e9 \u010dasovanie prep\u00edna\u010d APP Dia\u013ekov\u00e9 ovl\u00e1danie cez ovl\u00e1danie APP&hellip;<\/p>\n","protected":false},"featured_media":764,"template":"","meta":{"_monsterinsights_skip_tracking":false,"_monsterinsights_sitenote_active":false,"_monsterinsights_sitenote_note":"","_monsterinsights_sitenote_category":0},"product_cat":[43,34,42,44,33],"product_tag":[],"class_list":{"0":"post-762","1":"product","2":"type-product","3":"status-publish","4":"has-post-thumbnail","6":"product_cat-office","7":"product_cat-rf","8":"product_cat-smart","9":"product_cat-svetlo","10":"product_cat-wifi","12":"first","13":"instock","14":"sale","15":"shipping-taxable","16":"purchasable","17":"product-type-simple"},"yoast_head":"<!-- This site is optimized with the Yoast SEO plugin v23.6 - https:\/\/yoast.com\/wordpress\/plugins\/seo\/ -->\n<title>Itead Sonoff Touch WIFI Switch Luxury Crystal Glass Plate Touch Wireless Timing APP Switch Remote Control Via APP control - Arduino e-shop<\/title>\n<meta name=\"robots\" content=\"index, follow, max-snippet:-1, max-image-preview:large, max-video-preview:-1\" \/>\n<link rel=\"canonical\" href=\"https:\/\/www.onetimenexttime.sk\/arduino\/index.php\/produkt\/itead-sonoff-touch-wifi-switch-luxury-crystal-glass-plate-touch-wireless-timing-app-switch-remote-control-via-app-control\/\" \/>\n<meta property=\"og:locale\" content=\"sk_SK\" \/>\n<meta property=\"og:type\" content=\"article\" \/>\n<meta property=\"og:title\" content=\"Itead Sonoff Touch WIFI Switch Luxury Crystal Glass Plate Touch Wireless Timing APP Switch Remote Control Via APP control - Arduino e-shop\" \/>\n<meta property=\"og:description\" content=\"Dotykov\u00fd sp\u00edna\u010d Itead Sonoff WIFI Luxusn\u00e1 doska z kri\u0161t\u00e1\u013eov\u00e9ho skla Dotykov\u00e9 bezdr\u00f4tov\u00e9 \u010dasovanie prep\u00edna\u010d APP Dia\u013ekov\u00e9 ovl\u00e1danie cez ovl\u00e1danie APP&hellip;\" \/>\n<meta property=\"og:url\" content=\"https:\/\/www.onetimenexttime.sk\/arduino\/index.php\/produkt\/itead-sonoff-touch-wifi-switch-luxury-crystal-glass-plate-touch-wireless-timing-app-switch-remote-control-via-app-control\/\" \/>\n<meta property=\"og:site_name\" content=\"Arduino e-shop\" \/>\n<meta property=\"article:modified_time\" content=\"2021-10-30T18:23:50+00:00\" \/>\n<meta property=\"og:image\" content=\"https:\/\/www.onetimenexttime.sk\/arduino\/wp-content\/uploads\/2021\/10\/114.jpg\" \/>\n\t<meta property=\"og:image:width\" content=\"506\" \/>\n\t<meta property=\"og:image:height\" content=\"507\" \/>\n\t<meta property=\"og:image:type\" content=\"image\/jpeg\" \/>\n<meta name=\"twitter:card\" content=\"summary_large_image\" \/>\n<meta name=\"twitter:label1\" content=\"Predpokladan\u00fd \u010das \u010d\u00edtania\" \/>\n\t<meta name=\"twitter:data1\" content=\"1 min\u00fata\" \/>\n<script type=\"application\/ld+json\" class=\"yoast-schema-graph\">{\"@context\":\"https:\/\/schema.org\",\"@graph\":[{\"@type\":\"WebPage\",\"@id\":\"https:\/\/www.onetimenexttime.sk\/arduino\/index.php\/produkt\/itead-sonoff-touch-wifi-switch-luxury-crystal-glass-plate-touch-wireless-timing-app-switch-remote-control-via-app-control\/\",\"url\":\"https:\/\/www.onetimenexttime.sk\/arduino\/index.php\/produkt\/itead-sonoff-touch-wifi-switch-luxury-crystal-glass-plate-touch-wireless-timing-app-switch-remote-control-via-app-control\/\",\"name\":\"Itead Sonoff Touch WIFI Switch Luxury Crystal Glass Plate Touch Wireless Timing APP Switch Remote Control Via APP control - Arduino e-shop\",\"isPartOf\":{\"@id\":\"https:\/\/www.onetimenexttime.sk\/arduino\/#website\"},\"primaryImageOfPage\":{\"@id\":\"https:\/\/www.onetimenexttime.sk\/arduino\/index.php\/produkt\/itead-sonoff-touch-wifi-switch-luxury-crystal-glass-plate-touch-wireless-timing-app-switch-remote-control-via-app-control\/#primaryimage\"},\"image\":{\"@id\":\"https:\/\/www.onetimenexttime.sk\/arduino\/index.php\/produkt\/itead-sonoff-touch-wifi-switch-luxury-crystal-glass-plate-touch-wireless-timing-app-switch-remote-control-via-app-control\/#primaryimage\"},\"thumbnailUrl\":\"https:\/\/www.onetimenexttime.sk\/arduino\/wp-content\/uploads\/2021\/10\/114.jpg\",\"datePublished\":\"2021-10-30T18:17:48+00:00\",\"dateModified\":\"2021-10-30T18:23:50+00:00\",\"breadcrumb\":{\"@id\":\"https:\/\/www.onetimenexttime.sk\/arduino\/index.php\/produkt\/itead-sonoff-touch-wifi-switch-luxury-crystal-glass-plate-touch-wireless-timing-app-switch-remote-control-via-app-control\/#breadcrumb\"},\"inLanguage\":\"sk-SK\",\"potentialAction\":[{\"@type\":\"ReadAction\",\"target\":[\"https:\/\/www.onetimenexttime.sk\/arduino\/index.php\/produkt\/itead-sonoff-touch-wifi-switch-luxury-crystal-glass-plate-touch-wireless-timing-app-switch-remote-control-via-app-control\/\"]}]},{\"@type\":\"ImageObject\",\"inLanguage\":\"sk-SK\",\"@id\":\"https:\/\/www.onetimenexttime.sk\/arduino\/index.php\/produkt\/itead-sonoff-touch-wifi-switch-luxury-crystal-glass-plate-touch-wireless-timing-app-switch-remote-control-via-app-control\/#primaryimage\",\"url\":\"https:\/\/www.onetimenexttime.sk\/arduino\/wp-content\/uploads\/2021\/10\/114.jpg\",\"contentUrl\":\"https:\/\/www.onetimenexttime.sk\/arduino\/wp-content\/uploads\/2021\/10\/114.jpg\",\"width\":506,\"height\":507},{\"@type\":\"BreadcrumbList\",\"@id\":\"https:\/\/www.onetimenexttime.sk\/arduino\/index.php\/produkt\/itead-sonoff-touch-wifi-switch-luxury-crystal-glass-plate-touch-wireless-timing-app-switch-remote-control-via-app-control\/#breadcrumb\",\"itemListElement\":[{\"@type\":\"ListItem\",\"position\":1,\"name\":\"Domov\",\"item\":\"https:\/\/www.onetimenexttime.sk\/arduino\/\"},{\"@type\":\"ListItem\",\"position\":2,\"name\":\"Obchod\",\"item\":\"https:\/\/www.onetimenexttime.sk\/arduino\/\"},{\"@type\":\"ListItem\",\"position\":3,\"name\":\"Itead Sonoff Touch WIFI Switch Luxury Crystal Glass Plate Touch Wireless Timing APP Switch Remote Control Via APP control\"}]},{\"@type\":\"WebSite\",\"@id\":\"https:\/\/www.onetimenexttime.sk\/arduino\/#website\",\"url\":\"https:\/\/www.onetimenexttime.sk\/arduino\/\",\"name\":\"Arduino e-shop\",\"description\":\"Home Assistant\",\"potentialAction\":[{\"@type\":\"SearchAction\",\"target\":{\"@type\":\"EntryPoint\",\"urlTemplate\":\"https:\/\/www.onetimenexttime.sk\/arduino\/?s={search_term_string}\"},\"query-input\":{\"@type\":\"PropertyValueSpecification\",\"valueRequired\":true,\"valueName\":\"search_term_string\"}}],\"inLanguage\":\"sk-SK\"}]}<\/script>\n<!-- \/ Yoast SEO plugin. -->","yoast_head_json":{"title":"Itead Sonoff Touch WIFI Switch Luxury Crystal Glass Plate Touch Wireless Timing APP Switch Remote Control Via APP control - Arduino e-shop","robots":{"index":"index","follow":"follow","max-snippet":"max-snippet:-1","max-image-preview":"max-image-preview:large","max-video-preview":"max-video-preview:-1"},"canonical":"https:\/\/www.onetimenexttime.sk\/arduino\/index.php\/produkt\/itead-sonoff-touch-wifi-switch-luxury-crystal-glass-plate-touch-wireless-timing-app-switch-remote-control-via-app-control\/","og_locale":"sk_SK","og_type":"article","og_title":"Itead Sonoff Touch WIFI Switch Luxury Crystal Glass Plate Touch Wireless Timing APP Switch Remote Control Via APP control - Arduino e-shop","og_description":"Dotykov\u00fd sp\u00edna\u010d Itead Sonoff WIFI Luxusn\u00e1 doska z kri\u0161t\u00e1\u013eov\u00e9ho skla Dotykov\u00e9 bezdr\u00f4tov\u00e9 \u010dasovanie prep\u00edna\u010d APP Dia\u013ekov\u00e9 ovl\u00e1danie cez ovl\u00e1danie APP&hellip;","og_url":"https:\/\/www.onetimenexttime.sk\/arduino\/index.php\/produkt\/itead-sonoff-touch-wifi-switch-luxury-crystal-glass-plate-touch-wireless-timing-app-switch-remote-control-via-app-control\/","og_site_name":"Arduino e-shop","article_modified_time":"2021-10-30T18:23:50+00:00","og_image":[{"width":506,"height":507,"url":"https:\/\/www.onetimenexttime.sk\/arduino\/wp-content\/uploads\/2021\/10\/114.jpg","type":"image\/jpeg"}],"twitter_card":"summary_large_image","twitter_misc":{"Predpokladan\u00fd \u010das \u010d\u00edtania":"1 min\u00fata"},"schema":{"@context":"https:\/\/schema.org","@graph":[{"@type":"WebPage","@id":"https:\/\/www.onetimenexttime.sk\/arduino\/index.php\/produkt\/itead-sonoff-touch-wifi-switch-luxury-crystal-glass-plate-touch-wireless-timing-app-switch-remote-control-via-app-control\/","url":"https:\/\/www.onetimenexttime.sk\/arduino\/index.php\/produkt\/itead-sonoff-touch-wifi-switch-luxury-crystal-glass-plate-touch-wireless-timing-app-switch-remote-control-via-app-control\/","name":"Itead Sonoff Touch WIFI Switch Luxury Crystal Glass Plate Touch Wireless Timing APP Switch Remote Control Via APP control - Arduino e-shop","isPartOf":{"@id":"https:\/\/www.onetimenexttime.sk\/arduino\/#website"},"primaryImageOfPage":{"@id":"https:\/\/www.onetimenexttime.sk\/arduino\/index.php\/produkt\/itead-sonoff-touch-wifi-switch-luxury-crystal-glass-plate-touch-wireless-timing-app-switch-remote-control-via-app-control\/#primaryimage"},"image":{"@id":"https:\/\/www.onetimenexttime.sk\/arduino\/index.php\/produkt\/itead-sonoff-touch-wifi-switch-luxury-crystal-glass-plate-touch-wireless-timing-app-switch-remote-control-via-app-control\/#primaryimage"},"thumbnailUrl":"https:\/\/www.onetimenexttime.sk\/arduino\/wp-content\/uploads\/2021\/10\/114.jpg","datePublished":"2021-10-30T18:17:48+00:00","dateModified":"2021-10-30T18:23:50+00:00","breadcrumb":{"@id":"https:\/\/www.onetimenexttime.sk\/arduino\/index.php\/produkt\/itead-sonoff-touch-wifi-switch-luxury-crystal-glass-plate-touch-wireless-timing-app-switch-remote-control-via-app-control\/#breadcrumb"},"inLanguage":"sk-SK","potentialAction":[{"@type":"ReadAction","target":["https:\/\/www.onetimenexttime.sk\/arduino\/index.php\/produkt\/itead-sonoff-touch-wifi-switch-luxury-crystal-glass-plate-touch-wireless-timing-app-switch-remote-control-via-app-control\/"]}]},{"@type":"ImageObject","inLanguage":"sk-SK","@id":"https:\/\/www.onetimenexttime.sk\/arduino\/index.php\/produkt\/itead-sonoff-touch-wifi-switch-luxury-crystal-glass-plate-touch-wireless-timing-app-switch-remote-control-via-app-control\/#primaryimage","url":"https:\/\/www.onetimenexttime.sk\/arduino\/wp-content\/uploads\/2021\/10\/114.jpg","contentUrl":"https:\/\/www.onetimenexttime.sk\/arduino\/wp-content\/uploads\/2021\/10\/114.jpg","width":506,"height":507},{"@type":"BreadcrumbList","@id":"https:\/\/www.onetimenexttime.sk\/arduino\/index.php\/produkt\/itead-sonoff-touch-wifi-switch-luxury-crystal-glass-plate-touch-wireless-timing-app-switch-remote-control-via-app-control\/#breadcrumb","itemListElement":[{"@type":"ListItem","position":1,"name":"Domov","item":"https:\/\/www.onetimenexttime.sk\/arduino\/"},{"@type":"ListItem","position":2,"name":"Obchod","item":"https:\/\/www.onetimenexttime.sk\/arduino\/"},{"@type":"ListItem","position":3,"name":"Itead Sonoff Touch WIFI Switch Luxury Crystal Glass Plate Touch Wireless Timing APP Switch Remote Control Via APP control"}]},{"@type":"WebSite","@id":"https:\/\/www.onetimenexttime.sk\/arduino\/#website","url":"https:\/\/www.onetimenexttime.sk\/arduino\/","name":"Arduino e-shop","description":"Home Assistant","potentialAction":[{"@type":"SearchAction","target":{"@type":"EntryPoint","urlTemplate":"https:\/\/www.onetimenexttime.sk\/arduino\/?s={search_term_string}"},"query-input":{"@type":"PropertyValueSpecification","valueRequired":true,"valueName":"search_term_string"}}],"inLanguage":"sk-SK"}]}},"_links":{"self":[{"href":"https:\/\/www.onetimenexttime.sk\/arduino\/index.php\/wp-json\/wp\/v2\/product\/762"}],"collection":[{"href":"https:\/\/www.onetimenexttime.sk\/arduino\/index.php\/wp-json\/wp\/v2\/product"}],"about":[{"href":"https:\/\/www.onetimenexttime.sk\/arduino\/index.php\/wp-json\/wp\/v2\/types\/product"}],"wp:featuredmedia":[{"embeddable":true,"href":"https:\/\/www.onetimenexttime.sk\/arduino\/index.php\/wp-json\/wp\/v2\/media\/764"}],"wp:attachment":[{"href":"https:\/\/www.onetimenexttime.sk\/arduino\/index.php\/wp-json\/wp\/v2\/media?parent=762"}],"wp:term":[{"taxonomy":"product_cat","embeddable":true,"href":"https:\/\/www.onetimenexttime.sk\/arduino\/index.php\/wp-json\/wp\/v2\/product_cat?post=762"},{"taxonomy":"product_tag","embeddable":true,"href":"https:\/\/www.onetimenexttime.sk\/arduino\/index.php\/wp-json\/wp\/v2\/product_tag?post=762"}],"curies":[{"name":"wp","href":"https:\/\/api.w.org\/{rel}","templated":true}]}}