{"id":7519,"date":"2023-03-01T11:19:08","date_gmt":"2023-03-01T10:19:08","guid":{"rendered":"https:\/\/www.onetimenexttime.sk\/arduino\/?post_type=product&#038;p=7519"},"modified":"2024-02-22T15:53:42","modified_gmt":"2024-02-22T14:53:42","slug":"jdy-40-wireless-serial-port-module","status":"publish","type":"product","link":"https:\/\/www.onetimenexttime.sk\/arduino\/index.php\/produkt\/jdy-40-wireless-serial-port-module\/","title":{"rendered":"JDY-40 wireless serial port module"},"content":{"rendered":"<table>\n<tbody>\n<tr>\n<th style=\"text-align: center;\" colspan=\"2\">Bezdr\u00f4tov\u00fd s\u00e9riov\u00fd modul JDY-40<\/th>\n<\/tr>\n<tr>\n<td style=\"text-align: center;\" colspan=\"2\"><img decoding=\"async\" src=\"jdy40_wireless_serial_module.jpg\" alt=\"JDY-40 Wireless Serial Port Module\" \/><\/td>\n<\/tr>\n<tr>\n<td><strong>Popis:<\/strong><\/td>\n<td>Bezdr\u00f4tov\u00fd s\u00e9riov\u00fd modul JDY-40 je kompaktn\u00fd a vysoko v\u00fdkonn\u00fd modul pre bezdr\u00f4tov\u00fa komunik\u00e1ciu. V\u010faka svojim mal\u00fdm rozmerom a jednoduchej integr\u00e1cii je ide\u00e1lny pre r\u00f4zne aplik\u00e1cie, ktor\u00e9 vy\u017eaduj\u00fa spo\u013eahliv\u00fa bezdr\u00f4tov\u00fa komunik\u00e1ciu. Tento modul pon\u00faka \u0161irok\u00e9 mo\u017enosti pripojenia a konfigur\u00e1cie a je kompatibiln\u00fd s mnoh\u00fdmi platformami, vr\u00e1tane Arduina a in\u00fdch mikrokontrol\u00e9rov.<\/td>\n<\/tr>\n<tr>\n<td><strong>Funkcie:<\/strong><\/td>\n<td>\n<ul>\n<li>Bezdr\u00f4tov\u00e1 s\u00e9riov\u00e1 komunik\u00e1cia<\/li>\n<li>Kompaktn\u00fd a \u013eahko integrovate\u013en\u00fd modul<\/li>\n<li>\u0160irok\u00e9 mo\u017enosti pripojenia a konfigur\u00e1cie<\/li>\n<li>Vysok\u00fd v\u00fdkon a spo\u013eahlivos\u0165<\/li>\n<li>Kompatibiln\u00fd s Arduinom a in\u00fdmi mikrokontrol\u00e9rmi<\/li>\n<\/ul>\n<\/td>\n<\/tr>\n<tr>\n<td><strong>Parametre:<\/strong><\/td>\n<td>\n<table>\n<tbody>\n<tr>\n<td><strong>Pracovn\u00e9 nap\u00e4tie:<\/strong><\/td>\n<td>3.3 &#8211; 5V DC<\/td>\n<\/tr>\n<tr>\n<td><strong>Komunika\u010dn\u00fd rozsah:<\/strong><\/td>\n<td>10 &#8211; 20m (v z\u00e1vislosti od prostredia)<\/td>\n<\/tr>\n<tr>\n<td><strong>Rozhranie:<\/strong><\/td>\n<td>S\u00e9riov\u00e9 rozhranie<\/td>\n<\/tr>\n<tr>\n<td><strong>Kompatibilita:<\/strong><\/td>\n<td>Arduino, mikrokontrol\u00e9ry a \u010fal\u0161ie<\/td>\n<\/tr>\n<tr>\n<td><strong>Rozmery:<\/strong><\/td>\n<td>30mm x 16mm x 6mm<\/td>\n<\/tr>\n<\/tbody>\n<\/table>\n<\/td>\n<\/tr>\n<tr>\n<td><strong>Pr\u00edkladov\u00fd k\u00f3d:<\/strong><\/td>\n<td>\n<pre lang=\"arduino\">\/\/ K\u00f3d pre bezdr\u00f4tov\u00fa komunik\u00e1ciu s modulom JDY-40 pre Arduino\r\n#include \r\nSoftwareSerial mySerial(10, 11); \/\/ Defin\u00edcia objektu SoftwareSerial s pinmi 10 (RX) a 11 (TX)\r\n\r\nvoid setup() {\r\nSerial.begin(9600); \/\/ Inicializ\u00e1cia s\u00e9riovej komunik\u00e1cie na hlavnom s\u00e9riovom porte\r\nmySerial.begin(9600); \/\/ Inicializ\u00e1cia s\u00e9riovej komunik\u00e1cie na definovanom pinu\r\n}\r\n\r\nvoid loop() {\r\nif (mySerial.available()) { \/\/ Ak je k dispoz\u00edcii \u00fadaj zo softv\u00e9rov\u00e9ho s\u00e9riov\u00e9ho portu\r\nSerial.write(mySerial.read()); \/\/ Z\u00e1pis prijat\u00e9ho \u00fadaju na hlavn\u00fd s\u00e9riov\u00fd port\r\n}\r\nif (Serial.available()) { \/\/ Ak je k dispoz\u00edcii \u00fadaj zo hlavn\u00e9ho s\u00e9riov\u00e9ho portu\r\nmySerial.write(Serial.read()); \/\/ Z\u00e1pis prijat\u00e9ho \u00fadaju na softv\u00e9rov\u00fd s\u00e9riov\u00fd port\r\n}\r\n}\r\n<\/pre>\n<\/td>\n<\/tr>\n<\/tbody>\n<\/table>\n<p>https:\/\/www.elektroda.com\/rtvforum\/topic3758492.html<\/p>\n<p>&nbsp;<\/p>\n<p><iframe loading=\"lazy\" title=\"JDY-40 (BK2461) custom firmware - blinking led test\" width=\"1140\" height=\"641\" src=\"https:\/\/www.youtube.com\/embed\/6SxDBHlh6NM?feature=oembed\" frameborder=\"0\" allow=\"accelerometer; autoplay; clipboard-write; encrypted-media; gyroscope; picture-in-picture; web-share\" allowfullscreen><\/iframe><\/p>\n<p>&nbsp;<\/p>\n<p>&nbsp;<\/p>\n<p><strong>JDY-40 2.4G Wireless Serial Port Transmission Board Transceiver Module Super NRF24L01 Lot3<\/strong><\/p>\n<div><strong>Predstavenie v\u00fdrobku:<\/strong><\/div>\n<div>JDY-40 je vyvinut\u00fd technol\u00f3giou 2.4G so vzdialenos\u0165ou 120 metrov.\u00a0Pou\u017e\u00edva s\u00e9riov\u00e9 komunika\u010dn\u00e9 rozhranie, ktor\u00e9 je jednoduch\u00e9 a r\u00fdchle na pou\u017e\u00edvanie.\u00a0M\u00f4\u017eete pou\u017ei\u0165 JDY-40 na produkty, sta\u010d\u00ed pozna\u0165 znalos\u0165 s\u00e9riov\u00e9ho portu.<\/div>\n<div>\n<p><strong>Predvolen\u00e1 konfigur\u00e1cia:<\/strong><\/p>\n<\/div>\n<p><img decoding=\"async\" src=\"https:\/\/ae01.alicdn.com\/kf\/HTB1z5hYacrrK1Rjy1zeq6xalFXav.jpg\" \/><\/p>\n<p><strong>In\u0161truk\u010dn\u00fd s\u00fabor AT:<\/strong><\/p>\n<p><img decoding=\"async\" src=\"https:\/\/ae01.alicdn.com\/kf\/HTB10hNVadfvK1RjSspfq6zzXFXa2.jpg\" \/><\/p>\n<div data-spm-anchor-id=\"a2g0o.detail.1000023.i7.67234d28y6DPs1\"><strong>Pokyny AT:<\/strong><\/div>\n<div data-spm-anchor-id=\"a2g0o.detail.1000023.i8.67234d28y6DPs1\">Najm\u00e4 modul JDY-40 posiela AT in\u0161trukciu na ukon\u010denie symbolu \\r\\n<\/div>\n<div data-spm-anchor-id=\"a2g0o.detail.1000023.i8.67234d28y6DPs1\"><img decoding=\"async\" src=\"https:\/\/ae01.alicdn.com\/kf\/HTB1A0XUacrrK1RjSspaq6AREXXa0.jpg\" \/><\/div>\n<div data-spm-anchor-id=\"a2g0o.detail.1000023.i8.67234d28y6DPs1\"><img decoding=\"async\" src=\"https:\/\/ae01.alicdn.com\/kf\/HTB142lRajzuK1Rjy0Fpq6yEpFXaw.jpg\" \/><\/div>\n<div data-spm-anchor-id=\"a2g0o.detail.1000023.i8.67234d28y6DPs1\"><\/div>\n<div data-spm-anchor-id=\"a2g0o.detail.1000023.i8.67234d28y6DPs1\"><img decoding=\"async\" src=\"https:\/\/ae01.alicdn.com\/kf\/HTB1c6FTaiHrK1Rjy0Flq6AsaFXal.jpg\" \/><\/div>\n<div data-spm-anchor-id=\"a2g0o.detail.1000023.i8.67234d28y6DPs1\"><img decoding=\"async\" src=\"https:\/\/ae01.alicdn.com\/kf\/HTB19I4MairxK1RkHFCcq6AQCVXaR.jpg\" \/><\/div>\n<div data-spm-anchor-id=\"a2g0o.detail.1000023.i8.67234d28y6DPs1\">\n<div><strong>Sch\u00e9ma zapojenia aplik\u00e1cie JDY-40:<\/strong><\/div>\n<div><\/div>\n<div>Sch\u00e9ma obvodu aplik\u00e1cie transparentn\u00e9ho prenosu s\u00e9riov\u00e9ho portu<\/div>\n<div data-spm-anchor-id=\"a2g0o.detail.1000023.i20.67234d28y6DPs1\">M\u00f4\u017ee by\u0165 aplikovan\u00fd na MCU a MCU bezdr\u00f4tov\u00fd s\u00e9riov\u00fd port transparentn\u00fd prenos, pr\u00edstroje a elektronick\u00e9 hra\u010dky.<\/div>\n<\/div>\n<div data-spm-anchor-id=\"a2g0o.detail.1000023.i8.67234d28y6DPs1\"><img decoding=\"async\" src=\"https:\/\/ae01.alicdn.com\/kf\/HTB1k0lSaiDxK1RjSsphq6zHrpXaI.jpg\" \/><\/div>\n<div data-spm-anchor-id=\"a2g0o.detail.1000023.i8.67234d28y6DPs1\">\n<div>Jednostrann\u00e9 ovl\u00e1danie mobiln\u00e9ho telef\u00f3nu<\/div>\n<div data-spm-anchor-id=\"a2g0o.detail.1000023.i19.67234d28y6DPs1\">D\u00e1 sa aplikova\u0165 na mobiln\u00e9 ovl\u00e1danie one-to-many, mobiln\u00fd telef\u00f3n one-to-many transparentn\u00fd prenos, mobiln\u00fd telef\u00f3n one-to-many aplik\u00e1ciu inteligentn\u00e9ho ovl\u00e1dania n\u00e1bytku.<\/div>\n<\/div>\n<div data-spm-anchor-id=\"a2g0o.detail.1000023.i8.67234d28y6DPs1\"><\/div>\n<div data-spm-anchor-id=\"a2g0o.detail.1000023.i8.67234d28y6DPs1\"><img decoding=\"async\" src=\"https:\/\/ae01.alicdn.com\/kf\/HTB1nHJWajzuK1RjSsppq6xz0XXaA.jpg\" \/><\/div>\n<div data-spm-anchor-id=\"a2g0o.detail.1000023.i8.67234d28y6DPs1\">\n<div>Ovl\u00e1danie prep\u00ednania 1<\/div>\n<div data-spm-anchor-id=\"a2g0o.detail.1000023.i18.67234d28y6DPs1\">D\u00e1 sa pou\u017ei\u0165 na: 2,4G dia\u013ekov\u00fd ovl\u00e1da\u010d s 8 IO je mo\u017en\u00e9 pou\u017ei\u0165 na k\u013e\u00fa\u010d s dia\u013ekov\u00fdm ovl\u00e1dan\u00edm a podporova\u0165 funkciu n\u00edzkeho nap\u00e4tia, dve siedme bat\u00e9rie je mo\u017en\u00e9 pou\u017e\u00edva\u0165 najmenej jeden rok, pou\u017eitie sp\u00ednacieho panela s n\u00edzkou spotrebou energie v inteligentnom dome a 2,4G hra\u010dk\u00e1rsku aplik\u00e1ciu.<\/div>\n<\/div>\n<div data-spm-anchor-id=\"a2g0o.detail.1000023.i8.67234d28y6DPs1\"><img decoding=\"async\" src=\"https:\/\/ae01.alicdn.com\/kf\/HTB1E2RWaozrK1RjSspmq6AOdFXao.jpg\" \/><\/div>\n<div data-spm-anchor-id=\"a2g0o.detail.1000023.i8.67234d28y6DPs1\">\n<div>Ovl\u00e1danie prep\u00ednania 2<\/div>\n<div data-spm-anchor-id=\"a2g0o.detail.1000023.i21.67234d28y6DPs1\">D\u00e1 sa pou\u017ei\u0165 na: 2,4G dia\u013ekov\u00fd ovl\u00e1da\u010d so 7 IO je mo\u017en\u00e9 pou\u017ei\u0165 na k\u013e\u00fa\u010d dia\u013ekov\u00e9ho ovl\u00e1dania a podporova\u0165 funkciu n\u00edzkeho nap\u00e4tia, dve siedme bat\u00e9rie je mo\u017en\u00e9 pou\u017e\u00edva\u0165 najmenej jeden rok, pou\u017eitie sp\u00ednacieho panela s n\u00edzkou spotrebou energie v inteligentnom dome a 2,4G hra\u010dk\u00e1rsku aplik\u00e1ciu.<\/div>\n<\/div>\n<div data-spm-anchor-id=\"a2g0o.detail.1000023.i21.67234d28y6DPs1\"><\/div>\n<div data-spm-anchor-id=\"a2g0o.detail.1000023.i21.67234d28y6DPs1\"><img decoding=\"async\" src=\"https:\/\/ae01.alicdn.com\/kf\/HTB1iwBTanHuK1RkSndVq6xVwpXam.jpg\" \/><\/div>\n<div data-spm-anchor-id=\"a2g0o.detail.1000023.i21.67234d28y6DPs1\"><\/div>\n<div data-spm-anchor-id=\"a2g0o.detail.1000023.i21.67234d28y6DPs1\">\n<div>Ovl\u00e1danie prep\u00ednania 3<\/div>\n<div data-spm-anchor-id=\"a2g0o.detail.1000023.i22.67234d28y6DPs1\">D\u00e1 sa pou\u017ei\u0165 na: 2,4G dia\u013ekov\u00fd ovl\u00e1da\u010d s 8 IO je mo\u017en\u00e9 pou\u017ei\u0165 na k\u013e\u00fa\u010d s dia\u013ekov\u00fdm ovl\u00e1dan\u00edm a podporova\u0165 funkciu n\u00edzkeho nap\u00e4tia, dve siedme bat\u00e9rie je mo\u017en\u00e9 pou\u017e\u00edva\u0165 najmenej jeden rok, pou\u017eitie sp\u00ednacieho panela s n\u00edzkou spotrebou energie v inteligentnom dome a 2,4G hra\u010dk\u00e1rsku aplik\u00e1ciu.<\/div>\n<\/div>\n<div data-spm-anchor-id=\"a2g0o.detail.1000023.i21.67234d28y6DPs1\"><img decoding=\"async\" src=\"https:\/\/ae01.alicdn.com\/kf\/HTB1hpBVaijrK1RjSsplq6xHmVXaC.jpg\" \/><\/div>\n<div data-spm-anchor-id=\"a2g0o.detail.1000023.i21.67234d28y6DPs1\"><\/div>\n<div data-spm-anchor-id=\"a2g0o.detail.1000023.i21.67234d28y6DPs1\"><\/div>\n<div data-spm-anchor-id=\"a2g0o.detail.1000023.i21.67234d28y6DPs1\"><\/div>\n<div data-spm-anchor-id=\"a2g0o.detail.1000023.i21.67234d28y6DPs1\"><\/div>\n<div data-spm-anchor-id=\"a2g0o.detail.1000023.i21.67234d28y6DPs1\"><\/div>\n<div data-spm-anchor-id=\"a2g0o.detail.1000023.i21.67234d28y6DPs1\"><\/div>\n<div data-spm-anchor-id=\"a2g0o.detail.1000023.i21.67234d28y6DPs1\"><\/div>\n<div data-spm-anchor-id=\"a2g0o.detail.1000023.i21.67234d28y6DPs1\"><\/div>\n<div data-spm-anchor-id=\"a2g0o.detail.1000023.i8.67234d28y6DPs1\"><\/div>\n<div data-spm-anchor-id=\"a2g0o.detail.1000023.i8.67234d28y6DPs1\"><\/div>\n<div data-spm-anchor-id=\"a2g0o.detail.1000023.i8.67234d28y6DPs1\"><\/div>\n<div data-spm-anchor-id=\"a2g0o.detail.1000023.i8.67234d28y6DPs1\"><\/div>\n<div data-spm-anchor-id=\"a2g0o.detail.1000023.i8.67234d28y6DPs1\"><\/div>\n<div data-spm-anchor-id=\"a2g0o.detail.1000023.i8.67234d28y6DPs1\"><\/div>\n<div data-spm-anchor-id=\"a2g0o.detail.1000023.i8.67234d28y6DPs1\"><\/div>\n<div data-spm-anchor-id=\"a2g0o.detail.1000023.i8.67234d28y6DPs1\"><\/div>\n<p><img decoding=\"async\" src=\"https:\/\/ae01.alicdn.com\/kf\/HTB1lFxUacrrK1RjSspaq6AREXXav.jpg\" \/><img decoding=\"async\" src=\"https:\/\/ae01.alicdn.com\/kf\/HTB1C20SaiLxK1Rjy0Ffq6zYdVXaI.jpg\" \/><\/p>\n<p><img decoding=\"async\" src=\"https:\/\/ae01.alicdn.com\/kf\/S9d5f47d5e2e2447b90f3a33198fcf7441.jpg\" \/><\/p>\n<p>&nbsp;<\/p>\n<p>JDY-40 je vyvinut\u00fd technol\u00f3giou 2.4G, so vzdialenos\u0165ou 120 metrov. Pou\u017e\u00edva s\u00e9riov\u00e9 komunika\u010dn\u00e9 rozhranie, ktor\u00e9 je jednoduch\u00e9 a r\u00fdchle na pou\u017eitie. M\u00f4\u017eete pou\u017ei\u0165 JDY-40 na produkty, sta\u010d\u00ed pozna\u0165 znalos\u0165 s\u00e9riov\u00e9ho portu.<br \/>\nFarba: farba obr\u00e1zka<br \/>\nMateri\u00e1l: PC + kov<br \/>\nObsah balenia:<br \/>\n10 * Doska pre bezdr\u00f4tov\u00fd prenos<br \/>\nIba vy\u0161\u0161ie uveden\u00fd obsah balenia, in\u00e9 produkty nie s\u00fa zahrnut\u00e9.<br \/>\nPozn\u00e1mka: Sn\u00edmanie svetla a r\u00f4zne zobrazenia m\u00f4\u017eu sp\u00f4sobi\u0165, \u017ee farba polo\u017eky na obr\u00e1zku sa bude trochu l\u00ed\u0161i\u0165 od skuto\u010dnej veci.\u00a0Povolen\u00e1 chyba merania je +\/- 1-3 cm.<\/p>\n","protected":false},"excerpt":{"rendered":"<p>Bezdr\u00f4tov\u00fd s\u00e9riov\u00fd modul JDY-40 Popis: Bezdr\u00f4tov\u00fd s\u00e9riov\u00fd modul JDY-40 je kompaktn\u00fd a vysoko v\u00fdkonn\u00fd modul pre bezdr\u00f4tov\u00fa komunik\u00e1ciu. V\u010faka svojim&hellip;<\/p>\n","protected":false},"featured_media":7520,"template":"","meta":{"_monsterinsights_skip_tracking":false,"_monsterinsights_sitenote_active":false,"_monsterinsights_sitenote_note":"","_monsterinsights_sitenote_category":0},"product_cat":[34,29],"product_tag":[],"class_list":{"0":"post-7519","1":"product","2":"type-product","3":"status-publish","4":"has-post-thumbnail","6":"product_cat-rf","7":"product_cat-wireless-transmission","9":"first","10":"instock","11":"shipping-taxable","12":"purchasable","13":"product-type-simple"},"yoast_head":"<!-- This site is optimized with the Yoast SEO plugin v23.6 - https:\/\/yoast.com\/wordpress\/plugins\/seo\/ -->\n<title>JDY-40 wireless serial port module - Arduino e-shop<\/title>\n<meta name=\"robots\" content=\"index, follow, max-snippet:-1, max-image-preview:large, max-video-preview:-1\" \/>\n<link rel=\"canonical\" href=\"https:\/\/www.onetimenexttime.sk\/arduino\/index.php\/produkt\/jdy-40-wireless-serial-port-module\/\" \/>\n<meta property=\"og:locale\" content=\"sk_SK\" \/>\n<meta property=\"og:type\" content=\"article\" \/>\n<meta property=\"og:title\" content=\"JDY-40 wireless serial port module - Arduino e-shop\" \/>\n<meta property=\"og:description\" content=\"Bezdr\u00f4tov\u00fd s\u00e9riov\u00fd modul JDY-40 Popis: Bezdr\u00f4tov\u00fd s\u00e9riov\u00fd modul JDY-40 je kompaktn\u00fd a vysoko v\u00fdkonn\u00fd modul pre bezdr\u00f4tov\u00fa komunik\u00e1ciu. V\u010faka svojim&hellip;\" \/>\n<meta property=\"og:url\" content=\"https:\/\/www.onetimenexttime.sk\/arduino\/index.php\/produkt\/jdy-40-wireless-serial-port-module\/\" \/>\n<meta property=\"og:site_name\" content=\"Arduino e-shop\" \/>\n<meta property=\"article:modified_time\" content=\"2024-02-22T14:53:42+00:00\" \/>\n<meta property=\"og:image\" content=\"https:\/\/www.onetimenexttime.sk\/arduino\/wp-content\/uploads\/2023\/03\/jdy40.jpeg\" \/>\n\t<meta property=\"og:image:width\" content=\"800\" \/>\n\t<meta property=\"og:image:height\" content=\"800\" \/>\n\t<meta property=\"og:image:type\" content=\"image\/jpeg\" \/>\n<meta name=\"twitter:card\" content=\"summary_large_image\" \/>\n<meta name=\"twitter:label1\" content=\"Predpokladan\u00fd \u010das \u010d\u00edtania\" \/>\n\t<meta name=\"twitter:data1\" content=\"5 min\u00fat\" \/>\n<script type=\"application\/ld+json\" class=\"yoast-schema-graph\">{\"@context\":\"https:\/\/schema.org\",\"@graph\":[{\"@type\":\"WebPage\",\"@id\":\"https:\/\/www.onetimenexttime.sk\/arduino\/index.php\/produkt\/jdy-40-wireless-serial-port-module\/\",\"url\":\"https:\/\/www.onetimenexttime.sk\/arduino\/index.php\/produkt\/jdy-40-wireless-serial-port-module\/\",\"name\":\"JDY-40 wireless serial port module - Arduino e-shop\",\"isPartOf\":{\"@id\":\"https:\/\/www.onetimenexttime.sk\/arduino\/#website\"},\"primaryImageOfPage\":{\"@id\":\"https:\/\/www.onetimenexttime.sk\/arduino\/index.php\/produkt\/jdy-40-wireless-serial-port-module\/#primaryimage\"},\"image\":{\"@id\":\"https:\/\/www.onetimenexttime.sk\/arduino\/index.php\/produkt\/jdy-40-wireless-serial-port-module\/#primaryimage\"},\"thumbnailUrl\":\"https:\/\/www.onetimenexttime.sk\/arduino\/wp-content\/uploads\/2023\/03\/jdy40.jpeg\",\"datePublished\":\"2023-03-01T10:19:08+00:00\",\"dateModified\":\"2024-02-22T14:53:42+00:00\",\"breadcrumb\":{\"@id\":\"https:\/\/www.onetimenexttime.sk\/arduino\/index.php\/produkt\/jdy-40-wireless-serial-port-module\/#breadcrumb\"},\"inLanguage\":\"sk-SK\",\"potentialAction\":[{\"@type\":\"ReadAction\",\"target\":[\"https:\/\/www.onetimenexttime.sk\/arduino\/index.php\/produkt\/jdy-40-wireless-serial-port-module\/\"]}]},{\"@type\":\"ImageObject\",\"inLanguage\":\"sk-SK\",\"@id\":\"https:\/\/www.onetimenexttime.sk\/arduino\/index.php\/produkt\/jdy-40-wireless-serial-port-module\/#primaryimage\",\"url\":\"https:\/\/www.onetimenexttime.sk\/arduino\/wp-content\/uploads\/2023\/03\/jdy40.jpeg\",\"contentUrl\":\"https:\/\/www.onetimenexttime.sk\/arduino\/wp-content\/uploads\/2023\/03\/jdy40.jpeg\",\"width\":800,\"height\":800},{\"@type\":\"BreadcrumbList\",\"@id\":\"https:\/\/www.onetimenexttime.sk\/arduino\/index.php\/produkt\/jdy-40-wireless-serial-port-module\/#breadcrumb\",\"itemListElement\":[{\"@type\":\"ListItem\",\"position\":1,\"name\":\"Domov\",\"item\":\"https:\/\/www.onetimenexttime.sk\/arduino\/\"},{\"@type\":\"ListItem\",\"position\":2,\"name\":\"Obchod\",\"item\":\"https:\/\/www.onetimenexttime.sk\/arduino\/\"},{\"@type\":\"ListItem\",\"position\":3,\"name\":\"JDY-40 wireless serial port module\"}]},{\"@type\":\"WebSite\",\"@id\":\"https:\/\/www.onetimenexttime.sk\/arduino\/#website\",\"url\":\"https:\/\/www.onetimenexttime.sk\/arduino\/\",\"name\":\"Arduino e-shop\",\"description\":\"Home Assistant\",\"potentialAction\":[{\"@type\":\"SearchAction\",\"target\":{\"@type\":\"EntryPoint\",\"urlTemplate\":\"https:\/\/www.onetimenexttime.sk\/arduino\/?s={search_term_string}\"},\"query-input\":{\"@type\":\"PropertyValueSpecification\",\"valueRequired\":true,\"valueName\":\"search_term_string\"}}],\"inLanguage\":\"sk-SK\"}]}<\/script>\n<!-- \/ Yoast SEO plugin. -->","yoast_head_json":{"title":"JDY-40 wireless serial port module - Arduino e-shop","robots":{"index":"index","follow":"follow","max-snippet":"max-snippet:-1","max-image-preview":"max-image-preview:large","max-video-preview":"max-video-preview:-1"},"canonical":"https:\/\/www.onetimenexttime.sk\/arduino\/index.php\/produkt\/jdy-40-wireless-serial-port-module\/","og_locale":"sk_SK","og_type":"article","og_title":"JDY-40 wireless serial port module - Arduino e-shop","og_description":"Bezdr\u00f4tov\u00fd s\u00e9riov\u00fd modul JDY-40 Popis: Bezdr\u00f4tov\u00fd s\u00e9riov\u00fd modul JDY-40 je kompaktn\u00fd a vysoko v\u00fdkonn\u00fd modul pre bezdr\u00f4tov\u00fa komunik\u00e1ciu. V\u010faka svojim&hellip;","og_url":"https:\/\/www.onetimenexttime.sk\/arduino\/index.php\/produkt\/jdy-40-wireless-serial-port-module\/","og_site_name":"Arduino e-shop","article_modified_time":"2024-02-22T14:53:42+00:00","og_image":[{"width":800,"height":800,"url":"https:\/\/www.onetimenexttime.sk\/arduino\/wp-content\/uploads\/2023\/03\/jdy40.jpeg","type":"image\/jpeg"}],"twitter_card":"summary_large_image","twitter_misc":{"Predpokladan\u00fd \u010das \u010d\u00edtania":"5 min\u00fat"},"schema":{"@context":"https:\/\/schema.org","@graph":[{"@type":"WebPage","@id":"https:\/\/www.onetimenexttime.sk\/arduino\/index.php\/produkt\/jdy-40-wireless-serial-port-module\/","url":"https:\/\/www.onetimenexttime.sk\/arduino\/index.php\/produkt\/jdy-40-wireless-serial-port-module\/","name":"JDY-40 wireless serial port module - Arduino e-shop","isPartOf":{"@id":"https:\/\/www.onetimenexttime.sk\/arduino\/#website"},"primaryImageOfPage":{"@id":"https:\/\/www.onetimenexttime.sk\/arduino\/index.php\/produkt\/jdy-40-wireless-serial-port-module\/#primaryimage"},"image":{"@id":"https:\/\/www.onetimenexttime.sk\/arduino\/index.php\/produkt\/jdy-40-wireless-serial-port-module\/#primaryimage"},"thumbnailUrl":"https:\/\/www.onetimenexttime.sk\/arduino\/wp-content\/uploads\/2023\/03\/jdy40.jpeg","datePublished":"2023-03-01T10:19:08+00:00","dateModified":"2024-02-22T14:53:42+00:00","breadcrumb":{"@id":"https:\/\/www.onetimenexttime.sk\/arduino\/index.php\/produkt\/jdy-40-wireless-serial-port-module\/#breadcrumb"},"inLanguage":"sk-SK","potentialAction":[{"@type":"ReadAction","target":["https:\/\/www.onetimenexttime.sk\/arduino\/index.php\/produkt\/jdy-40-wireless-serial-port-module\/"]}]},{"@type":"ImageObject","inLanguage":"sk-SK","@id":"https:\/\/www.onetimenexttime.sk\/arduino\/index.php\/produkt\/jdy-40-wireless-serial-port-module\/#primaryimage","url":"https:\/\/www.onetimenexttime.sk\/arduino\/wp-content\/uploads\/2023\/03\/jdy40.jpeg","contentUrl":"https:\/\/www.onetimenexttime.sk\/arduino\/wp-content\/uploads\/2023\/03\/jdy40.jpeg","width":800,"height":800},{"@type":"BreadcrumbList","@id":"https:\/\/www.onetimenexttime.sk\/arduino\/index.php\/produkt\/jdy-40-wireless-serial-port-module\/#breadcrumb","itemListElement":[{"@type":"ListItem","position":1,"name":"Domov","item":"https:\/\/www.onetimenexttime.sk\/arduino\/"},{"@type":"ListItem","position":2,"name":"Obchod","item":"https:\/\/www.onetimenexttime.sk\/arduino\/"},{"@type":"ListItem","position":3,"name":"JDY-40 wireless serial port module"}]},{"@type":"WebSite","@id":"https:\/\/www.onetimenexttime.sk\/arduino\/#website","url":"https:\/\/www.onetimenexttime.sk\/arduino\/","name":"Arduino e-shop","description":"Home Assistant","potentialAction":[{"@type":"SearchAction","target":{"@type":"EntryPoint","urlTemplate":"https:\/\/www.onetimenexttime.sk\/arduino\/?s={search_term_string}"},"query-input":{"@type":"PropertyValueSpecification","valueRequired":true,"valueName":"search_term_string"}}],"inLanguage":"sk-SK"}]}},"_links":{"self":[{"href":"https:\/\/www.onetimenexttime.sk\/arduino\/index.php\/wp-json\/wp\/v2\/product\/7519"}],"collection":[{"href":"https:\/\/www.onetimenexttime.sk\/arduino\/index.php\/wp-json\/wp\/v2\/product"}],"about":[{"href":"https:\/\/www.onetimenexttime.sk\/arduino\/index.php\/wp-json\/wp\/v2\/types\/product"}],"wp:featuredmedia":[{"embeddable":true,"href":"https:\/\/www.onetimenexttime.sk\/arduino\/index.php\/wp-json\/wp\/v2\/media\/7520"}],"wp:attachment":[{"href":"https:\/\/www.onetimenexttime.sk\/arduino\/index.php\/wp-json\/wp\/v2\/media?parent=7519"}],"wp:term":[{"taxonomy":"product_cat","embeddable":true,"href":"https:\/\/www.onetimenexttime.sk\/arduino\/index.php\/wp-json\/wp\/v2\/product_cat?post=7519"},{"taxonomy":"product_tag","embeddable":true,"href":"https:\/\/www.onetimenexttime.sk\/arduino\/index.php\/wp-json\/wp\/v2\/product_tag?post=7519"}],"curies":[{"name":"wp","href":"https:\/\/api.w.org\/{rel}","templated":true}]}}