{"id":750,"date":"2021-10-30T19:41:15","date_gmt":"2021-10-30T17:41:15","guid":{"rendered":"https:\/\/www.onetimenexttime.sk\/arduino\/?post_type=product&#038;p=750"},"modified":"2021-10-30T19:46:06","modified_gmt":"2021-10-30T17:46:06","slug":"electronic-rfid-proximity-entry-door-lock-access-control-system-with-10-key-fobs-home-offices-security-system","status":"publish","type":"product","link":"https:\/\/www.onetimenexttime.sk\/arduino\/index.php\/produkt\/electronic-rfid-proximity-entry-door-lock-access-control-system-with-10-key-fobs-home-offices-security-system\/","title":{"rendered":"Electronic RFID Proximity Entry Door Lock Access Control System with 10 Key Fobs Home Offices Security System"},"content":{"rendered":"<h2>Elektronick\u00fd RFID syst\u00e9m na kontrolu pr\u00edstupu k z\u00e1mku vchodov\u00fdch dver\u00ed s 10 k\u013e\u00fa\u010denkami Bezpe\u010dnostn\u00fd syst\u00e9m dom\u00e1cich kancel\u00e1ri\u00ed<\/h2>\n<p>&nbsp;<\/p>\n<p>Syst\u00e9m kontroly pr\u00edstupu k z\u00e1mku vstupn\u00fdch dver\u00ed RFID + 10 pr\u00edveskov na k\u013e\u00fa\u010de<\/p>\n<p>Elektronick\u00fd RFID syst\u00e9m na kontrolu pr\u00edstupu k z\u00e1mku vchodov\u00fdch dver\u00ed s 10 k\u013e\u00fa\u010denkami Bezpe\u010dnostn\u00fd syst\u00e9m dom\u00e1cich kancel\u00e1ri\u00ed<\/p>\n<p>Vysok\u00e1 kvalita a vysok\u00e1 bezpe\u010dnos\u0165 Bezpe\u010dnos\u0165 RFID Bezprostredn\u00fd z\u00e1mok vchodov\u00fdch dver\u00ed Syst\u00e9m kontroly pr\u00edstupu 500 pou\u017e\u00edvate\u013eov + 10 k\u013e\u00fa\u010dov DOPRAVA ZDARMA<\/p>\n<p>Bezpe\u010dnos\u0165 domova RFID Bezdotykov\u00fd z\u00e1mok vchodov\u00fdch dver\u00ed Syst\u00e9m kontroly pr\u00edstupu s 10 ks RFID k\u013e\u00fa\u010dov Pr\u00edvesok na k\u013e\u00fa\u010de<\/p>\n<p>&nbsp;<\/p>\n<p><strong>Vlastnosti:<\/strong><\/p>\n<p>Rozmery: 110Dx87Dx31W(mm)<\/p>\n<p>Prev\u00e1dzkov\u00e9 nap\u00e4tie: 12VDC<\/p>\n<p>Pr\u00fadov\u00fd odber: &lt;30 mA<\/p>\n<p>Vzdialenos\u0165 na \u010d\u00edtanie kariet: Maxim\u00e1lna vzdialenos\u0165 5 cm<\/p>\n<p>Typ karty: EM karta, 125KHZ<\/p>\n<p>3-prev\u00e1dzkov\u00fd re\u017eim: Prev\u00e1dzka karty, Prev\u00e1dzka digit\u00e1lneho k\u00f3du, Prev\u00e1dzka digit\u00e1lneho k\u00f3du karty<\/p>\n<p>Prevedzkov\u00e1 teplota: -20-60 \u00b0C<\/p>\n<p>Prev\u00e1dzkov\u00e1 vlhkos\u0165: 10%-90%<\/p>\n<p>Hmotnos\u0165: 0,18 kg<\/p>\n<p>\u0160tandardn\u00e9 balenie: 70ks\/krabica<\/p>\n<p><strong>\u0161pecifik\u00e1cia:<\/strong><\/p>\n<p>Jednoduch\u00e9 programovanie, jednoduch\u00e1 obsluha<\/p>\n<p>Prija\u0165 funkciu stabilnej \u010d\u00edta\u010dky kariet blokov<\/p>\n<p>Kl\u00e1vesnica sa uzamkne na 30 sek\u00fand po 10 falo\u0161n\u00fdch zadaniach<\/p>\n<p>Mo\u017eno pripoji\u0165 pomocou tla\u010didla na otvorenie dver\u00ed a zvon\u010deka<\/p>\n<p>Energeticky nez\u00e1visl\u00e1 pam\u00e4\u0165 pri v\u00fdpadku nap\u00e1jania<\/p>\n<p>Tamper Switch mo\u017eno pripoji\u0165 k bezpe\u010dnostn\u00e9mu popla\u0161n\u00e9mu syst\u00e9mu<\/p>\n","protected":false},"excerpt":{"rendered":"<p>Elektronick\u00fd RFID syst\u00e9m na kontrolu pr\u00edstupu k z\u00e1mku vchodov\u00fdch dver\u00ed s 10 k\u013e\u00fa\u010denkami Bezpe\u010dnostn\u00fd syst\u00e9m dom\u00e1cich kancel\u00e1ri\u00ed &nbsp; Syst\u00e9m kontroly&hellip;<\/p>\n","protected":false},"featured_media":751,"template":"","meta":{"_monsterinsights_skip_tracking":false,"_monsterinsights_sitenote_active":false,"_monsterinsights_sitenote_note":"","_monsterinsights_sitenote_category":0},"product_cat":[16,31],"product_tag":[],"class_list":{"0":"post-750","1":"product","2":"type-product","3":"status-publish","4":"has-post-thumbnail","6":"product_cat-ard","7":"product_cat-rfid","9":"first","10":"instock","11":"shipping-taxable","12":"purchasable","13":"product-type-simple"},"yoast_head":"<!-- This site is optimized with the Yoast SEO plugin v23.6 - https:\/\/yoast.com\/wordpress\/plugins\/seo\/ -->\n<title>Electronic RFID Proximity Entry Door Lock Access Control System with 10 Key Fobs Home Offices Security System - Arduino e-shop<\/title>\n<meta name=\"robots\" content=\"index, follow, max-snippet:-1, max-image-preview:large, max-video-preview:-1\" \/>\n<link rel=\"canonical\" href=\"https:\/\/www.onetimenexttime.sk\/arduino\/index.php\/produkt\/electronic-rfid-proximity-entry-door-lock-access-control-system-with-10-key-fobs-home-offices-security-system\/\" \/>\n<meta property=\"og:locale\" content=\"sk_SK\" \/>\n<meta property=\"og:type\" content=\"article\" \/>\n<meta property=\"og:title\" content=\"Electronic RFID Proximity Entry Door Lock Access Control System with 10 Key Fobs Home Offices Security System - Arduino e-shop\" \/>\n<meta property=\"og:description\" content=\"Elektronick\u00fd RFID syst\u00e9m na kontrolu pr\u00edstupu k z\u00e1mku vchodov\u00fdch dver\u00ed s 10 k\u013e\u00fa\u010denkami Bezpe\u010dnostn\u00fd syst\u00e9m dom\u00e1cich kancel\u00e1ri\u00ed &nbsp; Syst\u00e9m kontroly&hellip;\" \/>\n<meta property=\"og:url\" content=\"https:\/\/www.onetimenexttime.sk\/arduino\/index.php\/produkt\/electronic-rfid-proximity-entry-door-lock-access-control-system-with-10-key-fobs-home-offices-security-system\/\" \/>\n<meta property=\"og:site_name\" content=\"Arduino e-shop\" \/>\n<meta property=\"article:modified_time\" content=\"2021-10-30T17:46:06+00:00\" \/>\n<meta property=\"og:image\" content=\"https:\/\/www.onetimenexttime.sk\/arduino\/wp-content\/uploads\/2021\/10\/137.jpg\" \/>\n\t<meta property=\"og:image:width\" content=\"477\" \/>\n\t<meta property=\"og:image:height\" content=\"479\" \/>\n\t<meta property=\"og:image:type\" content=\"image\/jpeg\" \/>\n<meta name=\"twitter:card\" content=\"summary_large_image\" \/>\n<meta name=\"twitter:label1\" content=\"Predpokladan\u00fd \u010das \u010d\u00edtania\" \/>\n\t<meta name=\"twitter:data1\" content=\"1 min\u00fata\" \/>\n<script type=\"application\/ld+json\" class=\"yoast-schema-graph\">{\"@context\":\"https:\/\/schema.org\",\"@graph\":[{\"@type\":\"WebPage\",\"@id\":\"https:\/\/www.onetimenexttime.sk\/arduino\/index.php\/produkt\/electronic-rfid-proximity-entry-door-lock-access-control-system-with-10-key-fobs-home-offices-security-system\/\",\"url\":\"https:\/\/www.onetimenexttime.sk\/arduino\/index.php\/produkt\/electronic-rfid-proximity-entry-door-lock-access-control-system-with-10-key-fobs-home-offices-security-system\/\",\"name\":\"Electronic RFID Proximity Entry Door Lock Access Control System with 10 Key Fobs Home Offices Security System - Arduino e-shop\",\"isPartOf\":{\"@id\":\"https:\/\/www.onetimenexttime.sk\/arduino\/#website\"},\"primaryImageOfPage\":{\"@id\":\"https:\/\/www.onetimenexttime.sk\/arduino\/index.php\/produkt\/electronic-rfid-proximity-entry-door-lock-access-control-system-with-10-key-fobs-home-offices-security-system\/#primaryimage\"},\"image\":{\"@id\":\"https:\/\/www.onetimenexttime.sk\/arduino\/index.php\/produkt\/electronic-rfid-proximity-entry-door-lock-access-control-system-with-10-key-fobs-home-offices-security-system\/#primaryimage\"},\"thumbnailUrl\":\"https:\/\/www.onetimenexttime.sk\/arduino\/wp-content\/uploads\/2021\/10\/137.jpg\",\"datePublished\":\"2021-10-30T17:41:15+00:00\",\"dateModified\":\"2021-10-30T17:46:06+00:00\",\"breadcrumb\":{\"@id\":\"https:\/\/www.onetimenexttime.sk\/arduino\/index.php\/produkt\/electronic-rfid-proximity-entry-door-lock-access-control-system-with-10-key-fobs-home-offices-security-system\/#breadcrumb\"},\"inLanguage\":\"sk-SK\",\"potentialAction\":[{\"@type\":\"ReadAction\",\"target\":[\"https:\/\/www.onetimenexttime.sk\/arduino\/index.php\/produkt\/electronic-rfid-proximity-entry-door-lock-access-control-system-with-10-key-fobs-home-offices-security-system\/\"]}]},{\"@type\":\"ImageObject\",\"inLanguage\":\"sk-SK\",\"@id\":\"https:\/\/www.onetimenexttime.sk\/arduino\/index.php\/produkt\/electronic-rfid-proximity-entry-door-lock-access-control-system-with-10-key-fobs-home-offices-security-system\/#primaryimage\",\"url\":\"https:\/\/www.onetimenexttime.sk\/arduino\/wp-content\/uploads\/2021\/10\/137.jpg\",\"contentUrl\":\"https:\/\/www.onetimenexttime.sk\/arduino\/wp-content\/uploads\/2021\/10\/137.jpg\",\"width\":477,\"height\":479},{\"@type\":\"BreadcrumbList\",\"@id\":\"https:\/\/www.onetimenexttime.sk\/arduino\/index.php\/produkt\/electronic-rfid-proximity-entry-door-lock-access-control-system-with-10-key-fobs-home-offices-security-system\/#breadcrumb\",\"itemListElement\":[{\"@type\":\"ListItem\",\"position\":1,\"name\":\"Domov\",\"item\":\"https:\/\/www.onetimenexttime.sk\/arduino\/\"},{\"@type\":\"ListItem\",\"position\":2,\"name\":\"Obchod\",\"item\":\"https:\/\/www.onetimenexttime.sk\/arduino\/\"},{\"@type\":\"ListItem\",\"position\":3,\"name\":\"Electronic RFID Proximity Entry Door Lock Access Control System with 10 Key Fobs Home Offices Security System\"}]},{\"@type\":\"WebSite\",\"@id\":\"https:\/\/www.onetimenexttime.sk\/arduino\/#website\",\"url\":\"https:\/\/www.onetimenexttime.sk\/arduino\/\",\"name\":\"Arduino e-shop\",\"description\":\"Home Assistant\",\"potentialAction\":[{\"@type\":\"SearchAction\",\"target\":{\"@type\":\"EntryPoint\",\"urlTemplate\":\"https:\/\/www.onetimenexttime.sk\/arduino\/?s={search_term_string}\"},\"query-input\":{\"@type\":\"PropertyValueSpecification\",\"valueRequired\":true,\"valueName\":\"search_term_string\"}}],\"inLanguage\":\"sk-SK\"}]}<\/script>\n<!-- \/ Yoast SEO plugin. -->","yoast_head_json":{"title":"Electronic RFID Proximity Entry Door Lock Access Control System with 10 Key Fobs Home Offices Security System - Arduino e-shop","robots":{"index":"index","follow":"follow","max-snippet":"max-snippet:-1","max-image-preview":"max-image-preview:large","max-video-preview":"max-video-preview:-1"},"canonical":"https:\/\/www.onetimenexttime.sk\/arduino\/index.php\/produkt\/electronic-rfid-proximity-entry-door-lock-access-control-system-with-10-key-fobs-home-offices-security-system\/","og_locale":"sk_SK","og_type":"article","og_title":"Electronic RFID Proximity Entry Door Lock Access Control System with 10 Key Fobs Home Offices Security System - Arduino e-shop","og_description":"Elektronick\u00fd RFID syst\u00e9m na kontrolu pr\u00edstupu k z\u00e1mku vchodov\u00fdch dver\u00ed s 10 k\u013e\u00fa\u010denkami Bezpe\u010dnostn\u00fd syst\u00e9m dom\u00e1cich kancel\u00e1ri\u00ed &nbsp; Syst\u00e9m kontroly&hellip;","og_url":"https:\/\/www.onetimenexttime.sk\/arduino\/index.php\/produkt\/electronic-rfid-proximity-entry-door-lock-access-control-system-with-10-key-fobs-home-offices-security-system\/","og_site_name":"Arduino e-shop","article_modified_time":"2021-10-30T17:46:06+00:00","og_image":[{"width":477,"height":479,"url":"https:\/\/www.onetimenexttime.sk\/arduino\/wp-content\/uploads\/2021\/10\/137.jpg","type":"image\/jpeg"}],"twitter_card":"summary_large_image","twitter_misc":{"Predpokladan\u00fd \u010das \u010d\u00edtania":"1 min\u00fata"},"schema":{"@context":"https:\/\/schema.org","@graph":[{"@type":"WebPage","@id":"https:\/\/www.onetimenexttime.sk\/arduino\/index.php\/produkt\/electronic-rfid-proximity-entry-door-lock-access-control-system-with-10-key-fobs-home-offices-security-system\/","url":"https:\/\/www.onetimenexttime.sk\/arduino\/index.php\/produkt\/electronic-rfid-proximity-entry-door-lock-access-control-system-with-10-key-fobs-home-offices-security-system\/","name":"Electronic RFID Proximity Entry Door Lock Access Control System with 10 Key Fobs Home Offices Security System - Arduino e-shop","isPartOf":{"@id":"https:\/\/www.onetimenexttime.sk\/arduino\/#website"},"primaryImageOfPage":{"@id":"https:\/\/www.onetimenexttime.sk\/arduino\/index.php\/produkt\/electronic-rfid-proximity-entry-door-lock-access-control-system-with-10-key-fobs-home-offices-security-system\/#primaryimage"},"image":{"@id":"https:\/\/www.onetimenexttime.sk\/arduino\/index.php\/produkt\/electronic-rfid-proximity-entry-door-lock-access-control-system-with-10-key-fobs-home-offices-security-system\/#primaryimage"},"thumbnailUrl":"https:\/\/www.onetimenexttime.sk\/arduino\/wp-content\/uploads\/2021\/10\/137.jpg","datePublished":"2021-10-30T17:41:15+00:00","dateModified":"2021-10-30T17:46:06+00:00","breadcrumb":{"@id":"https:\/\/www.onetimenexttime.sk\/arduino\/index.php\/produkt\/electronic-rfid-proximity-entry-door-lock-access-control-system-with-10-key-fobs-home-offices-security-system\/#breadcrumb"},"inLanguage":"sk-SK","potentialAction":[{"@type":"ReadAction","target":["https:\/\/www.onetimenexttime.sk\/arduino\/index.php\/produkt\/electronic-rfid-proximity-entry-door-lock-access-control-system-with-10-key-fobs-home-offices-security-system\/"]}]},{"@type":"ImageObject","inLanguage":"sk-SK","@id":"https:\/\/www.onetimenexttime.sk\/arduino\/index.php\/produkt\/electronic-rfid-proximity-entry-door-lock-access-control-system-with-10-key-fobs-home-offices-security-system\/#primaryimage","url":"https:\/\/www.onetimenexttime.sk\/arduino\/wp-content\/uploads\/2021\/10\/137.jpg","contentUrl":"https:\/\/www.onetimenexttime.sk\/arduino\/wp-content\/uploads\/2021\/10\/137.jpg","width":477,"height":479},{"@type":"BreadcrumbList","@id":"https:\/\/www.onetimenexttime.sk\/arduino\/index.php\/produkt\/electronic-rfid-proximity-entry-door-lock-access-control-system-with-10-key-fobs-home-offices-security-system\/#breadcrumb","itemListElement":[{"@type":"ListItem","position":1,"name":"Domov","item":"https:\/\/www.onetimenexttime.sk\/arduino\/"},{"@type":"ListItem","position":2,"name":"Obchod","item":"https:\/\/www.onetimenexttime.sk\/arduino\/"},{"@type":"ListItem","position":3,"name":"Electronic RFID Proximity Entry Door Lock Access Control System with 10 Key Fobs Home Offices Security System"}]},{"@type":"WebSite","@id":"https:\/\/www.onetimenexttime.sk\/arduino\/#website","url":"https:\/\/www.onetimenexttime.sk\/arduino\/","name":"Arduino e-shop","description":"Home Assistant","potentialAction":[{"@type":"SearchAction","target":{"@type":"EntryPoint","urlTemplate":"https:\/\/www.onetimenexttime.sk\/arduino\/?s={search_term_string}"},"query-input":{"@type":"PropertyValueSpecification","valueRequired":true,"valueName":"search_term_string"}}],"inLanguage":"sk-SK"}]}},"_links":{"self":[{"href":"https:\/\/www.onetimenexttime.sk\/arduino\/index.php\/wp-json\/wp\/v2\/product\/750"}],"collection":[{"href":"https:\/\/www.onetimenexttime.sk\/arduino\/index.php\/wp-json\/wp\/v2\/product"}],"about":[{"href":"https:\/\/www.onetimenexttime.sk\/arduino\/index.php\/wp-json\/wp\/v2\/types\/product"}],"wp:featuredmedia":[{"embeddable":true,"href":"https:\/\/www.onetimenexttime.sk\/arduino\/index.php\/wp-json\/wp\/v2\/media\/751"}],"wp:attachment":[{"href":"https:\/\/www.onetimenexttime.sk\/arduino\/index.php\/wp-json\/wp\/v2\/media?parent=750"}],"wp:term":[{"taxonomy":"product_cat","embeddable":true,"href":"https:\/\/www.onetimenexttime.sk\/arduino\/index.php\/wp-json\/wp\/v2\/product_cat?post=750"},{"taxonomy":"product_tag","embeddable":true,"href":"https:\/\/www.onetimenexttime.sk\/arduino\/index.php\/wp-json\/wp\/v2\/product_tag?post=750"}],"curies":[{"name":"wp","href":"https:\/\/api.w.org\/{rel}","templated":true}]}}