{"id":741,"date":"2021-10-30T19:27:28","date_gmt":"2021-10-30T17:27:28","guid":{"rendered":"https:\/\/www.onetimenexttime.sk\/arduino\/?post_type=product&#038;p=741"},"modified":"2021-10-30T19:45:59","modified_gmt":"2021-10-30T17:45:59","slug":"itead-sonoff-4ch-pro-4-gang-433mhz-mounting-wireless-control-wifi-smart-switch-home-light-alexa-remote-10a-2200w","status":"publish","type":"product","link":"https:\/\/www.onetimenexttime.sk\/arduino\/index.php\/produkt\/itead-sonoff-4ch-pro-4-gang-433mhz-mounting-wireless-control-wifi-smart-switch-home-light-alexa-remote-10a-2200w\/","title":{"rendered":"ITEAD Sonoff 4CH pro 4 Gang 433MHZ Mounting Wireless Control WIFI Smart Switch Home Light Alexa Remote 10A\/2200W"},"content":{"rendered":"<h2>ITEAD Sonoff 4CH pro 4 Gang 433MHZ Mont\u00e1\u017e Bezdr\u00f4tov\u00e9 ovl\u00e1danie WIFI Smart Switch Home Light Alexa Remote 10A\/2200W<\/h2>\n<p>&nbsp;<\/p>\n<p><strong>Preh\u013ead<\/strong><br \/>\nSonoff 4CH Pro je 4 gangov\u00fd WiFi prep\u00edna\u010d. Podporuje prep\u00ednanie medzi 3 pracovn\u00fdmi re\u017eimami: blokovanie\/samoblokovanie\/inching (nastavite\u013en\u00e9 1s-16s). Integruje sa s modulom RF prij\u00edma\u010da 433 MHz, \u010do umo\u017e\u0148uje ovl\u00e1danie prep\u00edna\u010da pomocou RF Remote. Inteligentn\u00fd prep\u00edna\u010d Sonoff 4CH Pro je namontovan\u00fd na li\u0161tu DIN.<\/p>\n<p><strong>N\u00e1vod\u00a0\u00a0<\/strong><\/p>\n<p>Pou\u017e\u00edvatelia m\u00f4\u017eu na dia\u013eku zap\u00edna\u0165\/vyp\u00edna\u0165 pripojen\u00e9 svetl\u00e1\/spotrebi\u010de pomocou aplik\u00e1cie iOS\/Android eWeLink alebo 433MHz RF Remote. M\u00f4\u017eu vytvori\u0165 8 povolen\u00fdch \u010dasova\u010dov s jedn\u00fdm\/opakovan\u00edm\/odpo\u010d\u00edtavan\u00edm, ktor\u00e9 sa automaticky zapn\u00fa\/vypn\u00fa v ur\u010denom \u010dase. \u010casova\u010de sa m\u00f4\u017eu spusti\u0165 samy, aj ke\u010f je sie\u0165 nedostupn\u00e1. Aby mohli zariadenia ovl\u00e1da\u0165 ich rodina, m\u00f4\u017eu s nimi jednoducho zdie\u013ea\u0165 zariadenia a udeli\u0165 ur\u010dit\u00e9 povolenia \u010dasova\u010dom. M\u00f4\u017eu dokonca vytvori\u0165 nejak\u00e9 sc\u00e9ny alebo inteligentn\u00e9 sc\u00e9ny na spustenie sp\u00edna\u010da ON\/OFF.<\/p>\n<p><strong>Vlastnosti<\/strong><br \/>\nZapnutie\/vypnutie 4 dom\u00e1cich spotrebi\u010dov na dia\u013eku<br \/>\nPodporuje prep\u00ednanie medzi re\u017eimami krokovania\/blokovania\/samoblokovania<br \/>\nSynchr\u00f3nne zobrazenie stavu zariadenia<br \/>\nSingle\/Repeat\/Countdown timery<br \/>\nZdie\u013ea\u0165 kontrolu<br \/>\nPodporuje nastavenie stavu zapnutia<br \/>\n433MHz RF dia\u013ekov\u00e9 ovl\u00e1danie<br \/>\nSpolupracuje s Alexou<br \/>\nSpolupracuje s Nest<br \/>\ntechnick\u00e9 \u00fadaje<br \/>\nRozsah nap\u00e4tia: 90-250V AC (50\/60Hz) \/ 5-24V DC<br \/>\nMaxim\u00e1lny pr\u00fad: 10A\/skupina<br \/>\nMaxim\u00e1lny v\u00fdkon: 2200W\/skupina<br \/>\nBezdr\u00f4tov\u00e1 frekvencia: WiFi 2,4 GHz<br \/>\nPrev\u00e1dzkov\u00e1 teplota (odpor\u00fa\u010dan\u00e1): 0\u00baC-40\u00baC (32\u00b0F-104\u00b0F)<br \/>\nPrev\u00e1dzkov\u00e1 vlhkos\u0165: 5%-90%RH, bez kondenz\u00e1cie<br \/>\n<b>\u00a0<\/b><br \/>\n<strong>Sonoff 4CH Pro*1<\/strong><\/p>\n","protected":false},"excerpt":{"rendered":"<p>ITEAD Sonoff 4CH pro 4 Gang 433MHZ Mont\u00e1\u017e Bezdr\u00f4tov\u00e9 ovl\u00e1danie WIFI Smart Switch Home Light Alexa Remote 10A\/2200W &nbsp; Preh\u013ead&hellip;<\/p>\n","protected":false},"featured_media":749,"template":"","meta":{"_monsterinsights_skip_tracking":false,"_monsterinsights_sitenote_active":false,"_monsterinsights_sitenote_note":"","_monsterinsights_sitenote_category":0},"product_cat":[21,34,42,44],"product_tag":[],"class_list":{"0":"post-741","1":"product","2":"type-product","3":"status-publish","4":"has-post-thumbnail","6":"product_cat-pw","7":"product_cat-rf","8":"product_cat-smart","9":"product_cat-svetlo","11":"first","12":"instock","13":"shipping-taxable","14":"purchasable","15":"product-type-simple"},"yoast_head":"<!-- This site is optimized with the Yoast SEO plugin v23.6 - https:\/\/yoast.com\/wordpress\/plugins\/seo\/ -->\n<title>ITEAD Sonoff 4CH pro 4 Gang 433MHZ Mounting Wireless Control WIFI Smart Switch Home Light Alexa Remote 10A\/2200W - Arduino e-shop<\/title>\n<meta name=\"robots\" content=\"index, follow, max-snippet:-1, max-image-preview:large, max-video-preview:-1\" \/>\n<link rel=\"canonical\" href=\"https:\/\/www.onetimenexttime.sk\/arduino\/index.php\/produkt\/itead-sonoff-4ch-pro-4-gang-433mhz-mounting-wireless-control-wifi-smart-switch-home-light-alexa-remote-10a-2200w\/\" \/>\n<meta property=\"og:locale\" content=\"sk_SK\" \/>\n<meta property=\"og:type\" content=\"article\" \/>\n<meta property=\"og:title\" content=\"ITEAD Sonoff 4CH pro 4 Gang 433MHZ Mounting Wireless Control WIFI Smart Switch Home Light Alexa Remote 10A\/2200W - Arduino e-shop\" \/>\n<meta property=\"og:description\" content=\"ITEAD Sonoff 4CH pro 4 Gang 433MHZ Mont\u00e1\u017e Bezdr\u00f4tov\u00e9 ovl\u00e1danie WIFI Smart Switch Home Light Alexa Remote 10A\/2200W &nbsp; Preh\u013ead&hellip;\" \/>\n<meta property=\"og:url\" content=\"https:\/\/www.onetimenexttime.sk\/arduino\/index.php\/produkt\/itead-sonoff-4ch-pro-4-gang-433mhz-mounting-wireless-control-wifi-smart-switch-home-light-alexa-remote-10a-2200w\/\" \/>\n<meta property=\"og:site_name\" content=\"Arduino e-shop\" \/>\n<meta property=\"article:modified_time\" content=\"2021-10-30T17:45:59+00:00\" \/>\n<meta property=\"og:image\" content=\"https:\/\/www.onetimenexttime.sk\/arduino\/wp-content\/uploads\/2021\/10\/110-98.jpg\" \/>\n\t<meta property=\"og:image:width\" content=\"576\" \/>\n\t<meta property=\"og:image:height\" content=\"576\" \/>\n\t<meta property=\"og:image:type\" content=\"image\/jpeg\" \/>\n<meta name=\"twitter:card\" content=\"summary_large_image\" \/>\n<meta name=\"twitter:label1\" content=\"Predpokladan\u00fd \u010das \u010d\u00edtania\" \/>\n\t<meta name=\"twitter:data1\" content=\"1 min\u00fata\" \/>\n<script type=\"application\/ld+json\" class=\"yoast-schema-graph\">{\"@context\":\"https:\/\/schema.org\",\"@graph\":[{\"@type\":\"WebPage\",\"@id\":\"https:\/\/www.onetimenexttime.sk\/arduino\/index.php\/produkt\/itead-sonoff-4ch-pro-4-gang-433mhz-mounting-wireless-control-wifi-smart-switch-home-light-alexa-remote-10a-2200w\/\",\"url\":\"https:\/\/www.onetimenexttime.sk\/arduino\/index.php\/produkt\/itead-sonoff-4ch-pro-4-gang-433mhz-mounting-wireless-control-wifi-smart-switch-home-light-alexa-remote-10a-2200w\/\",\"name\":\"ITEAD Sonoff 4CH pro 4 Gang 433MHZ Mounting Wireless Control WIFI Smart Switch Home Light Alexa Remote 10A\/2200W - Arduino e-shop\",\"isPartOf\":{\"@id\":\"https:\/\/www.onetimenexttime.sk\/arduino\/#website\"},\"primaryImageOfPage\":{\"@id\":\"https:\/\/www.onetimenexttime.sk\/arduino\/index.php\/produkt\/itead-sonoff-4ch-pro-4-gang-433mhz-mounting-wireless-control-wifi-smart-switch-home-light-alexa-remote-10a-2200w\/#primaryimage\"},\"image\":{\"@id\":\"https:\/\/www.onetimenexttime.sk\/arduino\/index.php\/produkt\/itead-sonoff-4ch-pro-4-gang-433mhz-mounting-wireless-control-wifi-smart-switch-home-light-alexa-remote-10a-2200w\/#primaryimage\"},\"thumbnailUrl\":\"https:\/\/www.onetimenexttime.sk\/arduino\/wp-content\/uploads\/2021\/10\/110-98.jpg\",\"datePublished\":\"2021-10-30T17:27:28+00:00\",\"dateModified\":\"2021-10-30T17:45:59+00:00\",\"breadcrumb\":{\"@id\":\"https:\/\/www.onetimenexttime.sk\/arduino\/index.php\/produkt\/itead-sonoff-4ch-pro-4-gang-433mhz-mounting-wireless-control-wifi-smart-switch-home-light-alexa-remote-10a-2200w\/#breadcrumb\"},\"inLanguage\":\"sk-SK\",\"potentialAction\":[{\"@type\":\"ReadAction\",\"target\":[\"https:\/\/www.onetimenexttime.sk\/arduino\/index.php\/produkt\/itead-sonoff-4ch-pro-4-gang-433mhz-mounting-wireless-control-wifi-smart-switch-home-light-alexa-remote-10a-2200w\/\"]}]},{\"@type\":\"ImageObject\",\"inLanguage\":\"sk-SK\",\"@id\":\"https:\/\/www.onetimenexttime.sk\/arduino\/index.php\/produkt\/itead-sonoff-4ch-pro-4-gang-433mhz-mounting-wireless-control-wifi-smart-switch-home-light-alexa-remote-10a-2200w\/#primaryimage\",\"url\":\"https:\/\/www.onetimenexttime.sk\/arduino\/wp-content\/uploads\/2021\/10\/110-98.jpg\",\"contentUrl\":\"https:\/\/www.onetimenexttime.sk\/arduino\/wp-content\/uploads\/2021\/10\/110-98.jpg\",\"width\":576,\"height\":576},{\"@type\":\"BreadcrumbList\",\"@id\":\"https:\/\/www.onetimenexttime.sk\/arduino\/index.php\/produkt\/itead-sonoff-4ch-pro-4-gang-433mhz-mounting-wireless-control-wifi-smart-switch-home-light-alexa-remote-10a-2200w\/#breadcrumb\",\"itemListElement\":[{\"@type\":\"ListItem\",\"position\":1,\"name\":\"Domov\",\"item\":\"https:\/\/www.onetimenexttime.sk\/arduino\/\"},{\"@type\":\"ListItem\",\"position\":2,\"name\":\"Obchod\",\"item\":\"https:\/\/www.onetimenexttime.sk\/arduino\/\"},{\"@type\":\"ListItem\",\"position\":3,\"name\":\"ITEAD Sonoff 4CH pro 4 Gang 433MHZ Mounting Wireless Control WIFI Smart Switch Home Light Alexa Remote 10A\/2200W\"}]},{\"@type\":\"WebSite\",\"@id\":\"https:\/\/www.onetimenexttime.sk\/arduino\/#website\",\"url\":\"https:\/\/www.onetimenexttime.sk\/arduino\/\",\"name\":\"Arduino e-shop\",\"description\":\"Home Assistant\",\"potentialAction\":[{\"@type\":\"SearchAction\",\"target\":{\"@type\":\"EntryPoint\",\"urlTemplate\":\"https:\/\/www.onetimenexttime.sk\/arduino\/?s={search_term_string}\"},\"query-input\":{\"@type\":\"PropertyValueSpecification\",\"valueRequired\":true,\"valueName\":\"search_term_string\"}}],\"inLanguage\":\"sk-SK\"}]}<\/script>\n<!-- \/ Yoast SEO plugin. -->","yoast_head_json":{"title":"ITEAD Sonoff 4CH pro 4 Gang 433MHZ Mounting Wireless Control WIFI Smart Switch Home Light Alexa Remote 10A\/2200W - Arduino e-shop","robots":{"index":"index","follow":"follow","max-snippet":"max-snippet:-1","max-image-preview":"max-image-preview:large","max-video-preview":"max-video-preview:-1"},"canonical":"https:\/\/www.onetimenexttime.sk\/arduino\/index.php\/produkt\/itead-sonoff-4ch-pro-4-gang-433mhz-mounting-wireless-control-wifi-smart-switch-home-light-alexa-remote-10a-2200w\/","og_locale":"sk_SK","og_type":"article","og_title":"ITEAD Sonoff 4CH pro 4 Gang 433MHZ Mounting Wireless Control WIFI Smart Switch Home Light Alexa Remote 10A\/2200W - Arduino e-shop","og_description":"ITEAD Sonoff 4CH pro 4 Gang 433MHZ Mont\u00e1\u017e Bezdr\u00f4tov\u00e9 ovl\u00e1danie WIFI Smart Switch Home Light Alexa Remote 10A\/2200W &nbsp; Preh\u013ead&hellip;","og_url":"https:\/\/www.onetimenexttime.sk\/arduino\/index.php\/produkt\/itead-sonoff-4ch-pro-4-gang-433mhz-mounting-wireless-control-wifi-smart-switch-home-light-alexa-remote-10a-2200w\/","og_site_name":"Arduino e-shop","article_modified_time":"2021-10-30T17:45:59+00:00","og_image":[{"width":576,"height":576,"url":"https:\/\/www.onetimenexttime.sk\/arduino\/wp-content\/uploads\/2021\/10\/110-98.jpg","type":"image\/jpeg"}],"twitter_card":"summary_large_image","twitter_misc":{"Predpokladan\u00fd \u010das \u010d\u00edtania":"1 min\u00fata"},"schema":{"@context":"https:\/\/schema.org","@graph":[{"@type":"WebPage","@id":"https:\/\/www.onetimenexttime.sk\/arduino\/index.php\/produkt\/itead-sonoff-4ch-pro-4-gang-433mhz-mounting-wireless-control-wifi-smart-switch-home-light-alexa-remote-10a-2200w\/","url":"https:\/\/www.onetimenexttime.sk\/arduino\/index.php\/produkt\/itead-sonoff-4ch-pro-4-gang-433mhz-mounting-wireless-control-wifi-smart-switch-home-light-alexa-remote-10a-2200w\/","name":"ITEAD Sonoff 4CH pro 4 Gang 433MHZ Mounting Wireless Control WIFI Smart Switch Home Light Alexa Remote 10A\/2200W - Arduino e-shop","isPartOf":{"@id":"https:\/\/www.onetimenexttime.sk\/arduino\/#website"},"primaryImageOfPage":{"@id":"https:\/\/www.onetimenexttime.sk\/arduino\/index.php\/produkt\/itead-sonoff-4ch-pro-4-gang-433mhz-mounting-wireless-control-wifi-smart-switch-home-light-alexa-remote-10a-2200w\/#primaryimage"},"image":{"@id":"https:\/\/www.onetimenexttime.sk\/arduino\/index.php\/produkt\/itead-sonoff-4ch-pro-4-gang-433mhz-mounting-wireless-control-wifi-smart-switch-home-light-alexa-remote-10a-2200w\/#primaryimage"},"thumbnailUrl":"https:\/\/www.onetimenexttime.sk\/arduino\/wp-content\/uploads\/2021\/10\/110-98.jpg","datePublished":"2021-10-30T17:27:28+00:00","dateModified":"2021-10-30T17:45:59+00:00","breadcrumb":{"@id":"https:\/\/www.onetimenexttime.sk\/arduino\/index.php\/produkt\/itead-sonoff-4ch-pro-4-gang-433mhz-mounting-wireless-control-wifi-smart-switch-home-light-alexa-remote-10a-2200w\/#breadcrumb"},"inLanguage":"sk-SK","potentialAction":[{"@type":"ReadAction","target":["https:\/\/www.onetimenexttime.sk\/arduino\/index.php\/produkt\/itead-sonoff-4ch-pro-4-gang-433mhz-mounting-wireless-control-wifi-smart-switch-home-light-alexa-remote-10a-2200w\/"]}]},{"@type":"ImageObject","inLanguage":"sk-SK","@id":"https:\/\/www.onetimenexttime.sk\/arduino\/index.php\/produkt\/itead-sonoff-4ch-pro-4-gang-433mhz-mounting-wireless-control-wifi-smart-switch-home-light-alexa-remote-10a-2200w\/#primaryimage","url":"https:\/\/www.onetimenexttime.sk\/arduino\/wp-content\/uploads\/2021\/10\/110-98.jpg","contentUrl":"https:\/\/www.onetimenexttime.sk\/arduino\/wp-content\/uploads\/2021\/10\/110-98.jpg","width":576,"height":576},{"@type":"BreadcrumbList","@id":"https:\/\/www.onetimenexttime.sk\/arduino\/index.php\/produkt\/itead-sonoff-4ch-pro-4-gang-433mhz-mounting-wireless-control-wifi-smart-switch-home-light-alexa-remote-10a-2200w\/#breadcrumb","itemListElement":[{"@type":"ListItem","position":1,"name":"Domov","item":"https:\/\/www.onetimenexttime.sk\/arduino\/"},{"@type":"ListItem","position":2,"name":"Obchod","item":"https:\/\/www.onetimenexttime.sk\/arduino\/"},{"@type":"ListItem","position":3,"name":"ITEAD Sonoff 4CH pro 4 Gang 433MHZ Mounting Wireless Control WIFI Smart Switch Home Light Alexa Remote 10A\/2200W"}]},{"@type":"WebSite","@id":"https:\/\/www.onetimenexttime.sk\/arduino\/#website","url":"https:\/\/www.onetimenexttime.sk\/arduino\/","name":"Arduino e-shop","description":"Home Assistant","potentialAction":[{"@type":"SearchAction","target":{"@type":"EntryPoint","urlTemplate":"https:\/\/www.onetimenexttime.sk\/arduino\/?s={search_term_string}"},"query-input":{"@type":"PropertyValueSpecification","valueRequired":true,"valueName":"search_term_string"}}],"inLanguage":"sk-SK"}]}},"_links":{"self":[{"href":"https:\/\/www.onetimenexttime.sk\/arduino\/index.php\/wp-json\/wp\/v2\/product\/741"}],"collection":[{"href":"https:\/\/www.onetimenexttime.sk\/arduino\/index.php\/wp-json\/wp\/v2\/product"}],"about":[{"href":"https:\/\/www.onetimenexttime.sk\/arduino\/index.php\/wp-json\/wp\/v2\/types\/product"}],"wp:featuredmedia":[{"embeddable":true,"href":"https:\/\/www.onetimenexttime.sk\/arduino\/index.php\/wp-json\/wp\/v2\/media\/749"}],"wp:attachment":[{"href":"https:\/\/www.onetimenexttime.sk\/arduino\/index.php\/wp-json\/wp\/v2\/media?parent=741"}],"wp:term":[{"taxonomy":"product_cat","embeddable":true,"href":"https:\/\/www.onetimenexttime.sk\/arduino\/index.php\/wp-json\/wp\/v2\/product_cat?post=741"},{"taxonomy":"product_tag","embeddable":true,"href":"https:\/\/www.onetimenexttime.sk\/arduino\/index.php\/wp-json\/wp\/v2\/product_tag?post=741"}],"curies":[{"name":"wp","href":"https:\/\/api.w.org\/{rel}","templated":true}]}}