{"id":730,"date":"2021-10-30T18:53:42","date_gmt":"2021-10-30T16:53:42","guid":{"rendered":"https:\/\/www.onetimenexttime.sk\/arduino\/?post_type=product&#038;p=730"},"modified":"2021-11-04T18:32:26","modified_gmt":"2021-11-04T17:32:26","slug":"broadlink-rm-mini3-wifiir-broadlink-rm-pro-wifiirrf-universal-intelligent-wireless-ir-remote-controller-via-phone-smart-home-automation","status":"publish","type":"product","link":"https:\/\/www.onetimenexttime.sk\/arduino\/index.php\/produkt\/broadlink-rm-mini3-wifiir-broadlink-rm-pro-wifiirrf-universal-intelligent-wireless-ir-remote-controller-via-phone-smart-home-automation\/","title":{"rendered":"Broadlink RM Mini3 (WIFI+IR) Universal Intelligent Wireless IR Remote Controller Via Phone, Smart Home Automation"},"content":{"rendered":"<h1 class=\"mb-8 js-product-title\" title=\"Broadlink RM Pro Inovovan\u00e1 verzia RM33 RM Mini3 IR+RF+WiFi+4G Switch Home Univerz\u00e1lny inteligentn\u00fd dia\u013ekov\u00fd ovl\u00e1da\u010d\">Broadlink RM Mini3 (WIFI+IR) Univerz\u00e1lny inteligentn\u00fd bezdr\u00f4tov\u00fd IR dia\u013ekov\u00fd ovl\u00e1da\u010d cez telef\u00f3n, inteligentn\u00e1 dom\u00e1ca automatiz\u00e1cia<\/h1>\n<p>O produkte Broadlink Smart Home<\/p>\n<p>1. Na\u0161a filozofia: Dia\u013ekov\u00e9 ovl\u00e1danie v\u0161etk\u00fdch elektronick\u00fdch produktov v\u00e1\u0161ho domova mobiln\u00fdm telef\u00f3nom, pokia\u013e pozn\u00e1me ve\u013ekos\u0165 v\u00e1\u0161ho domu, vieme v\u00e1m da\u0165 dizajn &#8211; elektroniku mobiln\u00e9ho telef\u00f3nu na dia\u013ekov\u00e9 ovl\u00e1danie v\u00e1\u0161ho domova pomocou v\u00e1\u0161ho chytr\u00e9ho telef\u00f3nu.<br \/>\n2. Ak v\u00e1\u0161 telef\u00f3n bude priamo zobrazova\u0165 \u010d\u00edn\u0161tinu v prev\u00e1dzkovom rozhran\u00ed v\u00e1\u0161ho mobilu, kontaktujte n\u00e1s priamo kontaktujte n\u00e1s, vyrie\u0161ime to za v\u00e1s online.<br \/>\n3. D\u00f4le\u017eit\u00e9: IR sign\u00e1l nem\u00f4\u017ee prenikn\u00fa\u0165 cez steny, RF sign\u00e1l m\u00f4\u017ee prenikn\u00fa\u0165 cez steny.<\/p>\n<p>&nbsp;<\/p>\n<p><img loading=\"lazy\" decoding=\"async\" class=\"\" src=\"https:\/\/imgaz.staticbg.com\/thumb\/large\/oaupload\/banggood\/images\/5F\/BD\/452e999b-ddff-4595-aae4-1993c9f7751b.jpg.webp\" width=\"230\" height=\"230\" \/><br \/>\n<strong>2. BroadLink RM MINI3 (WIFI+IR)<\/strong><br \/>\nN\u00e1zov produktu: Black Bean<br \/>\n\u010c\u00edslo modelu: RM Mini3<br \/>\nFunkcia: WIFI+IR<br \/>\nPodporn\u00fd syst\u00e9m: IOS 7.0 \/ Android 4.0+<br \/>\nKompatibiln\u00e9 modely: IPHONE 6, IPHONE 5S, IPHONE 5, IPHONE 4, IPHONE 6 6s plus, IPHONE 7 7s plus, IPHONE 8 a tak \u010falej.<br \/>\nPodpora: IR ovl\u00e1dan\u00e9 zariadenia<br \/>\nPodpora Wifi 2,4 GHz b\/g\/n: \u00c1no<br \/>\nInfra\u010derven\u00e9 \u017eiarenie: 38K<br \/>\nPracovn\u00e1 teplota: 0 ~ 50 stup\u0148ov<br \/>\nPracovn\u00e1 vlhkos\u0165: menej ako 85%<br \/>\nMax. Pr\u00fad: 0,5A<\/p>\n<p>1. Podporujte v\u0161etky IR ovl\u00e1dan\u00e9 zariadenia, ako je TV, klimatiz\u00e1cia, DVD at\u010f<br \/>\n2. Podpora Wifi 2,4 GHz b\/g\/<br \/>\n3. Podpora aplik\u00e1ci\u00ed pre Android 4.0 a IOS 7.0 alebo vy\u0161\u0161\u00ed<br \/>\n4. Ovl\u00e1dajte svoj telev\u00edzor pomocou smartf\u00f3nu cez internet<br \/>\n5. \u010cas spustenia TV\/klimatiz\u00e1cie\/DVD m\u00f4\u017eete vopred nastavi\u0165<br \/>\n6. Podpora automatick\u00fdch re\u017eimov, AUTO HOME a AUTO AWAYA<\/p>\n<p>&nbsp;<\/p>\n<p>1.Q: Pre\u010do si vybra\u0165 dia\u013ekov\u00e9 ovl\u00e1danie BroadLink black WiFi?<\/p>\n<p>Odpove\u010f: Black Bean je prv\u00fd nov\u00fd produkt BroadLink 2017, je aktualizovan\u00fd na dom\u00e1cu verziu RM, \u0161trukt\u00fara je kompaktn\u00e1, LED programy lep\u0161ia jednotnos\u0165, infra\u010derven\u00e9 dia\u013ekov\u00e9 ovl\u00e1danie stabilnej\u0161\u00ed v\u00fdkon. \u010cierne fazule s\u00fa podporou prv\u00e9ho radu E-control 4.0 pre nov\u00e9 produkty, ktor\u00e9 s\u00fa k dispoz\u00edcii prostredn\u00edctvom hlasov\u00e9ho ovl\u00e1dania APP (v s\u00fa\u010dasnosti iba v \u010d\u00edn\u0161tine), ovl\u00e1danie je pohodlnej\u0161ie. Tak\u00e1 vysok\u00e1 cena, \u010dierne fazule sa oplat\u00ed dr\u017ea\u0165.<\/p>\n<p>2.Q: Ak\u00fd je rozdiel medzi Black Bean, RM Pro a RM Home?<\/p>\n<p>Black Bean s\u00fa inteligentn\u00e9 infra\u010derven\u00e9 dia\u013ekov\u00e9 ovl\u00e1danie, ktor\u00e9 prisp\u00f4sobuje a ovl\u00e1da infra\u010derven\u00e9 dia\u013ekov\u00e9 ovl\u00e1danie, ako s\u00fa telev\u00edzory, klimatiz\u00e1cie, audio zariadenia. Jednotnos\u0165 programu indik\u00e1tora lep\u0161ia, infra\u010derven\u00e9 dia\u013ekov\u00e9 ovl\u00e1danie stabilnej\u0161\u00ed v\u00fdkon. Inteligentn\u00fd IR RF dia\u013ekov\u00fd ovl\u00e1da\u010d RM Pro okrem podpory infra\u010derven\u00fdch zariaden\u00ed na dia\u013ekov\u00e9 ovl\u00e1danie podporuje aj objemov\u00e9 elektrick\u00e9 z\u00e1vesy, dvere, r\u00e1diofrekven\u010dn\u00e9 RF zariadenia na dia\u013ekov\u00e9 ovl\u00e1danie, ako s\u00fa svetl\u00e1, tak\u017ee RM Pro stoj\u00ed viac ako \u010dierne fazule.<\/p>\n<p>3.Q: Ka\u017ed\u00fd bal\u00edk obsahuje nap\u00e1jac\u00ed adapt\u00e9r?<\/p>\n<p>Neobsahuje, rezance pre k\u00e1bel rozhrania USB, vyberte telef\u00f3nny v\u00fdstupn\u00fd nap\u00e1jac\u00ed adapt\u00e9r 5V 500mA pou\u017e\u00edvan\u00fd s t\u00fdmto produktom.<\/p>\n<p>4.Q: Inteligentn\u00e9 dia\u013ekov\u00e9 ovl\u00e1danie Black Bean ako pou\u017e\u00edva\u0165 WiFi?<br \/>\n(1). naskenujte baliacu \u0161katu\u013eu\/manu\u00e1l Shang of II rozmer k\u00f3du stiahnutie APP, dokon\u010den\u00e1 in\u0161tal\u00e1cia; (2). v APP kliknite na tla\u010didlo pridan\u00e9 zariadenie, do konfigura\u010dn\u00e9ho rozhrania, zadali ste telef\u00f3n, na ktorom bolo heslo bezdr\u00f4tovej siete, pripojen\u00e9 nap\u00e1janie \u010diernych z\u0155n, LED r\u00fdchlo blikalo do konfigura\u010dn\u00e9ho re\u017eimu, kliknite na tla\u010didlo konfigur\u00e1cie rozhrania &#8220;konfigur\u00e1cia&#8221; m\u00f4\u017ee dokon\u010di\u0165 konfigur\u00e1ciu; (3). Vyberte ovl\u00e1danie elektrick\u00e9ho, cloud download a match control panel, z\u00e1pas \u00faspech m\u00f4\u017ee telef\u00f3n ovl\u00e1da\u0165 spotrebi\u010de. Ak mraky nemaj\u00fa potrebn\u00e9 panely, pod\u013ea tipov APP sa u\u010dte sami bez toho, aby ste sa museli stara\u0165 o elektrick\u00e9 spotrebi\u010de. (Pozn\u00e1mka: podrobn\u00e9 techniky k ofici\u00e1lnemu \u010d\u00edslu mikro\u00faverov\u00fdch slu\u017eieb spolo\u010dnosti: napr\u00edklad aktualiz\u00e1cie BroadLink611)<\/p>\n","protected":false},"excerpt":{"rendered":"<p>Broadlink RM Mini3 (WIFI+IR) Univerz\u00e1lny inteligentn\u00fd bezdr\u00f4tov\u00fd IR dia\u013ekov\u00fd ovl\u00e1da\u010d cez telef\u00f3n, inteligentn\u00e1 dom\u00e1ca automatiz\u00e1cia O produkte Broadlink Smart Home&hellip;<\/p>\n","protected":false},"featured_media":755,"template":"","meta":{"_monsterinsights_skip_tracking":false,"_monsterinsights_sitenote_active":false,"_monsterinsights_sitenote_note":"","_monsterinsights_sitenote_category":0},"product_cat":[43,34,42,40,33],"product_tag":[],"class_list":{"0":"post-730","1":"product","2":"type-product","3":"status-publish","4":"has-post-thumbnail","6":"product_cat-office","7":"product_cat-rf","8":"product_cat-smart","9":"product_cat-wifi-2","10":"product_cat-wifi","12":"first","13":"instock","14":"sale","15":"shipping-taxable","16":"purchasable","17":"product-type-simple"},"yoast_head":"<!-- This site is optimized with the Yoast SEO plugin v23.6 - https:\/\/yoast.com\/wordpress\/plugins\/seo\/ -->\n<title>Broadlink RM Mini3 (WIFI+IR) Universal Intelligent Wireless IR Remote Controller Via Phone, Smart Home Automation - Arduino e-shop<\/title>\n<meta name=\"robots\" content=\"index, follow, max-snippet:-1, max-image-preview:large, max-video-preview:-1\" \/>\n<link rel=\"canonical\" href=\"https:\/\/www.onetimenexttime.sk\/arduino\/index.php\/produkt\/broadlink-rm-mini3-wifiir-broadlink-rm-pro-wifiirrf-universal-intelligent-wireless-ir-remote-controller-via-phone-smart-home-automation\/\" \/>\n<meta property=\"og:locale\" content=\"sk_SK\" \/>\n<meta property=\"og:type\" content=\"article\" \/>\n<meta property=\"og:title\" content=\"Broadlink RM Mini3 (WIFI+IR) Universal Intelligent Wireless IR Remote Controller Via Phone, Smart Home Automation - Arduino e-shop\" \/>\n<meta property=\"og:description\" content=\"Broadlink RM Mini3 (WIFI+IR) Univerz\u00e1lny inteligentn\u00fd bezdr\u00f4tov\u00fd IR dia\u013ekov\u00fd ovl\u00e1da\u010d cez telef\u00f3n, inteligentn\u00e1 dom\u00e1ca automatiz\u00e1cia O produkte Broadlink Smart Home&hellip;\" \/>\n<meta property=\"og:url\" content=\"https:\/\/www.onetimenexttime.sk\/arduino\/index.php\/produkt\/broadlink-rm-mini3-wifiir-broadlink-rm-pro-wifiirrf-universal-intelligent-wireless-ir-remote-controller-via-phone-smart-home-automation\/\" \/>\n<meta property=\"og:site_name\" content=\"Arduino e-shop\" \/>\n<meta property=\"article:modified_time\" content=\"2021-11-04T17:32:26+00:00\" \/>\n<meta property=\"og:image\" content=\"https:\/\/www.onetimenexttime.sk\/arduino\/wp-content\/uploads\/2021\/10\/197-9.jpg\" \/>\n\t<meta property=\"og:image:width\" content=\"568\" \/>\n\t<meta property=\"og:image:height\" content=\"567\" \/>\n\t<meta property=\"og:image:type\" content=\"image\/jpeg\" \/>\n<meta name=\"twitter:card\" content=\"summary_large_image\" \/>\n<meta name=\"twitter:label1\" content=\"Predpokladan\u00fd \u010das \u010d\u00edtania\" \/>\n\t<meta name=\"twitter:data1\" content=\"2 min\u00faty\" \/>\n<script type=\"application\/ld+json\" class=\"yoast-schema-graph\">{\"@context\":\"https:\/\/schema.org\",\"@graph\":[{\"@type\":\"WebPage\",\"@id\":\"https:\/\/www.onetimenexttime.sk\/arduino\/index.php\/produkt\/broadlink-rm-mini3-wifiir-broadlink-rm-pro-wifiirrf-universal-intelligent-wireless-ir-remote-controller-via-phone-smart-home-automation\/\",\"url\":\"https:\/\/www.onetimenexttime.sk\/arduino\/index.php\/produkt\/broadlink-rm-mini3-wifiir-broadlink-rm-pro-wifiirrf-universal-intelligent-wireless-ir-remote-controller-via-phone-smart-home-automation\/\",\"name\":\"Broadlink RM Mini3 (WIFI+IR) Universal Intelligent Wireless IR Remote Controller Via Phone, Smart Home Automation - Arduino e-shop\",\"isPartOf\":{\"@id\":\"https:\/\/www.onetimenexttime.sk\/arduino\/#website\"},\"primaryImageOfPage\":{\"@id\":\"https:\/\/www.onetimenexttime.sk\/arduino\/index.php\/produkt\/broadlink-rm-mini3-wifiir-broadlink-rm-pro-wifiirrf-universal-intelligent-wireless-ir-remote-controller-via-phone-smart-home-automation\/#primaryimage\"},\"image\":{\"@id\":\"https:\/\/www.onetimenexttime.sk\/arduino\/index.php\/produkt\/broadlink-rm-mini3-wifiir-broadlink-rm-pro-wifiirrf-universal-intelligent-wireless-ir-remote-controller-via-phone-smart-home-automation\/#primaryimage\"},\"thumbnailUrl\":\"https:\/\/www.onetimenexttime.sk\/arduino\/wp-content\/uploads\/2021\/10\/197-9.jpg\",\"datePublished\":\"2021-10-30T16:53:42+00:00\",\"dateModified\":\"2021-11-04T17:32:26+00:00\",\"breadcrumb\":{\"@id\":\"https:\/\/www.onetimenexttime.sk\/arduino\/index.php\/produkt\/broadlink-rm-mini3-wifiir-broadlink-rm-pro-wifiirrf-universal-intelligent-wireless-ir-remote-controller-via-phone-smart-home-automation\/#breadcrumb\"},\"inLanguage\":\"sk-SK\",\"potentialAction\":[{\"@type\":\"ReadAction\",\"target\":[\"https:\/\/www.onetimenexttime.sk\/arduino\/index.php\/produkt\/broadlink-rm-mini3-wifiir-broadlink-rm-pro-wifiirrf-universal-intelligent-wireless-ir-remote-controller-via-phone-smart-home-automation\/\"]}]},{\"@type\":\"ImageObject\",\"inLanguage\":\"sk-SK\",\"@id\":\"https:\/\/www.onetimenexttime.sk\/arduino\/index.php\/produkt\/broadlink-rm-mini3-wifiir-broadlink-rm-pro-wifiirrf-universal-intelligent-wireless-ir-remote-controller-via-phone-smart-home-automation\/#primaryimage\",\"url\":\"https:\/\/www.onetimenexttime.sk\/arduino\/wp-content\/uploads\/2021\/10\/197-9.jpg\",\"contentUrl\":\"https:\/\/www.onetimenexttime.sk\/arduino\/wp-content\/uploads\/2021\/10\/197-9.jpg\",\"width\":568,\"height\":567},{\"@type\":\"BreadcrumbList\",\"@id\":\"https:\/\/www.onetimenexttime.sk\/arduino\/index.php\/produkt\/broadlink-rm-mini3-wifiir-broadlink-rm-pro-wifiirrf-universal-intelligent-wireless-ir-remote-controller-via-phone-smart-home-automation\/#breadcrumb\",\"itemListElement\":[{\"@type\":\"ListItem\",\"position\":1,\"name\":\"Domov\",\"item\":\"https:\/\/www.onetimenexttime.sk\/arduino\/\"},{\"@type\":\"ListItem\",\"position\":2,\"name\":\"Obchod\",\"item\":\"https:\/\/www.onetimenexttime.sk\/arduino\/\"},{\"@type\":\"ListItem\",\"position\":3,\"name\":\"Broadlink RM Mini3 (WIFI+IR) Universal Intelligent Wireless IR Remote Controller Via Phone, Smart Home Automation\"}]},{\"@type\":\"WebSite\",\"@id\":\"https:\/\/www.onetimenexttime.sk\/arduino\/#website\",\"url\":\"https:\/\/www.onetimenexttime.sk\/arduino\/\",\"name\":\"Arduino e-shop\",\"description\":\"Home Assistant\",\"potentialAction\":[{\"@type\":\"SearchAction\",\"target\":{\"@type\":\"EntryPoint\",\"urlTemplate\":\"https:\/\/www.onetimenexttime.sk\/arduino\/?s={search_term_string}\"},\"query-input\":{\"@type\":\"PropertyValueSpecification\",\"valueRequired\":true,\"valueName\":\"search_term_string\"}}],\"inLanguage\":\"sk-SK\"}]}<\/script>\n<!-- \/ Yoast SEO plugin. -->","yoast_head_json":{"title":"Broadlink RM Mini3 (WIFI+IR) Universal Intelligent Wireless IR Remote Controller Via Phone, Smart Home Automation - Arduino e-shop","robots":{"index":"index","follow":"follow","max-snippet":"max-snippet:-1","max-image-preview":"max-image-preview:large","max-video-preview":"max-video-preview:-1"},"canonical":"https:\/\/www.onetimenexttime.sk\/arduino\/index.php\/produkt\/broadlink-rm-mini3-wifiir-broadlink-rm-pro-wifiirrf-universal-intelligent-wireless-ir-remote-controller-via-phone-smart-home-automation\/","og_locale":"sk_SK","og_type":"article","og_title":"Broadlink RM Mini3 (WIFI+IR) Universal Intelligent Wireless IR Remote Controller Via Phone, Smart Home Automation - Arduino e-shop","og_description":"Broadlink RM Mini3 (WIFI+IR) Univerz\u00e1lny inteligentn\u00fd bezdr\u00f4tov\u00fd IR dia\u013ekov\u00fd ovl\u00e1da\u010d cez telef\u00f3n, inteligentn\u00e1 dom\u00e1ca automatiz\u00e1cia O produkte Broadlink Smart Home&hellip;","og_url":"https:\/\/www.onetimenexttime.sk\/arduino\/index.php\/produkt\/broadlink-rm-mini3-wifiir-broadlink-rm-pro-wifiirrf-universal-intelligent-wireless-ir-remote-controller-via-phone-smart-home-automation\/","og_site_name":"Arduino e-shop","article_modified_time":"2021-11-04T17:32:26+00:00","og_image":[{"width":568,"height":567,"url":"https:\/\/www.onetimenexttime.sk\/arduino\/wp-content\/uploads\/2021\/10\/197-9.jpg","type":"image\/jpeg"}],"twitter_card":"summary_large_image","twitter_misc":{"Predpokladan\u00fd \u010das \u010d\u00edtania":"2 min\u00faty"},"schema":{"@context":"https:\/\/schema.org","@graph":[{"@type":"WebPage","@id":"https:\/\/www.onetimenexttime.sk\/arduino\/index.php\/produkt\/broadlink-rm-mini3-wifiir-broadlink-rm-pro-wifiirrf-universal-intelligent-wireless-ir-remote-controller-via-phone-smart-home-automation\/","url":"https:\/\/www.onetimenexttime.sk\/arduino\/index.php\/produkt\/broadlink-rm-mini3-wifiir-broadlink-rm-pro-wifiirrf-universal-intelligent-wireless-ir-remote-controller-via-phone-smart-home-automation\/","name":"Broadlink RM Mini3 (WIFI+IR) Universal Intelligent Wireless IR Remote Controller Via Phone, Smart Home Automation - Arduino e-shop","isPartOf":{"@id":"https:\/\/www.onetimenexttime.sk\/arduino\/#website"},"primaryImageOfPage":{"@id":"https:\/\/www.onetimenexttime.sk\/arduino\/index.php\/produkt\/broadlink-rm-mini3-wifiir-broadlink-rm-pro-wifiirrf-universal-intelligent-wireless-ir-remote-controller-via-phone-smart-home-automation\/#primaryimage"},"image":{"@id":"https:\/\/www.onetimenexttime.sk\/arduino\/index.php\/produkt\/broadlink-rm-mini3-wifiir-broadlink-rm-pro-wifiirrf-universal-intelligent-wireless-ir-remote-controller-via-phone-smart-home-automation\/#primaryimage"},"thumbnailUrl":"https:\/\/www.onetimenexttime.sk\/arduino\/wp-content\/uploads\/2021\/10\/197-9.jpg","datePublished":"2021-10-30T16:53:42+00:00","dateModified":"2021-11-04T17:32:26+00:00","breadcrumb":{"@id":"https:\/\/www.onetimenexttime.sk\/arduino\/index.php\/produkt\/broadlink-rm-mini3-wifiir-broadlink-rm-pro-wifiirrf-universal-intelligent-wireless-ir-remote-controller-via-phone-smart-home-automation\/#breadcrumb"},"inLanguage":"sk-SK","potentialAction":[{"@type":"ReadAction","target":["https:\/\/www.onetimenexttime.sk\/arduino\/index.php\/produkt\/broadlink-rm-mini3-wifiir-broadlink-rm-pro-wifiirrf-universal-intelligent-wireless-ir-remote-controller-via-phone-smart-home-automation\/"]}]},{"@type":"ImageObject","inLanguage":"sk-SK","@id":"https:\/\/www.onetimenexttime.sk\/arduino\/index.php\/produkt\/broadlink-rm-mini3-wifiir-broadlink-rm-pro-wifiirrf-universal-intelligent-wireless-ir-remote-controller-via-phone-smart-home-automation\/#primaryimage","url":"https:\/\/www.onetimenexttime.sk\/arduino\/wp-content\/uploads\/2021\/10\/197-9.jpg","contentUrl":"https:\/\/www.onetimenexttime.sk\/arduino\/wp-content\/uploads\/2021\/10\/197-9.jpg","width":568,"height":567},{"@type":"BreadcrumbList","@id":"https:\/\/www.onetimenexttime.sk\/arduino\/index.php\/produkt\/broadlink-rm-mini3-wifiir-broadlink-rm-pro-wifiirrf-universal-intelligent-wireless-ir-remote-controller-via-phone-smart-home-automation\/#breadcrumb","itemListElement":[{"@type":"ListItem","position":1,"name":"Domov","item":"https:\/\/www.onetimenexttime.sk\/arduino\/"},{"@type":"ListItem","position":2,"name":"Obchod","item":"https:\/\/www.onetimenexttime.sk\/arduino\/"},{"@type":"ListItem","position":3,"name":"Broadlink RM Mini3 (WIFI+IR) Universal Intelligent Wireless IR Remote Controller Via Phone, Smart Home Automation"}]},{"@type":"WebSite","@id":"https:\/\/www.onetimenexttime.sk\/arduino\/#website","url":"https:\/\/www.onetimenexttime.sk\/arduino\/","name":"Arduino e-shop","description":"Home Assistant","potentialAction":[{"@type":"SearchAction","target":{"@type":"EntryPoint","urlTemplate":"https:\/\/www.onetimenexttime.sk\/arduino\/?s={search_term_string}"},"query-input":{"@type":"PropertyValueSpecification","valueRequired":true,"valueName":"search_term_string"}}],"inLanguage":"sk-SK"}]}},"_links":{"self":[{"href":"https:\/\/www.onetimenexttime.sk\/arduino\/index.php\/wp-json\/wp\/v2\/product\/730"}],"collection":[{"href":"https:\/\/www.onetimenexttime.sk\/arduino\/index.php\/wp-json\/wp\/v2\/product"}],"about":[{"href":"https:\/\/www.onetimenexttime.sk\/arduino\/index.php\/wp-json\/wp\/v2\/types\/product"}],"wp:featuredmedia":[{"embeddable":true,"href":"https:\/\/www.onetimenexttime.sk\/arduino\/index.php\/wp-json\/wp\/v2\/media\/755"}],"wp:attachment":[{"href":"https:\/\/www.onetimenexttime.sk\/arduino\/index.php\/wp-json\/wp\/v2\/media?parent=730"}],"wp:term":[{"taxonomy":"product_cat","embeddable":true,"href":"https:\/\/www.onetimenexttime.sk\/arduino\/index.php\/wp-json\/wp\/v2\/product_cat?post=730"},{"taxonomy":"product_tag","embeddable":true,"href":"https:\/\/www.onetimenexttime.sk\/arduino\/index.php\/wp-json\/wp\/v2\/product_tag?post=730"}],"curies":[{"name":"wp","href":"https:\/\/api.w.org\/{rel}","templated":true}]}}