{"id":723,"date":"2021-10-30T17:56:47","date_gmt":"2021-10-30T15:56:47","guid":{"rendered":"https:\/\/www.onetimenexttime.sk\/arduino\/?post_type=product&#038;p=723"},"modified":"2021-10-30T18:03:22","modified_gmt":"2021-10-30T16:03:22","slug":"mini-portable-3-5mm-plug-neck-pillow-speaker-for-mp3-player-radio-for-ipod-universal","status":"publish","type":"product","link":"https:\/\/www.onetimenexttime.sk\/arduino\/index.php\/produkt\/mini-portable-3-5mm-plug-neck-pillow-speaker-for-mp3-player-radio-for-ipod-universal\/","title":{"rendered":"Mini Portable 3.5mm plug Neck Pillow Speaker For MP3 Player Radio For iPod Universal"},"content":{"rendered":"<h2>Mini reproduktor\u00a03,5 mm konektor<\/h2>\n<p>Vych\u00e1dzaj\u00faci zvuk je ve\u013emi jemn\u00fd. Pripojte ho k MP3 a vychutnajte si kr\u00e1snu hudbu a dobre sa vyspite.<br \/>\nBalenie obsahuje:<br \/>\nVank\u00fa\u0161ov\u00fd reproduktor s konektorom 1PCS X 3,5 mm<br \/>\nVlastnosti:<br \/>\n1. 100% \u00faplne nov\u00fd a vysoko kvalitn\u00fd.<br \/>\n2. Inteligentn\u00fd dizajn, n\u00edzka hmotnos\u0165, \u013eahko sa pren\u00e1\u0161a<br \/>\n3. 3,5 mm konektor je vhodn\u00fd pre v\u00e4\u010d\u0161inu elektronick\u00fdch zariaden\u00ed, ako s\u00fa iPod, MP3, MP4, r\u00e1dio, CD prehr\u00e1va\u010de at\u010f.<br \/>\nTechnick\u00e9 \u00fadaje:<br \/>\n1.Typ: Pr\u00edslu\u0161enstvo reproduktorov na hudobn\u00fd vank\u00fa\u0161<br \/>\n2.Tvar: Kruhov\u00fd<br \/>\n3.Farba: Biela<br \/>\n6. D\u013a\u017eka k\u00e1bla: 110 cm<br \/>\n7. Forma magnetick\u00e9ho obvodu: magnet<br \/>\n8.Frekven\u010dn\u00e1 charakteristika: pln\u00fd rozsah<\/p>\n","protected":false},"excerpt":{"rendered":"<p>Mini reproduktor\u00a03,5 mm konektor Vych\u00e1dzaj\u00faci zvuk je ve\u013emi jemn\u00fd. Pripojte ho k MP3 a vychutnajte si kr\u00e1snu hudbu a dobre&hellip;<\/p>\n","protected":false},"featured_media":724,"template":"","meta":{"_monsterinsights_skip_tracking":false,"_monsterinsights_sitenote_active":false,"_monsterinsights_sitenote_note":"","_monsterinsights_sitenote_category":0},"product_cat":[23,39,29],"product_tag":[],"class_list":{"0":"post-723","1":"product","2":"type-product","3":"status-publish","4":"has-post-thumbnail","6":"product_cat-audio-modul","7":"product_cat-mobil-gsm","8":"product_cat-wireless-transmission","10":"first","11":"instock","12":"shipping-taxable","13":"purchasable","14":"product-type-simple"},"yoast_head":"<!-- This site is optimized with the Yoast SEO plugin v23.6 - https:\/\/yoast.com\/wordpress\/plugins\/seo\/ -->\n<title>Mini Portable 3.5mm plug Neck Pillow Speaker For MP3 Player Radio For iPod Universal - Arduino e-shop<\/title>\n<meta name=\"robots\" content=\"index, follow, max-snippet:-1, max-image-preview:large, max-video-preview:-1\" \/>\n<link rel=\"canonical\" href=\"https:\/\/www.onetimenexttime.sk\/arduino\/index.php\/produkt\/mini-portable-3-5mm-plug-neck-pillow-speaker-for-mp3-player-radio-for-ipod-universal\/\" \/>\n<meta property=\"og:locale\" content=\"sk_SK\" \/>\n<meta property=\"og:type\" content=\"article\" \/>\n<meta property=\"og:title\" content=\"Mini Portable 3.5mm plug Neck Pillow Speaker For MP3 Player Radio For iPod Universal - Arduino e-shop\" \/>\n<meta property=\"og:description\" content=\"Mini reproduktor\u00a03,5 mm konektor Vych\u00e1dzaj\u00faci zvuk je ve\u013emi jemn\u00fd. Pripojte ho k MP3 a vychutnajte si kr\u00e1snu hudbu a dobre&hellip;\" \/>\n<meta property=\"og:url\" content=\"https:\/\/www.onetimenexttime.sk\/arduino\/index.php\/produkt\/mini-portable-3-5mm-plug-neck-pillow-speaker-for-mp3-player-radio-for-ipod-universal\/\" \/>\n<meta property=\"og:site_name\" content=\"Arduino e-shop\" \/>\n<meta property=\"article:modified_time\" content=\"2021-10-30T16:03:22+00:00\" \/>\n<meta property=\"og:image\" content=\"https:\/\/www.onetimenexttime.sk\/arduino\/wp-content\/uploads\/2021\/10\/193.jpg\" \/>\n\t<meta property=\"og:image:width\" content=\"500\" \/>\n\t<meta property=\"og:image:height\" content=\"500\" \/>\n\t<meta property=\"og:image:type\" content=\"image\/jpeg\" \/>\n<meta name=\"twitter:card\" content=\"summary_large_image\" \/>\n<meta name=\"twitter:label1\" content=\"Predpokladan\u00fd \u010das \u010d\u00edtania\" \/>\n\t<meta name=\"twitter:data1\" content=\"1 min\u00fata\" \/>\n<script type=\"application\/ld+json\" class=\"yoast-schema-graph\">{\"@context\":\"https:\/\/schema.org\",\"@graph\":[{\"@type\":\"WebPage\",\"@id\":\"https:\/\/www.onetimenexttime.sk\/arduino\/index.php\/produkt\/mini-portable-3-5mm-plug-neck-pillow-speaker-for-mp3-player-radio-for-ipod-universal\/\",\"url\":\"https:\/\/www.onetimenexttime.sk\/arduino\/index.php\/produkt\/mini-portable-3-5mm-plug-neck-pillow-speaker-for-mp3-player-radio-for-ipod-universal\/\",\"name\":\"Mini Portable 3.5mm plug Neck Pillow Speaker For MP3 Player Radio For iPod Universal - Arduino e-shop\",\"isPartOf\":{\"@id\":\"https:\/\/www.onetimenexttime.sk\/arduino\/#website\"},\"primaryImageOfPage\":{\"@id\":\"https:\/\/www.onetimenexttime.sk\/arduino\/index.php\/produkt\/mini-portable-3-5mm-plug-neck-pillow-speaker-for-mp3-player-radio-for-ipod-universal\/#primaryimage\"},\"image\":{\"@id\":\"https:\/\/www.onetimenexttime.sk\/arduino\/index.php\/produkt\/mini-portable-3-5mm-plug-neck-pillow-speaker-for-mp3-player-radio-for-ipod-universal\/#primaryimage\"},\"thumbnailUrl\":\"https:\/\/www.onetimenexttime.sk\/arduino\/wp-content\/uploads\/2021\/10\/193.jpg\",\"datePublished\":\"2021-10-30T15:56:47+00:00\",\"dateModified\":\"2021-10-30T16:03:22+00:00\",\"breadcrumb\":{\"@id\":\"https:\/\/www.onetimenexttime.sk\/arduino\/index.php\/produkt\/mini-portable-3-5mm-plug-neck-pillow-speaker-for-mp3-player-radio-for-ipod-universal\/#breadcrumb\"},\"inLanguage\":\"sk-SK\",\"potentialAction\":[{\"@type\":\"ReadAction\",\"target\":[\"https:\/\/www.onetimenexttime.sk\/arduino\/index.php\/produkt\/mini-portable-3-5mm-plug-neck-pillow-speaker-for-mp3-player-radio-for-ipod-universal\/\"]}]},{\"@type\":\"ImageObject\",\"inLanguage\":\"sk-SK\",\"@id\":\"https:\/\/www.onetimenexttime.sk\/arduino\/index.php\/produkt\/mini-portable-3-5mm-plug-neck-pillow-speaker-for-mp3-player-radio-for-ipod-universal\/#primaryimage\",\"url\":\"https:\/\/www.onetimenexttime.sk\/arduino\/wp-content\/uploads\/2021\/10\/193.jpg\",\"contentUrl\":\"https:\/\/www.onetimenexttime.sk\/arduino\/wp-content\/uploads\/2021\/10\/193.jpg\",\"width\":500,\"height\":500},{\"@type\":\"BreadcrumbList\",\"@id\":\"https:\/\/www.onetimenexttime.sk\/arduino\/index.php\/produkt\/mini-portable-3-5mm-plug-neck-pillow-speaker-for-mp3-player-radio-for-ipod-universal\/#breadcrumb\",\"itemListElement\":[{\"@type\":\"ListItem\",\"position\":1,\"name\":\"Domov\",\"item\":\"https:\/\/www.onetimenexttime.sk\/arduino\/\"},{\"@type\":\"ListItem\",\"position\":2,\"name\":\"Obchod\",\"item\":\"https:\/\/www.onetimenexttime.sk\/arduino\/\"},{\"@type\":\"ListItem\",\"position\":3,\"name\":\"Mini Portable 3.5mm plug Neck Pillow Speaker For MP3 Player Radio For iPod Universal\"}]},{\"@type\":\"WebSite\",\"@id\":\"https:\/\/www.onetimenexttime.sk\/arduino\/#website\",\"url\":\"https:\/\/www.onetimenexttime.sk\/arduino\/\",\"name\":\"Arduino e-shop\",\"description\":\"Home Assistant\",\"potentialAction\":[{\"@type\":\"SearchAction\",\"target\":{\"@type\":\"EntryPoint\",\"urlTemplate\":\"https:\/\/www.onetimenexttime.sk\/arduino\/?s={search_term_string}\"},\"query-input\":{\"@type\":\"PropertyValueSpecification\",\"valueRequired\":true,\"valueName\":\"search_term_string\"}}],\"inLanguage\":\"sk-SK\"}]}<\/script>\n<!-- \/ Yoast SEO plugin. -->","yoast_head_json":{"title":"Mini Portable 3.5mm plug Neck Pillow Speaker For MP3 Player Radio For iPod Universal - Arduino e-shop","robots":{"index":"index","follow":"follow","max-snippet":"max-snippet:-1","max-image-preview":"max-image-preview:large","max-video-preview":"max-video-preview:-1"},"canonical":"https:\/\/www.onetimenexttime.sk\/arduino\/index.php\/produkt\/mini-portable-3-5mm-plug-neck-pillow-speaker-for-mp3-player-radio-for-ipod-universal\/","og_locale":"sk_SK","og_type":"article","og_title":"Mini Portable 3.5mm plug Neck Pillow Speaker For MP3 Player Radio For iPod Universal - Arduino e-shop","og_description":"Mini reproduktor\u00a03,5 mm konektor Vych\u00e1dzaj\u00faci zvuk je ve\u013emi jemn\u00fd. Pripojte ho k MP3 a vychutnajte si kr\u00e1snu hudbu a dobre&hellip;","og_url":"https:\/\/www.onetimenexttime.sk\/arduino\/index.php\/produkt\/mini-portable-3-5mm-plug-neck-pillow-speaker-for-mp3-player-radio-for-ipod-universal\/","og_site_name":"Arduino e-shop","article_modified_time":"2021-10-30T16:03:22+00:00","og_image":[{"width":500,"height":500,"url":"https:\/\/www.onetimenexttime.sk\/arduino\/wp-content\/uploads\/2021\/10\/193.jpg","type":"image\/jpeg"}],"twitter_card":"summary_large_image","twitter_misc":{"Predpokladan\u00fd \u010das \u010d\u00edtania":"1 min\u00fata"},"schema":{"@context":"https:\/\/schema.org","@graph":[{"@type":"WebPage","@id":"https:\/\/www.onetimenexttime.sk\/arduino\/index.php\/produkt\/mini-portable-3-5mm-plug-neck-pillow-speaker-for-mp3-player-radio-for-ipod-universal\/","url":"https:\/\/www.onetimenexttime.sk\/arduino\/index.php\/produkt\/mini-portable-3-5mm-plug-neck-pillow-speaker-for-mp3-player-radio-for-ipod-universal\/","name":"Mini Portable 3.5mm plug Neck Pillow Speaker For MP3 Player Radio For iPod Universal - Arduino e-shop","isPartOf":{"@id":"https:\/\/www.onetimenexttime.sk\/arduino\/#website"},"primaryImageOfPage":{"@id":"https:\/\/www.onetimenexttime.sk\/arduino\/index.php\/produkt\/mini-portable-3-5mm-plug-neck-pillow-speaker-for-mp3-player-radio-for-ipod-universal\/#primaryimage"},"image":{"@id":"https:\/\/www.onetimenexttime.sk\/arduino\/index.php\/produkt\/mini-portable-3-5mm-plug-neck-pillow-speaker-for-mp3-player-radio-for-ipod-universal\/#primaryimage"},"thumbnailUrl":"https:\/\/www.onetimenexttime.sk\/arduino\/wp-content\/uploads\/2021\/10\/193.jpg","datePublished":"2021-10-30T15:56:47+00:00","dateModified":"2021-10-30T16:03:22+00:00","breadcrumb":{"@id":"https:\/\/www.onetimenexttime.sk\/arduino\/index.php\/produkt\/mini-portable-3-5mm-plug-neck-pillow-speaker-for-mp3-player-radio-for-ipod-universal\/#breadcrumb"},"inLanguage":"sk-SK","potentialAction":[{"@type":"ReadAction","target":["https:\/\/www.onetimenexttime.sk\/arduino\/index.php\/produkt\/mini-portable-3-5mm-plug-neck-pillow-speaker-for-mp3-player-radio-for-ipod-universal\/"]}]},{"@type":"ImageObject","inLanguage":"sk-SK","@id":"https:\/\/www.onetimenexttime.sk\/arduino\/index.php\/produkt\/mini-portable-3-5mm-plug-neck-pillow-speaker-for-mp3-player-radio-for-ipod-universal\/#primaryimage","url":"https:\/\/www.onetimenexttime.sk\/arduino\/wp-content\/uploads\/2021\/10\/193.jpg","contentUrl":"https:\/\/www.onetimenexttime.sk\/arduino\/wp-content\/uploads\/2021\/10\/193.jpg","width":500,"height":500},{"@type":"BreadcrumbList","@id":"https:\/\/www.onetimenexttime.sk\/arduino\/index.php\/produkt\/mini-portable-3-5mm-plug-neck-pillow-speaker-for-mp3-player-radio-for-ipod-universal\/#breadcrumb","itemListElement":[{"@type":"ListItem","position":1,"name":"Domov","item":"https:\/\/www.onetimenexttime.sk\/arduino\/"},{"@type":"ListItem","position":2,"name":"Obchod","item":"https:\/\/www.onetimenexttime.sk\/arduino\/"},{"@type":"ListItem","position":3,"name":"Mini Portable 3.5mm plug Neck Pillow Speaker For MP3 Player Radio For iPod Universal"}]},{"@type":"WebSite","@id":"https:\/\/www.onetimenexttime.sk\/arduino\/#website","url":"https:\/\/www.onetimenexttime.sk\/arduino\/","name":"Arduino e-shop","description":"Home Assistant","potentialAction":[{"@type":"SearchAction","target":{"@type":"EntryPoint","urlTemplate":"https:\/\/www.onetimenexttime.sk\/arduino\/?s={search_term_string}"},"query-input":{"@type":"PropertyValueSpecification","valueRequired":true,"valueName":"search_term_string"}}],"inLanguage":"sk-SK"}]}},"_links":{"self":[{"href":"https:\/\/www.onetimenexttime.sk\/arduino\/index.php\/wp-json\/wp\/v2\/product\/723"}],"collection":[{"href":"https:\/\/www.onetimenexttime.sk\/arduino\/index.php\/wp-json\/wp\/v2\/product"}],"about":[{"href":"https:\/\/www.onetimenexttime.sk\/arduino\/index.php\/wp-json\/wp\/v2\/types\/product"}],"wp:featuredmedia":[{"embeddable":true,"href":"https:\/\/www.onetimenexttime.sk\/arduino\/index.php\/wp-json\/wp\/v2\/media\/724"}],"wp:attachment":[{"href":"https:\/\/www.onetimenexttime.sk\/arduino\/index.php\/wp-json\/wp\/v2\/media?parent=723"}],"wp:term":[{"taxonomy":"product_cat","embeddable":true,"href":"https:\/\/www.onetimenexttime.sk\/arduino\/index.php\/wp-json\/wp\/v2\/product_cat?post=723"},{"taxonomy":"product_tag","embeddable":true,"href":"https:\/\/www.onetimenexttime.sk\/arduino\/index.php\/wp-json\/wp\/v2\/product_tag?post=723"}],"curies":[{"name":"wp","href":"https:\/\/api.w.org\/{rel}","templated":true}]}}