{"id":721,"date":"2021-10-30T17:52:23","date_gmt":"2021-10-30T15:52:23","guid":{"rendered":"https:\/\/www.onetimenexttime.sk\/arduino\/?post_type=product&#038;p=721"},"modified":"2021-10-30T17:55:57","modified_gmt":"2021-10-30T15:55:57","slug":"walfront-dc12v-waterproof-circuit-breaker-reset-fuse-250a-electric-disconnector-circuit-interrupter-switch-home-solar-system","status":"publish","type":"product","link":"https:\/\/www.onetimenexttime.sk\/arduino\/index.php\/produkt\/walfront-dc12v-waterproof-circuit-breaker-reset-fuse-250a-electric-disconnector-circuit-interrupter-switch-home-solar-system\/","title":{"rendered":"WALFRONT DC12V Waterproof Circuit Breaker Reset Fuse 250A Electric Disconnector Circuit Interrupter Switch Home Solar System"},"content":{"rendered":"<h2>Vodotesn\u00fd isti\u010d\u00a0 250A\u00a0 WALFRONT DC12V<\/h2>\n<h2>Reset Poistka\u00a0 Elektrick\u00fd odpojova\u010d Sp\u00edna\u010d preru\u0161ova\u010da obvodu<\/h2>\n<p>&nbsp;<\/p>\n<p><strong>Vlastnosti:<\/strong><\/p>\n<p>&#8211; Zabra\u0148uje prep\u00e4tiu, aby po\u0161kodil va\u0161e zosil\u0148ova\u010de<br \/>\n&#8211; Mont\u00e1\u017e na panel alebo br\u00e1nu firewall<br \/>\n&#8211; Unik\u00e1tny Push Button Reset mo\u017eno pou\u017ei\u0165 aj ako Kill Switch<br \/>\n&#8211; High-Tech vodeodoln\u00e9 puzdro<br \/>\n&#8211; gumen\u00e9 \u010di\u017emy na ochranu pred vodou<br \/>\n&#8211; U\u017e \u017eiadne m\u00ed\u0148anie pe\u0148az\u00ed na v\u00fdmenu poistiek<\/p>\n<p><strong>Technick\u00e9 \u00fadaje:<\/strong><\/p>\n<p>1. Menovit\u00fd pr\u00fad: 300A\/250A\/200A\/150A\/100A\/80A\/60A<br \/>\n2. Ve\u013ekos\u0165: 80 mm (D) x 52 mm (\u0160) x 40 mm (V)<br \/>\n3. Pracuje s 12-24V DC<br \/>\n4. Pou\u017e\u00edva sa medzi sol\u00e1rnym panelom a ovl\u00e1da\u010dom<\/p>\n<p><strong>Pozn\u00e1mka:<\/strong><br \/>\n1 x Sol\u00e1rny vodotesn\u00fd isti\u010d<\/p>\n","protected":false},"excerpt":{"rendered":"<p>Vodotesn\u00fd isti\u010d\u00a0 250A\u00a0 WALFRONT DC12V Reset Poistka\u00a0 Elektrick\u00fd odpojova\u010d Sp\u00edna\u010d preru\u0161ova\u010da obvodu &nbsp; Vlastnosti: &#8211; Zabra\u0148uje prep\u00e4tiu, aby po\u0161kodil va\u0161e&hellip;<\/p>\n","protected":false},"featured_media":722,"template":"","meta":{"_monsterinsights_skip_tracking":false,"_monsterinsights_sitenote_active":false,"_monsterinsights_sitenote_note":"","_monsterinsights_sitenote_category":0},"product_cat":[15,21,42],"product_tag":[],"class_list":{"0":"post-721","1":"product","2":"type-product","3":"status-publish","4":"has-post-thumbnail","6":"product_cat-nd","7":"product_cat-pw","8":"product_cat-smart","10":"first","11":"instock","12":"shipping-taxable","13":"purchasable","14":"product-type-simple"},"yoast_head":"<!-- This site is optimized with the Yoast SEO plugin v23.6 - https:\/\/yoast.com\/wordpress\/plugins\/seo\/ -->\n<title>WALFRONT DC12V Waterproof Circuit Breaker Reset Fuse 250A Electric Disconnector Circuit Interrupter Switch Home Solar System - Arduino e-shop<\/title>\n<meta name=\"robots\" content=\"index, follow, max-snippet:-1, max-image-preview:large, max-video-preview:-1\" \/>\n<link rel=\"canonical\" href=\"https:\/\/www.onetimenexttime.sk\/arduino\/index.php\/produkt\/walfront-dc12v-waterproof-circuit-breaker-reset-fuse-250a-electric-disconnector-circuit-interrupter-switch-home-solar-system\/\" \/>\n<meta property=\"og:locale\" content=\"sk_SK\" \/>\n<meta property=\"og:type\" content=\"article\" \/>\n<meta property=\"og:title\" content=\"WALFRONT DC12V Waterproof Circuit Breaker Reset Fuse 250A Electric Disconnector Circuit Interrupter Switch Home Solar System - Arduino e-shop\" \/>\n<meta property=\"og:description\" content=\"Vodotesn\u00fd isti\u010d\u00a0 250A\u00a0 WALFRONT DC12V Reset Poistka\u00a0 Elektrick\u00fd odpojova\u010d Sp\u00edna\u010d preru\u0161ova\u010da obvodu &nbsp; Vlastnosti: &#8211; Zabra\u0148uje prep\u00e4tiu, aby po\u0161kodil va\u0161e&hellip;\" \/>\n<meta property=\"og:url\" content=\"https:\/\/www.onetimenexttime.sk\/arduino\/index.php\/produkt\/walfront-dc12v-waterproof-circuit-breaker-reset-fuse-250a-electric-disconnector-circuit-interrupter-switch-home-solar-system\/\" \/>\n<meta property=\"og:site_name\" content=\"Arduino e-shop\" \/>\n<meta property=\"article:modified_time\" content=\"2021-10-30T15:55:57+00:00\" \/>\n<meta property=\"og:image\" content=\"https:\/\/www.onetimenexttime.sk\/arduino\/wp-content\/uploads\/2021\/10\/194.jpg\" \/>\n\t<meta property=\"og:image:width\" content=\"450\" \/>\n\t<meta property=\"og:image:height\" content=\"463\" \/>\n\t<meta property=\"og:image:type\" content=\"image\/jpeg\" \/>\n<meta name=\"twitter:card\" content=\"summary_large_image\" \/>\n<meta name=\"twitter:label1\" content=\"Predpokladan\u00fd \u010das \u010d\u00edtania\" \/>\n\t<meta name=\"twitter:data1\" content=\"1 min\u00fata\" \/>\n<script type=\"application\/ld+json\" class=\"yoast-schema-graph\">{\"@context\":\"https:\/\/schema.org\",\"@graph\":[{\"@type\":\"WebPage\",\"@id\":\"https:\/\/www.onetimenexttime.sk\/arduino\/index.php\/produkt\/walfront-dc12v-waterproof-circuit-breaker-reset-fuse-250a-electric-disconnector-circuit-interrupter-switch-home-solar-system\/\",\"url\":\"https:\/\/www.onetimenexttime.sk\/arduino\/index.php\/produkt\/walfront-dc12v-waterproof-circuit-breaker-reset-fuse-250a-electric-disconnector-circuit-interrupter-switch-home-solar-system\/\",\"name\":\"WALFRONT DC12V Waterproof Circuit Breaker Reset Fuse 250A Electric Disconnector Circuit Interrupter Switch Home Solar System - Arduino e-shop\",\"isPartOf\":{\"@id\":\"https:\/\/www.onetimenexttime.sk\/arduino\/#website\"},\"primaryImageOfPage\":{\"@id\":\"https:\/\/www.onetimenexttime.sk\/arduino\/index.php\/produkt\/walfront-dc12v-waterproof-circuit-breaker-reset-fuse-250a-electric-disconnector-circuit-interrupter-switch-home-solar-system\/#primaryimage\"},\"image\":{\"@id\":\"https:\/\/www.onetimenexttime.sk\/arduino\/index.php\/produkt\/walfront-dc12v-waterproof-circuit-breaker-reset-fuse-250a-electric-disconnector-circuit-interrupter-switch-home-solar-system\/#primaryimage\"},\"thumbnailUrl\":\"https:\/\/www.onetimenexttime.sk\/arduino\/wp-content\/uploads\/2021\/10\/194.jpg\",\"datePublished\":\"2021-10-30T15:52:23+00:00\",\"dateModified\":\"2021-10-30T15:55:57+00:00\",\"breadcrumb\":{\"@id\":\"https:\/\/www.onetimenexttime.sk\/arduino\/index.php\/produkt\/walfront-dc12v-waterproof-circuit-breaker-reset-fuse-250a-electric-disconnector-circuit-interrupter-switch-home-solar-system\/#breadcrumb\"},\"inLanguage\":\"sk-SK\",\"potentialAction\":[{\"@type\":\"ReadAction\",\"target\":[\"https:\/\/www.onetimenexttime.sk\/arduino\/index.php\/produkt\/walfront-dc12v-waterproof-circuit-breaker-reset-fuse-250a-electric-disconnector-circuit-interrupter-switch-home-solar-system\/\"]}]},{\"@type\":\"ImageObject\",\"inLanguage\":\"sk-SK\",\"@id\":\"https:\/\/www.onetimenexttime.sk\/arduino\/index.php\/produkt\/walfront-dc12v-waterproof-circuit-breaker-reset-fuse-250a-electric-disconnector-circuit-interrupter-switch-home-solar-system\/#primaryimage\",\"url\":\"https:\/\/www.onetimenexttime.sk\/arduino\/wp-content\/uploads\/2021\/10\/194.jpg\",\"contentUrl\":\"https:\/\/www.onetimenexttime.sk\/arduino\/wp-content\/uploads\/2021\/10\/194.jpg\",\"width\":450,\"height\":463},{\"@type\":\"BreadcrumbList\",\"@id\":\"https:\/\/www.onetimenexttime.sk\/arduino\/index.php\/produkt\/walfront-dc12v-waterproof-circuit-breaker-reset-fuse-250a-electric-disconnector-circuit-interrupter-switch-home-solar-system\/#breadcrumb\",\"itemListElement\":[{\"@type\":\"ListItem\",\"position\":1,\"name\":\"Domov\",\"item\":\"https:\/\/www.onetimenexttime.sk\/arduino\/\"},{\"@type\":\"ListItem\",\"position\":2,\"name\":\"Obchod\",\"item\":\"https:\/\/www.onetimenexttime.sk\/arduino\/\"},{\"@type\":\"ListItem\",\"position\":3,\"name\":\"WALFRONT DC12V Waterproof Circuit Breaker Reset Fuse 250A Electric Disconnector Circuit Interrupter Switch Home Solar System\"}]},{\"@type\":\"WebSite\",\"@id\":\"https:\/\/www.onetimenexttime.sk\/arduino\/#website\",\"url\":\"https:\/\/www.onetimenexttime.sk\/arduino\/\",\"name\":\"Arduino e-shop\",\"description\":\"Home Assistant\",\"potentialAction\":[{\"@type\":\"SearchAction\",\"target\":{\"@type\":\"EntryPoint\",\"urlTemplate\":\"https:\/\/www.onetimenexttime.sk\/arduino\/?s={search_term_string}\"},\"query-input\":{\"@type\":\"PropertyValueSpecification\",\"valueRequired\":true,\"valueName\":\"search_term_string\"}}],\"inLanguage\":\"sk-SK\"}]}<\/script>\n<!-- \/ Yoast SEO plugin. -->","yoast_head_json":{"title":"WALFRONT DC12V Waterproof Circuit Breaker Reset Fuse 250A Electric Disconnector Circuit Interrupter Switch Home Solar System - Arduino e-shop","robots":{"index":"index","follow":"follow","max-snippet":"max-snippet:-1","max-image-preview":"max-image-preview:large","max-video-preview":"max-video-preview:-1"},"canonical":"https:\/\/www.onetimenexttime.sk\/arduino\/index.php\/produkt\/walfront-dc12v-waterproof-circuit-breaker-reset-fuse-250a-electric-disconnector-circuit-interrupter-switch-home-solar-system\/","og_locale":"sk_SK","og_type":"article","og_title":"WALFRONT DC12V Waterproof Circuit Breaker Reset Fuse 250A Electric Disconnector Circuit Interrupter Switch Home Solar System - Arduino e-shop","og_description":"Vodotesn\u00fd isti\u010d\u00a0 250A\u00a0 WALFRONT DC12V Reset Poistka\u00a0 Elektrick\u00fd odpojova\u010d Sp\u00edna\u010d preru\u0161ova\u010da obvodu &nbsp; Vlastnosti: &#8211; Zabra\u0148uje prep\u00e4tiu, aby po\u0161kodil va\u0161e&hellip;","og_url":"https:\/\/www.onetimenexttime.sk\/arduino\/index.php\/produkt\/walfront-dc12v-waterproof-circuit-breaker-reset-fuse-250a-electric-disconnector-circuit-interrupter-switch-home-solar-system\/","og_site_name":"Arduino e-shop","article_modified_time":"2021-10-30T15:55:57+00:00","og_image":[{"width":450,"height":463,"url":"https:\/\/www.onetimenexttime.sk\/arduino\/wp-content\/uploads\/2021\/10\/194.jpg","type":"image\/jpeg"}],"twitter_card":"summary_large_image","twitter_misc":{"Predpokladan\u00fd \u010das \u010d\u00edtania":"1 min\u00fata"},"schema":{"@context":"https:\/\/schema.org","@graph":[{"@type":"WebPage","@id":"https:\/\/www.onetimenexttime.sk\/arduino\/index.php\/produkt\/walfront-dc12v-waterproof-circuit-breaker-reset-fuse-250a-electric-disconnector-circuit-interrupter-switch-home-solar-system\/","url":"https:\/\/www.onetimenexttime.sk\/arduino\/index.php\/produkt\/walfront-dc12v-waterproof-circuit-breaker-reset-fuse-250a-electric-disconnector-circuit-interrupter-switch-home-solar-system\/","name":"WALFRONT DC12V Waterproof Circuit Breaker Reset Fuse 250A Electric Disconnector Circuit Interrupter Switch Home Solar System - Arduino e-shop","isPartOf":{"@id":"https:\/\/www.onetimenexttime.sk\/arduino\/#website"},"primaryImageOfPage":{"@id":"https:\/\/www.onetimenexttime.sk\/arduino\/index.php\/produkt\/walfront-dc12v-waterproof-circuit-breaker-reset-fuse-250a-electric-disconnector-circuit-interrupter-switch-home-solar-system\/#primaryimage"},"image":{"@id":"https:\/\/www.onetimenexttime.sk\/arduino\/index.php\/produkt\/walfront-dc12v-waterproof-circuit-breaker-reset-fuse-250a-electric-disconnector-circuit-interrupter-switch-home-solar-system\/#primaryimage"},"thumbnailUrl":"https:\/\/www.onetimenexttime.sk\/arduino\/wp-content\/uploads\/2021\/10\/194.jpg","datePublished":"2021-10-30T15:52:23+00:00","dateModified":"2021-10-30T15:55:57+00:00","breadcrumb":{"@id":"https:\/\/www.onetimenexttime.sk\/arduino\/index.php\/produkt\/walfront-dc12v-waterproof-circuit-breaker-reset-fuse-250a-electric-disconnector-circuit-interrupter-switch-home-solar-system\/#breadcrumb"},"inLanguage":"sk-SK","potentialAction":[{"@type":"ReadAction","target":["https:\/\/www.onetimenexttime.sk\/arduino\/index.php\/produkt\/walfront-dc12v-waterproof-circuit-breaker-reset-fuse-250a-electric-disconnector-circuit-interrupter-switch-home-solar-system\/"]}]},{"@type":"ImageObject","inLanguage":"sk-SK","@id":"https:\/\/www.onetimenexttime.sk\/arduino\/index.php\/produkt\/walfront-dc12v-waterproof-circuit-breaker-reset-fuse-250a-electric-disconnector-circuit-interrupter-switch-home-solar-system\/#primaryimage","url":"https:\/\/www.onetimenexttime.sk\/arduino\/wp-content\/uploads\/2021\/10\/194.jpg","contentUrl":"https:\/\/www.onetimenexttime.sk\/arduino\/wp-content\/uploads\/2021\/10\/194.jpg","width":450,"height":463},{"@type":"BreadcrumbList","@id":"https:\/\/www.onetimenexttime.sk\/arduino\/index.php\/produkt\/walfront-dc12v-waterproof-circuit-breaker-reset-fuse-250a-electric-disconnector-circuit-interrupter-switch-home-solar-system\/#breadcrumb","itemListElement":[{"@type":"ListItem","position":1,"name":"Domov","item":"https:\/\/www.onetimenexttime.sk\/arduino\/"},{"@type":"ListItem","position":2,"name":"Obchod","item":"https:\/\/www.onetimenexttime.sk\/arduino\/"},{"@type":"ListItem","position":3,"name":"WALFRONT DC12V Waterproof Circuit Breaker Reset Fuse 250A Electric Disconnector Circuit Interrupter Switch Home Solar System"}]},{"@type":"WebSite","@id":"https:\/\/www.onetimenexttime.sk\/arduino\/#website","url":"https:\/\/www.onetimenexttime.sk\/arduino\/","name":"Arduino e-shop","description":"Home Assistant","potentialAction":[{"@type":"SearchAction","target":{"@type":"EntryPoint","urlTemplate":"https:\/\/www.onetimenexttime.sk\/arduino\/?s={search_term_string}"},"query-input":{"@type":"PropertyValueSpecification","valueRequired":true,"valueName":"search_term_string"}}],"inLanguage":"sk-SK"}]}},"_links":{"self":[{"href":"https:\/\/www.onetimenexttime.sk\/arduino\/index.php\/wp-json\/wp\/v2\/product\/721"}],"collection":[{"href":"https:\/\/www.onetimenexttime.sk\/arduino\/index.php\/wp-json\/wp\/v2\/product"}],"about":[{"href":"https:\/\/www.onetimenexttime.sk\/arduino\/index.php\/wp-json\/wp\/v2\/types\/product"}],"wp:featuredmedia":[{"embeddable":true,"href":"https:\/\/www.onetimenexttime.sk\/arduino\/index.php\/wp-json\/wp\/v2\/media\/722"}],"wp:attachment":[{"href":"https:\/\/www.onetimenexttime.sk\/arduino\/index.php\/wp-json\/wp\/v2\/media?parent=721"}],"wp:term":[{"taxonomy":"product_cat","embeddable":true,"href":"https:\/\/www.onetimenexttime.sk\/arduino\/index.php\/wp-json\/wp\/v2\/product_cat?post=721"},{"taxonomy":"product_tag","embeddable":true,"href":"https:\/\/www.onetimenexttime.sk\/arduino\/index.php\/wp-json\/wp\/v2\/product_tag?post=721"}],"curies":[{"name":"wp","href":"https:\/\/api.w.org\/{rel}","templated":true}]}}