{"id":717,"date":"2021-10-30T17:46:15","date_gmt":"2021-10-30T15:46:15","guid":{"rendered":"https:\/\/www.onetimenexttime.sk\/arduino\/?post_type=product&#038;p=717"},"modified":"2021-10-30T17:51:25","modified_gmt":"2021-10-30T15:51:25","slug":"h7jb-wifi-lcd-electric-heating-thermostat-room-temperature-controller-programmable","status":"publish","type":"product","link":"https:\/\/www.onetimenexttime.sk\/arduino\/index.php\/produkt\/h7jb-wifi-lcd-electric-heating-thermostat-room-temperature-controller-programmable\/","title":{"rendered":"H7JB WIFI LCD Electric Heating Thermostat Room Temperature Controller Programmable"},"content":{"rendered":"<h2>H7JB WIFI LCD elektrick\u00fd termostat k\u00farenia Regul\u00e1tor izbovej teploty:\u00a0 Programovate\u013en\u00fd<\/h2>\n<p>H7JB WIFI LCD elektrick\u00fd termostat k\u00farenia Regul\u00e1tor izbovej teploty Programovate\u013en\u00fd<\/p>\n<p>S\u00fahrn produktu<br \/>\n1.Wifi termostat 16A kotol Podlahov\u00e9 k\u00farenie Programovate\u013en\u00fd inteligentn\u00fd regul\u00e1tor teploty Dia\u013ekov\u00e9 ovl\u00e1danie pomocou ISO telef\u00f3nu<br \/>\n2.Tento nov\u00fd dizajnov\u00fd vykurovac\u00ed termostat sa zameriava na dopyt trhu, m\u00e1 ve\u013ek\u00fd LCD displej. Jednoduch\u00e1 obsluha, kompletn\u00e9 funkcie. M\u00f4\u017ee by\u0165 ovl\u00e1dan\u00fd motorizovan\u00fdm gu\u013eov\u00fdm ventilom, motorizovan\u00fdm ventilom, tepeln\u00fdm ventilom, solenoidov\u00fdm ventilom, ohrieva\u010dom, elektrick\u00fdm vykurovac\u00edm filmom, elektrick\u00fdm vykurovac\u00edm uhl\u00edkov\u00fdm kry\u0161t\u00e1lom. Pou\u017e\u00edva sa na podlahov\u00e9 vykurovanie<\/p>\n<p>Popis:<br \/>\nNap\u00e1janie: 200~240V 50~60Hz<br \/>\nAktu\u00e1lne za\u0165a\u017eenie &lt;=&gt;<br \/>\nSpotreba energie &lt;&gt;<br \/>\nNastavi\u0165 Temp. : 5~99 stup\u0148ov Celzia (predvolen\u00e9 v\u00fdrobn\u00e9 nastavenie: 5~35 stup\u0148ov Celzia)<br \/>\nPresnos\u0165: 1\/-1 Celzia<br \/>\n<strong>Rozmery: 86 x 86 x 14 mm<\/strong><\/p>\n<p>Balenie obsahuje:<br \/>\n1x Termostat<br \/>\n1x NTC senzor<br \/>\n1x N\u00e1vod na pou\u017eitie<br \/>\n2x skrutky<\/p>\n","protected":false},"excerpt":{"rendered":"<p>H7JB WIFI LCD elektrick\u00fd termostat k\u00farenia Regul\u00e1tor izbovej teploty:\u00a0 Programovate\u013en\u00fd H7JB WIFI LCD elektrick\u00fd termostat k\u00farenia Regul\u00e1tor izbovej teploty Programovate\u013en\u00fd&hellip;<\/p>\n","protected":false},"featured_media":718,"template":"","meta":{"_monsterinsights_skip_tracking":false,"_monsterinsights_sitenote_active":false,"_monsterinsights_sitenote_note":"","_monsterinsights_sitenote_category":0},"product_cat":[42],"product_tag":[],"class_list":{"0":"post-717","1":"product","2":"type-product","3":"status-publish","4":"has-post-thumbnail","6":"product_cat-smart","8":"first","9":"instock","10":"sale","11":"shipping-taxable","12":"purchasable","13":"product-type-simple"},"yoast_head":"<!-- This site is optimized with the Yoast SEO plugin v23.6 - https:\/\/yoast.com\/wordpress\/plugins\/seo\/ -->\n<title>H7JB WIFI LCD Electric Heating Thermostat Room Temperature Controller Programmable - Arduino e-shop<\/title>\n<meta name=\"robots\" content=\"index, follow, max-snippet:-1, max-image-preview:large, max-video-preview:-1\" \/>\n<link rel=\"canonical\" href=\"https:\/\/www.onetimenexttime.sk\/arduino\/index.php\/produkt\/h7jb-wifi-lcd-electric-heating-thermostat-room-temperature-controller-programmable\/\" \/>\n<meta property=\"og:locale\" content=\"sk_SK\" \/>\n<meta property=\"og:type\" content=\"article\" \/>\n<meta property=\"og:title\" content=\"H7JB WIFI LCD Electric Heating Thermostat Room Temperature Controller Programmable - Arduino e-shop\" \/>\n<meta property=\"og:description\" content=\"H7JB WIFI LCD elektrick\u00fd termostat k\u00farenia Regul\u00e1tor izbovej teploty:\u00a0 Programovate\u013en\u00fd H7JB WIFI LCD elektrick\u00fd termostat k\u00farenia Regul\u00e1tor izbovej teploty Programovate\u013en\u00fd&hellip;\" \/>\n<meta property=\"og:url\" content=\"https:\/\/www.onetimenexttime.sk\/arduino\/index.php\/produkt\/h7jb-wifi-lcd-electric-heating-thermostat-room-temperature-controller-programmable\/\" \/>\n<meta property=\"og:site_name\" content=\"Arduino e-shop\" \/>\n<meta property=\"article:modified_time\" content=\"2021-10-30T15:51:25+00:00\" \/>\n<meta property=\"og:image\" content=\"https:\/\/www.onetimenexttime.sk\/arduino\/wp-content\/uploads\/2021\/10\/192-3.jpg\" \/>\n\t<meta property=\"og:image:width\" content=\"480\" \/>\n\t<meta property=\"og:image:height\" content=\"483\" \/>\n\t<meta property=\"og:image:type\" content=\"image\/jpeg\" \/>\n<meta name=\"twitter:card\" content=\"summary_large_image\" \/>\n<meta name=\"twitter:label1\" content=\"Predpokladan\u00fd \u010das \u010d\u00edtania\" \/>\n\t<meta name=\"twitter:data1\" content=\"1 min\u00fata\" \/>\n<script type=\"application\/ld+json\" class=\"yoast-schema-graph\">{\"@context\":\"https:\/\/schema.org\",\"@graph\":[{\"@type\":\"WebPage\",\"@id\":\"https:\/\/www.onetimenexttime.sk\/arduino\/index.php\/produkt\/h7jb-wifi-lcd-electric-heating-thermostat-room-temperature-controller-programmable\/\",\"url\":\"https:\/\/www.onetimenexttime.sk\/arduino\/index.php\/produkt\/h7jb-wifi-lcd-electric-heating-thermostat-room-temperature-controller-programmable\/\",\"name\":\"H7JB WIFI LCD Electric Heating Thermostat Room Temperature Controller Programmable - Arduino e-shop\",\"isPartOf\":{\"@id\":\"https:\/\/www.onetimenexttime.sk\/arduino\/#website\"},\"primaryImageOfPage\":{\"@id\":\"https:\/\/www.onetimenexttime.sk\/arduino\/index.php\/produkt\/h7jb-wifi-lcd-electric-heating-thermostat-room-temperature-controller-programmable\/#primaryimage\"},\"image\":{\"@id\":\"https:\/\/www.onetimenexttime.sk\/arduino\/index.php\/produkt\/h7jb-wifi-lcd-electric-heating-thermostat-room-temperature-controller-programmable\/#primaryimage\"},\"thumbnailUrl\":\"https:\/\/www.onetimenexttime.sk\/arduino\/wp-content\/uploads\/2021\/10\/192-3.jpg\",\"datePublished\":\"2021-10-30T15:46:15+00:00\",\"dateModified\":\"2021-10-30T15:51:25+00:00\",\"breadcrumb\":{\"@id\":\"https:\/\/www.onetimenexttime.sk\/arduino\/index.php\/produkt\/h7jb-wifi-lcd-electric-heating-thermostat-room-temperature-controller-programmable\/#breadcrumb\"},\"inLanguage\":\"sk-SK\",\"potentialAction\":[{\"@type\":\"ReadAction\",\"target\":[\"https:\/\/www.onetimenexttime.sk\/arduino\/index.php\/produkt\/h7jb-wifi-lcd-electric-heating-thermostat-room-temperature-controller-programmable\/\"]}]},{\"@type\":\"ImageObject\",\"inLanguage\":\"sk-SK\",\"@id\":\"https:\/\/www.onetimenexttime.sk\/arduino\/index.php\/produkt\/h7jb-wifi-lcd-electric-heating-thermostat-room-temperature-controller-programmable\/#primaryimage\",\"url\":\"https:\/\/www.onetimenexttime.sk\/arduino\/wp-content\/uploads\/2021\/10\/192-3.jpg\",\"contentUrl\":\"https:\/\/www.onetimenexttime.sk\/arduino\/wp-content\/uploads\/2021\/10\/192-3.jpg\",\"width\":480,\"height\":483},{\"@type\":\"BreadcrumbList\",\"@id\":\"https:\/\/www.onetimenexttime.sk\/arduino\/index.php\/produkt\/h7jb-wifi-lcd-electric-heating-thermostat-room-temperature-controller-programmable\/#breadcrumb\",\"itemListElement\":[{\"@type\":\"ListItem\",\"position\":1,\"name\":\"Domov\",\"item\":\"https:\/\/www.onetimenexttime.sk\/arduino\/\"},{\"@type\":\"ListItem\",\"position\":2,\"name\":\"Obchod\",\"item\":\"https:\/\/www.onetimenexttime.sk\/arduino\/\"},{\"@type\":\"ListItem\",\"position\":3,\"name\":\"H7JB WIFI LCD Electric Heating Thermostat Room Temperature Controller Programmable\"}]},{\"@type\":\"WebSite\",\"@id\":\"https:\/\/www.onetimenexttime.sk\/arduino\/#website\",\"url\":\"https:\/\/www.onetimenexttime.sk\/arduino\/\",\"name\":\"Arduino e-shop\",\"description\":\"Home Assistant\",\"potentialAction\":[{\"@type\":\"SearchAction\",\"target\":{\"@type\":\"EntryPoint\",\"urlTemplate\":\"https:\/\/www.onetimenexttime.sk\/arduino\/?s={search_term_string}\"},\"query-input\":{\"@type\":\"PropertyValueSpecification\",\"valueRequired\":true,\"valueName\":\"search_term_string\"}}],\"inLanguage\":\"sk-SK\"}]}<\/script>\n<!-- \/ Yoast SEO plugin. -->","yoast_head_json":{"title":"H7JB WIFI LCD Electric Heating Thermostat Room Temperature Controller Programmable - Arduino e-shop","robots":{"index":"index","follow":"follow","max-snippet":"max-snippet:-1","max-image-preview":"max-image-preview:large","max-video-preview":"max-video-preview:-1"},"canonical":"https:\/\/www.onetimenexttime.sk\/arduino\/index.php\/produkt\/h7jb-wifi-lcd-electric-heating-thermostat-room-temperature-controller-programmable\/","og_locale":"sk_SK","og_type":"article","og_title":"H7JB WIFI LCD Electric Heating Thermostat Room Temperature Controller Programmable - Arduino e-shop","og_description":"H7JB WIFI LCD elektrick\u00fd termostat k\u00farenia Regul\u00e1tor izbovej teploty:\u00a0 Programovate\u013en\u00fd H7JB WIFI LCD elektrick\u00fd termostat k\u00farenia Regul\u00e1tor izbovej teploty Programovate\u013en\u00fd&hellip;","og_url":"https:\/\/www.onetimenexttime.sk\/arduino\/index.php\/produkt\/h7jb-wifi-lcd-electric-heating-thermostat-room-temperature-controller-programmable\/","og_site_name":"Arduino e-shop","article_modified_time":"2021-10-30T15:51:25+00:00","og_image":[{"width":480,"height":483,"url":"https:\/\/www.onetimenexttime.sk\/arduino\/wp-content\/uploads\/2021\/10\/192-3.jpg","type":"image\/jpeg"}],"twitter_card":"summary_large_image","twitter_misc":{"Predpokladan\u00fd \u010das \u010d\u00edtania":"1 min\u00fata"},"schema":{"@context":"https:\/\/schema.org","@graph":[{"@type":"WebPage","@id":"https:\/\/www.onetimenexttime.sk\/arduino\/index.php\/produkt\/h7jb-wifi-lcd-electric-heating-thermostat-room-temperature-controller-programmable\/","url":"https:\/\/www.onetimenexttime.sk\/arduino\/index.php\/produkt\/h7jb-wifi-lcd-electric-heating-thermostat-room-temperature-controller-programmable\/","name":"H7JB WIFI LCD Electric Heating Thermostat Room Temperature Controller Programmable - Arduino e-shop","isPartOf":{"@id":"https:\/\/www.onetimenexttime.sk\/arduino\/#website"},"primaryImageOfPage":{"@id":"https:\/\/www.onetimenexttime.sk\/arduino\/index.php\/produkt\/h7jb-wifi-lcd-electric-heating-thermostat-room-temperature-controller-programmable\/#primaryimage"},"image":{"@id":"https:\/\/www.onetimenexttime.sk\/arduino\/index.php\/produkt\/h7jb-wifi-lcd-electric-heating-thermostat-room-temperature-controller-programmable\/#primaryimage"},"thumbnailUrl":"https:\/\/www.onetimenexttime.sk\/arduino\/wp-content\/uploads\/2021\/10\/192-3.jpg","datePublished":"2021-10-30T15:46:15+00:00","dateModified":"2021-10-30T15:51:25+00:00","breadcrumb":{"@id":"https:\/\/www.onetimenexttime.sk\/arduino\/index.php\/produkt\/h7jb-wifi-lcd-electric-heating-thermostat-room-temperature-controller-programmable\/#breadcrumb"},"inLanguage":"sk-SK","potentialAction":[{"@type":"ReadAction","target":["https:\/\/www.onetimenexttime.sk\/arduino\/index.php\/produkt\/h7jb-wifi-lcd-electric-heating-thermostat-room-temperature-controller-programmable\/"]}]},{"@type":"ImageObject","inLanguage":"sk-SK","@id":"https:\/\/www.onetimenexttime.sk\/arduino\/index.php\/produkt\/h7jb-wifi-lcd-electric-heating-thermostat-room-temperature-controller-programmable\/#primaryimage","url":"https:\/\/www.onetimenexttime.sk\/arduino\/wp-content\/uploads\/2021\/10\/192-3.jpg","contentUrl":"https:\/\/www.onetimenexttime.sk\/arduino\/wp-content\/uploads\/2021\/10\/192-3.jpg","width":480,"height":483},{"@type":"BreadcrumbList","@id":"https:\/\/www.onetimenexttime.sk\/arduino\/index.php\/produkt\/h7jb-wifi-lcd-electric-heating-thermostat-room-temperature-controller-programmable\/#breadcrumb","itemListElement":[{"@type":"ListItem","position":1,"name":"Domov","item":"https:\/\/www.onetimenexttime.sk\/arduino\/"},{"@type":"ListItem","position":2,"name":"Obchod","item":"https:\/\/www.onetimenexttime.sk\/arduino\/"},{"@type":"ListItem","position":3,"name":"H7JB WIFI LCD Electric Heating Thermostat Room Temperature Controller Programmable"}]},{"@type":"WebSite","@id":"https:\/\/www.onetimenexttime.sk\/arduino\/#website","url":"https:\/\/www.onetimenexttime.sk\/arduino\/","name":"Arduino e-shop","description":"Home Assistant","potentialAction":[{"@type":"SearchAction","target":{"@type":"EntryPoint","urlTemplate":"https:\/\/www.onetimenexttime.sk\/arduino\/?s={search_term_string}"},"query-input":{"@type":"PropertyValueSpecification","valueRequired":true,"valueName":"search_term_string"}}],"inLanguage":"sk-SK"}]}},"_links":{"self":[{"href":"https:\/\/www.onetimenexttime.sk\/arduino\/index.php\/wp-json\/wp\/v2\/product\/717"}],"collection":[{"href":"https:\/\/www.onetimenexttime.sk\/arduino\/index.php\/wp-json\/wp\/v2\/product"}],"about":[{"href":"https:\/\/www.onetimenexttime.sk\/arduino\/index.php\/wp-json\/wp\/v2\/types\/product"}],"wp:featuredmedia":[{"embeddable":true,"href":"https:\/\/www.onetimenexttime.sk\/arduino\/index.php\/wp-json\/wp\/v2\/media\/718"}],"wp:attachment":[{"href":"https:\/\/www.onetimenexttime.sk\/arduino\/index.php\/wp-json\/wp\/v2\/media?parent=717"}],"wp:term":[{"taxonomy":"product_cat","embeddable":true,"href":"https:\/\/www.onetimenexttime.sk\/arduino\/index.php\/wp-json\/wp\/v2\/product_cat?post=717"},{"taxonomy":"product_tag","embeddable":true,"href":"https:\/\/www.onetimenexttime.sk\/arduino\/index.php\/wp-json\/wp\/v2\/product_tag?post=717"}],"curies":[{"name":"wp","href":"https:\/\/api.w.org\/{rel}","templated":true}]}}