{"id":714,"date":"2021-10-30T17:37:24","date_gmt":"2021-10-30T15:37:24","guid":{"rendered":"https:\/\/www.onetimenexttime.sk\/arduino\/?post_type=product&#038;p=714"},"modified":"2021-10-30T17:41:57","modified_gmt":"2021-10-30T15:41:57","slug":"500w-car-inverter-12v-220v-50hz-auto-inverter-onever-power-converter-inverter","status":"publish","type":"product","link":"https:\/\/www.onetimenexttime.sk\/arduino\/index.php\/produkt\/500w-car-inverter-12v-220v-50hz-auto-inverter-onever-power-converter-inverter\/","title":{"rendered":"500W Car Inverter 12V 220V 50Hz Auto Inverter Onever Power Converter Inverter"},"content":{"rendered":"<h2>500W Auto Invertor 12V 220V 50Hz Z Meni\u010d v\u00fdkonu<\/h2>\n<h2>max v\u00fdkon 1000W<\/h2>\n<p>&nbsp;<\/p>\n<p><strong>Vlastnosti:<\/strong><\/p>\n<p>500W meni\u010d nap\u00e1jania do auta, konvertujte jednosmern\u00e9 12V na striedav\u00e9 220V.<br \/>\nIde\u00e1lne pre pou\u017eitie v aute, nap\u00e1ja notebook\/laptop, DVD prehr\u00e1va\u010d, digit\u00e1lny fotoapar\u00e1t at\u010f.<br \/>\nStabiln\u00e9 a presn\u00e9 v\u00fdstupn\u00e9 nap\u00e4tie.<br \/>\nOchrana proti prehriatiu, ochrana proti pre\u0165a\u017eeniu, ochrana proti prep\u00e4tiu.<br \/>\nZvukov\u00fd alarm n\u00edzkej \u00farovne nabitia bat\u00e9rie pred automatick\u00fdm vypnut\u00edm.<br \/>\nZabudovan\u00fd chladiaci ventil\u00e1tor s n\u00edzkou hlu\u010dnos\u0165ou.<\/p>\n<p><strong>\u0161pecifik\u00e1cia:<\/strong><\/p>\n<p>Typ: Auto Invertor Converter<br \/>\nMateri\u00e1l: hlin\u00edk<br \/>\nMno\u017estvo: 1 ks<br \/>\nFarba: Ako je zn\u00e1zornen\u00e9<br \/>\nVstupn\u00e9 nap\u00e4tie: DC 12V<br \/>\nV\u00fdstupn\u00e9 nap\u00e4tie: AC 220V 50\u00b12HZ, USB 5V<br \/>\nV\u00fdstupn\u00fd v\u00fdkon: 500W<br \/>\n\u0160pi\u010dkov\u00fd v\u00fdkon: 1000W<br \/>\nV\u00fdstupn\u00e1 vlna: tvar Modifikovan\u00e1 s\u00ednusov\u00e1 vlna<br \/>\nAlarm slabej bat\u00e9rie: (bez za\u0165a\u017eenia) DC 10,4~11V<br \/>\nVypnutie pri slabej bat\u00e9rii: (bez za\u0165a\u017eenia) DC 9,7~10,3V<br \/>\nVypnutie pri vysokej bat\u00e9rii: (bez za\u0165a\u017eenia) DC 14,5~15,5V<\/p>\n<p>Bal\u00ed\u010dek:<\/p>\n<p>1 * Auto Invertor Converter<br \/>\n2 * Prip\u00ednad\u00ed dr\u00f4t<\/p>\n","protected":false},"excerpt":{"rendered":"<p>500W Auto Invertor 12V 220V 50Hz Z Meni\u010d v\u00fdkonu max v\u00fdkon 1000W &nbsp; Vlastnosti: 500W meni\u010d nap\u00e1jania do auta, konvertujte&hellip;<\/p>\n","protected":false},"featured_media":716,"template":"","meta":{"_monsterinsights_skip_tracking":false,"_monsterinsights_sitenote_active":false,"_monsterinsights_sitenote_note":"","_monsterinsights_sitenote_category":0},"product_cat":[38,21],"product_tag":[],"class_list":{"0":"post-714","1":"product","2":"type-product","3":"status-publish","4":"has-post-thumbnail","6":"product_cat-auto","7":"product_cat-pw","9":"first","10":"instock","11":"sale","12":"shipping-taxable","13":"purchasable","14":"product-type-simple"},"yoast_head":"<!-- This site is optimized with the Yoast SEO plugin v23.6 - https:\/\/yoast.com\/wordpress\/plugins\/seo\/ -->\n<title>500W Car Inverter 12V 220V 50Hz Auto Inverter Onever Power Converter Inverter - Arduino e-shop<\/title>\n<meta name=\"robots\" content=\"index, follow, max-snippet:-1, max-image-preview:large, max-video-preview:-1\" \/>\n<link rel=\"canonical\" href=\"https:\/\/www.onetimenexttime.sk\/arduino\/index.php\/produkt\/500w-car-inverter-12v-220v-50hz-auto-inverter-onever-power-converter-inverter\/\" \/>\n<meta property=\"og:locale\" content=\"sk_SK\" \/>\n<meta property=\"og:type\" content=\"article\" \/>\n<meta property=\"og:title\" content=\"500W Car Inverter 12V 220V 50Hz Auto Inverter Onever Power Converter Inverter - Arduino e-shop\" \/>\n<meta property=\"og:description\" content=\"500W Auto Invertor 12V 220V 50Hz Z Meni\u010d v\u00fdkonu max v\u00fdkon 1000W &nbsp; Vlastnosti: 500W meni\u010d nap\u00e1jania do auta, konvertujte&hellip;\" \/>\n<meta property=\"og:url\" content=\"https:\/\/www.onetimenexttime.sk\/arduino\/index.php\/produkt\/500w-car-inverter-12v-220v-50hz-auto-inverter-onever-power-converter-inverter\/\" \/>\n<meta property=\"og:site_name\" content=\"Arduino e-shop\" \/>\n<meta property=\"article:modified_time\" content=\"2021-10-30T15:41:57+00:00\" \/>\n<meta property=\"og:image\" content=\"https:\/\/www.onetimenexttime.sk\/arduino\/wp-content\/uploads\/2021\/10\/191-1.jpg\" \/>\n\t<meta property=\"og:image:width\" content=\"480\" \/>\n\t<meta property=\"og:image:height\" content=\"483\" \/>\n\t<meta property=\"og:image:type\" content=\"image\/jpeg\" \/>\n<meta name=\"twitter:card\" content=\"summary_large_image\" \/>\n<meta name=\"twitter:label1\" content=\"Predpokladan\u00fd \u010das \u010d\u00edtania\" \/>\n\t<meta name=\"twitter:data1\" content=\"1 min\u00fata\" \/>\n<script type=\"application\/ld+json\" class=\"yoast-schema-graph\">{\"@context\":\"https:\/\/schema.org\",\"@graph\":[{\"@type\":\"WebPage\",\"@id\":\"https:\/\/www.onetimenexttime.sk\/arduino\/index.php\/produkt\/500w-car-inverter-12v-220v-50hz-auto-inverter-onever-power-converter-inverter\/\",\"url\":\"https:\/\/www.onetimenexttime.sk\/arduino\/index.php\/produkt\/500w-car-inverter-12v-220v-50hz-auto-inverter-onever-power-converter-inverter\/\",\"name\":\"500W Car Inverter 12V 220V 50Hz Auto Inverter Onever Power Converter Inverter - Arduino e-shop\",\"isPartOf\":{\"@id\":\"https:\/\/www.onetimenexttime.sk\/arduino\/#website\"},\"primaryImageOfPage\":{\"@id\":\"https:\/\/www.onetimenexttime.sk\/arduino\/index.php\/produkt\/500w-car-inverter-12v-220v-50hz-auto-inverter-onever-power-converter-inverter\/#primaryimage\"},\"image\":{\"@id\":\"https:\/\/www.onetimenexttime.sk\/arduino\/index.php\/produkt\/500w-car-inverter-12v-220v-50hz-auto-inverter-onever-power-converter-inverter\/#primaryimage\"},\"thumbnailUrl\":\"https:\/\/www.onetimenexttime.sk\/arduino\/wp-content\/uploads\/2021\/10\/191-1.jpg\",\"datePublished\":\"2021-10-30T15:37:24+00:00\",\"dateModified\":\"2021-10-30T15:41:57+00:00\",\"breadcrumb\":{\"@id\":\"https:\/\/www.onetimenexttime.sk\/arduino\/index.php\/produkt\/500w-car-inverter-12v-220v-50hz-auto-inverter-onever-power-converter-inverter\/#breadcrumb\"},\"inLanguage\":\"sk-SK\",\"potentialAction\":[{\"@type\":\"ReadAction\",\"target\":[\"https:\/\/www.onetimenexttime.sk\/arduino\/index.php\/produkt\/500w-car-inverter-12v-220v-50hz-auto-inverter-onever-power-converter-inverter\/\"]}]},{\"@type\":\"ImageObject\",\"inLanguage\":\"sk-SK\",\"@id\":\"https:\/\/www.onetimenexttime.sk\/arduino\/index.php\/produkt\/500w-car-inverter-12v-220v-50hz-auto-inverter-onever-power-converter-inverter\/#primaryimage\",\"url\":\"https:\/\/www.onetimenexttime.sk\/arduino\/wp-content\/uploads\/2021\/10\/191-1.jpg\",\"contentUrl\":\"https:\/\/www.onetimenexttime.sk\/arduino\/wp-content\/uploads\/2021\/10\/191-1.jpg\",\"width\":480,\"height\":483},{\"@type\":\"BreadcrumbList\",\"@id\":\"https:\/\/www.onetimenexttime.sk\/arduino\/index.php\/produkt\/500w-car-inverter-12v-220v-50hz-auto-inverter-onever-power-converter-inverter\/#breadcrumb\",\"itemListElement\":[{\"@type\":\"ListItem\",\"position\":1,\"name\":\"Domov\",\"item\":\"https:\/\/www.onetimenexttime.sk\/arduino\/\"},{\"@type\":\"ListItem\",\"position\":2,\"name\":\"Obchod\",\"item\":\"https:\/\/www.onetimenexttime.sk\/arduino\/\"},{\"@type\":\"ListItem\",\"position\":3,\"name\":\"500W Car Inverter 12V 220V 50Hz Auto Inverter Onever Power Converter Inverter\"}]},{\"@type\":\"WebSite\",\"@id\":\"https:\/\/www.onetimenexttime.sk\/arduino\/#website\",\"url\":\"https:\/\/www.onetimenexttime.sk\/arduino\/\",\"name\":\"Arduino e-shop\",\"description\":\"Home Assistant\",\"potentialAction\":[{\"@type\":\"SearchAction\",\"target\":{\"@type\":\"EntryPoint\",\"urlTemplate\":\"https:\/\/www.onetimenexttime.sk\/arduino\/?s={search_term_string}\"},\"query-input\":{\"@type\":\"PropertyValueSpecification\",\"valueRequired\":true,\"valueName\":\"search_term_string\"}}],\"inLanguage\":\"sk-SK\"}]}<\/script>\n<!-- \/ Yoast SEO plugin. -->","yoast_head_json":{"title":"500W Car Inverter 12V 220V 50Hz Auto Inverter Onever Power Converter Inverter - Arduino e-shop","robots":{"index":"index","follow":"follow","max-snippet":"max-snippet:-1","max-image-preview":"max-image-preview:large","max-video-preview":"max-video-preview:-1"},"canonical":"https:\/\/www.onetimenexttime.sk\/arduino\/index.php\/produkt\/500w-car-inverter-12v-220v-50hz-auto-inverter-onever-power-converter-inverter\/","og_locale":"sk_SK","og_type":"article","og_title":"500W Car Inverter 12V 220V 50Hz Auto Inverter Onever Power Converter Inverter - Arduino e-shop","og_description":"500W Auto Invertor 12V 220V 50Hz Z Meni\u010d v\u00fdkonu max v\u00fdkon 1000W &nbsp; Vlastnosti: 500W meni\u010d nap\u00e1jania do auta, konvertujte&hellip;","og_url":"https:\/\/www.onetimenexttime.sk\/arduino\/index.php\/produkt\/500w-car-inverter-12v-220v-50hz-auto-inverter-onever-power-converter-inverter\/","og_site_name":"Arduino e-shop","article_modified_time":"2021-10-30T15:41:57+00:00","og_image":[{"width":480,"height":483,"url":"https:\/\/www.onetimenexttime.sk\/arduino\/wp-content\/uploads\/2021\/10\/191-1.jpg","type":"image\/jpeg"}],"twitter_card":"summary_large_image","twitter_misc":{"Predpokladan\u00fd \u010das \u010d\u00edtania":"1 min\u00fata"},"schema":{"@context":"https:\/\/schema.org","@graph":[{"@type":"WebPage","@id":"https:\/\/www.onetimenexttime.sk\/arduino\/index.php\/produkt\/500w-car-inverter-12v-220v-50hz-auto-inverter-onever-power-converter-inverter\/","url":"https:\/\/www.onetimenexttime.sk\/arduino\/index.php\/produkt\/500w-car-inverter-12v-220v-50hz-auto-inverter-onever-power-converter-inverter\/","name":"500W Car Inverter 12V 220V 50Hz Auto Inverter Onever Power Converter Inverter - Arduino e-shop","isPartOf":{"@id":"https:\/\/www.onetimenexttime.sk\/arduino\/#website"},"primaryImageOfPage":{"@id":"https:\/\/www.onetimenexttime.sk\/arduino\/index.php\/produkt\/500w-car-inverter-12v-220v-50hz-auto-inverter-onever-power-converter-inverter\/#primaryimage"},"image":{"@id":"https:\/\/www.onetimenexttime.sk\/arduino\/index.php\/produkt\/500w-car-inverter-12v-220v-50hz-auto-inverter-onever-power-converter-inverter\/#primaryimage"},"thumbnailUrl":"https:\/\/www.onetimenexttime.sk\/arduino\/wp-content\/uploads\/2021\/10\/191-1.jpg","datePublished":"2021-10-30T15:37:24+00:00","dateModified":"2021-10-30T15:41:57+00:00","breadcrumb":{"@id":"https:\/\/www.onetimenexttime.sk\/arduino\/index.php\/produkt\/500w-car-inverter-12v-220v-50hz-auto-inverter-onever-power-converter-inverter\/#breadcrumb"},"inLanguage":"sk-SK","potentialAction":[{"@type":"ReadAction","target":["https:\/\/www.onetimenexttime.sk\/arduino\/index.php\/produkt\/500w-car-inverter-12v-220v-50hz-auto-inverter-onever-power-converter-inverter\/"]}]},{"@type":"ImageObject","inLanguage":"sk-SK","@id":"https:\/\/www.onetimenexttime.sk\/arduino\/index.php\/produkt\/500w-car-inverter-12v-220v-50hz-auto-inverter-onever-power-converter-inverter\/#primaryimage","url":"https:\/\/www.onetimenexttime.sk\/arduino\/wp-content\/uploads\/2021\/10\/191-1.jpg","contentUrl":"https:\/\/www.onetimenexttime.sk\/arduino\/wp-content\/uploads\/2021\/10\/191-1.jpg","width":480,"height":483},{"@type":"BreadcrumbList","@id":"https:\/\/www.onetimenexttime.sk\/arduino\/index.php\/produkt\/500w-car-inverter-12v-220v-50hz-auto-inverter-onever-power-converter-inverter\/#breadcrumb","itemListElement":[{"@type":"ListItem","position":1,"name":"Domov","item":"https:\/\/www.onetimenexttime.sk\/arduino\/"},{"@type":"ListItem","position":2,"name":"Obchod","item":"https:\/\/www.onetimenexttime.sk\/arduino\/"},{"@type":"ListItem","position":3,"name":"500W Car Inverter 12V 220V 50Hz Auto Inverter Onever Power Converter Inverter"}]},{"@type":"WebSite","@id":"https:\/\/www.onetimenexttime.sk\/arduino\/#website","url":"https:\/\/www.onetimenexttime.sk\/arduino\/","name":"Arduino e-shop","description":"Home Assistant","potentialAction":[{"@type":"SearchAction","target":{"@type":"EntryPoint","urlTemplate":"https:\/\/www.onetimenexttime.sk\/arduino\/?s={search_term_string}"},"query-input":{"@type":"PropertyValueSpecification","valueRequired":true,"valueName":"search_term_string"}}],"inLanguage":"sk-SK"}]}},"_links":{"self":[{"href":"https:\/\/www.onetimenexttime.sk\/arduino\/index.php\/wp-json\/wp\/v2\/product\/714"}],"collection":[{"href":"https:\/\/www.onetimenexttime.sk\/arduino\/index.php\/wp-json\/wp\/v2\/product"}],"about":[{"href":"https:\/\/www.onetimenexttime.sk\/arduino\/index.php\/wp-json\/wp\/v2\/types\/product"}],"wp:featuredmedia":[{"embeddable":true,"href":"https:\/\/www.onetimenexttime.sk\/arduino\/index.php\/wp-json\/wp\/v2\/media\/716"}],"wp:attachment":[{"href":"https:\/\/www.onetimenexttime.sk\/arduino\/index.php\/wp-json\/wp\/v2\/media?parent=714"}],"wp:term":[{"taxonomy":"product_cat","embeddable":true,"href":"https:\/\/www.onetimenexttime.sk\/arduino\/index.php\/wp-json\/wp\/v2\/product_cat?post=714"},{"taxonomy":"product_tag","embeddable":true,"href":"https:\/\/www.onetimenexttime.sk\/arduino\/index.php\/wp-json\/wp\/v2\/product_tag?post=714"}],"curies":[{"name":"wp","href":"https:\/\/api.w.org\/{rel}","templated":true}]}}