{"id":704,"date":"2021-10-30T17:19:11","date_gmt":"2021-10-30T15:19:11","guid":{"rendered":"https:\/\/www.onetimenexttime.sk\/arduino\/?post_type=product&#038;p=704"},"modified":"2021-10-30T17:24:00","modified_gmt":"2021-10-30T15:24:00","slug":"300m-wall-embedded-wireless-wifi-ap-router-usb-socket-outlet-wall-charger-wifi-smart-socket-electric-usb-wall-sockets","status":"publish","type":"product","link":"https:\/\/www.onetimenexttime.sk\/arduino\/index.php\/produkt\/300m-wall-embedded-wireless-wifi-ap-router-usb-socket-outlet-wall-charger-wifi-smart-socket-electric-usb-wall-sockets\/","title":{"rendered":"300M Wall Embedded Wireless WIFI AP Router USB Socket Outlet Wall Charger WiFi Smart Socket Electric USB Wall Sockets"},"content":{"rendered":"<h2>300 m n\u00e1stenn\u00fd bezdr\u00f4tov\u00fd WIFI AP smerova\u010d USB z\u00e1suvka n\u00e1stenn\u00e1 nab\u00edja\u010dka WiFi inteligentn\u00e1 z\u00e1suvka Elektrick\u00e9 n\u00e1stenn\u00e9 USB z\u00e1suvky<\/h2>\n<p><strong>Vlastnosti:<\/strong><\/p>\n<p>1. Priamy pr\u00edstup k elektrickej sieti AC 220 V, \u017eiadny \u010fal\u0161\u00ed nap\u00e1jac\u00ed adapt\u00e9r.<\/p>\n<p>2. Vstavan\u00e1 glob\u00e1lna \u0161pi\u010dkov\u00e1 ant\u00e9na, super sign\u00e1l, pokrytie je \u0161ir\u0161ie a silnej\u0161ia penetr\u00e1cia vzduchu.<\/p>\n<p>3. 5V, 1500mA v\u00fdstupn\u00fd v\u00fdkon USB, pre ve\u013ek\u00fa v\u00e4\u010d\u0161inu zariaden\u00ed, ako s\u00fa mobiln\u00e9 telef\u00f3ny, tablety, st\u00e1ro\u010dn\u00e9 r\u00fdchle nab\u00edjanie.<\/p>\n<p>4. Podpora LAN v\u00fdstupu, v\u00fdber k\u00e1blovej a bezdr\u00f4tovej siete.<\/p>\n<p>5. USB rozhranie je mo\u017en\u00e9 vlo\u017ei\u0165 U disk, mobiln\u00fd pevn\u00fd disk;<\/p>\n<p>6. Hardv\u00e9r, WPS, dizajn r\u00fdchleho prechodu WIFI, u\u013eah\u010denie linky ochrany heslom a zapnutie alebo vypnutie sign\u00e1lu WIFI.<\/p>\n<p>7. Pohodln\u00e1 funkcia rel\u00e9 m\u00f4\u017ee v\u00fdrazne roz\u0161\u00edri\u0165 obra a u\u0161etri\u0165 ve\u013ea sie\u0165ovej kabel\u00e1\u017ee.<\/p>\n<p>&nbsp;<\/p>\n<p><strong>Technick\u00e9 \u00fadaje:<\/strong><br \/>\n1. S 1 portom USB.<br \/>\n2. USB v\u00fdstup: celkom 5V 1,5A.<br \/>\n3. Vstup: 110~250V, 50\/60Hz, 0,4A<br \/>\n4. Menovit\u00e9 nap\u00e4tie (nap\u00e4tia): 250 V AC\/50 Hz<br \/>\n5. Menovit\u00fd pr\u00fad: 10A<br \/>\n6. Zabezpe\u010denie uzemnenia: S uzem\u0148ovac\u00edm kontaktom<br \/>\n7. Stupe\u0148 ochrany pred \u00farazom elektrick\u00fdm pr\u00fadom: So zv\u00fd\u0161enou ochranou<br \/>\n8. Typ svoriek: Skrutkov\u00e9<br \/>\n9. Rozmer: 86mm x 86mm<br \/>\n10.Farba: Biela\/Zlat\u00e1\/\u010cierna\/Siv\u00e1<\/p>\n<p><strong>Balenie obsahuje:<\/strong><\/p>\n<p>1 x n\u00e1stenn\u00fd smerova\u010d<\/p>\n<p>1 x N\u00e1vod na pou\u017eitie<\/p>\n<p>2 x skrutky<\/p>\n","protected":false},"excerpt":{"rendered":"<p>300 m n\u00e1stenn\u00fd bezdr\u00f4tov\u00fd WIFI AP smerova\u010d USB z\u00e1suvka n\u00e1stenn\u00e1 nab\u00edja\u010dka WiFi inteligentn\u00e1 z\u00e1suvka Elektrick\u00e9 n\u00e1stenn\u00e9 USB z\u00e1suvky Vlastnosti: 1.&hellip;<\/p>\n","protected":false},"featured_media":708,"template":"","meta":{"_monsterinsights_skip_tracking":false,"_monsterinsights_sitenote_active":false,"_monsterinsights_sitenote_note":"","_monsterinsights_sitenote_category":0},"product_cat":[42,40],"product_tag":[],"class_list":{"0":"post-704","1":"product","2":"type-product","3":"status-publish","4":"has-post-thumbnail","6":"product_cat-smart","7":"product_cat-wifi-2","9":"first","10":"instock","11":"shipping-taxable","12":"purchasable","13":"product-type-simple"},"yoast_head":"<!-- This site is optimized with the Yoast SEO plugin v23.6 - https:\/\/yoast.com\/wordpress\/plugins\/seo\/ -->\n<title>300M Wall Embedded Wireless WIFI AP Router USB Socket Outlet Wall Charger WiFi Smart Socket Electric USB Wall Sockets - Arduino e-shop<\/title>\n<meta name=\"robots\" content=\"index, follow, max-snippet:-1, max-image-preview:large, max-video-preview:-1\" \/>\n<link rel=\"canonical\" href=\"https:\/\/www.onetimenexttime.sk\/arduino\/index.php\/produkt\/300m-wall-embedded-wireless-wifi-ap-router-usb-socket-outlet-wall-charger-wifi-smart-socket-electric-usb-wall-sockets\/\" \/>\n<meta property=\"og:locale\" content=\"sk_SK\" \/>\n<meta property=\"og:type\" content=\"article\" \/>\n<meta property=\"og:title\" content=\"300M Wall Embedded Wireless WIFI AP Router USB Socket Outlet Wall Charger WiFi Smart Socket Electric USB Wall Sockets - Arduino e-shop\" \/>\n<meta property=\"og:description\" content=\"300 m n\u00e1stenn\u00fd bezdr\u00f4tov\u00fd WIFI AP smerova\u010d USB z\u00e1suvka n\u00e1stenn\u00e1 nab\u00edja\u010dka WiFi inteligentn\u00e1 z\u00e1suvka Elektrick\u00e9 n\u00e1stenn\u00e9 USB z\u00e1suvky Vlastnosti: 1.&hellip;\" \/>\n<meta property=\"og:url\" content=\"https:\/\/www.onetimenexttime.sk\/arduino\/index.php\/produkt\/300m-wall-embedded-wireless-wifi-ap-router-usb-socket-outlet-wall-charger-wifi-smart-socket-electric-usb-wall-sockets\/\" \/>\n<meta property=\"og:site_name\" content=\"Arduino e-shop\" \/>\n<meta property=\"article:modified_time\" content=\"2021-10-30T15:24:00+00:00\" \/>\n<meta property=\"og:image\" content=\"https:\/\/www.onetimenexttime.sk\/arduino\/wp-content\/uploads\/2021\/10\/189.jpg\" \/>\n\t<meta property=\"og:image:width\" content=\"480\" \/>\n\t<meta property=\"og:image:height\" content=\"483\" \/>\n\t<meta property=\"og:image:type\" content=\"image\/jpeg\" \/>\n<meta name=\"twitter:card\" content=\"summary_large_image\" \/>\n<meta name=\"twitter:label1\" content=\"Predpokladan\u00fd \u010das \u010d\u00edtania\" \/>\n\t<meta name=\"twitter:data1\" content=\"1 min\u00fata\" \/>\n<script type=\"application\/ld+json\" class=\"yoast-schema-graph\">{\"@context\":\"https:\/\/schema.org\",\"@graph\":[{\"@type\":\"WebPage\",\"@id\":\"https:\/\/www.onetimenexttime.sk\/arduino\/index.php\/produkt\/300m-wall-embedded-wireless-wifi-ap-router-usb-socket-outlet-wall-charger-wifi-smart-socket-electric-usb-wall-sockets\/\",\"url\":\"https:\/\/www.onetimenexttime.sk\/arduino\/index.php\/produkt\/300m-wall-embedded-wireless-wifi-ap-router-usb-socket-outlet-wall-charger-wifi-smart-socket-electric-usb-wall-sockets\/\",\"name\":\"300M Wall Embedded Wireless WIFI AP Router USB Socket Outlet Wall Charger WiFi Smart Socket Electric USB Wall Sockets - Arduino e-shop\",\"isPartOf\":{\"@id\":\"https:\/\/www.onetimenexttime.sk\/arduino\/#website\"},\"primaryImageOfPage\":{\"@id\":\"https:\/\/www.onetimenexttime.sk\/arduino\/index.php\/produkt\/300m-wall-embedded-wireless-wifi-ap-router-usb-socket-outlet-wall-charger-wifi-smart-socket-electric-usb-wall-sockets\/#primaryimage\"},\"image\":{\"@id\":\"https:\/\/www.onetimenexttime.sk\/arduino\/index.php\/produkt\/300m-wall-embedded-wireless-wifi-ap-router-usb-socket-outlet-wall-charger-wifi-smart-socket-electric-usb-wall-sockets\/#primaryimage\"},\"thumbnailUrl\":\"https:\/\/www.onetimenexttime.sk\/arduino\/wp-content\/uploads\/2021\/10\/189.jpg\",\"datePublished\":\"2021-10-30T15:19:11+00:00\",\"dateModified\":\"2021-10-30T15:24:00+00:00\",\"breadcrumb\":{\"@id\":\"https:\/\/www.onetimenexttime.sk\/arduino\/index.php\/produkt\/300m-wall-embedded-wireless-wifi-ap-router-usb-socket-outlet-wall-charger-wifi-smart-socket-electric-usb-wall-sockets\/#breadcrumb\"},\"inLanguage\":\"sk-SK\",\"potentialAction\":[{\"@type\":\"ReadAction\",\"target\":[\"https:\/\/www.onetimenexttime.sk\/arduino\/index.php\/produkt\/300m-wall-embedded-wireless-wifi-ap-router-usb-socket-outlet-wall-charger-wifi-smart-socket-electric-usb-wall-sockets\/\"]}]},{\"@type\":\"ImageObject\",\"inLanguage\":\"sk-SK\",\"@id\":\"https:\/\/www.onetimenexttime.sk\/arduino\/index.php\/produkt\/300m-wall-embedded-wireless-wifi-ap-router-usb-socket-outlet-wall-charger-wifi-smart-socket-electric-usb-wall-sockets\/#primaryimage\",\"url\":\"https:\/\/www.onetimenexttime.sk\/arduino\/wp-content\/uploads\/2021\/10\/189.jpg\",\"contentUrl\":\"https:\/\/www.onetimenexttime.sk\/arduino\/wp-content\/uploads\/2021\/10\/189.jpg\",\"width\":480,\"height\":483},{\"@type\":\"BreadcrumbList\",\"@id\":\"https:\/\/www.onetimenexttime.sk\/arduino\/index.php\/produkt\/300m-wall-embedded-wireless-wifi-ap-router-usb-socket-outlet-wall-charger-wifi-smart-socket-electric-usb-wall-sockets\/#breadcrumb\",\"itemListElement\":[{\"@type\":\"ListItem\",\"position\":1,\"name\":\"Domov\",\"item\":\"https:\/\/www.onetimenexttime.sk\/arduino\/\"},{\"@type\":\"ListItem\",\"position\":2,\"name\":\"Obchod\",\"item\":\"https:\/\/www.onetimenexttime.sk\/arduino\/\"},{\"@type\":\"ListItem\",\"position\":3,\"name\":\"300M Wall Embedded Wireless WIFI AP Router USB Socket Outlet Wall Charger WiFi Smart Socket Electric USB Wall Sockets\"}]},{\"@type\":\"WebSite\",\"@id\":\"https:\/\/www.onetimenexttime.sk\/arduino\/#website\",\"url\":\"https:\/\/www.onetimenexttime.sk\/arduino\/\",\"name\":\"Arduino e-shop\",\"description\":\"Home Assistant\",\"potentialAction\":[{\"@type\":\"SearchAction\",\"target\":{\"@type\":\"EntryPoint\",\"urlTemplate\":\"https:\/\/www.onetimenexttime.sk\/arduino\/?s={search_term_string}\"},\"query-input\":{\"@type\":\"PropertyValueSpecification\",\"valueRequired\":true,\"valueName\":\"search_term_string\"}}],\"inLanguage\":\"sk-SK\"}]}<\/script>\n<!-- \/ Yoast SEO plugin. -->","yoast_head_json":{"title":"300M Wall Embedded Wireless WIFI AP Router USB Socket Outlet Wall Charger WiFi Smart Socket Electric USB Wall Sockets - Arduino e-shop","robots":{"index":"index","follow":"follow","max-snippet":"max-snippet:-1","max-image-preview":"max-image-preview:large","max-video-preview":"max-video-preview:-1"},"canonical":"https:\/\/www.onetimenexttime.sk\/arduino\/index.php\/produkt\/300m-wall-embedded-wireless-wifi-ap-router-usb-socket-outlet-wall-charger-wifi-smart-socket-electric-usb-wall-sockets\/","og_locale":"sk_SK","og_type":"article","og_title":"300M Wall Embedded Wireless WIFI AP Router USB Socket Outlet Wall Charger WiFi Smart Socket Electric USB Wall Sockets - Arduino e-shop","og_description":"300 m n\u00e1stenn\u00fd bezdr\u00f4tov\u00fd WIFI AP smerova\u010d USB z\u00e1suvka n\u00e1stenn\u00e1 nab\u00edja\u010dka WiFi inteligentn\u00e1 z\u00e1suvka Elektrick\u00e9 n\u00e1stenn\u00e9 USB z\u00e1suvky Vlastnosti: 1.&hellip;","og_url":"https:\/\/www.onetimenexttime.sk\/arduino\/index.php\/produkt\/300m-wall-embedded-wireless-wifi-ap-router-usb-socket-outlet-wall-charger-wifi-smart-socket-electric-usb-wall-sockets\/","og_site_name":"Arduino e-shop","article_modified_time":"2021-10-30T15:24:00+00:00","og_image":[{"width":480,"height":483,"url":"https:\/\/www.onetimenexttime.sk\/arduino\/wp-content\/uploads\/2021\/10\/189.jpg","type":"image\/jpeg"}],"twitter_card":"summary_large_image","twitter_misc":{"Predpokladan\u00fd \u010das \u010d\u00edtania":"1 min\u00fata"},"schema":{"@context":"https:\/\/schema.org","@graph":[{"@type":"WebPage","@id":"https:\/\/www.onetimenexttime.sk\/arduino\/index.php\/produkt\/300m-wall-embedded-wireless-wifi-ap-router-usb-socket-outlet-wall-charger-wifi-smart-socket-electric-usb-wall-sockets\/","url":"https:\/\/www.onetimenexttime.sk\/arduino\/index.php\/produkt\/300m-wall-embedded-wireless-wifi-ap-router-usb-socket-outlet-wall-charger-wifi-smart-socket-electric-usb-wall-sockets\/","name":"300M Wall Embedded Wireless WIFI AP Router USB Socket Outlet Wall Charger WiFi Smart Socket Electric USB Wall Sockets - Arduino e-shop","isPartOf":{"@id":"https:\/\/www.onetimenexttime.sk\/arduino\/#website"},"primaryImageOfPage":{"@id":"https:\/\/www.onetimenexttime.sk\/arduino\/index.php\/produkt\/300m-wall-embedded-wireless-wifi-ap-router-usb-socket-outlet-wall-charger-wifi-smart-socket-electric-usb-wall-sockets\/#primaryimage"},"image":{"@id":"https:\/\/www.onetimenexttime.sk\/arduino\/index.php\/produkt\/300m-wall-embedded-wireless-wifi-ap-router-usb-socket-outlet-wall-charger-wifi-smart-socket-electric-usb-wall-sockets\/#primaryimage"},"thumbnailUrl":"https:\/\/www.onetimenexttime.sk\/arduino\/wp-content\/uploads\/2021\/10\/189.jpg","datePublished":"2021-10-30T15:19:11+00:00","dateModified":"2021-10-30T15:24:00+00:00","breadcrumb":{"@id":"https:\/\/www.onetimenexttime.sk\/arduino\/index.php\/produkt\/300m-wall-embedded-wireless-wifi-ap-router-usb-socket-outlet-wall-charger-wifi-smart-socket-electric-usb-wall-sockets\/#breadcrumb"},"inLanguage":"sk-SK","potentialAction":[{"@type":"ReadAction","target":["https:\/\/www.onetimenexttime.sk\/arduino\/index.php\/produkt\/300m-wall-embedded-wireless-wifi-ap-router-usb-socket-outlet-wall-charger-wifi-smart-socket-electric-usb-wall-sockets\/"]}]},{"@type":"ImageObject","inLanguage":"sk-SK","@id":"https:\/\/www.onetimenexttime.sk\/arduino\/index.php\/produkt\/300m-wall-embedded-wireless-wifi-ap-router-usb-socket-outlet-wall-charger-wifi-smart-socket-electric-usb-wall-sockets\/#primaryimage","url":"https:\/\/www.onetimenexttime.sk\/arduino\/wp-content\/uploads\/2021\/10\/189.jpg","contentUrl":"https:\/\/www.onetimenexttime.sk\/arduino\/wp-content\/uploads\/2021\/10\/189.jpg","width":480,"height":483},{"@type":"BreadcrumbList","@id":"https:\/\/www.onetimenexttime.sk\/arduino\/index.php\/produkt\/300m-wall-embedded-wireless-wifi-ap-router-usb-socket-outlet-wall-charger-wifi-smart-socket-electric-usb-wall-sockets\/#breadcrumb","itemListElement":[{"@type":"ListItem","position":1,"name":"Domov","item":"https:\/\/www.onetimenexttime.sk\/arduino\/"},{"@type":"ListItem","position":2,"name":"Obchod","item":"https:\/\/www.onetimenexttime.sk\/arduino\/"},{"@type":"ListItem","position":3,"name":"300M Wall Embedded Wireless WIFI AP Router USB Socket Outlet Wall Charger WiFi Smart Socket Electric USB Wall Sockets"}]},{"@type":"WebSite","@id":"https:\/\/www.onetimenexttime.sk\/arduino\/#website","url":"https:\/\/www.onetimenexttime.sk\/arduino\/","name":"Arduino e-shop","description":"Home Assistant","potentialAction":[{"@type":"SearchAction","target":{"@type":"EntryPoint","urlTemplate":"https:\/\/www.onetimenexttime.sk\/arduino\/?s={search_term_string}"},"query-input":{"@type":"PropertyValueSpecification","valueRequired":true,"valueName":"search_term_string"}}],"inLanguage":"sk-SK"}]}},"_links":{"self":[{"href":"https:\/\/www.onetimenexttime.sk\/arduino\/index.php\/wp-json\/wp\/v2\/product\/704"}],"collection":[{"href":"https:\/\/www.onetimenexttime.sk\/arduino\/index.php\/wp-json\/wp\/v2\/product"}],"about":[{"href":"https:\/\/www.onetimenexttime.sk\/arduino\/index.php\/wp-json\/wp\/v2\/types\/product"}],"wp:featuredmedia":[{"embeddable":true,"href":"https:\/\/www.onetimenexttime.sk\/arduino\/index.php\/wp-json\/wp\/v2\/media\/708"}],"wp:attachment":[{"href":"https:\/\/www.onetimenexttime.sk\/arduino\/index.php\/wp-json\/wp\/v2\/media?parent=704"}],"wp:term":[{"taxonomy":"product_cat","embeddable":true,"href":"https:\/\/www.onetimenexttime.sk\/arduino\/index.php\/wp-json\/wp\/v2\/product_cat?post=704"},{"taxonomy":"product_tag","embeddable":true,"href":"https:\/\/www.onetimenexttime.sk\/arduino\/index.php\/wp-json\/wp\/v2\/product_tag?post=704"}],"curies":[{"name":"wp","href":"https:\/\/api.w.org\/{rel}","templated":true}]}}