{"id":700,"date":"2021-10-30T17:14:13","date_gmt":"2021-10-30T15:14:13","guid":{"rendered":"https:\/\/www.onetimenexttime.sk\/arduino\/?post_type=product&#038;p=700"},"modified":"2021-10-30T17:24:42","modified_gmt":"2021-10-30T15:24:42","slug":"300-mbps-wall-wifi-repeater-wireless-router-wifi-booster-universal-signal-amplifier-with-usb-charger-long-range-wifi-repeater","status":"publish","type":"product","link":"https:\/\/www.onetimenexttime.sk\/arduino\/index.php\/produkt\/300-mbps-wall-wifi-repeater-wireless-router-wifi-booster-universal-signal-amplifier-with-usb-charger-long-range-wifi-repeater\/","title":{"rendered":"300 Mbps Wall WiFi Repeater Wireless Router Wifi Booster Universal Signal Amplifier With USB Charger Long Range Wifi Repeater"},"content":{"rendered":"<h2>300 Mbps n\u00e1stenn\u00fd WiFi opakova\u010d Bezdr\u00f4tov\u00fd smerova\u010d Wifi Booster Univerz\u00e1lny zosil\u0148ova\u010d sign\u00e1lu s USB nab\u00edja\u010dkou Wifi Repeater s dlh\u00fdm dosahom<\/h2>\n<p>AP vn\u00fatorn\u00fd stenov\u00fd vstavan\u00fd bezdr\u00f4tov\u00fd WiFi 86 panelov\u00fd dom\u00e1ci smerova\u010d.<br \/>\nProfesion\u00e1lny dizajn pre hotelov\u00e9 a dom\u00e1ce dekora\u010dn\u00e9 produkty WiFi pr\u00edstupov\u00fd bod, ktor\u00fd pou\u017e\u00edvate\u013eom poskytuje pohodln\u00fa slu\u017ebu WLAN pomocou \u0161tandardn\u00fdch 86 boxov, s existuj\u00facou \u0161trukt\u00farou budovy, bez toho, aby ste spotrebovali viac \u010dasu a n\u00e1kladov, m\u00f4\u017eete jednoducho vytvori\u0165 bezdr\u00f4tov\u00fa sie\u0165.<br \/>\nSoftv\u00e9rov\u00fd sprievodca pre jednoduch\u00e9 nastavenie. Podpora re\u017eimu bezdr\u00f4tov\u00e9ho opakova\u010da a \u0161tandardn\u00e9ho re\u017eimu AP.<br \/>\nPoskytuje jeden 10\/100 Mbps auto-negotiation Ethernet LAN port.<\/p>\n<p><strong>Nap\u00e1janie:<\/strong> Podporujte AC nap\u00e1janie (100V-240V), alebo POE 24V.<br \/>\n1 * 10 \/ 100Base-Tx POE WAN port (port s internou kabel\u00e1\u017eou, tmav\u00fd pr\u00edstup)<br \/>\n1 * 10 \/ 100 Base-Tx LAN port<br \/>\n1 * RJ11 telef\u00f3nne porty<br \/>\n1* tla\u010didlo WPS na vybudovanie bezpe\u010dn\u00e9ho bezdr\u00f4tov\u00e9ho internetu<br \/>\n1* Resetovacie tla\u010didlo<br \/>\n1* 220V rozhranie (volite\u013en\u00e9 extern\u00e9 nap\u00e1janie)<br \/>\nPredvolen\u00e1 webov\u00e1 adresa: 192.168.11.1<br \/>\nPredvolen\u00e9 prihlasovacie meno: admin<br \/>\nHeslo: admin<br \/>\nV\u00fdkon Menej ako 5W<br \/>\n<strong>Ant\u00e9na:<\/strong> V\u0161esmerov\u00e1 Vstavan\u00e1 3dB ant\u00e9na<br \/>\n\u0160tandardy technol\u00f3gie WiFi:<br \/>\nIEEE 802.11a\/b\/g\/n 2,4 GHz<br \/>\nIEEE802.3af Power Over Ethernet<br \/>\nNajvy\u0161\u0161ia r\u00fdchlos\u0165 bezdr\u00f4tov\u00e9ho pripojenia IEEE802.11n 150 Mbps<br \/>\nMaxim\u00e1lny v\u00fdstupn\u00fd v\u00fdkon: 20dBm<br \/>\nFrekven\u010dn\u00fd rozsah: 2,4-2,484 GHz<br \/>\n\u0160\u00edrka p\u00e1sma kan\u00e1la: 20 \/ 40 MHz<br \/>\nRe\u017eim modul\u00e1cie: OFDM DSSS BPSK QPSK CCK<br \/>\nBezdr\u00f4tov\u00e9 zabezpe\u010denie: WEP, WPA-PSK, WPA-TKIP, WPA2 AES<br \/>\nComputer Setup: \u0160tart, Ovl\u00e1dac\u00ed panel, Sie\u0165 a Internet, Centrum siet\u00ed a zdie\u013eania, Zmeni\u0165 adapt\u00e9r<br \/>\nnastavenia, Bezdr\u00f4tov\u00e9 pripojenie k sieti, Atrib\u00fat, Internetov\u00e9 protokoly, Z\u00edska\u0165 IP adresu automaticky, Iste.<br \/>\nPodporujte re\u017eim premostenia, ktor\u00fd vy\u017eaduje zjednotenie \u00fadajov<br \/>\nPodporn\u00fd syst\u00e9m: Windows XP\/Vista\/Win7\/Win8<br \/>\nBezdr\u00f4tov\u00fd vysielac\u00ed v\u00fdkon: 14 ~ 17 dBm (typick\u00fd)<br \/>\nPrev\u00e1dzkov\u00e1 teplota: 0 stup\u0148ov Celzia ~ 40 stup\u0148ov Celzia<br \/>\nSkladovacia teplota: -40 stup\u0148ov Celzia ~ 70 stup\u0148ov Celzia<br \/>\nRelat\u00edvna vlhkos\u0165: 10 % ~ 90 % (bez kondenz\u00e1cie)<\/p>\n<p><strong>Po\u017eiadavky na syst\u00e9m:<\/strong><br \/>\nWLAN pr\u00edstupov\u00fd bod\/klient pod\u013ea IEEE 802.11n, g, b.<br \/>\nKlient WLAN mus\u00ed podporova\u0165 aspo\u0148 \u0161tandard \u0161ifrovania WPA.<br \/>\nPr\u00edstupov\u00fd bod WLAN a klient WLAN s automatick\u00fdm pride\u013eovan\u00edm IP adresy (DHCP).<br \/>\nPreposielanie protokolov zalo\u017een\u00fdch na IPv4\/Protokol na rozl\u00ed\u0161enie adries.<br \/>\nN\u00e1zov siete (SSID) pr\u00edstupov\u00e9ho bodu WLAN mus\u00ed by\u0165 nastaven\u00fd na \u201evidite\u013en\u00fd\u201c.<\/p>\n","protected":false},"excerpt":{"rendered":"<p>300 Mbps n\u00e1stenn\u00fd WiFi opakova\u010d Bezdr\u00f4tov\u00fd smerova\u010d Wifi Booster Univerz\u00e1lny zosil\u0148ova\u010d sign\u00e1lu s USB nab\u00edja\u010dkou Wifi Repeater s dlh\u00fdm dosahom&hellip;<\/p>\n","protected":false},"featured_media":703,"template":"","meta":{"_monsterinsights_skip_tracking":false,"_monsterinsights_sitenote_active":false,"_monsterinsights_sitenote_note":"","_monsterinsights_sitenote_category":0},"product_cat":[42,40],"product_tag":[],"class_list":{"0":"post-700","1":"product","2":"type-product","3":"status-publish","4":"has-post-thumbnail","6":"product_cat-smart","7":"product_cat-wifi-2","9":"first","10":"instock","11":"sale","12":"shipping-taxable","13":"purchasable","14":"product-type-simple"},"yoast_head":"<!-- This site is optimized with the Yoast SEO plugin v23.6 - https:\/\/yoast.com\/wordpress\/plugins\/seo\/ -->\n<title>300 Mbps Wall WiFi Repeater Wireless Router Wifi Booster Universal Signal Amplifier With USB Charger Long Range Wifi Repeater - Arduino e-shop<\/title>\n<meta name=\"robots\" content=\"index, follow, max-snippet:-1, max-image-preview:large, max-video-preview:-1\" \/>\n<link rel=\"canonical\" href=\"https:\/\/www.onetimenexttime.sk\/arduino\/index.php\/produkt\/300-mbps-wall-wifi-repeater-wireless-router-wifi-booster-universal-signal-amplifier-with-usb-charger-long-range-wifi-repeater\/\" \/>\n<meta property=\"og:locale\" content=\"sk_SK\" \/>\n<meta property=\"og:type\" content=\"article\" \/>\n<meta property=\"og:title\" content=\"300 Mbps Wall WiFi Repeater Wireless Router Wifi Booster Universal Signal Amplifier With USB Charger Long Range Wifi Repeater - Arduino e-shop\" \/>\n<meta property=\"og:description\" content=\"300 Mbps n\u00e1stenn\u00fd WiFi opakova\u010d Bezdr\u00f4tov\u00fd smerova\u010d Wifi Booster Univerz\u00e1lny zosil\u0148ova\u010d sign\u00e1lu s USB nab\u00edja\u010dkou Wifi Repeater s dlh\u00fdm dosahom&hellip;\" \/>\n<meta property=\"og:url\" content=\"https:\/\/www.onetimenexttime.sk\/arduino\/index.php\/produkt\/300-mbps-wall-wifi-repeater-wireless-router-wifi-booster-universal-signal-amplifier-with-usb-charger-long-range-wifi-repeater\/\" \/>\n<meta property=\"og:site_name\" content=\"Arduino e-shop\" \/>\n<meta property=\"article:modified_time\" content=\"2021-10-30T15:24:42+00:00\" \/>\n<meta property=\"og:image\" content=\"https:\/\/www.onetimenexttime.sk\/arduino\/wp-content\/uploads\/2021\/10\/188.jpg\" \/>\n\t<meta property=\"og:image:width\" content=\"480\" \/>\n\t<meta property=\"og:image:height\" content=\"483\" \/>\n\t<meta property=\"og:image:type\" content=\"image\/jpeg\" \/>\n<meta name=\"twitter:card\" content=\"summary_large_image\" \/>\n<meta name=\"twitter:label1\" content=\"Predpokladan\u00fd \u010das \u010d\u00edtania\" \/>\n\t<meta name=\"twitter:data1\" content=\"2 min\u00faty\" \/>\n<script type=\"application\/ld+json\" class=\"yoast-schema-graph\">{\"@context\":\"https:\/\/schema.org\",\"@graph\":[{\"@type\":\"WebPage\",\"@id\":\"https:\/\/www.onetimenexttime.sk\/arduino\/index.php\/produkt\/300-mbps-wall-wifi-repeater-wireless-router-wifi-booster-universal-signal-amplifier-with-usb-charger-long-range-wifi-repeater\/\",\"url\":\"https:\/\/www.onetimenexttime.sk\/arduino\/index.php\/produkt\/300-mbps-wall-wifi-repeater-wireless-router-wifi-booster-universal-signal-amplifier-with-usb-charger-long-range-wifi-repeater\/\",\"name\":\"300 Mbps Wall WiFi Repeater Wireless Router Wifi Booster Universal Signal Amplifier With USB Charger Long Range Wifi Repeater - Arduino e-shop\",\"isPartOf\":{\"@id\":\"https:\/\/www.onetimenexttime.sk\/arduino\/#website\"},\"primaryImageOfPage\":{\"@id\":\"https:\/\/www.onetimenexttime.sk\/arduino\/index.php\/produkt\/300-mbps-wall-wifi-repeater-wireless-router-wifi-booster-universal-signal-amplifier-with-usb-charger-long-range-wifi-repeater\/#primaryimage\"},\"image\":{\"@id\":\"https:\/\/www.onetimenexttime.sk\/arduino\/index.php\/produkt\/300-mbps-wall-wifi-repeater-wireless-router-wifi-booster-universal-signal-amplifier-with-usb-charger-long-range-wifi-repeater\/#primaryimage\"},\"thumbnailUrl\":\"https:\/\/www.onetimenexttime.sk\/arduino\/wp-content\/uploads\/2021\/10\/188.jpg\",\"datePublished\":\"2021-10-30T15:14:13+00:00\",\"dateModified\":\"2021-10-30T15:24:42+00:00\",\"breadcrumb\":{\"@id\":\"https:\/\/www.onetimenexttime.sk\/arduino\/index.php\/produkt\/300-mbps-wall-wifi-repeater-wireless-router-wifi-booster-universal-signal-amplifier-with-usb-charger-long-range-wifi-repeater\/#breadcrumb\"},\"inLanguage\":\"sk-SK\",\"potentialAction\":[{\"@type\":\"ReadAction\",\"target\":[\"https:\/\/www.onetimenexttime.sk\/arduino\/index.php\/produkt\/300-mbps-wall-wifi-repeater-wireless-router-wifi-booster-universal-signal-amplifier-with-usb-charger-long-range-wifi-repeater\/\"]}]},{\"@type\":\"ImageObject\",\"inLanguage\":\"sk-SK\",\"@id\":\"https:\/\/www.onetimenexttime.sk\/arduino\/index.php\/produkt\/300-mbps-wall-wifi-repeater-wireless-router-wifi-booster-universal-signal-amplifier-with-usb-charger-long-range-wifi-repeater\/#primaryimage\",\"url\":\"https:\/\/www.onetimenexttime.sk\/arduino\/wp-content\/uploads\/2021\/10\/188.jpg\",\"contentUrl\":\"https:\/\/www.onetimenexttime.sk\/arduino\/wp-content\/uploads\/2021\/10\/188.jpg\",\"width\":480,\"height\":483},{\"@type\":\"BreadcrumbList\",\"@id\":\"https:\/\/www.onetimenexttime.sk\/arduino\/index.php\/produkt\/300-mbps-wall-wifi-repeater-wireless-router-wifi-booster-universal-signal-amplifier-with-usb-charger-long-range-wifi-repeater\/#breadcrumb\",\"itemListElement\":[{\"@type\":\"ListItem\",\"position\":1,\"name\":\"Domov\",\"item\":\"https:\/\/www.onetimenexttime.sk\/arduino\/\"},{\"@type\":\"ListItem\",\"position\":2,\"name\":\"Obchod\",\"item\":\"https:\/\/www.onetimenexttime.sk\/arduino\/\"},{\"@type\":\"ListItem\",\"position\":3,\"name\":\"300 Mbps Wall WiFi Repeater Wireless Router Wifi Booster Universal Signal Amplifier With USB Charger Long Range Wifi Repeater\"}]},{\"@type\":\"WebSite\",\"@id\":\"https:\/\/www.onetimenexttime.sk\/arduino\/#website\",\"url\":\"https:\/\/www.onetimenexttime.sk\/arduino\/\",\"name\":\"Arduino e-shop\",\"description\":\"Home Assistant\",\"potentialAction\":[{\"@type\":\"SearchAction\",\"target\":{\"@type\":\"EntryPoint\",\"urlTemplate\":\"https:\/\/www.onetimenexttime.sk\/arduino\/?s={search_term_string}\"},\"query-input\":{\"@type\":\"PropertyValueSpecification\",\"valueRequired\":true,\"valueName\":\"search_term_string\"}}],\"inLanguage\":\"sk-SK\"}]}<\/script>\n<!-- \/ Yoast SEO plugin. -->","yoast_head_json":{"title":"300 Mbps Wall WiFi Repeater Wireless Router Wifi Booster Universal Signal Amplifier With USB Charger Long Range Wifi Repeater - Arduino e-shop","robots":{"index":"index","follow":"follow","max-snippet":"max-snippet:-1","max-image-preview":"max-image-preview:large","max-video-preview":"max-video-preview:-1"},"canonical":"https:\/\/www.onetimenexttime.sk\/arduino\/index.php\/produkt\/300-mbps-wall-wifi-repeater-wireless-router-wifi-booster-universal-signal-amplifier-with-usb-charger-long-range-wifi-repeater\/","og_locale":"sk_SK","og_type":"article","og_title":"300 Mbps Wall WiFi Repeater Wireless Router Wifi Booster Universal Signal Amplifier With USB Charger Long Range Wifi Repeater - Arduino e-shop","og_description":"300 Mbps n\u00e1stenn\u00fd WiFi opakova\u010d Bezdr\u00f4tov\u00fd smerova\u010d Wifi Booster Univerz\u00e1lny zosil\u0148ova\u010d sign\u00e1lu s USB nab\u00edja\u010dkou Wifi Repeater s dlh\u00fdm dosahom&hellip;","og_url":"https:\/\/www.onetimenexttime.sk\/arduino\/index.php\/produkt\/300-mbps-wall-wifi-repeater-wireless-router-wifi-booster-universal-signal-amplifier-with-usb-charger-long-range-wifi-repeater\/","og_site_name":"Arduino e-shop","article_modified_time":"2021-10-30T15:24:42+00:00","og_image":[{"width":480,"height":483,"url":"https:\/\/www.onetimenexttime.sk\/arduino\/wp-content\/uploads\/2021\/10\/188.jpg","type":"image\/jpeg"}],"twitter_card":"summary_large_image","twitter_misc":{"Predpokladan\u00fd \u010das \u010d\u00edtania":"2 min\u00faty"},"schema":{"@context":"https:\/\/schema.org","@graph":[{"@type":"WebPage","@id":"https:\/\/www.onetimenexttime.sk\/arduino\/index.php\/produkt\/300-mbps-wall-wifi-repeater-wireless-router-wifi-booster-universal-signal-amplifier-with-usb-charger-long-range-wifi-repeater\/","url":"https:\/\/www.onetimenexttime.sk\/arduino\/index.php\/produkt\/300-mbps-wall-wifi-repeater-wireless-router-wifi-booster-universal-signal-amplifier-with-usb-charger-long-range-wifi-repeater\/","name":"300 Mbps Wall WiFi Repeater Wireless Router Wifi Booster Universal Signal Amplifier With USB Charger Long Range Wifi Repeater - Arduino e-shop","isPartOf":{"@id":"https:\/\/www.onetimenexttime.sk\/arduino\/#website"},"primaryImageOfPage":{"@id":"https:\/\/www.onetimenexttime.sk\/arduino\/index.php\/produkt\/300-mbps-wall-wifi-repeater-wireless-router-wifi-booster-universal-signal-amplifier-with-usb-charger-long-range-wifi-repeater\/#primaryimage"},"image":{"@id":"https:\/\/www.onetimenexttime.sk\/arduino\/index.php\/produkt\/300-mbps-wall-wifi-repeater-wireless-router-wifi-booster-universal-signal-amplifier-with-usb-charger-long-range-wifi-repeater\/#primaryimage"},"thumbnailUrl":"https:\/\/www.onetimenexttime.sk\/arduino\/wp-content\/uploads\/2021\/10\/188.jpg","datePublished":"2021-10-30T15:14:13+00:00","dateModified":"2021-10-30T15:24:42+00:00","breadcrumb":{"@id":"https:\/\/www.onetimenexttime.sk\/arduino\/index.php\/produkt\/300-mbps-wall-wifi-repeater-wireless-router-wifi-booster-universal-signal-amplifier-with-usb-charger-long-range-wifi-repeater\/#breadcrumb"},"inLanguage":"sk-SK","potentialAction":[{"@type":"ReadAction","target":["https:\/\/www.onetimenexttime.sk\/arduino\/index.php\/produkt\/300-mbps-wall-wifi-repeater-wireless-router-wifi-booster-universal-signal-amplifier-with-usb-charger-long-range-wifi-repeater\/"]}]},{"@type":"ImageObject","inLanguage":"sk-SK","@id":"https:\/\/www.onetimenexttime.sk\/arduino\/index.php\/produkt\/300-mbps-wall-wifi-repeater-wireless-router-wifi-booster-universal-signal-amplifier-with-usb-charger-long-range-wifi-repeater\/#primaryimage","url":"https:\/\/www.onetimenexttime.sk\/arduino\/wp-content\/uploads\/2021\/10\/188.jpg","contentUrl":"https:\/\/www.onetimenexttime.sk\/arduino\/wp-content\/uploads\/2021\/10\/188.jpg","width":480,"height":483},{"@type":"BreadcrumbList","@id":"https:\/\/www.onetimenexttime.sk\/arduino\/index.php\/produkt\/300-mbps-wall-wifi-repeater-wireless-router-wifi-booster-universal-signal-amplifier-with-usb-charger-long-range-wifi-repeater\/#breadcrumb","itemListElement":[{"@type":"ListItem","position":1,"name":"Domov","item":"https:\/\/www.onetimenexttime.sk\/arduino\/"},{"@type":"ListItem","position":2,"name":"Obchod","item":"https:\/\/www.onetimenexttime.sk\/arduino\/"},{"@type":"ListItem","position":3,"name":"300 Mbps Wall WiFi Repeater Wireless Router Wifi Booster Universal Signal Amplifier With USB Charger Long Range Wifi Repeater"}]},{"@type":"WebSite","@id":"https:\/\/www.onetimenexttime.sk\/arduino\/#website","url":"https:\/\/www.onetimenexttime.sk\/arduino\/","name":"Arduino e-shop","description":"Home Assistant","potentialAction":[{"@type":"SearchAction","target":{"@type":"EntryPoint","urlTemplate":"https:\/\/www.onetimenexttime.sk\/arduino\/?s={search_term_string}"},"query-input":{"@type":"PropertyValueSpecification","valueRequired":true,"valueName":"search_term_string"}}],"inLanguage":"sk-SK"}]}},"_links":{"self":[{"href":"https:\/\/www.onetimenexttime.sk\/arduino\/index.php\/wp-json\/wp\/v2\/product\/700"}],"collection":[{"href":"https:\/\/www.onetimenexttime.sk\/arduino\/index.php\/wp-json\/wp\/v2\/product"}],"about":[{"href":"https:\/\/www.onetimenexttime.sk\/arduino\/index.php\/wp-json\/wp\/v2\/types\/product"}],"wp:featuredmedia":[{"embeddable":true,"href":"https:\/\/www.onetimenexttime.sk\/arduino\/index.php\/wp-json\/wp\/v2\/media\/703"}],"wp:attachment":[{"href":"https:\/\/www.onetimenexttime.sk\/arduino\/index.php\/wp-json\/wp\/v2\/media?parent=700"}],"wp:term":[{"taxonomy":"product_cat","embeddable":true,"href":"https:\/\/www.onetimenexttime.sk\/arduino\/index.php\/wp-json\/wp\/v2\/product_cat?post=700"},{"taxonomy":"product_tag","embeddable":true,"href":"https:\/\/www.onetimenexttime.sk\/arduino\/index.php\/wp-json\/wp\/v2\/product_tag?post=700"}],"curies":[{"name":"wp","href":"https:\/\/api.w.org\/{rel}","templated":true}]}}