{"id":70,"date":"2021-10-17T20:12:05","date_gmt":"2021-10-17T18:12:05","guid":{"rendered":"https:\/\/www.onetimenexttime.sk\/arduino\/?post_type=product&#038;p=70"},"modified":"2021-10-17T20:15:27","modified_gmt":"2021-10-17T18:15:27","slug":"proto-screw-shield-v2-expansion-board-compatible-for-arduino-uno-r3","status":"publish","type":"product","link":"https:\/\/www.onetimenexttime.sk\/arduino\/index.php\/produkt\/proto-screw-shield-v2-expansion-board-compatible-for-arduino-uno-r3\/","title":{"rendered":"Proto Screw Shield V2 Expansion Board compatible for Arduino UNO R3"},"content":{"rendered":"<p>Roz\u0161iruj\u00faca doska skrutkovacieho \u0161t\u00edtu V2 Stud Terminal (dvojit\u00e1 podpera) pre arduino UNO R3<\/p>\n","protected":false},"excerpt":{"rendered":"<p>Roz\u0161iruj\u00faca doska skrutkovacieho \u0161t\u00edtu V2 Stud Terminal (dvojit\u00e1 podpera) pre arduino UNO R3<\/p>\n","protected":false},"featured_media":71,"template":"","meta":{"_monsterinsights_skip_tracking":false,"_monsterinsights_sitenote_active":false,"_monsterinsights_sitenote_note":"","_monsterinsights_sitenote_category":0},"product_cat":[16,17],"product_tag":[],"class_list":{"0":"post-70","1":"product","2":"type-product","3":"status-publish","4":"has-post-thumbnail","6":"product_cat-ard","7":"product_cat-modul","9":"first","10":"instock","11":"shipping-taxable","12":"purchasable","13":"product-type-simple"},"yoast_head":"<!-- This site is optimized with the Yoast SEO plugin v23.6 - https:\/\/yoast.com\/wordpress\/plugins\/seo\/ -->\n<title>Proto Screw Shield V2 Expansion Board compatible for Arduino UNO R3 - Arduino e-shop<\/title>\n<meta name=\"robots\" content=\"index, follow, max-snippet:-1, max-image-preview:large, max-video-preview:-1\" \/>\n<link rel=\"canonical\" href=\"https:\/\/www.onetimenexttime.sk\/arduino\/index.php\/produkt\/proto-screw-shield-v2-expansion-board-compatible-for-arduino-uno-r3\/\" \/>\n<meta property=\"og:locale\" content=\"sk_SK\" \/>\n<meta property=\"og:type\" content=\"article\" \/>\n<meta property=\"og:title\" content=\"Proto Screw Shield V2 Expansion Board compatible for Arduino UNO R3 - Arduino e-shop\" \/>\n<meta property=\"og:description\" content=\"Roz\u0161iruj\u00faca doska skrutkovacieho \u0161t\u00edtu V2 Stud Terminal (dvojit\u00e1 podpera) pre arduino UNO R3\" \/>\n<meta property=\"og:url\" content=\"https:\/\/www.onetimenexttime.sk\/arduino\/index.php\/produkt\/proto-screw-shield-v2-expansion-board-compatible-for-arduino-uno-r3\/\" \/>\n<meta property=\"og:site_name\" content=\"Arduino e-shop\" \/>\n<meta property=\"article:modified_time\" content=\"2021-10-17T18:15:27+00:00\" \/>\n<meta property=\"og:image\" content=\"https:\/\/www.onetimenexttime.sk\/arduino\/wp-content\/uploads\/2021\/10\/209.jpg\" \/>\n\t<meta property=\"og:image:width\" content=\"574\" \/>\n\t<meta property=\"og:image:height\" content=\"578\" \/>\n\t<meta property=\"og:image:type\" content=\"image\/jpeg\" \/>\n<meta name=\"twitter:card\" content=\"summary_large_image\" \/>\n<meta name=\"twitter:label1\" content=\"Predpokladan\u00fd \u010das \u010d\u00edtania\" \/>\n\t<meta name=\"twitter:data1\" content=\"1 min\u00fata\" \/>\n<script type=\"application\/ld+json\" class=\"yoast-schema-graph\">{\"@context\":\"https:\/\/schema.org\",\"@graph\":[{\"@type\":\"WebPage\",\"@id\":\"https:\/\/www.onetimenexttime.sk\/arduino\/index.php\/produkt\/proto-screw-shield-v2-expansion-board-compatible-for-arduino-uno-r3\/\",\"url\":\"https:\/\/www.onetimenexttime.sk\/arduino\/index.php\/produkt\/proto-screw-shield-v2-expansion-board-compatible-for-arduino-uno-r3\/\",\"name\":\"Proto Screw Shield V2 Expansion Board compatible for Arduino UNO R3 - Arduino e-shop\",\"isPartOf\":{\"@id\":\"https:\/\/www.onetimenexttime.sk\/arduino\/#website\"},\"primaryImageOfPage\":{\"@id\":\"https:\/\/www.onetimenexttime.sk\/arduino\/index.php\/produkt\/proto-screw-shield-v2-expansion-board-compatible-for-arduino-uno-r3\/#primaryimage\"},\"image\":{\"@id\":\"https:\/\/www.onetimenexttime.sk\/arduino\/index.php\/produkt\/proto-screw-shield-v2-expansion-board-compatible-for-arduino-uno-r3\/#primaryimage\"},\"thumbnailUrl\":\"https:\/\/www.onetimenexttime.sk\/arduino\/wp-content\/uploads\/2021\/10\/209.jpg\",\"datePublished\":\"2021-10-17T18:12:05+00:00\",\"dateModified\":\"2021-10-17T18:15:27+00:00\",\"breadcrumb\":{\"@id\":\"https:\/\/www.onetimenexttime.sk\/arduino\/index.php\/produkt\/proto-screw-shield-v2-expansion-board-compatible-for-arduino-uno-r3\/#breadcrumb\"},\"inLanguage\":\"sk-SK\",\"potentialAction\":[{\"@type\":\"ReadAction\",\"target\":[\"https:\/\/www.onetimenexttime.sk\/arduino\/index.php\/produkt\/proto-screw-shield-v2-expansion-board-compatible-for-arduino-uno-r3\/\"]}]},{\"@type\":\"ImageObject\",\"inLanguage\":\"sk-SK\",\"@id\":\"https:\/\/www.onetimenexttime.sk\/arduino\/index.php\/produkt\/proto-screw-shield-v2-expansion-board-compatible-for-arduino-uno-r3\/#primaryimage\",\"url\":\"https:\/\/www.onetimenexttime.sk\/arduino\/wp-content\/uploads\/2021\/10\/209.jpg\",\"contentUrl\":\"https:\/\/www.onetimenexttime.sk\/arduino\/wp-content\/uploads\/2021\/10\/209.jpg\",\"width\":574,\"height\":578},{\"@type\":\"BreadcrumbList\",\"@id\":\"https:\/\/www.onetimenexttime.sk\/arduino\/index.php\/produkt\/proto-screw-shield-v2-expansion-board-compatible-for-arduino-uno-r3\/#breadcrumb\",\"itemListElement\":[{\"@type\":\"ListItem\",\"position\":1,\"name\":\"Domov\",\"item\":\"https:\/\/www.onetimenexttime.sk\/arduino\/\"},{\"@type\":\"ListItem\",\"position\":2,\"name\":\"Obchod\",\"item\":\"https:\/\/www.onetimenexttime.sk\/arduino\/\"},{\"@type\":\"ListItem\",\"position\":3,\"name\":\"Proto Screw Shield V2 Expansion Board compatible for Arduino UNO R3\"}]},{\"@type\":\"WebSite\",\"@id\":\"https:\/\/www.onetimenexttime.sk\/arduino\/#website\",\"url\":\"https:\/\/www.onetimenexttime.sk\/arduino\/\",\"name\":\"Arduino e-shop\",\"description\":\"Home Assistant\",\"potentialAction\":[{\"@type\":\"SearchAction\",\"target\":{\"@type\":\"EntryPoint\",\"urlTemplate\":\"https:\/\/www.onetimenexttime.sk\/arduino\/?s={search_term_string}\"},\"query-input\":{\"@type\":\"PropertyValueSpecification\",\"valueRequired\":true,\"valueName\":\"search_term_string\"}}],\"inLanguage\":\"sk-SK\"}]}<\/script>\n<!-- \/ Yoast SEO plugin. -->","yoast_head_json":{"title":"Proto Screw Shield V2 Expansion Board compatible for Arduino UNO R3 - Arduino e-shop","robots":{"index":"index","follow":"follow","max-snippet":"max-snippet:-1","max-image-preview":"max-image-preview:large","max-video-preview":"max-video-preview:-1"},"canonical":"https:\/\/www.onetimenexttime.sk\/arduino\/index.php\/produkt\/proto-screw-shield-v2-expansion-board-compatible-for-arduino-uno-r3\/","og_locale":"sk_SK","og_type":"article","og_title":"Proto Screw Shield V2 Expansion Board compatible for Arduino UNO R3 - Arduino e-shop","og_description":"Roz\u0161iruj\u00faca doska skrutkovacieho \u0161t\u00edtu V2 Stud Terminal (dvojit\u00e1 podpera) pre arduino UNO R3","og_url":"https:\/\/www.onetimenexttime.sk\/arduino\/index.php\/produkt\/proto-screw-shield-v2-expansion-board-compatible-for-arduino-uno-r3\/","og_site_name":"Arduino e-shop","article_modified_time":"2021-10-17T18:15:27+00:00","og_image":[{"width":574,"height":578,"url":"https:\/\/www.onetimenexttime.sk\/arduino\/wp-content\/uploads\/2021\/10\/209.jpg","type":"image\/jpeg"}],"twitter_card":"summary_large_image","twitter_misc":{"Predpokladan\u00fd \u010das \u010d\u00edtania":"1 min\u00fata"},"schema":{"@context":"https:\/\/schema.org","@graph":[{"@type":"WebPage","@id":"https:\/\/www.onetimenexttime.sk\/arduino\/index.php\/produkt\/proto-screw-shield-v2-expansion-board-compatible-for-arduino-uno-r3\/","url":"https:\/\/www.onetimenexttime.sk\/arduino\/index.php\/produkt\/proto-screw-shield-v2-expansion-board-compatible-for-arduino-uno-r3\/","name":"Proto Screw Shield V2 Expansion Board compatible for Arduino UNO R3 - Arduino e-shop","isPartOf":{"@id":"https:\/\/www.onetimenexttime.sk\/arduino\/#website"},"primaryImageOfPage":{"@id":"https:\/\/www.onetimenexttime.sk\/arduino\/index.php\/produkt\/proto-screw-shield-v2-expansion-board-compatible-for-arduino-uno-r3\/#primaryimage"},"image":{"@id":"https:\/\/www.onetimenexttime.sk\/arduino\/index.php\/produkt\/proto-screw-shield-v2-expansion-board-compatible-for-arduino-uno-r3\/#primaryimage"},"thumbnailUrl":"https:\/\/www.onetimenexttime.sk\/arduino\/wp-content\/uploads\/2021\/10\/209.jpg","datePublished":"2021-10-17T18:12:05+00:00","dateModified":"2021-10-17T18:15:27+00:00","breadcrumb":{"@id":"https:\/\/www.onetimenexttime.sk\/arduino\/index.php\/produkt\/proto-screw-shield-v2-expansion-board-compatible-for-arduino-uno-r3\/#breadcrumb"},"inLanguage":"sk-SK","potentialAction":[{"@type":"ReadAction","target":["https:\/\/www.onetimenexttime.sk\/arduino\/index.php\/produkt\/proto-screw-shield-v2-expansion-board-compatible-for-arduino-uno-r3\/"]}]},{"@type":"ImageObject","inLanguage":"sk-SK","@id":"https:\/\/www.onetimenexttime.sk\/arduino\/index.php\/produkt\/proto-screw-shield-v2-expansion-board-compatible-for-arduino-uno-r3\/#primaryimage","url":"https:\/\/www.onetimenexttime.sk\/arduino\/wp-content\/uploads\/2021\/10\/209.jpg","contentUrl":"https:\/\/www.onetimenexttime.sk\/arduino\/wp-content\/uploads\/2021\/10\/209.jpg","width":574,"height":578},{"@type":"BreadcrumbList","@id":"https:\/\/www.onetimenexttime.sk\/arduino\/index.php\/produkt\/proto-screw-shield-v2-expansion-board-compatible-for-arduino-uno-r3\/#breadcrumb","itemListElement":[{"@type":"ListItem","position":1,"name":"Domov","item":"https:\/\/www.onetimenexttime.sk\/arduino\/"},{"@type":"ListItem","position":2,"name":"Obchod","item":"https:\/\/www.onetimenexttime.sk\/arduino\/"},{"@type":"ListItem","position":3,"name":"Proto Screw Shield V2 Expansion Board compatible for Arduino UNO R3"}]},{"@type":"WebSite","@id":"https:\/\/www.onetimenexttime.sk\/arduino\/#website","url":"https:\/\/www.onetimenexttime.sk\/arduino\/","name":"Arduino e-shop","description":"Home Assistant","potentialAction":[{"@type":"SearchAction","target":{"@type":"EntryPoint","urlTemplate":"https:\/\/www.onetimenexttime.sk\/arduino\/?s={search_term_string}"},"query-input":{"@type":"PropertyValueSpecification","valueRequired":true,"valueName":"search_term_string"}}],"inLanguage":"sk-SK"}]}},"_links":{"self":[{"href":"https:\/\/www.onetimenexttime.sk\/arduino\/index.php\/wp-json\/wp\/v2\/product\/70"}],"collection":[{"href":"https:\/\/www.onetimenexttime.sk\/arduino\/index.php\/wp-json\/wp\/v2\/product"}],"about":[{"href":"https:\/\/www.onetimenexttime.sk\/arduino\/index.php\/wp-json\/wp\/v2\/types\/product"}],"wp:featuredmedia":[{"embeddable":true,"href":"https:\/\/www.onetimenexttime.sk\/arduino\/index.php\/wp-json\/wp\/v2\/media\/71"}],"wp:attachment":[{"href":"https:\/\/www.onetimenexttime.sk\/arduino\/index.php\/wp-json\/wp\/v2\/media?parent=70"}],"wp:term":[{"taxonomy":"product_cat","embeddable":true,"href":"https:\/\/www.onetimenexttime.sk\/arduino\/index.php\/wp-json\/wp\/v2\/product_cat?post=70"},{"taxonomy":"product_tag","embeddable":true,"href":"https:\/\/www.onetimenexttime.sk\/arduino\/index.php\/wp-json\/wp\/v2\/product_tag?post=70"}],"curies":[{"name":"wp","href":"https:\/\/api.w.org\/{rel}","templated":true}]}}