{"id":698,"date":"2021-10-30T16:46:16","date_gmt":"2021-10-30T14:46:16","guid":{"rendered":"https:\/\/www.onetimenexttime.sk\/arduino\/?post_type=product&#038;p=698"},"modified":"2024-02-23T07:57:48","modified_gmt":"2024-02-23T06:57:48","slug":"pcm5102a-dac-sound-card-board-phat-3-5mm-stereo-jack-24-bits-digital-audio-module-for-raspberry-pi-beyond-es9023-pcm1794","status":"publish","type":"product","link":"https:\/\/www.onetimenexttime.sk\/arduino\/index.php\/produkt\/pcm5102a-dac-sound-card-board-phat-3-5mm-stereo-jack-24-bits-digital-audio-module-for-raspberry-pi-beyond-es9023-pcm1794\/","title":{"rendered":"PCM5102A DAC Sound Card Board pHAT 3.5mm Stereo Jack 24 Bits Digital Audio Module for Raspberry Pi Beyond ES9023 PCM1794"},"content":{"rendered":"<p>&nbsp;<\/p>\n<p>&nbsp;<\/p>\n<h1>PCM5102A DAC Sound Card Board pHAT 3.5mm Stereo Jack 24 Bits Digital Audio Module pre Raspberry Pi Beyond ES9023 PCM1794<\/h1>\n<h2>Popis:<\/h2>\n<p>Tento modul je zvukov\u00e1 karta s PCM5102A DAC, navrhnut\u00e1 pre Raspberry Pi. Poskytuje 24-bitov\u00fd digit\u00e1lny zvuk s vysokou kvalitou cez stereo jack 3,5 mm.<\/p>\n<h2>Vlastnosti:<\/h2>\n<ul>\n<li>PCM5102A DAC pre vynikaj\u00facu kvalitu zvuku<\/li>\n<li>3,5mm stereo jack pre pripojenie reproduktorov alebo sl\u00fachadiel<\/li>\n<li>24-bitov\u00fd digit\u00e1lny zvuk<\/li>\n<li>Kompatibiln\u00fd s Raspberry Pi<\/li>\n<\/ul>\n<h2>\u0160pecifik\u00e1cie:<\/h2>\n<table>\n<tbody>\n<tr>\n<th>Parameter<\/th>\n<th>Hodnota<\/th>\n<\/tr>\n<tr>\n<td>DAC \u010dip<\/td>\n<td>PCM5102A<\/td>\n<\/tr>\n<tr>\n<td>Typ<\/td>\n<td>pHAT<\/td>\n<\/tr>\n<tr>\n<td>Rozhranie<\/td>\n<td>3,5mm stereo jack<\/td>\n<\/tr>\n<tr>\n<td>Rozl\u00ed\u0161enie<\/td>\n<td>24 bitov<\/td>\n<\/tr>\n<tr>\n<td>Kompatibilita<\/td>\n<td>Raspberry Pi<\/td>\n<\/tr>\n<\/tbody>\n<\/table>\n<h2>Pr\u00edklady pou\u017eitia:<\/h2>\n<p>Tento modul sa m\u00f4\u017ee pou\u017ei\u0165 na vylep\u0161enie zvukov\u00e9ho v\u00fdstupu Raspberry Pi, \u010di u\u017e ide o prehr\u00e1vanie hudby, sledovanie videa alebo pou\u017eitie vo v\u00fdvojov\u00fdch projektoch.<\/p>\n<h2>Pr\u00edkladov\u00fd k\u00f3d pre Arduino:<\/h2>\n<pre><code>\/\/ Pr\u00edkladov\u00fd k\u00f3d pre pou\u017eitie PCM5102A s Arduino\r\n#include &lt;PCM5102A.h&gt;\r\n\r\nvoid setup() {\r\n  \/\/ Inicializ\u00e1cia PCM5102A\r\n  PCM5102A.begin();\r\n}\r\n\r\nvoid loop() {\r\n  \/\/ Tu m\u00f4\u017eete prida\u0165 k\u00f3d na prehr\u00e1vanie zvuku\r\n}\r\n<\/code><\/pre>\n<h2>Pr\u00edkladov\u00fd k\u00f3d pre ESPHome:<\/h2>\n<p>Pre integrovanie s ESPHome m\u00f4\u017eete pou\u017ei\u0165 platformu DAC.<\/p>\n<pre><code>dac:\r\n  - platform: PCM5102A\r\n    name: \"Moja Zvukov\u00e1 Karta\"\r\n\r\n\r\n<\/code><\/pre>\n<pre><span class=\"c1\"># Example configuration entry<\/span>\r\n<span class=\"nt\">media_player<\/span><span class=\"p\">:<\/span>\r\n  <span class=\"p p-Indicator\">-<\/span> <span class=\"nt\">platform<\/span><span class=\"p\">:<\/span> <span class=\"l l-Scalar l-Scalar-Plain\">i2s_audio<\/span>\r\n    <span class=\"nt\">name<\/span><span class=\"p\">:<\/span> <span class=\"l l-Scalar l-Scalar-Plain\">ESPHome I2S Media Player<\/span>\r\n    <span class=\"nt\">dac_type<\/span><span class=\"p\">:<\/span> <span class=\"l l-Scalar l-Scalar-Plain\">external<\/span>\r\n    <span class=\"nt\">i2s_dout_pin<\/span><span class=\"p\">:<\/span> <span class=\"l l-Scalar l-Scalar-Plain\">GPIO22<\/span>\r\n    <span class=\"nt\">mode<\/span><span class=\"p\">:<\/span> <span class=\"l l-Scalar l-Scalar-Plain\">mono<\/span><\/pre>\n<pre><code><\/code><\/pre>\n<ul class=\"simple\">\n<li><strong>i2s_comm_fmt<\/strong>\u00a0(<em>Optional<\/em>, string): I2S communication format. By default MSB format is used (AC101, PCM5102A). Set to\u00a0<code class=\"docutils literal notranslate\"><span class=\"pre\">lsb<\/span><\/code>\u00a0if using an external DAC that uses Japanese (Least Significant Bit Justified) format (like PT8211). Can be\u00a0<code class=\"docutils literal notranslate\"><span class=\"pre\">msb<\/span><\/code>\u00a0or\u00a0<code class=\"docutils literal notranslate\"><span class=\"pre\">lsb<\/span><\/code>. Defaults to\u00a0<code class=\"docutils literal notranslate\"><span class=\"pre\">msb<\/span><\/code>.<\/li>\n<\/ul>\n<pre><code><\/code><\/pre>\n<p>Pre viac inform\u00e1ci\u00ed o mo\u017enostiach konfigur\u00e1cie a pou\u017eitia m\u00f4\u017eete konzultova\u0165 dokument\u00e1ciu k ESPHome.<\/p>\n<p><a class=\"button\" href=\"#\">Skop\u00edrova\u0165 Pr\u00edkladov\u00fd k\u00f3d<\/a><\/p>\n<p>&nbsp;<\/p>\n<p>&nbsp;<\/p>\n<h1>I\u00b2S Audio Media Player z ESPHome<\/h1>\n<h2>Popis:<\/h2>\n<p>Platforma i2s_audio media player umo\u017e\u0148uje prehr\u00e1vanie m\u00e9di\u00ed zo serverov a webov\u00fdch streamov prostredn\u00edctvom I\u00b2S Audio Component. T\u00e1to platforma funguje iba na \u010dipoch ESP32.<\/p>\n<h2>Konfigura\u010dn\u00e9 premenn\u00e9:<\/h2>\n<h3>External DAC<\/h3>\n<ul>\n<li><code>dac_type<\/code> (Povinn\u00e9, enum):\n<ul>\n<li>external: Pou\u017e\u00edva extern\u00fd DAC, napr\u00edklad NS4168 alebo UDA1334A.<\/li>\n<li>internal: Pou\u017e\u00edva intern\u00fd DAC.<\/li>\n<\/ul>\n<\/li>\n<li><code>i2s_dout_pin<\/code> (Povinn\u00e9, Pin): GPIO pin pre I\u00b2S DOUT\/SDOUT (Data Out) sign\u00e1l.<\/li>\n<li><code>mute_pin<\/code> (Volite\u013en\u00e9, Pin Schema): GPIO pin pre ztlmenie prehr\u00e1va\u010da m\u00e9di\u00ed.<\/li>\n<li><code>mode<\/code> (Volite\u013en\u00e9, string): Re\u017eim I\u00b2S zbernice, m\u00f4\u017ee by\u0165 mono alebo stereo. Predvolene mono.<\/li>\n<li><code>i2s_audio_id<\/code> (Volite\u013en\u00e9, ID): ID I\u00b2S Audio, ktor\u00e9 chcete pou\u017ei\u0165 pre tento prehr\u00e1va\u010d m\u00e9di\u00ed.<\/li>\n<li><code>i2s_comm_fmt<\/code> (Volite\u013en\u00e9, string): Form\u00e1t komunik\u00e1cie I\u00b2S. M\u00f4\u017ee by\u0165 msb alebo lsb. Predvolene msb.<\/li>\n<\/ul>\n<h3>Internal DAC<\/h3>\n<ul>\n<li><code>mode<\/code> (Povinn\u00e9, enum): Re\u017eim kan\u00e1la intern\u00e9ho DAC.\n<ul>\n<li>left<\/li>\n<li>right<\/li>\n<li>stereo<\/li>\n<\/ul>\n<\/li>\n<\/ul>\n<h2>Viac inform\u00e1ci\u00ed:<\/h2>\n<p>Pre \u010fal\u0161ie inform\u00e1cie a podrobnosti si m\u00f4\u017eete pre\u010d\u00edta\u0165 <a href=\"https:\/\/github.com\/esphome\/esphome\/blob\/dev\/esphome\/components\/media_player\/i2s_audio.md\">dokument\u00e1ciu k I\u00b2S Audio Media Player<\/a> na GitHub.<\/p>\n<p>Pre \u010fal\u0161ie inform\u00e1cie o ESPHome a \u010fal\u0161\u00edch komponentoch nav\u0161t\u00edvte <a href=\"https:\/\/esphome.io\/components\/media_player\/i2s_audio.html\">ESPHome dokument\u00e1ciu<\/a>.<\/p>\n<p>Ak m\u00e1te \u010fal\u0161ie ot\u00e1zky alebo potrebujete pomoc, m\u00f4\u017eete sa prida\u0165 k <a href=\"https:\/\/github.com\/esphome\">komunite ESPHome na GitHub<\/a>.<\/p>\n<p>&nbsp;<\/p>\n<p>&nbsp;<\/p>\n<h2>PCM5102A DAC doska zvukovej karty pHAT 3,5 mm Stereo Jack<\/h2>\n<h2>24-bitov\u00fd digit\u00e1lny audio modul pre Raspberry Pi Beyond ES9023 PCM1794<\/h2>\n<p>&nbsp;<\/p>\n<p>Ale uistite sa, \u017ee pou\u017e\u00edvate tento super mal\u00fd DAC modul M, aby ste zo svojho zvuku Raspberry Pi dostali to najlep\u0161ie!<br \/>\nModul DAC poskytuje super cenovo dostupn\u00fd vysokokvalitn\u00fd DAC pre Raspberry Pi. \u010cerpanie 24-bitov\u00e9ho zvuku pri 192 kHz z rozhrania I2S Raspberry Pi na 2&#215;20 pinovej GPIO hlavi\u010dke. Ke\u010f\u017ee ide o digit\u00e1lny zvuk, znie to naozaj dobre, ove\u013ea lep\u0161ie ako zabudovan\u00fd anal\u00f3gov\u00fd zvuk. 3,5 mm stereo jack je u\u017e prisp\u00e1jkovan\u00fd na doske.<\/p>\n<p>Vlastnosti:<br \/>\n24-bitov\u00fd zvuk pri 192 kHz<br \/>\nLinkov\u00fd stereo konektor<br \/>\ndoska form\u00e1tu pHAT<br \/>\nPou\u017e\u00edva PCM5102A DAC na pr\u00e1cu s rozhran\u00edm Raspberry Pi I2S<\/p>\n<p>&nbsp;<\/p>\n<p>&nbsp;<\/p>\n<p>&nbsp;<\/p>\n<header class=\"entry-header\">\n<h1 class=\"entry-title\">Pou\u017eitie ESP8266 + PCM5102A pre MP3 internetov\u00e9 r\u00e1dio<\/h1>\n<\/header>\n<div class=\"entry-content\">\n<p>Aj ke\u010f som v minulosti p\u00edsal o pou\u017e\u00edvan\u00ed Pythonu na z\u00edskavanie hudby z Pandory:\u00a0<a href=\"https:\/\/kevinsaye.wordpress.com\/2020\/11\/15\/using-python-to-search-pandora-and-return-stations-and-playlist\/\">Pou\u017e\u00edvanie Pythonu na vyh\u013ead\u00e1vanie Pandory a vracanie stan\u00edc a zoznamov skladieb<\/a>\u00a0, v\u017edy to bolo na zariaden\u00ed s plnohodnotn\u00fdm opera\u010dn\u00fdm syst\u00e9mom (ARM alebo x64).\u00a0Dnes sa pozrieme na vytvorenie r\u00e1dia pomocou ESP8266 + PCM5102A.\u00a0Za\u010dnime.<\/p>\n<h2 class=\"wp-block-heading\">Potrebn\u00e9 diely:<\/h2>\n<ol>\n<li>ESP8266<\/li>\n<li>PCM5102A s DAC (pou\u017eil som:\u00a0<a href=\"https:\/\/www.diymore.cc\/collections\/wifi-module\/products\/pcm5102-pcm5102a-dac-decoder-board-i2s-iic-interface-gy-pcm5102-i2s-player-module-audio-board-for-raspberry-pi-phat-sound-card?variant=31566821621831\">PCM5102 PCM5102A DAC dekod\u00e9rov\u00e1 doska I2S IIC rozhranie GY PCM5102 I2S Pl \u2013 diymore<\/a>\u00a0)<\/li>\n<\/ol>\n<h2 class=\"wp-block-heading\">Elektrick\u00e9 vedenie:<\/h2>\n<p>Zapojenie bolo trochu n\u00e1ro\u010dn\u00e9, ke\u010f\u017ee PCM5102A sa be\u017ene pou\u017e\u00edva s Raspberry PI.\u00a0Zd\u00e1 sa, \u017ee v pr\u00edpade ESP8266 sa o I2S \u010dasto nehovor\u00ed.\u00a0Sna\u017eil som sa n\u00e1js\u0165 sch\u00e9mu zapojenia, tak tu je jedna.\u00a0<img decoding=\"async\" class=\"emoji\" role=\"img\" draggable=\"false\" src=\"https:\/\/s0.wp.com\/wp-content\/mu-plugins\/wpcom-smileys\/twemoji\/2\/svg\/1f642.svg\" alt=\"\ud83d\ude42\" \/><\/p>\n<div class=\"wp-block-image\">\n<figure class=\"aligncenter size-large\"><a class=\"no-underline\" href=\"https:\/\/kevinsaye.files.wordpress.com\/2021\/03\/wiring-1.jpg\"><img loading=\"lazy\" decoding=\"async\" class=\"wp-image-3630\" src=\"https:\/\/kevinsaye.files.wordpress.com\/2021\/03\/wiring-1.jpg?w=631\" sizes=\"(max-width: 631px) 100vw, 631px\" srcset=\"https:\/\/kevinsaye.files.wordpress.com\/2021\/03\/wiring-1.jpg 631w, https:\/\/kevinsaye.files.wordpress.com\/2021\/03\/wiring-1.jpg?w=150 150w, https:\/\/kevinsaye.files.wordpress.com\/2021\/03\/wiring-1.jpg?w=300 300w\" alt=\"\" width=\"631\" height=\"404\" data-attachment-id=\"3630\" data-permalink=\"https:\/\/kevinsaye.wordpress.com\/wiring-1\/\" data-orig-file=\"https:\/\/kevinsaye.files.wordpress.com\/2021\/03\/wiring-1.jpg\" data-orig-size=\"631,404\" data-comments-opened=\"1\" data-image-meta=\"{&quot;aperture&quot;:&quot;0&quot;,&quot;credit&quot;:&quot;&quot;,&quot;camera&quot;:&quot;&quot;,&quot;caption&quot;:&quot;&quot;,&quot;created_timestamp&quot;:&quot;0&quot;,&quot;copyright&quot;:&quot;&quot;,&quot;focal_length&quot;:&quot;0&quot;,&quot;iso&quot;:&quot;0&quot;,&quot;shutter_speed&quot;:&quot;0&quot;,&quot;title&quot;:&quot;&quot;,&quot;orientation&quot;:&quot;0&quot;}\" data-image-title=\"wiring-1\" data-image-description=\"\" data-image-caption=\"\" data-medium-file=\"https:\/\/kevinsaye.files.wordpress.com\/2021\/03\/wiring-1.jpg?w=300\" data-large-file=\"https:\/\/kevinsaye.files.wordpress.com\/2021\/03\/wiring-1.jpg?w=631\" \/><\/a><\/figure>\n<\/div>\n<h2 class=\"wp-block-heading\">Arduino k\u00f3dovanie:<\/h2>\n<ol>\n<li>V Arduine pridajte ESP8266 Board Manger, o ktorom sa diskutuje tu:\u00a0<a href=\"https:\/\/github.com\/esp8266\/Arduino\/blob\/master\/README.md#using-git-version\">https:\/\/github.com\/esp8266\/Arduino\/blob\/master\/README.md#using-git-version<\/a><\/li>\n<li>V Arduine pridajte kni\u017enicu ESP8266Audio<\/li>\n<li>V Arduine vyberte vzorov\u00fd k\u00f3d\u00a0<strong>S\u00fabor \u2013&gt; Pr\u00edklady \u2013&gt; ESP8266Audio \u2013&gt; WebRadio<\/strong><\/li>\n<li>V Arduine nastavte frekvenciu CPU na 160 MHz\u00a0<strong>N\u00e1stroje \u2013&gt; Frekvencia CPU<\/strong><\/li>\n<li>V k\u00f3de nastavte svoje STASSID a STAPSK<\/li>\n<li>Nahrajte k\u00f3d do svojho ESP a potom otvorte s\u00e9riov\u00fd monitor<\/li>\n<li>Otvorte svoj prehliada\u010d na adrese URL poskytnutej v s\u00e9riovom monitore<\/li>\n<li>Vo webovom prehliada\u010di zadajte adresu URL s\u00faboru MP3, napr\u00edklad\u00a0<em><a href=\"http:\/\/kvbstreams.dyndns.org:8000\/wkvi-am\" rel=\"nofollow\">http:\/\/kvbstreams.dyndns.org:8000\/wkvi-am<\/a><\/em>\u00a0, ako je uveden\u00e9 ni\u017e\u0161ie<\/li>\n<\/ol>\n<div class=\"wp-block-image\">\n<figure class=\"aligncenter size-large\"><a class=\"no-underline\" href=\"https:\/\/kevinsaye.files.wordpress.com\/2021\/03\/image.png\"><img loading=\"lazy\" decoding=\"async\" class=\"wp-image-3634\" src=\"https:\/\/kevinsaye.files.wordpress.com\/2021\/03\/image.png?w=708\" sizes=\"(max-width: 708px) 100vw, 708px\" srcset=\"https:\/\/kevinsaye.files.wordpress.com\/2021\/03\/image.png 708w, https:\/\/kevinsaye.files.wordpress.com\/2021\/03\/image.png?w=150 150w, https:\/\/kevinsaye.files.wordpress.com\/2021\/03\/image.png?w=300 300w\" alt=\"\" width=\"708\" height=\"382\" data-attachment-id=\"3634\" data-permalink=\"https:\/\/kevinsaye.wordpress.com\/image-28\/\" data-orig-file=\"https:\/\/kevinsaye.files.wordpress.com\/2021\/03\/image.png\" data-orig-size=\"708,382\" data-comments-opened=\"1\" data-image-meta=\"{&quot;aperture&quot;:&quot;0&quot;,&quot;credit&quot;:&quot;&quot;,&quot;camera&quot;:&quot;&quot;,&quot;caption&quot;:&quot;&quot;,&quot;created_timestamp&quot;:&quot;0&quot;,&quot;copyright&quot;:&quot;&quot;,&quot;focal_length&quot;:&quot;0&quot;,&quot;iso&quot;:&quot;0&quot;,&quot;shutter_speed&quot;:&quot;0&quot;,&quot;title&quot;:&quot;&quot;,&quot;orientation&quot;:&quot;0&quot;}\" data-image-title=\"image\" data-image-description=\"\" data-image-caption=\"\" data-medium-file=\"https:\/\/kevinsaye.files.wordpress.com\/2021\/03\/image.png?w=300\" data-large-file=\"https:\/\/kevinsaye.files.wordpress.com\/2021\/03\/image.png?w=708\" \/><\/a><\/figure>\n<\/div>\n<p>8. Po\u010d\u00favajte hudbu<\/p>\n<h2 class=\"wp-block-heading\">Referencie:<\/h2>\n<ul>\n<li><a href=\"http:\/\/www.nihamkin.com\/pcm-audio-on-esp8266-using-the-pcm5102-chip.html\">Blog Artia Nihamkina \u2013 PCM Audio na ESP8266 s pou\u017eit\u00edm \u010dipu PCM5102<\/a><\/li>\n<li><a href=\"https:\/\/github.com\/earlephilhower\/ESP8266Audio#pcm5102-dac\">earlephilhower\/ESP8266Audio: Kni\u017enica Arduino na prehr\u00e1vanie s\u00faborov MOD, WAV, FLAC, MIDI, RTTTL, MP3 a AAC na I2S DAC alebo pomocou softv\u00e9rovo emulovan\u00e9ho delta-sigma DAC na ESP8266 a ESP32 (github.com)<\/a><\/li>\n<\/ul>\n<\/div>\n<p>&nbsp;<\/p>\n<p>&nbsp;<\/p>\n<p>&nbsp;<\/p>\n<p>&nbsp;<\/p>\n<p>&nbsp;<\/p>\n<p>&nbsp;<\/p>\n<p>&nbsp;<\/p>\n<p>&nbsp;<\/p>\n<p>&nbsp;<\/p>\n<p>&nbsp;<\/p>\n<p>&nbsp;<\/p>\n<p>&nbsp;<\/p>\n<p><img decoding=\"async\" src=\"https:\/\/diyi0t.com\/wp-content\/uploads\/2020\/08\/I2S-ESP32-Play-from-Memory_Steckplatine.png\" alt=\"I2S Sound Tutorial for ESP32\" \/><\/p>\n","protected":false},"excerpt":{"rendered":"<p>&nbsp; &nbsp; PCM5102A DAC Sound Card Board pHAT 3.5mm Stereo Jack 24 Bits Digital Audio Module pre Raspberry Pi Beyond&hellip;<\/p>\n","protected":false},"featured_media":699,"template":"","meta":{"_monsterinsights_skip_tracking":false,"_monsterinsights_sitenote_active":false,"_monsterinsights_sitenote_note":"","_monsterinsights_sitenote_category":0},"product_cat":[16,23,32,48,29],"product_tag":[],"class_list":{"0":"post-698","1":"product","2":"type-product","3":"status-publish","4":"has-post-thumbnail","6":"product_cat-ard","7":"product_cat-audio-modul","8":"product_cat-bluetooth","9":"product_cat-raspberry","10":"product_cat-wireless-transmission","12":"first","13":"instock","14":"shipping-taxable","15":"purchasable","16":"product-type-simple"},"yoast_head":"<!-- This site is optimized with the Yoast SEO plugin v23.6 - https:\/\/yoast.com\/wordpress\/plugins\/seo\/ -->\n<title>PCM5102A DAC Sound Card Board pHAT 3.5mm Stereo Jack 24 Bits Digital Audio Module for Raspberry Pi Beyond ES9023 PCM1794 - Arduino e-shop<\/title>\n<meta name=\"robots\" content=\"index, follow, max-snippet:-1, max-image-preview:large, max-video-preview:-1\" \/>\n<link rel=\"canonical\" href=\"https:\/\/www.onetimenexttime.sk\/arduino\/index.php\/produkt\/pcm5102a-dac-sound-card-board-phat-3-5mm-stereo-jack-24-bits-digital-audio-module-for-raspberry-pi-beyond-es9023-pcm1794\/\" \/>\n<meta property=\"og:locale\" content=\"sk_SK\" \/>\n<meta property=\"og:type\" content=\"article\" \/>\n<meta property=\"og:title\" content=\"PCM5102A DAC Sound Card Board pHAT 3.5mm Stereo Jack 24 Bits Digital Audio Module for Raspberry Pi Beyond ES9023 PCM1794 - Arduino e-shop\" \/>\n<meta property=\"og:description\" content=\"&nbsp; &nbsp; PCM5102A DAC Sound Card Board pHAT 3.5mm Stereo Jack 24 Bits Digital Audio Module pre Raspberry Pi Beyond&hellip;\" \/>\n<meta property=\"og:url\" content=\"https:\/\/www.onetimenexttime.sk\/arduino\/index.php\/produkt\/pcm5102a-dac-sound-card-board-phat-3-5mm-stereo-jack-24-bits-digital-audio-module-for-raspberry-pi-beyond-es9023-pcm1794\/\" \/>\n<meta property=\"og:site_name\" content=\"Arduino e-shop\" \/>\n<meta property=\"article:modified_time\" content=\"2024-02-23T06:57:48+00:00\" \/>\n<meta property=\"og:image\" content=\"https:\/\/www.onetimenexttime.sk\/arduino\/wp-content\/uploads\/2021\/10\/655.jpg\" \/>\n\t<meta property=\"og:image:width\" content=\"480\" \/>\n\t<meta property=\"og:image:height\" content=\"483\" \/>\n\t<meta property=\"og:image:type\" content=\"image\/jpeg\" \/>\n<meta name=\"twitter:card\" content=\"summary_large_image\" \/>\n<meta name=\"twitter:label1\" content=\"Predpokladan\u00fd \u010das \u010d\u00edtania\" \/>\n\t<meta name=\"twitter:data1\" content=\"5 min\u00fat\" \/>\n<script type=\"application\/ld+json\" class=\"yoast-schema-graph\">{\"@context\":\"https:\/\/schema.org\",\"@graph\":[{\"@type\":\"WebPage\",\"@id\":\"https:\/\/www.onetimenexttime.sk\/arduino\/index.php\/produkt\/pcm5102a-dac-sound-card-board-phat-3-5mm-stereo-jack-24-bits-digital-audio-module-for-raspberry-pi-beyond-es9023-pcm1794\/\",\"url\":\"https:\/\/www.onetimenexttime.sk\/arduino\/index.php\/produkt\/pcm5102a-dac-sound-card-board-phat-3-5mm-stereo-jack-24-bits-digital-audio-module-for-raspberry-pi-beyond-es9023-pcm1794\/\",\"name\":\"PCM5102A DAC Sound Card Board pHAT 3.5mm Stereo Jack 24 Bits Digital Audio Module for Raspberry Pi Beyond ES9023 PCM1794 - Arduino e-shop\",\"isPartOf\":{\"@id\":\"https:\/\/www.onetimenexttime.sk\/arduino\/#website\"},\"primaryImageOfPage\":{\"@id\":\"https:\/\/www.onetimenexttime.sk\/arduino\/index.php\/produkt\/pcm5102a-dac-sound-card-board-phat-3-5mm-stereo-jack-24-bits-digital-audio-module-for-raspberry-pi-beyond-es9023-pcm1794\/#primaryimage\"},\"image\":{\"@id\":\"https:\/\/www.onetimenexttime.sk\/arduino\/index.php\/produkt\/pcm5102a-dac-sound-card-board-phat-3-5mm-stereo-jack-24-bits-digital-audio-module-for-raspberry-pi-beyond-es9023-pcm1794\/#primaryimage\"},\"thumbnailUrl\":\"https:\/\/www.onetimenexttime.sk\/arduino\/wp-content\/uploads\/2021\/10\/655.jpg\",\"datePublished\":\"2021-10-30T14:46:16+00:00\",\"dateModified\":\"2024-02-23T06:57:48+00:00\",\"breadcrumb\":{\"@id\":\"https:\/\/www.onetimenexttime.sk\/arduino\/index.php\/produkt\/pcm5102a-dac-sound-card-board-phat-3-5mm-stereo-jack-24-bits-digital-audio-module-for-raspberry-pi-beyond-es9023-pcm1794\/#breadcrumb\"},\"inLanguage\":\"sk-SK\",\"potentialAction\":[{\"@type\":\"ReadAction\",\"target\":[\"https:\/\/www.onetimenexttime.sk\/arduino\/index.php\/produkt\/pcm5102a-dac-sound-card-board-phat-3-5mm-stereo-jack-24-bits-digital-audio-module-for-raspberry-pi-beyond-es9023-pcm1794\/\"]}]},{\"@type\":\"ImageObject\",\"inLanguage\":\"sk-SK\",\"@id\":\"https:\/\/www.onetimenexttime.sk\/arduino\/index.php\/produkt\/pcm5102a-dac-sound-card-board-phat-3-5mm-stereo-jack-24-bits-digital-audio-module-for-raspberry-pi-beyond-es9023-pcm1794\/#primaryimage\",\"url\":\"https:\/\/www.onetimenexttime.sk\/arduino\/wp-content\/uploads\/2021\/10\/655.jpg\",\"contentUrl\":\"https:\/\/www.onetimenexttime.sk\/arduino\/wp-content\/uploads\/2021\/10\/655.jpg\",\"width\":480,\"height\":483},{\"@type\":\"BreadcrumbList\",\"@id\":\"https:\/\/www.onetimenexttime.sk\/arduino\/index.php\/produkt\/pcm5102a-dac-sound-card-board-phat-3-5mm-stereo-jack-24-bits-digital-audio-module-for-raspberry-pi-beyond-es9023-pcm1794\/#breadcrumb\",\"itemListElement\":[{\"@type\":\"ListItem\",\"position\":1,\"name\":\"Domov\",\"item\":\"https:\/\/www.onetimenexttime.sk\/arduino\/\"},{\"@type\":\"ListItem\",\"position\":2,\"name\":\"Obchod\",\"item\":\"https:\/\/www.onetimenexttime.sk\/arduino\/\"},{\"@type\":\"ListItem\",\"position\":3,\"name\":\"PCM5102A DAC Sound Card Board pHAT 3.5mm Stereo Jack 24 Bits Digital Audio Module for Raspberry Pi Beyond ES9023 PCM1794\"}]},{\"@type\":\"WebSite\",\"@id\":\"https:\/\/www.onetimenexttime.sk\/arduino\/#website\",\"url\":\"https:\/\/www.onetimenexttime.sk\/arduino\/\",\"name\":\"Arduino e-shop\",\"description\":\"Home Assistant\",\"potentialAction\":[{\"@type\":\"SearchAction\",\"target\":{\"@type\":\"EntryPoint\",\"urlTemplate\":\"https:\/\/www.onetimenexttime.sk\/arduino\/?s={search_term_string}\"},\"query-input\":{\"@type\":\"PropertyValueSpecification\",\"valueRequired\":true,\"valueName\":\"search_term_string\"}}],\"inLanguage\":\"sk-SK\"}]}<\/script>\n<!-- \/ Yoast SEO plugin. -->","yoast_head_json":{"title":"PCM5102A DAC Sound Card Board pHAT 3.5mm Stereo Jack 24 Bits Digital Audio Module for Raspberry Pi Beyond ES9023 PCM1794 - Arduino e-shop","robots":{"index":"index","follow":"follow","max-snippet":"max-snippet:-1","max-image-preview":"max-image-preview:large","max-video-preview":"max-video-preview:-1"},"canonical":"https:\/\/www.onetimenexttime.sk\/arduino\/index.php\/produkt\/pcm5102a-dac-sound-card-board-phat-3-5mm-stereo-jack-24-bits-digital-audio-module-for-raspberry-pi-beyond-es9023-pcm1794\/","og_locale":"sk_SK","og_type":"article","og_title":"PCM5102A DAC Sound Card Board pHAT 3.5mm Stereo Jack 24 Bits Digital Audio Module for Raspberry Pi Beyond ES9023 PCM1794 - Arduino e-shop","og_description":"&nbsp; &nbsp; PCM5102A DAC Sound Card Board pHAT 3.5mm Stereo Jack 24 Bits Digital Audio Module pre Raspberry Pi Beyond&hellip;","og_url":"https:\/\/www.onetimenexttime.sk\/arduino\/index.php\/produkt\/pcm5102a-dac-sound-card-board-phat-3-5mm-stereo-jack-24-bits-digital-audio-module-for-raspberry-pi-beyond-es9023-pcm1794\/","og_site_name":"Arduino e-shop","article_modified_time":"2024-02-23T06:57:48+00:00","og_image":[{"width":480,"height":483,"url":"https:\/\/www.onetimenexttime.sk\/arduino\/wp-content\/uploads\/2021\/10\/655.jpg","type":"image\/jpeg"}],"twitter_card":"summary_large_image","twitter_misc":{"Predpokladan\u00fd \u010das \u010d\u00edtania":"5 min\u00fat"},"schema":{"@context":"https:\/\/schema.org","@graph":[{"@type":"WebPage","@id":"https:\/\/www.onetimenexttime.sk\/arduino\/index.php\/produkt\/pcm5102a-dac-sound-card-board-phat-3-5mm-stereo-jack-24-bits-digital-audio-module-for-raspberry-pi-beyond-es9023-pcm1794\/","url":"https:\/\/www.onetimenexttime.sk\/arduino\/index.php\/produkt\/pcm5102a-dac-sound-card-board-phat-3-5mm-stereo-jack-24-bits-digital-audio-module-for-raspberry-pi-beyond-es9023-pcm1794\/","name":"PCM5102A DAC Sound Card Board pHAT 3.5mm Stereo Jack 24 Bits Digital Audio Module for Raspberry Pi Beyond ES9023 PCM1794 - Arduino e-shop","isPartOf":{"@id":"https:\/\/www.onetimenexttime.sk\/arduino\/#website"},"primaryImageOfPage":{"@id":"https:\/\/www.onetimenexttime.sk\/arduino\/index.php\/produkt\/pcm5102a-dac-sound-card-board-phat-3-5mm-stereo-jack-24-bits-digital-audio-module-for-raspberry-pi-beyond-es9023-pcm1794\/#primaryimage"},"image":{"@id":"https:\/\/www.onetimenexttime.sk\/arduino\/index.php\/produkt\/pcm5102a-dac-sound-card-board-phat-3-5mm-stereo-jack-24-bits-digital-audio-module-for-raspberry-pi-beyond-es9023-pcm1794\/#primaryimage"},"thumbnailUrl":"https:\/\/www.onetimenexttime.sk\/arduino\/wp-content\/uploads\/2021\/10\/655.jpg","datePublished":"2021-10-30T14:46:16+00:00","dateModified":"2024-02-23T06:57:48+00:00","breadcrumb":{"@id":"https:\/\/www.onetimenexttime.sk\/arduino\/index.php\/produkt\/pcm5102a-dac-sound-card-board-phat-3-5mm-stereo-jack-24-bits-digital-audio-module-for-raspberry-pi-beyond-es9023-pcm1794\/#breadcrumb"},"inLanguage":"sk-SK","potentialAction":[{"@type":"ReadAction","target":["https:\/\/www.onetimenexttime.sk\/arduino\/index.php\/produkt\/pcm5102a-dac-sound-card-board-phat-3-5mm-stereo-jack-24-bits-digital-audio-module-for-raspberry-pi-beyond-es9023-pcm1794\/"]}]},{"@type":"ImageObject","inLanguage":"sk-SK","@id":"https:\/\/www.onetimenexttime.sk\/arduino\/index.php\/produkt\/pcm5102a-dac-sound-card-board-phat-3-5mm-stereo-jack-24-bits-digital-audio-module-for-raspberry-pi-beyond-es9023-pcm1794\/#primaryimage","url":"https:\/\/www.onetimenexttime.sk\/arduino\/wp-content\/uploads\/2021\/10\/655.jpg","contentUrl":"https:\/\/www.onetimenexttime.sk\/arduino\/wp-content\/uploads\/2021\/10\/655.jpg","width":480,"height":483},{"@type":"BreadcrumbList","@id":"https:\/\/www.onetimenexttime.sk\/arduino\/index.php\/produkt\/pcm5102a-dac-sound-card-board-phat-3-5mm-stereo-jack-24-bits-digital-audio-module-for-raspberry-pi-beyond-es9023-pcm1794\/#breadcrumb","itemListElement":[{"@type":"ListItem","position":1,"name":"Domov","item":"https:\/\/www.onetimenexttime.sk\/arduino\/"},{"@type":"ListItem","position":2,"name":"Obchod","item":"https:\/\/www.onetimenexttime.sk\/arduino\/"},{"@type":"ListItem","position":3,"name":"PCM5102A DAC Sound Card Board pHAT 3.5mm Stereo Jack 24 Bits Digital Audio Module for Raspberry Pi Beyond ES9023 PCM1794"}]},{"@type":"WebSite","@id":"https:\/\/www.onetimenexttime.sk\/arduino\/#website","url":"https:\/\/www.onetimenexttime.sk\/arduino\/","name":"Arduino e-shop","description":"Home Assistant","potentialAction":[{"@type":"SearchAction","target":{"@type":"EntryPoint","urlTemplate":"https:\/\/www.onetimenexttime.sk\/arduino\/?s={search_term_string}"},"query-input":{"@type":"PropertyValueSpecification","valueRequired":true,"valueName":"search_term_string"}}],"inLanguage":"sk-SK"}]}},"_links":{"self":[{"href":"https:\/\/www.onetimenexttime.sk\/arduino\/index.php\/wp-json\/wp\/v2\/product\/698"}],"collection":[{"href":"https:\/\/www.onetimenexttime.sk\/arduino\/index.php\/wp-json\/wp\/v2\/product"}],"about":[{"href":"https:\/\/www.onetimenexttime.sk\/arduino\/index.php\/wp-json\/wp\/v2\/types\/product"}],"wp:featuredmedia":[{"embeddable":true,"href":"https:\/\/www.onetimenexttime.sk\/arduino\/index.php\/wp-json\/wp\/v2\/media\/699"}],"wp:attachment":[{"href":"https:\/\/www.onetimenexttime.sk\/arduino\/index.php\/wp-json\/wp\/v2\/media?parent=698"}],"wp:term":[{"taxonomy":"product_cat","embeddable":true,"href":"https:\/\/www.onetimenexttime.sk\/arduino\/index.php\/wp-json\/wp\/v2\/product_cat?post=698"},{"taxonomy":"product_tag","embeddable":true,"href":"https:\/\/www.onetimenexttime.sk\/arduino\/index.php\/wp-json\/wp\/v2\/product_tag?post=698"}],"curies":[{"name":"wp","href":"https:\/\/api.w.org\/{rel}","templated":true}]}}