{"id":696,"date":"2021-10-30T16:17:54","date_gmt":"2021-10-30T14:17:54","guid":{"rendered":"https:\/\/www.onetimenexttime.sk\/arduino\/?post_type=product&#038;p=696"},"modified":"2021-10-30T16:26:04","modified_gmt":"2021-10-30T14:26:04","slug":"golden-security-rf-remote-switch-smart-power-socket-plug-app-control-433mhz-for-g90b-wifi-gprs-gsm-home-security-alarm-control","status":"publish","type":"product","link":"https:\/\/www.onetimenexttime.sk\/arduino\/index.php\/produkt\/golden-security-rf-remote-switch-smart-power-socket-plug-app-control-433mhz-for-g90b-wifi-gprs-gsm-home-security-alarm-control\/","title":{"rendered":"Golden Security RF Remote Switch Smart Power Socket Plug App Control 433MHz for G90B Wifi GPRS GSM Home Security Alarm Control"},"content":{"rendered":"<h2>Dia\u013ekov\u00fd sp\u00edna\u010d Golden Security RF Inteligentn\u00e9 ovl\u00e1danie nap\u00e1jacej z\u00e1suvky Plug App 433 MHz pre G90B Wifi GPRS GSM Ovl\u00e1danie dom\u00e1ceho bezpe\u010dnostn\u00e9ho alarmu<\/h2>\n<p>T\u00e1to bezdr\u00f4tov\u00e1 inteligentn\u00e1 z\u00e1suvka funguje len so syst\u00e9mom Golden Security ALarm, ako je GS90B.<\/p>\n<p>Tento produkt vyu\u017e\u00edva medzin\u00e1rodn\u00fa pokro\u010dil\u00fa digit\u00e1lnu RF technol\u00f3giu a m\u00e1 stabiln\u00fd v\u00fdkon, ve\u013emi stabiln\u00fa pam\u00e4\u0165 a \u00falo\u017en\u00fa kapacitu a inteligentn\u00fa \u0161tudijn\u00fa funkciu.<\/p>\n<p><strong>Ovl\u00e1da sa cez APP.<\/strong><\/p>\n<p>Bezdr\u00f4tov\u00e9 dia\u013ekov\u00e9 ovl\u00e1danie Smart z\u00e1suvka, ovl\u00e1danie nap\u00e1jania RF z\u00e1suvka, sp\u00ednacia z\u00e1suvka pre popla\u0161n\u00fd syst\u00e9m G90B\/G90B Plus\/S1\/S2\/S2G\/S2W\/S3<\/p>\n<p>Bezdr\u00f4tov\u00e1 RF 433MHz inteligentn\u00e1 inteligentn\u00e1 elektrick\u00e1 z\u00e1suvka striedav\u00e9ho pr\u00fadu so sp\u00edna\u010dom dia\u013ekov\u00e9ho ovl\u00e1dania US EU UK z\u00e1str\u010dka 10A 80-250V CE<\/p>\n<p>&nbsp;<\/p>\n<p>&nbsp;<\/p>\n","protected":false},"excerpt":{"rendered":"<p>Dia\u013ekov\u00fd sp\u00edna\u010d Golden Security RF Inteligentn\u00e9 ovl\u00e1danie nap\u00e1jacej z\u00e1suvky Plug App 433 MHz pre G90B Wifi GPRS GSM Ovl\u00e1danie dom\u00e1ceho&hellip;<\/p>\n","protected":false},"featured_media":697,"template":"","meta":{"_monsterinsights_skip_tracking":false,"_monsterinsights_sitenote_active":false,"_monsterinsights_sitenote_note":"","_monsterinsights_sitenote_category":0},"product_cat":[42],"product_tag":[],"class_list":{"0":"post-696","1":"product","2":"type-product","3":"status-publish","4":"has-post-thumbnail","6":"product_cat-smart","8":"first","9":"instock","10":"sale","11":"shipping-taxable","12":"purchasable","13":"product-type-simple"},"yoast_head":"<!-- This site is optimized with the Yoast SEO plugin v23.6 - https:\/\/yoast.com\/wordpress\/plugins\/seo\/ -->\n<title>Golden Security RF Remote Switch Smart Power Socket Plug App Control 433MHz for G90B Wifi GPRS GSM Home Security Alarm Control - Arduino e-shop<\/title>\n<meta name=\"robots\" content=\"index, follow, max-snippet:-1, max-image-preview:large, max-video-preview:-1\" \/>\n<link rel=\"canonical\" href=\"https:\/\/www.onetimenexttime.sk\/arduino\/index.php\/produkt\/golden-security-rf-remote-switch-smart-power-socket-plug-app-control-433mhz-for-g90b-wifi-gprs-gsm-home-security-alarm-control\/\" \/>\n<meta property=\"og:locale\" content=\"sk_SK\" \/>\n<meta property=\"og:type\" content=\"article\" \/>\n<meta property=\"og:title\" content=\"Golden Security RF Remote Switch Smart Power Socket Plug App Control 433MHz for G90B Wifi GPRS GSM Home Security Alarm Control - Arduino e-shop\" \/>\n<meta property=\"og:description\" content=\"Dia\u013ekov\u00fd sp\u00edna\u010d Golden Security RF Inteligentn\u00e9 ovl\u00e1danie nap\u00e1jacej z\u00e1suvky Plug App 433 MHz pre G90B Wifi GPRS GSM Ovl\u00e1danie dom\u00e1ceho&hellip;\" \/>\n<meta property=\"og:url\" content=\"https:\/\/www.onetimenexttime.sk\/arduino\/index.php\/produkt\/golden-security-rf-remote-switch-smart-power-socket-plug-app-control-433mhz-for-g90b-wifi-gprs-gsm-home-security-alarm-control\/\" \/>\n<meta property=\"og:site_name\" content=\"Arduino e-shop\" \/>\n<meta property=\"article:modified_time\" content=\"2021-10-30T14:26:04+00:00\" \/>\n<meta property=\"og:image\" content=\"https:\/\/www.onetimenexttime.sk\/arduino\/wp-content\/uploads\/2021\/10\/187.jpg\" \/>\n\t<meta property=\"og:image:width\" content=\"507\" \/>\n\t<meta property=\"og:image:height\" content=\"506\" \/>\n\t<meta property=\"og:image:type\" content=\"image\/jpeg\" \/>\n<meta name=\"twitter:card\" content=\"summary_large_image\" \/>\n<meta name=\"twitter:label1\" content=\"Predpokladan\u00fd \u010das \u010d\u00edtania\" \/>\n\t<meta name=\"twitter:data1\" content=\"2 min\u00faty\" \/>\n<script type=\"application\/ld+json\" class=\"yoast-schema-graph\">{\"@context\":\"https:\/\/schema.org\",\"@graph\":[{\"@type\":\"WebPage\",\"@id\":\"https:\/\/www.onetimenexttime.sk\/arduino\/index.php\/produkt\/golden-security-rf-remote-switch-smart-power-socket-plug-app-control-433mhz-for-g90b-wifi-gprs-gsm-home-security-alarm-control\/\",\"url\":\"https:\/\/www.onetimenexttime.sk\/arduino\/index.php\/produkt\/golden-security-rf-remote-switch-smart-power-socket-plug-app-control-433mhz-for-g90b-wifi-gprs-gsm-home-security-alarm-control\/\",\"name\":\"Golden Security RF Remote Switch Smart Power Socket Plug App Control 433MHz for G90B Wifi GPRS GSM Home Security Alarm Control - Arduino e-shop\",\"isPartOf\":{\"@id\":\"https:\/\/www.onetimenexttime.sk\/arduino\/#website\"},\"primaryImageOfPage\":{\"@id\":\"https:\/\/www.onetimenexttime.sk\/arduino\/index.php\/produkt\/golden-security-rf-remote-switch-smart-power-socket-plug-app-control-433mhz-for-g90b-wifi-gprs-gsm-home-security-alarm-control\/#primaryimage\"},\"image\":{\"@id\":\"https:\/\/www.onetimenexttime.sk\/arduino\/index.php\/produkt\/golden-security-rf-remote-switch-smart-power-socket-plug-app-control-433mhz-for-g90b-wifi-gprs-gsm-home-security-alarm-control\/#primaryimage\"},\"thumbnailUrl\":\"https:\/\/www.onetimenexttime.sk\/arduino\/wp-content\/uploads\/2021\/10\/187.jpg\",\"datePublished\":\"2021-10-30T14:17:54+00:00\",\"dateModified\":\"2021-10-30T14:26:04+00:00\",\"breadcrumb\":{\"@id\":\"https:\/\/www.onetimenexttime.sk\/arduino\/index.php\/produkt\/golden-security-rf-remote-switch-smart-power-socket-plug-app-control-433mhz-for-g90b-wifi-gprs-gsm-home-security-alarm-control\/#breadcrumb\"},\"inLanguage\":\"sk-SK\",\"potentialAction\":[{\"@type\":\"ReadAction\",\"target\":[\"https:\/\/www.onetimenexttime.sk\/arduino\/index.php\/produkt\/golden-security-rf-remote-switch-smart-power-socket-plug-app-control-433mhz-for-g90b-wifi-gprs-gsm-home-security-alarm-control\/\"]}]},{\"@type\":\"ImageObject\",\"inLanguage\":\"sk-SK\",\"@id\":\"https:\/\/www.onetimenexttime.sk\/arduino\/index.php\/produkt\/golden-security-rf-remote-switch-smart-power-socket-plug-app-control-433mhz-for-g90b-wifi-gprs-gsm-home-security-alarm-control\/#primaryimage\",\"url\":\"https:\/\/www.onetimenexttime.sk\/arduino\/wp-content\/uploads\/2021\/10\/187.jpg\",\"contentUrl\":\"https:\/\/www.onetimenexttime.sk\/arduino\/wp-content\/uploads\/2021\/10\/187.jpg\",\"width\":507,\"height\":506},{\"@type\":\"BreadcrumbList\",\"@id\":\"https:\/\/www.onetimenexttime.sk\/arduino\/index.php\/produkt\/golden-security-rf-remote-switch-smart-power-socket-plug-app-control-433mhz-for-g90b-wifi-gprs-gsm-home-security-alarm-control\/#breadcrumb\",\"itemListElement\":[{\"@type\":\"ListItem\",\"position\":1,\"name\":\"Domov\",\"item\":\"https:\/\/www.onetimenexttime.sk\/arduino\/\"},{\"@type\":\"ListItem\",\"position\":2,\"name\":\"Obchod\",\"item\":\"https:\/\/www.onetimenexttime.sk\/arduino\/\"},{\"@type\":\"ListItem\",\"position\":3,\"name\":\"Golden Security RF Remote Switch Smart Power Socket Plug App Control 433MHz for G90B Wifi GPRS GSM Home Security Alarm Control\"}]},{\"@type\":\"WebSite\",\"@id\":\"https:\/\/www.onetimenexttime.sk\/arduino\/#website\",\"url\":\"https:\/\/www.onetimenexttime.sk\/arduino\/\",\"name\":\"Arduino e-shop\",\"description\":\"Home Assistant\",\"potentialAction\":[{\"@type\":\"SearchAction\",\"target\":{\"@type\":\"EntryPoint\",\"urlTemplate\":\"https:\/\/www.onetimenexttime.sk\/arduino\/?s={search_term_string}\"},\"query-input\":{\"@type\":\"PropertyValueSpecification\",\"valueRequired\":true,\"valueName\":\"search_term_string\"}}],\"inLanguage\":\"sk-SK\"}]}<\/script>\n<!-- \/ Yoast SEO plugin. -->","yoast_head_json":{"title":"Golden Security RF Remote Switch Smart Power Socket Plug App Control 433MHz for G90B Wifi GPRS GSM Home Security Alarm Control - Arduino e-shop","robots":{"index":"index","follow":"follow","max-snippet":"max-snippet:-1","max-image-preview":"max-image-preview:large","max-video-preview":"max-video-preview:-1"},"canonical":"https:\/\/www.onetimenexttime.sk\/arduino\/index.php\/produkt\/golden-security-rf-remote-switch-smart-power-socket-plug-app-control-433mhz-for-g90b-wifi-gprs-gsm-home-security-alarm-control\/","og_locale":"sk_SK","og_type":"article","og_title":"Golden Security RF Remote Switch Smart Power Socket Plug App Control 433MHz for G90B Wifi GPRS GSM Home Security Alarm Control - Arduino e-shop","og_description":"Dia\u013ekov\u00fd sp\u00edna\u010d Golden Security RF Inteligentn\u00e9 ovl\u00e1danie nap\u00e1jacej z\u00e1suvky Plug App 433 MHz pre G90B Wifi GPRS GSM Ovl\u00e1danie dom\u00e1ceho&hellip;","og_url":"https:\/\/www.onetimenexttime.sk\/arduino\/index.php\/produkt\/golden-security-rf-remote-switch-smart-power-socket-plug-app-control-433mhz-for-g90b-wifi-gprs-gsm-home-security-alarm-control\/","og_site_name":"Arduino e-shop","article_modified_time":"2021-10-30T14:26:04+00:00","og_image":[{"width":507,"height":506,"url":"https:\/\/www.onetimenexttime.sk\/arduino\/wp-content\/uploads\/2021\/10\/187.jpg","type":"image\/jpeg"}],"twitter_card":"summary_large_image","twitter_misc":{"Predpokladan\u00fd \u010das \u010d\u00edtania":"2 min\u00faty"},"schema":{"@context":"https:\/\/schema.org","@graph":[{"@type":"WebPage","@id":"https:\/\/www.onetimenexttime.sk\/arduino\/index.php\/produkt\/golden-security-rf-remote-switch-smart-power-socket-plug-app-control-433mhz-for-g90b-wifi-gprs-gsm-home-security-alarm-control\/","url":"https:\/\/www.onetimenexttime.sk\/arduino\/index.php\/produkt\/golden-security-rf-remote-switch-smart-power-socket-plug-app-control-433mhz-for-g90b-wifi-gprs-gsm-home-security-alarm-control\/","name":"Golden Security RF Remote Switch Smart Power Socket Plug App Control 433MHz for G90B Wifi GPRS GSM Home Security Alarm Control - Arduino e-shop","isPartOf":{"@id":"https:\/\/www.onetimenexttime.sk\/arduino\/#website"},"primaryImageOfPage":{"@id":"https:\/\/www.onetimenexttime.sk\/arduino\/index.php\/produkt\/golden-security-rf-remote-switch-smart-power-socket-plug-app-control-433mhz-for-g90b-wifi-gprs-gsm-home-security-alarm-control\/#primaryimage"},"image":{"@id":"https:\/\/www.onetimenexttime.sk\/arduino\/index.php\/produkt\/golden-security-rf-remote-switch-smart-power-socket-plug-app-control-433mhz-for-g90b-wifi-gprs-gsm-home-security-alarm-control\/#primaryimage"},"thumbnailUrl":"https:\/\/www.onetimenexttime.sk\/arduino\/wp-content\/uploads\/2021\/10\/187.jpg","datePublished":"2021-10-30T14:17:54+00:00","dateModified":"2021-10-30T14:26:04+00:00","breadcrumb":{"@id":"https:\/\/www.onetimenexttime.sk\/arduino\/index.php\/produkt\/golden-security-rf-remote-switch-smart-power-socket-plug-app-control-433mhz-for-g90b-wifi-gprs-gsm-home-security-alarm-control\/#breadcrumb"},"inLanguage":"sk-SK","potentialAction":[{"@type":"ReadAction","target":["https:\/\/www.onetimenexttime.sk\/arduino\/index.php\/produkt\/golden-security-rf-remote-switch-smart-power-socket-plug-app-control-433mhz-for-g90b-wifi-gprs-gsm-home-security-alarm-control\/"]}]},{"@type":"ImageObject","inLanguage":"sk-SK","@id":"https:\/\/www.onetimenexttime.sk\/arduino\/index.php\/produkt\/golden-security-rf-remote-switch-smart-power-socket-plug-app-control-433mhz-for-g90b-wifi-gprs-gsm-home-security-alarm-control\/#primaryimage","url":"https:\/\/www.onetimenexttime.sk\/arduino\/wp-content\/uploads\/2021\/10\/187.jpg","contentUrl":"https:\/\/www.onetimenexttime.sk\/arduino\/wp-content\/uploads\/2021\/10\/187.jpg","width":507,"height":506},{"@type":"BreadcrumbList","@id":"https:\/\/www.onetimenexttime.sk\/arduino\/index.php\/produkt\/golden-security-rf-remote-switch-smart-power-socket-plug-app-control-433mhz-for-g90b-wifi-gprs-gsm-home-security-alarm-control\/#breadcrumb","itemListElement":[{"@type":"ListItem","position":1,"name":"Domov","item":"https:\/\/www.onetimenexttime.sk\/arduino\/"},{"@type":"ListItem","position":2,"name":"Obchod","item":"https:\/\/www.onetimenexttime.sk\/arduino\/"},{"@type":"ListItem","position":3,"name":"Golden Security RF Remote Switch Smart Power Socket Plug App Control 433MHz for G90B Wifi GPRS GSM Home Security Alarm Control"}]},{"@type":"WebSite","@id":"https:\/\/www.onetimenexttime.sk\/arduino\/#website","url":"https:\/\/www.onetimenexttime.sk\/arduino\/","name":"Arduino e-shop","description":"Home Assistant","potentialAction":[{"@type":"SearchAction","target":{"@type":"EntryPoint","urlTemplate":"https:\/\/www.onetimenexttime.sk\/arduino\/?s={search_term_string}"},"query-input":{"@type":"PropertyValueSpecification","valueRequired":true,"valueName":"search_term_string"}}],"inLanguage":"sk-SK"}]}},"_links":{"self":[{"href":"https:\/\/www.onetimenexttime.sk\/arduino\/index.php\/wp-json\/wp\/v2\/product\/696"}],"collection":[{"href":"https:\/\/www.onetimenexttime.sk\/arduino\/index.php\/wp-json\/wp\/v2\/product"}],"about":[{"href":"https:\/\/www.onetimenexttime.sk\/arduino\/index.php\/wp-json\/wp\/v2\/types\/product"}],"wp:featuredmedia":[{"embeddable":true,"href":"https:\/\/www.onetimenexttime.sk\/arduino\/index.php\/wp-json\/wp\/v2\/media\/697"}],"wp:attachment":[{"href":"https:\/\/www.onetimenexttime.sk\/arduino\/index.php\/wp-json\/wp\/v2\/media?parent=696"}],"wp:term":[{"taxonomy":"product_cat","embeddable":true,"href":"https:\/\/www.onetimenexttime.sk\/arduino\/index.php\/wp-json\/wp\/v2\/product_cat?post=696"},{"taxonomy":"product_tag","embeddable":true,"href":"https:\/\/www.onetimenexttime.sk\/arduino\/index.php\/wp-json\/wp\/v2\/product_tag?post=696"}],"curies":[{"name":"wp","href":"https:\/\/api.w.org\/{rel}","templated":true}]}}