{"id":692,"date":"2021-10-30T16:10:15","date_gmt":"2021-10-30T14:10:15","guid":{"rendered":"https:\/\/www.onetimenexttime.sk\/arduino\/?post_type=product&#038;p=692"},"modified":"2021-10-30T16:15:45","modified_gmt":"2021-10-30T14:15:45","slug":"cl1-gsm-wireless-remote-controller-gsm-sms-smart-switch-socket-for-home-security-gate-barrier-shutter-garage-door-opener","status":"publish","type":"product","link":"https:\/\/www.onetimenexttime.sk\/arduino\/index.php\/produkt\/cl1-gsm-wireless-remote-controller-gsm-sms-smart-switch-socket-for-home-security-gate-barrier-shutter-garage-door-opener\/","title":{"rendered":"CL1-GSM Wireless Remote Controller GSM &#038; SMS Smart Switch socket for Home Security Gate Barrier Shutter Garage Door opener"},"content":{"rendered":"<h2>Bezdr\u00f4tov\u00fd dia\u013ekov\u00fd ovl\u00e1da\u010d CL1-GSM GSM &amp; SMS Smart Switch<\/h2>\n<p>&nbsp;<\/p>\n<p>Bezdr\u00f4tov\u00fd dia\u013ekov\u00fd ovl\u00e1da\u010d CL1-GSM GSM a SMS Inteligentn\u00fd dom\u00e1ci bezpe\u010dnostn\u00fd syst\u00e9m<\/p>\n<p><strong>Funkcie a aplik\u00e1cie:<\/strong><\/p>\n<p>&nbsp;<\/p>\n<p>1. Bezdr\u00f4tov\u00fd GSM ovl\u00e1da\u010d, jednoduch\u00e1 obsluha.<\/p>\n<p>2. Puzdro z hlin\u00edkovej zliatiny, \u00fa\u010dinne predch\u00e1dza nebezpe\u010denstvu po\u017eiaru.<\/p>\n<p>3. Aplik\u00e1cia:<\/p>\n<p>**Sie\u0165ov\u00fd server, bezdr\u00f4tov\u00fd smerova\u010d, TV, lampa a in\u00e9 elektrick\u00e9 spotrebi\u010de;<\/p>\n<p>**Jednoducho ovl\u00e1dajte ak\u00fdko\u013evek dom\u00e1ci elektrick\u00fd spotrebi\u010d iba prostredn\u00edctvom SMS alebo telefonick\u00e9ho hovoru;<\/p>\n<p>** Server dia\u013ekov\u00e9ho ovl\u00e1dania, smerovanie, ve\u013ek\u00fd prep\u00edna\u010d, u\u017e sa nemus\u00edte ob\u00e1va\u0165 n\u00e1hodnej chyby;<\/p>\n<p>**Bezobslu\u017en\u00e9 stanice, dia\u013ekov\u00e9 monitorovanie, ochrana lesa, mechanick\u00e9 a elektrick\u00e9 zariadenia na dosiahnutie skuto\u010dne spo\u013eahlivej kontroly po\u010das d\u0148a;<\/p>\n<p>** Zavla\u017eovanie po\u013enohospod\u00e1rskej p\u00f4dy, rybn\u00edky zvy\u0161uj\u00face kysl\u00edk, prev\u00e1dzka morsk\u00fdch plt\u00ed, automatick\u00e9 k\u0155menie zvierat a aplik\u00e1cie automatiz\u00e1cie po\u013enohospod\u00e1rstva.<\/p>\n<p>&nbsp;<\/p>\n<p><strong>GSM frekven\u010dn\u00e9 p\u00e1smo: 850, 900, 1800, 1900<\/strong><\/p>\n<p>&nbsp;<\/p>\n<p>Pomocou textovej spr\u00e1vy alebo telefonick\u00e9ho hovoru m\u00f4\u017eete jednoducho ovl\u00e1da\u0165 ktor\u00e9ko\u013evek z va\u0161ich dom\u00e1cich elektrick\u00fdch zariaden\u00ed<br \/>\nPrestupov\u00e1 br\u00e1na sa d\u00e1 \u013eahko ovl\u00e1da\u0165, ke\u010f to nechcete robi\u0165 sami<br \/>\nDia\u013ekov\u00e9 ovl\u00e1danie servera, smerova\u010da a ve\u013ek\u00e9ho prep\u00edna\u010da<br \/>\nU\u017e \u017eiadne behanie pre pr\u00edpadn\u00fa sporadick\u00fa poruchu<br \/>\nBezobslu\u017en\u00e9 z\u00e1klad\u0148ov\u00e9 stanice, vzdialen\u00fd detek\u010dn\u00fd bod, ochrana lesa, elektrick\u00e9 zariadenia<br \/>\nSkuto\u010dn\u00e1 kontrola za ka\u017ed\u00e9ho po\u010dasia<br \/>\nZavla\u017eovanie, prevzdu\u0161\u0148ovanie rybn\u00edkov, pr\u00e1ca na pr\u00edmorsk\u00fdch pltiach, automatick\u00e9 k\u0155menie zvierat at\u010f<br \/>\nAplik\u00e1cie automatiz\u00e1cie po\u013enohospod\u00e1rstva<br \/>\nat\u010f<\/p>\n<p>&nbsp;<\/p>\n<p><strong>Bezplatn\u00e9 volanie na ovl\u00e1danie<\/strong><br \/>\nU\u017e\u00edvate\u013e m\u00f4\u017ee ovl\u00e1da\u0165 GSM ovl\u00e1da\u010d vyto\u010den\u00edm \u010d\u00edsla SIM karty GSM ovl\u00e1da\u010da. Pou\u017e\u00edvate\u013e m\u00f4\u017ee po\u010du\u0165 \u201eNem\u00f4\u017eete prija\u0165 telef\u00f3nny hovor, p\u00edpnutie, p\u00edpnutie&#8230;&#8230;.t\u00f3n at\u010f.\u201c, \u010do znamen\u00e1 \u00faspe\u0161n\u00fa zmenu stavu rel\u00e9.<br \/>\nAk je ovl\u00e1da\u010d pripojen\u00fd, po hovore sa zmen\u00ed na odpojen\u00fd.<br \/>\nAk je p\u00f4vodn\u00fd stav vypnut\u00fd, po hovore sa zmen\u00ed na pripojen\u00fd.<\/p>\n<p><strong>Ovl\u00e1danie tla\u010didlom<\/strong><br \/>\nStav ovl\u00e1da\u010da sa zmen\u00ed po stla\u010den\u00ed tla\u010didla SW na boku ovl\u00e1da\u010da.<br \/>\nAk je ovl\u00e1da\u010d pripojen\u00fd, zmen\u00ed sa na odpojen\u00fd stav.<br \/>\nAk je p\u00f4vodn\u00fd stav vypnut\u00fd, zmen\u00ed sa na stav pripojenia.<br \/>\nPou\u017e\u00edvate\u013e m\u00f4\u017ee posla\u0165 sms na kontrolu stavu zapnutia\/vypnutia<br \/>\nText SMS: SN+Heslo+\u0160EK<br \/>\nS funkciou vypnutia pam\u00e4te<\/p>\n<p>&nbsp;<\/p>\n<p><strong>Technick\u00e9 \u00fadaje:<\/strong><br \/>\nMateri\u00e1l: puzdro z hlin\u00edkovej zliatiny<br \/>\nV\u00fdstup: elektrick\u00fd pr\u00fad 10A, nap\u00e4tie 10A\/220V, 15A\/125v\/30v, max. v\u00fdstupn\u00fd v\u00fdkon 2200W (induk\u010dn\u00e1 z\u00e1\u0165a\u017e zn\u00ed\u017een\u00e1 na polovicu)<br \/>\nPr\u00edkon: nap\u00e4tie: 9-12v, pr\u00edkon: 0,9w<br \/>\nVe\u013ekos\u0165: 11,3*6,5*2,8cm<br \/>\nAdapt\u00e9r: EUplug, vstup: 110-240v, v\u00fdstup: 12v<\/p>\n<p><strong>Pozn\u00e1mka:<\/strong><br \/>\nTla\u010didlo SW: Ovl\u00e1danie stavu rel\u00e9, jeho stla\u010den\u00edm sa stav preklop\u00ed<br \/>\nTla\u010didlo SET: Stla\u010dte tla\u010didlo SET, potom m\u00f4\u017ee u\u017e\u00edvate\u013e nastavi\u0165 hlavn\u00e9 \u010d\u00edslo v manu\u00e1lnom re\u017eime<br \/>\nIndik\u00e1tor STA: Indik\u00e1tor aktu\u00e1lneho stavu rel\u00e9: ak je stav zapnut\u00fd, svieti kontrolka; ak je stav vypnut\u00fd, svetlo zhasne.<br \/>\nIndik\u00e1tor siete GSM: Indik\u00e1tor sign\u00e1lu, znamen\u00e1 pr\u00edstup k sieti, ke\u010f svetlo blik\u00e1 ka\u017ed\u00e9 4 sekundy.<\/p>\n<p>&nbsp;<\/p>\n<p><strong>Balenie obsahuje:<\/strong><\/p>\n<p>1* dia\u013ekov\u00fd GSM ovl\u00e1da\u010d<br \/>\n1* Adapt\u00e9r (z\u00e1str\u010dka UK\/US\/EU)<br \/>\n1* Ant\u00e9na<\/p>\n<p>1* N\u00e1vod na pou\u017eitie<\/p>\n<p>&nbsp;<\/p>\n","protected":false},"excerpt":{"rendered":"<p>Bezdr\u00f4tov\u00fd dia\u013ekov\u00fd ovl\u00e1da\u010d CL1-GSM GSM &amp; SMS Smart Switch &nbsp; Bezdr\u00f4tov\u00fd dia\u013ekov\u00fd ovl\u00e1da\u010d CL1-GSM GSM a SMS Inteligentn\u00fd dom\u00e1ci bezpe\u010dnostn\u00fd&hellip;<\/p>\n","protected":false},"featured_media":694,"template":"","meta":{"_monsterinsights_skip_tracking":false,"_monsterinsights_sitenote_active":false,"_monsterinsights_sitenote_note":"","_monsterinsights_sitenote_category":0},"product_cat":[42],"product_tag":[],"class_list":{"0":"post-692","1":"product","2":"type-product","3":"status-publish","4":"has-post-thumbnail","6":"product_cat-smart","8":"first","9":"instock","10":"sale","11":"shipping-taxable","12":"purchasable","13":"product-type-simple"},"yoast_head":"<!-- This site is optimized with the Yoast SEO plugin v23.6 - https:\/\/yoast.com\/wordpress\/plugins\/seo\/ -->\n<title>CL1-GSM Wireless Remote Controller GSM &amp; SMS Smart Switch socket for Home Security Gate Barrier Shutter Garage Door opener - Arduino e-shop<\/title>\n<meta name=\"robots\" content=\"index, follow, max-snippet:-1, max-image-preview:large, max-video-preview:-1\" \/>\n<link rel=\"canonical\" href=\"https:\/\/www.onetimenexttime.sk\/arduino\/index.php\/produkt\/cl1-gsm-wireless-remote-controller-gsm-sms-smart-switch-socket-for-home-security-gate-barrier-shutter-garage-door-opener\/\" \/>\n<meta property=\"og:locale\" content=\"sk_SK\" \/>\n<meta property=\"og:type\" content=\"article\" \/>\n<meta property=\"og:title\" content=\"CL1-GSM Wireless Remote Controller GSM &amp; SMS Smart Switch socket for Home Security Gate Barrier Shutter Garage Door opener - Arduino e-shop\" \/>\n<meta property=\"og:description\" content=\"Bezdr\u00f4tov\u00fd dia\u013ekov\u00fd ovl\u00e1da\u010d CL1-GSM GSM &amp; SMS Smart Switch &nbsp; Bezdr\u00f4tov\u00fd dia\u013ekov\u00fd ovl\u00e1da\u010d CL1-GSM GSM a SMS Inteligentn\u00fd dom\u00e1ci bezpe\u010dnostn\u00fd&hellip;\" \/>\n<meta property=\"og:url\" content=\"https:\/\/www.onetimenexttime.sk\/arduino\/index.php\/produkt\/cl1-gsm-wireless-remote-controller-gsm-sms-smart-switch-socket-for-home-security-gate-barrier-shutter-garage-door-opener\/\" \/>\n<meta property=\"og:site_name\" content=\"Arduino e-shop\" \/>\n<meta property=\"article:modified_time\" content=\"2021-10-30T14:15:45+00:00\" \/>\n<meta property=\"og:image\" content=\"https:\/\/www.onetimenexttime.sk\/arduino\/wp-content\/uploads\/2021\/10\/186-2.jpg\" \/>\n\t<meta property=\"og:image:width\" content=\"507\" \/>\n\t<meta property=\"og:image:height\" content=\"506\" \/>\n\t<meta property=\"og:image:type\" content=\"image\/jpeg\" \/>\n<meta name=\"twitter:card\" content=\"summary_large_image\" \/>\n<meta name=\"twitter:label1\" content=\"Predpokladan\u00fd \u010das \u010d\u00edtania\" \/>\n\t<meta name=\"twitter:data1\" content=\"2 min\u00faty\" \/>\n<script type=\"application\/ld+json\" class=\"yoast-schema-graph\">{\"@context\":\"https:\/\/schema.org\",\"@graph\":[{\"@type\":\"WebPage\",\"@id\":\"https:\/\/www.onetimenexttime.sk\/arduino\/index.php\/produkt\/cl1-gsm-wireless-remote-controller-gsm-sms-smart-switch-socket-for-home-security-gate-barrier-shutter-garage-door-opener\/\",\"url\":\"https:\/\/www.onetimenexttime.sk\/arduino\/index.php\/produkt\/cl1-gsm-wireless-remote-controller-gsm-sms-smart-switch-socket-for-home-security-gate-barrier-shutter-garage-door-opener\/\",\"name\":\"CL1-GSM Wireless Remote Controller GSM & SMS Smart Switch socket for Home Security Gate Barrier Shutter Garage Door opener - Arduino e-shop\",\"isPartOf\":{\"@id\":\"https:\/\/www.onetimenexttime.sk\/arduino\/#website\"},\"primaryImageOfPage\":{\"@id\":\"https:\/\/www.onetimenexttime.sk\/arduino\/index.php\/produkt\/cl1-gsm-wireless-remote-controller-gsm-sms-smart-switch-socket-for-home-security-gate-barrier-shutter-garage-door-opener\/#primaryimage\"},\"image\":{\"@id\":\"https:\/\/www.onetimenexttime.sk\/arduino\/index.php\/produkt\/cl1-gsm-wireless-remote-controller-gsm-sms-smart-switch-socket-for-home-security-gate-barrier-shutter-garage-door-opener\/#primaryimage\"},\"thumbnailUrl\":\"https:\/\/www.onetimenexttime.sk\/arduino\/wp-content\/uploads\/2021\/10\/186-2.jpg\",\"datePublished\":\"2021-10-30T14:10:15+00:00\",\"dateModified\":\"2021-10-30T14:15:45+00:00\",\"breadcrumb\":{\"@id\":\"https:\/\/www.onetimenexttime.sk\/arduino\/index.php\/produkt\/cl1-gsm-wireless-remote-controller-gsm-sms-smart-switch-socket-for-home-security-gate-barrier-shutter-garage-door-opener\/#breadcrumb\"},\"inLanguage\":\"sk-SK\",\"potentialAction\":[{\"@type\":\"ReadAction\",\"target\":[\"https:\/\/www.onetimenexttime.sk\/arduino\/index.php\/produkt\/cl1-gsm-wireless-remote-controller-gsm-sms-smart-switch-socket-for-home-security-gate-barrier-shutter-garage-door-opener\/\"]}]},{\"@type\":\"ImageObject\",\"inLanguage\":\"sk-SK\",\"@id\":\"https:\/\/www.onetimenexttime.sk\/arduino\/index.php\/produkt\/cl1-gsm-wireless-remote-controller-gsm-sms-smart-switch-socket-for-home-security-gate-barrier-shutter-garage-door-opener\/#primaryimage\",\"url\":\"https:\/\/www.onetimenexttime.sk\/arduino\/wp-content\/uploads\/2021\/10\/186-2.jpg\",\"contentUrl\":\"https:\/\/www.onetimenexttime.sk\/arduino\/wp-content\/uploads\/2021\/10\/186-2.jpg\",\"width\":507,\"height\":506},{\"@type\":\"BreadcrumbList\",\"@id\":\"https:\/\/www.onetimenexttime.sk\/arduino\/index.php\/produkt\/cl1-gsm-wireless-remote-controller-gsm-sms-smart-switch-socket-for-home-security-gate-barrier-shutter-garage-door-opener\/#breadcrumb\",\"itemListElement\":[{\"@type\":\"ListItem\",\"position\":1,\"name\":\"Domov\",\"item\":\"https:\/\/www.onetimenexttime.sk\/arduino\/\"},{\"@type\":\"ListItem\",\"position\":2,\"name\":\"Obchod\",\"item\":\"https:\/\/www.onetimenexttime.sk\/arduino\/\"},{\"@type\":\"ListItem\",\"position\":3,\"name\":\"CL1-GSM Wireless Remote Controller GSM &#038; SMS Smart Switch socket for Home Security Gate Barrier Shutter Garage Door opener\"}]},{\"@type\":\"WebSite\",\"@id\":\"https:\/\/www.onetimenexttime.sk\/arduino\/#website\",\"url\":\"https:\/\/www.onetimenexttime.sk\/arduino\/\",\"name\":\"Arduino e-shop\",\"description\":\"Home Assistant\",\"potentialAction\":[{\"@type\":\"SearchAction\",\"target\":{\"@type\":\"EntryPoint\",\"urlTemplate\":\"https:\/\/www.onetimenexttime.sk\/arduino\/?s={search_term_string}\"},\"query-input\":{\"@type\":\"PropertyValueSpecification\",\"valueRequired\":true,\"valueName\":\"search_term_string\"}}],\"inLanguage\":\"sk-SK\"}]}<\/script>\n<!-- \/ Yoast SEO plugin. -->","yoast_head_json":{"title":"CL1-GSM Wireless Remote Controller GSM & SMS Smart Switch socket for Home Security Gate Barrier Shutter Garage Door opener - Arduino e-shop","robots":{"index":"index","follow":"follow","max-snippet":"max-snippet:-1","max-image-preview":"max-image-preview:large","max-video-preview":"max-video-preview:-1"},"canonical":"https:\/\/www.onetimenexttime.sk\/arduino\/index.php\/produkt\/cl1-gsm-wireless-remote-controller-gsm-sms-smart-switch-socket-for-home-security-gate-barrier-shutter-garage-door-opener\/","og_locale":"sk_SK","og_type":"article","og_title":"CL1-GSM Wireless Remote Controller GSM & SMS Smart Switch socket for Home Security Gate Barrier Shutter Garage Door opener - Arduino e-shop","og_description":"Bezdr\u00f4tov\u00fd dia\u013ekov\u00fd ovl\u00e1da\u010d CL1-GSM GSM &amp; SMS Smart Switch &nbsp; Bezdr\u00f4tov\u00fd dia\u013ekov\u00fd ovl\u00e1da\u010d CL1-GSM GSM a SMS Inteligentn\u00fd dom\u00e1ci bezpe\u010dnostn\u00fd&hellip;","og_url":"https:\/\/www.onetimenexttime.sk\/arduino\/index.php\/produkt\/cl1-gsm-wireless-remote-controller-gsm-sms-smart-switch-socket-for-home-security-gate-barrier-shutter-garage-door-opener\/","og_site_name":"Arduino e-shop","article_modified_time":"2021-10-30T14:15:45+00:00","og_image":[{"width":507,"height":506,"url":"https:\/\/www.onetimenexttime.sk\/arduino\/wp-content\/uploads\/2021\/10\/186-2.jpg","type":"image\/jpeg"}],"twitter_card":"summary_large_image","twitter_misc":{"Predpokladan\u00fd \u010das \u010d\u00edtania":"2 min\u00faty"},"schema":{"@context":"https:\/\/schema.org","@graph":[{"@type":"WebPage","@id":"https:\/\/www.onetimenexttime.sk\/arduino\/index.php\/produkt\/cl1-gsm-wireless-remote-controller-gsm-sms-smart-switch-socket-for-home-security-gate-barrier-shutter-garage-door-opener\/","url":"https:\/\/www.onetimenexttime.sk\/arduino\/index.php\/produkt\/cl1-gsm-wireless-remote-controller-gsm-sms-smart-switch-socket-for-home-security-gate-barrier-shutter-garage-door-opener\/","name":"CL1-GSM Wireless Remote Controller GSM & SMS Smart Switch socket for Home Security Gate Barrier Shutter Garage Door opener - Arduino e-shop","isPartOf":{"@id":"https:\/\/www.onetimenexttime.sk\/arduino\/#website"},"primaryImageOfPage":{"@id":"https:\/\/www.onetimenexttime.sk\/arduino\/index.php\/produkt\/cl1-gsm-wireless-remote-controller-gsm-sms-smart-switch-socket-for-home-security-gate-barrier-shutter-garage-door-opener\/#primaryimage"},"image":{"@id":"https:\/\/www.onetimenexttime.sk\/arduino\/index.php\/produkt\/cl1-gsm-wireless-remote-controller-gsm-sms-smart-switch-socket-for-home-security-gate-barrier-shutter-garage-door-opener\/#primaryimage"},"thumbnailUrl":"https:\/\/www.onetimenexttime.sk\/arduino\/wp-content\/uploads\/2021\/10\/186-2.jpg","datePublished":"2021-10-30T14:10:15+00:00","dateModified":"2021-10-30T14:15:45+00:00","breadcrumb":{"@id":"https:\/\/www.onetimenexttime.sk\/arduino\/index.php\/produkt\/cl1-gsm-wireless-remote-controller-gsm-sms-smart-switch-socket-for-home-security-gate-barrier-shutter-garage-door-opener\/#breadcrumb"},"inLanguage":"sk-SK","potentialAction":[{"@type":"ReadAction","target":["https:\/\/www.onetimenexttime.sk\/arduino\/index.php\/produkt\/cl1-gsm-wireless-remote-controller-gsm-sms-smart-switch-socket-for-home-security-gate-barrier-shutter-garage-door-opener\/"]}]},{"@type":"ImageObject","inLanguage":"sk-SK","@id":"https:\/\/www.onetimenexttime.sk\/arduino\/index.php\/produkt\/cl1-gsm-wireless-remote-controller-gsm-sms-smart-switch-socket-for-home-security-gate-barrier-shutter-garage-door-opener\/#primaryimage","url":"https:\/\/www.onetimenexttime.sk\/arduino\/wp-content\/uploads\/2021\/10\/186-2.jpg","contentUrl":"https:\/\/www.onetimenexttime.sk\/arduino\/wp-content\/uploads\/2021\/10\/186-2.jpg","width":507,"height":506},{"@type":"BreadcrumbList","@id":"https:\/\/www.onetimenexttime.sk\/arduino\/index.php\/produkt\/cl1-gsm-wireless-remote-controller-gsm-sms-smart-switch-socket-for-home-security-gate-barrier-shutter-garage-door-opener\/#breadcrumb","itemListElement":[{"@type":"ListItem","position":1,"name":"Domov","item":"https:\/\/www.onetimenexttime.sk\/arduino\/"},{"@type":"ListItem","position":2,"name":"Obchod","item":"https:\/\/www.onetimenexttime.sk\/arduino\/"},{"@type":"ListItem","position":3,"name":"CL1-GSM Wireless Remote Controller GSM &#038; SMS Smart Switch socket for Home Security Gate Barrier Shutter Garage Door opener"}]},{"@type":"WebSite","@id":"https:\/\/www.onetimenexttime.sk\/arduino\/#website","url":"https:\/\/www.onetimenexttime.sk\/arduino\/","name":"Arduino e-shop","description":"Home Assistant","potentialAction":[{"@type":"SearchAction","target":{"@type":"EntryPoint","urlTemplate":"https:\/\/www.onetimenexttime.sk\/arduino\/?s={search_term_string}"},"query-input":{"@type":"PropertyValueSpecification","valueRequired":true,"valueName":"search_term_string"}}],"inLanguage":"sk-SK"}]}},"_links":{"self":[{"href":"https:\/\/www.onetimenexttime.sk\/arduino\/index.php\/wp-json\/wp\/v2\/product\/692"}],"collection":[{"href":"https:\/\/www.onetimenexttime.sk\/arduino\/index.php\/wp-json\/wp\/v2\/product"}],"about":[{"href":"https:\/\/www.onetimenexttime.sk\/arduino\/index.php\/wp-json\/wp\/v2\/types\/product"}],"wp:featuredmedia":[{"embeddable":true,"href":"https:\/\/www.onetimenexttime.sk\/arduino\/index.php\/wp-json\/wp\/v2\/media\/694"}],"wp:attachment":[{"href":"https:\/\/www.onetimenexttime.sk\/arduino\/index.php\/wp-json\/wp\/v2\/media?parent=692"}],"wp:term":[{"taxonomy":"product_cat","embeddable":true,"href":"https:\/\/www.onetimenexttime.sk\/arduino\/index.php\/wp-json\/wp\/v2\/product_cat?post=692"},{"taxonomy":"product_tag","embeddable":true,"href":"https:\/\/www.onetimenexttime.sk\/arduino\/index.php\/wp-json\/wp\/v2\/product_tag?post=692"}],"curies":[{"name":"wp","href":"https:\/\/api.w.org\/{rel}","templated":true}]}}