{"id":690,"date":"2021-10-30T16:05:08","date_gmt":"2021-10-30T14:05:08","guid":{"rendered":"https:\/\/www.onetimenexttime.sk\/arduino\/?post_type=product&#038;p=690"},"modified":"2024-02-22T22:01:22","modified_gmt":"2024-02-22T21:01:22","slug":"ethernet-usb-2-0-to-lan-rj45-network-card-adapter-10-100-mbps-for-laptop-pc","status":"publish","type":"product","link":"https:\/\/www.onetimenexttime.sk\/arduino\/index.php\/produkt\/ethernet-usb-2-0-to-lan-rj45-network-card-adapter-10-100-mbps-for-laptop-pc\/","title":{"rendered":"Ethernet USB 2.0 To Lan RJ45 Network Card Adapter 10\/100 Mbps For Laptop PC"},"content":{"rendered":"<p>&nbsp;<\/p>\n<p>&nbsp;<\/p>\n<h1>Inform\u00e1cie o adapt\u00e9ri Ethernet USB 2.0 To Lan RJ45 Network Card Adapter 10\/100 Mbps<\/h1>\n<table>\n<tbody>\n<tr>\n<th>Popis<\/th>\n<td>Adapt\u00e9r Ethernet USB 2.0 To Lan RJ45 Network Card Adapter 10\/100 Mbps pre laptopy a PC<\/td>\n<\/tr>\n<tr>\n<th>Vlastnosti<\/th>\n<td>\n<ul>\n<li>Prevodn\u00edk z USB 2.0 na Ethernet LAN RJ45<\/li>\n<li>R\u00fdchlos\u0165: 10\/100 Mbps<\/li>\n<li>Kompatibiln\u00fd s laptopmi a PC<\/li>\n<\/ul>\n<\/td>\n<\/tr>\n<tr>\n<th>\u0160pecifik\u00e1cie<\/th>\n<td>\n<ul>\n<li>R\u00fdchlos\u0165 prenosu d\u00e1t: 10\/100 Mbps<\/li>\n<li>Rozhranie: USB 2.0, RJ45<\/li>\n<li>Podpora: Windows, Mac, Linux<\/li>\n<\/ul>\n<\/td>\n<\/tr>\n<tr>\n<th>Pr\u00edklady pou\u017eitia<\/th>\n<td>\n<ul>\n<li>Pripojenie laptopu alebo PC k sieti cez USB port<\/li>\n<li>Vyu\u017eitie v pr\u00edpade absencie integrovan\u00e9ho Ethernet portu<\/li>\n<\/ul>\n<\/td>\n<\/tr>\n<tr>\n<th><\/th>\n<td><\/td>\n<\/tr>\n<tr>\n<th><\/th>\n<td><\/td>\n<\/tr>\n<\/tbody>\n<\/table>\n<p><button>Skop\u00edrova\u0165 k\u00f3d<\/button><\/p>\n<p>&nbsp;<\/p>\n<h2>Adapt\u00e9r sie\u0165ovej karty Ethernet USB 2.0 na LAN RJ45 10\/100 Mbps pre prenosn\u00fd po\u010d\u00edta\u010d<\/h2>\n<p>USB jednoduch\u00e9 pou\u017eitie<br \/>\nSp\u013a\u0148ajte \u0161tandard USB 2.0<br \/>\nPodpora protokolu TCP \/ IP, NetBEUI, IPX \/ SPX<br \/>\nPodpora vzdialen\u00e9ho budenia<br \/>\nAdapt\u00edvna prevodovka 10M \/ 100M<br \/>\nJednoduch\u00e1 in\u0161tal\u00e1cia Jednoduch\u00e9 nastavenie siete, vy\u0161\u0161ia prenosov\u00e1 r\u00fdchlos\u0165<br \/>\nPomocou LED indik\u00e1tora m\u00f4\u017eete \u013eahko ur\u010di\u0165 stav pr\u00e1ce s pr\u00edstupom k sieti<br \/>\nVhodn\u00e9 pre notebooky a stoln\u00e9 po\u010d\u00edta\u010de s USB portom<br \/>\nUmo\u017e\u0148uje v\u00e1\u0161mu po\u010d\u00edta\u010du jednoduch\u00fd pr\u00edstup do sveta siete<br \/>\nPri plnej podpore sie\u0165ov\u00e9ho prenosu 10\/100 Mbps<br \/>\nPlug and play, jednoduch\u00e1 in\u0161tal\u00e1cia<br \/>\nPlat\u00ed pre Win98 \/ ME \/ 200 \/ XP alebo nov\u0161ie<br \/>\nKompletne obsahuje funkciu sie\u0165ovej karty, hardv\u00e9rov\u00fa podporu TCP\/IP, NETBEUI, sie\u0165ov\u00fd protokol IPX\/SPX<br \/>\nZdie\u013eanie sie\u0165ov\u00fdch zdrojov, ako s\u00fa Adsl, Modem, CD-ROM, tla\u010diarne, skenery at\u010f<br \/>\nVstavan\u00e9 priame k\u00e1blov\u00e9 pripojenie USB-USB, r\u00fdchlos\u0165 je 50-n\u00e1sobok be\u017en\u00e9ho paraleln\u00e9ho k\u00e1bla<br \/>\nSie\u0165ov\u00e9 pripojenie viac ako 20 po\u010d\u00edta\u010dov (s USB HUB)<br \/>\nPodpora viacer\u00fdch po\u010d\u00edta\u010dov pre online hry (CS, Need for Speed, Quake, Delta, StarCraft at\u010f.).<br \/>\nPodpora USB 1.0 USB1.1 kompatibiln\u00fd s USB 2.0, podpora re\u017eimu vysokor\u00fdchlostn\u00e9ho prenosu 12 Mbps<br \/>\nPodpora win95 OSR2 \/ 98 \/ 98se \/ ME \/ 2000 \/ XP \/ NT3.5 a vy\u0161\u0161ie, Linux, Mac<\/p>\n","protected":false},"excerpt":{"rendered":"<p>&nbsp; &nbsp; Inform\u00e1cie o adapt\u00e9ri Ethernet USB 2.0 To Lan RJ45 Network Card Adapter 10\/100 Mbps Popis Adapt\u00e9r Ethernet USB&hellip;<\/p>\n","protected":false},"featured_media":691,"template":"","meta":{"_monsterinsights_skip_tracking":false,"_monsterinsights_sitenote_active":false,"_monsterinsights_sitenote_note":"","_monsterinsights_sitenote_category":0},"product_cat":[50,40],"product_tag":[],"class_list":{"0":"post-690","1":"product","2":"type-product","3":"status-publish","4":"has-post-thumbnail","6":"product_cat-pc","7":"product_cat-wifi-2","9":"first","10":"instock","11":"shipping-taxable","12":"purchasable","13":"product-type-simple"},"yoast_head":"<!-- This site is optimized with the Yoast SEO plugin v23.6 - https:\/\/yoast.com\/wordpress\/plugins\/seo\/ -->\n<title>Ethernet USB 2.0 To Lan RJ45 Network Card Adapter 10\/100 Mbps For Laptop PC - Arduino e-shop<\/title>\n<meta name=\"robots\" content=\"index, follow, max-snippet:-1, max-image-preview:large, max-video-preview:-1\" \/>\n<link rel=\"canonical\" href=\"https:\/\/www.onetimenexttime.sk\/arduino\/index.php\/produkt\/ethernet-usb-2-0-to-lan-rj45-network-card-adapter-10-100-mbps-for-laptop-pc\/\" \/>\n<meta property=\"og:locale\" content=\"sk_SK\" \/>\n<meta property=\"og:type\" content=\"article\" \/>\n<meta property=\"og:title\" content=\"Ethernet USB 2.0 To Lan RJ45 Network Card Adapter 10\/100 Mbps For Laptop PC - Arduino e-shop\" \/>\n<meta property=\"og:description\" content=\"&nbsp; &nbsp; Inform\u00e1cie o adapt\u00e9ri Ethernet USB 2.0 To Lan RJ45 Network Card Adapter 10\/100 Mbps Popis Adapt\u00e9r Ethernet USB&hellip;\" \/>\n<meta property=\"og:url\" content=\"https:\/\/www.onetimenexttime.sk\/arduino\/index.php\/produkt\/ethernet-usb-2-0-to-lan-rj45-network-card-adapter-10-100-mbps-for-laptop-pc\/\" \/>\n<meta property=\"og:site_name\" content=\"Arduino e-shop\" \/>\n<meta property=\"article:modified_time\" content=\"2024-02-22T21:01:22+00:00\" \/>\n<meta property=\"og:image\" content=\"https:\/\/www.onetimenexttime.sk\/arduino\/wp-content\/uploads\/2021\/10\/185.jpg\" \/>\n\t<meta property=\"og:image:width\" content=\"507\" \/>\n\t<meta property=\"og:image:height\" content=\"506\" \/>\n\t<meta property=\"og:image:type\" content=\"image\/jpeg\" \/>\n<meta name=\"twitter:card\" content=\"summary_large_image\" \/>\n<meta name=\"twitter:label1\" content=\"Predpokladan\u00fd \u010das \u010d\u00edtania\" \/>\n\t<meta name=\"twitter:data1\" content=\"1 min\u00fata\" \/>\n<script type=\"application\/ld+json\" class=\"yoast-schema-graph\">{\"@context\":\"https:\/\/schema.org\",\"@graph\":[{\"@type\":\"WebPage\",\"@id\":\"https:\/\/www.onetimenexttime.sk\/arduino\/index.php\/produkt\/ethernet-usb-2-0-to-lan-rj45-network-card-adapter-10-100-mbps-for-laptop-pc\/\",\"url\":\"https:\/\/www.onetimenexttime.sk\/arduino\/index.php\/produkt\/ethernet-usb-2-0-to-lan-rj45-network-card-adapter-10-100-mbps-for-laptop-pc\/\",\"name\":\"Ethernet USB 2.0 To Lan RJ45 Network Card Adapter 10\/100 Mbps For Laptop PC - Arduino e-shop\",\"isPartOf\":{\"@id\":\"https:\/\/www.onetimenexttime.sk\/arduino\/#website\"},\"primaryImageOfPage\":{\"@id\":\"https:\/\/www.onetimenexttime.sk\/arduino\/index.php\/produkt\/ethernet-usb-2-0-to-lan-rj45-network-card-adapter-10-100-mbps-for-laptop-pc\/#primaryimage\"},\"image\":{\"@id\":\"https:\/\/www.onetimenexttime.sk\/arduino\/index.php\/produkt\/ethernet-usb-2-0-to-lan-rj45-network-card-adapter-10-100-mbps-for-laptop-pc\/#primaryimage\"},\"thumbnailUrl\":\"https:\/\/www.onetimenexttime.sk\/arduino\/wp-content\/uploads\/2021\/10\/185.jpg\",\"datePublished\":\"2021-10-30T14:05:08+00:00\",\"dateModified\":\"2024-02-22T21:01:22+00:00\",\"breadcrumb\":{\"@id\":\"https:\/\/www.onetimenexttime.sk\/arduino\/index.php\/produkt\/ethernet-usb-2-0-to-lan-rj45-network-card-adapter-10-100-mbps-for-laptop-pc\/#breadcrumb\"},\"inLanguage\":\"sk-SK\",\"potentialAction\":[{\"@type\":\"ReadAction\",\"target\":[\"https:\/\/www.onetimenexttime.sk\/arduino\/index.php\/produkt\/ethernet-usb-2-0-to-lan-rj45-network-card-adapter-10-100-mbps-for-laptop-pc\/\"]}]},{\"@type\":\"ImageObject\",\"inLanguage\":\"sk-SK\",\"@id\":\"https:\/\/www.onetimenexttime.sk\/arduino\/index.php\/produkt\/ethernet-usb-2-0-to-lan-rj45-network-card-adapter-10-100-mbps-for-laptop-pc\/#primaryimage\",\"url\":\"https:\/\/www.onetimenexttime.sk\/arduino\/wp-content\/uploads\/2021\/10\/185.jpg\",\"contentUrl\":\"https:\/\/www.onetimenexttime.sk\/arduino\/wp-content\/uploads\/2021\/10\/185.jpg\",\"width\":507,\"height\":506},{\"@type\":\"BreadcrumbList\",\"@id\":\"https:\/\/www.onetimenexttime.sk\/arduino\/index.php\/produkt\/ethernet-usb-2-0-to-lan-rj45-network-card-adapter-10-100-mbps-for-laptop-pc\/#breadcrumb\",\"itemListElement\":[{\"@type\":\"ListItem\",\"position\":1,\"name\":\"Domov\",\"item\":\"https:\/\/www.onetimenexttime.sk\/arduino\/\"},{\"@type\":\"ListItem\",\"position\":2,\"name\":\"Obchod\",\"item\":\"https:\/\/www.onetimenexttime.sk\/arduino\/\"},{\"@type\":\"ListItem\",\"position\":3,\"name\":\"Ethernet USB 2.0 To Lan RJ45 Network Card Adapter 10\/100 Mbps For Laptop PC\"}]},{\"@type\":\"WebSite\",\"@id\":\"https:\/\/www.onetimenexttime.sk\/arduino\/#website\",\"url\":\"https:\/\/www.onetimenexttime.sk\/arduino\/\",\"name\":\"Arduino e-shop\",\"description\":\"Home Assistant\",\"potentialAction\":[{\"@type\":\"SearchAction\",\"target\":{\"@type\":\"EntryPoint\",\"urlTemplate\":\"https:\/\/www.onetimenexttime.sk\/arduino\/?s={search_term_string}\"},\"query-input\":{\"@type\":\"PropertyValueSpecification\",\"valueRequired\":true,\"valueName\":\"search_term_string\"}}],\"inLanguage\":\"sk-SK\"}]}<\/script>\n<!-- \/ Yoast SEO plugin. -->","yoast_head_json":{"title":"Ethernet USB 2.0 To Lan RJ45 Network Card Adapter 10\/100 Mbps For Laptop PC - Arduino e-shop","robots":{"index":"index","follow":"follow","max-snippet":"max-snippet:-1","max-image-preview":"max-image-preview:large","max-video-preview":"max-video-preview:-1"},"canonical":"https:\/\/www.onetimenexttime.sk\/arduino\/index.php\/produkt\/ethernet-usb-2-0-to-lan-rj45-network-card-adapter-10-100-mbps-for-laptop-pc\/","og_locale":"sk_SK","og_type":"article","og_title":"Ethernet USB 2.0 To Lan RJ45 Network Card Adapter 10\/100 Mbps For Laptop PC - Arduino e-shop","og_description":"&nbsp; &nbsp; Inform\u00e1cie o adapt\u00e9ri Ethernet USB 2.0 To Lan RJ45 Network Card Adapter 10\/100 Mbps Popis Adapt\u00e9r Ethernet USB&hellip;","og_url":"https:\/\/www.onetimenexttime.sk\/arduino\/index.php\/produkt\/ethernet-usb-2-0-to-lan-rj45-network-card-adapter-10-100-mbps-for-laptop-pc\/","og_site_name":"Arduino e-shop","article_modified_time":"2024-02-22T21:01:22+00:00","og_image":[{"width":507,"height":506,"url":"https:\/\/www.onetimenexttime.sk\/arduino\/wp-content\/uploads\/2021\/10\/185.jpg","type":"image\/jpeg"}],"twitter_card":"summary_large_image","twitter_misc":{"Predpokladan\u00fd \u010das \u010d\u00edtania":"1 min\u00fata"},"schema":{"@context":"https:\/\/schema.org","@graph":[{"@type":"WebPage","@id":"https:\/\/www.onetimenexttime.sk\/arduino\/index.php\/produkt\/ethernet-usb-2-0-to-lan-rj45-network-card-adapter-10-100-mbps-for-laptop-pc\/","url":"https:\/\/www.onetimenexttime.sk\/arduino\/index.php\/produkt\/ethernet-usb-2-0-to-lan-rj45-network-card-adapter-10-100-mbps-for-laptop-pc\/","name":"Ethernet USB 2.0 To Lan RJ45 Network Card Adapter 10\/100 Mbps For Laptop PC - Arduino e-shop","isPartOf":{"@id":"https:\/\/www.onetimenexttime.sk\/arduino\/#website"},"primaryImageOfPage":{"@id":"https:\/\/www.onetimenexttime.sk\/arduino\/index.php\/produkt\/ethernet-usb-2-0-to-lan-rj45-network-card-adapter-10-100-mbps-for-laptop-pc\/#primaryimage"},"image":{"@id":"https:\/\/www.onetimenexttime.sk\/arduino\/index.php\/produkt\/ethernet-usb-2-0-to-lan-rj45-network-card-adapter-10-100-mbps-for-laptop-pc\/#primaryimage"},"thumbnailUrl":"https:\/\/www.onetimenexttime.sk\/arduino\/wp-content\/uploads\/2021\/10\/185.jpg","datePublished":"2021-10-30T14:05:08+00:00","dateModified":"2024-02-22T21:01:22+00:00","breadcrumb":{"@id":"https:\/\/www.onetimenexttime.sk\/arduino\/index.php\/produkt\/ethernet-usb-2-0-to-lan-rj45-network-card-adapter-10-100-mbps-for-laptop-pc\/#breadcrumb"},"inLanguage":"sk-SK","potentialAction":[{"@type":"ReadAction","target":["https:\/\/www.onetimenexttime.sk\/arduino\/index.php\/produkt\/ethernet-usb-2-0-to-lan-rj45-network-card-adapter-10-100-mbps-for-laptop-pc\/"]}]},{"@type":"ImageObject","inLanguage":"sk-SK","@id":"https:\/\/www.onetimenexttime.sk\/arduino\/index.php\/produkt\/ethernet-usb-2-0-to-lan-rj45-network-card-adapter-10-100-mbps-for-laptop-pc\/#primaryimage","url":"https:\/\/www.onetimenexttime.sk\/arduino\/wp-content\/uploads\/2021\/10\/185.jpg","contentUrl":"https:\/\/www.onetimenexttime.sk\/arduino\/wp-content\/uploads\/2021\/10\/185.jpg","width":507,"height":506},{"@type":"BreadcrumbList","@id":"https:\/\/www.onetimenexttime.sk\/arduino\/index.php\/produkt\/ethernet-usb-2-0-to-lan-rj45-network-card-adapter-10-100-mbps-for-laptop-pc\/#breadcrumb","itemListElement":[{"@type":"ListItem","position":1,"name":"Domov","item":"https:\/\/www.onetimenexttime.sk\/arduino\/"},{"@type":"ListItem","position":2,"name":"Obchod","item":"https:\/\/www.onetimenexttime.sk\/arduino\/"},{"@type":"ListItem","position":3,"name":"Ethernet USB 2.0 To Lan RJ45 Network Card Adapter 10\/100 Mbps For Laptop PC"}]},{"@type":"WebSite","@id":"https:\/\/www.onetimenexttime.sk\/arduino\/#website","url":"https:\/\/www.onetimenexttime.sk\/arduino\/","name":"Arduino e-shop","description":"Home Assistant","potentialAction":[{"@type":"SearchAction","target":{"@type":"EntryPoint","urlTemplate":"https:\/\/www.onetimenexttime.sk\/arduino\/?s={search_term_string}"},"query-input":{"@type":"PropertyValueSpecification","valueRequired":true,"valueName":"search_term_string"}}],"inLanguage":"sk-SK"}]}},"_links":{"self":[{"href":"https:\/\/www.onetimenexttime.sk\/arduino\/index.php\/wp-json\/wp\/v2\/product\/690"}],"collection":[{"href":"https:\/\/www.onetimenexttime.sk\/arduino\/index.php\/wp-json\/wp\/v2\/product"}],"about":[{"href":"https:\/\/www.onetimenexttime.sk\/arduino\/index.php\/wp-json\/wp\/v2\/types\/product"}],"wp:featuredmedia":[{"embeddable":true,"href":"https:\/\/www.onetimenexttime.sk\/arduino\/index.php\/wp-json\/wp\/v2\/media\/691"}],"wp:attachment":[{"href":"https:\/\/www.onetimenexttime.sk\/arduino\/index.php\/wp-json\/wp\/v2\/media?parent=690"}],"wp:term":[{"taxonomy":"product_cat","embeddable":true,"href":"https:\/\/www.onetimenexttime.sk\/arduino\/index.php\/wp-json\/wp\/v2\/product_cat?post=690"},{"taxonomy":"product_tag","embeddable":true,"href":"https:\/\/www.onetimenexttime.sk\/arduino\/index.php\/wp-json\/wp\/v2\/product_tag?post=690"}],"curies":[{"name":"wp","href":"https:\/\/api.w.org\/{rel}","templated":true}]}}