{"id":688,"date":"2021-10-30T15:35:52","date_gmt":"2021-10-30T13:35:52","guid":{"rendered":"https:\/\/www.onetimenexttime.sk\/arduino\/?post_type=product&#038;p=688"},"modified":"2021-10-31T20:24:39","modified_gmt":"2021-10-31T19:24:39","slug":"high-power-internet-long-range-300mbps-wireless-usb-wifi-adapter-with-12dbi-antenna","status":"publish","type":"product","link":"https:\/\/www.onetimenexttime.sk\/arduino\/index.php\/produkt\/high-power-internet-long-range-300mbps-wireless-usb-wifi-adapter-with-12dbi-antenna\/","title":{"rendered":"High Power Internet Long Range 300Mbps wireless USB WIFI Adapter with 12dBi Antenna"},"content":{"rendered":"<h2>Vysokov\u00fdkonn\u00fd bezdr\u00f4tov\u00fd USB WIFI adapt\u00e9r s dlh\u00fdm dosahom 300 Mb\/s s 12dBi ant\u00e9nou<\/h2>\n<p>Vlastnosti:<\/p>\n<p>1. Vysokov\u00fdkonn\u00fd bezdr\u00f4tov\u00fd USB adapt\u00e9r je kompatibiln\u00fd so \u0161tandardmi IEEE 802.11b\/g\/n, bezdr\u00f4tov\u00fd internetov\u00fd USB adapt\u00e9r s prenosovou r\u00fdchlos\u0165ou 300 Mb\/s.<\/p>\n<p>2. Najvy\u0161\u0161\u00ed v\u00fdkon m\u00f4\u017ee by\u0165 1000 mW, m\u00f4\u017ee prij\u00edma\u0165 bezdr\u00f4tov\u00fd sign\u00e1l z miesta asi 200 metrov.<\/p>\n<p>3. M\u00f4\u017ee fungova\u0165 ako bezdr\u00f4tov\u00fd adapt\u00e9r, podporuje Windows\/XP\/2000\/7\/8\/10<\/p>\n<p>.<\/p>\n<p>4.Je s rozhran\u00edm USB 2.0, jednoduchou konfigur\u00e1ciou a monitorovan\u00edm pre Windows\/XP\/2000\/7\/8\/10,<\/p>\n<p>5. Pou\u017eit\u00edm externej odn\u00edmate\u013enej ant\u00e9ny s konektorom SMA m\u00f4\u017eu pou\u017e\u00edvatelia na po\u017eiadanie vymeni\u0165 ant\u00e9nu, aby z\u00edskali lep\u0161\u00ed sign\u00e1l.<\/p>\n<p><strong>Technick\u00e9 \u00fadaje:<\/strong><\/p>\n<p>Typ: S\u00faprava WiFi prij\u00edma\u010da<\/p>\n<p>Materi\u00e1l: plast + kov<\/p>\n<p>Prenosov\u00e1 r\u00fdchlos\u0165: 300M<\/p>\n<p>V\u00fdkon: 1000mW<\/p>\n<p>Rozhranie USB: USB 2.0<\/p>\n<p>Vzdialenosti prij\u00edmania sign\u00e1lov: \uff1c200 metrov<\/p>\n<p>Re\u017eim ant\u00e9ny: 12DB<\/p>\n<p>Syst\u00e9m obleku: pre Windows Vista\/XP\/2000\/7\/8\/10,<\/p>\n<p>Typ rozhrania: USB<\/p>\n<p>\u0160tandard WiFi: 802.11N, IEEE 802.11b, IEEE 802.11g<\/p>\n<p>Rozsah prev\u00e1dzkovej frekvencie: 2,4G<\/p>\n<p>Podporn\u00fd protokol: 802.11N<\/p>\n<p><strong>Balenie obsahuje:<\/strong><\/p>\n<p>1* Vysokov\u00fdkonn\u00fd USB adapt\u00e9r-N<\/p>\n<p>1* 80 cm predl\u017eovac\u00ed k\u00e1bel<\/p>\n<p>1* 12dbi radarov\u00e1 ant\u00e9na<\/p>\n<p>1* 5dbi ant\u00e9na<\/p>\n<p>&nbsp;<\/p>\n","protected":false},"excerpt":{"rendered":"<p>Vysokov\u00fdkonn\u00fd bezdr\u00f4tov\u00fd USB WIFI adapt\u00e9r s dlh\u00fdm dosahom 300 Mb\/s s 12dBi ant\u00e9nou Vlastnosti: 1. Vysokov\u00fdkonn\u00fd bezdr\u00f4tov\u00fd USB adapt\u00e9r je&hellip;<\/p>\n","protected":false},"featured_media":689,"template":"","meta":{"_monsterinsights_skip_tracking":false,"_monsterinsights_sitenote_active":false,"_monsterinsights_sitenote_note":"","_monsterinsights_sitenote_category":0},"product_cat":[50,33,40],"product_tag":[],"class_list":{"0":"post-688","1":"product","2":"type-product","3":"status-publish","4":"has-post-thumbnail","6":"product_cat-pc","7":"product_cat-wifi","8":"product_cat-wifi-2","10":"first","11":"instock","12":"shipping-taxable","13":"purchasable","14":"product-type-simple"},"yoast_head":"<!-- This site is optimized with the Yoast SEO plugin v23.6 - https:\/\/yoast.com\/wordpress\/plugins\/seo\/ -->\n<title>High Power Internet Long Range 300Mbps wireless USB WIFI Adapter with 12dBi Antenna - Arduino e-shop<\/title>\n<meta name=\"robots\" content=\"index, follow, max-snippet:-1, max-image-preview:large, max-video-preview:-1\" \/>\n<link rel=\"canonical\" href=\"https:\/\/www.onetimenexttime.sk\/arduino\/index.php\/produkt\/high-power-internet-long-range-300mbps-wireless-usb-wifi-adapter-with-12dbi-antenna\/\" \/>\n<meta property=\"og:locale\" content=\"sk_SK\" \/>\n<meta property=\"og:type\" content=\"article\" \/>\n<meta property=\"og:title\" content=\"High Power Internet Long Range 300Mbps wireless USB WIFI Adapter with 12dBi Antenna - Arduino e-shop\" \/>\n<meta property=\"og:description\" content=\"Vysokov\u00fdkonn\u00fd bezdr\u00f4tov\u00fd USB WIFI adapt\u00e9r s dlh\u00fdm dosahom 300 Mb\/s s 12dBi ant\u00e9nou Vlastnosti: 1. Vysokov\u00fdkonn\u00fd bezdr\u00f4tov\u00fd USB adapt\u00e9r je&hellip;\" \/>\n<meta property=\"og:url\" content=\"https:\/\/www.onetimenexttime.sk\/arduino\/index.php\/produkt\/high-power-internet-long-range-300mbps-wireless-usb-wifi-adapter-with-12dbi-antenna\/\" \/>\n<meta property=\"og:site_name\" content=\"Arduino e-shop\" \/>\n<meta property=\"article:modified_time\" content=\"2021-10-31T19:24:39+00:00\" \/>\n<meta property=\"og:image\" content=\"https:\/\/www.onetimenexttime.sk\/arduino\/wp-content\/uploads\/2021\/10\/184.jpg\" \/>\n\t<meta property=\"og:image:width\" content=\"507\" \/>\n\t<meta property=\"og:image:height\" content=\"506\" \/>\n\t<meta property=\"og:image:type\" content=\"image\/jpeg\" \/>\n<meta name=\"twitter:card\" content=\"summary_large_image\" \/>\n<meta name=\"twitter:label1\" content=\"Predpokladan\u00fd \u010das \u010d\u00edtania\" \/>\n\t<meta name=\"twitter:data1\" content=\"1 min\u00fata\" \/>\n<script type=\"application\/ld+json\" class=\"yoast-schema-graph\">{\"@context\":\"https:\/\/schema.org\",\"@graph\":[{\"@type\":\"WebPage\",\"@id\":\"https:\/\/www.onetimenexttime.sk\/arduino\/index.php\/produkt\/high-power-internet-long-range-300mbps-wireless-usb-wifi-adapter-with-12dbi-antenna\/\",\"url\":\"https:\/\/www.onetimenexttime.sk\/arduino\/index.php\/produkt\/high-power-internet-long-range-300mbps-wireless-usb-wifi-adapter-with-12dbi-antenna\/\",\"name\":\"High Power Internet Long Range 300Mbps wireless USB WIFI Adapter with 12dBi Antenna - Arduino e-shop\",\"isPartOf\":{\"@id\":\"https:\/\/www.onetimenexttime.sk\/arduino\/#website\"},\"primaryImageOfPage\":{\"@id\":\"https:\/\/www.onetimenexttime.sk\/arduino\/index.php\/produkt\/high-power-internet-long-range-300mbps-wireless-usb-wifi-adapter-with-12dbi-antenna\/#primaryimage\"},\"image\":{\"@id\":\"https:\/\/www.onetimenexttime.sk\/arduino\/index.php\/produkt\/high-power-internet-long-range-300mbps-wireless-usb-wifi-adapter-with-12dbi-antenna\/#primaryimage\"},\"thumbnailUrl\":\"https:\/\/www.onetimenexttime.sk\/arduino\/wp-content\/uploads\/2021\/10\/184.jpg\",\"datePublished\":\"2021-10-30T13:35:52+00:00\",\"dateModified\":\"2021-10-31T19:24:39+00:00\",\"breadcrumb\":{\"@id\":\"https:\/\/www.onetimenexttime.sk\/arduino\/index.php\/produkt\/high-power-internet-long-range-300mbps-wireless-usb-wifi-adapter-with-12dbi-antenna\/#breadcrumb\"},\"inLanguage\":\"sk-SK\",\"potentialAction\":[{\"@type\":\"ReadAction\",\"target\":[\"https:\/\/www.onetimenexttime.sk\/arduino\/index.php\/produkt\/high-power-internet-long-range-300mbps-wireless-usb-wifi-adapter-with-12dbi-antenna\/\"]}]},{\"@type\":\"ImageObject\",\"inLanguage\":\"sk-SK\",\"@id\":\"https:\/\/www.onetimenexttime.sk\/arduino\/index.php\/produkt\/high-power-internet-long-range-300mbps-wireless-usb-wifi-adapter-with-12dbi-antenna\/#primaryimage\",\"url\":\"https:\/\/www.onetimenexttime.sk\/arduino\/wp-content\/uploads\/2021\/10\/184.jpg\",\"contentUrl\":\"https:\/\/www.onetimenexttime.sk\/arduino\/wp-content\/uploads\/2021\/10\/184.jpg\",\"width\":507,\"height\":506},{\"@type\":\"BreadcrumbList\",\"@id\":\"https:\/\/www.onetimenexttime.sk\/arduino\/index.php\/produkt\/high-power-internet-long-range-300mbps-wireless-usb-wifi-adapter-with-12dbi-antenna\/#breadcrumb\",\"itemListElement\":[{\"@type\":\"ListItem\",\"position\":1,\"name\":\"Domov\",\"item\":\"https:\/\/www.onetimenexttime.sk\/arduino\/\"},{\"@type\":\"ListItem\",\"position\":2,\"name\":\"Obchod\",\"item\":\"https:\/\/www.onetimenexttime.sk\/arduino\/\"},{\"@type\":\"ListItem\",\"position\":3,\"name\":\"High Power Internet Long Range 300Mbps wireless USB WIFI Adapter with 12dBi Antenna\"}]},{\"@type\":\"WebSite\",\"@id\":\"https:\/\/www.onetimenexttime.sk\/arduino\/#website\",\"url\":\"https:\/\/www.onetimenexttime.sk\/arduino\/\",\"name\":\"Arduino e-shop\",\"description\":\"Home Assistant\",\"potentialAction\":[{\"@type\":\"SearchAction\",\"target\":{\"@type\":\"EntryPoint\",\"urlTemplate\":\"https:\/\/www.onetimenexttime.sk\/arduino\/?s={search_term_string}\"},\"query-input\":{\"@type\":\"PropertyValueSpecification\",\"valueRequired\":true,\"valueName\":\"search_term_string\"}}],\"inLanguage\":\"sk-SK\"}]}<\/script>\n<!-- \/ Yoast SEO plugin. -->","yoast_head_json":{"title":"High Power Internet Long Range 300Mbps wireless USB WIFI Adapter with 12dBi Antenna - Arduino e-shop","robots":{"index":"index","follow":"follow","max-snippet":"max-snippet:-1","max-image-preview":"max-image-preview:large","max-video-preview":"max-video-preview:-1"},"canonical":"https:\/\/www.onetimenexttime.sk\/arduino\/index.php\/produkt\/high-power-internet-long-range-300mbps-wireless-usb-wifi-adapter-with-12dbi-antenna\/","og_locale":"sk_SK","og_type":"article","og_title":"High Power Internet Long Range 300Mbps wireless USB WIFI Adapter with 12dBi Antenna - Arduino e-shop","og_description":"Vysokov\u00fdkonn\u00fd bezdr\u00f4tov\u00fd USB WIFI adapt\u00e9r s dlh\u00fdm dosahom 300 Mb\/s s 12dBi ant\u00e9nou Vlastnosti: 1. Vysokov\u00fdkonn\u00fd bezdr\u00f4tov\u00fd USB adapt\u00e9r je&hellip;","og_url":"https:\/\/www.onetimenexttime.sk\/arduino\/index.php\/produkt\/high-power-internet-long-range-300mbps-wireless-usb-wifi-adapter-with-12dbi-antenna\/","og_site_name":"Arduino e-shop","article_modified_time":"2021-10-31T19:24:39+00:00","og_image":[{"width":507,"height":506,"url":"https:\/\/www.onetimenexttime.sk\/arduino\/wp-content\/uploads\/2021\/10\/184.jpg","type":"image\/jpeg"}],"twitter_card":"summary_large_image","twitter_misc":{"Predpokladan\u00fd \u010das \u010d\u00edtania":"1 min\u00fata"},"schema":{"@context":"https:\/\/schema.org","@graph":[{"@type":"WebPage","@id":"https:\/\/www.onetimenexttime.sk\/arduino\/index.php\/produkt\/high-power-internet-long-range-300mbps-wireless-usb-wifi-adapter-with-12dbi-antenna\/","url":"https:\/\/www.onetimenexttime.sk\/arduino\/index.php\/produkt\/high-power-internet-long-range-300mbps-wireless-usb-wifi-adapter-with-12dbi-antenna\/","name":"High Power Internet Long Range 300Mbps wireless USB WIFI Adapter with 12dBi Antenna - Arduino e-shop","isPartOf":{"@id":"https:\/\/www.onetimenexttime.sk\/arduino\/#website"},"primaryImageOfPage":{"@id":"https:\/\/www.onetimenexttime.sk\/arduino\/index.php\/produkt\/high-power-internet-long-range-300mbps-wireless-usb-wifi-adapter-with-12dbi-antenna\/#primaryimage"},"image":{"@id":"https:\/\/www.onetimenexttime.sk\/arduino\/index.php\/produkt\/high-power-internet-long-range-300mbps-wireless-usb-wifi-adapter-with-12dbi-antenna\/#primaryimage"},"thumbnailUrl":"https:\/\/www.onetimenexttime.sk\/arduino\/wp-content\/uploads\/2021\/10\/184.jpg","datePublished":"2021-10-30T13:35:52+00:00","dateModified":"2021-10-31T19:24:39+00:00","breadcrumb":{"@id":"https:\/\/www.onetimenexttime.sk\/arduino\/index.php\/produkt\/high-power-internet-long-range-300mbps-wireless-usb-wifi-adapter-with-12dbi-antenna\/#breadcrumb"},"inLanguage":"sk-SK","potentialAction":[{"@type":"ReadAction","target":["https:\/\/www.onetimenexttime.sk\/arduino\/index.php\/produkt\/high-power-internet-long-range-300mbps-wireless-usb-wifi-adapter-with-12dbi-antenna\/"]}]},{"@type":"ImageObject","inLanguage":"sk-SK","@id":"https:\/\/www.onetimenexttime.sk\/arduino\/index.php\/produkt\/high-power-internet-long-range-300mbps-wireless-usb-wifi-adapter-with-12dbi-antenna\/#primaryimage","url":"https:\/\/www.onetimenexttime.sk\/arduino\/wp-content\/uploads\/2021\/10\/184.jpg","contentUrl":"https:\/\/www.onetimenexttime.sk\/arduino\/wp-content\/uploads\/2021\/10\/184.jpg","width":507,"height":506},{"@type":"BreadcrumbList","@id":"https:\/\/www.onetimenexttime.sk\/arduino\/index.php\/produkt\/high-power-internet-long-range-300mbps-wireless-usb-wifi-adapter-with-12dbi-antenna\/#breadcrumb","itemListElement":[{"@type":"ListItem","position":1,"name":"Domov","item":"https:\/\/www.onetimenexttime.sk\/arduino\/"},{"@type":"ListItem","position":2,"name":"Obchod","item":"https:\/\/www.onetimenexttime.sk\/arduino\/"},{"@type":"ListItem","position":3,"name":"High Power Internet Long Range 300Mbps wireless USB WIFI Adapter with 12dBi Antenna"}]},{"@type":"WebSite","@id":"https:\/\/www.onetimenexttime.sk\/arduino\/#website","url":"https:\/\/www.onetimenexttime.sk\/arduino\/","name":"Arduino e-shop","description":"Home Assistant","potentialAction":[{"@type":"SearchAction","target":{"@type":"EntryPoint","urlTemplate":"https:\/\/www.onetimenexttime.sk\/arduino\/?s={search_term_string}"},"query-input":{"@type":"PropertyValueSpecification","valueRequired":true,"valueName":"search_term_string"}}],"inLanguage":"sk-SK"}]}},"_links":{"self":[{"href":"https:\/\/www.onetimenexttime.sk\/arduino\/index.php\/wp-json\/wp\/v2\/product\/688"}],"collection":[{"href":"https:\/\/www.onetimenexttime.sk\/arduino\/index.php\/wp-json\/wp\/v2\/product"}],"about":[{"href":"https:\/\/www.onetimenexttime.sk\/arduino\/index.php\/wp-json\/wp\/v2\/types\/product"}],"wp:featuredmedia":[{"embeddable":true,"href":"https:\/\/www.onetimenexttime.sk\/arduino\/index.php\/wp-json\/wp\/v2\/media\/689"}],"wp:attachment":[{"href":"https:\/\/www.onetimenexttime.sk\/arduino\/index.php\/wp-json\/wp\/v2\/media?parent=688"}],"wp:term":[{"taxonomy":"product_cat","embeddable":true,"href":"https:\/\/www.onetimenexttime.sk\/arduino\/index.php\/wp-json\/wp\/v2\/product_cat?post=688"},{"taxonomy":"product_tag","embeddable":true,"href":"https:\/\/www.onetimenexttime.sk\/arduino\/index.php\/wp-json\/wp\/v2\/product_tag?post=688"}],"curies":[{"name":"wp","href":"https:\/\/api.w.org\/{rel}","templated":true}]}}