{"id":686,"date":"2021-10-30T15:32:04","date_gmt":"2021-10-30T13:32:04","guid":{"rendered":"https:\/\/www.onetimenexttime.sk\/arduino\/?post_type=product&#038;p=686"},"modified":"2021-10-31T20:24:50","modified_gmt":"2021-10-31T19:24:50","slug":"edup-usb-wifi-adapter-300mbps-with-dual-detachable-antennas-6dbi-wireless-network-card-for-pc-desktop-laptop-accessories-windows","status":"publish","type":"product","link":"https:\/\/www.onetimenexttime.sk\/arduino\/index.php\/produkt\/edup-usb-wifi-adapter-300mbps-with-dual-detachable-antennas-6dbi-wireless-network-card-for-pc-desktop-laptop-accessories-windows\/","title":{"rendered":"EDUP USB WiFi Adapter 300Mbps With Dual Detachable Antennas 6dBi Wireless Network Card For PC Desktop Laptop Accessories Windows"},"content":{"rendered":"<h2>EDUP USB WiFi adapt\u00e9r 300 Mb\/s s dvomi odn\u00edmate\u013en\u00fdmi ant\u00e9nami 6dBi bezdr\u00f4tov\u00e1 sie\u0165ov\u00e1 karta pre PC Stoln\u00fd po\u010d\u00edta\u010d Pr\u00edslu\u0161enstvo k notebooku Windows<\/h2>\n<p>300 Mbps VYSOK\u00dd V\u00ddKON USB WIFI ADAPT\u00c9R<br \/>\nModel produktu: EP-MS8515GS<\/p>\n<p><strong>Popis produktu<\/strong><br \/>\nEP-MS8515 je dobre vyzeraj\u00faca, kompaktn\u00e1, prenosn\u00e1 a v\u00fdkonn\u00e1 bezdr\u00f4tov\u00e1 karta s vysok\u00fdm v\u00fdkonom, farba tela externej ant\u00e9ny pre podporu IEEE802.11n 300M.<\/p>\n<p>EP-MS8515 je vysokov\u00fdkonn\u00e1 bezdr\u00f4tov\u00e1 LAN, prenosov\u00e1 vzdialenos\u0165 je a\u017e 500 metrov. Pou\u017eit\u00edm externej odn\u00edmate\u013enej ant\u00e9ny m\u00f4\u017eu pou\u017e\u00edvatelia na po\u017eiadanie vymeni\u0165 ant\u00e9nu, aby z\u00edskali lep\u0161\u00ed sign\u00e1l.<\/p>\n<p>150 Mb\/s vysokov\u00fdkonn\u00fd usb wifi adapt\u00e9r je vysokov\u00fdkonn\u00e1 bezdr\u00f4tov\u00e1 USB LAN karta kompatibiln\u00e1 s IEEE802.11b\/g\/n. Poskytuje vynikaj\u00faci v\u00fdkon a interoperabilitu v r\u00e1mci siete so zmie\u0161an\u00fdm re\u017eimom (802.11b, 802.11g a 802.11n). Toto zariadenie je sp\u00e4tne kompatibiln\u00e9 so v\u0161etk\u00fdmi bezdr\u00f4tov\u00fdmi zariadeniami 802.11b\/g\/n<\/p>\n<p><strong>Vlastnosti<\/strong><\/p>\n<p>M\u00e1 vysok\u00fd v\u00fdkon a vysok\u00fa citlivos\u0165<\/p>\n<p>Okrem toho poskytuje extern\u00fa ant\u00e9nu, ktor\u00e1 m\u00f4\u017ee jednoducho zv\u00fd\u0161i\u0165 va\u0161u vzdialenos\u0165 a flexibilnej\u0161ie v\u00fdkon.<\/p>\n<p>Na ochranu v\u00e1\u0161ho bezdr\u00f4tov\u00e9ho pripojenia dok\u00e1\u017ee vysokor\u00fdchlostn\u00fd bezdr\u00f4tov\u00fd USB adapt\u00e9r za\u0161ifrova\u0165 v\u0161etky bezdr\u00f4tov\u00e9 prenosy prostredn\u00edctvom 64\/128\/256-bitov\u00e9ho \u0161ifrovania d\u00e1t WEP a tie\u017e podporuje WPA.<\/p>\n","protected":false},"excerpt":{"rendered":"<p>EDUP USB WiFi adapt\u00e9r 300 Mb\/s s dvomi odn\u00edmate\u013en\u00fdmi ant\u00e9nami 6dBi bezdr\u00f4tov\u00e1 sie\u0165ov\u00e1 karta pre PC Stoln\u00fd po\u010d\u00edta\u010d Pr\u00edslu\u0161enstvo k&hellip;<\/p>\n","protected":false},"featured_media":687,"template":"","meta":{"_monsterinsights_skip_tracking":false,"_monsterinsights_sitenote_active":false,"_monsterinsights_sitenote_note":"","_monsterinsights_sitenote_category":0},"product_cat":[50,40],"product_tag":[],"class_list":{"0":"post-686","1":"product","2":"type-product","3":"status-publish","4":"has-post-thumbnail","6":"product_cat-pc","7":"product_cat-wifi-2","9":"first","10":"instock","11":"sale","12":"shipping-taxable","13":"purchasable","14":"product-type-simple"},"yoast_head":"<!-- This site is optimized with the Yoast SEO plugin v23.6 - https:\/\/yoast.com\/wordpress\/plugins\/seo\/ -->\n<title>EDUP USB WiFi Adapter 300Mbps With Dual Detachable Antennas 6dBi Wireless Network Card For PC Desktop Laptop Accessories Windows - Arduino e-shop<\/title>\n<meta name=\"robots\" content=\"index, follow, max-snippet:-1, max-image-preview:large, max-video-preview:-1\" \/>\n<link rel=\"canonical\" href=\"https:\/\/www.onetimenexttime.sk\/arduino\/index.php\/produkt\/edup-usb-wifi-adapter-300mbps-with-dual-detachable-antennas-6dbi-wireless-network-card-for-pc-desktop-laptop-accessories-windows\/\" \/>\n<meta property=\"og:locale\" content=\"sk_SK\" \/>\n<meta property=\"og:type\" content=\"article\" \/>\n<meta property=\"og:title\" content=\"EDUP USB WiFi Adapter 300Mbps With Dual Detachable Antennas 6dBi Wireless Network Card For PC Desktop Laptop Accessories Windows - Arduino e-shop\" \/>\n<meta property=\"og:description\" content=\"EDUP USB WiFi adapt\u00e9r 300 Mb\/s s dvomi odn\u00edmate\u013en\u00fdmi ant\u00e9nami 6dBi bezdr\u00f4tov\u00e1 sie\u0165ov\u00e1 karta pre PC Stoln\u00fd po\u010d\u00edta\u010d Pr\u00edslu\u0161enstvo k&hellip;\" \/>\n<meta property=\"og:url\" content=\"https:\/\/www.onetimenexttime.sk\/arduino\/index.php\/produkt\/edup-usb-wifi-adapter-300mbps-with-dual-detachable-antennas-6dbi-wireless-network-card-for-pc-desktop-laptop-accessories-windows\/\" \/>\n<meta property=\"og:site_name\" content=\"Arduino e-shop\" \/>\n<meta property=\"article:modified_time\" content=\"2021-10-31T19:24:50+00:00\" \/>\n<meta property=\"og:image\" content=\"https:\/\/www.onetimenexttime.sk\/arduino\/wp-content\/uploads\/2021\/10\/183.jpg\" \/>\n\t<meta property=\"og:image:width\" content=\"507\" \/>\n\t<meta property=\"og:image:height\" content=\"506\" \/>\n\t<meta property=\"og:image:type\" content=\"image\/jpeg\" \/>\n<meta name=\"twitter:card\" content=\"summary_large_image\" \/>\n<meta name=\"twitter:label1\" content=\"Predpokladan\u00fd \u010das \u010d\u00edtania\" \/>\n\t<meta name=\"twitter:data1\" content=\"1 min\u00fata\" \/>\n<script type=\"application\/ld+json\" class=\"yoast-schema-graph\">{\"@context\":\"https:\/\/schema.org\",\"@graph\":[{\"@type\":\"WebPage\",\"@id\":\"https:\/\/www.onetimenexttime.sk\/arduino\/index.php\/produkt\/edup-usb-wifi-adapter-300mbps-with-dual-detachable-antennas-6dbi-wireless-network-card-for-pc-desktop-laptop-accessories-windows\/\",\"url\":\"https:\/\/www.onetimenexttime.sk\/arduino\/index.php\/produkt\/edup-usb-wifi-adapter-300mbps-with-dual-detachable-antennas-6dbi-wireless-network-card-for-pc-desktop-laptop-accessories-windows\/\",\"name\":\"EDUP USB WiFi Adapter 300Mbps With Dual Detachable Antennas 6dBi Wireless Network Card For PC Desktop Laptop Accessories Windows - Arduino e-shop\",\"isPartOf\":{\"@id\":\"https:\/\/www.onetimenexttime.sk\/arduino\/#website\"},\"primaryImageOfPage\":{\"@id\":\"https:\/\/www.onetimenexttime.sk\/arduino\/index.php\/produkt\/edup-usb-wifi-adapter-300mbps-with-dual-detachable-antennas-6dbi-wireless-network-card-for-pc-desktop-laptop-accessories-windows\/#primaryimage\"},\"image\":{\"@id\":\"https:\/\/www.onetimenexttime.sk\/arduino\/index.php\/produkt\/edup-usb-wifi-adapter-300mbps-with-dual-detachable-antennas-6dbi-wireless-network-card-for-pc-desktop-laptop-accessories-windows\/#primaryimage\"},\"thumbnailUrl\":\"https:\/\/www.onetimenexttime.sk\/arduino\/wp-content\/uploads\/2021\/10\/183.jpg\",\"datePublished\":\"2021-10-30T13:32:04+00:00\",\"dateModified\":\"2021-10-31T19:24:50+00:00\",\"breadcrumb\":{\"@id\":\"https:\/\/www.onetimenexttime.sk\/arduino\/index.php\/produkt\/edup-usb-wifi-adapter-300mbps-with-dual-detachable-antennas-6dbi-wireless-network-card-for-pc-desktop-laptop-accessories-windows\/#breadcrumb\"},\"inLanguage\":\"sk-SK\",\"potentialAction\":[{\"@type\":\"ReadAction\",\"target\":[\"https:\/\/www.onetimenexttime.sk\/arduino\/index.php\/produkt\/edup-usb-wifi-adapter-300mbps-with-dual-detachable-antennas-6dbi-wireless-network-card-for-pc-desktop-laptop-accessories-windows\/\"]}]},{\"@type\":\"ImageObject\",\"inLanguage\":\"sk-SK\",\"@id\":\"https:\/\/www.onetimenexttime.sk\/arduino\/index.php\/produkt\/edup-usb-wifi-adapter-300mbps-with-dual-detachable-antennas-6dbi-wireless-network-card-for-pc-desktop-laptop-accessories-windows\/#primaryimage\",\"url\":\"https:\/\/www.onetimenexttime.sk\/arduino\/wp-content\/uploads\/2021\/10\/183.jpg\",\"contentUrl\":\"https:\/\/www.onetimenexttime.sk\/arduino\/wp-content\/uploads\/2021\/10\/183.jpg\",\"width\":507,\"height\":506},{\"@type\":\"BreadcrumbList\",\"@id\":\"https:\/\/www.onetimenexttime.sk\/arduino\/index.php\/produkt\/edup-usb-wifi-adapter-300mbps-with-dual-detachable-antennas-6dbi-wireless-network-card-for-pc-desktop-laptop-accessories-windows\/#breadcrumb\",\"itemListElement\":[{\"@type\":\"ListItem\",\"position\":1,\"name\":\"Domov\",\"item\":\"https:\/\/www.onetimenexttime.sk\/arduino\/\"},{\"@type\":\"ListItem\",\"position\":2,\"name\":\"Obchod\",\"item\":\"https:\/\/www.onetimenexttime.sk\/arduino\/\"},{\"@type\":\"ListItem\",\"position\":3,\"name\":\"EDUP USB WiFi Adapter 300Mbps With Dual Detachable Antennas 6dBi Wireless Network Card For PC Desktop Laptop Accessories Windows\"}]},{\"@type\":\"WebSite\",\"@id\":\"https:\/\/www.onetimenexttime.sk\/arduino\/#website\",\"url\":\"https:\/\/www.onetimenexttime.sk\/arduino\/\",\"name\":\"Arduino e-shop\",\"description\":\"Home Assistant\",\"potentialAction\":[{\"@type\":\"SearchAction\",\"target\":{\"@type\":\"EntryPoint\",\"urlTemplate\":\"https:\/\/www.onetimenexttime.sk\/arduino\/?s={search_term_string}\"},\"query-input\":{\"@type\":\"PropertyValueSpecification\",\"valueRequired\":true,\"valueName\":\"search_term_string\"}}],\"inLanguage\":\"sk-SK\"}]}<\/script>\n<!-- \/ Yoast SEO plugin. -->","yoast_head_json":{"title":"EDUP USB WiFi Adapter 300Mbps With Dual Detachable Antennas 6dBi Wireless Network Card For PC Desktop Laptop Accessories Windows - Arduino e-shop","robots":{"index":"index","follow":"follow","max-snippet":"max-snippet:-1","max-image-preview":"max-image-preview:large","max-video-preview":"max-video-preview:-1"},"canonical":"https:\/\/www.onetimenexttime.sk\/arduino\/index.php\/produkt\/edup-usb-wifi-adapter-300mbps-with-dual-detachable-antennas-6dbi-wireless-network-card-for-pc-desktop-laptop-accessories-windows\/","og_locale":"sk_SK","og_type":"article","og_title":"EDUP USB WiFi Adapter 300Mbps With Dual Detachable Antennas 6dBi Wireless Network Card For PC Desktop Laptop Accessories Windows - Arduino e-shop","og_description":"EDUP USB WiFi adapt\u00e9r 300 Mb\/s s dvomi odn\u00edmate\u013en\u00fdmi ant\u00e9nami 6dBi bezdr\u00f4tov\u00e1 sie\u0165ov\u00e1 karta pre PC Stoln\u00fd po\u010d\u00edta\u010d Pr\u00edslu\u0161enstvo k&hellip;","og_url":"https:\/\/www.onetimenexttime.sk\/arduino\/index.php\/produkt\/edup-usb-wifi-adapter-300mbps-with-dual-detachable-antennas-6dbi-wireless-network-card-for-pc-desktop-laptop-accessories-windows\/","og_site_name":"Arduino e-shop","article_modified_time":"2021-10-31T19:24:50+00:00","og_image":[{"width":507,"height":506,"url":"https:\/\/www.onetimenexttime.sk\/arduino\/wp-content\/uploads\/2021\/10\/183.jpg","type":"image\/jpeg"}],"twitter_card":"summary_large_image","twitter_misc":{"Predpokladan\u00fd \u010das \u010d\u00edtania":"1 min\u00fata"},"schema":{"@context":"https:\/\/schema.org","@graph":[{"@type":"WebPage","@id":"https:\/\/www.onetimenexttime.sk\/arduino\/index.php\/produkt\/edup-usb-wifi-adapter-300mbps-with-dual-detachable-antennas-6dbi-wireless-network-card-for-pc-desktop-laptop-accessories-windows\/","url":"https:\/\/www.onetimenexttime.sk\/arduino\/index.php\/produkt\/edup-usb-wifi-adapter-300mbps-with-dual-detachable-antennas-6dbi-wireless-network-card-for-pc-desktop-laptop-accessories-windows\/","name":"EDUP USB WiFi Adapter 300Mbps With Dual Detachable Antennas 6dBi Wireless Network Card For PC Desktop Laptop Accessories Windows - Arduino e-shop","isPartOf":{"@id":"https:\/\/www.onetimenexttime.sk\/arduino\/#website"},"primaryImageOfPage":{"@id":"https:\/\/www.onetimenexttime.sk\/arduino\/index.php\/produkt\/edup-usb-wifi-adapter-300mbps-with-dual-detachable-antennas-6dbi-wireless-network-card-for-pc-desktop-laptop-accessories-windows\/#primaryimage"},"image":{"@id":"https:\/\/www.onetimenexttime.sk\/arduino\/index.php\/produkt\/edup-usb-wifi-adapter-300mbps-with-dual-detachable-antennas-6dbi-wireless-network-card-for-pc-desktop-laptop-accessories-windows\/#primaryimage"},"thumbnailUrl":"https:\/\/www.onetimenexttime.sk\/arduino\/wp-content\/uploads\/2021\/10\/183.jpg","datePublished":"2021-10-30T13:32:04+00:00","dateModified":"2021-10-31T19:24:50+00:00","breadcrumb":{"@id":"https:\/\/www.onetimenexttime.sk\/arduino\/index.php\/produkt\/edup-usb-wifi-adapter-300mbps-with-dual-detachable-antennas-6dbi-wireless-network-card-for-pc-desktop-laptop-accessories-windows\/#breadcrumb"},"inLanguage":"sk-SK","potentialAction":[{"@type":"ReadAction","target":["https:\/\/www.onetimenexttime.sk\/arduino\/index.php\/produkt\/edup-usb-wifi-adapter-300mbps-with-dual-detachable-antennas-6dbi-wireless-network-card-for-pc-desktop-laptop-accessories-windows\/"]}]},{"@type":"ImageObject","inLanguage":"sk-SK","@id":"https:\/\/www.onetimenexttime.sk\/arduino\/index.php\/produkt\/edup-usb-wifi-adapter-300mbps-with-dual-detachable-antennas-6dbi-wireless-network-card-for-pc-desktop-laptop-accessories-windows\/#primaryimage","url":"https:\/\/www.onetimenexttime.sk\/arduino\/wp-content\/uploads\/2021\/10\/183.jpg","contentUrl":"https:\/\/www.onetimenexttime.sk\/arduino\/wp-content\/uploads\/2021\/10\/183.jpg","width":507,"height":506},{"@type":"BreadcrumbList","@id":"https:\/\/www.onetimenexttime.sk\/arduino\/index.php\/produkt\/edup-usb-wifi-adapter-300mbps-with-dual-detachable-antennas-6dbi-wireless-network-card-for-pc-desktop-laptop-accessories-windows\/#breadcrumb","itemListElement":[{"@type":"ListItem","position":1,"name":"Domov","item":"https:\/\/www.onetimenexttime.sk\/arduino\/"},{"@type":"ListItem","position":2,"name":"Obchod","item":"https:\/\/www.onetimenexttime.sk\/arduino\/"},{"@type":"ListItem","position":3,"name":"EDUP USB WiFi Adapter 300Mbps With Dual Detachable Antennas 6dBi Wireless Network Card For PC Desktop Laptop Accessories Windows"}]},{"@type":"WebSite","@id":"https:\/\/www.onetimenexttime.sk\/arduino\/#website","url":"https:\/\/www.onetimenexttime.sk\/arduino\/","name":"Arduino e-shop","description":"Home Assistant","potentialAction":[{"@type":"SearchAction","target":{"@type":"EntryPoint","urlTemplate":"https:\/\/www.onetimenexttime.sk\/arduino\/?s={search_term_string}"},"query-input":{"@type":"PropertyValueSpecification","valueRequired":true,"valueName":"search_term_string"}}],"inLanguage":"sk-SK"}]}},"_links":{"self":[{"href":"https:\/\/www.onetimenexttime.sk\/arduino\/index.php\/wp-json\/wp\/v2\/product\/686"}],"collection":[{"href":"https:\/\/www.onetimenexttime.sk\/arduino\/index.php\/wp-json\/wp\/v2\/product"}],"about":[{"href":"https:\/\/www.onetimenexttime.sk\/arduino\/index.php\/wp-json\/wp\/v2\/types\/product"}],"wp:featuredmedia":[{"embeddable":true,"href":"https:\/\/www.onetimenexttime.sk\/arduino\/index.php\/wp-json\/wp\/v2\/media\/687"}],"wp:attachment":[{"href":"https:\/\/www.onetimenexttime.sk\/arduino\/index.php\/wp-json\/wp\/v2\/media?parent=686"}],"wp:term":[{"taxonomy":"product_cat","embeddable":true,"href":"https:\/\/www.onetimenexttime.sk\/arduino\/index.php\/wp-json\/wp\/v2\/product_cat?post=686"},{"taxonomy":"product_tag","embeddable":true,"href":"https:\/\/www.onetimenexttime.sk\/arduino\/index.php\/wp-json\/wp\/v2\/product_tag?post=686"}],"curies":[{"name":"wp","href":"https:\/\/api.w.org\/{rel}","templated":true}]}}