{"id":68,"date":"2021-10-17T20:06:55","date_gmt":"2021-10-17T18:06:55","guid":{"rendered":"https:\/\/www.onetimenexttime.sk\/arduino\/?post_type=product&#038;p=68"},"modified":"2021-10-17T20:29:11","modified_gmt":"2021-10-17T18:29:11","slug":"enc28j60-lan-ethernet-network-board-module-for-arduino-25mhz-crystal-avr-51-lpc-stm32-3-3v","status":"publish","type":"product","link":"https:\/\/www.onetimenexttime.sk\/arduino\/index.php\/produkt\/enc28j60-lan-ethernet-network-board-module-for-arduino-25mhz-crystal-avr-51-lpc-stm32-3-3v\/","title":{"rendered":"ENC28J60 LAN Ethernet Network Board Module for arduino 25MHZ Crystal AVR 51 LPC STM32 3.3V"},"content":{"rendered":"<p>\u010cipov\u00fd modul ENC28J60-I\/SO<br \/>\nModul 25MHZ kry\u0161t\u00e1l<br \/>\nModul sie\u0165ov\u00e9ho rozhrania HR911105A<br \/>\n3,3V nap\u00e1jac\u00ed kol\u00edk<\/p>\n","protected":false},"excerpt":{"rendered":"<p>\u010cipov\u00fd modul ENC28J60-I\/SO Modul 25MHZ kry\u0161t\u00e1l Modul sie\u0165ov\u00e9ho rozhrania HR911105A 3,3V nap\u00e1jac\u00ed kol\u00edk<\/p>\n","protected":false},"featured_media":69,"template":"","meta":{"_monsterinsights_skip_tracking":false,"_monsterinsights_sitenote_active":false,"_monsterinsights_sitenote_note":"","_monsterinsights_sitenote_category":0},"product_cat":[16,18],"product_tag":[],"class_list":{"0":"post-68","1":"product","2":"type-product","3":"status-publish","4":"has-post-thumbnail","6":"product_cat-ard","7":"product_cat-lan","9":"first","10":"instock","11":"sale","12":"shipping-taxable","13":"purchasable","14":"product-type-simple"},"yoast_head":"<!-- This site is optimized with the Yoast SEO plugin v23.6 - https:\/\/yoast.com\/wordpress\/plugins\/seo\/ -->\n<title>ENC28J60 LAN Ethernet Network Board Module for arduino 25MHZ Crystal AVR 51 LPC STM32 3.3V - Arduino e-shop<\/title>\n<meta name=\"robots\" content=\"index, follow, max-snippet:-1, max-image-preview:large, max-video-preview:-1\" \/>\n<link rel=\"canonical\" href=\"https:\/\/www.onetimenexttime.sk\/arduino\/index.php\/produkt\/enc28j60-lan-ethernet-network-board-module-for-arduino-25mhz-crystal-avr-51-lpc-stm32-3-3v\/\" \/>\n<meta property=\"og:locale\" content=\"sk_SK\" \/>\n<meta property=\"og:type\" content=\"article\" \/>\n<meta property=\"og:title\" content=\"ENC28J60 LAN Ethernet Network Board Module for arduino 25MHZ Crystal AVR 51 LPC STM32 3.3V - Arduino e-shop\" \/>\n<meta property=\"og:description\" content=\"\u010cipov\u00fd modul ENC28J60-I\/SO Modul 25MHZ kry\u0161t\u00e1l Modul sie\u0165ov\u00e9ho rozhrania HR911105A 3,3V nap\u00e1jac\u00ed kol\u00edk\" \/>\n<meta property=\"og:url\" content=\"https:\/\/www.onetimenexttime.sk\/arduino\/index.php\/produkt\/enc28j60-lan-ethernet-network-board-module-for-arduino-25mhz-crystal-avr-51-lpc-stm32-3-3v\/\" \/>\n<meta property=\"og:site_name\" content=\"Arduino e-shop\" \/>\n<meta property=\"article:modified_time\" content=\"2021-10-17T18:29:11+00:00\" \/>\n<meta property=\"og:image\" content=\"https:\/\/www.onetimenexttime.sk\/arduino\/wp-content\/uploads\/2021\/10\/237.jpg\" \/>\n\t<meta property=\"og:image:width\" content=\"499\" \/>\n\t<meta property=\"og:image:height\" content=\"498\" \/>\n\t<meta property=\"og:image:type\" content=\"image\/jpeg\" \/>\n<meta name=\"twitter:card\" content=\"summary_large_image\" \/>\n<meta name=\"twitter:label1\" content=\"Predpokladan\u00fd \u010das \u010d\u00edtania\" \/>\n\t<meta name=\"twitter:data1\" content=\"1 min\u00fata\" \/>\n<script type=\"application\/ld+json\" class=\"yoast-schema-graph\">{\"@context\":\"https:\/\/schema.org\",\"@graph\":[{\"@type\":\"WebPage\",\"@id\":\"https:\/\/www.onetimenexttime.sk\/arduino\/index.php\/produkt\/enc28j60-lan-ethernet-network-board-module-for-arduino-25mhz-crystal-avr-51-lpc-stm32-3-3v\/\",\"url\":\"https:\/\/www.onetimenexttime.sk\/arduino\/index.php\/produkt\/enc28j60-lan-ethernet-network-board-module-for-arduino-25mhz-crystal-avr-51-lpc-stm32-3-3v\/\",\"name\":\"ENC28J60 LAN Ethernet Network Board Module for arduino 25MHZ Crystal AVR 51 LPC STM32 3.3V - Arduino e-shop\",\"isPartOf\":{\"@id\":\"https:\/\/www.onetimenexttime.sk\/arduino\/#website\"},\"primaryImageOfPage\":{\"@id\":\"https:\/\/www.onetimenexttime.sk\/arduino\/index.php\/produkt\/enc28j60-lan-ethernet-network-board-module-for-arduino-25mhz-crystal-avr-51-lpc-stm32-3-3v\/#primaryimage\"},\"image\":{\"@id\":\"https:\/\/www.onetimenexttime.sk\/arduino\/index.php\/produkt\/enc28j60-lan-ethernet-network-board-module-for-arduino-25mhz-crystal-avr-51-lpc-stm32-3-3v\/#primaryimage\"},\"thumbnailUrl\":\"https:\/\/www.onetimenexttime.sk\/arduino\/wp-content\/uploads\/2021\/10\/237.jpg\",\"datePublished\":\"2021-10-17T18:06:55+00:00\",\"dateModified\":\"2021-10-17T18:29:11+00:00\",\"breadcrumb\":{\"@id\":\"https:\/\/www.onetimenexttime.sk\/arduino\/index.php\/produkt\/enc28j60-lan-ethernet-network-board-module-for-arduino-25mhz-crystal-avr-51-lpc-stm32-3-3v\/#breadcrumb\"},\"inLanguage\":\"sk-SK\",\"potentialAction\":[{\"@type\":\"ReadAction\",\"target\":[\"https:\/\/www.onetimenexttime.sk\/arduino\/index.php\/produkt\/enc28j60-lan-ethernet-network-board-module-for-arduino-25mhz-crystal-avr-51-lpc-stm32-3-3v\/\"]}]},{\"@type\":\"ImageObject\",\"inLanguage\":\"sk-SK\",\"@id\":\"https:\/\/www.onetimenexttime.sk\/arduino\/index.php\/produkt\/enc28j60-lan-ethernet-network-board-module-for-arduino-25mhz-crystal-avr-51-lpc-stm32-3-3v\/#primaryimage\",\"url\":\"https:\/\/www.onetimenexttime.sk\/arduino\/wp-content\/uploads\/2021\/10\/237.jpg\",\"contentUrl\":\"https:\/\/www.onetimenexttime.sk\/arduino\/wp-content\/uploads\/2021\/10\/237.jpg\",\"width\":499,\"height\":498},{\"@type\":\"BreadcrumbList\",\"@id\":\"https:\/\/www.onetimenexttime.sk\/arduino\/index.php\/produkt\/enc28j60-lan-ethernet-network-board-module-for-arduino-25mhz-crystal-avr-51-lpc-stm32-3-3v\/#breadcrumb\",\"itemListElement\":[{\"@type\":\"ListItem\",\"position\":1,\"name\":\"Domov\",\"item\":\"https:\/\/www.onetimenexttime.sk\/arduino\/\"},{\"@type\":\"ListItem\",\"position\":2,\"name\":\"Obchod\",\"item\":\"https:\/\/www.onetimenexttime.sk\/arduino\/\"},{\"@type\":\"ListItem\",\"position\":3,\"name\":\"ENC28J60 LAN Ethernet Network Board Module for arduino 25MHZ Crystal AVR 51 LPC STM32 3.3V\"}]},{\"@type\":\"WebSite\",\"@id\":\"https:\/\/www.onetimenexttime.sk\/arduino\/#website\",\"url\":\"https:\/\/www.onetimenexttime.sk\/arduino\/\",\"name\":\"Arduino e-shop\",\"description\":\"Home Assistant\",\"potentialAction\":[{\"@type\":\"SearchAction\",\"target\":{\"@type\":\"EntryPoint\",\"urlTemplate\":\"https:\/\/www.onetimenexttime.sk\/arduino\/?s={search_term_string}\"},\"query-input\":{\"@type\":\"PropertyValueSpecification\",\"valueRequired\":true,\"valueName\":\"search_term_string\"}}],\"inLanguage\":\"sk-SK\"}]}<\/script>\n<!-- \/ Yoast SEO plugin. -->","yoast_head_json":{"title":"ENC28J60 LAN Ethernet Network Board Module for arduino 25MHZ Crystal AVR 51 LPC STM32 3.3V - Arduino e-shop","robots":{"index":"index","follow":"follow","max-snippet":"max-snippet:-1","max-image-preview":"max-image-preview:large","max-video-preview":"max-video-preview:-1"},"canonical":"https:\/\/www.onetimenexttime.sk\/arduino\/index.php\/produkt\/enc28j60-lan-ethernet-network-board-module-for-arduino-25mhz-crystal-avr-51-lpc-stm32-3-3v\/","og_locale":"sk_SK","og_type":"article","og_title":"ENC28J60 LAN Ethernet Network Board Module for arduino 25MHZ Crystal AVR 51 LPC STM32 3.3V - Arduino e-shop","og_description":"\u010cipov\u00fd modul ENC28J60-I\/SO Modul 25MHZ kry\u0161t\u00e1l Modul sie\u0165ov\u00e9ho rozhrania HR911105A 3,3V nap\u00e1jac\u00ed kol\u00edk","og_url":"https:\/\/www.onetimenexttime.sk\/arduino\/index.php\/produkt\/enc28j60-lan-ethernet-network-board-module-for-arduino-25mhz-crystal-avr-51-lpc-stm32-3-3v\/","og_site_name":"Arduino e-shop","article_modified_time":"2021-10-17T18:29:11+00:00","og_image":[{"width":499,"height":498,"url":"https:\/\/www.onetimenexttime.sk\/arduino\/wp-content\/uploads\/2021\/10\/237.jpg","type":"image\/jpeg"}],"twitter_card":"summary_large_image","twitter_misc":{"Predpokladan\u00fd \u010das \u010d\u00edtania":"1 min\u00fata"},"schema":{"@context":"https:\/\/schema.org","@graph":[{"@type":"WebPage","@id":"https:\/\/www.onetimenexttime.sk\/arduino\/index.php\/produkt\/enc28j60-lan-ethernet-network-board-module-for-arduino-25mhz-crystal-avr-51-lpc-stm32-3-3v\/","url":"https:\/\/www.onetimenexttime.sk\/arduino\/index.php\/produkt\/enc28j60-lan-ethernet-network-board-module-for-arduino-25mhz-crystal-avr-51-lpc-stm32-3-3v\/","name":"ENC28J60 LAN Ethernet Network Board Module for arduino 25MHZ Crystal AVR 51 LPC STM32 3.3V - Arduino e-shop","isPartOf":{"@id":"https:\/\/www.onetimenexttime.sk\/arduino\/#website"},"primaryImageOfPage":{"@id":"https:\/\/www.onetimenexttime.sk\/arduino\/index.php\/produkt\/enc28j60-lan-ethernet-network-board-module-for-arduino-25mhz-crystal-avr-51-lpc-stm32-3-3v\/#primaryimage"},"image":{"@id":"https:\/\/www.onetimenexttime.sk\/arduino\/index.php\/produkt\/enc28j60-lan-ethernet-network-board-module-for-arduino-25mhz-crystal-avr-51-lpc-stm32-3-3v\/#primaryimage"},"thumbnailUrl":"https:\/\/www.onetimenexttime.sk\/arduino\/wp-content\/uploads\/2021\/10\/237.jpg","datePublished":"2021-10-17T18:06:55+00:00","dateModified":"2021-10-17T18:29:11+00:00","breadcrumb":{"@id":"https:\/\/www.onetimenexttime.sk\/arduino\/index.php\/produkt\/enc28j60-lan-ethernet-network-board-module-for-arduino-25mhz-crystal-avr-51-lpc-stm32-3-3v\/#breadcrumb"},"inLanguage":"sk-SK","potentialAction":[{"@type":"ReadAction","target":["https:\/\/www.onetimenexttime.sk\/arduino\/index.php\/produkt\/enc28j60-lan-ethernet-network-board-module-for-arduino-25mhz-crystal-avr-51-lpc-stm32-3-3v\/"]}]},{"@type":"ImageObject","inLanguage":"sk-SK","@id":"https:\/\/www.onetimenexttime.sk\/arduino\/index.php\/produkt\/enc28j60-lan-ethernet-network-board-module-for-arduino-25mhz-crystal-avr-51-lpc-stm32-3-3v\/#primaryimage","url":"https:\/\/www.onetimenexttime.sk\/arduino\/wp-content\/uploads\/2021\/10\/237.jpg","contentUrl":"https:\/\/www.onetimenexttime.sk\/arduino\/wp-content\/uploads\/2021\/10\/237.jpg","width":499,"height":498},{"@type":"BreadcrumbList","@id":"https:\/\/www.onetimenexttime.sk\/arduino\/index.php\/produkt\/enc28j60-lan-ethernet-network-board-module-for-arduino-25mhz-crystal-avr-51-lpc-stm32-3-3v\/#breadcrumb","itemListElement":[{"@type":"ListItem","position":1,"name":"Domov","item":"https:\/\/www.onetimenexttime.sk\/arduino\/"},{"@type":"ListItem","position":2,"name":"Obchod","item":"https:\/\/www.onetimenexttime.sk\/arduino\/"},{"@type":"ListItem","position":3,"name":"ENC28J60 LAN Ethernet Network Board Module for arduino 25MHZ Crystal AVR 51 LPC STM32 3.3V"}]},{"@type":"WebSite","@id":"https:\/\/www.onetimenexttime.sk\/arduino\/#website","url":"https:\/\/www.onetimenexttime.sk\/arduino\/","name":"Arduino e-shop","description":"Home Assistant","potentialAction":[{"@type":"SearchAction","target":{"@type":"EntryPoint","urlTemplate":"https:\/\/www.onetimenexttime.sk\/arduino\/?s={search_term_string}"},"query-input":{"@type":"PropertyValueSpecification","valueRequired":true,"valueName":"search_term_string"}}],"inLanguage":"sk-SK"}]}},"_links":{"self":[{"href":"https:\/\/www.onetimenexttime.sk\/arduino\/index.php\/wp-json\/wp\/v2\/product\/68"}],"collection":[{"href":"https:\/\/www.onetimenexttime.sk\/arduino\/index.php\/wp-json\/wp\/v2\/product"}],"about":[{"href":"https:\/\/www.onetimenexttime.sk\/arduino\/index.php\/wp-json\/wp\/v2\/types\/product"}],"wp:featuredmedia":[{"embeddable":true,"href":"https:\/\/www.onetimenexttime.sk\/arduino\/index.php\/wp-json\/wp\/v2\/media\/69"}],"wp:attachment":[{"href":"https:\/\/www.onetimenexttime.sk\/arduino\/index.php\/wp-json\/wp\/v2\/media?parent=68"}],"wp:term":[{"taxonomy":"product_cat","embeddable":true,"href":"https:\/\/www.onetimenexttime.sk\/arduino\/index.php\/wp-json\/wp\/v2\/product_cat?post=68"},{"taxonomy":"product_tag","embeddable":true,"href":"https:\/\/www.onetimenexttime.sk\/arduino\/index.php\/wp-json\/wp\/v2\/product_tag?post=68"}],"curies":[{"name":"wp","href":"https:\/\/api.w.org\/{rel}","templated":true}]}}