{"id":679,"date":"2021-10-30T13:49:19","date_gmt":"2021-10-30T11:49:19","guid":{"rendered":"https:\/\/www.onetimenexttime.sk\/arduino\/?post_type=product&#038;p=679"},"modified":"2021-10-30T13:58:33","modified_gmt":"2021-10-30T11:58:33","slug":"universal-auto-car-tv-fm-radio-windshield-mount-double-antennas-aerials-to-strength-signal-reliable-reception-car-accessories","status":"publish","type":"product","link":"https:\/\/www.onetimenexttime.sk\/arduino\/index.php\/produkt\/universal-auto-car-tv-fm-radio-windshield-mount-double-antennas-aerials-to-strength-signal-reliable-reception-car-accessories\/","title":{"rendered":"Universal Auto Car TV FM Radio Windshield Mount Double Antennas Aerials to Strength Signal Reliable Reception Car Accessories"},"content":{"rendered":"<h2>Univerz\u00e1lna Auto ant\u00e9na TV FM R\u00e1dio, Dvojit\u00e9 ant\u00e9ny na posilnenie sign\u00e1lu, Spo\u013eahliv\u00fd pr\u00edjem + k\u00e1bel 5m jack 3,5<\/h2>\n<p>&nbsp;<\/p>\n<p>T\u00e1to telev\u00edzna ant\u00e9na pom\u00f4\u017ee zlep\u0161i\u0165 kvalitu telev\u00edzneho obrazu v\u00e1\u0161ho auta posilnen\u00edm schopnosti v\u00e1\u0161ho tunera zachyti\u0165 telev\u00edzny pr\u00edjem.<\/p>\n<p>A tie\u017e zv\u00fd\u0161i silu vstupn\u00e9ho sign\u00e1lu, ktor\u00fd va\u0161e r\u00e1dio prij\u00edma. To v\u00e1m zaru\u010d\u00ed lep\u0161\u00ed sign\u00e1l a spo\u013eahlivej\u0161\u00ed pr\u00edjem.<\/p>\n<p><strong>Vlastnosti:\u00a0<\/strong><br \/>\n\u013dahk\u00fd a mal\u00fd, TV a r\u00e1dio FM<br \/>\nS dvojit\u00fdmi ant\u00e9nami, vysoko siln\u00fd sign\u00e1l<br \/>\nKompaktn\u00fd dizajn, n\u00edzka hmotnos\u0165 a vysok\u00fd v\u00fdkon, ant\u00e9na na vonkaj\u0161ie pou\u017eitie<br \/>\nPrilepte sa na predn\u00e9 alebo zadn\u00e9 sklo<br \/>\nFarba: \u010dierna<br \/>\nD\u013a\u017eka ant\u00e9ny: 13-33 cm<\/p>\n","protected":false},"excerpt":{"rendered":"<p>Univerz\u00e1lna Auto ant\u00e9na TV FM R\u00e1dio, Dvojit\u00e9 ant\u00e9ny na posilnenie sign\u00e1lu, Spo\u013eahliv\u00fd pr\u00edjem + k\u00e1bel 5m jack 3,5 &nbsp; T\u00e1to&hellip;<\/p>\n","protected":false},"featured_media":680,"template":"","meta":{"_monsterinsights_skip_tracking":false,"_monsterinsights_sitenote_active":false,"_monsterinsights_sitenote_note":"","_monsterinsights_sitenote_category":0},"product_cat":[35,38,34],"product_tag":[],"class_list":{"0":"post-679","1":"product","2":"type-product","3":"status-publish","4":"has-post-thumbnail","6":"product_cat-antena","7":"product_cat-auto","8":"product_cat-rf","10":"first","11":"instock","12":"shipping-taxable","13":"purchasable","14":"product-type-simple"},"yoast_head":"<!-- This site is optimized with the Yoast SEO plugin v23.6 - https:\/\/yoast.com\/wordpress\/plugins\/seo\/ -->\n<title>Universal Auto Car TV FM Radio Windshield Mount Double Antennas Aerials to Strength Signal Reliable Reception Car Accessories - Arduino e-shop<\/title>\n<meta name=\"robots\" content=\"index, follow, max-snippet:-1, max-image-preview:large, max-video-preview:-1\" \/>\n<link rel=\"canonical\" href=\"https:\/\/www.onetimenexttime.sk\/arduino\/index.php\/produkt\/universal-auto-car-tv-fm-radio-windshield-mount-double-antennas-aerials-to-strength-signal-reliable-reception-car-accessories\/\" \/>\n<meta property=\"og:locale\" content=\"sk_SK\" \/>\n<meta property=\"og:type\" content=\"article\" \/>\n<meta property=\"og:title\" content=\"Universal Auto Car TV FM Radio Windshield Mount Double Antennas Aerials to Strength Signal Reliable Reception Car Accessories - Arduino e-shop\" \/>\n<meta property=\"og:description\" content=\"Univerz\u00e1lna Auto ant\u00e9na TV FM R\u00e1dio, Dvojit\u00e9 ant\u00e9ny na posilnenie sign\u00e1lu, Spo\u013eahliv\u00fd pr\u00edjem + k\u00e1bel 5m jack 3,5 &nbsp; T\u00e1to&hellip;\" \/>\n<meta property=\"og:url\" content=\"https:\/\/www.onetimenexttime.sk\/arduino\/index.php\/produkt\/universal-auto-car-tv-fm-radio-windshield-mount-double-antennas-aerials-to-strength-signal-reliable-reception-car-accessories\/\" \/>\n<meta property=\"og:site_name\" content=\"Arduino e-shop\" \/>\n<meta property=\"article:modified_time\" content=\"2021-10-30T11:58:33+00:00\" \/>\n<meta property=\"og:image\" content=\"https:\/\/www.onetimenexttime.sk\/arduino\/wp-content\/uploads\/2021\/10\/180.jpg\" \/>\n\t<meta property=\"og:image:width\" content=\"501\" \/>\n\t<meta property=\"og:image:height\" content=\"500\" \/>\n\t<meta property=\"og:image:type\" content=\"image\/jpeg\" \/>\n<meta name=\"twitter:card\" content=\"summary_large_image\" \/>\n<meta name=\"twitter:label1\" content=\"Predpokladan\u00fd \u010das \u010d\u00edtania\" \/>\n\t<meta name=\"twitter:data1\" content=\"1 min\u00fata\" \/>\n<script type=\"application\/ld+json\" class=\"yoast-schema-graph\">{\"@context\":\"https:\/\/schema.org\",\"@graph\":[{\"@type\":\"WebPage\",\"@id\":\"https:\/\/www.onetimenexttime.sk\/arduino\/index.php\/produkt\/universal-auto-car-tv-fm-radio-windshield-mount-double-antennas-aerials-to-strength-signal-reliable-reception-car-accessories\/\",\"url\":\"https:\/\/www.onetimenexttime.sk\/arduino\/index.php\/produkt\/universal-auto-car-tv-fm-radio-windshield-mount-double-antennas-aerials-to-strength-signal-reliable-reception-car-accessories\/\",\"name\":\"Universal Auto Car TV FM Radio Windshield Mount Double Antennas Aerials to Strength Signal Reliable Reception Car Accessories - Arduino e-shop\",\"isPartOf\":{\"@id\":\"https:\/\/www.onetimenexttime.sk\/arduino\/#website\"},\"primaryImageOfPage\":{\"@id\":\"https:\/\/www.onetimenexttime.sk\/arduino\/index.php\/produkt\/universal-auto-car-tv-fm-radio-windshield-mount-double-antennas-aerials-to-strength-signal-reliable-reception-car-accessories\/#primaryimage\"},\"image\":{\"@id\":\"https:\/\/www.onetimenexttime.sk\/arduino\/index.php\/produkt\/universal-auto-car-tv-fm-radio-windshield-mount-double-antennas-aerials-to-strength-signal-reliable-reception-car-accessories\/#primaryimage\"},\"thumbnailUrl\":\"https:\/\/www.onetimenexttime.sk\/arduino\/wp-content\/uploads\/2021\/10\/180.jpg\",\"datePublished\":\"2021-10-30T11:49:19+00:00\",\"dateModified\":\"2021-10-30T11:58:33+00:00\",\"breadcrumb\":{\"@id\":\"https:\/\/www.onetimenexttime.sk\/arduino\/index.php\/produkt\/universal-auto-car-tv-fm-radio-windshield-mount-double-antennas-aerials-to-strength-signal-reliable-reception-car-accessories\/#breadcrumb\"},\"inLanguage\":\"sk-SK\",\"potentialAction\":[{\"@type\":\"ReadAction\",\"target\":[\"https:\/\/www.onetimenexttime.sk\/arduino\/index.php\/produkt\/universal-auto-car-tv-fm-radio-windshield-mount-double-antennas-aerials-to-strength-signal-reliable-reception-car-accessories\/\"]}]},{\"@type\":\"ImageObject\",\"inLanguage\":\"sk-SK\",\"@id\":\"https:\/\/www.onetimenexttime.sk\/arduino\/index.php\/produkt\/universal-auto-car-tv-fm-radio-windshield-mount-double-antennas-aerials-to-strength-signal-reliable-reception-car-accessories\/#primaryimage\",\"url\":\"https:\/\/www.onetimenexttime.sk\/arduino\/wp-content\/uploads\/2021\/10\/180.jpg\",\"contentUrl\":\"https:\/\/www.onetimenexttime.sk\/arduino\/wp-content\/uploads\/2021\/10\/180.jpg\",\"width\":501,\"height\":500},{\"@type\":\"BreadcrumbList\",\"@id\":\"https:\/\/www.onetimenexttime.sk\/arduino\/index.php\/produkt\/universal-auto-car-tv-fm-radio-windshield-mount-double-antennas-aerials-to-strength-signal-reliable-reception-car-accessories\/#breadcrumb\",\"itemListElement\":[{\"@type\":\"ListItem\",\"position\":1,\"name\":\"Domov\",\"item\":\"https:\/\/www.onetimenexttime.sk\/arduino\/\"},{\"@type\":\"ListItem\",\"position\":2,\"name\":\"Obchod\",\"item\":\"https:\/\/www.onetimenexttime.sk\/arduino\/\"},{\"@type\":\"ListItem\",\"position\":3,\"name\":\"Universal Auto Car TV FM Radio Windshield Mount Double Antennas Aerials to Strength Signal Reliable Reception Car Accessories\"}]},{\"@type\":\"WebSite\",\"@id\":\"https:\/\/www.onetimenexttime.sk\/arduino\/#website\",\"url\":\"https:\/\/www.onetimenexttime.sk\/arduino\/\",\"name\":\"Arduino e-shop\",\"description\":\"Home Assistant\",\"potentialAction\":[{\"@type\":\"SearchAction\",\"target\":{\"@type\":\"EntryPoint\",\"urlTemplate\":\"https:\/\/www.onetimenexttime.sk\/arduino\/?s={search_term_string}\"},\"query-input\":{\"@type\":\"PropertyValueSpecification\",\"valueRequired\":true,\"valueName\":\"search_term_string\"}}],\"inLanguage\":\"sk-SK\"}]}<\/script>\n<!-- \/ Yoast SEO plugin. -->","yoast_head_json":{"title":"Universal Auto Car TV FM Radio Windshield Mount Double Antennas Aerials to Strength Signal Reliable Reception Car Accessories - Arduino e-shop","robots":{"index":"index","follow":"follow","max-snippet":"max-snippet:-1","max-image-preview":"max-image-preview:large","max-video-preview":"max-video-preview:-1"},"canonical":"https:\/\/www.onetimenexttime.sk\/arduino\/index.php\/produkt\/universal-auto-car-tv-fm-radio-windshield-mount-double-antennas-aerials-to-strength-signal-reliable-reception-car-accessories\/","og_locale":"sk_SK","og_type":"article","og_title":"Universal Auto Car TV FM Radio Windshield Mount Double Antennas Aerials to Strength Signal Reliable Reception Car Accessories - Arduino e-shop","og_description":"Univerz\u00e1lna Auto ant\u00e9na TV FM R\u00e1dio, Dvojit\u00e9 ant\u00e9ny na posilnenie sign\u00e1lu, Spo\u013eahliv\u00fd pr\u00edjem + k\u00e1bel 5m jack 3,5 &nbsp; T\u00e1to&hellip;","og_url":"https:\/\/www.onetimenexttime.sk\/arduino\/index.php\/produkt\/universal-auto-car-tv-fm-radio-windshield-mount-double-antennas-aerials-to-strength-signal-reliable-reception-car-accessories\/","og_site_name":"Arduino e-shop","article_modified_time":"2021-10-30T11:58:33+00:00","og_image":[{"width":501,"height":500,"url":"https:\/\/www.onetimenexttime.sk\/arduino\/wp-content\/uploads\/2021\/10\/180.jpg","type":"image\/jpeg"}],"twitter_card":"summary_large_image","twitter_misc":{"Predpokladan\u00fd \u010das \u010d\u00edtania":"1 min\u00fata"},"schema":{"@context":"https:\/\/schema.org","@graph":[{"@type":"WebPage","@id":"https:\/\/www.onetimenexttime.sk\/arduino\/index.php\/produkt\/universal-auto-car-tv-fm-radio-windshield-mount-double-antennas-aerials-to-strength-signal-reliable-reception-car-accessories\/","url":"https:\/\/www.onetimenexttime.sk\/arduino\/index.php\/produkt\/universal-auto-car-tv-fm-radio-windshield-mount-double-antennas-aerials-to-strength-signal-reliable-reception-car-accessories\/","name":"Universal Auto Car TV FM Radio Windshield Mount Double Antennas Aerials to Strength Signal Reliable Reception Car Accessories - Arduino e-shop","isPartOf":{"@id":"https:\/\/www.onetimenexttime.sk\/arduino\/#website"},"primaryImageOfPage":{"@id":"https:\/\/www.onetimenexttime.sk\/arduino\/index.php\/produkt\/universal-auto-car-tv-fm-radio-windshield-mount-double-antennas-aerials-to-strength-signal-reliable-reception-car-accessories\/#primaryimage"},"image":{"@id":"https:\/\/www.onetimenexttime.sk\/arduino\/index.php\/produkt\/universal-auto-car-tv-fm-radio-windshield-mount-double-antennas-aerials-to-strength-signal-reliable-reception-car-accessories\/#primaryimage"},"thumbnailUrl":"https:\/\/www.onetimenexttime.sk\/arduino\/wp-content\/uploads\/2021\/10\/180.jpg","datePublished":"2021-10-30T11:49:19+00:00","dateModified":"2021-10-30T11:58:33+00:00","breadcrumb":{"@id":"https:\/\/www.onetimenexttime.sk\/arduino\/index.php\/produkt\/universal-auto-car-tv-fm-radio-windshield-mount-double-antennas-aerials-to-strength-signal-reliable-reception-car-accessories\/#breadcrumb"},"inLanguage":"sk-SK","potentialAction":[{"@type":"ReadAction","target":["https:\/\/www.onetimenexttime.sk\/arduino\/index.php\/produkt\/universal-auto-car-tv-fm-radio-windshield-mount-double-antennas-aerials-to-strength-signal-reliable-reception-car-accessories\/"]}]},{"@type":"ImageObject","inLanguage":"sk-SK","@id":"https:\/\/www.onetimenexttime.sk\/arduino\/index.php\/produkt\/universal-auto-car-tv-fm-radio-windshield-mount-double-antennas-aerials-to-strength-signal-reliable-reception-car-accessories\/#primaryimage","url":"https:\/\/www.onetimenexttime.sk\/arduino\/wp-content\/uploads\/2021\/10\/180.jpg","contentUrl":"https:\/\/www.onetimenexttime.sk\/arduino\/wp-content\/uploads\/2021\/10\/180.jpg","width":501,"height":500},{"@type":"BreadcrumbList","@id":"https:\/\/www.onetimenexttime.sk\/arduino\/index.php\/produkt\/universal-auto-car-tv-fm-radio-windshield-mount-double-antennas-aerials-to-strength-signal-reliable-reception-car-accessories\/#breadcrumb","itemListElement":[{"@type":"ListItem","position":1,"name":"Domov","item":"https:\/\/www.onetimenexttime.sk\/arduino\/"},{"@type":"ListItem","position":2,"name":"Obchod","item":"https:\/\/www.onetimenexttime.sk\/arduino\/"},{"@type":"ListItem","position":3,"name":"Universal Auto Car TV FM Radio Windshield Mount Double Antennas Aerials to Strength Signal Reliable Reception Car Accessories"}]},{"@type":"WebSite","@id":"https:\/\/www.onetimenexttime.sk\/arduino\/#website","url":"https:\/\/www.onetimenexttime.sk\/arduino\/","name":"Arduino e-shop","description":"Home Assistant","potentialAction":[{"@type":"SearchAction","target":{"@type":"EntryPoint","urlTemplate":"https:\/\/www.onetimenexttime.sk\/arduino\/?s={search_term_string}"},"query-input":{"@type":"PropertyValueSpecification","valueRequired":true,"valueName":"search_term_string"}}],"inLanguage":"sk-SK"}]}},"_links":{"self":[{"href":"https:\/\/www.onetimenexttime.sk\/arduino\/index.php\/wp-json\/wp\/v2\/product\/679"}],"collection":[{"href":"https:\/\/www.onetimenexttime.sk\/arduino\/index.php\/wp-json\/wp\/v2\/product"}],"about":[{"href":"https:\/\/www.onetimenexttime.sk\/arduino\/index.php\/wp-json\/wp\/v2\/types\/product"}],"wp:featuredmedia":[{"embeddable":true,"href":"https:\/\/www.onetimenexttime.sk\/arduino\/index.php\/wp-json\/wp\/v2\/media\/680"}],"wp:attachment":[{"href":"https:\/\/www.onetimenexttime.sk\/arduino\/index.php\/wp-json\/wp\/v2\/media?parent=679"}],"wp:term":[{"taxonomy":"product_cat","embeddable":true,"href":"https:\/\/www.onetimenexttime.sk\/arduino\/index.php\/wp-json\/wp\/v2\/product_cat?post=679"},{"taxonomy":"product_tag","embeddable":true,"href":"https:\/\/www.onetimenexttime.sk\/arduino\/index.php\/wp-json\/wp\/v2\/product_tag?post=679"}],"curies":[{"name":"wp","href":"https:\/\/api.w.org\/{rel}","templated":true}]}}