{"id":675,"date":"2021-10-30T13:38:33","date_gmt":"2021-10-30T11:38:33","guid":{"rendered":"https:\/\/www.onetimenexttime.sk\/arduino\/?post_type=product&#038;p=675"},"modified":"2021-10-30T13:48:40","modified_gmt":"2021-10-30T11:48:40","slug":"1-2g-wireless-camera-radio-av-receiver-with-power-supply","status":"publish","type":"product","link":"https:\/\/www.onetimenexttime.sk\/arduino\/index.php\/produkt\/1-2g-wireless-camera-radio-av-receiver-with-power-supply\/","title":{"rendered":"1.2G Wireless Camera Radio AV Receiver With Power Supply"},"content":{"rendered":"<h2>1,2G bezdr\u00f4tov\u00fd kamerov\u00fd r\u00e1diov\u00fd AV prij\u00edma\u010d s kompletnou s\u00fapravou nap\u00e1jacieho zdroja<\/h2>\n<p>S\u00faprava k 1,2G bezdr\u00f4tovej kamere sa pou\u017e\u00edva na to, aby si zasl\u00fa\u017eila neo\u010dak\u00e1van\u00fa udalos\u0165, mini bezdr\u00f4tov\u00fd kamerov\u00fd oblek pre bezpe\u010dnostn\u00fd doh\u013ead, dozor a mnoho \u010fal\u0161\u00edch zauj\u00edmav\u00fdch vec\u00ed v na\u0161om \u017eivote.<br \/>\nBezdr\u00f4tov\u00fd prenos a pr\u00edjem, n\u00edzka hmotnos\u0165, mal\u00e9 rozmery, n\u00edzka spotreba energie,<br \/>\nVysok\u00e1 citlivos\u0165, jednoduch\u00e1 in\u0161tal\u00e1cia a obsluha, ako aj skrytie.<\/p>\n<p><strong>\u0161pecifik\u00e1cia:\u00a0<\/strong><\/p>\n<p>Ovl\u00e1danie frekvencie: prijmite z\u00e1mok frekvencie CPU na ovl\u00e1danie s vysokou frekven\u010dnou stabilitou.<br \/>\nPravidlo: PAL\/CCIR NTSC\/EIA.<br \/>\nEfekt\u00edvny obrazov\u00fd prvok: PAL:628&#215;582 NTSC:510&#215;492.<br \/>\nHorizont\u00e1lne rozl\u00ed\u0161enie: 380 riadkov.<br \/>\nMinim\u00e1lne osvetlenie: 3 Lux.<br \/>\nSkenovacia frekvencia: PAL\/CCIR: 50Hz, NTSC\/EIA: 60Hz.<br \/>\nCitlivos\u0165 : +18DB &#8211; AGL ON-OFF.<br \/>\nV\u00fdstupn\u00fd v\u00fdkon : 50 &#8211; 300 mW .<br \/>\nVzdialenos\u0165: 50 &#8211; 100M (bez bari\u00e9ry a ru\u0161enia).<br \/>\nElektrick\u00fd pr\u00fad: DC9V.<br \/>\nPr\u00fad: 200mA.<br \/>\nSpotreba energie: &lt;400mW.<br \/>\nVe\u013ekos\u0165: 25 x 35 x 15 mm.<\/p>\n<p><strong>Balenie obsahuje :<\/strong><\/p>\n<p>1 x 1,2 GHz bezpe\u010dnostn\u00fd bezdr\u00f4tov\u00fd r\u00e1diov\u00fd AV prij\u00edma\u010d<br \/>\n1 x 12V nap\u00e1jac\u00ed adapt\u00e9r<br \/>\n1 x RCA k\u00e1ble na pripojenie prij\u00edma\u010da k TV\/Video\/po\u010d\u00edta\u010du<\/p>\n<p>&nbsp;<\/p>\n<p>Pokyn:<\/p>\n<p>1. Oto\u010dte prij\u00edmaciu ant\u00e9nu do prij\u00edma\u010da<br \/>\n2. Pripojte prij\u00edma\u010d k monitoru (TV, Video, PC) pomocou AV k\u00e1bla<br \/>\n3. Zapojte adapt\u00e9r DC 12V 500mA do nap\u00e1jacieho konektora prij\u00edma\u010da<br \/>\n4. Vlo\u017ete druh\u00fd DC 9V 500mA adapt\u00e9r alebo 9V bat\u00e9riu (nie je s\u00fa\u010das\u0165ou balenia) cez vodi\u010de<br \/>\ndo nap\u00e1jacieho konektora fotoapar\u00e1tu<br \/>\n5. Nastavte ovl\u00e1da\u010d frekvencie na prij\u00edma\u010di do po\u017eadovanej polohy<br \/>\n6. Nastavte objekt\u00edv fotoapar\u00e1tu do najlep\u0161ej polohy a potom fotoapar\u00e1t namontujte.<\/p>\n<p>prij\u00edma\u010d<br \/>\n1. Nap\u00e1janie: DC12V 1A<br \/>\n2. Spotreba pr\u00fadu: 200 mA<br \/>\n3. Typ demodul\u00e1cie: FM<br \/>\n4. Frekvencia: ISM 900 MHz-1200 MHz<br \/>\n5. IF: 480 MHz 6. Ant\u00e9na: 50 ohmov\u00fd konektor typu F<br \/>\n7. Citlivos\u0165 pr\u00edjmu: &lt;-75 dBm<\/p>\n<p><strong>Potrebn\u00e9 dok\u00fapi\u0165 !\u00a0 : Bezdr\u00f4tov\u00e1 1,2 GHz kamera<\/strong><br \/>\n1. Frekvencia: 1,2G<br \/>\n2. Rozl\u00ed\u0161enie TV k\u00e1bel<br \/>\n3. Line\u00e1rna prenosov\u00e1 vzdialenos\u0165: 20M (10 metrov cez prek\u00e1\u017eky) 4.<br \/>\nOdolnos\u0165 vo\u010di poveternostn\u00fdm vplyvom: \u00e1no<br \/>\n5. Minim\u00e1lne osvetlenie: 3 LUX<br \/>\n6. Infra\u010derven\u00e1 LED: 30<br \/>\n7. Dosah no\u010dn\u00e9ho videnia: 10 metrov (cel\u00e9 \u010dierne)<br \/>\n8. Objekt\u00edv fotoapar\u00e1tu: 6 mm<br \/>\n9.Rozmery: 5,7*5cm<br \/>\n10. Zariadenie na sn\u00edmanie obrazu: 1\/3, 1\/4&#8243; obrazov\u00fd sn\u00edma\u010d<br \/>\n11.TV syst\u00e9m: PAL\/CCIR: 50Hz NTSC\/EIA: 60Hz<br \/>\n12. Prenosov\u00fd sign\u00e1l: video<br \/>\n13. V\u00fdstupn\u00fd v\u00fdkon: 50mW<\/p>\n","protected":false},"excerpt":{"rendered":"<p>1,2G bezdr\u00f4tov\u00fd kamerov\u00fd r\u00e1diov\u00fd AV prij\u00edma\u010d s kompletnou s\u00fapravou nap\u00e1jacieho zdroja S\u00faprava k 1,2G bezdr\u00f4tovej kamere sa pou\u017e\u00edva na to,&hellip;<\/p>\n","protected":false},"featured_media":676,"template":"","meta":{"_monsterinsights_skip_tracking":false,"_monsterinsights_sitenote_active":false,"_monsterinsights_sitenote_note":"","_monsterinsights_sitenote_category":0},"product_cat":[35,27],"product_tag":[],"class_list":{"0":"post-675","1":"product","2":"type-product","3":"status-publish","4":"has-post-thumbnail","6":"product_cat-antena","7":"product_cat-kamera","9":"first","10":"instock","11":"sale","12":"shipping-taxable","13":"purchasable","14":"product-type-simple"},"yoast_head":"<!-- This site is optimized with the Yoast SEO plugin v23.6 - https:\/\/yoast.com\/wordpress\/plugins\/seo\/ -->\n<title>1.2G Wireless Camera Radio AV Receiver With Power Supply - Arduino e-shop<\/title>\n<meta name=\"robots\" content=\"index, follow, max-snippet:-1, max-image-preview:large, max-video-preview:-1\" \/>\n<link rel=\"canonical\" href=\"https:\/\/www.onetimenexttime.sk\/arduino\/index.php\/produkt\/1-2g-wireless-camera-radio-av-receiver-with-power-supply\/\" \/>\n<meta property=\"og:locale\" content=\"sk_SK\" \/>\n<meta property=\"og:type\" content=\"article\" \/>\n<meta property=\"og:title\" content=\"1.2G Wireless Camera Radio AV Receiver With Power Supply - Arduino e-shop\" \/>\n<meta property=\"og:description\" content=\"1,2G bezdr\u00f4tov\u00fd kamerov\u00fd r\u00e1diov\u00fd AV prij\u00edma\u010d s kompletnou s\u00fapravou nap\u00e1jacieho zdroja S\u00faprava k 1,2G bezdr\u00f4tovej kamere sa pou\u017e\u00edva na to,&hellip;\" \/>\n<meta property=\"og:url\" content=\"https:\/\/www.onetimenexttime.sk\/arduino\/index.php\/produkt\/1-2g-wireless-camera-radio-av-receiver-with-power-supply\/\" \/>\n<meta property=\"og:site_name\" content=\"Arduino e-shop\" \/>\n<meta property=\"article:modified_time\" content=\"2021-10-30T11:48:40+00:00\" \/>\n<meta property=\"og:image\" content=\"https:\/\/www.onetimenexttime.sk\/arduino\/wp-content\/uploads\/2021\/10\/179.jpg\" \/>\n\t<meta property=\"og:image:width\" content=\"514\" \/>\n\t<meta property=\"og:image:height\" content=\"512\" \/>\n\t<meta property=\"og:image:type\" content=\"image\/jpeg\" \/>\n<meta name=\"twitter:card\" content=\"summary_large_image\" \/>\n<meta name=\"twitter:label1\" content=\"Predpokladan\u00fd \u010das \u010d\u00edtania\" \/>\n\t<meta name=\"twitter:data1\" content=\"2 min\u00faty\" \/>\n<script type=\"application\/ld+json\" class=\"yoast-schema-graph\">{\"@context\":\"https:\/\/schema.org\",\"@graph\":[{\"@type\":\"WebPage\",\"@id\":\"https:\/\/www.onetimenexttime.sk\/arduino\/index.php\/produkt\/1-2g-wireless-camera-radio-av-receiver-with-power-supply\/\",\"url\":\"https:\/\/www.onetimenexttime.sk\/arduino\/index.php\/produkt\/1-2g-wireless-camera-radio-av-receiver-with-power-supply\/\",\"name\":\"1.2G Wireless Camera Radio AV Receiver With Power Supply - Arduino e-shop\",\"isPartOf\":{\"@id\":\"https:\/\/www.onetimenexttime.sk\/arduino\/#website\"},\"primaryImageOfPage\":{\"@id\":\"https:\/\/www.onetimenexttime.sk\/arduino\/index.php\/produkt\/1-2g-wireless-camera-radio-av-receiver-with-power-supply\/#primaryimage\"},\"image\":{\"@id\":\"https:\/\/www.onetimenexttime.sk\/arduino\/index.php\/produkt\/1-2g-wireless-camera-radio-av-receiver-with-power-supply\/#primaryimage\"},\"thumbnailUrl\":\"https:\/\/www.onetimenexttime.sk\/arduino\/wp-content\/uploads\/2021\/10\/179.jpg\",\"datePublished\":\"2021-10-30T11:38:33+00:00\",\"dateModified\":\"2021-10-30T11:48:40+00:00\",\"breadcrumb\":{\"@id\":\"https:\/\/www.onetimenexttime.sk\/arduino\/index.php\/produkt\/1-2g-wireless-camera-radio-av-receiver-with-power-supply\/#breadcrumb\"},\"inLanguage\":\"sk-SK\",\"potentialAction\":[{\"@type\":\"ReadAction\",\"target\":[\"https:\/\/www.onetimenexttime.sk\/arduino\/index.php\/produkt\/1-2g-wireless-camera-radio-av-receiver-with-power-supply\/\"]}]},{\"@type\":\"ImageObject\",\"inLanguage\":\"sk-SK\",\"@id\":\"https:\/\/www.onetimenexttime.sk\/arduino\/index.php\/produkt\/1-2g-wireless-camera-radio-av-receiver-with-power-supply\/#primaryimage\",\"url\":\"https:\/\/www.onetimenexttime.sk\/arduino\/wp-content\/uploads\/2021\/10\/179.jpg\",\"contentUrl\":\"https:\/\/www.onetimenexttime.sk\/arduino\/wp-content\/uploads\/2021\/10\/179.jpg\",\"width\":514,\"height\":512},{\"@type\":\"BreadcrumbList\",\"@id\":\"https:\/\/www.onetimenexttime.sk\/arduino\/index.php\/produkt\/1-2g-wireless-camera-radio-av-receiver-with-power-supply\/#breadcrumb\",\"itemListElement\":[{\"@type\":\"ListItem\",\"position\":1,\"name\":\"Domov\",\"item\":\"https:\/\/www.onetimenexttime.sk\/arduino\/\"},{\"@type\":\"ListItem\",\"position\":2,\"name\":\"Obchod\",\"item\":\"https:\/\/www.onetimenexttime.sk\/arduino\/\"},{\"@type\":\"ListItem\",\"position\":3,\"name\":\"1.2G Wireless Camera Radio AV Receiver With Power Supply\"}]},{\"@type\":\"WebSite\",\"@id\":\"https:\/\/www.onetimenexttime.sk\/arduino\/#website\",\"url\":\"https:\/\/www.onetimenexttime.sk\/arduino\/\",\"name\":\"Arduino e-shop\",\"description\":\"Home Assistant\",\"potentialAction\":[{\"@type\":\"SearchAction\",\"target\":{\"@type\":\"EntryPoint\",\"urlTemplate\":\"https:\/\/www.onetimenexttime.sk\/arduino\/?s={search_term_string}\"},\"query-input\":{\"@type\":\"PropertyValueSpecification\",\"valueRequired\":true,\"valueName\":\"search_term_string\"}}],\"inLanguage\":\"sk-SK\"}]}<\/script>\n<!-- \/ Yoast SEO plugin. -->","yoast_head_json":{"title":"1.2G Wireless Camera Radio AV Receiver With Power Supply - Arduino e-shop","robots":{"index":"index","follow":"follow","max-snippet":"max-snippet:-1","max-image-preview":"max-image-preview:large","max-video-preview":"max-video-preview:-1"},"canonical":"https:\/\/www.onetimenexttime.sk\/arduino\/index.php\/produkt\/1-2g-wireless-camera-radio-av-receiver-with-power-supply\/","og_locale":"sk_SK","og_type":"article","og_title":"1.2G Wireless Camera Radio AV Receiver With Power Supply - Arduino e-shop","og_description":"1,2G bezdr\u00f4tov\u00fd kamerov\u00fd r\u00e1diov\u00fd AV prij\u00edma\u010d s kompletnou s\u00fapravou nap\u00e1jacieho zdroja S\u00faprava k 1,2G bezdr\u00f4tovej kamere sa pou\u017e\u00edva na to,&hellip;","og_url":"https:\/\/www.onetimenexttime.sk\/arduino\/index.php\/produkt\/1-2g-wireless-camera-radio-av-receiver-with-power-supply\/","og_site_name":"Arduino e-shop","article_modified_time":"2021-10-30T11:48:40+00:00","og_image":[{"width":514,"height":512,"url":"https:\/\/www.onetimenexttime.sk\/arduino\/wp-content\/uploads\/2021\/10\/179.jpg","type":"image\/jpeg"}],"twitter_card":"summary_large_image","twitter_misc":{"Predpokladan\u00fd \u010das \u010d\u00edtania":"2 min\u00faty"},"schema":{"@context":"https:\/\/schema.org","@graph":[{"@type":"WebPage","@id":"https:\/\/www.onetimenexttime.sk\/arduino\/index.php\/produkt\/1-2g-wireless-camera-radio-av-receiver-with-power-supply\/","url":"https:\/\/www.onetimenexttime.sk\/arduino\/index.php\/produkt\/1-2g-wireless-camera-radio-av-receiver-with-power-supply\/","name":"1.2G Wireless Camera Radio AV Receiver With Power Supply - Arduino e-shop","isPartOf":{"@id":"https:\/\/www.onetimenexttime.sk\/arduino\/#website"},"primaryImageOfPage":{"@id":"https:\/\/www.onetimenexttime.sk\/arduino\/index.php\/produkt\/1-2g-wireless-camera-radio-av-receiver-with-power-supply\/#primaryimage"},"image":{"@id":"https:\/\/www.onetimenexttime.sk\/arduino\/index.php\/produkt\/1-2g-wireless-camera-radio-av-receiver-with-power-supply\/#primaryimage"},"thumbnailUrl":"https:\/\/www.onetimenexttime.sk\/arduino\/wp-content\/uploads\/2021\/10\/179.jpg","datePublished":"2021-10-30T11:38:33+00:00","dateModified":"2021-10-30T11:48:40+00:00","breadcrumb":{"@id":"https:\/\/www.onetimenexttime.sk\/arduino\/index.php\/produkt\/1-2g-wireless-camera-radio-av-receiver-with-power-supply\/#breadcrumb"},"inLanguage":"sk-SK","potentialAction":[{"@type":"ReadAction","target":["https:\/\/www.onetimenexttime.sk\/arduino\/index.php\/produkt\/1-2g-wireless-camera-radio-av-receiver-with-power-supply\/"]}]},{"@type":"ImageObject","inLanguage":"sk-SK","@id":"https:\/\/www.onetimenexttime.sk\/arduino\/index.php\/produkt\/1-2g-wireless-camera-radio-av-receiver-with-power-supply\/#primaryimage","url":"https:\/\/www.onetimenexttime.sk\/arduino\/wp-content\/uploads\/2021\/10\/179.jpg","contentUrl":"https:\/\/www.onetimenexttime.sk\/arduino\/wp-content\/uploads\/2021\/10\/179.jpg","width":514,"height":512},{"@type":"BreadcrumbList","@id":"https:\/\/www.onetimenexttime.sk\/arduino\/index.php\/produkt\/1-2g-wireless-camera-radio-av-receiver-with-power-supply\/#breadcrumb","itemListElement":[{"@type":"ListItem","position":1,"name":"Domov","item":"https:\/\/www.onetimenexttime.sk\/arduino\/"},{"@type":"ListItem","position":2,"name":"Obchod","item":"https:\/\/www.onetimenexttime.sk\/arduino\/"},{"@type":"ListItem","position":3,"name":"1.2G Wireless Camera Radio AV Receiver With Power Supply"}]},{"@type":"WebSite","@id":"https:\/\/www.onetimenexttime.sk\/arduino\/#website","url":"https:\/\/www.onetimenexttime.sk\/arduino\/","name":"Arduino e-shop","description":"Home Assistant","potentialAction":[{"@type":"SearchAction","target":{"@type":"EntryPoint","urlTemplate":"https:\/\/www.onetimenexttime.sk\/arduino\/?s={search_term_string}"},"query-input":{"@type":"PropertyValueSpecification","valueRequired":true,"valueName":"search_term_string"}}],"inLanguage":"sk-SK"}]}},"_links":{"self":[{"href":"https:\/\/www.onetimenexttime.sk\/arduino\/index.php\/wp-json\/wp\/v2\/product\/675"}],"collection":[{"href":"https:\/\/www.onetimenexttime.sk\/arduino\/index.php\/wp-json\/wp\/v2\/product"}],"about":[{"href":"https:\/\/www.onetimenexttime.sk\/arduino\/index.php\/wp-json\/wp\/v2\/types\/product"}],"wp:featuredmedia":[{"embeddable":true,"href":"https:\/\/www.onetimenexttime.sk\/arduino\/index.php\/wp-json\/wp\/v2\/media\/676"}],"wp:attachment":[{"href":"https:\/\/www.onetimenexttime.sk\/arduino\/index.php\/wp-json\/wp\/v2\/media?parent=675"}],"wp:term":[{"taxonomy":"product_cat","embeddable":true,"href":"https:\/\/www.onetimenexttime.sk\/arduino\/index.php\/wp-json\/wp\/v2\/product_cat?post=675"},{"taxonomy":"product_tag","embeddable":true,"href":"https:\/\/www.onetimenexttime.sk\/arduino\/index.php\/wp-json\/wp\/v2\/product_tag?post=675"}],"curies":[{"name":"wp","href":"https:\/\/api.w.org\/{rel}","templated":true}]}}