{"id":673,"date":"2021-10-30T13:26:56","date_gmt":"2021-10-30T11:26:56","guid":{"rendered":"https:\/\/www.onetimenexttime.sk\/arduino\/?post_type=product&#038;p=673"},"modified":"2021-10-30T13:32:07","modified_gmt":"2021-10-30T11:32:07","slug":"universal-delicate-carbon-fiber-car-aerial-screw-aluminum-car-short-antenna-radio-car-antenna-3-5-8-12cm-black-blue-red-siler","status":"publish","type":"product","link":"https:\/\/www.onetimenexttime.sk\/arduino\/index.php\/produkt\/universal-delicate-carbon-fiber-car-aerial-screw-aluminum-car-short-antenna-radio-car-antenna-3-5-8-12cm-black-blue-red-siler\/","title":{"rendered":"Universal Delicate Carbon Fiber Car Aerial Screw Aluminum Car Short Antenna Radio Car Antenna 3.5 8 12CM Black Blue Red Siler"},"content":{"rendered":"<h2>Autoant\u00e9na z uhl\u00edkov\u00fdch vl\u00e1kien hlin\u00edkov\u00e1 kr\u00e1tka ant\u00e9na do auta R\u00e1dio ant\u00e9na do auta 3,5 8 12CM \u010cierna<\/h2>\n<p>&nbsp;<\/p>\n<p>1.Upgrade \u00farovne auta<\/p>\n<p>2. Farba: \u010dierna,\u00a0 uhl\u00edkov\u00e9 vl\u00e1kno. Ve\u013ekos\u0165: 3 cm, 8 cm, 12 cm<br \/>\n3.Opotrebenie odoln\u00e9, proti kor\u00f3zii<\/p>\n<p>4. \u013dahk\u00e1 a vysok\u00e1 intenzita, s m\u00f3dou a hladk\u00e1<\/p>\n<p>5. Vylep\u0161ite vzh\u013ead svojho vozidla pomocou tohto skvele vyzeraj\u00faceho krytu v\u00fdfuku<\/p>\n<p>Jednoduch\u00e1 in\u0161tal\u00e1cia.<\/p>\n","protected":false},"excerpt":{"rendered":"<p>Autoant\u00e9na z uhl\u00edkov\u00fdch vl\u00e1kien hlin\u00edkov\u00e1 kr\u00e1tka ant\u00e9na do auta R\u00e1dio ant\u00e9na do auta 3,5 8 12CM \u010cierna &nbsp; 1.Upgrade \u00farovne&hellip;<\/p>\n","protected":false},"featured_media":674,"template":"","meta":{"_monsterinsights_skip_tracking":false,"_monsterinsights_sitenote_active":false,"_monsterinsights_sitenote_note":"","_monsterinsights_sitenote_category":0},"product_cat":[38,34],"product_tag":[],"class_list":{"0":"post-673","1":"product","2":"type-product","3":"status-publish","4":"has-post-thumbnail","6":"product_cat-auto","7":"product_cat-rf","9":"first","10":"instock","11":"shipping-taxable","12":"purchasable","13":"product-type-simple"},"yoast_head":"<!-- This site is optimized with the Yoast SEO plugin v23.6 - https:\/\/yoast.com\/wordpress\/plugins\/seo\/ -->\n<title>Universal Delicate Carbon Fiber Car Aerial Screw Aluminum Car Short Antenna Radio Car Antenna 3.5 8 12CM Black Blue Red Siler - Arduino e-shop<\/title>\n<meta name=\"robots\" content=\"index, follow, max-snippet:-1, max-image-preview:large, max-video-preview:-1\" \/>\n<link rel=\"canonical\" href=\"https:\/\/www.onetimenexttime.sk\/arduino\/index.php\/produkt\/universal-delicate-carbon-fiber-car-aerial-screw-aluminum-car-short-antenna-radio-car-antenna-3-5-8-12cm-black-blue-red-siler\/\" \/>\n<meta property=\"og:locale\" content=\"sk_SK\" \/>\n<meta property=\"og:type\" content=\"article\" \/>\n<meta property=\"og:title\" content=\"Universal Delicate Carbon Fiber Car Aerial Screw Aluminum Car Short Antenna Radio Car Antenna 3.5 8 12CM Black Blue Red Siler - Arduino e-shop\" \/>\n<meta property=\"og:description\" content=\"Autoant\u00e9na z uhl\u00edkov\u00fdch vl\u00e1kien hlin\u00edkov\u00e1 kr\u00e1tka ant\u00e9na do auta R\u00e1dio ant\u00e9na do auta 3,5 8 12CM \u010cierna &nbsp; 1.Upgrade \u00farovne&hellip;\" \/>\n<meta property=\"og:url\" content=\"https:\/\/www.onetimenexttime.sk\/arduino\/index.php\/produkt\/universal-delicate-carbon-fiber-car-aerial-screw-aluminum-car-short-antenna-radio-car-antenna-3-5-8-12cm-black-blue-red-siler\/\" \/>\n<meta property=\"og:site_name\" content=\"Arduino e-shop\" \/>\n<meta property=\"article:modified_time\" content=\"2021-10-30T11:32:07+00:00\" \/>\n<meta property=\"og:image\" content=\"https:\/\/www.onetimenexttime.sk\/arduino\/wp-content\/uploads\/2021\/10\/178.jpg\" \/>\n\t<meta property=\"og:image:width\" content=\"514\" \/>\n\t<meta property=\"og:image:height\" content=\"512\" \/>\n\t<meta property=\"og:image:type\" content=\"image\/jpeg\" \/>\n<meta name=\"twitter:card\" content=\"summary_large_image\" \/>\n<meta name=\"twitter:label1\" content=\"Predpokladan\u00fd \u010das \u010d\u00edtania\" \/>\n\t<meta name=\"twitter:data1\" content=\"1 min\u00fata\" \/>\n<script type=\"application\/ld+json\" class=\"yoast-schema-graph\">{\"@context\":\"https:\/\/schema.org\",\"@graph\":[{\"@type\":\"WebPage\",\"@id\":\"https:\/\/www.onetimenexttime.sk\/arduino\/index.php\/produkt\/universal-delicate-carbon-fiber-car-aerial-screw-aluminum-car-short-antenna-radio-car-antenna-3-5-8-12cm-black-blue-red-siler\/\",\"url\":\"https:\/\/www.onetimenexttime.sk\/arduino\/index.php\/produkt\/universal-delicate-carbon-fiber-car-aerial-screw-aluminum-car-short-antenna-radio-car-antenna-3-5-8-12cm-black-blue-red-siler\/\",\"name\":\"Universal Delicate Carbon Fiber Car Aerial Screw Aluminum Car Short Antenna Radio Car Antenna 3.5 8 12CM Black Blue Red Siler - Arduino e-shop\",\"isPartOf\":{\"@id\":\"https:\/\/www.onetimenexttime.sk\/arduino\/#website\"},\"primaryImageOfPage\":{\"@id\":\"https:\/\/www.onetimenexttime.sk\/arduino\/index.php\/produkt\/universal-delicate-carbon-fiber-car-aerial-screw-aluminum-car-short-antenna-radio-car-antenna-3-5-8-12cm-black-blue-red-siler\/#primaryimage\"},\"image\":{\"@id\":\"https:\/\/www.onetimenexttime.sk\/arduino\/index.php\/produkt\/universal-delicate-carbon-fiber-car-aerial-screw-aluminum-car-short-antenna-radio-car-antenna-3-5-8-12cm-black-blue-red-siler\/#primaryimage\"},\"thumbnailUrl\":\"https:\/\/www.onetimenexttime.sk\/arduino\/wp-content\/uploads\/2021\/10\/178.jpg\",\"datePublished\":\"2021-10-30T11:26:56+00:00\",\"dateModified\":\"2021-10-30T11:32:07+00:00\",\"breadcrumb\":{\"@id\":\"https:\/\/www.onetimenexttime.sk\/arduino\/index.php\/produkt\/universal-delicate-carbon-fiber-car-aerial-screw-aluminum-car-short-antenna-radio-car-antenna-3-5-8-12cm-black-blue-red-siler\/#breadcrumb\"},\"inLanguage\":\"sk-SK\",\"potentialAction\":[{\"@type\":\"ReadAction\",\"target\":[\"https:\/\/www.onetimenexttime.sk\/arduino\/index.php\/produkt\/universal-delicate-carbon-fiber-car-aerial-screw-aluminum-car-short-antenna-radio-car-antenna-3-5-8-12cm-black-blue-red-siler\/\"]}]},{\"@type\":\"ImageObject\",\"inLanguage\":\"sk-SK\",\"@id\":\"https:\/\/www.onetimenexttime.sk\/arduino\/index.php\/produkt\/universal-delicate-carbon-fiber-car-aerial-screw-aluminum-car-short-antenna-radio-car-antenna-3-5-8-12cm-black-blue-red-siler\/#primaryimage\",\"url\":\"https:\/\/www.onetimenexttime.sk\/arduino\/wp-content\/uploads\/2021\/10\/178.jpg\",\"contentUrl\":\"https:\/\/www.onetimenexttime.sk\/arduino\/wp-content\/uploads\/2021\/10\/178.jpg\",\"width\":514,\"height\":512},{\"@type\":\"BreadcrumbList\",\"@id\":\"https:\/\/www.onetimenexttime.sk\/arduino\/index.php\/produkt\/universal-delicate-carbon-fiber-car-aerial-screw-aluminum-car-short-antenna-radio-car-antenna-3-5-8-12cm-black-blue-red-siler\/#breadcrumb\",\"itemListElement\":[{\"@type\":\"ListItem\",\"position\":1,\"name\":\"Domov\",\"item\":\"https:\/\/www.onetimenexttime.sk\/arduino\/\"},{\"@type\":\"ListItem\",\"position\":2,\"name\":\"Obchod\",\"item\":\"https:\/\/www.onetimenexttime.sk\/arduino\/\"},{\"@type\":\"ListItem\",\"position\":3,\"name\":\"Universal Delicate Carbon Fiber Car Aerial Screw Aluminum Car Short Antenna Radio Car Antenna 3.5 8 12CM Black Blue Red Siler\"}]},{\"@type\":\"WebSite\",\"@id\":\"https:\/\/www.onetimenexttime.sk\/arduino\/#website\",\"url\":\"https:\/\/www.onetimenexttime.sk\/arduino\/\",\"name\":\"Arduino e-shop\",\"description\":\"Home Assistant\",\"potentialAction\":[{\"@type\":\"SearchAction\",\"target\":{\"@type\":\"EntryPoint\",\"urlTemplate\":\"https:\/\/www.onetimenexttime.sk\/arduino\/?s={search_term_string}\"},\"query-input\":{\"@type\":\"PropertyValueSpecification\",\"valueRequired\":true,\"valueName\":\"search_term_string\"}}],\"inLanguage\":\"sk-SK\"}]}<\/script>\n<!-- \/ Yoast SEO plugin. -->","yoast_head_json":{"title":"Universal Delicate Carbon Fiber Car Aerial Screw Aluminum Car Short Antenna Radio Car Antenna 3.5 8 12CM Black Blue Red Siler - Arduino e-shop","robots":{"index":"index","follow":"follow","max-snippet":"max-snippet:-1","max-image-preview":"max-image-preview:large","max-video-preview":"max-video-preview:-1"},"canonical":"https:\/\/www.onetimenexttime.sk\/arduino\/index.php\/produkt\/universal-delicate-carbon-fiber-car-aerial-screw-aluminum-car-short-antenna-radio-car-antenna-3-5-8-12cm-black-blue-red-siler\/","og_locale":"sk_SK","og_type":"article","og_title":"Universal Delicate Carbon Fiber Car Aerial Screw Aluminum Car Short Antenna Radio Car Antenna 3.5 8 12CM Black Blue Red Siler - Arduino e-shop","og_description":"Autoant\u00e9na z uhl\u00edkov\u00fdch vl\u00e1kien hlin\u00edkov\u00e1 kr\u00e1tka ant\u00e9na do auta R\u00e1dio ant\u00e9na do auta 3,5 8 12CM \u010cierna &nbsp; 1.Upgrade \u00farovne&hellip;","og_url":"https:\/\/www.onetimenexttime.sk\/arduino\/index.php\/produkt\/universal-delicate-carbon-fiber-car-aerial-screw-aluminum-car-short-antenna-radio-car-antenna-3-5-8-12cm-black-blue-red-siler\/","og_site_name":"Arduino e-shop","article_modified_time":"2021-10-30T11:32:07+00:00","og_image":[{"width":514,"height":512,"url":"https:\/\/www.onetimenexttime.sk\/arduino\/wp-content\/uploads\/2021\/10\/178.jpg","type":"image\/jpeg"}],"twitter_card":"summary_large_image","twitter_misc":{"Predpokladan\u00fd \u010das \u010d\u00edtania":"1 min\u00fata"},"schema":{"@context":"https:\/\/schema.org","@graph":[{"@type":"WebPage","@id":"https:\/\/www.onetimenexttime.sk\/arduino\/index.php\/produkt\/universal-delicate-carbon-fiber-car-aerial-screw-aluminum-car-short-antenna-radio-car-antenna-3-5-8-12cm-black-blue-red-siler\/","url":"https:\/\/www.onetimenexttime.sk\/arduino\/index.php\/produkt\/universal-delicate-carbon-fiber-car-aerial-screw-aluminum-car-short-antenna-radio-car-antenna-3-5-8-12cm-black-blue-red-siler\/","name":"Universal Delicate Carbon Fiber Car Aerial Screw Aluminum Car Short Antenna Radio Car Antenna 3.5 8 12CM Black Blue Red Siler - Arduino e-shop","isPartOf":{"@id":"https:\/\/www.onetimenexttime.sk\/arduino\/#website"},"primaryImageOfPage":{"@id":"https:\/\/www.onetimenexttime.sk\/arduino\/index.php\/produkt\/universal-delicate-carbon-fiber-car-aerial-screw-aluminum-car-short-antenna-radio-car-antenna-3-5-8-12cm-black-blue-red-siler\/#primaryimage"},"image":{"@id":"https:\/\/www.onetimenexttime.sk\/arduino\/index.php\/produkt\/universal-delicate-carbon-fiber-car-aerial-screw-aluminum-car-short-antenna-radio-car-antenna-3-5-8-12cm-black-blue-red-siler\/#primaryimage"},"thumbnailUrl":"https:\/\/www.onetimenexttime.sk\/arduino\/wp-content\/uploads\/2021\/10\/178.jpg","datePublished":"2021-10-30T11:26:56+00:00","dateModified":"2021-10-30T11:32:07+00:00","breadcrumb":{"@id":"https:\/\/www.onetimenexttime.sk\/arduino\/index.php\/produkt\/universal-delicate-carbon-fiber-car-aerial-screw-aluminum-car-short-antenna-radio-car-antenna-3-5-8-12cm-black-blue-red-siler\/#breadcrumb"},"inLanguage":"sk-SK","potentialAction":[{"@type":"ReadAction","target":["https:\/\/www.onetimenexttime.sk\/arduino\/index.php\/produkt\/universal-delicate-carbon-fiber-car-aerial-screw-aluminum-car-short-antenna-radio-car-antenna-3-5-8-12cm-black-blue-red-siler\/"]}]},{"@type":"ImageObject","inLanguage":"sk-SK","@id":"https:\/\/www.onetimenexttime.sk\/arduino\/index.php\/produkt\/universal-delicate-carbon-fiber-car-aerial-screw-aluminum-car-short-antenna-radio-car-antenna-3-5-8-12cm-black-blue-red-siler\/#primaryimage","url":"https:\/\/www.onetimenexttime.sk\/arduino\/wp-content\/uploads\/2021\/10\/178.jpg","contentUrl":"https:\/\/www.onetimenexttime.sk\/arduino\/wp-content\/uploads\/2021\/10\/178.jpg","width":514,"height":512},{"@type":"BreadcrumbList","@id":"https:\/\/www.onetimenexttime.sk\/arduino\/index.php\/produkt\/universal-delicate-carbon-fiber-car-aerial-screw-aluminum-car-short-antenna-radio-car-antenna-3-5-8-12cm-black-blue-red-siler\/#breadcrumb","itemListElement":[{"@type":"ListItem","position":1,"name":"Domov","item":"https:\/\/www.onetimenexttime.sk\/arduino\/"},{"@type":"ListItem","position":2,"name":"Obchod","item":"https:\/\/www.onetimenexttime.sk\/arduino\/"},{"@type":"ListItem","position":3,"name":"Universal Delicate Carbon Fiber Car Aerial Screw Aluminum Car Short Antenna Radio Car Antenna 3.5 8 12CM Black Blue Red Siler"}]},{"@type":"WebSite","@id":"https:\/\/www.onetimenexttime.sk\/arduino\/#website","url":"https:\/\/www.onetimenexttime.sk\/arduino\/","name":"Arduino e-shop","description":"Home Assistant","potentialAction":[{"@type":"SearchAction","target":{"@type":"EntryPoint","urlTemplate":"https:\/\/www.onetimenexttime.sk\/arduino\/?s={search_term_string}"},"query-input":{"@type":"PropertyValueSpecification","valueRequired":true,"valueName":"search_term_string"}}],"inLanguage":"sk-SK"}]}},"_links":{"self":[{"href":"https:\/\/www.onetimenexttime.sk\/arduino\/index.php\/wp-json\/wp\/v2\/product\/673"}],"collection":[{"href":"https:\/\/www.onetimenexttime.sk\/arduino\/index.php\/wp-json\/wp\/v2\/product"}],"about":[{"href":"https:\/\/www.onetimenexttime.sk\/arduino\/index.php\/wp-json\/wp\/v2\/types\/product"}],"wp:featuredmedia":[{"embeddable":true,"href":"https:\/\/www.onetimenexttime.sk\/arduino\/index.php\/wp-json\/wp\/v2\/media\/674"}],"wp:attachment":[{"href":"https:\/\/www.onetimenexttime.sk\/arduino\/index.php\/wp-json\/wp\/v2\/media?parent=673"}],"wp:term":[{"taxonomy":"product_cat","embeddable":true,"href":"https:\/\/www.onetimenexttime.sk\/arduino\/index.php\/wp-json\/wp\/v2\/product_cat?post=673"},{"taxonomy":"product_tag","embeddable":true,"href":"https:\/\/www.onetimenexttime.sk\/arduino\/index.php\/wp-json\/wp\/v2\/product_tag?post=673"}],"curies":[{"name":"wp","href":"https:\/\/api.w.org\/{rel}","templated":true}]}}