{"id":670,"date":"2021-10-30T13:06:49","date_gmt":"2021-10-30T11:06:49","guid":{"rendered":"https:\/\/www.onetimenexttime.sk\/arduino\/?post_type=product&#038;p=670"},"modified":"2021-10-30T13:24:43","modified_gmt":"2021-10-30T11:24:43","slug":"gsm-900mhz-mobile-phone-signal-booster-2g-signal-repeater-cell-phone-amplifier-with-sucker-whip-antenna-lcd-display","status":"publish","type":"product","link":"https:\/\/www.onetimenexttime.sk\/arduino\/index.php\/produkt\/gsm-900mhz-mobile-phone-signal-booster-2g-signal-repeater-cell-phone-amplifier-with-sucker-whip-antenna-lcd-display\/","title":{"rendered":"GSM 900Mhz Mobile Phone Signal Booster 2G Signal Repeater Cell Phone Amplifier with Sucker \/ Whip Antenna \/ LCD Display"},"content":{"rendered":"<h2>Zosil\u0148ova\u010d sign\u00e1lu mobiln\u00e9ho telef\u00f3nu GSM 900 MHz Opakova\u010d sign\u00e1lu 2G Zosil\u0148ova\u010d mobiln\u00e9ho telef\u00f3nu s pr\u00edsavkou \/ bi\u010dovou ant\u00e9nou \/ LCD displejom<\/h2>\n<p>&nbsp;<\/p>\n<p>LCD displej mini 2G GSM 900 MHz zosil\u0148ova\u010d sign\u00e1lu mobiln\u00e9ho telef\u00f3nu<\/p>\n<p>+ bi\u010dov\u00e1 ant\u00e9na (vn\u00fatorn\u00e1)<br \/>\n+ Pr\u00edsavn\u00e1 ant\u00e9na s 10m k\u00e1blom (extern\u00fd)<\/p>\n<p>Predajn\u00e9 miesto<\/p>\n<p>\u25cf Frekven\u010dn\u00e9 p\u00e1smo:<br \/>\n2G GSM 900 MHz [p\u00e1smo 8]<br \/>\n(Uplink: 890-915MHz, Downlink: 935-960MHz)<\/p>\n<p>\u25cf Zlep\u0161enie: 2G Voice<br \/>\n\u3010LEP\u0160\u00cd HLAS\u3011 Z\u00edskajte menej preru\u0161en\u00fdch hovorov, lep\u0161iu kvalitu hlasu, m\u00f4\u017eete sa podeli\u0165 o svoj \u010das prostredn\u00edctvom dobr\u00e9ho hlasov\u00e9ho hovoru a nemus\u00edte sa ob\u00e1va\u0165, \u017ee hovor n\u00e1hle preru\u0161\u00ed.<br \/>\n\u25cf Zisk: 60dB.<br \/>\n\u25cf Maxim\u00e1lny v\u00fdstupn\u00fd v\u00fdkon: 17 dBm.<br \/>\n\u25cf Oblas\u0165 pokrytia: Podpora Maxim\u00e1lna oblas\u0165 pokrytia je 200 m2. (bez akejko\u013evek bari\u00e9ry)<br \/>\nJedna ant\u00e9na pokryje pribli\u017ene 50-100 m2.<br \/>\n\u25cf Funkcia: LCD displej,<br \/>\n\u25cf Rozmer: 130 x 100 x 20 mm<br \/>\n\u25cf Vhodn\u00e9 pre: Rusko, \u0160panielsko, Franc\u00fazsko, Ukrajina, Izrael, Turecko, Braz\u00edlia, Eur\u00f3pa, \u00c1zia at\u010f.<\/p>\n<p>Na prenos a pr\u00edjem sign\u00e1lov zo v\u0161etk\u00fdch smerov,<br \/>\nFlexibiln\u00fd priamy \/ uhlov\u00fd konektor pre najlep\u0161iu polohu pr\u00edjmu sign\u00e1lu.<br \/>\nR\u00fdchla a jednoduch\u00e1 in\u0161tal\u00e1cia<br \/>\nzisk: 3dBi,<br \/>\nFrekven\u010dn\u00fd rozsah: 890 MHz a\u017e 960 MHz<br \/>\nImpedancia: 50 ohmov<br \/>\nD\u013a\u017eka: cca 17,5 cm<br \/>\nKonektor: N samec<\/p>\n<p><strong>Pr\u00edsavn\u00e1 ant\u00e9na<\/strong><br \/>\nFrekvencia: 824-2100MHz ;<br \/>\nzisk: 8dBi;<br \/>\nOdl\u00fa\u010denie: \u2264 1,5;<br \/>\nImpedancia: 50 \u03a9;<br \/>\nTeplota okolia:-10 a\u017e +60;<br \/>\nV\u00fd\u0161ka ant\u00e9ny: cca 28 cm;<br \/>\nK\u00e1bel: 50-3, 10m<\/p>\n<p>&nbsp;<\/p>\n<p><strong>In\u0161tala\u010dn\u00e9 pr\u00edstupy<\/strong><\/p>\n<p>1) Upevnite vonkaj\u0161iu ant\u00e9nu na strechu domu alebo mimo okna a nasmerujte ju na sign\u00e1lnu ve\u017eu.<br \/>\n2) Pripojte vonkaj\u0161iu ant\u00e9nu k portu &#8220;BTS&#8221; v zosil\u0148ova\u010di pomocou k\u00e1bla.<br \/>\n3) Zapojte nap\u00e1jac\u00ed adapt\u00e9r do z\u00e1suvky striedav\u00e9ho pr\u00fadu.<br \/>\n4) Nastavte smer vonkaj\u0161ej ant\u00e9ny, k\u00fdm zosil\u0148ova\u010d sign\u00e1lu nebude ma\u0165 dobr\u00fd sign\u00e1l,<br \/>\nje to ve\u013emi d\u00f4le\u017eit\u00e9.<br \/>\n5) Pripojte vn\u00fatorn\u00fa ant\u00e9nu (y) k portu \u201eMOBILE\u201c v zosil\u0148ova\u010di pomocou k\u00e1bla.<br \/>\n6) Uistite sa, \u017ee vonkaj\u0161ia a vn\u00fatorn\u00e1 ant\u00e9na maj\u00fa vzdialenos\u0165 najmenej 10 metrov,<br \/>\nso stenou medzi a nie v rovnakej horizont\u00e1lnej l\u00ednii.<\/p>\n<p>Ako si vybra\u0165 zosil\u0148ova\u010d sign\u00e1lu?<\/p>\n<p>1. Frekvencia zosil\u0148ova\u010da mus\u00ed zodpoveda\u0165 v\u00e1\u0161mu mobiln\u00e9mu telef\u00f3nu.<br \/>\n2. Sila sign\u00e1lu mobiln\u00e9ho telef\u00f3nu pri vonkaj\u0161ej potrebe dosiahnu\u0165 -85 dBm. (sign\u00e1l aspo\u0148 3 \u010diarky)<\/p>\n<p>Ako skontrolova\u0165 frekven\u010dn\u00e9 p\u00e1smo mobiln\u00e9ho telef\u00f3nu a silu vonkaj\u0161ieho sign\u00e1lu?<\/p>\n<p>1. Mobiln\u00fd telef\u00f3n Android.<\/p>\n<p>A. Stiahnite si aplik\u00e1ciu s n\u00e1zvom \u201e<strong>Network Cell Info Lite<\/strong>\u201c.<br \/>\nB. Krok: Nastavenia\u2192 Syst\u00e9m\u2192 O telef\u00f3ne\u2192 Stav\u2192 Sie\u0165\u2192 Stav SIM karty.<\/p>\n<p>&nbsp;<\/p>\n<p><strong>Frekven\u010dn\u00e9 p\u00e1sma<\/strong><\/p>\n<table style=\"height: 198px;\" border=\"1\" width=\"899\" cellspacing=\"0\" cellpadding=\"0\">\n<tbody>\n<tr>\n<td>\n<p align=\"center\">Band<\/p>\n<\/td>\n<td>\n<p align=\"center\">Duplex mode<\/p>\n<\/td>\n<td>\n<p align=\"center\">f\u00a0\u00a0(MHz)<\/p>\n<\/td>\n<td>\n<p align=\"center\">Common name<\/p>\n<\/td>\n<\/tr>\n<tr>\n<td>\n<p align=\"center\">1<\/p>\n<\/td>\n<td>\n<p align=\"center\">FDD<\/p>\n<\/td>\n<td>\n<p align=\"center\">2100<\/p>\n<\/td>\n<td>\n<p align=\"center\">IMT<\/p>\n<\/td>\n<\/tr>\n<tr>\n<td>\n<p align=\"center\">2<\/p>\n<\/td>\n<td>\n<p align=\"center\">FDD<\/p>\n<\/td>\n<td>\n<p align=\"center\">1900<\/p>\n<\/td>\n<td>\n<p align=\"center\">PCS<\/p>\n<\/td>\n<\/tr>\n<tr>\n<td>\n<p align=\"center\">3<\/p>\n<\/td>\n<td>\n<p align=\"center\">FDD<\/p>\n<\/td>\n<td>\n<p align=\"center\">1800<\/p>\n<\/td>\n<td>\n<p align=\"center\">DCS<\/p>\n<\/td>\n<\/tr>\n<tr>\n<td>\n<p align=\"center\">4<\/p>\n<\/td>\n<td>\n<p align=\"center\">FDD<\/p>\n<\/td>\n<td>\n<p align=\"center\">1700<\/p>\n<\/td>\n<td>\n<p align=\"center\">AWS<\/p>\n<\/td>\n<\/tr>\n<tr>\n<td>\n<p align=\"center\">5<\/p>\n<\/td>\n<td>\n<p align=\"center\">FDD<\/p>\n<\/td>\n<td>\n<p align=\"center\">850<\/p>\n<\/td>\n<td>\n<p align=\"center\">Cellular<\/p>\n<\/td>\n<\/tr>\n<tr>\n<td>\n<p align=\"center\">7<\/p>\n<\/td>\n<td>\n<p align=\"center\">FDD<\/p>\n<\/td>\n<td>\n<p align=\"center\">2600<\/p>\n<\/td>\n<td>\n<p align=\"center\">IMT-E<\/p>\n<\/td>\n<\/tr>\n<tr>\n<td>\n<p align=\"center\">8<\/p>\n<\/td>\n<td>\n<p align=\"center\">FDD<\/p>\n<\/td>\n<td>\n<p align=\"center\">900<\/p>\n<\/td>\n<td>\n<p align=\"center\">GSM<\/p>\n<\/td>\n<\/tr>\n<\/tbody>\n<\/table>\n","protected":false},"excerpt":{"rendered":"<p>Zosil\u0148ova\u010d sign\u00e1lu mobiln\u00e9ho telef\u00f3nu GSM 900 MHz Opakova\u010d sign\u00e1lu 2G Zosil\u0148ova\u010d mobiln\u00e9ho telef\u00f3nu s pr\u00edsavkou \/ bi\u010dovou ant\u00e9nou \/ LCD&hellip;<\/p>\n","protected":false},"featured_media":672,"template":"","meta":{"_monsterinsights_skip_tracking":false,"_monsterinsights_sitenote_active":false,"_monsterinsights_sitenote_note":"","_monsterinsights_sitenote_category":0},"product_cat":[35,16,39],"product_tag":[],"class_list":{"0":"post-670","1":"product","2":"type-product","3":"status-publish","4":"has-post-thumbnail","6":"product_cat-antena","7":"product_cat-ard","8":"product_cat-mobil-gsm","10":"first","11":"instock","12":"sale","13":"shipping-taxable","14":"purchasable","15":"product-type-simple"},"yoast_head":"<!-- This site is optimized with the Yoast SEO plugin v23.6 - https:\/\/yoast.com\/wordpress\/plugins\/seo\/ -->\n<title>GSM 900Mhz Mobile Phone Signal Booster 2G Signal Repeater Cell Phone Amplifier with Sucker \/ Whip Antenna \/ LCD Display - Arduino e-shop<\/title>\n<meta name=\"robots\" content=\"index, follow, max-snippet:-1, max-image-preview:large, max-video-preview:-1\" \/>\n<link rel=\"canonical\" href=\"https:\/\/www.onetimenexttime.sk\/arduino\/index.php\/produkt\/gsm-900mhz-mobile-phone-signal-booster-2g-signal-repeater-cell-phone-amplifier-with-sucker-whip-antenna-lcd-display\/\" \/>\n<meta property=\"og:locale\" content=\"sk_SK\" \/>\n<meta property=\"og:type\" content=\"article\" \/>\n<meta property=\"og:title\" content=\"GSM 900Mhz Mobile Phone Signal Booster 2G Signal Repeater Cell Phone Amplifier with Sucker \/ Whip Antenna \/ LCD Display - Arduino e-shop\" \/>\n<meta property=\"og:description\" content=\"Zosil\u0148ova\u010d sign\u00e1lu mobiln\u00e9ho telef\u00f3nu GSM 900 MHz Opakova\u010d sign\u00e1lu 2G Zosil\u0148ova\u010d mobiln\u00e9ho telef\u00f3nu s pr\u00edsavkou \/ bi\u010dovou ant\u00e9nou \/ LCD&hellip;\" \/>\n<meta property=\"og:url\" content=\"https:\/\/www.onetimenexttime.sk\/arduino\/index.php\/produkt\/gsm-900mhz-mobile-phone-signal-booster-2g-signal-repeater-cell-phone-amplifier-with-sucker-whip-antenna-lcd-display\/\" \/>\n<meta property=\"og:site_name\" content=\"Arduino e-shop\" \/>\n<meta property=\"article:modified_time\" content=\"2021-10-30T11:24:43+00:00\" \/>\n<meta property=\"og:image\" content=\"https:\/\/www.onetimenexttime.sk\/arduino\/wp-content\/uploads\/2021\/10\/1055.jpg\" \/>\n\t<meta property=\"og:image:width\" content=\"573\" \/>\n\t<meta property=\"og:image:height\" content=\"570\" \/>\n\t<meta property=\"og:image:type\" content=\"image\/jpeg\" \/>\n<meta name=\"twitter:card\" content=\"summary_large_image\" \/>\n<meta name=\"twitter:label1\" content=\"Predpokladan\u00fd \u010das \u010d\u00edtania\" \/>\n\t<meta name=\"twitter:data1\" content=\"2 min\u00faty\" \/>\n<script type=\"application\/ld+json\" class=\"yoast-schema-graph\">{\"@context\":\"https:\/\/schema.org\",\"@graph\":[{\"@type\":\"WebPage\",\"@id\":\"https:\/\/www.onetimenexttime.sk\/arduino\/index.php\/produkt\/gsm-900mhz-mobile-phone-signal-booster-2g-signal-repeater-cell-phone-amplifier-with-sucker-whip-antenna-lcd-display\/\",\"url\":\"https:\/\/www.onetimenexttime.sk\/arduino\/index.php\/produkt\/gsm-900mhz-mobile-phone-signal-booster-2g-signal-repeater-cell-phone-amplifier-with-sucker-whip-antenna-lcd-display\/\",\"name\":\"GSM 900Mhz Mobile Phone Signal Booster 2G Signal Repeater Cell Phone Amplifier with Sucker \/ Whip Antenna \/ LCD Display - Arduino e-shop\",\"isPartOf\":{\"@id\":\"https:\/\/www.onetimenexttime.sk\/arduino\/#website\"},\"primaryImageOfPage\":{\"@id\":\"https:\/\/www.onetimenexttime.sk\/arduino\/index.php\/produkt\/gsm-900mhz-mobile-phone-signal-booster-2g-signal-repeater-cell-phone-amplifier-with-sucker-whip-antenna-lcd-display\/#primaryimage\"},\"image\":{\"@id\":\"https:\/\/www.onetimenexttime.sk\/arduino\/index.php\/produkt\/gsm-900mhz-mobile-phone-signal-booster-2g-signal-repeater-cell-phone-amplifier-with-sucker-whip-antenna-lcd-display\/#primaryimage\"},\"thumbnailUrl\":\"https:\/\/www.onetimenexttime.sk\/arduino\/wp-content\/uploads\/2021\/10\/1055.jpg\",\"datePublished\":\"2021-10-30T11:06:49+00:00\",\"dateModified\":\"2021-10-30T11:24:43+00:00\",\"breadcrumb\":{\"@id\":\"https:\/\/www.onetimenexttime.sk\/arduino\/index.php\/produkt\/gsm-900mhz-mobile-phone-signal-booster-2g-signal-repeater-cell-phone-amplifier-with-sucker-whip-antenna-lcd-display\/#breadcrumb\"},\"inLanguage\":\"sk-SK\",\"potentialAction\":[{\"@type\":\"ReadAction\",\"target\":[\"https:\/\/www.onetimenexttime.sk\/arduino\/index.php\/produkt\/gsm-900mhz-mobile-phone-signal-booster-2g-signal-repeater-cell-phone-amplifier-with-sucker-whip-antenna-lcd-display\/\"]}]},{\"@type\":\"ImageObject\",\"inLanguage\":\"sk-SK\",\"@id\":\"https:\/\/www.onetimenexttime.sk\/arduino\/index.php\/produkt\/gsm-900mhz-mobile-phone-signal-booster-2g-signal-repeater-cell-phone-amplifier-with-sucker-whip-antenna-lcd-display\/#primaryimage\",\"url\":\"https:\/\/www.onetimenexttime.sk\/arduino\/wp-content\/uploads\/2021\/10\/1055.jpg\",\"contentUrl\":\"https:\/\/www.onetimenexttime.sk\/arduino\/wp-content\/uploads\/2021\/10\/1055.jpg\",\"width\":573,\"height\":570},{\"@type\":\"BreadcrumbList\",\"@id\":\"https:\/\/www.onetimenexttime.sk\/arduino\/index.php\/produkt\/gsm-900mhz-mobile-phone-signal-booster-2g-signal-repeater-cell-phone-amplifier-with-sucker-whip-antenna-lcd-display\/#breadcrumb\",\"itemListElement\":[{\"@type\":\"ListItem\",\"position\":1,\"name\":\"Domov\",\"item\":\"https:\/\/www.onetimenexttime.sk\/arduino\/\"},{\"@type\":\"ListItem\",\"position\":2,\"name\":\"Obchod\",\"item\":\"https:\/\/www.onetimenexttime.sk\/arduino\/\"},{\"@type\":\"ListItem\",\"position\":3,\"name\":\"GSM 900Mhz Mobile Phone Signal Booster 2G Signal Repeater Cell Phone Amplifier with Sucker \/ Whip Antenna \/ LCD Display\"}]},{\"@type\":\"WebSite\",\"@id\":\"https:\/\/www.onetimenexttime.sk\/arduino\/#website\",\"url\":\"https:\/\/www.onetimenexttime.sk\/arduino\/\",\"name\":\"Arduino e-shop\",\"description\":\"Home Assistant\",\"potentialAction\":[{\"@type\":\"SearchAction\",\"target\":{\"@type\":\"EntryPoint\",\"urlTemplate\":\"https:\/\/www.onetimenexttime.sk\/arduino\/?s={search_term_string}\"},\"query-input\":{\"@type\":\"PropertyValueSpecification\",\"valueRequired\":true,\"valueName\":\"search_term_string\"}}],\"inLanguage\":\"sk-SK\"}]}<\/script>\n<!-- \/ Yoast SEO plugin. -->","yoast_head_json":{"title":"GSM 900Mhz Mobile Phone Signal Booster 2G Signal Repeater Cell Phone Amplifier with Sucker \/ Whip Antenna \/ LCD Display - Arduino e-shop","robots":{"index":"index","follow":"follow","max-snippet":"max-snippet:-1","max-image-preview":"max-image-preview:large","max-video-preview":"max-video-preview:-1"},"canonical":"https:\/\/www.onetimenexttime.sk\/arduino\/index.php\/produkt\/gsm-900mhz-mobile-phone-signal-booster-2g-signal-repeater-cell-phone-amplifier-with-sucker-whip-antenna-lcd-display\/","og_locale":"sk_SK","og_type":"article","og_title":"GSM 900Mhz Mobile Phone Signal Booster 2G Signal Repeater Cell Phone Amplifier with Sucker \/ Whip Antenna \/ LCD Display - Arduino e-shop","og_description":"Zosil\u0148ova\u010d sign\u00e1lu mobiln\u00e9ho telef\u00f3nu GSM 900 MHz Opakova\u010d sign\u00e1lu 2G Zosil\u0148ova\u010d mobiln\u00e9ho telef\u00f3nu s pr\u00edsavkou \/ bi\u010dovou ant\u00e9nou \/ LCD&hellip;","og_url":"https:\/\/www.onetimenexttime.sk\/arduino\/index.php\/produkt\/gsm-900mhz-mobile-phone-signal-booster-2g-signal-repeater-cell-phone-amplifier-with-sucker-whip-antenna-lcd-display\/","og_site_name":"Arduino e-shop","article_modified_time":"2021-10-30T11:24:43+00:00","og_image":[{"width":573,"height":570,"url":"https:\/\/www.onetimenexttime.sk\/arduino\/wp-content\/uploads\/2021\/10\/1055.jpg","type":"image\/jpeg"}],"twitter_card":"summary_large_image","twitter_misc":{"Predpokladan\u00fd \u010das \u010d\u00edtania":"2 min\u00faty"},"schema":{"@context":"https:\/\/schema.org","@graph":[{"@type":"WebPage","@id":"https:\/\/www.onetimenexttime.sk\/arduino\/index.php\/produkt\/gsm-900mhz-mobile-phone-signal-booster-2g-signal-repeater-cell-phone-amplifier-with-sucker-whip-antenna-lcd-display\/","url":"https:\/\/www.onetimenexttime.sk\/arduino\/index.php\/produkt\/gsm-900mhz-mobile-phone-signal-booster-2g-signal-repeater-cell-phone-amplifier-with-sucker-whip-antenna-lcd-display\/","name":"GSM 900Mhz Mobile Phone Signal Booster 2G Signal Repeater Cell Phone Amplifier with Sucker \/ Whip Antenna \/ LCD Display - Arduino e-shop","isPartOf":{"@id":"https:\/\/www.onetimenexttime.sk\/arduino\/#website"},"primaryImageOfPage":{"@id":"https:\/\/www.onetimenexttime.sk\/arduino\/index.php\/produkt\/gsm-900mhz-mobile-phone-signal-booster-2g-signal-repeater-cell-phone-amplifier-with-sucker-whip-antenna-lcd-display\/#primaryimage"},"image":{"@id":"https:\/\/www.onetimenexttime.sk\/arduino\/index.php\/produkt\/gsm-900mhz-mobile-phone-signal-booster-2g-signal-repeater-cell-phone-amplifier-with-sucker-whip-antenna-lcd-display\/#primaryimage"},"thumbnailUrl":"https:\/\/www.onetimenexttime.sk\/arduino\/wp-content\/uploads\/2021\/10\/1055.jpg","datePublished":"2021-10-30T11:06:49+00:00","dateModified":"2021-10-30T11:24:43+00:00","breadcrumb":{"@id":"https:\/\/www.onetimenexttime.sk\/arduino\/index.php\/produkt\/gsm-900mhz-mobile-phone-signal-booster-2g-signal-repeater-cell-phone-amplifier-with-sucker-whip-antenna-lcd-display\/#breadcrumb"},"inLanguage":"sk-SK","potentialAction":[{"@type":"ReadAction","target":["https:\/\/www.onetimenexttime.sk\/arduino\/index.php\/produkt\/gsm-900mhz-mobile-phone-signal-booster-2g-signal-repeater-cell-phone-amplifier-with-sucker-whip-antenna-lcd-display\/"]}]},{"@type":"ImageObject","inLanguage":"sk-SK","@id":"https:\/\/www.onetimenexttime.sk\/arduino\/index.php\/produkt\/gsm-900mhz-mobile-phone-signal-booster-2g-signal-repeater-cell-phone-amplifier-with-sucker-whip-antenna-lcd-display\/#primaryimage","url":"https:\/\/www.onetimenexttime.sk\/arduino\/wp-content\/uploads\/2021\/10\/1055.jpg","contentUrl":"https:\/\/www.onetimenexttime.sk\/arduino\/wp-content\/uploads\/2021\/10\/1055.jpg","width":573,"height":570},{"@type":"BreadcrumbList","@id":"https:\/\/www.onetimenexttime.sk\/arduino\/index.php\/produkt\/gsm-900mhz-mobile-phone-signal-booster-2g-signal-repeater-cell-phone-amplifier-with-sucker-whip-antenna-lcd-display\/#breadcrumb","itemListElement":[{"@type":"ListItem","position":1,"name":"Domov","item":"https:\/\/www.onetimenexttime.sk\/arduino\/"},{"@type":"ListItem","position":2,"name":"Obchod","item":"https:\/\/www.onetimenexttime.sk\/arduino\/"},{"@type":"ListItem","position":3,"name":"GSM 900Mhz Mobile Phone Signal Booster 2G Signal Repeater Cell Phone Amplifier with Sucker \/ Whip Antenna \/ LCD Display"}]},{"@type":"WebSite","@id":"https:\/\/www.onetimenexttime.sk\/arduino\/#website","url":"https:\/\/www.onetimenexttime.sk\/arduino\/","name":"Arduino e-shop","description":"Home Assistant","potentialAction":[{"@type":"SearchAction","target":{"@type":"EntryPoint","urlTemplate":"https:\/\/www.onetimenexttime.sk\/arduino\/?s={search_term_string}"},"query-input":{"@type":"PropertyValueSpecification","valueRequired":true,"valueName":"search_term_string"}}],"inLanguage":"sk-SK"}]}},"_links":{"self":[{"href":"https:\/\/www.onetimenexttime.sk\/arduino\/index.php\/wp-json\/wp\/v2\/product\/670"}],"collection":[{"href":"https:\/\/www.onetimenexttime.sk\/arduino\/index.php\/wp-json\/wp\/v2\/product"}],"about":[{"href":"https:\/\/www.onetimenexttime.sk\/arduino\/index.php\/wp-json\/wp\/v2\/types\/product"}],"wp:featuredmedia":[{"embeddable":true,"href":"https:\/\/www.onetimenexttime.sk\/arduino\/index.php\/wp-json\/wp\/v2\/media\/672"}],"wp:attachment":[{"href":"https:\/\/www.onetimenexttime.sk\/arduino\/index.php\/wp-json\/wp\/v2\/media?parent=670"}],"wp:term":[{"taxonomy":"product_cat","embeddable":true,"href":"https:\/\/www.onetimenexttime.sk\/arduino\/index.php\/wp-json\/wp\/v2\/product_cat?post=670"},{"taxonomy":"product_tag","embeddable":true,"href":"https:\/\/www.onetimenexttime.sk\/arduino\/index.php\/wp-json\/wp\/v2\/product_tag?post=670"}],"curies":[{"name":"wp","href":"https:\/\/api.w.org\/{rel}","templated":true}]}}