{"id":668,"date":"2021-10-30T13:01:01","date_gmt":"2021-10-30T11:01:01","guid":{"rendered":"https:\/\/www.onetimenexttime.sk\/arduino\/?post_type=product&#038;p=668"},"modified":"2021-10-30T13:04:53","modified_gmt":"2021-10-30T11:04:53","slug":"car-fm-frequency-antenna-frequency-antenna-radio-fm-band-expander-for-japanese-autos-fm-frequency-antenna","status":"publish","type":"product","link":"https:\/\/www.onetimenexttime.sk\/arduino\/index.php\/produkt\/car-fm-frequency-antenna-frequency-antenna-radio-fm-band-expander-for-japanese-autos-fm-frequency-antenna\/","title":{"rendered":"Car FM Frequency Antenna Frequency Antenna Radio FM Band Expander For Japanese Autos FM Frequency Antenna"},"content":{"rendered":"<h2>Automobilov\u00e1 FM frekven\u010dn\u00e1 ant\u00e9na Frekven\u010dn\u00e1 ant\u00e9na R\u00e1dio Roz\u0161irova\u010d p\u00e1sma FM pre japonsk\u00e9 aut\u00e1 FM frekven\u010dn\u00e1 ant\u00e9na<\/h2>\n<p>&nbsp;<\/p>\n<p>Ve\u013ekos\u0165 (\u0160 x V): 2,5 x 1,9 cm \/ 0,98 &#8221; x 0,75 &#8221;<br \/>\nCelkov\u00e1 d\u013a\u017eka: 30,5 cm\/12&#8221;<br \/>\nHmotnos\u0165 balenia: 43g<br \/>\nVybavenie: Pre Sony, For Clarion, For Kenwood, For Alpine, For Panasonic<br \/>\nPre v\u00e4\u010d\u0161inu japonsk\u00fdch autor\u00e1di\u00ed<\/p>\n<p><strong>Balenie obsahuje:<\/strong><\/p>\n<p>1 x Car FM Band Expander<br \/>\n1 x N\u00e1vod na pou\u017eitie<\/p>\n<p>&nbsp;<\/p>\n","protected":false},"excerpt":{"rendered":"<p>Automobilov\u00e1 FM frekven\u010dn\u00e1 ant\u00e9na Frekven\u010dn\u00e1 ant\u00e9na R\u00e1dio Roz\u0161irova\u010d p\u00e1sma FM pre japonsk\u00e9 aut\u00e1 FM frekven\u010dn\u00e1 ant\u00e9na &nbsp; Ve\u013ekos\u0165 (\u0160 x&hellip;<\/p>\n","protected":false},"featured_media":669,"template":"","meta":{"_monsterinsights_skip_tracking":false,"_monsterinsights_sitenote_active":false,"_monsterinsights_sitenote_note":"","_monsterinsights_sitenote_category":0},"product_cat":[15,35,16,38,34,29],"product_tag":[],"class_list":{"0":"post-668","1":"product","2":"type-product","3":"status-publish","4":"has-post-thumbnail","6":"product_cat-nd","7":"product_cat-antena","8":"product_cat-ard","9":"product_cat-auto","10":"product_cat-rf","11":"product_cat-wireless-transmission","13":"first","14":"instock","15":"shipping-taxable","16":"purchasable","17":"product-type-simple"},"yoast_head":"<!-- This site is optimized with the Yoast SEO plugin v23.6 - https:\/\/yoast.com\/wordpress\/plugins\/seo\/ -->\n<title>Car FM Frequency Antenna Frequency Antenna Radio FM Band Expander For Japanese Autos FM Frequency Antenna - Arduino e-shop<\/title>\n<meta name=\"robots\" content=\"index, follow, max-snippet:-1, max-image-preview:large, max-video-preview:-1\" \/>\n<link rel=\"canonical\" href=\"https:\/\/www.onetimenexttime.sk\/arduino\/index.php\/produkt\/car-fm-frequency-antenna-frequency-antenna-radio-fm-band-expander-for-japanese-autos-fm-frequency-antenna\/\" \/>\n<meta property=\"og:locale\" content=\"sk_SK\" \/>\n<meta property=\"og:type\" content=\"article\" \/>\n<meta property=\"og:title\" content=\"Car FM Frequency Antenna Frequency Antenna Radio FM Band Expander For Japanese Autos FM Frequency Antenna - Arduino e-shop\" \/>\n<meta property=\"og:description\" content=\"Automobilov\u00e1 FM frekven\u010dn\u00e1 ant\u00e9na Frekven\u010dn\u00e1 ant\u00e9na R\u00e1dio Roz\u0161irova\u010d p\u00e1sma FM pre japonsk\u00e9 aut\u00e1 FM frekven\u010dn\u00e1 ant\u00e9na &nbsp; Ve\u013ekos\u0165 (\u0160 x&hellip;\" \/>\n<meta property=\"og:url\" content=\"https:\/\/www.onetimenexttime.sk\/arduino\/index.php\/produkt\/car-fm-frequency-antenna-frequency-antenna-radio-fm-band-expander-for-japanese-autos-fm-frequency-antenna\/\" \/>\n<meta property=\"og:site_name\" content=\"Arduino e-shop\" \/>\n<meta property=\"article:modified_time\" content=\"2021-10-30T11:04:53+00:00\" \/>\n<meta property=\"og:image\" content=\"https:\/\/www.onetimenexttime.sk\/arduino\/wp-content\/uploads\/2021\/10\/176.jpg\" \/>\n\t<meta property=\"og:image:width\" content=\"504\" \/>\n\t<meta property=\"og:image:height\" content=\"507\" \/>\n\t<meta property=\"og:image:type\" content=\"image\/jpeg\" \/>\n<meta name=\"twitter:card\" content=\"summary_large_image\" \/>\n<meta name=\"twitter:label1\" content=\"Predpokladan\u00fd \u010das \u010d\u00edtania\" \/>\n\t<meta name=\"twitter:data1\" content=\"1 min\u00fata\" \/>\n<script type=\"application\/ld+json\" class=\"yoast-schema-graph\">{\"@context\":\"https:\/\/schema.org\",\"@graph\":[{\"@type\":\"WebPage\",\"@id\":\"https:\/\/www.onetimenexttime.sk\/arduino\/index.php\/produkt\/car-fm-frequency-antenna-frequency-antenna-radio-fm-band-expander-for-japanese-autos-fm-frequency-antenna\/\",\"url\":\"https:\/\/www.onetimenexttime.sk\/arduino\/index.php\/produkt\/car-fm-frequency-antenna-frequency-antenna-radio-fm-band-expander-for-japanese-autos-fm-frequency-antenna\/\",\"name\":\"Car FM Frequency Antenna Frequency Antenna Radio FM Band Expander For Japanese Autos FM Frequency Antenna - Arduino e-shop\",\"isPartOf\":{\"@id\":\"https:\/\/www.onetimenexttime.sk\/arduino\/#website\"},\"primaryImageOfPage\":{\"@id\":\"https:\/\/www.onetimenexttime.sk\/arduino\/index.php\/produkt\/car-fm-frequency-antenna-frequency-antenna-radio-fm-band-expander-for-japanese-autos-fm-frequency-antenna\/#primaryimage\"},\"image\":{\"@id\":\"https:\/\/www.onetimenexttime.sk\/arduino\/index.php\/produkt\/car-fm-frequency-antenna-frequency-antenna-radio-fm-band-expander-for-japanese-autos-fm-frequency-antenna\/#primaryimage\"},\"thumbnailUrl\":\"https:\/\/www.onetimenexttime.sk\/arduino\/wp-content\/uploads\/2021\/10\/176.jpg\",\"datePublished\":\"2021-10-30T11:01:01+00:00\",\"dateModified\":\"2021-10-30T11:04:53+00:00\",\"breadcrumb\":{\"@id\":\"https:\/\/www.onetimenexttime.sk\/arduino\/index.php\/produkt\/car-fm-frequency-antenna-frequency-antenna-radio-fm-band-expander-for-japanese-autos-fm-frequency-antenna\/#breadcrumb\"},\"inLanguage\":\"sk-SK\",\"potentialAction\":[{\"@type\":\"ReadAction\",\"target\":[\"https:\/\/www.onetimenexttime.sk\/arduino\/index.php\/produkt\/car-fm-frequency-antenna-frequency-antenna-radio-fm-band-expander-for-japanese-autos-fm-frequency-antenna\/\"]}]},{\"@type\":\"ImageObject\",\"inLanguage\":\"sk-SK\",\"@id\":\"https:\/\/www.onetimenexttime.sk\/arduino\/index.php\/produkt\/car-fm-frequency-antenna-frequency-antenna-radio-fm-band-expander-for-japanese-autos-fm-frequency-antenna\/#primaryimage\",\"url\":\"https:\/\/www.onetimenexttime.sk\/arduino\/wp-content\/uploads\/2021\/10\/176.jpg\",\"contentUrl\":\"https:\/\/www.onetimenexttime.sk\/arduino\/wp-content\/uploads\/2021\/10\/176.jpg\",\"width\":504,\"height\":507},{\"@type\":\"BreadcrumbList\",\"@id\":\"https:\/\/www.onetimenexttime.sk\/arduino\/index.php\/produkt\/car-fm-frequency-antenna-frequency-antenna-radio-fm-band-expander-for-japanese-autos-fm-frequency-antenna\/#breadcrumb\",\"itemListElement\":[{\"@type\":\"ListItem\",\"position\":1,\"name\":\"Domov\",\"item\":\"https:\/\/www.onetimenexttime.sk\/arduino\/\"},{\"@type\":\"ListItem\",\"position\":2,\"name\":\"Obchod\",\"item\":\"https:\/\/www.onetimenexttime.sk\/arduino\/\"},{\"@type\":\"ListItem\",\"position\":3,\"name\":\"Car FM Frequency Antenna Frequency Antenna Radio FM Band Expander For Japanese Autos FM Frequency Antenna\"}]},{\"@type\":\"WebSite\",\"@id\":\"https:\/\/www.onetimenexttime.sk\/arduino\/#website\",\"url\":\"https:\/\/www.onetimenexttime.sk\/arduino\/\",\"name\":\"Arduino e-shop\",\"description\":\"Home Assistant\",\"potentialAction\":[{\"@type\":\"SearchAction\",\"target\":{\"@type\":\"EntryPoint\",\"urlTemplate\":\"https:\/\/www.onetimenexttime.sk\/arduino\/?s={search_term_string}\"},\"query-input\":{\"@type\":\"PropertyValueSpecification\",\"valueRequired\":true,\"valueName\":\"search_term_string\"}}],\"inLanguage\":\"sk-SK\"}]}<\/script>\n<!-- \/ Yoast SEO plugin. -->","yoast_head_json":{"title":"Car FM Frequency Antenna Frequency Antenna Radio FM Band Expander For Japanese Autos FM Frequency Antenna - Arduino e-shop","robots":{"index":"index","follow":"follow","max-snippet":"max-snippet:-1","max-image-preview":"max-image-preview:large","max-video-preview":"max-video-preview:-1"},"canonical":"https:\/\/www.onetimenexttime.sk\/arduino\/index.php\/produkt\/car-fm-frequency-antenna-frequency-antenna-radio-fm-band-expander-for-japanese-autos-fm-frequency-antenna\/","og_locale":"sk_SK","og_type":"article","og_title":"Car FM Frequency Antenna Frequency Antenna Radio FM Band Expander For Japanese Autos FM Frequency Antenna - Arduino e-shop","og_description":"Automobilov\u00e1 FM frekven\u010dn\u00e1 ant\u00e9na Frekven\u010dn\u00e1 ant\u00e9na R\u00e1dio Roz\u0161irova\u010d p\u00e1sma FM pre japonsk\u00e9 aut\u00e1 FM frekven\u010dn\u00e1 ant\u00e9na &nbsp; Ve\u013ekos\u0165 (\u0160 x&hellip;","og_url":"https:\/\/www.onetimenexttime.sk\/arduino\/index.php\/produkt\/car-fm-frequency-antenna-frequency-antenna-radio-fm-band-expander-for-japanese-autos-fm-frequency-antenna\/","og_site_name":"Arduino e-shop","article_modified_time":"2021-10-30T11:04:53+00:00","og_image":[{"width":504,"height":507,"url":"https:\/\/www.onetimenexttime.sk\/arduino\/wp-content\/uploads\/2021\/10\/176.jpg","type":"image\/jpeg"}],"twitter_card":"summary_large_image","twitter_misc":{"Predpokladan\u00fd \u010das \u010d\u00edtania":"1 min\u00fata"},"schema":{"@context":"https:\/\/schema.org","@graph":[{"@type":"WebPage","@id":"https:\/\/www.onetimenexttime.sk\/arduino\/index.php\/produkt\/car-fm-frequency-antenna-frequency-antenna-radio-fm-band-expander-for-japanese-autos-fm-frequency-antenna\/","url":"https:\/\/www.onetimenexttime.sk\/arduino\/index.php\/produkt\/car-fm-frequency-antenna-frequency-antenna-radio-fm-band-expander-for-japanese-autos-fm-frequency-antenna\/","name":"Car FM Frequency Antenna Frequency Antenna Radio FM Band Expander For Japanese Autos FM Frequency Antenna - Arduino e-shop","isPartOf":{"@id":"https:\/\/www.onetimenexttime.sk\/arduino\/#website"},"primaryImageOfPage":{"@id":"https:\/\/www.onetimenexttime.sk\/arduino\/index.php\/produkt\/car-fm-frequency-antenna-frequency-antenna-radio-fm-band-expander-for-japanese-autos-fm-frequency-antenna\/#primaryimage"},"image":{"@id":"https:\/\/www.onetimenexttime.sk\/arduino\/index.php\/produkt\/car-fm-frequency-antenna-frequency-antenna-radio-fm-band-expander-for-japanese-autos-fm-frequency-antenna\/#primaryimage"},"thumbnailUrl":"https:\/\/www.onetimenexttime.sk\/arduino\/wp-content\/uploads\/2021\/10\/176.jpg","datePublished":"2021-10-30T11:01:01+00:00","dateModified":"2021-10-30T11:04:53+00:00","breadcrumb":{"@id":"https:\/\/www.onetimenexttime.sk\/arduino\/index.php\/produkt\/car-fm-frequency-antenna-frequency-antenna-radio-fm-band-expander-for-japanese-autos-fm-frequency-antenna\/#breadcrumb"},"inLanguage":"sk-SK","potentialAction":[{"@type":"ReadAction","target":["https:\/\/www.onetimenexttime.sk\/arduino\/index.php\/produkt\/car-fm-frequency-antenna-frequency-antenna-radio-fm-band-expander-for-japanese-autos-fm-frequency-antenna\/"]}]},{"@type":"ImageObject","inLanguage":"sk-SK","@id":"https:\/\/www.onetimenexttime.sk\/arduino\/index.php\/produkt\/car-fm-frequency-antenna-frequency-antenna-radio-fm-band-expander-for-japanese-autos-fm-frequency-antenna\/#primaryimage","url":"https:\/\/www.onetimenexttime.sk\/arduino\/wp-content\/uploads\/2021\/10\/176.jpg","contentUrl":"https:\/\/www.onetimenexttime.sk\/arduino\/wp-content\/uploads\/2021\/10\/176.jpg","width":504,"height":507},{"@type":"BreadcrumbList","@id":"https:\/\/www.onetimenexttime.sk\/arduino\/index.php\/produkt\/car-fm-frequency-antenna-frequency-antenna-radio-fm-band-expander-for-japanese-autos-fm-frequency-antenna\/#breadcrumb","itemListElement":[{"@type":"ListItem","position":1,"name":"Domov","item":"https:\/\/www.onetimenexttime.sk\/arduino\/"},{"@type":"ListItem","position":2,"name":"Obchod","item":"https:\/\/www.onetimenexttime.sk\/arduino\/"},{"@type":"ListItem","position":3,"name":"Car FM Frequency Antenna Frequency Antenna Radio FM Band Expander For Japanese Autos FM Frequency Antenna"}]},{"@type":"WebSite","@id":"https:\/\/www.onetimenexttime.sk\/arduino\/#website","url":"https:\/\/www.onetimenexttime.sk\/arduino\/","name":"Arduino e-shop","description":"Home Assistant","potentialAction":[{"@type":"SearchAction","target":{"@type":"EntryPoint","urlTemplate":"https:\/\/www.onetimenexttime.sk\/arduino\/?s={search_term_string}"},"query-input":{"@type":"PropertyValueSpecification","valueRequired":true,"valueName":"search_term_string"}}],"inLanguage":"sk-SK"}]}},"_links":{"self":[{"href":"https:\/\/www.onetimenexttime.sk\/arduino\/index.php\/wp-json\/wp\/v2\/product\/668"}],"collection":[{"href":"https:\/\/www.onetimenexttime.sk\/arduino\/index.php\/wp-json\/wp\/v2\/product"}],"about":[{"href":"https:\/\/www.onetimenexttime.sk\/arduino\/index.php\/wp-json\/wp\/v2\/types\/product"}],"wp:featuredmedia":[{"embeddable":true,"href":"https:\/\/www.onetimenexttime.sk\/arduino\/index.php\/wp-json\/wp\/v2\/media\/669"}],"wp:attachment":[{"href":"https:\/\/www.onetimenexttime.sk\/arduino\/index.php\/wp-json\/wp\/v2\/media?parent=668"}],"wp:term":[{"taxonomy":"product_cat","embeddable":true,"href":"https:\/\/www.onetimenexttime.sk\/arduino\/index.php\/wp-json\/wp\/v2\/product_cat?post=668"},{"taxonomy":"product_tag","embeddable":true,"href":"https:\/\/www.onetimenexttime.sk\/arduino\/index.php\/wp-json\/wp\/v2\/product_tag?post=668"}],"curies":[{"name":"wp","href":"https:\/\/api.w.org\/{rel}","templated":true}]}}