{"id":665,"date":"2021-10-30T12:53:36","date_gmt":"2021-10-30T10:53:36","guid":{"rendered":"https:\/\/www.onetimenexttime.sk\/arduino\/?post_type=product&#038;p=665"},"modified":"2021-10-31T20:25:36","modified_gmt":"2021-10-31T19:25:36","slug":"anpwoo-usb-wireless-network-card-150m-with-antenna-detachable-2db-desktop-notebook-external-ap-support-wps-receiver","status":"publish","type":"product","link":"https:\/\/www.onetimenexttime.sk\/arduino\/index.php\/produkt\/anpwoo-usb-wireless-network-card-150m-with-antenna-detachable-2db-desktop-notebook-external-ap-support-wps-receiver\/","title":{"rendered":"ANPWOO USB Wireless Network Card 150M with Antenna Detachable 2DB Desktop Notebook External AP Support WPS Receiver"},"content":{"rendered":"<h2>USB bezdr\u00f4tov\u00e1 sie\u0165ov\u00e1 karta 150M s odn\u00edmate\u013enou ant\u00e9nou 2DB stoln\u00fd notebook s podporou extern\u00e9ho AP prij\u00edma\u010da WPS<\/h2>\n<p>&nbsp;<\/p>\n<p>USB bezdr\u00f4tov\u00e1 sie\u0165ov\u00e1 karta 150M s odn\u00edmate\u013enou ant\u00e9nou 2DB stoln\u00fd notebook s podporou extern\u00e9ho AP prij\u00edma\u010da WPS<br \/>\nR\u00fdchle nastavenia zabezpe\u010denia QSS, kompatibiln\u00e9 s WPS, jednoduch\u00e9 nastavenie zabezpe\u010denia bezdr\u00f4tovej siete<\/p>\n<p>Koexistencia 20\/40MHz kan\u00e1lov, dvojn\u00e1sobn\u00fd v\u00fdkon<\/p>\n<p>Kompatibiln\u00e9 so zariadeniami 11g, 11b prostredn\u00edctvom testovania kompatibility Centrino<\/p>\n<p>Hardv\u00e9rov\u00e1 prioritn\u00e1 slu\u017eba, aby sa zabezpe\u010dila priorita \u00faloh citliv\u00fdch na \u0161\u00edrku p\u00e1sma<\/p>\n<p>V\u00fdkonn\u00fd bezpe\u010dnostn\u00fd mechanizmus WPA\/WPA2, WPA-PSK\/WPA2-PSK, podpora \u0161ifrovania WEP<\/p>\n<p>Jednoducho konfigurujte bezdr\u00f4tov\u00fdch klientov pomocou \u013eahko pou\u017eite\u013en\u00e9ho softv\u00e9ru na spr\u00e1vu pou\u017e\u00edvate\u013eov<\/p>\n<p>popis produktu:<\/p>\n<p>150M bezdr\u00f4tov\u00e1 sie\u0165ov\u00e1 karta USB vyhovuje \u0161tandardom IEEE 802.11n (Draft 2.0), IEEE 802.11g a IEEE 802.11b.<\/p>\n<p>R\u00fdchlos\u0165 bezdr\u00f4tov\u00e9ho prenosu je a\u017e 150 Mbps. [(Vn\u00fatorn\u00e1-vonkaj\u0161ia) inteligentn\u00e1 ant\u00e9na] poskytuje lep\u0161\u00ed v\u00fdkon bezdr\u00f4tov\u00e9ho prenosu, stabilitu a bezdr\u00f4tov\u00e9 pokrytie.<\/p>\n<p>Z\u00e1rove\u0148 sa pomocou technol\u00f3gie CCA dok\u00e1\u017ee automaticky vyhn\u00fa\u0165 ru\u0161eniu kan\u00e1lov a plne vyu\u017e\u00edva\u0165 v\u00fdhody viazania kan\u00e1lov. Tento produkt podporuje 64\/128\/152 bitov\u00e9 \u0161ifrovanie WEP<\/p>\n<p>, ako aj pokro\u010dil\u00e9 \u0161ifrovacie a bezpe\u010dnostn\u00e9 mechanizmy, ako s\u00fa WPA\/WPA2, WPA-PSK\/WPA2-PSK a r\u00fdchle nastavenia zabezpe\u010denia QSS, v s\u00falade s WPS,<\/p>\n<p>Jednoduch\u00e9 nastavenie zabezpe\u010denia bezdr\u00f4tov\u00e9ho pripojenia. Okrem toho m\u00e1 produkt funkciu prioritnej slu\u017eby na zabezpe\u010denie prioritn\u00e9ho spracovania \u00fadajov citliv\u00fdch na \u0161\u00edrku p\u00e1sma, ako je video a hlas.<\/p>\n<p>. Tento produkt je tie\u017e kompatibiln\u00fd s produktmi 11g a \u010fal\u0161\u00edmi produktmi 11n.<\/p>\n<p>\u0160pecifik\u00e1cia v\u00fdrobku<\/p>\n<p>Podporovan\u00e9 \u0161tandardy a protokoly bezdr\u00f4tov\u00e1 technol\u00f3gia IEEE 802.11g, IEEE 802.11b, IEEE 802.11n (draft 2.0), CSMA\/CA s ACK<\/p>\n<p>Typ zbernice USB 2.0<\/p>\n<p>Frekven\u010dn\u00fd rozsah 2,4 ~ 2,4835 GHz<\/p>\n<p>Prenosov\u00e1 r\u00fdchlos\u0165 11n: a\u017e 150 Mbps<\/p>\n<p>11g: 6\/9\/12\/18\/24\/36\/48\/54 Mbps (adapt\u00edvne)<\/p>\n<p>11b: 1\/2\/5,5\/11 Mbps (adapt\u00edvne)<\/p>\n<p>Po\u010det pracovn\u00fdch kan\u00e1lov 13<\/p>\n<p>D\u00e1tov\u00e1 modul\u00e1cia 11b: CCK, DQPSK, DBPSK<\/p>\n<p>11g: OFDM<\/p>\n<p>11n: OFDM s PSK, BPSK, 16-QAM, 64-QAM<\/p>\n<p>RF v\u00fdkon 20dBm (maxim\u00e1lne)<\/p>\n<p>Zisk ant\u00e9ny 2dBi (zabudovan\u00e1)<\/p>\n<p>&nbsp;<\/p>\n<p>&nbsp;<\/p>\n<p>Mini 150M Raspberry PI 2 WiFi USB adapt\u00e9r Dongle 3dB ant\u00e9na RTL8188CUS bezdr\u00f4tov\u00fd sie\u0165ov\u00fd LAN adapt\u00e9r, podpora AP, funguje s PC<\/p>\n<p>Hlavn\u00fd \u010dip:<br \/>\nRealtek RTL8188cus;<\/p>\n<p>Vlastnosti:<br \/>\nPlne testovan\u00e9 na pr\u00e1cu s Raspberry Pi 2 a Raspberry PI model B+.<br \/>\nMini prenosn\u00fd USB 2.0 dizajn.<br \/>\nBezdr\u00f4tov\u00e1 r\u00fdchlos\u0165 N a\u017e 150 Mbps, ide\u00e1lna na surfovanie po internete a online hranie.<br \/>\nVyhovuje \u0161tandardom IEEE 802.11n (Draft 2.0), IEEE 802.11g, IEEE 802.11b.<br \/>\nPoskytuje dva pracovn\u00e9 re\u017eimy: Infra\u0161trukt\u00fara a Ad-Hoc.<br \/>\nTechnol\u00f3gia MIMO umo\u017e\u0148uje bezdr\u00f4tov\u00fd prenos r\u00fdchlos\u0165ou a\u017e 150 Mbps.<br \/>\nTechnol\u00f3gia CCA zvy\u0161uje stabilitu v\u00e1\u0161ho sign\u00e1lu automatick\u00fdm predch\u00e1dzan\u00edm konfliktom kan\u00e1lov.<br \/>\nR\u00fdchle bezpe\u010dn\u00e9 nastavenie, v s\u00falade s WPS pre bezstarostn\u00e9 bezdr\u00f4tov\u00e9 zabezpe\u010denie.<br \/>\nBezdr\u00f4tov\u00e9 bezpe\u010dnostn\u00e9 \u0161ifrovanie jednoducho stla\u010den\u00edm tla\u010didla QSS.<br \/>\nPodporuje 64\/128-bitov\u00e9 WEP, ako aj \u0161ifrovanie WPA\/WPA2 a WPA-PSK\/WPA2-PSK.<br \/>\nPodporuje opera\u010dn\u00fd syst\u00e9m WIN2K, XP, VISTA, WIN7, MAC, LINUX.<br \/>\nPodporuje technol\u00f3giu bezdr\u00f4tov\u00e9ho roamingu pre vysoko efekt\u00edvne bezdr\u00f4tov\u00e9 pripojenia.<br \/>\nBezprobl\u00e9mov\u00e1 kompatibilita so zariadeniami 802.11b\/g\/n.<\/p>\n<p>Technick\u00e9 \u00fadaje:<br \/>\nBezdr\u00f4tov\u00e9 \u0161tandardy IEEE 802.11n, IEEE 802.11g, IEEE 802.11b<br \/>\nFrekven\u010dn\u00e9 p\u00e1smo 2,4 GHz P\u00e1smo ISM (Industrial Scientific Medical).<br \/>\n\u0160pi\u010dkov\u00e1 priepustnos\u0165 150 Mbps<br \/>\nKan\u00e1l 1 \u2013 14 kan\u00e1lov (univerz\u00e1lny v\u00fdber dom\u00e9ny)<br \/>\nZabezpe\u010denie d\u00e1t 16\/128-bitov\u00e9 \u0161ifrovanie WEP<br \/>\nWPA, WPA-PSK, WPA2, WPA2-PSK, TKIP\/AES<br \/>\nPodpora opera\u010dn\u00e9ho syst\u00e9mu Windows 2000, XP, Vista, Win7, Linux, MAC<br \/>\nHostite\u013esk\u00e9 rozhranie Vysokor\u00fdchlostn\u00e9 rozhranie USB2.0\/1.1<br \/>\nZisk ant\u00e9ny 2dBi<\/p>\n<p>Balenie obsahuje:<br \/>\n1 x USB bezdr\u00f4tov\u00fd LAN adapt\u00e9r<br \/>\n1 x softv\u00e9rov\u00fd ovl\u00e1da\u010d<br \/>\n1x Ant\u00e9na<\/p>\n","protected":false},"excerpt":{"rendered":"<p>USB bezdr\u00f4tov\u00e1 sie\u0165ov\u00e1 karta 150M s odn\u00edmate\u013enou ant\u00e9nou 2DB stoln\u00fd notebook s podporou extern\u00e9ho AP prij\u00edma\u010da WPS &nbsp; USB bezdr\u00f4tov\u00e1&hellip;<\/p>\n","protected":false},"featured_media":666,"template":"","meta":{"_monsterinsights_skip_tracking":false,"_monsterinsights_sitenote_active":false,"_monsterinsights_sitenote_note":"","_monsterinsights_sitenote_category":0},"product_cat":[35,50,33,29],"product_tag":[],"class_list":{"0":"post-665","1":"product","2":"type-product","3":"status-publish","4":"has-post-thumbnail","6":"product_cat-antena","7":"product_cat-pc","8":"product_cat-wifi","9":"product_cat-wireless-transmission","11":"first","12":"instock","13":"sale","14":"shipping-taxable","15":"purchasable","16":"product-type-simple"},"yoast_head":"<!-- This site is optimized with the Yoast SEO plugin v23.6 - https:\/\/yoast.com\/wordpress\/plugins\/seo\/ -->\n<title>ANPWOO USB Wireless Network Card 150M with Antenna Detachable 2DB Desktop Notebook External AP Support WPS Receiver - Arduino e-shop<\/title>\n<meta name=\"robots\" content=\"index, follow, max-snippet:-1, max-image-preview:large, max-video-preview:-1\" \/>\n<link rel=\"canonical\" href=\"https:\/\/www.onetimenexttime.sk\/arduino\/index.php\/produkt\/anpwoo-usb-wireless-network-card-150m-with-antenna-detachable-2db-desktop-notebook-external-ap-support-wps-receiver\/\" \/>\n<meta property=\"og:locale\" content=\"sk_SK\" \/>\n<meta property=\"og:type\" content=\"article\" \/>\n<meta property=\"og:title\" content=\"ANPWOO USB Wireless Network Card 150M with Antenna Detachable 2DB Desktop Notebook External AP Support WPS Receiver - Arduino e-shop\" \/>\n<meta property=\"og:description\" content=\"USB bezdr\u00f4tov\u00e1 sie\u0165ov\u00e1 karta 150M s odn\u00edmate\u013enou ant\u00e9nou 2DB stoln\u00fd notebook s podporou extern\u00e9ho AP prij\u00edma\u010da WPS &nbsp; USB bezdr\u00f4tov\u00e1&hellip;\" \/>\n<meta property=\"og:url\" content=\"https:\/\/www.onetimenexttime.sk\/arduino\/index.php\/produkt\/anpwoo-usb-wireless-network-card-150m-with-antenna-detachable-2db-desktop-notebook-external-ap-support-wps-receiver\/\" \/>\n<meta property=\"og:site_name\" content=\"Arduino e-shop\" \/>\n<meta property=\"article:modified_time\" content=\"2021-10-31T19:25:36+00:00\" \/>\n<meta property=\"og:image\" content=\"https:\/\/www.onetimenexttime.sk\/arduino\/wp-content\/uploads\/2021\/10\/175.jpg\" \/>\n\t<meta property=\"og:image:width\" content=\"508\" \/>\n\t<meta property=\"og:image:height\" content=\"507\" \/>\n\t<meta property=\"og:image:type\" content=\"image\/jpeg\" \/>\n<meta name=\"twitter:card\" content=\"summary_large_image\" \/>\n<meta name=\"twitter:label1\" content=\"Predpokladan\u00fd \u010das \u010d\u00edtania\" \/>\n\t<meta name=\"twitter:data1\" content=\"3 min\u00faty\" \/>\n<script type=\"application\/ld+json\" class=\"yoast-schema-graph\">{\"@context\":\"https:\/\/schema.org\",\"@graph\":[{\"@type\":\"WebPage\",\"@id\":\"https:\/\/www.onetimenexttime.sk\/arduino\/index.php\/produkt\/anpwoo-usb-wireless-network-card-150m-with-antenna-detachable-2db-desktop-notebook-external-ap-support-wps-receiver\/\",\"url\":\"https:\/\/www.onetimenexttime.sk\/arduino\/index.php\/produkt\/anpwoo-usb-wireless-network-card-150m-with-antenna-detachable-2db-desktop-notebook-external-ap-support-wps-receiver\/\",\"name\":\"ANPWOO USB Wireless Network Card 150M with Antenna Detachable 2DB Desktop Notebook External AP Support WPS Receiver - Arduino e-shop\",\"isPartOf\":{\"@id\":\"https:\/\/www.onetimenexttime.sk\/arduino\/#website\"},\"primaryImageOfPage\":{\"@id\":\"https:\/\/www.onetimenexttime.sk\/arduino\/index.php\/produkt\/anpwoo-usb-wireless-network-card-150m-with-antenna-detachable-2db-desktop-notebook-external-ap-support-wps-receiver\/#primaryimage\"},\"image\":{\"@id\":\"https:\/\/www.onetimenexttime.sk\/arduino\/index.php\/produkt\/anpwoo-usb-wireless-network-card-150m-with-antenna-detachable-2db-desktop-notebook-external-ap-support-wps-receiver\/#primaryimage\"},\"thumbnailUrl\":\"https:\/\/www.onetimenexttime.sk\/arduino\/wp-content\/uploads\/2021\/10\/175.jpg\",\"datePublished\":\"2021-10-30T10:53:36+00:00\",\"dateModified\":\"2021-10-31T19:25:36+00:00\",\"breadcrumb\":{\"@id\":\"https:\/\/www.onetimenexttime.sk\/arduino\/index.php\/produkt\/anpwoo-usb-wireless-network-card-150m-with-antenna-detachable-2db-desktop-notebook-external-ap-support-wps-receiver\/#breadcrumb\"},\"inLanguage\":\"sk-SK\",\"potentialAction\":[{\"@type\":\"ReadAction\",\"target\":[\"https:\/\/www.onetimenexttime.sk\/arduino\/index.php\/produkt\/anpwoo-usb-wireless-network-card-150m-with-antenna-detachable-2db-desktop-notebook-external-ap-support-wps-receiver\/\"]}]},{\"@type\":\"ImageObject\",\"inLanguage\":\"sk-SK\",\"@id\":\"https:\/\/www.onetimenexttime.sk\/arduino\/index.php\/produkt\/anpwoo-usb-wireless-network-card-150m-with-antenna-detachable-2db-desktop-notebook-external-ap-support-wps-receiver\/#primaryimage\",\"url\":\"https:\/\/www.onetimenexttime.sk\/arduino\/wp-content\/uploads\/2021\/10\/175.jpg\",\"contentUrl\":\"https:\/\/www.onetimenexttime.sk\/arduino\/wp-content\/uploads\/2021\/10\/175.jpg\",\"width\":508,\"height\":507},{\"@type\":\"BreadcrumbList\",\"@id\":\"https:\/\/www.onetimenexttime.sk\/arduino\/index.php\/produkt\/anpwoo-usb-wireless-network-card-150m-with-antenna-detachable-2db-desktop-notebook-external-ap-support-wps-receiver\/#breadcrumb\",\"itemListElement\":[{\"@type\":\"ListItem\",\"position\":1,\"name\":\"Domov\",\"item\":\"https:\/\/www.onetimenexttime.sk\/arduino\/\"},{\"@type\":\"ListItem\",\"position\":2,\"name\":\"Obchod\",\"item\":\"https:\/\/www.onetimenexttime.sk\/arduino\/\"},{\"@type\":\"ListItem\",\"position\":3,\"name\":\"ANPWOO USB Wireless Network Card 150M with Antenna Detachable 2DB Desktop Notebook External AP Support WPS Receiver\"}]},{\"@type\":\"WebSite\",\"@id\":\"https:\/\/www.onetimenexttime.sk\/arduino\/#website\",\"url\":\"https:\/\/www.onetimenexttime.sk\/arduino\/\",\"name\":\"Arduino e-shop\",\"description\":\"Home Assistant\",\"potentialAction\":[{\"@type\":\"SearchAction\",\"target\":{\"@type\":\"EntryPoint\",\"urlTemplate\":\"https:\/\/www.onetimenexttime.sk\/arduino\/?s={search_term_string}\"},\"query-input\":{\"@type\":\"PropertyValueSpecification\",\"valueRequired\":true,\"valueName\":\"search_term_string\"}}],\"inLanguage\":\"sk-SK\"}]}<\/script>\n<!-- \/ Yoast SEO plugin. -->","yoast_head_json":{"title":"ANPWOO USB Wireless Network Card 150M with Antenna Detachable 2DB Desktop Notebook External AP Support WPS Receiver - Arduino e-shop","robots":{"index":"index","follow":"follow","max-snippet":"max-snippet:-1","max-image-preview":"max-image-preview:large","max-video-preview":"max-video-preview:-1"},"canonical":"https:\/\/www.onetimenexttime.sk\/arduino\/index.php\/produkt\/anpwoo-usb-wireless-network-card-150m-with-antenna-detachable-2db-desktop-notebook-external-ap-support-wps-receiver\/","og_locale":"sk_SK","og_type":"article","og_title":"ANPWOO USB Wireless Network Card 150M with Antenna Detachable 2DB Desktop Notebook External AP Support WPS Receiver - Arduino e-shop","og_description":"USB bezdr\u00f4tov\u00e1 sie\u0165ov\u00e1 karta 150M s odn\u00edmate\u013enou ant\u00e9nou 2DB stoln\u00fd notebook s podporou extern\u00e9ho AP prij\u00edma\u010da WPS &nbsp; USB bezdr\u00f4tov\u00e1&hellip;","og_url":"https:\/\/www.onetimenexttime.sk\/arduino\/index.php\/produkt\/anpwoo-usb-wireless-network-card-150m-with-antenna-detachable-2db-desktop-notebook-external-ap-support-wps-receiver\/","og_site_name":"Arduino e-shop","article_modified_time":"2021-10-31T19:25:36+00:00","og_image":[{"width":508,"height":507,"url":"https:\/\/www.onetimenexttime.sk\/arduino\/wp-content\/uploads\/2021\/10\/175.jpg","type":"image\/jpeg"}],"twitter_card":"summary_large_image","twitter_misc":{"Predpokladan\u00fd \u010das \u010d\u00edtania":"3 min\u00faty"},"schema":{"@context":"https:\/\/schema.org","@graph":[{"@type":"WebPage","@id":"https:\/\/www.onetimenexttime.sk\/arduino\/index.php\/produkt\/anpwoo-usb-wireless-network-card-150m-with-antenna-detachable-2db-desktop-notebook-external-ap-support-wps-receiver\/","url":"https:\/\/www.onetimenexttime.sk\/arduino\/index.php\/produkt\/anpwoo-usb-wireless-network-card-150m-with-antenna-detachable-2db-desktop-notebook-external-ap-support-wps-receiver\/","name":"ANPWOO USB Wireless Network Card 150M with Antenna Detachable 2DB Desktop Notebook External AP Support WPS Receiver - Arduino e-shop","isPartOf":{"@id":"https:\/\/www.onetimenexttime.sk\/arduino\/#website"},"primaryImageOfPage":{"@id":"https:\/\/www.onetimenexttime.sk\/arduino\/index.php\/produkt\/anpwoo-usb-wireless-network-card-150m-with-antenna-detachable-2db-desktop-notebook-external-ap-support-wps-receiver\/#primaryimage"},"image":{"@id":"https:\/\/www.onetimenexttime.sk\/arduino\/index.php\/produkt\/anpwoo-usb-wireless-network-card-150m-with-antenna-detachable-2db-desktop-notebook-external-ap-support-wps-receiver\/#primaryimage"},"thumbnailUrl":"https:\/\/www.onetimenexttime.sk\/arduino\/wp-content\/uploads\/2021\/10\/175.jpg","datePublished":"2021-10-30T10:53:36+00:00","dateModified":"2021-10-31T19:25:36+00:00","breadcrumb":{"@id":"https:\/\/www.onetimenexttime.sk\/arduino\/index.php\/produkt\/anpwoo-usb-wireless-network-card-150m-with-antenna-detachable-2db-desktop-notebook-external-ap-support-wps-receiver\/#breadcrumb"},"inLanguage":"sk-SK","potentialAction":[{"@type":"ReadAction","target":["https:\/\/www.onetimenexttime.sk\/arduino\/index.php\/produkt\/anpwoo-usb-wireless-network-card-150m-with-antenna-detachable-2db-desktop-notebook-external-ap-support-wps-receiver\/"]}]},{"@type":"ImageObject","inLanguage":"sk-SK","@id":"https:\/\/www.onetimenexttime.sk\/arduino\/index.php\/produkt\/anpwoo-usb-wireless-network-card-150m-with-antenna-detachable-2db-desktop-notebook-external-ap-support-wps-receiver\/#primaryimage","url":"https:\/\/www.onetimenexttime.sk\/arduino\/wp-content\/uploads\/2021\/10\/175.jpg","contentUrl":"https:\/\/www.onetimenexttime.sk\/arduino\/wp-content\/uploads\/2021\/10\/175.jpg","width":508,"height":507},{"@type":"BreadcrumbList","@id":"https:\/\/www.onetimenexttime.sk\/arduino\/index.php\/produkt\/anpwoo-usb-wireless-network-card-150m-with-antenna-detachable-2db-desktop-notebook-external-ap-support-wps-receiver\/#breadcrumb","itemListElement":[{"@type":"ListItem","position":1,"name":"Domov","item":"https:\/\/www.onetimenexttime.sk\/arduino\/"},{"@type":"ListItem","position":2,"name":"Obchod","item":"https:\/\/www.onetimenexttime.sk\/arduino\/"},{"@type":"ListItem","position":3,"name":"ANPWOO USB Wireless Network Card 150M with Antenna Detachable 2DB Desktop Notebook External AP Support WPS Receiver"}]},{"@type":"WebSite","@id":"https:\/\/www.onetimenexttime.sk\/arduino\/#website","url":"https:\/\/www.onetimenexttime.sk\/arduino\/","name":"Arduino e-shop","description":"Home Assistant","potentialAction":[{"@type":"SearchAction","target":{"@type":"EntryPoint","urlTemplate":"https:\/\/www.onetimenexttime.sk\/arduino\/?s={search_term_string}"},"query-input":{"@type":"PropertyValueSpecification","valueRequired":true,"valueName":"search_term_string"}}],"inLanguage":"sk-SK"}]}},"_links":{"self":[{"href":"https:\/\/www.onetimenexttime.sk\/arduino\/index.php\/wp-json\/wp\/v2\/product\/665"}],"collection":[{"href":"https:\/\/www.onetimenexttime.sk\/arduino\/index.php\/wp-json\/wp\/v2\/product"}],"about":[{"href":"https:\/\/www.onetimenexttime.sk\/arduino\/index.php\/wp-json\/wp\/v2\/types\/product"}],"wp:featuredmedia":[{"embeddable":true,"href":"https:\/\/www.onetimenexttime.sk\/arduino\/index.php\/wp-json\/wp\/v2\/media\/666"}],"wp:attachment":[{"href":"https:\/\/www.onetimenexttime.sk\/arduino\/index.php\/wp-json\/wp\/v2\/media?parent=665"}],"wp:term":[{"taxonomy":"product_cat","embeddable":true,"href":"https:\/\/www.onetimenexttime.sk\/arduino\/index.php\/wp-json\/wp\/v2\/product_cat?post=665"},{"taxonomy":"product_tag","embeddable":true,"href":"https:\/\/www.onetimenexttime.sk\/arduino\/index.php\/wp-json\/wp\/v2\/product_tag?post=665"}],"curies":[{"name":"wp","href":"https:\/\/api.w.org\/{rel}","templated":true}]}}