{"id":66,"date":"2021-10-17T20:00:40","date_gmt":"2021-10-17T18:00:40","guid":{"rendered":"https:\/\/www.onetimenexttime.sk\/arduino\/?post_type=product&#038;p=66"},"modified":"2024-02-22T15:33:13","modified_gmt":"2024-02-22T14:33:13","slug":"ttp229-16-channel-digital-capacitive-switch-touch-sensor-module-for-arduino","status":"publish","type":"product","link":"https:\/\/www.onetimenexttime.sk\/arduino\/index.php\/produkt\/ttp229-16-channel-digital-capacitive-switch-touch-sensor-module-for-arduino\/","title":{"rendered":"TTP229 16 Channel Digital Capacitive Switch Touch Sensor Module For Arduino"},"content":{"rendered":"<table>\n<tbody>\n<tr>\n<th style=\"text-align: center;\" colspan=\"2\">TTP229 16 Kan\u00e1lov\u00fd Digit\u00e1lny Kapacitn\u00fd Sp\u00edna\u010dov\u00fd Dotykov\u00fd Senzorov\u00fd Modul pre Arduino<\/th>\n<\/tr>\n<tr>\n<td style=\"text-align: center;\" colspan=\"2\"><img decoding=\"async\" src=\"ttp229.jpg\" alt=\"TTP229 Modul\" \/><\/td>\n<\/tr>\n<tr>\n<td><strong>Popis:<\/strong><\/td>\n<td>Tento modul obsahuje TTP229 &#8211; integrovan\u00fd obvod s 16 kan\u00e1lmi pre kapacitn\u00e9 dotykov\u00e9 sn\u00edmanie. Je ur\u010den\u00fd na detekciu dotyku a m\u00f4\u017ee by\u0165 pou\u017eit\u00fd v r\u00f4znych aplik\u00e1ci\u00e1ch, ako s\u00fa ovl\u00e1dacie panely s dotykov\u00fdm ovl\u00e1dan\u00edm, interakt\u00edvne projekty, hra\u010dky a \u010fal\u0161ie. Modul je \u013eahko pou\u017eite\u013en\u00fd s Arduinom a \u010fal\u0161\u00edmi mikrokontrol\u00e9rmi.<\/td>\n<\/tr>\n<tr>\n<td><strong>Vlastnosti:<\/strong><\/td>\n<td>\n<ul>\n<li>16 kan\u00e1lov\u00fd kapacitn\u00fd dotykov\u00fd senzor<\/li>\n<li>Integrovan\u00fd TTP229 obvod<\/li>\n<li>Jednoduch\u00e9 pou\u017eitie s Arduino<\/li>\n<li>Mo\u017enos\u0165 pou\u017eitia v r\u00f4znych aplik\u00e1ci\u00e1ch<\/li>\n<\/ul>\n<\/td>\n<\/tr>\n<tr>\n<td><strong>Sample k\u00f3d:<\/strong><\/td>\n<td>\n<pre lang=\"arduino\">#include \r\n#include \r\nTTP229 ttp;\r\n\r\nvoid setup() {\r\nSerial.begin(9600);\r\nttp.begin();\r\n}\r\n\r\nvoid loop() {\r\nfor (int i = 0; i &lt; 16; i++) {\r\nif (ttp.touched(i)) {\r\nSerial.print(\"Channel \");\r\nSerial.print(i);\r\nSerial.println(\" touched.\");\r\n}\r\n}\r\ndelay(500);\r\n}\r\n<\/pre>\n<\/td>\n<\/tr>\n<\/tbody>\n<\/table>\n<p>2 \/ 2<\/p>\n<h2>Aplik\u00e1cie:<\/h2>\n<ul>\n<li>Ovl\u00e1danie LED osvetlenia pomocou dotyku<\/li>\n<li>Ovl\u00e1danie elektronick\u00fdch zariaden\u00ed s Arduinom<\/li>\n<li>Vytv\u00e1ranie interakt\u00edvnych projektov so senzormi dotyku<\/li>\n<\/ul>\n<h2>Pozn\u00e1mka:<\/h2>\n<ul>\n<li>Pred pou\u017eit\u00edm modulu si pozorne pre\u010d\u00edtajte n\u00e1vod na pou\u017eitie.<\/li>\n<li>Zabezpe\u010dte, aby boli v\u0161etky piny spr\u00e1vne pripojen\u00e9 a nap\u00e1jacie nap\u00e4tie bolo v spr\u00e1vnom rozsahu.<\/li>\n<li>Ak je to potrebn\u00e9, pou\u017eite odpovedaj\u00faci odporn\u00edk pre spr\u00e1vnu citlivos\u0165 senzoru dotyku.<\/li>\n<\/ul>\n<p>&nbsp;<\/p>\n<p>&nbsp;<\/p>\n<p>&nbsp;<\/p>\n<p>16-kl\u00e1vesov\u00fd kapacitn\u00fd dotykov\u00fd senzor TTP229 IC<\/p>\n<p>Indik\u00e1tor nap\u00e1jania<\/p>\n<p>Pracovn\u00e9 nap\u00e4tie: 2,4V-5,5V<\/p>\n<p>modul je mo\u017en\u00e9 nastavi\u0165 na v\u00fdstupn\u00fd re\u017eim, re\u017eim k\u013e\u00fa\u010dov\u00e9ho v\u00fdstupu, najdlh\u0161\u00ed \u010das a mo\u017enosti r\u00fdchleho v\u00fdstupu \/ n\u00edzkeho v\u00fdkonu<\/p>\n<p>Materi\u00e1l: Polymer<br \/>\nTyp: Senzor vibr\u00e1ci\u00ed<br \/>\nV\u00fdstup: digit\u00e1lny sn\u00edma\u010d<br \/>\nTe\u00f3ria: Senzor odporu<br \/>\nje prisp\u00f4soben\u00e9: \u00c1no<\/p>\n","protected":false},"excerpt":{"rendered":"<p>TTP229 16 Kan\u00e1lov\u00fd Digit\u00e1lny Kapacitn\u00fd Sp\u00edna\u010dov\u00fd Dotykov\u00fd Senzorov\u00fd Modul pre Arduino Popis: Tento modul obsahuje TTP229 &#8211; integrovan\u00fd obvod s&hellip;<\/p>\n","protected":false},"featured_media":67,"template":"","meta":{"_monsterinsights_skip_tracking":false,"_monsterinsights_sitenote_active":false,"_monsterinsights_sitenote_note":"","_monsterinsights_sitenote_category":0},"product_cat":[16,17,69],"product_tag":[],"class_list":{"0":"post-66","1":"product","2":"type-product","3":"status-publish","4":"has-post-thumbnail","6":"product_cat-ard","7":"product_cat-modul","8":"product_cat-sensors","10":"first","11":"instock","12":"shipping-taxable","13":"purchasable","14":"product-type-simple"},"yoast_head":"<!-- This site is optimized with the Yoast SEO plugin v23.6 - https:\/\/yoast.com\/wordpress\/plugins\/seo\/ -->\n<title>TTP229 16 Channel Digital Capacitive Switch Touch Sensor Module For Arduino - Arduino e-shop<\/title>\n<meta name=\"robots\" content=\"index, follow, max-snippet:-1, max-image-preview:large, max-video-preview:-1\" \/>\n<link rel=\"canonical\" href=\"https:\/\/www.onetimenexttime.sk\/arduino\/index.php\/produkt\/ttp229-16-channel-digital-capacitive-switch-touch-sensor-module-for-arduino\/\" \/>\n<meta property=\"og:locale\" content=\"sk_SK\" \/>\n<meta property=\"og:type\" content=\"article\" \/>\n<meta property=\"og:title\" content=\"TTP229 16 Channel Digital Capacitive Switch Touch Sensor Module For Arduino - Arduino e-shop\" \/>\n<meta property=\"og:description\" content=\"TTP229 16 Kan\u00e1lov\u00fd Digit\u00e1lny Kapacitn\u00fd Sp\u00edna\u010dov\u00fd Dotykov\u00fd Senzorov\u00fd Modul pre Arduino Popis: Tento modul obsahuje TTP229 &#8211; integrovan\u00fd obvod s&hellip;\" \/>\n<meta property=\"og:url\" content=\"https:\/\/www.onetimenexttime.sk\/arduino\/index.php\/produkt\/ttp229-16-channel-digital-capacitive-switch-touch-sensor-module-for-arduino\/\" \/>\n<meta property=\"og:site_name\" content=\"Arduino e-shop\" \/>\n<meta property=\"article:modified_time\" content=\"2024-02-22T14:33:13+00:00\" \/>\n<meta property=\"og:image\" content=\"https:\/\/www.onetimenexttime.sk\/arduino\/wp-content\/uploads\/2021\/10\/222.jpg\" \/>\n\t<meta property=\"og:image:width\" content=\"558\" \/>\n\t<meta property=\"og:image:height\" content=\"559\" \/>\n\t<meta property=\"og:image:type\" content=\"image\/jpeg\" \/>\n<meta name=\"twitter:card\" content=\"summary_large_image\" \/>\n<meta name=\"twitter:label1\" content=\"Predpokladan\u00fd \u010das \u010d\u00edtania\" \/>\n\t<meta name=\"twitter:data1\" content=\"1 min\u00fata\" \/>\n<script type=\"application\/ld+json\" class=\"yoast-schema-graph\">{\"@context\":\"https:\/\/schema.org\",\"@graph\":[{\"@type\":\"WebPage\",\"@id\":\"https:\/\/www.onetimenexttime.sk\/arduino\/index.php\/produkt\/ttp229-16-channel-digital-capacitive-switch-touch-sensor-module-for-arduino\/\",\"url\":\"https:\/\/www.onetimenexttime.sk\/arduino\/index.php\/produkt\/ttp229-16-channel-digital-capacitive-switch-touch-sensor-module-for-arduino\/\",\"name\":\"TTP229 16 Channel Digital Capacitive Switch Touch Sensor Module For Arduino - Arduino e-shop\",\"isPartOf\":{\"@id\":\"https:\/\/www.onetimenexttime.sk\/arduino\/#website\"},\"primaryImageOfPage\":{\"@id\":\"https:\/\/www.onetimenexttime.sk\/arduino\/index.php\/produkt\/ttp229-16-channel-digital-capacitive-switch-touch-sensor-module-for-arduino\/#primaryimage\"},\"image\":{\"@id\":\"https:\/\/www.onetimenexttime.sk\/arduino\/index.php\/produkt\/ttp229-16-channel-digital-capacitive-switch-touch-sensor-module-for-arduino\/#primaryimage\"},\"thumbnailUrl\":\"https:\/\/www.onetimenexttime.sk\/arduino\/wp-content\/uploads\/2021\/10\/222.jpg\",\"datePublished\":\"2021-10-17T18:00:40+00:00\",\"dateModified\":\"2024-02-22T14:33:13+00:00\",\"breadcrumb\":{\"@id\":\"https:\/\/www.onetimenexttime.sk\/arduino\/index.php\/produkt\/ttp229-16-channel-digital-capacitive-switch-touch-sensor-module-for-arduino\/#breadcrumb\"},\"inLanguage\":\"sk-SK\",\"potentialAction\":[{\"@type\":\"ReadAction\",\"target\":[\"https:\/\/www.onetimenexttime.sk\/arduino\/index.php\/produkt\/ttp229-16-channel-digital-capacitive-switch-touch-sensor-module-for-arduino\/\"]}]},{\"@type\":\"ImageObject\",\"inLanguage\":\"sk-SK\",\"@id\":\"https:\/\/www.onetimenexttime.sk\/arduino\/index.php\/produkt\/ttp229-16-channel-digital-capacitive-switch-touch-sensor-module-for-arduino\/#primaryimage\",\"url\":\"https:\/\/www.onetimenexttime.sk\/arduino\/wp-content\/uploads\/2021\/10\/222.jpg\",\"contentUrl\":\"https:\/\/www.onetimenexttime.sk\/arduino\/wp-content\/uploads\/2021\/10\/222.jpg\",\"width\":558,\"height\":559},{\"@type\":\"BreadcrumbList\",\"@id\":\"https:\/\/www.onetimenexttime.sk\/arduino\/index.php\/produkt\/ttp229-16-channel-digital-capacitive-switch-touch-sensor-module-for-arduino\/#breadcrumb\",\"itemListElement\":[{\"@type\":\"ListItem\",\"position\":1,\"name\":\"Domov\",\"item\":\"https:\/\/www.onetimenexttime.sk\/arduino\/\"},{\"@type\":\"ListItem\",\"position\":2,\"name\":\"Obchod\",\"item\":\"https:\/\/www.onetimenexttime.sk\/arduino\/\"},{\"@type\":\"ListItem\",\"position\":3,\"name\":\"TTP229 16 Channel Digital Capacitive Switch Touch Sensor Module For Arduino\"}]},{\"@type\":\"WebSite\",\"@id\":\"https:\/\/www.onetimenexttime.sk\/arduino\/#website\",\"url\":\"https:\/\/www.onetimenexttime.sk\/arduino\/\",\"name\":\"Arduino e-shop\",\"description\":\"Home Assistant\",\"potentialAction\":[{\"@type\":\"SearchAction\",\"target\":{\"@type\":\"EntryPoint\",\"urlTemplate\":\"https:\/\/www.onetimenexttime.sk\/arduino\/?s={search_term_string}\"},\"query-input\":{\"@type\":\"PropertyValueSpecification\",\"valueRequired\":true,\"valueName\":\"search_term_string\"}}],\"inLanguage\":\"sk-SK\"}]}<\/script>\n<!-- \/ Yoast SEO plugin. -->","yoast_head_json":{"title":"TTP229 16 Channel Digital Capacitive Switch Touch Sensor Module For Arduino - Arduino e-shop","robots":{"index":"index","follow":"follow","max-snippet":"max-snippet:-1","max-image-preview":"max-image-preview:large","max-video-preview":"max-video-preview:-1"},"canonical":"https:\/\/www.onetimenexttime.sk\/arduino\/index.php\/produkt\/ttp229-16-channel-digital-capacitive-switch-touch-sensor-module-for-arduino\/","og_locale":"sk_SK","og_type":"article","og_title":"TTP229 16 Channel Digital Capacitive Switch Touch Sensor Module For Arduino - Arduino e-shop","og_description":"TTP229 16 Kan\u00e1lov\u00fd Digit\u00e1lny Kapacitn\u00fd Sp\u00edna\u010dov\u00fd Dotykov\u00fd Senzorov\u00fd Modul pre Arduino Popis: Tento modul obsahuje TTP229 &#8211; integrovan\u00fd obvod s&hellip;","og_url":"https:\/\/www.onetimenexttime.sk\/arduino\/index.php\/produkt\/ttp229-16-channel-digital-capacitive-switch-touch-sensor-module-for-arduino\/","og_site_name":"Arduino e-shop","article_modified_time":"2024-02-22T14:33:13+00:00","og_image":[{"width":558,"height":559,"url":"https:\/\/www.onetimenexttime.sk\/arduino\/wp-content\/uploads\/2021\/10\/222.jpg","type":"image\/jpeg"}],"twitter_card":"summary_large_image","twitter_misc":{"Predpokladan\u00fd \u010das \u010d\u00edtania":"1 min\u00fata"},"schema":{"@context":"https:\/\/schema.org","@graph":[{"@type":"WebPage","@id":"https:\/\/www.onetimenexttime.sk\/arduino\/index.php\/produkt\/ttp229-16-channel-digital-capacitive-switch-touch-sensor-module-for-arduino\/","url":"https:\/\/www.onetimenexttime.sk\/arduino\/index.php\/produkt\/ttp229-16-channel-digital-capacitive-switch-touch-sensor-module-for-arduino\/","name":"TTP229 16 Channel Digital Capacitive Switch Touch Sensor Module For Arduino - Arduino e-shop","isPartOf":{"@id":"https:\/\/www.onetimenexttime.sk\/arduino\/#website"},"primaryImageOfPage":{"@id":"https:\/\/www.onetimenexttime.sk\/arduino\/index.php\/produkt\/ttp229-16-channel-digital-capacitive-switch-touch-sensor-module-for-arduino\/#primaryimage"},"image":{"@id":"https:\/\/www.onetimenexttime.sk\/arduino\/index.php\/produkt\/ttp229-16-channel-digital-capacitive-switch-touch-sensor-module-for-arduino\/#primaryimage"},"thumbnailUrl":"https:\/\/www.onetimenexttime.sk\/arduino\/wp-content\/uploads\/2021\/10\/222.jpg","datePublished":"2021-10-17T18:00:40+00:00","dateModified":"2024-02-22T14:33:13+00:00","breadcrumb":{"@id":"https:\/\/www.onetimenexttime.sk\/arduino\/index.php\/produkt\/ttp229-16-channel-digital-capacitive-switch-touch-sensor-module-for-arduino\/#breadcrumb"},"inLanguage":"sk-SK","potentialAction":[{"@type":"ReadAction","target":["https:\/\/www.onetimenexttime.sk\/arduino\/index.php\/produkt\/ttp229-16-channel-digital-capacitive-switch-touch-sensor-module-for-arduino\/"]}]},{"@type":"ImageObject","inLanguage":"sk-SK","@id":"https:\/\/www.onetimenexttime.sk\/arduino\/index.php\/produkt\/ttp229-16-channel-digital-capacitive-switch-touch-sensor-module-for-arduino\/#primaryimage","url":"https:\/\/www.onetimenexttime.sk\/arduino\/wp-content\/uploads\/2021\/10\/222.jpg","contentUrl":"https:\/\/www.onetimenexttime.sk\/arduino\/wp-content\/uploads\/2021\/10\/222.jpg","width":558,"height":559},{"@type":"BreadcrumbList","@id":"https:\/\/www.onetimenexttime.sk\/arduino\/index.php\/produkt\/ttp229-16-channel-digital-capacitive-switch-touch-sensor-module-for-arduino\/#breadcrumb","itemListElement":[{"@type":"ListItem","position":1,"name":"Domov","item":"https:\/\/www.onetimenexttime.sk\/arduino\/"},{"@type":"ListItem","position":2,"name":"Obchod","item":"https:\/\/www.onetimenexttime.sk\/arduino\/"},{"@type":"ListItem","position":3,"name":"TTP229 16 Channel Digital Capacitive Switch Touch Sensor Module For Arduino"}]},{"@type":"WebSite","@id":"https:\/\/www.onetimenexttime.sk\/arduino\/#website","url":"https:\/\/www.onetimenexttime.sk\/arduino\/","name":"Arduino e-shop","description":"Home Assistant","potentialAction":[{"@type":"SearchAction","target":{"@type":"EntryPoint","urlTemplate":"https:\/\/www.onetimenexttime.sk\/arduino\/?s={search_term_string}"},"query-input":{"@type":"PropertyValueSpecification","valueRequired":true,"valueName":"search_term_string"}}],"inLanguage":"sk-SK"}]}},"_links":{"self":[{"href":"https:\/\/www.onetimenexttime.sk\/arduino\/index.php\/wp-json\/wp\/v2\/product\/66"}],"collection":[{"href":"https:\/\/www.onetimenexttime.sk\/arduino\/index.php\/wp-json\/wp\/v2\/product"}],"about":[{"href":"https:\/\/www.onetimenexttime.sk\/arduino\/index.php\/wp-json\/wp\/v2\/types\/product"}],"wp:featuredmedia":[{"embeddable":true,"href":"https:\/\/www.onetimenexttime.sk\/arduino\/index.php\/wp-json\/wp\/v2\/media\/67"}],"wp:attachment":[{"href":"https:\/\/www.onetimenexttime.sk\/arduino\/index.php\/wp-json\/wp\/v2\/media?parent=66"}],"wp:term":[{"taxonomy":"product_cat","embeddable":true,"href":"https:\/\/www.onetimenexttime.sk\/arduino\/index.php\/wp-json\/wp\/v2\/product_cat?post=66"},{"taxonomy":"product_tag","embeddable":true,"href":"https:\/\/www.onetimenexttime.sk\/arduino\/index.php\/wp-json\/wp\/v2\/product_tag?post=66"}],"curies":[{"name":"wp","href":"https:\/\/api.w.org\/{rel}","templated":true}]}}