{"id":652,"date":"2021-10-30T12:05:22","date_gmt":"2021-10-30T10:05:22","guid":{"rendered":"https:\/\/www.onetimenexttime.sk\/arduino\/?post_type=product&#038;p=652"},"modified":"2021-10-30T12:26:32","modified_gmt":"2021-10-30T10:26:32","slug":"xbee-s2c-zigbee-wireless-module-digi-original-xb24cz7wit-004","status":"publish","type":"product","link":"https:\/\/www.onetimenexttime.sk\/arduino\/index.php\/produkt\/xbee-s2c-zigbee-wireless-module-digi-original-xb24cz7wit-004\/","title":{"rendered":"XBee S2C ZigBee Wireless Module Digi original XB24CZ7WIT-004"},"content":{"rendered":"<h3>XBee S2C ZigBee Wireless Module Digi\u00a0 \u00a0XB24CZ7WIT-004<\/h3>\n<p>&nbsp;<\/p>\n<p><strong>Stru\u010dn\u00fd \u00favod:<\/strong><br \/>\nXbee modul je technol\u00f3gia bezdr\u00f4tov\u00e9ho modulu ZigBee, napr\u00edklad prostredn\u00edctvom medzis\u00e9riov\u00fdch zariaden\u00ed na komunik\u00e1ciu s mikrokontrol\u00e9rom, m\u00f4\u017ee ve\u013emi r\u00fdchlo dosiahnu\u0165 \u00fa\u010del pripojenia zariadenia k sieti ZigBee.<br \/>\nToto je nov\u00fd modul bezdr\u00f4tov\u00e9ho prenosu 2,4 GHz Xbee XB24-Z7WIT-004 vyr\u00e1ban\u00fd spolo\u010dnos\u0165ou Digi. Vylep\u0161en\u00e9 verzie protokolov v\u00fdstupn\u00e9ho v\u00fdkonu a transportu. S\u00e9ria S2 a z\u00e1kladn\u00e9 modely maj\u00fa rovnak\u00e9 defin\u00edcie pinov, ale silnej\u0161\u00ed v\u00fdstupn\u00fd v\u00fdkon -2 mW. Jeho maxim\u00e1lna prenosov\u00e1 vzdialenos\u0165 a\u017e 1200 metrov (vonkaj\u0161ia otvoren\u00e1 vzdialenos\u0165) a prenosov\u00e1 r\u00fdchlos\u0165 a\u017e 250 kbps. Tento modul poskytuje vysoko spo\u013eahliv\u00fd prenos d\u00e1t, ak\u00e9ko\u013evek s\u00e9riov\u00e9 v\u00fdstupn\u00e9 zariadenia m\u00f4\u017eu modul pou\u017ei\u0165 na prenos d\u00e1t, podporu bodov\u00e9ho a viacbodov\u00e9ho sie\u0165ov\u00e9ho prenosu.<br \/>\n<strong>Technick\u00e9 \u0161pecifik\u00e1cie<\/strong><br \/>\n3,3 V @ 40 mA<br \/>\nMaxim\u00e1lna r\u00fdchlos\u0165 prenosu d\u00e1t 250 kbps<br \/>\n2mW v\u00fdstup (+ 3dBm)<br \/>\nDosah 400 st\u00f4p (120 m).<br \/>\nVstavan\u00e1 ant\u00e9na<br \/>\nCertifik\u00e1ciou FCC<br \/>\n6 10-bitov\u00fdch vstupn\u00fdch kol\u00edkov ADC<br \/>\n8 D\u00e1tov\u00e9 IO rozhranie<br \/>\n128-bitov\u00e9 \u0161ifrovanie<br \/>\nMiestna alebo vzduchov\u00e1 konfigur\u00e1cia<br \/>\nSada pr\u00edkazov AT alebo API<\/p>\n","protected":false},"excerpt":{"rendered":"<p>XBee S2C ZigBee Wireless Module Digi\u00a0 \u00a0XB24CZ7WIT-004 &nbsp; Stru\u010dn\u00fd \u00favod: Xbee modul je technol\u00f3gia bezdr\u00f4tov\u00e9ho modulu ZigBee, napr\u00edklad prostredn\u00edctvom medzis\u00e9riov\u00fdch&hellip;<\/p>\n","protected":false},"featured_media":653,"template":"","meta":{"_monsterinsights_skip_tracking":false,"_monsterinsights_sitenote_active":false,"_monsterinsights_sitenote_note":"","_monsterinsights_sitenote_category":0},"product_cat":[16,17,37],"product_tag":[],"class_list":{"0":"post-652","1":"product","2":"type-product","3":"status-publish","4":"has-post-thumbnail","6":"product_cat-ard","7":"product_cat-modul","8":"product_cat-zigbee","10":"first","11":"instock","12":"shipping-taxable","13":"purchasable","14":"product-type-simple"},"yoast_head":"<!-- This site is optimized with the Yoast SEO plugin v23.6 - https:\/\/yoast.com\/wordpress\/plugins\/seo\/ -->\n<title>XBee S2C ZigBee Wireless Module Digi original XB24CZ7WIT-004 - Arduino e-shop<\/title>\n<meta name=\"robots\" content=\"index, follow, max-snippet:-1, max-image-preview:large, max-video-preview:-1\" \/>\n<link rel=\"canonical\" href=\"https:\/\/www.onetimenexttime.sk\/arduino\/index.php\/produkt\/xbee-s2c-zigbee-wireless-module-digi-original-xb24cz7wit-004\/\" \/>\n<meta property=\"og:locale\" content=\"sk_SK\" \/>\n<meta property=\"og:type\" content=\"article\" \/>\n<meta property=\"og:title\" content=\"XBee S2C ZigBee Wireless Module Digi original XB24CZ7WIT-004 - Arduino e-shop\" \/>\n<meta property=\"og:description\" content=\"XBee S2C ZigBee Wireless Module Digi\u00a0 \u00a0XB24CZ7WIT-004 &nbsp; Stru\u010dn\u00fd \u00favod: Xbee modul je technol\u00f3gia bezdr\u00f4tov\u00e9ho modulu ZigBee, napr\u00edklad prostredn\u00edctvom medzis\u00e9riov\u00fdch&hellip;\" \/>\n<meta property=\"og:url\" content=\"https:\/\/www.onetimenexttime.sk\/arduino\/index.php\/produkt\/xbee-s2c-zigbee-wireless-module-digi-original-xb24cz7wit-004\/\" \/>\n<meta property=\"og:site_name\" content=\"Arduino e-shop\" \/>\n<meta property=\"article:modified_time\" content=\"2021-10-30T10:26:32+00:00\" \/>\n<meta property=\"og:image\" content=\"https:\/\/www.onetimenexttime.sk\/arduino\/wp-content\/uploads\/2021\/10\/295-1.jpg\" \/>\n\t<meta property=\"og:image:width\" content=\"511\" \/>\n\t<meta property=\"og:image:height\" content=\"512\" \/>\n\t<meta property=\"og:image:type\" content=\"image\/jpeg\" \/>\n<meta name=\"twitter:card\" content=\"summary_large_image\" \/>\n<meta name=\"twitter:label1\" content=\"Predpokladan\u00fd \u010das \u010d\u00edtania\" \/>\n\t<meta name=\"twitter:data1\" content=\"1 min\u00fata\" \/>\n<script type=\"application\/ld+json\" class=\"yoast-schema-graph\">{\"@context\":\"https:\/\/schema.org\",\"@graph\":[{\"@type\":\"WebPage\",\"@id\":\"https:\/\/www.onetimenexttime.sk\/arduino\/index.php\/produkt\/xbee-s2c-zigbee-wireless-module-digi-original-xb24cz7wit-004\/\",\"url\":\"https:\/\/www.onetimenexttime.sk\/arduino\/index.php\/produkt\/xbee-s2c-zigbee-wireless-module-digi-original-xb24cz7wit-004\/\",\"name\":\"XBee S2C ZigBee Wireless Module Digi original XB24CZ7WIT-004 - Arduino e-shop\",\"isPartOf\":{\"@id\":\"https:\/\/www.onetimenexttime.sk\/arduino\/#website\"},\"primaryImageOfPage\":{\"@id\":\"https:\/\/www.onetimenexttime.sk\/arduino\/index.php\/produkt\/xbee-s2c-zigbee-wireless-module-digi-original-xb24cz7wit-004\/#primaryimage\"},\"image\":{\"@id\":\"https:\/\/www.onetimenexttime.sk\/arduino\/index.php\/produkt\/xbee-s2c-zigbee-wireless-module-digi-original-xb24cz7wit-004\/#primaryimage\"},\"thumbnailUrl\":\"https:\/\/www.onetimenexttime.sk\/arduino\/wp-content\/uploads\/2021\/10\/295-1.jpg\",\"datePublished\":\"2021-10-30T10:05:22+00:00\",\"dateModified\":\"2021-10-30T10:26:32+00:00\",\"breadcrumb\":{\"@id\":\"https:\/\/www.onetimenexttime.sk\/arduino\/index.php\/produkt\/xbee-s2c-zigbee-wireless-module-digi-original-xb24cz7wit-004\/#breadcrumb\"},\"inLanguage\":\"sk-SK\",\"potentialAction\":[{\"@type\":\"ReadAction\",\"target\":[\"https:\/\/www.onetimenexttime.sk\/arduino\/index.php\/produkt\/xbee-s2c-zigbee-wireless-module-digi-original-xb24cz7wit-004\/\"]}]},{\"@type\":\"ImageObject\",\"inLanguage\":\"sk-SK\",\"@id\":\"https:\/\/www.onetimenexttime.sk\/arduino\/index.php\/produkt\/xbee-s2c-zigbee-wireless-module-digi-original-xb24cz7wit-004\/#primaryimage\",\"url\":\"https:\/\/www.onetimenexttime.sk\/arduino\/wp-content\/uploads\/2021\/10\/295-1.jpg\",\"contentUrl\":\"https:\/\/www.onetimenexttime.sk\/arduino\/wp-content\/uploads\/2021\/10\/295-1.jpg\",\"width\":511,\"height\":512},{\"@type\":\"BreadcrumbList\",\"@id\":\"https:\/\/www.onetimenexttime.sk\/arduino\/index.php\/produkt\/xbee-s2c-zigbee-wireless-module-digi-original-xb24cz7wit-004\/#breadcrumb\",\"itemListElement\":[{\"@type\":\"ListItem\",\"position\":1,\"name\":\"Domov\",\"item\":\"https:\/\/www.onetimenexttime.sk\/arduino\/\"},{\"@type\":\"ListItem\",\"position\":2,\"name\":\"Obchod\",\"item\":\"https:\/\/www.onetimenexttime.sk\/arduino\/\"},{\"@type\":\"ListItem\",\"position\":3,\"name\":\"XBee S2C ZigBee Wireless Module Digi original XB24CZ7WIT-004\"}]},{\"@type\":\"WebSite\",\"@id\":\"https:\/\/www.onetimenexttime.sk\/arduino\/#website\",\"url\":\"https:\/\/www.onetimenexttime.sk\/arduino\/\",\"name\":\"Arduino e-shop\",\"description\":\"Home Assistant\",\"potentialAction\":[{\"@type\":\"SearchAction\",\"target\":{\"@type\":\"EntryPoint\",\"urlTemplate\":\"https:\/\/www.onetimenexttime.sk\/arduino\/?s={search_term_string}\"},\"query-input\":{\"@type\":\"PropertyValueSpecification\",\"valueRequired\":true,\"valueName\":\"search_term_string\"}}],\"inLanguage\":\"sk-SK\"}]}<\/script>\n<!-- \/ Yoast SEO plugin. -->","yoast_head_json":{"title":"XBee S2C ZigBee Wireless Module Digi original XB24CZ7WIT-004 - Arduino e-shop","robots":{"index":"index","follow":"follow","max-snippet":"max-snippet:-1","max-image-preview":"max-image-preview:large","max-video-preview":"max-video-preview:-1"},"canonical":"https:\/\/www.onetimenexttime.sk\/arduino\/index.php\/produkt\/xbee-s2c-zigbee-wireless-module-digi-original-xb24cz7wit-004\/","og_locale":"sk_SK","og_type":"article","og_title":"XBee S2C ZigBee Wireless Module Digi original XB24CZ7WIT-004 - Arduino e-shop","og_description":"XBee S2C ZigBee Wireless Module Digi\u00a0 \u00a0XB24CZ7WIT-004 &nbsp; Stru\u010dn\u00fd \u00favod: Xbee modul je technol\u00f3gia bezdr\u00f4tov\u00e9ho modulu ZigBee, napr\u00edklad prostredn\u00edctvom medzis\u00e9riov\u00fdch&hellip;","og_url":"https:\/\/www.onetimenexttime.sk\/arduino\/index.php\/produkt\/xbee-s2c-zigbee-wireless-module-digi-original-xb24cz7wit-004\/","og_site_name":"Arduino e-shop","article_modified_time":"2021-10-30T10:26:32+00:00","og_image":[{"width":511,"height":512,"url":"https:\/\/www.onetimenexttime.sk\/arduino\/wp-content\/uploads\/2021\/10\/295-1.jpg","type":"image\/jpeg"}],"twitter_card":"summary_large_image","twitter_misc":{"Predpokladan\u00fd \u010das \u010d\u00edtania":"1 min\u00fata"},"schema":{"@context":"https:\/\/schema.org","@graph":[{"@type":"WebPage","@id":"https:\/\/www.onetimenexttime.sk\/arduino\/index.php\/produkt\/xbee-s2c-zigbee-wireless-module-digi-original-xb24cz7wit-004\/","url":"https:\/\/www.onetimenexttime.sk\/arduino\/index.php\/produkt\/xbee-s2c-zigbee-wireless-module-digi-original-xb24cz7wit-004\/","name":"XBee S2C ZigBee Wireless Module Digi original XB24CZ7WIT-004 - Arduino e-shop","isPartOf":{"@id":"https:\/\/www.onetimenexttime.sk\/arduino\/#website"},"primaryImageOfPage":{"@id":"https:\/\/www.onetimenexttime.sk\/arduino\/index.php\/produkt\/xbee-s2c-zigbee-wireless-module-digi-original-xb24cz7wit-004\/#primaryimage"},"image":{"@id":"https:\/\/www.onetimenexttime.sk\/arduino\/index.php\/produkt\/xbee-s2c-zigbee-wireless-module-digi-original-xb24cz7wit-004\/#primaryimage"},"thumbnailUrl":"https:\/\/www.onetimenexttime.sk\/arduino\/wp-content\/uploads\/2021\/10\/295-1.jpg","datePublished":"2021-10-30T10:05:22+00:00","dateModified":"2021-10-30T10:26:32+00:00","breadcrumb":{"@id":"https:\/\/www.onetimenexttime.sk\/arduino\/index.php\/produkt\/xbee-s2c-zigbee-wireless-module-digi-original-xb24cz7wit-004\/#breadcrumb"},"inLanguage":"sk-SK","potentialAction":[{"@type":"ReadAction","target":["https:\/\/www.onetimenexttime.sk\/arduino\/index.php\/produkt\/xbee-s2c-zigbee-wireless-module-digi-original-xb24cz7wit-004\/"]}]},{"@type":"ImageObject","inLanguage":"sk-SK","@id":"https:\/\/www.onetimenexttime.sk\/arduino\/index.php\/produkt\/xbee-s2c-zigbee-wireless-module-digi-original-xb24cz7wit-004\/#primaryimage","url":"https:\/\/www.onetimenexttime.sk\/arduino\/wp-content\/uploads\/2021\/10\/295-1.jpg","contentUrl":"https:\/\/www.onetimenexttime.sk\/arduino\/wp-content\/uploads\/2021\/10\/295-1.jpg","width":511,"height":512},{"@type":"BreadcrumbList","@id":"https:\/\/www.onetimenexttime.sk\/arduino\/index.php\/produkt\/xbee-s2c-zigbee-wireless-module-digi-original-xb24cz7wit-004\/#breadcrumb","itemListElement":[{"@type":"ListItem","position":1,"name":"Domov","item":"https:\/\/www.onetimenexttime.sk\/arduino\/"},{"@type":"ListItem","position":2,"name":"Obchod","item":"https:\/\/www.onetimenexttime.sk\/arduino\/"},{"@type":"ListItem","position":3,"name":"XBee S2C ZigBee Wireless Module Digi original XB24CZ7WIT-004"}]},{"@type":"WebSite","@id":"https:\/\/www.onetimenexttime.sk\/arduino\/#website","url":"https:\/\/www.onetimenexttime.sk\/arduino\/","name":"Arduino e-shop","description":"Home Assistant","potentialAction":[{"@type":"SearchAction","target":{"@type":"EntryPoint","urlTemplate":"https:\/\/www.onetimenexttime.sk\/arduino\/?s={search_term_string}"},"query-input":{"@type":"PropertyValueSpecification","valueRequired":true,"valueName":"search_term_string"}}],"inLanguage":"sk-SK"}]}},"_links":{"self":[{"href":"https:\/\/www.onetimenexttime.sk\/arduino\/index.php\/wp-json\/wp\/v2\/product\/652"}],"collection":[{"href":"https:\/\/www.onetimenexttime.sk\/arduino\/index.php\/wp-json\/wp\/v2\/product"}],"about":[{"href":"https:\/\/www.onetimenexttime.sk\/arduino\/index.php\/wp-json\/wp\/v2\/types\/product"}],"wp:featuredmedia":[{"embeddable":true,"href":"https:\/\/www.onetimenexttime.sk\/arduino\/index.php\/wp-json\/wp\/v2\/media\/653"}],"wp:attachment":[{"href":"https:\/\/www.onetimenexttime.sk\/arduino\/index.php\/wp-json\/wp\/v2\/media?parent=652"}],"wp:term":[{"taxonomy":"product_cat","embeddable":true,"href":"https:\/\/www.onetimenexttime.sk\/arduino\/index.php\/wp-json\/wp\/v2\/product_cat?post=652"},{"taxonomy":"product_tag","embeddable":true,"href":"https:\/\/www.onetimenexttime.sk\/arduino\/index.php\/wp-json\/wp\/v2\/product_tag?post=652"}],"curies":[{"name":"wp","href":"https:\/\/api.w.org\/{rel}","templated":true}]}}