{"id":650,"date":"2021-10-30T11:55:05","date_gmt":"2021-10-30T09:55:05","guid":{"rendered":"https:\/\/www.onetimenexttime.sk\/arduino\/?post_type=product&#038;p=650"},"modified":"2021-10-30T11:58:40","modified_gmt":"2021-10-30T09:58:40","slug":"fasdga-5dbi-antenna-aerial-digital-freeview-for-dvb-t-tv-hdtv","status":"publish","type":"product","link":"https:\/\/www.onetimenexttime.sk\/arduino\/index.php\/produkt\/fasdga-5dbi-antenna-aerial-digital-freeview-for-dvb-t-tv-hdtv\/","title":{"rendered":"Fasdga 5Dbi Antenna Aerial Digital Freeview For DVB-T TV HDTV"},"content":{"rendered":"<h2>Ant\u00e9na Fasdga 5Dbi Ant\u00e9na Digital Freeview pre DVB-T TV HDTV<\/h2>\n<p>Zv\u00fd\u0161te silu a kvalitu digit\u00e1lneho\/anal\u00f3gov\u00e9ho sign\u00e1lu.<br \/>\nNevyhnutn\u00fd n\u00e1stroj pre DVB-T USB k\u013e\u00fa\u010d. Poskytnite extra jasn\u00fd poh\u013ead z v\u00e1\u0161ho PC\/laptopu.<br \/>\nMagnetick\u00e1 mont\u00e1\u017e u\u013eah\u010duje jej umiestnenie.<br \/>\nZosil\u0148ova\u010d s vysok\u00fdm ziskom, ide\u00e1lny pre prij\u00edma\u010d digit\u00e1lnej pozemnej telev\u00edzie DVB-T.<br \/>\nJednoduch\u00e1 in\u0161tal\u00e1cia, sta\u010d\u00ed ho jednoducho pripoji\u0165 k DVB-T stick.Konektor pre lep\u0161\u00ed prenos sign\u00e1lu.<br \/>\nTechnick\u00e9 \u00fadaje :<br \/>\nD\u013a\u017eka k\u00e1bla: 1m<br \/>\nKonektor: IEC samec konektor<br \/>\nTeplotn\u00fd rozsah: -20 a\u017e +65 stup\u0148ov Celzia<br \/>\nFrekvencia: 433 MHz 918 MHz.<br \/>\nUpozornenie: Skontrolujte konektor v\u00e1\u0161ho zariadenia, aby ste sa uistili, \u017ee t\u00e1to ant\u00e9na mu vyhovuje.<br \/>\nMateri\u00e1l: me\u010f, plast<br \/>\nZisk: 5 dBi<br \/>\nImpedancia: 50 Ohm<br \/>\nFarba: \u010cierna<br \/>\nPriemer z\u00e1kladne: 3 cm (1,2 palca)<br \/>\nV\u00fd\u0161ka: 14 cm<br \/>\nObsah balenia:<br \/>\n1x Ant\u00e9na<br \/>\nPozn\u00e1mka: Sn\u00edmanie svetla a r\u00f4zne zobrazenia m\u00f4\u017eu sp\u00f4sobi\u0165, \u017ee farba polo\u017eky na obr\u00e1zku sa bude trochu l\u00ed\u0161i\u0165 od skuto\u010dnej veci. Povolen\u00e1 chyba merania je +\/- 1-3 cm.<\/p>\n","protected":false},"excerpt":{"rendered":"<p>Ant\u00e9na Fasdga 5Dbi Ant\u00e9na Digital Freeview pre DVB-T TV HDTV Zv\u00fd\u0161te silu a kvalitu digit\u00e1lneho\/anal\u00f3gov\u00e9ho sign\u00e1lu. Nevyhnutn\u00fd n\u00e1stroj pre DVB-T&hellip;<\/p>\n","protected":false},"featured_media":651,"template":"","meta":{"_monsterinsights_skip_tracking":false,"_monsterinsights_sitenote_active":false,"_monsterinsights_sitenote_note":"","_monsterinsights_sitenote_category":0},"product_cat":[15,35,16,34,36,29],"product_tag":[],"class_list":{"0":"post-650","1":"product","2":"type-product","3":"status-publish","4":"has-post-thumbnail","6":"product_cat-nd","7":"product_cat-antena","8":"product_cat-ard","9":"product_cat-rf","10":"product_cat-tv","11":"product_cat-wireless-transmission","13":"first","14":"instock","15":"sale","16":"shipping-taxable","17":"purchasable","18":"product-type-simple"},"yoast_head":"<!-- This site is optimized with the Yoast SEO plugin v23.6 - https:\/\/yoast.com\/wordpress\/plugins\/seo\/ -->\n<title>Fasdga 5Dbi Antenna Aerial Digital Freeview For DVB-T TV HDTV - Arduino e-shop<\/title>\n<meta name=\"robots\" content=\"index, follow, max-snippet:-1, max-image-preview:large, max-video-preview:-1\" \/>\n<link rel=\"canonical\" href=\"https:\/\/www.onetimenexttime.sk\/arduino\/index.php\/produkt\/fasdga-5dbi-antenna-aerial-digital-freeview-for-dvb-t-tv-hdtv\/\" \/>\n<meta property=\"og:locale\" content=\"sk_SK\" \/>\n<meta property=\"og:type\" content=\"article\" \/>\n<meta property=\"og:title\" content=\"Fasdga 5Dbi Antenna Aerial Digital Freeview For DVB-T TV HDTV - Arduino e-shop\" \/>\n<meta property=\"og:description\" content=\"Ant\u00e9na Fasdga 5Dbi Ant\u00e9na Digital Freeview pre DVB-T TV HDTV Zv\u00fd\u0161te silu a kvalitu digit\u00e1lneho\/anal\u00f3gov\u00e9ho sign\u00e1lu. Nevyhnutn\u00fd n\u00e1stroj pre DVB-T&hellip;\" \/>\n<meta property=\"og:url\" content=\"https:\/\/www.onetimenexttime.sk\/arduino\/index.php\/produkt\/fasdga-5dbi-antenna-aerial-digital-freeview-for-dvb-t-tv-hdtv\/\" \/>\n<meta property=\"og:site_name\" content=\"Arduino e-shop\" \/>\n<meta property=\"article:modified_time\" content=\"2021-10-30T09:58:40+00:00\" \/>\n<meta property=\"og:image\" content=\"https:\/\/www.onetimenexttime.sk\/arduino\/wp-content\/uploads\/2021\/10\/172.jpg\" \/>\n\t<meta property=\"og:image:width\" content=\"511\" \/>\n\t<meta property=\"og:image:height\" content=\"512\" \/>\n\t<meta property=\"og:image:type\" content=\"image\/jpeg\" \/>\n<meta name=\"twitter:card\" content=\"summary_large_image\" \/>\n<meta name=\"twitter:label1\" content=\"Predpokladan\u00fd \u010das \u010d\u00edtania\" \/>\n\t<meta name=\"twitter:data1\" content=\"1 min\u00fata\" \/>\n<script type=\"application\/ld+json\" class=\"yoast-schema-graph\">{\"@context\":\"https:\/\/schema.org\",\"@graph\":[{\"@type\":\"WebPage\",\"@id\":\"https:\/\/www.onetimenexttime.sk\/arduino\/index.php\/produkt\/fasdga-5dbi-antenna-aerial-digital-freeview-for-dvb-t-tv-hdtv\/\",\"url\":\"https:\/\/www.onetimenexttime.sk\/arduino\/index.php\/produkt\/fasdga-5dbi-antenna-aerial-digital-freeview-for-dvb-t-tv-hdtv\/\",\"name\":\"Fasdga 5Dbi Antenna Aerial Digital Freeview For DVB-T TV HDTV - Arduino e-shop\",\"isPartOf\":{\"@id\":\"https:\/\/www.onetimenexttime.sk\/arduino\/#website\"},\"primaryImageOfPage\":{\"@id\":\"https:\/\/www.onetimenexttime.sk\/arduino\/index.php\/produkt\/fasdga-5dbi-antenna-aerial-digital-freeview-for-dvb-t-tv-hdtv\/#primaryimage\"},\"image\":{\"@id\":\"https:\/\/www.onetimenexttime.sk\/arduino\/index.php\/produkt\/fasdga-5dbi-antenna-aerial-digital-freeview-for-dvb-t-tv-hdtv\/#primaryimage\"},\"thumbnailUrl\":\"https:\/\/www.onetimenexttime.sk\/arduino\/wp-content\/uploads\/2021\/10\/172.jpg\",\"datePublished\":\"2021-10-30T09:55:05+00:00\",\"dateModified\":\"2021-10-30T09:58:40+00:00\",\"breadcrumb\":{\"@id\":\"https:\/\/www.onetimenexttime.sk\/arduino\/index.php\/produkt\/fasdga-5dbi-antenna-aerial-digital-freeview-for-dvb-t-tv-hdtv\/#breadcrumb\"},\"inLanguage\":\"sk-SK\",\"potentialAction\":[{\"@type\":\"ReadAction\",\"target\":[\"https:\/\/www.onetimenexttime.sk\/arduino\/index.php\/produkt\/fasdga-5dbi-antenna-aerial-digital-freeview-for-dvb-t-tv-hdtv\/\"]}]},{\"@type\":\"ImageObject\",\"inLanguage\":\"sk-SK\",\"@id\":\"https:\/\/www.onetimenexttime.sk\/arduino\/index.php\/produkt\/fasdga-5dbi-antenna-aerial-digital-freeview-for-dvb-t-tv-hdtv\/#primaryimage\",\"url\":\"https:\/\/www.onetimenexttime.sk\/arduino\/wp-content\/uploads\/2021\/10\/172.jpg\",\"contentUrl\":\"https:\/\/www.onetimenexttime.sk\/arduino\/wp-content\/uploads\/2021\/10\/172.jpg\",\"width\":511,\"height\":512},{\"@type\":\"BreadcrumbList\",\"@id\":\"https:\/\/www.onetimenexttime.sk\/arduino\/index.php\/produkt\/fasdga-5dbi-antenna-aerial-digital-freeview-for-dvb-t-tv-hdtv\/#breadcrumb\",\"itemListElement\":[{\"@type\":\"ListItem\",\"position\":1,\"name\":\"Domov\",\"item\":\"https:\/\/www.onetimenexttime.sk\/arduino\/\"},{\"@type\":\"ListItem\",\"position\":2,\"name\":\"Obchod\",\"item\":\"https:\/\/www.onetimenexttime.sk\/arduino\/\"},{\"@type\":\"ListItem\",\"position\":3,\"name\":\"Fasdga 5Dbi Antenna Aerial Digital Freeview For DVB-T TV HDTV\"}]},{\"@type\":\"WebSite\",\"@id\":\"https:\/\/www.onetimenexttime.sk\/arduino\/#website\",\"url\":\"https:\/\/www.onetimenexttime.sk\/arduino\/\",\"name\":\"Arduino e-shop\",\"description\":\"Home Assistant\",\"potentialAction\":[{\"@type\":\"SearchAction\",\"target\":{\"@type\":\"EntryPoint\",\"urlTemplate\":\"https:\/\/www.onetimenexttime.sk\/arduino\/?s={search_term_string}\"},\"query-input\":{\"@type\":\"PropertyValueSpecification\",\"valueRequired\":true,\"valueName\":\"search_term_string\"}}],\"inLanguage\":\"sk-SK\"}]}<\/script>\n<!-- \/ Yoast SEO plugin. -->","yoast_head_json":{"title":"Fasdga 5Dbi Antenna Aerial Digital Freeview For DVB-T TV HDTV - Arduino e-shop","robots":{"index":"index","follow":"follow","max-snippet":"max-snippet:-1","max-image-preview":"max-image-preview:large","max-video-preview":"max-video-preview:-1"},"canonical":"https:\/\/www.onetimenexttime.sk\/arduino\/index.php\/produkt\/fasdga-5dbi-antenna-aerial-digital-freeview-for-dvb-t-tv-hdtv\/","og_locale":"sk_SK","og_type":"article","og_title":"Fasdga 5Dbi Antenna Aerial Digital Freeview For DVB-T TV HDTV - Arduino e-shop","og_description":"Ant\u00e9na Fasdga 5Dbi Ant\u00e9na Digital Freeview pre DVB-T TV HDTV Zv\u00fd\u0161te silu a kvalitu digit\u00e1lneho\/anal\u00f3gov\u00e9ho sign\u00e1lu. Nevyhnutn\u00fd n\u00e1stroj pre DVB-T&hellip;","og_url":"https:\/\/www.onetimenexttime.sk\/arduino\/index.php\/produkt\/fasdga-5dbi-antenna-aerial-digital-freeview-for-dvb-t-tv-hdtv\/","og_site_name":"Arduino e-shop","article_modified_time":"2021-10-30T09:58:40+00:00","og_image":[{"width":511,"height":512,"url":"https:\/\/www.onetimenexttime.sk\/arduino\/wp-content\/uploads\/2021\/10\/172.jpg","type":"image\/jpeg"}],"twitter_card":"summary_large_image","twitter_misc":{"Predpokladan\u00fd \u010das \u010d\u00edtania":"1 min\u00fata"},"schema":{"@context":"https:\/\/schema.org","@graph":[{"@type":"WebPage","@id":"https:\/\/www.onetimenexttime.sk\/arduino\/index.php\/produkt\/fasdga-5dbi-antenna-aerial-digital-freeview-for-dvb-t-tv-hdtv\/","url":"https:\/\/www.onetimenexttime.sk\/arduino\/index.php\/produkt\/fasdga-5dbi-antenna-aerial-digital-freeview-for-dvb-t-tv-hdtv\/","name":"Fasdga 5Dbi Antenna Aerial Digital Freeview For DVB-T TV HDTV - Arduino e-shop","isPartOf":{"@id":"https:\/\/www.onetimenexttime.sk\/arduino\/#website"},"primaryImageOfPage":{"@id":"https:\/\/www.onetimenexttime.sk\/arduino\/index.php\/produkt\/fasdga-5dbi-antenna-aerial-digital-freeview-for-dvb-t-tv-hdtv\/#primaryimage"},"image":{"@id":"https:\/\/www.onetimenexttime.sk\/arduino\/index.php\/produkt\/fasdga-5dbi-antenna-aerial-digital-freeview-for-dvb-t-tv-hdtv\/#primaryimage"},"thumbnailUrl":"https:\/\/www.onetimenexttime.sk\/arduino\/wp-content\/uploads\/2021\/10\/172.jpg","datePublished":"2021-10-30T09:55:05+00:00","dateModified":"2021-10-30T09:58:40+00:00","breadcrumb":{"@id":"https:\/\/www.onetimenexttime.sk\/arduino\/index.php\/produkt\/fasdga-5dbi-antenna-aerial-digital-freeview-for-dvb-t-tv-hdtv\/#breadcrumb"},"inLanguage":"sk-SK","potentialAction":[{"@type":"ReadAction","target":["https:\/\/www.onetimenexttime.sk\/arduino\/index.php\/produkt\/fasdga-5dbi-antenna-aerial-digital-freeview-for-dvb-t-tv-hdtv\/"]}]},{"@type":"ImageObject","inLanguage":"sk-SK","@id":"https:\/\/www.onetimenexttime.sk\/arduino\/index.php\/produkt\/fasdga-5dbi-antenna-aerial-digital-freeview-for-dvb-t-tv-hdtv\/#primaryimage","url":"https:\/\/www.onetimenexttime.sk\/arduino\/wp-content\/uploads\/2021\/10\/172.jpg","contentUrl":"https:\/\/www.onetimenexttime.sk\/arduino\/wp-content\/uploads\/2021\/10\/172.jpg","width":511,"height":512},{"@type":"BreadcrumbList","@id":"https:\/\/www.onetimenexttime.sk\/arduino\/index.php\/produkt\/fasdga-5dbi-antenna-aerial-digital-freeview-for-dvb-t-tv-hdtv\/#breadcrumb","itemListElement":[{"@type":"ListItem","position":1,"name":"Domov","item":"https:\/\/www.onetimenexttime.sk\/arduino\/"},{"@type":"ListItem","position":2,"name":"Obchod","item":"https:\/\/www.onetimenexttime.sk\/arduino\/"},{"@type":"ListItem","position":3,"name":"Fasdga 5Dbi Antenna Aerial Digital Freeview For DVB-T TV HDTV"}]},{"@type":"WebSite","@id":"https:\/\/www.onetimenexttime.sk\/arduino\/#website","url":"https:\/\/www.onetimenexttime.sk\/arduino\/","name":"Arduino e-shop","description":"Home Assistant","potentialAction":[{"@type":"SearchAction","target":{"@type":"EntryPoint","urlTemplate":"https:\/\/www.onetimenexttime.sk\/arduino\/?s={search_term_string}"},"query-input":{"@type":"PropertyValueSpecification","valueRequired":true,"valueName":"search_term_string"}}],"inLanguage":"sk-SK"}]}},"_links":{"self":[{"href":"https:\/\/www.onetimenexttime.sk\/arduino\/index.php\/wp-json\/wp\/v2\/product\/650"}],"collection":[{"href":"https:\/\/www.onetimenexttime.sk\/arduino\/index.php\/wp-json\/wp\/v2\/product"}],"about":[{"href":"https:\/\/www.onetimenexttime.sk\/arduino\/index.php\/wp-json\/wp\/v2\/types\/product"}],"wp:featuredmedia":[{"embeddable":true,"href":"https:\/\/www.onetimenexttime.sk\/arduino\/index.php\/wp-json\/wp\/v2\/media\/651"}],"wp:attachment":[{"href":"https:\/\/www.onetimenexttime.sk\/arduino\/index.php\/wp-json\/wp\/v2\/media?parent=650"}],"wp:term":[{"taxonomy":"product_cat","embeddable":true,"href":"https:\/\/www.onetimenexttime.sk\/arduino\/index.php\/wp-json\/wp\/v2\/product_cat?post=650"},{"taxonomy":"product_tag","embeddable":true,"href":"https:\/\/www.onetimenexttime.sk\/arduino\/index.php\/wp-json\/wp\/v2\/product_tag?post=650"}],"curies":[{"name":"wp","href":"https:\/\/api.w.org\/{rel}","templated":true}]}}