{"id":646,"date":"2021-10-30T11:34:31","date_gmt":"2021-10-30T09:34:31","guid":{"rendered":"https:\/\/www.onetimenexttime.sk\/arduino\/?post_type=product&#038;p=646"},"modified":"2021-10-30T11:38:18","modified_gmt":"2021-10-30T09:38:18","slug":"portable-rp-sma-2-4ghz-high-gain-16-dbi-yagi-wireless-wlan-wifi-receiver-signal-extender-aerial-for-modem-pci-card-router","status":"publish","type":"product","link":"https:\/\/www.onetimenexttime.sk\/arduino\/index.php\/produkt\/portable-rp-sma-2-4ghz-high-gain-16-dbi-yagi-wireless-wlan-wifi-receiver-signal-extender-aerial-for-modem-pci-card-router\/","title":{"rendered":"Portable RP-SMA 2.4GHz High Gain 16 DBi Yagi Wireless WLAN WiFi Receiver Signal Extender Aerial For Modem PCI Card Router"},"content":{"rendered":"<h2>Prenosn\u00fd RP-SMA 2,4 GHz High Gain 16 DBi Yagi Wireless WLAN WiFi prij\u00edma\u010d Signal Extender Ant\u00e9na pre modem PCI Card Router<\/h2>\n<p>&nbsp;<\/p>\n<p>Vlastnosti:<br \/>\nJedn\u00e1 sa o v\u0161estrann\u00fa vysoko v\u00fdkonn\u00fa smerov\u00fa ant\u00e9nu WiFi.<br \/>\nJednoduch\u00e1 in\u0161tal\u00e1cia, dobr\u00fd vzh\u013ead.<br \/>\nRP-SMA samec konektor (bez kol\u00edka vo vn\u00fatri).<br \/>\nT\u00e1to polo\u017eka podporuje iba frekvenciu 2,4 GHz (WiFi\/WLAN\/WiMax).<br \/>\n\u0160\u00edrka vzpriamen\u00e9ho laloku: 23\u00b0<br \/>\n\u0160\u00edrka horizont\u00e1lneho laloku: 26\u00b0<\/p>\n<p>Popis:<br \/>\nKompaktn\u00e1 ve\u013ekos\u0165.<br \/>\nD\u013a\u017eka k\u00e1bla : 150 cm \u0160\u00edrka p\u00e1sma : 2400 MHz<br \/>\nPozor: RP-SMA samec konektor (bez kol\u00edka vo vn\u00fatri). T\u00e1to polo\u017eka podporuje iba frekvenciu 2,4 GHz (Wifi\/WLAN\/WiMax).<\/p>\n<p>Technick\u00e9 \u00fadaje :<br \/>\nFarba: Strieborn\u00e1<br \/>\nD\u013a\u017eka k\u00e1bla: 150 cm<br \/>\n\u0160\u00edrka p\u00e1sma: 2400 MHz<br \/>\nMaxim\u00e1lny v\u00fdkon-W: 50<br \/>\nVstupn\u00e1 impedancia: 50 ohmov<br \/>\n\u0160\u00edrka p\u00e1sma-MHz: 100<br \/>\nVe\u013ekos\u0165 produktu: 50 cm x 7 cm x 3 cm<br \/>\nZisk: 16 dBi<br \/>\n\u0160\u00edrka vzpriamen\u00e9ho laloku: 23\u00b0<br \/>\n\u0160\u00edrka horizont\u00e1lneho laloku: 26\u00b0<\/p>\n<p>Balenie obsahuje :<br \/>\n1 x 16-jednotkov\u00e1 ant\u00e9na Fish Bone<\/p>\n","protected":false},"excerpt":{"rendered":"<p>Prenosn\u00fd RP-SMA 2,4 GHz High Gain 16 DBi Yagi Wireless WLAN WiFi prij\u00edma\u010d Signal Extender Ant\u00e9na pre modem PCI Card&hellip;<\/p>\n","protected":false},"featured_media":647,"template":"","meta":{"_monsterinsights_skip_tracking":false,"_monsterinsights_sitenote_active":false,"_monsterinsights_sitenote_note":"","_monsterinsights_sitenote_category":0},"product_cat":[15,35,16,29],"product_tag":[],"class_list":{"0":"post-646","1":"product","2":"type-product","3":"status-publish","4":"has-post-thumbnail","6":"product_cat-nd","7":"product_cat-antena","8":"product_cat-ard","9":"product_cat-wireless-transmission","11":"first","12":"instock","13":"sale","14":"shipping-taxable","15":"purchasable","16":"product-type-simple"},"yoast_head":"<!-- This site is optimized with the Yoast SEO plugin v23.6 - https:\/\/yoast.com\/wordpress\/plugins\/seo\/ -->\n<title>Portable RP-SMA 2.4GHz High Gain 16 DBi Yagi Wireless WLAN WiFi Receiver Signal Extender Aerial For Modem PCI Card Router - Arduino e-shop<\/title>\n<meta name=\"robots\" content=\"index, follow, max-snippet:-1, max-image-preview:large, max-video-preview:-1\" \/>\n<link rel=\"canonical\" href=\"https:\/\/www.onetimenexttime.sk\/arduino\/index.php\/produkt\/portable-rp-sma-2-4ghz-high-gain-16-dbi-yagi-wireless-wlan-wifi-receiver-signal-extender-aerial-for-modem-pci-card-router\/\" \/>\n<meta property=\"og:locale\" content=\"sk_SK\" \/>\n<meta property=\"og:type\" content=\"article\" \/>\n<meta property=\"og:title\" content=\"Portable RP-SMA 2.4GHz High Gain 16 DBi Yagi Wireless WLAN WiFi Receiver Signal Extender Aerial For Modem PCI Card Router - Arduino e-shop\" \/>\n<meta property=\"og:description\" content=\"Prenosn\u00fd RP-SMA 2,4 GHz High Gain 16 DBi Yagi Wireless WLAN WiFi prij\u00edma\u010d Signal Extender Ant\u00e9na pre modem PCI Card&hellip;\" \/>\n<meta property=\"og:url\" content=\"https:\/\/www.onetimenexttime.sk\/arduino\/index.php\/produkt\/portable-rp-sma-2-4ghz-high-gain-16-dbi-yagi-wireless-wlan-wifi-receiver-signal-extender-aerial-for-modem-pci-card-router\/\" \/>\n<meta property=\"og:site_name\" content=\"Arduino e-shop\" \/>\n<meta property=\"article:modified_time\" content=\"2021-10-30T09:38:18+00:00\" \/>\n<meta property=\"og:image\" content=\"https:\/\/www.onetimenexttime.sk\/arduino\/wp-content\/uploads\/2021\/10\/170.jpg\" \/>\n\t<meta property=\"og:image:width\" content=\"511\" \/>\n\t<meta property=\"og:image:height\" content=\"512\" \/>\n\t<meta property=\"og:image:type\" content=\"image\/jpeg\" \/>\n<meta name=\"twitter:card\" content=\"summary_large_image\" \/>\n<meta name=\"twitter:label1\" content=\"Predpokladan\u00fd \u010das \u010d\u00edtania\" \/>\n\t<meta name=\"twitter:data1\" content=\"1 min\u00fata\" \/>\n<script type=\"application\/ld+json\" class=\"yoast-schema-graph\">{\"@context\":\"https:\/\/schema.org\",\"@graph\":[{\"@type\":\"WebPage\",\"@id\":\"https:\/\/www.onetimenexttime.sk\/arduino\/index.php\/produkt\/portable-rp-sma-2-4ghz-high-gain-16-dbi-yagi-wireless-wlan-wifi-receiver-signal-extender-aerial-for-modem-pci-card-router\/\",\"url\":\"https:\/\/www.onetimenexttime.sk\/arduino\/index.php\/produkt\/portable-rp-sma-2-4ghz-high-gain-16-dbi-yagi-wireless-wlan-wifi-receiver-signal-extender-aerial-for-modem-pci-card-router\/\",\"name\":\"Portable RP-SMA 2.4GHz High Gain 16 DBi Yagi Wireless WLAN WiFi Receiver Signal Extender Aerial For Modem PCI Card Router - Arduino e-shop\",\"isPartOf\":{\"@id\":\"https:\/\/www.onetimenexttime.sk\/arduino\/#website\"},\"primaryImageOfPage\":{\"@id\":\"https:\/\/www.onetimenexttime.sk\/arduino\/index.php\/produkt\/portable-rp-sma-2-4ghz-high-gain-16-dbi-yagi-wireless-wlan-wifi-receiver-signal-extender-aerial-for-modem-pci-card-router\/#primaryimage\"},\"image\":{\"@id\":\"https:\/\/www.onetimenexttime.sk\/arduino\/index.php\/produkt\/portable-rp-sma-2-4ghz-high-gain-16-dbi-yagi-wireless-wlan-wifi-receiver-signal-extender-aerial-for-modem-pci-card-router\/#primaryimage\"},\"thumbnailUrl\":\"https:\/\/www.onetimenexttime.sk\/arduino\/wp-content\/uploads\/2021\/10\/170.jpg\",\"datePublished\":\"2021-10-30T09:34:31+00:00\",\"dateModified\":\"2021-10-30T09:38:18+00:00\",\"breadcrumb\":{\"@id\":\"https:\/\/www.onetimenexttime.sk\/arduino\/index.php\/produkt\/portable-rp-sma-2-4ghz-high-gain-16-dbi-yagi-wireless-wlan-wifi-receiver-signal-extender-aerial-for-modem-pci-card-router\/#breadcrumb\"},\"inLanguage\":\"sk-SK\",\"potentialAction\":[{\"@type\":\"ReadAction\",\"target\":[\"https:\/\/www.onetimenexttime.sk\/arduino\/index.php\/produkt\/portable-rp-sma-2-4ghz-high-gain-16-dbi-yagi-wireless-wlan-wifi-receiver-signal-extender-aerial-for-modem-pci-card-router\/\"]}]},{\"@type\":\"ImageObject\",\"inLanguage\":\"sk-SK\",\"@id\":\"https:\/\/www.onetimenexttime.sk\/arduino\/index.php\/produkt\/portable-rp-sma-2-4ghz-high-gain-16-dbi-yagi-wireless-wlan-wifi-receiver-signal-extender-aerial-for-modem-pci-card-router\/#primaryimage\",\"url\":\"https:\/\/www.onetimenexttime.sk\/arduino\/wp-content\/uploads\/2021\/10\/170.jpg\",\"contentUrl\":\"https:\/\/www.onetimenexttime.sk\/arduino\/wp-content\/uploads\/2021\/10\/170.jpg\",\"width\":511,\"height\":512},{\"@type\":\"BreadcrumbList\",\"@id\":\"https:\/\/www.onetimenexttime.sk\/arduino\/index.php\/produkt\/portable-rp-sma-2-4ghz-high-gain-16-dbi-yagi-wireless-wlan-wifi-receiver-signal-extender-aerial-for-modem-pci-card-router\/#breadcrumb\",\"itemListElement\":[{\"@type\":\"ListItem\",\"position\":1,\"name\":\"Domov\",\"item\":\"https:\/\/www.onetimenexttime.sk\/arduino\/\"},{\"@type\":\"ListItem\",\"position\":2,\"name\":\"Obchod\",\"item\":\"https:\/\/www.onetimenexttime.sk\/arduino\/\"},{\"@type\":\"ListItem\",\"position\":3,\"name\":\"Portable RP-SMA 2.4GHz High Gain 16 DBi Yagi Wireless WLAN WiFi Receiver Signal Extender Aerial For Modem PCI Card Router\"}]},{\"@type\":\"WebSite\",\"@id\":\"https:\/\/www.onetimenexttime.sk\/arduino\/#website\",\"url\":\"https:\/\/www.onetimenexttime.sk\/arduino\/\",\"name\":\"Arduino e-shop\",\"description\":\"Home Assistant\",\"potentialAction\":[{\"@type\":\"SearchAction\",\"target\":{\"@type\":\"EntryPoint\",\"urlTemplate\":\"https:\/\/www.onetimenexttime.sk\/arduino\/?s={search_term_string}\"},\"query-input\":{\"@type\":\"PropertyValueSpecification\",\"valueRequired\":true,\"valueName\":\"search_term_string\"}}],\"inLanguage\":\"sk-SK\"}]}<\/script>\n<!-- \/ Yoast SEO plugin. -->","yoast_head_json":{"title":"Portable RP-SMA 2.4GHz High Gain 16 DBi Yagi Wireless WLAN WiFi Receiver Signal Extender Aerial For Modem PCI Card Router - Arduino e-shop","robots":{"index":"index","follow":"follow","max-snippet":"max-snippet:-1","max-image-preview":"max-image-preview:large","max-video-preview":"max-video-preview:-1"},"canonical":"https:\/\/www.onetimenexttime.sk\/arduino\/index.php\/produkt\/portable-rp-sma-2-4ghz-high-gain-16-dbi-yagi-wireless-wlan-wifi-receiver-signal-extender-aerial-for-modem-pci-card-router\/","og_locale":"sk_SK","og_type":"article","og_title":"Portable RP-SMA 2.4GHz High Gain 16 DBi Yagi Wireless WLAN WiFi Receiver Signal Extender Aerial For Modem PCI Card Router - Arduino e-shop","og_description":"Prenosn\u00fd RP-SMA 2,4 GHz High Gain 16 DBi Yagi Wireless WLAN WiFi prij\u00edma\u010d Signal Extender Ant\u00e9na pre modem PCI Card&hellip;","og_url":"https:\/\/www.onetimenexttime.sk\/arduino\/index.php\/produkt\/portable-rp-sma-2-4ghz-high-gain-16-dbi-yagi-wireless-wlan-wifi-receiver-signal-extender-aerial-for-modem-pci-card-router\/","og_site_name":"Arduino e-shop","article_modified_time":"2021-10-30T09:38:18+00:00","og_image":[{"width":511,"height":512,"url":"https:\/\/www.onetimenexttime.sk\/arduino\/wp-content\/uploads\/2021\/10\/170.jpg","type":"image\/jpeg"}],"twitter_card":"summary_large_image","twitter_misc":{"Predpokladan\u00fd \u010das \u010d\u00edtania":"1 min\u00fata"},"schema":{"@context":"https:\/\/schema.org","@graph":[{"@type":"WebPage","@id":"https:\/\/www.onetimenexttime.sk\/arduino\/index.php\/produkt\/portable-rp-sma-2-4ghz-high-gain-16-dbi-yagi-wireless-wlan-wifi-receiver-signal-extender-aerial-for-modem-pci-card-router\/","url":"https:\/\/www.onetimenexttime.sk\/arduino\/index.php\/produkt\/portable-rp-sma-2-4ghz-high-gain-16-dbi-yagi-wireless-wlan-wifi-receiver-signal-extender-aerial-for-modem-pci-card-router\/","name":"Portable RP-SMA 2.4GHz High Gain 16 DBi Yagi Wireless WLAN WiFi Receiver Signal Extender Aerial For Modem PCI Card Router - Arduino e-shop","isPartOf":{"@id":"https:\/\/www.onetimenexttime.sk\/arduino\/#website"},"primaryImageOfPage":{"@id":"https:\/\/www.onetimenexttime.sk\/arduino\/index.php\/produkt\/portable-rp-sma-2-4ghz-high-gain-16-dbi-yagi-wireless-wlan-wifi-receiver-signal-extender-aerial-for-modem-pci-card-router\/#primaryimage"},"image":{"@id":"https:\/\/www.onetimenexttime.sk\/arduino\/index.php\/produkt\/portable-rp-sma-2-4ghz-high-gain-16-dbi-yagi-wireless-wlan-wifi-receiver-signal-extender-aerial-for-modem-pci-card-router\/#primaryimage"},"thumbnailUrl":"https:\/\/www.onetimenexttime.sk\/arduino\/wp-content\/uploads\/2021\/10\/170.jpg","datePublished":"2021-10-30T09:34:31+00:00","dateModified":"2021-10-30T09:38:18+00:00","breadcrumb":{"@id":"https:\/\/www.onetimenexttime.sk\/arduino\/index.php\/produkt\/portable-rp-sma-2-4ghz-high-gain-16-dbi-yagi-wireless-wlan-wifi-receiver-signal-extender-aerial-for-modem-pci-card-router\/#breadcrumb"},"inLanguage":"sk-SK","potentialAction":[{"@type":"ReadAction","target":["https:\/\/www.onetimenexttime.sk\/arduino\/index.php\/produkt\/portable-rp-sma-2-4ghz-high-gain-16-dbi-yagi-wireless-wlan-wifi-receiver-signal-extender-aerial-for-modem-pci-card-router\/"]}]},{"@type":"ImageObject","inLanguage":"sk-SK","@id":"https:\/\/www.onetimenexttime.sk\/arduino\/index.php\/produkt\/portable-rp-sma-2-4ghz-high-gain-16-dbi-yagi-wireless-wlan-wifi-receiver-signal-extender-aerial-for-modem-pci-card-router\/#primaryimage","url":"https:\/\/www.onetimenexttime.sk\/arduino\/wp-content\/uploads\/2021\/10\/170.jpg","contentUrl":"https:\/\/www.onetimenexttime.sk\/arduino\/wp-content\/uploads\/2021\/10\/170.jpg","width":511,"height":512},{"@type":"BreadcrumbList","@id":"https:\/\/www.onetimenexttime.sk\/arduino\/index.php\/produkt\/portable-rp-sma-2-4ghz-high-gain-16-dbi-yagi-wireless-wlan-wifi-receiver-signal-extender-aerial-for-modem-pci-card-router\/#breadcrumb","itemListElement":[{"@type":"ListItem","position":1,"name":"Domov","item":"https:\/\/www.onetimenexttime.sk\/arduino\/"},{"@type":"ListItem","position":2,"name":"Obchod","item":"https:\/\/www.onetimenexttime.sk\/arduino\/"},{"@type":"ListItem","position":3,"name":"Portable RP-SMA 2.4GHz High Gain 16 DBi Yagi Wireless WLAN WiFi Receiver Signal Extender Aerial For Modem PCI Card Router"}]},{"@type":"WebSite","@id":"https:\/\/www.onetimenexttime.sk\/arduino\/#website","url":"https:\/\/www.onetimenexttime.sk\/arduino\/","name":"Arduino e-shop","description":"Home Assistant","potentialAction":[{"@type":"SearchAction","target":{"@type":"EntryPoint","urlTemplate":"https:\/\/www.onetimenexttime.sk\/arduino\/?s={search_term_string}"},"query-input":{"@type":"PropertyValueSpecification","valueRequired":true,"valueName":"search_term_string"}}],"inLanguage":"sk-SK"}]}},"_links":{"self":[{"href":"https:\/\/www.onetimenexttime.sk\/arduino\/index.php\/wp-json\/wp\/v2\/product\/646"}],"collection":[{"href":"https:\/\/www.onetimenexttime.sk\/arduino\/index.php\/wp-json\/wp\/v2\/product"}],"about":[{"href":"https:\/\/www.onetimenexttime.sk\/arduino\/index.php\/wp-json\/wp\/v2\/types\/product"}],"wp:featuredmedia":[{"embeddable":true,"href":"https:\/\/www.onetimenexttime.sk\/arduino\/index.php\/wp-json\/wp\/v2\/media\/647"}],"wp:attachment":[{"href":"https:\/\/www.onetimenexttime.sk\/arduino\/index.php\/wp-json\/wp\/v2\/media?parent=646"}],"wp:term":[{"taxonomy":"product_cat","embeddable":true,"href":"https:\/\/www.onetimenexttime.sk\/arduino\/index.php\/wp-json\/wp\/v2\/product_cat?post=646"},{"taxonomy":"product_tag","embeddable":true,"href":"https:\/\/www.onetimenexttime.sk\/arduino\/index.php\/wp-json\/wp\/v2\/product_tag?post=646"}],"curies":[{"name":"wp","href":"https:\/\/api.w.org\/{rel}","templated":true}]}}