{"id":627,"date":"2021-10-30T06:32:27","date_gmt":"2021-10-30T04:32:27","guid":{"rendered":"https:\/\/www.onetimenexttime.sk\/arduino\/?post_type=product&#038;p=627"},"modified":"2021-10-30T07:00:20","modified_gmt":"2021-10-30T05:00:20","slug":"d1-mini-mini-nodemcu-4m-bytes-lua-wifi-internet-of-things-development-board-based-esp8266-by-wemos","status":"publish","type":"product","link":"https:\/\/www.onetimenexttime.sk\/arduino\/index.php\/produkt\/d1-mini-mini-nodemcu-4m-bytes-lua-wifi-internet-of-things-development-board-based-esp8266-by-wemos\/","title":{"rendered":"V3 Wireless module NodeMcu 4M bytes Lua WIFI Internet of Things development board based ESP8266 esp-12e"},"content":{"rendered":"<h2>Bezdr\u00f4tov\u00fd modul V3 NodeMcu 4M bajtov Lua WIFI Internet of Things v\u00fdvojov\u00e1 doska zalo\u017een\u00e1 na ESP8266 esp-12e pre Arduino<\/h2>\n<p>&nbsp;<\/p>\n<p>NodeMCU je open-source firmv\u00e9r a v\u00fdvojov\u00e1 s\u00faprava, ktor\u00e1 v\u00e1m pom\u00f4\u017ee vytvori\u0165 prototyp v\u00e1\u0161ho produktu IoT v nieko\u013ek\u00fdch riadkoch skriptu Lua. \u010eal\u0161ie podrobnosti n\u00e1jdete na str\u00e1nke<\/p>\n<p>Open-source<\/p>\n<p>Interakt\u00edvne<\/p>\n<p>Programovate\u013en\u00e9<\/p>\n<p>N\u00edzke n\u00e1klady<\/p>\n<p>Jednoduch\u00e9<\/p>\n<p>Inteligentn\u00fd<\/p>\n<p>WI-FI povolen\u00e9<\/p>\n<p>Ard \u2013 hardv\u00e9rov\u00fd IO podobn\u00fd uino<br \/>\nPokro\u010dil\u00e9 API pre hardv\u00e9r IO, ktor\u00e9 m\u00f4\u017ee v\u00fdrazne zn\u00ed\u017ei\u0165 nadbyto\u010dn\u00fa pr\u00e1cu pri konfigur\u00e1cii a manipul\u00e1cii s hardv\u00e9rom.<\/p>\n<p>K\u00f3d ako ard&#8211;uino, ale interakt\u00edvne v skripte Lua.<\/p>\n<p>Sie\u0165ov\u00e9 API v \u0161t\u00fdle Nodejs<br \/>\nUdalos\u0165ou riaden\u00e9 API pre sie\u0165ov\u00e9 aplik\u00e1cie, ktor\u00e9 v\u00fdvoj\u00e1rom u\u013eah\u010duje p\u00edsanie k\u00f3du be\u017eiaceho na MCU s rozmermi 5 mm x 5 mm v \u0161t\u00fdle Nodejs.<\/p>\n<p>V\u00fdrazne ur\u00fdchlite proces v\u00fdvoja aplik\u00e1cie IOT.<\/p>\n<p>Najlacnej\u0161ie WI-FI<br \/>\nMenej ako 2 dol\u00e1re integrovan\u00e1 WI-FI MCU ESP8266 a v\u00fdvojov\u00e1 s\u00faprava esay na prototypovanie.<\/p>\n<p>Poskytujeme najlep\u0161iu platformu pre v\u00fdvoj aplik\u00e1ci\u00ed IOT za najni\u017e\u0161ie n\u00e1klady.<\/p>\n<p>\u0160pecifik\u00e1cia<br \/>\nV\u00fdvojov\u00e1 s\u00faprava zalo\u017een\u00e1 na ESP8266 integruje GPIO, PWM, IIC, 1-Wire a ADC v\u0161etko do jednej dosky.<\/p>\n<p>Posilnite svoj v\u00fdvoj najr\u00fdchlej\u0161\u00edm sp\u00f4sobom v kombin\u00e1cii s firmv\u00e9rom NodeMCU!<\/p>\n<p>Vr\u00e1tane USB-TTL, plug&amp;play<\/p>\n<p>10 GPIO, ka\u017ed\u00e9 GPIO m\u00f4\u017ee by\u0165 PWM, I2C, 1-wire<\/p>\n<p>FCC CERTIFIKOVAN\u00dd WI-FI modul (\u010doskoro)<\/p>\n<p>PCB ant\u00e9na<\/p>\n","protected":false},"excerpt":{"rendered":"<p>Bezdr\u00f4tov\u00fd modul V3 NodeMcu 4M bajtov Lua WIFI Internet of Things v\u00fdvojov\u00e1 doska zalo\u017een\u00e1 na ESP8266 esp-12e pre Arduino &nbsp;&hellip;<\/p>\n","protected":false},"featured_media":630,"template":"","meta":{"_monsterinsights_skip_tracking":false,"_monsterinsights_sitenote_active":false,"_monsterinsights_sitenote_note":"","_monsterinsights_sitenote_category":0},"product_cat":[16,33,29],"product_tag":[],"class_list":{"0":"post-627","1":"product","2":"type-product","3":"status-publish","4":"has-post-thumbnail","6":"product_cat-ard","7":"product_cat-wifi","8":"product_cat-wireless-transmission","10":"first","11":"instock","12":"shipping-taxable","13":"purchasable","14":"product-type-simple"},"yoast_head":"<!-- This site is optimized with the Yoast SEO plugin v23.6 - https:\/\/yoast.com\/wordpress\/plugins\/seo\/ -->\n<title>V3 Wireless module NodeMcu 4M bytes Lua WIFI Internet of Things development board based ESP8266 esp-12e - Arduino e-shop<\/title>\n<meta name=\"robots\" content=\"index, follow, max-snippet:-1, max-image-preview:large, max-video-preview:-1\" \/>\n<link rel=\"canonical\" href=\"https:\/\/www.onetimenexttime.sk\/arduino\/index.php\/produkt\/d1-mini-mini-nodemcu-4m-bytes-lua-wifi-internet-of-things-development-board-based-esp8266-by-wemos\/\" \/>\n<meta property=\"og:locale\" content=\"sk_SK\" \/>\n<meta property=\"og:type\" content=\"article\" \/>\n<meta property=\"og:title\" content=\"V3 Wireless module NodeMcu 4M bytes Lua WIFI Internet of Things development board based ESP8266 esp-12e - Arduino e-shop\" \/>\n<meta property=\"og:description\" content=\"Bezdr\u00f4tov\u00fd modul V3 NodeMcu 4M bajtov Lua WIFI Internet of Things v\u00fdvojov\u00e1 doska zalo\u017een\u00e1 na ESP8266 esp-12e pre Arduino &nbsp;&hellip;\" \/>\n<meta property=\"og:url\" content=\"https:\/\/www.onetimenexttime.sk\/arduino\/index.php\/produkt\/d1-mini-mini-nodemcu-4m-bytes-lua-wifi-internet-of-things-development-board-based-esp8266-by-wemos\/\" \/>\n<meta property=\"og:site_name\" content=\"Arduino e-shop\" \/>\n<meta property=\"article:modified_time\" content=\"2021-10-30T05:00:20+00:00\" \/>\n<meta property=\"og:image\" content=\"https:\/\/www.onetimenexttime.sk\/arduino\/wp-content\/uploads\/2021\/10\/166.jpg\" \/>\n\t<meta property=\"og:image:width\" content=\"511\" \/>\n\t<meta property=\"og:image:height\" content=\"512\" \/>\n\t<meta property=\"og:image:type\" content=\"image\/jpeg\" \/>\n<meta name=\"twitter:card\" content=\"summary_large_image\" \/>\n<meta name=\"twitter:label1\" content=\"Predpokladan\u00fd \u010das \u010d\u00edtania\" \/>\n\t<meta name=\"twitter:data1\" content=\"1 min\u00fata\" \/>\n<script type=\"application\/ld+json\" class=\"yoast-schema-graph\">{\"@context\":\"https:\/\/schema.org\",\"@graph\":[{\"@type\":\"WebPage\",\"@id\":\"https:\/\/www.onetimenexttime.sk\/arduino\/index.php\/produkt\/d1-mini-mini-nodemcu-4m-bytes-lua-wifi-internet-of-things-development-board-based-esp8266-by-wemos\/\",\"url\":\"https:\/\/www.onetimenexttime.sk\/arduino\/index.php\/produkt\/d1-mini-mini-nodemcu-4m-bytes-lua-wifi-internet-of-things-development-board-based-esp8266-by-wemos\/\",\"name\":\"V3 Wireless module NodeMcu 4M bytes Lua WIFI Internet of Things development board based ESP8266 esp-12e - Arduino e-shop\",\"isPartOf\":{\"@id\":\"https:\/\/www.onetimenexttime.sk\/arduino\/#website\"},\"primaryImageOfPage\":{\"@id\":\"https:\/\/www.onetimenexttime.sk\/arduino\/index.php\/produkt\/d1-mini-mini-nodemcu-4m-bytes-lua-wifi-internet-of-things-development-board-based-esp8266-by-wemos\/#primaryimage\"},\"image\":{\"@id\":\"https:\/\/www.onetimenexttime.sk\/arduino\/index.php\/produkt\/d1-mini-mini-nodemcu-4m-bytes-lua-wifi-internet-of-things-development-board-based-esp8266-by-wemos\/#primaryimage\"},\"thumbnailUrl\":\"https:\/\/www.onetimenexttime.sk\/arduino\/wp-content\/uploads\/2021\/10\/166.jpg\",\"datePublished\":\"2021-10-30T04:32:27+00:00\",\"dateModified\":\"2021-10-30T05:00:20+00:00\",\"breadcrumb\":{\"@id\":\"https:\/\/www.onetimenexttime.sk\/arduino\/index.php\/produkt\/d1-mini-mini-nodemcu-4m-bytes-lua-wifi-internet-of-things-development-board-based-esp8266-by-wemos\/#breadcrumb\"},\"inLanguage\":\"sk-SK\",\"potentialAction\":[{\"@type\":\"ReadAction\",\"target\":[\"https:\/\/www.onetimenexttime.sk\/arduino\/index.php\/produkt\/d1-mini-mini-nodemcu-4m-bytes-lua-wifi-internet-of-things-development-board-based-esp8266-by-wemos\/\"]}]},{\"@type\":\"ImageObject\",\"inLanguage\":\"sk-SK\",\"@id\":\"https:\/\/www.onetimenexttime.sk\/arduino\/index.php\/produkt\/d1-mini-mini-nodemcu-4m-bytes-lua-wifi-internet-of-things-development-board-based-esp8266-by-wemos\/#primaryimage\",\"url\":\"https:\/\/www.onetimenexttime.sk\/arduino\/wp-content\/uploads\/2021\/10\/166.jpg\",\"contentUrl\":\"https:\/\/www.onetimenexttime.sk\/arduino\/wp-content\/uploads\/2021\/10\/166.jpg\",\"width\":511,\"height\":512},{\"@type\":\"BreadcrumbList\",\"@id\":\"https:\/\/www.onetimenexttime.sk\/arduino\/index.php\/produkt\/d1-mini-mini-nodemcu-4m-bytes-lua-wifi-internet-of-things-development-board-based-esp8266-by-wemos\/#breadcrumb\",\"itemListElement\":[{\"@type\":\"ListItem\",\"position\":1,\"name\":\"Domov\",\"item\":\"https:\/\/www.onetimenexttime.sk\/arduino\/\"},{\"@type\":\"ListItem\",\"position\":2,\"name\":\"Obchod\",\"item\":\"https:\/\/www.onetimenexttime.sk\/arduino\/\"},{\"@type\":\"ListItem\",\"position\":3,\"name\":\"V3 Wireless module NodeMcu 4M bytes Lua WIFI Internet of Things development board based ESP8266 esp-12e\"}]},{\"@type\":\"WebSite\",\"@id\":\"https:\/\/www.onetimenexttime.sk\/arduino\/#website\",\"url\":\"https:\/\/www.onetimenexttime.sk\/arduino\/\",\"name\":\"Arduino e-shop\",\"description\":\"Home Assistant\",\"potentialAction\":[{\"@type\":\"SearchAction\",\"target\":{\"@type\":\"EntryPoint\",\"urlTemplate\":\"https:\/\/www.onetimenexttime.sk\/arduino\/?s={search_term_string}\"},\"query-input\":{\"@type\":\"PropertyValueSpecification\",\"valueRequired\":true,\"valueName\":\"search_term_string\"}}],\"inLanguage\":\"sk-SK\"}]}<\/script>\n<!-- \/ Yoast SEO plugin. -->","yoast_head_json":{"title":"V3 Wireless module NodeMcu 4M bytes Lua WIFI Internet of Things development board based ESP8266 esp-12e - Arduino e-shop","robots":{"index":"index","follow":"follow","max-snippet":"max-snippet:-1","max-image-preview":"max-image-preview:large","max-video-preview":"max-video-preview:-1"},"canonical":"https:\/\/www.onetimenexttime.sk\/arduino\/index.php\/produkt\/d1-mini-mini-nodemcu-4m-bytes-lua-wifi-internet-of-things-development-board-based-esp8266-by-wemos\/","og_locale":"sk_SK","og_type":"article","og_title":"V3 Wireless module NodeMcu 4M bytes Lua WIFI Internet of Things development board based ESP8266 esp-12e - Arduino e-shop","og_description":"Bezdr\u00f4tov\u00fd modul V3 NodeMcu 4M bajtov Lua WIFI Internet of Things v\u00fdvojov\u00e1 doska zalo\u017een\u00e1 na ESP8266 esp-12e pre Arduino &nbsp;&hellip;","og_url":"https:\/\/www.onetimenexttime.sk\/arduino\/index.php\/produkt\/d1-mini-mini-nodemcu-4m-bytes-lua-wifi-internet-of-things-development-board-based-esp8266-by-wemos\/","og_site_name":"Arduino e-shop","article_modified_time":"2021-10-30T05:00:20+00:00","og_image":[{"width":511,"height":512,"url":"https:\/\/www.onetimenexttime.sk\/arduino\/wp-content\/uploads\/2021\/10\/166.jpg","type":"image\/jpeg"}],"twitter_card":"summary_large_image","twitter_misc":{"Predpokladan\u00fd \u010das \u010d\u00edtania":"1 min\u00fata"},"schema":{"@context":"https:\/\/schema.org","@graph":[{"@type":"WebPage","@id":"https:\/\/www.onetimenexttime.sk\/arduino\/index.php\/produkt\/d1-mini-mini-nodemcu-4m-bytes-lua-wifi-internet-of-things-development-board-based-esp8266-by-wemos\/","url":"https:\/\/www.onetimenexttime.sk\/arduino\/index.php\/produkt\/d1-mini-mini-nodemcu-4m-bytes-lua-wifi-internet-of-things-development-board-based-esp8266-by-wemos\/","name":"V3 Wireless module NodeMcu 4M bytes Lua WIFI Internet of Things development board based ESP8266 esp-12e - Arduino e-shop","isPartOf":{"@id":"https:\/\/www.onetimenexttime.sk\/arduino\/#website"},"primaryImageOfPage":{"@id":"https:\/\/www.onetimenexttime.sk\/arduino\/index.php\/produkt\/d1-mini-mini-nodemcu-4m-bytes-lua-wifi-internet-of-things-development-board-based-esp8266-by-wemos\/#primaryimage"},"image":{"@id":"https:\/\/www.onetimenexttime.sk\/arduino\/index.php\/produkt\/d1-mini-mini-nodemcu-4m-bytes-lua-wifi-internet-of-things-development-board-based-esp8266-by-wemos\/#primaryimage"},"thumbnailUrl":"https:\/\/www.onetimenexttime.sk\/arduino\/wp-content\/uploads\/2021\/10\/166.jpg","datePublished":"2021-10-30T04:32:27+00:00","dateModified":"2021-10-30T05:00:20+00:00","breadcrumb":{"@id":"https:\/\/www.onetimenexttime.sk\/arduino\/index.php\/produkt\/d1-mini-mini-nodemcu-4m-bytes-lua-wifi-internet-of-things-development-board-based-esp8266-by-wemos\/#breadcrumb"},"inLanguage":"sk-SK","potentialAction":[{"@type":"ReadAction","target":["https:\/\/www.onetimenexttime.sk\/arduino\/index.php\/produkt\/d1-mini-mini-nodemcu-4m-bytes-lua-wifi-internet-of-things-development-board-based-esp8266-by-wemos\/"]}]},{"@type":"ImageObject","inLanguage":"sk-SK","@id":"https:\/\/www.onetimenexttime.sk\/arduino\/index.php\/produkt\/d1-mini-mini-nodemcu-4m-bytes-lua-wifi-internet-of-things-development-board-based-esp8266-by-wemos\/#primaryimage","url":"https:\/\/www.onetimenexttime.sk\/arduino\/wp-content\/uploads\/2021\/10\/166.jpg","contentUrl":"https:\/\/www.onetimenexttime.sk\/arduino\/wp-content\/uploads\/2021\/10\/166.jpg","width":511,"height":512},{"@type":"BreadcrumbList","@id":"https:\/\/www.onetimenexttime.sk\/arduino\/index.php\/produkt\/d1-mini-mini-nodemcu-4m-bytes-lua-wifi-internet-of-things-development-board-based-esp8266-by-wemos\/#breadcrumb","itemListElement":[{"@type":"ListItem","position":1,"name":"Domov","item":"https:\/\/www.onetimenexttime.sk\/arduino\/"},{"@type":"ListItem","position":2,"name":"Obchod","item":"https:\/\/www.onetimenexttime.sk\/arduino\/"},{"@type":"ListItem","position":3,"name":"V3 Wireless module NodeMcu 4M bytes Lua WIFI Internet of Things development board based ESP8266 esp-12e"}]},{"@type":"WebSite","@id":"https:\/\/www.onetimenexttime.sk\/arduino\/#website","url":"https:\/\/www.onetimenexttime.sk\/arduino\/","name":"Arduino e-shop","description":"Home Assistant","potentialAction":[{"@type":"SearchAction","target":{"@type":"EntryPoint","urlTemplate":"https:\/\/www.onetimenexttime.sk\/arduino\/?s={search_term_string}"},"query-input":{"@type":"PropertyValueSpecification","valueRequired":true,"valueName":"search_term_string"}}],"inLanguage":"sk-SK"}]}},"_links":{"self":[{"href":"https:\/\/www.onetimenexttime.sk\/arduino\/index.php\/wp-json\/wp\/v2\/product\/627"}],"collection":[{"href":"https:\/\/www.onetimenexttime.sk\/arduino\/index.php\/wp-json\/wp\/v2\/product"}],"about":[{"href":"https:\/\/www.onetimenexttime.sk\/arduino\/index.php\/wp-json\/wp\/v2\/types\/product"}],"wp:featuredmedia":[{"embeddable":true,"href":"https:\/\/www.onetimenexttime.sk\/arduino\/index.php\/wp-json\/wp\/v2\/media\/630"}],"wp:attachment":[{"href":"https:\/\/www.onetimenexttime.sk\/arduino\/index.php\/wp-json\/wp\/v2\/media?parent=627"}],"wp:term":[{"taxonomy":"product_cat","embeddable":true,"href":"https:\/\/www.onetimenexttime.sk\/arduino\/index.php\/wp-json\/wp\/v2\/product_cat?post=627"},{"taxonomy":"product_tag","embeddable":true,"href":"https:\/\/www.onetimenexttime.sk\/arduino\/index.php\/wp-json\/wp\/v2\/product_tag?post=627"}],"curies":[{"name":"wp","href":"https:\/\/api.w.org\/{rel}","templated":true}]}}