{"id":620,"date":"2021-10-29T16:43:28","date_gmt":"2021-10-29T14:43:28","guid":{"rendered":"https:\/\/www.onetimenexttime.sk\/arduino\/?post_type=product&#038;p=620"},"modified":"2021-10-29T16:45:50","modified_gmt":"2021-10-29T14:45:50","slug":"spp-ca-bluetooth-serial-pass-through-module-wireless-serial-communication-from-machine","status":"publish","type":"product","link":"https:\/\/www.onetimenexttime.sk\/arduino\/index.php\/produkt\/spp-ca-bluetooth-serial-pass-through-module-wireless-serial-communication-from-machine\/","title":{"rendered":"SPP-CA Bluetooth Serial Pass-through Module Wireless Serial Communication From Machine"},"content":{"rendered":"<h2>SPP-CA Bluetooth s\u00e9riov\u00fd priechodn\u00fd modul Bezdr\u00f4tov\u00e1 s\u00e9riov\u00e1 komunik\u00e1cia zo stroja<\/h2>\n<p>&nbsp;<\/p>\n<p><strong>1.V\u0161eobecn\u00e9<\/strong><br \/>\nModul Bluetooth SPP-CA je ur\u010den\u00fd na inteligentn\u00fd bezdr\u00f4tov\u00fd prenos d\u00e1t a zostavenie pod\u013ea \u0161pecifik\u00e1cie V2.1 + EDR Bluetooth. Modul podporuje rozhranie UART a podporuje s\u00e9riov\u00fd protokol Bluetooth SPP, n\u00edzku cenu, mal\u00fa ve\u013ekos\u0165, n\u00edzku spotrebu energie, v\u00fdhody citlivosti transceivera, len s nieko\u013ek\u00fdmi extern\u00fdmi komponentmi bude mo\u017en\u00e9 dosiahnu\u0165 svoje v\u00fdkonn\u00e9 funkcie.<\/p>\n<p><strong>2. Vlastnosti<\/strong><br \/>\nBluetooth V2.1 + EDR<br \/>\nBluetooth triedy 2<br \/>\nVstavan\u00e1 PCB RF ant\u00e9na<br \/>\nPodpora rozhrania UART<br \/>\nNap\u00e1janie 3,3V<\/p>\n","protected":false},"excerpt":{"rendered":"<p>SPP-CA Bluetooth s\u00e9riov\u00fd priechodn\u00fd modul Bezdr\u00f4tov\u00e1 s\u00e9riov\u00e1 komunik\u00e1cia zo stroja &nbsp; 1.V\u0161eobecn\u00e9 Modul Bluetooth SPP-CA je ur\u010den\u00fd na inteligentn\u00fd bezdr\u00f4tov\u00fd&hellip;<\/p>\n","protected":false},"featured_media":621,"template":"","meta":{"_monsterinsights_skip_tracking":false,"_monsterinsights_sitenote_active":false,"_monsterinsights_sitenote_note":"","_monsterinsights_sitenote_category":0},"product_cat":[16,32,29],"product_tag":[],"class_list":{"0":"post-620","1":"product","2":"type-product","3":"status-publish","4":"has-post-thumbnail","6":"product_cat-ard","7":"product_cat-bluetooth","8":"product_cat-wireless-transmission","10":"first","11":"instock","12":"sale","13":"shipping-taxable","14":"purchasable","15":"product-type-simple"},"yoast_head":"<!-- This site is optimized with the Yoast SEO plugin v23.6 - https:\/\/yoast.com\/wordpress\/plugins\/seo\/ -->\n<title>SPP-CA Bluetooth Serial Pass-through Module Wireless Serial Communication From Machine - Arduino e-shop<\/title>\n<meta name=\"robots\" content=\"index, follow, max-snippet:-1, max-image-preview:large, max-video-preview:-1\" \/>\n<link rel=\"canonical\" href=\"https:\/\/www.onetimenexttime.sk\/arduino\/index.php\/produkt\/spp-ca-bluetooth-serial-pass-through-module-wireless-serial-communication-from-machine\/\" \/>\n<meta property=\"og:locale\" content=\"sk_SK\" \/>\n<meta property=\"og:type\" content=\"article\" \/>\n<meta property=\"og:title\" content=\"SPP-CA Bluetooth Serial Pass-through Module Wireless Serial Communication From Machine - Arduino e-shop\" \/>\n<meta property=\"og:description\" content=\"SPP-CA Bluetooth s\u00e9riov\u00fd priechodn\u00fd modul Bezdr\u00f4tov\u00e1 s\u00e9riov\u00e1 komunik\u00e1cia zo stroja &nbsp; 1.V\u0161eobecn\u00e9 Modul Bluetooth SPP-CA je ur\u010den\u00fd na inteligentn\u00fd bezdr\u00f4tov\u00fd&hellip;\" \/>\n<meta property=\"og:url\" content=\"https:\/\/www.onetimenexttime.sk\/arduino\/index.php\/produkt\/spp-ca-bluetooth-serial-pass-through-module-wireless-serial-communication-from-machine\/\" \/>\n<meta property=\"og:site_name\" content=\"Arduino e-shop\" \/>\n<meta property=\"article:modified_time\" content=\"2021-10-29T14:45:50+00:00\" \/>\n<meta property=\"og:image\" content=\"https:\/\/www.onetimenexttime.sk\/arduino\/wp-content\/uploads\/2021\/10\/125.jpg\" \/>\n\t<meta property=\"og:image:width\" content=\"502\" \/>\n\t<meta property=\"og:image:height\" content=\"504\" \/>\n\t<meta property=\"og:image:type\" content=\"image\/jpeg\" \/>\n<meta name=\"twitter:card\" content=\"summary_large_image\" \/>\n<meta name=\"twitter:label1\" content=\"Predpokladan\u00fd \u010das \u010d\u00edtania\" \/>\n\t<meta name=\"twitter:data1\" content=\"1 min\u00fata\" \/>\n<script type=\"application\/ld+json\" class=\"yoast-schema-graph\">{\"@context\":\"https:\/\/schema.org\",\"@graph\":[{\"@type\":\"WebPage\",\"@id\":\"https:\/\/www.onetimenexttime.sk\/arduino\/index.php\/produkt\/spp-ca-bluetooth-serial-pass-through-module-wireless-serial-communication-from-machine\/\",\"url\":\"https:\/\/www.onetimenexttime.sk\/arduino\/index.php\/produkt\/spp-ca-bluetooth-serial-pass-through-module-wireless-serial-communication-from-machine\/\",\"name\":\"SPP-CA Bluetooth Serial Pass-through Module Wireless Serial Communication From Machine - Arduino e-shop\",\"isPartOf\":{\"@id\":\"https:\/\/www.onetimenexttime.sk\/arduino\/#website\"},\"primaryImageOfPage\":{\"@id\":\"https:\/\/www.onetimenexttime.sk\/arduino\/index.php\/produkt\/spp-ca-bluetooth-serial-pass-through-module-wireless-serial-communication-from-machine\/#primaryimage\"},\"image\":{\"@id\":\"https:\/\/www.onetimenexttime.sk\/arduino\/index.php\/produkt\/spp-ca-bluetooth-serial-pass-through-module-wireless-serial-communication-from-machine\/#primaryimage\"},\"thumbnailUrl\":\"https:\/\/www.onetimenexttime.sk\/arduino\/wp-content\/uploads\/2021\/10\/125.jpg\",\"datePublished\":\"2021-10-29T14:43:28+00:00\",\"dateModified\":\"2021-10-29T14:45:50+00:00\",\"breadcrumb\":{\"@id\":\"https:\/\/www.onetimenexttime.sk\/arduino\/index.php\/produkt\/spp-ca-bluetooth-serial-pass-through-module-wireless-serial-communication-from-machine\/#breadcrumb\"},\"inLanguage\":\"sk-SK\",\"potentialAction\":[{\"@type\":\"ReadAction\",\"target\":[\"https:\/\/www.onetimenexttime.sk\/arduino\/index.php\/produkt\/spp-ca-bluetooth-serial-pass-through-module-wireless-serial-communication-from-machine\/\"]}]},{\"@type\":\"ImageObject\",\"inLanguage\":\"sk-SK\",\"@id\":\"https:\/\/www.onetimenexttime.sk\/arduino\/index.php\/produkt\/spp-ca-bluetooth-serial-pass-through-module-wireless-serial-communication-from-machine\/#primaryimage\",\"url\":\"https:\/\/www.onetimenexttime.sk\/arduino\/wp-content\/uploads\/2021\/10\/125.jpg\",\"contentUrl\":\"https:\/\/www.onetimenexttime.sk\/arduino\/wp-content\/uploads\/2021\/10\/125.jpg\",\"width\":502,\"height\":504},{\"@type\":\"BreadcrumbList\",\"@id\":\"https:\/\/www.onetimenexttime.sk\/arduino\/index.php\/produkt\/spp-ca-bluetooth-serial-pass-through-module-wireless-serial-communication-from-machine\/#breadcrumb\",\"itemListElement\":[{\"@type\":\"ListItem\",\"position\":1,\"name\":\"Domov\",\"item\":\"https:\/\/www.onetimenexttime.sk\/arduino\/\"},{\"@type\":\"ListItem\",\"position\":2,\"name\":\"Obchod\",\"item\":\"https:\/\/www.onetimenexttime.sk\/arduino\/\"},{\"@type\":\"ListItem\",\"position\":3,\"name\":\"SPP-CA Bluetooth Serial Pass-through Module Wireless Serial Communication From Machine\"}]},{\"@type\":\"WebSite\",\"@id\":\"https:\/\/www.onetimenexttime.sk\/arduino\/#website\",\"url\":\"https:\/\/www.onetimenexttime.sk\/arduino\/\",\"name\":\"Arduino e-shop\",\"description\":\"Home Assistant\",\"potentialAction\":[{\"@type\":\"SearchAction\",\"target\":{\"@type\":\"EntryPoint\",\"urlTemplate\":\"https:\/\/www.onetimenexttime.sk\/arduino\/?s={search_term_string}\"},\"query-input\":{\"@type\":\"PropertyValueSpecification\",\"valueRequired\":true,\"valueName\":\"search_term_string\"}}],\"inLanguage\":\"sk-SK\"}]}<\/script>\n<!-- \/ Yoast SEO plugin. -->","yoast_head_json":{"title":"SPP-CA Bluetooth Serial Pass-through Module Wireless Serial Communication From Machine - Arduino e-shop","robots":{"index":"index","follow":"follow","max-snippet":"max-snippet:-1","max-image-preview":"max-image-preview:large","max-video-preview":"max-video-preview:-1"},"canonical":"https:\/\/www.onetimenexttime.sk\/arduino\/index.php\/produkt\/spp-ca-bluetooth-serial-pass-through-module-wireless-serial-communication-from-machine\/","og_locale":"sk_SK","og_type":"article","og_title":"SPP-CA Bluetooth Serial Pass-through Module Wireless Serial Communication From Machine - Arduino e-shop","og_description":"SPP-CA Bluetooth s\u00e9riov\u00fd priechodn\u00fd modul Bezdr\u00f4tov\u00e1 s\u00e9riov\u00e1 komunik\u00e1cia zo stroja &nbsp; 1.V\u0161eobecn\u00e9 Modul Bluetooth SPP-CA je ur\u010den\u00fd na inteligentn\u00fd bezdr\u00f4tov\u00fd&hellip;","og_url":"https:\/\/www.onetimenexttime.sk\/arduino\/index.php\/produkt\/spp-ca-bluetooth-serial-pass-through-module-wireless-serial-communication-from-machine\/","og_site_name":"Arduino e-shop","article_modified_time":"2021-10-29T14:45:50+00:00","og_image":[{"width":502,"height":504,"url":"https:\/\/www.onetimenexttime.sk\/arduino\/wp-content\/uploads\/2021\/10\/125.jpg","type":"image\/jpeg"}],"twitter_card":"summary_large_image","twitter_misc":{"Predpokladan\u00fd \u010das \u010d\u00edtania":"1 min\u00fata"},"schema":{"@context":"https:\/\/schema.org","@graph":[{"@type":"WebPage","@id":"https:\/\/www.onetimenexttime.sk\/arduino\/index.php\/produkt\/spp-ca-bluetooth-serial-pass-through-module-wireless-serial-communication-from-machine\/","url":"https:\/\/www.onetimenexttime.sk\/arduino\/index.php\/produkt\/spp-ca-bluetooth-serial-pass-through-module-wireless-serial-communication-from-machine\/","name":"SPP-CA Bluetooth Serial Pass-through Module Wireless Serial Communication From Machine - Arduino e-shop","isPartOf":{"@id":"https:\/\/www.onetimenexttime.sk\/arduino\/#website"},"primaryImageOfPage":{"@id":"https:\/\/www.onetimenexttime.sk\/arduino\/index.php\/produkt\/spp-ca-bluetooth-serial-pass-through-module-wireless-serial-communication-from-machine\/#primaryimage"},"image":{"@id":"https:\/\/www.onetimenexttime.sk\/arduino\/index.php\/produkt\/spp-ca-bluetooth-serial-pass-through-module-wireless-serial-communication-from-machine\/#primaryimage"},"thumbnailUrl":"https:\/\/www.onetimenexttime.sk\/arduino\/wp-content\/uploads\/2021\/10\/125.jpg","datePublished":"2021-10-29T14:43:28+00:00","dateModified":"2021-10-29T14:45:50+00:00","breadcrumb":{"@id":"https:\/\/www.onetimenexttime.sk\/arduino\/index.php\/produkt\/spp-ca-bluetooth-serial-pass-through-module-wireless-serial-communication-from-machine\/#breadcrumb"},"inLanguage":"sk-SK","potentialAction":[{"@type":"ReadAction","target":["https:\/\/www.onetimenexttime.sk\/arduino\/index.php\/produkt\/spp-ca-bluetooth-serial-pass-through-module-wireless-serial-communication-from-machine\/"]}]},{"@type":"ImageObject","inLanguage":"sk-SK","@id":"https:\/\/www.onetimenexttime.sk\/arduino\/index.php\/produkt\/spp-ca-bluetooth-serial-pass-through-module-wireless-serial-communication-from-machine\/#primaryimage","url":"https:\/\/www.onetimenexttime.sk\/arduino\/wp-content\/uploads\/2021\/10\/125.jpg","contentUrl":"https:\/\/www.onetimenexttime.sk\/arduino\/wp-content\/uploads\/2021\/10\/125.jpg","width":502,"height":504},{"@type":"BreadcrumbList","@id":"https:\/\/www.onetimenexttime.sk\/arduino\/index.php\/produkt\/spp-ca-bluetooth-serial-pass-through-module-wireless-serial-communication-from-machine\/#breadcrumb","itemListElement":[{"@type":"ListItem","position":1,"name":"Domov","item":"https:\/\/www.onetimenexttime.sk\/arduino\/"},{"@type":"ListItem","position":2,"name":"Obchod","item":"https:\/\/www.onetimenexttime.sk\/arduino\/"},{"@type":"ListItem","position":3,"name":"SPP-CA Bluetooth Serial Pass-through Module Wireless Serial Communication From Machine"}]},{"@type":"WebSite","@id":"https:\/\/www.onetimenexttime.sk\/arduino\/#website","url":"https:\/\/www.onetimenexttime.sk\/arduino\/","name":"Arduino e-shop","description":"Home Assistant","potentialAction":[{"@type":"SearchAction","target":{"@type":"EntryPoint","urlTemplate":"https:\/\/www.onetimenexttime.sk\/arduino\/?s={search_term_string}"},"query-input":{"@type":"PropertyValueSpecification","valueRequired":true,"valueName":"search_term_string"}}],"inLanguage":"sk-SK"}]}},"_links":{"self":[{"href":"https:\/\/www.onetimenexttime.sk\/arduino\/index.php\/wp-json\/wp\/v2\/product\/620"}],"collection":[{"href":"https:\/\/www.onetimenexttime.sk\/arduino\/index.php\/wp-json\/wp\/v2\/product"}],"about":[{"href":"https:\/\/www.onetimenexttime.sk\/arduino\/index.php\/wp-json\/wp\/v2\/types\/product"}],"wp:featuredmedia":[{"embeddable":true,"href":"https:\/\/www.onetimenexttime.sk\/arduino\/index.php\/wp-json\/wp\/v2\/media\/621"}],"wp:attachment":[{"href":"https:\/\/www.onetimenexttime.sk\/arduino\/index.php\/wp-json\/wp\/v2\/media?parent=620"}],"wp:term":[{"taxonomy":"product_cat","embeddable":true,"href":"https:\/\/www.onetimenexttime.sk\/arduino\/index.php\/wp-json\/wp\/v2\/product_cat?post=620"},{"taxonomy":"product_tag","embeddable":true,"href":"https:\/\/www.onetimenexttime.sk\/arduino\/index.php\/wp-json\/wp\/v2\/product_tag?post=620"}],"curies":[{"name":"wp","href":"https:\/\/api.w.org\/{rel}","templated":true}]}}