{"id":62,"date":"2021-10-17T19:55:21","date_gmt":"2021-10-17T17:55:21","guid":{"rendered":"https:\/\/www.onetimenexttime.sk\/arduino\/?post_type=product&#038;p=62"},"modified":"2021-10-31T23:15:05","modified_gmt":"2021-10-31T22:15:05","slug":"smart-car-stepper-dc-motor-drivers-shield-l293d-expansion-development-board-for-arduino","status":"publish","type":"product","link":"https:\/\/www.onetimenexttime.sk\/arduino\/index.php\/produkt\/smart-car-stepper-dc-motor-drivers-shield-l293d-expansion-development-board-for-arduino\/","title":{"rendered":"Smart Car Stepper DC Motor Drivers Shield L293D Expansion Development Board for Arduino"},"content":{"rendered":"<p>L293D je monolitick\u00fd integrovan\u00fd vysokonap\u00e4\u0165ov\u00fd vysokonap\u00e4\u0165ov\u00fd 4-kan\u00e1lov\u00fd meni\u010d, m\u00f4\u017eete pou\u017e\u00edva\u0165 jednosmern\u00e9 motory a nap\u00e1jacie zdroje a\u017e do 36 voltov. \u010cip L293D je zn\u00e1my aj ako typ H-Bridge, ktor\u00fd je typicky elektrick\u00fd obvod, ktor\u00fd umo\u017e\u0148uje privedenie nap\u00e4tia na z\u00e1\u0165a\u017e v oboch smeroch na v\u00fdstup, napr motor.<\/p>\n<p>M\u00f4\u017ee poh\u00e1\u0148a\u0165 4 jednosmern\u00e9 motory alebo 2 krokov\u00e9 motory alebo 2 servopohony.<\/p>\n<p>A\u017e 4 dvojsmern\u00e9 jednosmern\u00e9 motory s individu\u00e1lnym v\u00fdberom 8-bitovej r\u00fdchlosti.<\/p>\n<p>A\u017e 2 krokov\u00e9 motory (unipol\u00e1rne alebo bipol\u00e1rne) s jednoduchou cievkou, dvojitou cievkou alebo prekladan\u00fdm prekladan\u00edm.<\/p>\n<p>4 H-mosty: na most poskytuje 0,6A (1,2A \u0161pi\u010dkov\u00fd pr\u00fad) s tepelnou ochranou, m\u00f4\u017ee be\u017ea\u0165 motory na 4,5V a\u017e 36V DC.<\/p>\n<p>Stiahnut\u00edm odporov nechajte motory po\u010das nap\u00e1jania deaktivovan\u00e9.<\/p>\n<p>2 extern\u00e9 termin\u00e1lov\u00e9 nap\u00e1jacie rozhranie pre oddelen\u00e9 logick\u00e9\/motorov\u00e9 nap\u00e1janie.<\/p>\n<p>&nbsp;<\/p>\n","protected":false},"excerpt":{"rendered":"<p>L293D je monolitick\u00fd integrovan\u00fd vysokonap\u00e4\u0165ov\u00fd vysokonap\u00e4\u0165ov\u00fd 4-kan\u00e1lov\u00fd meni\u010d, m\u00f4\u017eete pou\u017e\u00edva\u0165 jednosmern\u00e9 motory a nap\u00e1jacie zdroje a\u017e do 36 voltov. \u010cip&hellip;<\/p>\n","protected":false},"featured_media":63,"template":"","meta":{"_monsterinsights_skip_tracking":false,"_monsterinsights_sitenote_active":false,"_monsterinsights_sitenote_note":"","_monsterinsights_sitenote_category":0},"product_cat":[16,17,52],"product_tag":[],"class_list":{"0":"post-62","1":"product","2":"type-product","3":"status-publish","4":"has-post-thumbnail","6":"product_cat-ard","7":"product_cat-modul","8":"product_cat-motor-modul","10":"first","11":"instock","12":"sale","13":"shipping-taxable","14":"purchasable","15":"product-type-simple"},"yoast_head":"<!-- This site is optimized with the Yoast SEO plugin v23.6 - https:\/\/yoast.com\/wordpress\/plugins\/seo\/ -->\n<title>Smart Car Stepper DC Motor Drivers Shield L293D Expansion Development Board for Arduino - Arduino e-shop<\/title>\n<meta name=\"robots\" content=\"index, follow, max-snippet:-1, max-image-preview:large, max-video-preview:-1\" \/>\n<link rel=\"canonical\" href=\"https:\/\/www.onetimenexttime.sk\/arduino\/index.php\/produkt\/smart-car-stepper-dc-motor-drivers-shield-l293d-expansion-development-board-for-arduino\/\" \/>\n<meta property=\"og:locale\" content=\"sk_SK\" \/>\n<meta property=\"og:type\" content=\"article\" \/>\n<meta property=\"og:title\" content=\"Smart Car Stepper DC Motor Drivers Shield L293D Expansion Development Board for Arduino - Arduino e-shop\" \/>\n<meta property=\"og:description\" content=\"L293D je monolitick\u00fd integrovan\u00fd vysokonap\u00e4\u0165ov\u00fd vysokonap\u00e4\u0165ov\u00fd 4-kan\u00e1lov\u00fd meni\u010d, m\u00f4\u017eete pou\u017e\u00edva\u0165 jednosmern\u00e9 motory a nap\u00e1jacie zdroje a\u017e do 36 voltov. \u010cip&hellip;\" \/>\n<meta property=\"og:url\" content=\"https:\/\/www.onetimenexttime.sk\/arduino\/index.php\/produkt\/smart-car-stepper-dc-motor-drivers-shield-l293d-expansion-development-board-for-arduino\/\" \/>\n<meta property=\"og:site_name\" content=\"Arduino e-shop\" \/>\n<meta property=\"article:modified_time\" content=\"2021-10-31T22:15:05+00:00\" \/>\n<meta property=\"og:image\" content=\"https:\/\/www.onetimenexttime.sk\/arduino\/wp-content\/uploads\/2021\/10\/239.jpg\" \/>\n\t<meta property=\"og:image:width\" content=\"558\" \/>\n\t<meta property=\"og:image:height\" content=\"559\" \/>\n\t<meta property=\"og:image:type\" content=\"image\/jpeg\" \/>\n<meta name=\"twitter:card\" content=\"summary_large_image\" \/>\n<meta name=\"twitter:label1\" content=\"Predpokladan\u00fd \u010das \u010d\u00edtania\" \/>\n\t<meta name=\"twitter:data1\" content=\"1 min\u00fata\" \/>\n<script type=\"application\/ld+json\" class=\"yoast-schema-graph\">{\"@context\":\"https:\/\/schema.org\",\"@graph\":[{\"@type\":\"WebPage\",\"@id\":\"https:\/\/www.onetimenexttime.sk\/arduino\/index.php\/produkt\/smart-car-stepper-dc-motor-drivers-shield-l293d-expansion-development-board-for-arduino\/\",\"url\":\"https:\/\/www.onetimenexttime.sk\/arduino\/index.php\/produkt\/smart-car-stepper-dc-motor-drivers-shield-l293d-expansion-development-board-for-arduino\/\",\"name\":\"Smart Car Stepper DC Motor Drivers Shield L293D Expansion Development Board for Arduino - Arduino e-shop\",\"isPartOf\":{\"@id\":\"https:\/\/www.onetimenexttime.sk\/arduino\/#website\"},\"primaryImageOfPage\":{\"@id\":\"https:\/\/www.onetimenexttime.sk\/arduino\/index.php\/produkt\/smart-car-stepper-dc-motor-drivers-shield-l293d-expansion-development-board-for-arduino\/#primaryimage\"},\"image\":{\"@id\":\"https:\/\/www.onetimenexttime.sk\/arduino\/index.php\/produkt\/smart-car-stepper-dc-motor-drivers-shield-l293d-expansion-development-board-for-arduino\/#primaryimage\"},\"thumbnailUrl\":\"https:\/\/www.onetimenexttime.sk\/arduino\/wp-content\/uploads\/2021\/10\/239.jpg\",\"datePublished\":\"2021-10-17T17:55:21+00:00\",\"dateModified\":\"2021-10-31T22:15:05+00:00\",\"breadcrumb\":{\"@id\":\"https:\/\/www.onetimenexttime.sk\/arduino\/index.php\/produkt\/smart-car-stepper-dc-motor-drivers-shield-l293d-expansion-development-board-for-arduino\/#breadcrumb\"},\"inLanguage\":\"sk-SK\",\"potentialAction\":[{\"@type\":\"ReadAction\",\"target\":[\"https:\/\/www.onetimenexttime.sk\/arduino\/index.php\/produkt\/smart-car-stepper-dc-motor-drivers-shield-l293d-expansion-development-board-for-arduino\/\"]}]},{\"@type\":\"ImageObject\",\"inLanguage\":\"sk-SK\",\"@id\":\"https:\/\/www.onetimenexttime.sk\/arduino\/index.php\/produkt\/smart-car-stepper-dc-motor-drivers-shield-l293d-expansion-development-board-for-arduino\/#primaryimage\",\"url\":\"https:\/\/www.onetimenexttime.sk\/arduino\/wp-content\/uploads\/2021\/10\/239.jpg\",\"contentUrl\":\"https:\/\/www.onetimenexttime.sk\/arduino\/wp-content\/uploads\/2021\/10\/239.jpg\",\"width\":558,\"height\":559},{\"@type\":\"BreadcrumbList\",\"@id\":\"https:\/\/www.onetimenexttime.sk\/arduino\/index.php\/produkt\/smart-car-stepper-dc-motor-drivers-shield-l293d-expansion-development-board-for-arduino\/#breadcrumb\",\"itemListElement\":[{\"@type\":\"ListItem\",\"position\":1,\"name\":\"Domov\",\"item\":\"https:\/\/www.onetimenexttime.sk\/arduino\/\"},{\"@type\":\"ListItem\",\"position\":2,\"name\":\"Obchod\",\"item\":\"https:\/\/www.onetimenexttime.sk\/arduino\/\"},{\"@type\":\"ListItem\",\"position\":3,\"name\":\"Smart Car Stepper DC Motor Drivers Shield L293D Expansion Development Board for Arduino\"}]},{\"@type\":\"WebSite\",\"@id\":\"https:\/\/www.onetimenexttime.sk\/arduino\/#website\",\"url\":\"https:\/\/www.onetimenexttime.sk\/arduino\/\",\"name\":\"Arduino e-shop\",\"description\":\"Home Assistant\",\"potentialAction\":[{\"@type\":\"SearchAction\",\"target\":{\"@type\":\"EntryPoint\",\"urlTemplate\":\"https:\/\/www.onetimenexttime.sk\/arduino\/?s={search_term_string}\"},\"query-input\":{\"@type\":\"PropertyValueSpecification\",\"valueRequired\":true,\"valueName\":\"search_term_string\"}}],\"inLanguage\":\"sk-SK\"}]}<\/script>\n<!-- \/ Yoast SEO plugin. -->","yoast_head_json":{"title":"Smart Car Stepper DC Motor Drivers Shield L293D Expansion Development Board for Arduino - Arduino e-shop","robots":{"index":"index","follow":"follow","max-snippet":"max-snippet:-1","max-image-preview":"max-image-preview:large","max-video-preview":"max-video-preview:-1"},"canonical":"https:\/\/www.onetimenexttime.sk\/arduino\/index.php\/produkt\/smart-car-stepper-dc-motor-drivers-shield-l293d-expansion-development-board-for-arduino\/","og_locale":"sk_SK","og_type":"article","og_title":"Smart Car Stepper DC Motor Drivers Shield L293D Expansion Development Board for Arduino - Arduino e-shop","og_description":"L293D je monolitick\u00fd integrovan\u00fd vysokonap\u00e4\u0165ov\u00fd vysokonap\u00e4\u0165ov\u00fd 4-kan\u00e1lov\u00fd meni\u010d, m\u00f4\u017eete pou\u017e\u00edva\u0165 jednosmern\u00e9 motory a nap\u00e1jacie zdroje a\u017e do 36 voltov. \u010cip&hellip;","og_url":"https:\/\/www.onetimenexttime.sk\/arduino\/index.php\/produkt\/smart-car-stepper-dc-motor-drivers-shield-l293d-expansion-development-board-for-arduino\/","og_site_name":"Arduino e-shop","article_modified_time":"2021-10-31T22:15:05+00:00","og_image":[{"width":558,"height":559,"url":"https:\/\/www.onetimenexttime.sk\/arduino\/wp-content\/uploads\/2021\/10\/239.jpg","type":"image\/jpeg"}],"twitter_card":"summary_large_image","twitter_misc":{"Predpokladan\u00fd \u010das \u010d\u00edtania":"1 min\u00fata"},"schema":{"@context":"https:\/\/schema.org","@graph":[{"@type":"WebPage","@id":"https:\/\/www.onetimenexttime.sk\/arduino\/index.php\/produkt\/smart-car-stepper-dc-motor-drivers-shield-l293d-expansion-development-board-for-arduino\/","url":"https:\/\/www.onetimenexttime.sk\/arduino\/index.php\/produkt\/smart-car-stepper-dc-motor-drivers-shield-l293d-expansion-development-board-for-arduino\/","name":"Smart Car Stepper DC Motor Drivers Shield L293D Expansion Development Board for Arduino - Arduino e-shop","isPartOf":{"@id":"https:\/\/www.onetimenexttime.sk\/arduino\/#website"},"primaryImageOfPage":{"@id":"https:\/\/www.onetimenexttime.sk\/arduino\/index.php\/produkt\/smart-car-stepper-dc-motor-drivers-shield-l293d-expansion-development-board-for-arduino\/#primaryimage"},"image":{"@id":"https:\/\/www.onetimenexttime.sk\/arduino\/index.php\/produkt\/smart-car-stepper-dc-motor-drivers-shield-l293d-expansion-development-board-for-arduino\/#primaryimage"},"thumbnailUrl":"https:\/\/www.onetimenexttime.sk\/arduino\/wp-content\/uploads\/2021\/10\/239.jpg","datePublished":"2021-10-17T17:55:21+00:00","dateModified":"2021-10-31T22:15:05+00:00","breadcrumb":{"@id":"https:\/\/www.onetimenexttime.sk\/arduino\/index.php\/produkt\/smart-car-stepper-dc-motor-drivers-shield-l293d-expansion-development-board-for-arduino\/#breadcrumb"},"inLanguage":"sk-SK","potentialAction":[{"@type":"ReadAction","target":["https:\/\/www.onetimenexttime.sk\/arduino\/index.php\/produkt\/smart-car-stepper-dc-motor-drivers-shield-l293d-expansion-development-board-for-arduino\/"]}]},{"@type":"ImageObject","inLanguage":"sk-SK","@id":"https:\/\/www.onetimenexttime.sk\/arduino\/index.php\/produkt\/smart-car-stepper-dc-motor-drivers-shield-l293d-expansion-development-board-for-arduino\/#primaryimage","url":"https:\/\/www.onetimenexttime.sk\/arduino\/wp-content\/uploads\/2021\/10\/239.jpg","contentUrl":"https:\/\/www.onetimenexttime.sk\/arduino\/wp-content\/uploads\/2021\/10\/239.jpg","width":558,"height":559},{"@type":"BreadcrumbList","@id":"https:\/\/www.onetimenexttime.sk\/arduino\/index.php\/produkt\/smart-car-stepper-dc-motor-drivers-shield-l293d-expansion-development-board-for-arduino\/#breadcrumb","itemListElement":[{"@type":"ListItem","position":1,"name":"Domov","item":"https:\/\/www.onetimenexttime.sk\/arduino\/"},{"@type":"ListItem","position":2,"name":"Obchod","item":"https:\/\/www.onetimenexttime.sk\/arduino\/"},{"@type":"ListItem","position":3,"name":"Smart Car Stepper DC Motor Drivers Shield L293D Expansion Development Board for Arduino"}]},{"@type":"WebSite","@id":"https:\/\/www.onetimenexttime.sk\/arduino\/#website","url":"https:\/\/www.onetimenexttime.sk\/arduino\/","name":"Arduino e-shop","description":"Home Assistant","potentialAction":[{"@type":"SearchAction","target":{"@type":"EntryPoint","urlTemplate":"https:\/\/www.onetimenexttime.sk\/arduino\/?s={search_term_string}"},"query-input":{"@type":"PropertyValueSpecification","valueRequired":true,"valueName":"search_term_string"}}],"inLanguage":"sk-SK"}]}},"_links":{"self":[{"href":"https:\/\/www.onetimenexttime.sk\/arduino\/index.php\/wp-json\/wp\/v2\/product\/62"}],"collection":[{"href":"https:\/\/www.onetimenexttime.sk\/arduino\/index.php\/wp-json\/wp\/v2\/product"}],"about":[{"href":"https:\/\/www.onetimenexttime.sk\/arduino\/index.php\/wp-json\/wp\/v2\/types\/product"}],"wp:featuredmedia":[{"embeddable":true,"href":"https:\/\/www.onetimenexttime.sk\/arduino\/index.php\/wp-json\/wp\/v2\/media\/63"}],"wp:attachment":[{"href":"https:\/\/www.onetimenexttime.sk\/arduino\/index.php\/wp-json\/wp\/v2\/media?parent=62"}],"wp:term":[{"taxonomy":"product_cat","embeddable":true,"href":"https:\/\/www.onetimenexttime.sk\/arduino\/index.php\/wp-json\/wp\/v2\/product_cat?post=62"},{"taxonomy":"product_tag","embeddable":true,"href":"https:\/\/www.onetimenexttime.sk\/arduino\/index.php\/wp-json\/wp\/v2\/product_tag?post=62"}],"curies":[{"name":"wp","href":"https:\/\/api.w.org\/{rel}","templated":true}]}}