{"id":618,"date":"2021-10-29T16:37:11","date_gmt":"2021-10-29T14:37:11","guid":{"rendered":"https:\/\/www.onetimenexttime.sk\/arduino\/?post_type=product&#038;p=618"},"modified":"2024-02-22T18:10:48","modified_gmt":"2024-02-22T17:10:48","slug":"2272-quad-band-signal-output-decoder-chip-315mhz-wireless-receiver-module-m4","status":"publish","type":"product","link":"https:\/\/www.onetimenexttime.sk\/arduino\/index.php\/produkt\/2272-quad-band-signal-output-decoder-chip-315mhz-wireless-receiver-module-m4\/","title":{"rendered":"2272 Quad band signal output decoder chip 315MHZ wireless receiver module M4"},"content":{"rendered":"<p>&nbsp;<\/p>\n<p>&nbsp;<\/p>\n<h2>Inform\u00e1cie o module Quad Band Signal Output Decoder Chip 315MHz<\/h2>\n<table>\n<tbody>\n<tr>\n<th>Popis<\/th>\n<td>Bezdr\u00f4tov\u00fd prij\u00edma\u010d s dek\u00f3derom sign\u00e1lu 315MHz<\/td>\n<\/tr>\n<tr>\n<th>Vlastnosti<\/th>\n<td>\n<ul>\n<li>Podpora \u0161tvorp\u00e1smov\u00e9ho sign\u00e1lu<\/li>\n<li>Frekvencia: 315MHz<\/li>\n<li>Integrovan\u00fd dek\u00f3derov\u00fd \u010dip<\/li>\n<\/ul>\n<\/td>\n<\/tr>\n<tr>\n<th>\u0160pecifik\u00e1cie<\/th>\n<td>\n<ul>\n<li>Frekvencia: 315MHz<\/li>\n<li>Podpora \u0161tvorp\u00e1smov\u00e9ho sign\u00e1lu<\/li>\n<li>Rozhranie: SPI\/I2C\/UART<\/li>\n<\/ul>\n<\/td>\n<\/tr>\n<tr>\n<th>Pr\u00edklady pou\u017eitia<\/th>\n<td>\n<ul>\n<li>Bezdr\u00f4tov\u00e9 dia\u013ekov\u00e9 ovl\u00e1danie<\/li>\n<li>Monitorovanie bezdr\u00f4tov\u00fdch senzorov<\/li>\n<\/ul>\n<\/td>\n<\/tr>\n<tr>\n<th>Pr\u00edkladov\u00fd k\u00f3d pre Arduino<\/th>\n<td>\n<pre><code>\r\n                    \/\/ Importovanie kni\u017en\u00edc\r\n                    #include &lt;VirtualWire.h&gt;\r\n                    \r\n                    \/\/ Defin\u00edcia pinu prij\u00edma\u010da\r\n                    int receiverPin = 2;\r\n                    \r\n                    void setup() {\r\n                      \/\/ Inicializ\u00e1cia komunik\u00e1cie\r\n                      vw_set_rx_pin(receiverPin);\r\n                      vw_setup(2000);  \/\/ Frekvencia komunik\u00e1cie\r\n                      vw_rx_start();   \/\/ Spustenie prij\u00edmania\r\n                    }\r\n                    \r\n                    void loop() {\r\n                      uint8_t buf[VW_MAX_MESSAGE_LEN];\r\n                      uint8_t buflen = VW_MAX_MESSAGE_LEN;\r\n                      if (vw_get_message(buf, &amp;buflen)) {\r\n                        \/\/ Spracovanie prijatej spr\u00e1vy\r\n                      }\r\n                    }\r\n                <\/code><\/pre>\n<\/td>\n<\/tr>\n<\/tbody>\n<\/table>\n<p><button>Skop\u00edrova\u0165 k\u00f3d<\/button><\/p>\n<h2>2272 \u0160tvorp\u00e1smov\u00fd \u010dip v\u00fdstup sign\u00e1lu dekod\u00e9ra 315MHZ modul bezdr\u00f4tov\u00e9ho prij\u00edma\u010da M4<\/h2>\n<p>&nbsp;<\/p>\n<p>Dek\u00f3dovacia doska prij\u00edma\u010da:<\/p>\n<p>Prev\u00e1dzkov\u00e9 nap\u00e4tie: DC 5V<br \/>\nCitlivos\u0165 prij\u00edma\u010da je -98 dB<br \/>\n7 bitov nohy: VT, D3, D2, D1, D0, +5V a GND<br \/>\nVT je v\u00fdstupn\u00fd kol\u00edk platn\u00e9ho sign\u00e1lu po prijat\u00ed platn\u00e9ho sign\u00e1lu, vysok\u00fd v\u00fdstup kol\u00edka m\u00f4\u017ee tie\u017e poh\u00e1\u0148a\u0165 rel\u00e9<br \/>\nVe\u013ekos\u0165: 6,6 x 22 x 41 mm<\/p>\n","protected":false},"excerpt":{"rendered":"<p>&nbsp; &nbsp; Inform\u00e1cie o module Quad Band Signal Output Decoder Chip 315MHz Popis Bezdr\u00f4tov\u00fd prij\u00edma\u010d s dek\u00f3derom sign\u00e1lu 315MHz Vlastnosti&hellip;<\/p>\n","protected":false},"featured_media":619,"template":"","meta":{"_monsterinsights_skip_tracking":false,"_monsterinsights_sitenote_active":false,"_monsterinsights_sitenote_note":"","_monsterinsights_sitenote_category":0},"product_cat":[16,34,29],"product_tag":[],"class_list":{"0":"post-618","1":"product","2":"type-product","3":"status-publish","4":"has-post-thumbnail","6":"product_cat-ard","7":"product_cat-rf","8":"product_cat-wireless-transmission","10":"first","11":"instock","12":"sale","13":"shipping-taxable","14":"purchasable","15":"product-type-simple"},"yoast_head":"<!-- This site is optimized with the Yoast SEO plugin v23.6 - https:\/\/yoast.com\/wordpress\/plugins\/seo\/ -->\n<title>2272 Quad band signal output decoder chip 315MHZ wireless receiver module M4 - Arduino e-shop<\/title>\n<meta name=\"robots\" content=\"index, follow, max-snippet:-1, max-image-preview:large, max-video-preview:-1\" \/>\n<link rel=\"canonical\" href=\"https:\/\/www.onetimenexttime.sk\/arduino\/index.php\/produkt\/2272-quad-band-signal-output-decoder-chip-315mhz-wireless-receiver-module-m4\/\" \/>\n<meta property=\"og:locale\" content=\"sk_SK\" \/>\n<meta property=\"og:type\" content=\"article\" \/>\n<meta property=\"og:title\" content=\"2272 Quad band signal output decoder chip 315MHZ wireless receiver module M4 - Arduino e-shop\" \/>\n<meta property=\"og:description\" content=\"&nbsp; &nbsp; Inform\u00e1cie o module Quad Band Signal Output Decoder Chip 315MHz Popis Bezdr\u00f4tov\u00fd prij\u00edma\u010d s dek\u00f3derom sign\u00e1lu 315MHz Vlastnosti&hellip;\" \/>\n<meta property=\"og:url\" content=\"https:\/\/www.onetimenexttime.sk\/arduino\/index.php\/produkt\/2272-quad-band-signal-output-decoder-chip-315mhz-wireless-receiver-module-m4\/\" \/>\n<meta property=\"og:site_name\" content=\"Arduino e-shop\" \/>\n<meta property=\"article:modified_time\" content=\"2024-02-22T17:10:48+00:00\" \/>\n<meta property=\"og:image\" content=\"https:\/\/www.onetimenexttime.sk\/arduino\/wp-content\/uploads\/2021\/10\/113-3.jpg\" \/>\n\t<meta property=\"og:image:width\" content=\"502\" \/>\n\t<meta property=\"og:image:height\" content=\"504\" \/>\n\t<meta property=\"og:image:type\" content=\"image\/jpeg\" \/>\n<meta name=\"twitter:card\" content=\"summary_large_image\" \/>\n<meta name=\"twitter:label1\" content=\"Predpokladan\u00fd \u010das \u010d\u00edtania\" \/>\n\t<meta name=\"twitter:data1\" content=\"1 min\u00fata\" \/>\n<script type=\"application\/ld+json\" class=\"yoast-schema-graph\">{\"@context\":\"https:\/\/schema.org\",\"@graph\":[{\"@type\":\"WebPage\",\"@id\":\"https:\/\/www.onetimenexttime.sk\/arduino\/index.php\/produkt\/2272-quad-band-signal-output-decoder-chip-315mhz-wireless-receiver-module-m4\/\",\"url\":\"https:\/\/www.onetimenexttime.sk\/arduino\/index.php\/produkt\/2272-quad-band-signal-output-decoder-chip-315mhz-wireless-receiver-module-m4\/\",\"name\":\"2272 Quad band signal output decoder chip 315MHZ wireless receiver module M4 - Arduino e-shop\",\"isPartOf\":{\"@id\":\"https:\/\/www.onetimenexttime.sk\/arduino\/#website\"},\"primaryImageOfPage\":{\"@id\":\"https:\/\/www.onetimenexttime.sk\/arduino\/index.php\/produkt\/2272-quad-band-signal-output-decoder-chip-315mhz-wireless-receiver-module-m4\/#primaryimage\"},\"image\":{\"@id\":\"https:\/\/www.onetimenexttime.sk\/arduino\/index.php\/produkt\/2272-quad-band-signal-output-decoder-chip-315mhz-wireless-receiver-module-m4\/#primaryimage\"},\"thumbnailUrl\":\"https:\/\/www.onetimenexttime.sk\/arduino\/wp-content\/uploads\/2021\/10\/113-3.jpg\",\"datePublished\":\"2021-10-29T14:37:11+00:00\",\"dateModified\":\"2024-02-22T17:10:48+00:00\",\"breadcrumb\":{\"@id\":\"https:\/\/www.onetimenexttime.sk\/arduino\/index.php\/produkt\/2272-quad-band-signal-output-decoder-chip-315mhz-wireless-receiver-module-m4\/#breadcrumb\"},\"inLanguage\":\"sk-SK\",\"potentialAction\":[{\"@type\":\"ReadAction\",\"target\":[\"https:\/\/www.onetimenexttime.sk\/arduino\/index.php\/produkt\/2272-quad-band-signal-output-decoder-chip-315mhz-wireless-receiver-module-m4\/\"]}]},{\"@type\":\"ImageObject\",\"inLanguage\":\"sk-SK\",\"@id\":\"https:\/\/www.onetimenexttime.sk\/arduino\/index.php\/produkt\/2272-quad-band-signal-output-decoder-chip-315mhz-wireless-receiver-module-m4\/#primaryimage\",\"url\":\"https:\/\/www.onetimenexttime.sk\/arduino\/wp-content\/uploads\/2021\/10\/113-3.jpg\",\"contentUrl\":\"https:\/\/www.onetimenexttime.sk\/arduino\/wp-content\/uploads\/2021\/10\/113-3.jpg\",\"width\":502,\"height\":504},{\"@type\":\"BreadcrumbList\",\"@id\":\"https:\/\/www.onetimenexttime.sk\/arduino\/index.php\/produkt\/2272-quad-band-signal-output-decoder-chip-315mhz-wireless-receiver-module-m4\/#breadcrumb\",\"itemListElement\":[{\"@type\":\"ListItem\",\"position\":1,\"name\":\"Domov\",\"item\":\"https:\/\/www.onetimenexttime.sk\/arduino\/\"},{\"@type\":\"ListItem\",\"position\":2,\"name\":\"Obchod\",\"item\":\"https:\/\/www.onetimenexttime.sk\/arduino\/\"},{\"@type\":\"ListItem\",\"position\":3,\"name\":\"2272 Quad band signal output decoder chip 315MHZ wireless receiver module M4\"}]},{\"@type\":\"WebSite\",\"@id\":\"https:\/\/www.onetimenexttime.sk\/arduino\/#website\",\"url\":\"https:\/\/www.onetimenexttime.sk\/arduino\/\",\"name\":\"Arduino e-shop\",\"description\":\"Home Assistant\",\"potentialAction\":[{\"@type\":\"SearchAction\",\"target\":{\"@type\":\"EntryPoint\",\"urlTemplate\":\"https:\/\/www.onetimenexttime.sk\/arduino\/?s={search_term_string}\"},\"query-input\":{\"@type\":\"PropertyValueSpecification\",\"valueRequired\":true,\"valueName\":\"search_term_string\"}}],\"inLanguage\":\"sk-SK\"}]}<\/script>\n<!-- \/ Yoast SEO plugin. -->","yoast_head_json":{"title":"2272 Quad band signal output decoder chip 315MHZ wireless receiver module M4 - Arduino e-shop","robots":{"index":"index","follow":"follow","max-snippet":"max-snippet:-1","max-image-preview":"max-image-preview:large","max-video-preview":"max-video-preview:-1"},"canonical":"https:\/\/www.onetimenexttime.sk\/arduino\/index.php\/produkt\/2272-quad-band-signal-output-decoder-chip-315mhz-wireless-receiver-module-m4\/","og_locale":"sk_SK","og_type":"article","og_title":"2272 Quad band signal output decoder chip 315MHZ wireless receiver module M4 - Arduino e-shop","og_description":"&nbsp; &nbsp; Inform\u00e1cie o module Quad Band Signal Output Decoder Chip 315MHz Popis Bezdr\u00f4tov\u00fd prij\u00edma\u010d s dek\u00f3derom sign\u00e1lu 315MHz Vlastnosti&hellip;","og_url":"https:\/\/www.onetimenexttime.sk\/arduino\/index.php\/produkt\/2272-quad-band-signal-output-decoder-chip-315mhz-wireless-receiver-module-m4\/","og_site_name":"Arduino e-shop","article_modified_time":"2024-02-22T17:10:48+00:00","og_image":[{"width":502,"height":504,"url":"https:\/\/www.onetimenexttime.sk\/arduino\/wp-content\/uploads\/2021\/10\/113-3.jpg","type":"image\/jpeg"}],"twitter_card":"summary_large_image","twitter_misc":{"Predpokladan\u00fd \u010das \u010d\u00edtania":"1 min\u00fata"},"schema":{"@context":"https:\/\/schema.org","@graph":[{"@type":"WebPage","@id":"https:\/\/www.onetimenexttime.sk\/arduino\/index.php\/produkt\/2272-quad-band-signal-output-decoder-chip-315mhz-wireless-receiver-module-m4\/","url":"https:\/\/www.onetimenexttime.sk\/arduino\/index.php\/produkt\/2272-quad-band-signal-output-decoder-chip-315mhz-wireless-receiver-module-m4\/","name":"2272 Quad band signal output decoder chip 315MHZ wireless receiver module M4 - Arduino e-shop","isPartOf":{"@id":"https:\/\/www.onetimenexttime.sk\/arduino\/#website"},"primaryImageOfPage":{"@id":"https:\/\/www.onetimenexttime.sk\/arduino\/index.php\/produkt\/2272-quad-band-signal-output-decoder-chip-315mhz-wireless-receiver-module-m4\/#primaryimage"},"image":{"@id":"https:\/\/www.onetimenexttime.sk\/arduino\/index.php\/produkt\/2272-quad-band-signal-output-decoder-chip-315mhz-wireless-receiver-module-m4\/#primaryimage"},"thumbnailUrl":"https:\/\/www.onetimenexttime.sk\/arduino\/wp-content\/uploads\/2021\/10\/113-3.jpg","datePublished":"2021-10-29T14:37:11+00:00","dateModified":"2024-02-22T17:10:48+00:00","breadcrumb":{"@id":"https:\/\/www.onetimenexttime.sk\/arduino\/index.php\/produkt\/2272-quad-band-signal-output-decoder-chip-315mhz-wireless-receiver-module-m4\/#breadcrumb"},"inLanguage":"sk-SK","potentialAction":[{"@type":"ReadAction","target":["https:\/\/www.onetimenexttime.sk\/arduino\/index.php\/produkt\/2272-quad-band-signal-output-decoder-chip-315mhz-wireless-receiver-module-m4\/"]}]},{"@type":"ImageObject","inLanguage":"sk-SK","@id":"https:\/\/www.onetimenexttime.sk\/arduino\/index.php\/produkt\/2272-quad-band-signal-output-decoder-chip-315mhz-wireless-receiver-module-m4\/#primaryimage","url":"https:\/\/www.onetimenexttime.sk\/arduino\/wp-content\/uploads\/2021\/10\/113-3.jpg","contentUrl":"https:\/\/www.onetimenexttime.sk\/arduino\/wp-content\/uploads\/2021\/10\/113-3.jpg","width":502,"height":504},{"@type":"BreadcrumbList","@id":"https:\/\/www.onetimenexttime.sk\/arduino\/index.php\/produkt\/2272-quad-band-signal-output-decoder-chip-315mhz-wireless-receiver-module-m4\/#breadcrumb","itemListElement":[{"@type":"ListItem","position":1,"name":"Domov","item":"https:\/\/www.onetimenexttime.sk\/arduino\/"},{"@type":"ListItem","position":2,"name":"Obchod","item":"https:\/\/www.onetimenexttime.sk\/arduino\/"},{"@type":"ListItem","position":3,"name":"2272 Quad band signal output decoder chip 315MHZ wireless receiver module M4"}]},{"@type":"WebSite","@id":"https:\/\/www.onetimenexttime.sk\/arduino\/#website","url":"https:\/\/www.onetimenexttime.sk\/arduino\/","name":"Arduino e-shop","description":"Home Assistant","potentialAction":[{"@type":"SearchAction","target":{"@type":"EntryPoint","urlTemplate":"https:\/\/www.onetimenexttime.sk\/arduino\/?s={search_term_string}"},"query-input":{"@type":"PropertyValueSpecification","valueRequired":true,"valueName":"search_term_string"}}],"inLanguage":"sk-SK"}]}},"_links":{"self":[{"href":"https:\/\/www.onetimenexttime.sk\/arduino\/index.php\/wp-json\/wp\/v2\/product\/618"}],"collection":[{"href":"https:\/\/www.onetimenexttime.sk\/arduino\/index.php\/wp-json\/wp\/v2\/product"}],"about":[{"href":"https:\/\/www.onetimenexttime.sk\/arduino\/index.php\/wp-json\/wp\/v2\/types\/product"}],"wp:featuredmedia":[{"embeddable":true,"href":"https:\/\/www.onetimenexttime.sk\/arduino\/index.php\/wp-json\/wp\/v2\/media\/619"}],"wp:attachment":[{"href":"https:\/\/www.onetimenexttime.sk\/arduino\/index.php\/wp-json\/wp\/v2\/media?parent=618"}],"wp:term":[{"taxonomy":"product_cat","embeddable":true,"href":"https:\/\/www.onetimenexttime.sk\/arduino\/index.php\/wp-json\/wp\/v2\/product_cat?post=618"},{"taxonomy":"product_tag","embeddable":true,"href":"https:\/\/www.onetimenexttime.sk\/arduino\/index.php\/wp-json\/wp\/v2\/product_tag?post=618"}],"curies":[{"name":"wp","href":"https:\/\/api.w.org\/{rel}","templated":true}]}}