{"id":616,"date":"2021-10-29T16:33:20","date_gmt":"2021-10-29T14:33:20","guid":{"rendered":"https:\/\/www.onetimenexttime.sk\/arduino\/?post_type=product&#038;p=616"},"modified":"2021-10-29T16:36:17","modified_gmt":"2021-10-29T14:36:17","slug":"tx-5-mini-gps-tracker-sms-real-time-network-vehicle-motorcycle-monitor-4-bands-gsm-gprs-gps-tracking-system-hot-selling","status":"publish","type":"product","link":"https:\/\/www.onetimenexttime.sk\/arduino\/index.php\/produkt\/tx-5-mini-gps-tracker-sms-real-time-network-vehicle-motorcycle-monitor-4-bands-gsm-gprs-gps-tracking-system-hot-selling\/","title":{"rendered":"TX-5 Mini GPS Tracker SMS Real Time Network vehicle Motorcycle monitor 4 bands GSM\/GPRS\/GPS Tracking system hot selling"},"content":{"rendered":"<h3>TX-5 Mini GPS Tracker SMS Sie\u0165 v re\u00e1lnom \u010dase Vozidlo Monitor motocykla 4 p\u00e1sma GSM\/GPRS\/GPS Sledovac\u00ed syst\u00e9m<\/h3>\n<p><strong>Popis:<\/strong><\/p>\n<p>GSM \u0161tvorp\u00e1smov\u00e1 frekvencia (glob\u00e1lne pou\u017eitie)<\/p>\n<p>\u0160irok\u00fd rozsah vstupn\u00e9ho nap\u00e4tia: DC 9-24V<\/p>\n<p>Vstavan\u00fd sn\u00edma\u010d vibr\u00e1ci\u00ed, inteligentn\u00e1 ochrana proti kr\u00e1de\u017ei<\/p>\n<p>Vstavan\u00e1 z\u00e1lo\u017en\u00e1 bat\u00e9ria (volite\u013en\u00e1), podporuje neleg\u00e1lne alarmy preru\u0161enia hlavn\u00e9ho nap\u00e1jania<\/p>\n<p>K dispoz\u00edcii je sledovanie SMS a webov\u00e9ho port\u00e1lu<\/p>\n<p>Pohybliv\u00fd alarm<\/p>\n<p>Monitorovanie<\/p>\n<p>Podpora Android, IOS APP pre priame ovl\u00e1danie mobiln\u00e9ho telef\u00f3nu<\/p>\n<p>Super mini tracker pre auto\/motocykl\/vozidlo\/bicykel v re\u00e1lnom \u010dase, 56*39*13 mm,<\/p>\n<p>Sledovanie polohy v re\u00e1lnom \u010dase, prehr\u00e1vanie skladieb. Podpora sledovania platforiem SMS a GPRS,<\/p>\n<p>Vstavan\u00e1 n\u00e1hradn\u00e1 bat\u00e9ria, realizujte neleg\u00e1lny alarm strihovej l\u00ednie,<\/p>\n<p>Vstavan\u00fd sn\u00edma\u010d vibr\u00e1ci\u00ed, inteligentn\u00e1 realiz\u00e1cia vozidla proti kr\u00e1de\u017ei,<\/p>\n<p>Funkcia ur\u010dovania polohy zariadenia je zalo\u017een\u00e1 na GSM, nie GPS.<\/p>\n<p>&nbsp;<\/p>\n<p>Materi\u00e1l pl\u00e1\u0161\u0165a: ABS<\/p>\n<p>Farba: \u010cierna<\/p>\n<p>GSM p\u00e1smo: 900\/1800MHz alebo 850\/1900MHz glob\u00e1lne be\u017en\u00e9<\/p>\n<p>GPRS: Trieda 12, TCP \/ IP<\/p>\n<p>Rozsah nap\u00e4tia: 9-38VDC<\/p>\n<p>Pohotovostn\u00fd pr\u00fad: \u22480,2 mA<\/p>\n<p>Teplota pracovn\u00e9ho prostredia: -20 \u2103 &#8211; +70 \u2103<\/p>\n<p>Vlhkos\u0165 pracovn\u00e9ho prostredia: 20% -80% RH<\/p>\n<p>Bat\u00e9ria: l\u00edtiov\u00e1 bat\u00e9ria (vstavan\u00e1)<\/p>\n<p>Ant\u00e9na: Vstavan\u00e1 GSM ant\u00e9na<\/p>\n<p>Presnos\u0165 ur\u010dovania polohy GPS: 50 m<\/p>\n<p>Ve\u013ekos\u0165: 10 x 6,5 x 3 cm<\/p>\n<p>In\u0161tal\u00e1cia:<\/p>\n<p>V\u00fdber SIM karty, do termin\u00e1lu je potrebn\u00e9 vlo\u017ei\u0165 SIM kartu GSM, v\u00fdber SIM karty n\u00e1jdete v stanovisku predajcu<\/p>\n<p>In\u0161tal\u00e1cia SIM karty, pomocou ruky odkryte kryt konektora, odkryte kryt slotu SIM karty, kovov\u00fa kartu SIM l\u00edcom nadol do slotu SIM karty, potom upevnite kryt slotu na kartu a nakoniec nasa\u010fte zadn\u00fd kryt<\/p>\n<p>Balenie obsahuje:<\/p>\n<p>1 x GPRS sledova\u010d<\/p>\n<p>1 x 2 kol\u00edkov\u00e9 nap\u00e1janie 3P linka<\/p>\n<p>1 x N\u00e1vod na pou\u017eitie<\/p>\n","protected":false},"excerpt":{"rendered":"<p>TX-5 Mini GPS Tracker SMS Sie\u0165 v re\u00e1lnom \u010dase Vozidlo Monitor motocykla 4 p\u00e1sma GSM\/GPRS\/GPS Sledovac\u00ed syst\u00e9m Popis: GSM \u0161tvorp\u00e1smov\u00e1&hellip;<\/p>\n","protected":false},"featured_media":617,"template":"","meta":{"_monsterinsights_skip_tracking":false,"_monsterinsights_sitenote_active":false,"_monsterinsights_sitenote_note":"","_monsterinsights_sitenote_category":0},"product_cat":[16,24],"product_tag":[],"class_list":{"0":"post-616","1":"product","2":"type-product","3":"status-publish","4":"has-post-thumbnail","6":"product_cat-ard","7":"product_cat-gps","9":"first","10":"instock","11":"sale","12":"shipping-taxable","13":"purchasable","14":"product-type-simple"},"yoast_head":"<!-- This site is optimized with the Yoast SEO plugin v23.6 - https:\/\/yoast.com\/wordpress\/plugins\/seo\/ -->\n<title>TX-5 Mini GPS Tracker SMS Real Time Network vehicle Motorcycle monitor 4 bands GSM\/GPRS\/GPS Tracking system hot selling - Arduino e-shop<\/title>\n<meta name=\"robots\" content=\"index, follow, max-snippet:-1, max-image-preview:large, max-video-preview:-1\" \/>\n<link rel=\"canonical\" href=\"https:\/\/www.onetimenexttime.sk\/arduino\/index.php\/produkt\/tx-5-mini-gps-tracker-sms-real-time-network-vehicle-motorcycle-monitor-4-bands-gsm-gprs-gps-tracking-system-hot-selling\/\" \/>\n<meta property=\"og:locale\" content=\"sk_SK\" \/>\n<meta property=\"og:type\" content=\"article\" \/>\n<meta property=\"og:title\" content=\"TX-5 Mini GPS Tracker SMS Real Time Network vehicle Motorcycle monitor 4 bands GSM\/GPRS\/GPS Tracking system hot selling - Arduino e-shop\" \/>\n<meta property=\"og:description\" content=\"TX-5 Mini GPS Tracker SMS Sie\u0165 v re\u00e1lnom \u010dase Vozidlo Monitor motocykla 4 p\u00e1sma GSM\/GPRS\/GPS Sledovac\u00ed syst\u00e9m Popis: GSM \u0161tvorp\u00e1smov\u00e1&hellip;\" \/>\n<meta property=\"og:url\" content=\"https:\/\/www.onetimenexttime.sk\/arduino\/index.php\/produkt\/tx-5-mini-gps-tracker-sms-real-time-network-vehicle-motorcycle-monitor-4-bands-gsm-gprs-gps-tracking-system-hot-selling\/\" \/>\n<meta property=\"og:site_name\" content=\"Arduino e-shop\" \/>\n<meta property=\"article:modified_time\" content=\"2021-10-29T14:36:17+00:00\" \/>\n<meta property=\"og:image\" content=\"https:\/\/www.onetimenexttime.sk\/arduino\/wp-content\/uploads\/2021\/10\/151.jpg\" \/>\n\t<meta property=\"og:image:width\" content=\"502\" \/>\n\t<meta property=\"og:image:height\" content=\"504\" \/>\n\t<meta property=\"og:image:type\" content=\"image\/jpeg\" \/>\n<meta name=\"twitter:card\" content=\"summary_large_image\" \/>\n<meta name=\"twitter:label1\" content=\"Predpokladan\u00fd \u010das \u010d\u00edtania\" \/>\n\t<meta name=\"twitter:data1\" content=\"2 min\u00faty\" \/>\n<script type=\"application\/ld+json\" class=\"yoast-schema-graph\">{\"@context\":\"https:\/\/schema.org\",\"@graph\":[{\"@type\":\"WebPage\",\"@id\":\"https:\/\/www.onetimenexttime.sk\/arduino\/index.php\/produkt\/tx-5-mini-gps-tracker-sms-real-time-network-vehicle-motorcycle-monitor-4-bands-gsm-gprs-gps-tracking-system-hot-selling\/\",\"url\":\"https:\/\/www.onetimenexttime.sk\/arduino\/index.php\/produkt\/tx-5-mini-gps-tracker-sms-real-time-network-vehicle-motorcycle-monitor-4-bands-gsm-gprs-gps-tracking-system-hot-selling\/\",\"name\":\"TX-5 Mini GPS Tracker SMS Real Time Network vehicle Motorcycle monitor 4 bands GSM\/GPRS\/GPS Tracking system hot selling - Arduino e-shop\",\"isPartOf\":{\"@id\":\"https:\/\/www.onetimenexttime.sk\/arduino\/#website\"},\"primaryImageOfPage\":{\"@id\":\"https:\/\/www.onetimenexttime.sk\/arduino\/index.php\/produkt\/tx-5-mini-gps-tracker-sms-real-time-network-vehicle-motorcycle-monitor-4-bands-gsm-gprs-gps-tracking-system-hot-selling\/#primaryimage\"},\"image\":{\"@id\":\"https:\/\/www.onetimenexttime.sk\/arduino\/index.php\/produkt\/tx-5-mini-gps-tracker-sms-real-time-network-vehicle-motorcycle-monitor-4-bands-gsm-gprs-gps-tracking-system-hot-selling\/#primaryimage\"},\"thumbnailUrl\":\"https:\/\/www.onetimenexttime.sk\/arduino\/wp-content\/uploads\/2021\/10\/151.jpg\",\"datePublished\":\"2021-10-29T14:33:20+00:00\",\"dateModified\":\"2021-10-29T14:36:17+00:00\",\"breadcrumb\":{\"@id\":\"https:\/\/www.onetimenexttime.sk\/arduino\/index.php\/produkt\/tx-5-mini-gps-tracker-sms-real-time-network-vehicle-motorcycle-monitor-4-bands-gsm-gprs-gps-tracking-system-hot-selling\/#breadcrumb\"},\"inLanguage\":\"sk-SK\",\"potentialAction\":[{\"@type\":\"ReadAction\",\"target\":[\"https:\/\/www.onetimenexttime.sk\/arduino\/index.php\/produkt\/tx-5-mini-gps-tracker-sms-real-time-network-vehicle-motorcycle-monitor-4-bands-gsm-gprs-gps-tracking-system-hot-selling\/\"]}]},{\"@type\":\"ImageObject\",\"inLanguage\":\"sk-SK\",\"@id\":\"https:\/\/www.onetimenexttime.sk\/arduino\/index.php\/produkt\/tx-5-mini-gps-tracker-sms-real-time-network-vehicle-motorcycle-monitor-4-bands-gsm-gprs-gps-tracking-system-hot-selling\/#primaryimage\",\"url\":\"https:\/\/www.onetimenexttime.sk\/arduino\/wp-content\/uploads\/2021\/10\/151.jpg\",\"contentUrl\":\"https:\/\/www.onetimenexttime.sk\/arduino\/wp-content\/uploads\/2021\/10\/151.jpg\",\"width\":502,\"height\":504},{\"@type\":\"BreadcrumbList\",\"@id\":\"https:\/\/www.onetimenexttime.sk\/arduino\/index.php\/produkt\/tx-5-mini-gps-tracker-sms-real-time-network-vehicle-motorcycle-monitor-4-bands-gsm-gprs-gps-tracking-system-hot-selling\/#breadcrumb\",\"itemListElement\":[{\"@type\":\"ListItem\",\"position\":1,\"name\":\"Domov\",\"item\":\"https:\/\/www.onetimenexttime.sk\/arduino\/\"},{\"@type\":\"ListItem\",\"position\":2,\"name\":\"Obchod\",\"item\":\"https:\/\/www.onetimenexttime.sk\/arduino\/\"},{\"@type\":\"ListItem\",\"position\":3,\"name\":\"TX-5 Mini GPS Tracker SMS Real Time Network vehicle Motorcycle monitor 4 bands GSM\/GPRS\/GPS Tracking system hot selling\"}]},{\"@type\":\"WebSite\",\"@id\":\"https:\/\/www.onetimenexttime.sk\/arduino\/#website\",\"url\":\"https:\/\/www.onetimenexttime.sk\/arduino\/\",\"name\":\"Arduino e-shop\",\"description\":\"Home Assistant\",\"potentialAction\":[{\"@type\":\"SearchAction\",\"target\":{\"@type\":\"EntryPoint\",\"urlTemplate\":\"https:\/\/www.onetimenexttime.sk\/arduino\/?s={search_term_string}\"},\"query-input\":{\"@type\":\"PropertyValueSpecification\",\"valueRequired\":true,\"valueName\":\"search_term_string\"}}],\"inLanguage\":\"sk-SK\"}]}<\/script>\n<!-- \/ Yoast SEO plugin. -->","yoast_head_json":{"title":"TX-5 Mini GPS Tracker SMS Real Time Network vehicle Motorcycle monitor 4 bands GSM\/GPRS\/GPS Tracking system hot selling - Arduino e-shop","robots":{"index":"index","follow":"follow","max-snippet":"max-snippet:-1","max-image-preview":"max-image-preview:large","max-video-preview":"max-video-preview:-1"},"canonical":"https:\/\/www.onetimenexttime.sk\/arduino\/index.php\/produkt\/tx-5-mini-gps-tracker-sms-real-time-network-vehicle-motorcycle-monitor-4-bands-gsm-gprs-gps-tracking-system-hot-selling\/","og_locale":"sk_SK","og_type":"article","og_title":"TX-5 Mini GPS Tracker SMS Real Time Network vehicle Motorcycle monitor 4 bands GSM\/GPRS\/GPS Tracking system hot selling - Arduino e-shop","og_description":"TX-5 Mini GPS Tracker SMS Sie\u0165 v re\u00e1lnom \u010dase Vozidlo Monitor motocykla 4 p\u00e1sma GSM\/GPRS\/GPS Sledovac\u00ed syst\u00e9m Popis: GSM \u0161tvorp\u00e1smov\u00e1&hellip;","og_url":"https:\/\/www.onetimenexttime.sk\/arduino\/index.php\/produkt\/tx-5-mini-gps-tracker-sms-real-time-network-vehicle-motorcycle-monitor-4-bands-gsm-gprs-gps-tracking-system-hot-selling\/","og_site_name":"Arduino e-shop","article_modified_time":"2021-10-29T14:36:17+00:00","og_image":[{"width":502,"height":504,"url":"https:\/\/www.onetimenexttime.sk\/arduino\/wp-content\/uploads\/2021\/10\/151.jpg","type":"image\/jpeg"}],"twitter_card":"summary_large_image","twitter_misc":{"Predpokladan\u00fd \u010das \u010d\u00edtania":"2 min\u00faty"},"schema":{"@context":"https:\/\/schema.org","@graph":[{"@type":"WebPage","@id":"https:\/\/www.onetimenexttime.sk\/arduino\/index.php\/produkt\/tx-5-mini-gps-tracker-sms-real-time-network-vehicle-motorcycle-monitor-4-bands-gsm-gprs-gps-tracking-system-hot-selling\/","url":"https:\/\/www.onetimenexttime.sk\/arduino\/index.php\/produkt\/tx-5-mini-gps-tracker-sms-real-time-network-vehicle-motorcycle-monitor-4-bands-gsm-gprs-gps-tracking-system-hot-selling\/","name":"TX-5 Mini GPS Tracker SMS Real Time Network vehicle Motorcycle monitor 4 bands GSM\/GPRS\/GPS Tracking system hot selling - Arduino e-shop","isPartOf":{"@id":"https:\/\/www.onetimenexttime.sk\/arduino\/#website"},"primaryImageOfPage":{"@id":"https:\/\/www.onetimenexttime.sk\/arduino\/index.php\/produkt\/tx-5-mini-gps-tracker-sms-real-time-network-vehicle-motorcycle-monitor-4-bands-gsm-gprs-gps-tracking-system-hot-selling\/#primaryimage"},"image":{"@id":"https:\/\/www.onetimenexttime.sk\/arduino\/index.php\/produkt\/tx-5-mini-gps-tracker-sms-real-time-network-vehicle-motorcycle-monitor-4-bands-gsm-gprs-gps-tracking-system-hot-selling\/#primaryimage"},"thumbnailUrl":"https:\/\/www.onetimenexttime.sk\/arduino\/wp-content\/uploads\/2021\/10\/151.jpg","datePublished":"2021-10-29T14:33:20+00:00","dateModified":"2021-10-29T14:36:17+00:00","breadcrumb":{"@id":"https:\/\/www.onetimenexttime.sk\/arduino\/index.php\/produkt\/tx-5-mini-gps-tracker-sms-real-time-network-vehicle-motorcycle-monitor-4-bands-gsm-gprs-gps-tracking-system-hot-selling\/#breadcrumb"},"inLanguage":"sk-SK","potentialAction":[{"@type":"ReadAction","target":["https:\/\/www.onetimenexttime.sk\/arduino\/index.php\/produkt\/tx-5-mini-gps-tracker-sms-real-time-network-vehicle-motorcycle-monitor-4-bands-gsm-gprs-gps-tracking-system-hot-selling\/"]}]},{"@type":"ImageObject","inLanguage":"sk-SK","@id":"https:\/\/www.onetimenexttime.sk\/arduino\/index.php\/produkt\/tx-5-mini-gps-tracker-sms-real-time-network-vehicle-motorcycle-monitor-4-bands-gsm-gprs-gps-tracking-system-hot-selling\/#primaryimage","url":"https:\/\/www.onetimenexttime.sk\/arduino\/wp-content\/uploads\/2021\/10\/151.jpg","contentUrl":"https:\/\/www.onetimenexttime.sk\/arduino\/wp-content\/uploads\/2021\/10\/151.jpg","width":502,"height":504},{"@type":"BreadcrumbList","@id":"https:\/\/www.onetimenexttime.sk\/arduino\/index.php\/produkt\/tx-5-mini-gps-tracker-sms-real-time-network-vehicle-motorcycle-monitor-4-bands-gsm-gprs-gps-tracking-system-hot-selling\/#breadcrumb","itemListElement":[{"@type":"ListItem","position":1,"name":"Domov","item":"https:\/\/www.onetimenexttime.sk\/arduino\/"},{"@type":"ListItem","position":2,"name":"Obchod","item":"https:\/\/www.onetimenexttime.sk\/arduino\/"},{"@type":"ListItem","position":3,"name":"TX-5 Mini GPS Tracker SMS Real Time Network vehicle Motorcycle monitor 4 bands GSM\/GPRS\/GPS Tracking system hot selling"}]},{"@type":"WebSite","@id":"https:\/\/www.onetimenexttime.sk\/arduino\/#website","url":"https:\/\/www.onetimenexttime.sk\/arduino\/","name":"Arduino e-shop","description":"Home Assistant","potentialAction":[{"@type":"SearchAction","target":{"@type":"EntryPoint","urlTemplate":"https:\/\/www.onetimenexttime.sk\/arduino\/?s={search_term_string}"},"query-input":{"@type":"PropertyValueSpecification","valueRequired":true,"valueName":"search_term_string"}}],"inLanguage":"sk-SK"}]}},"_links":{"self":[{"href":"https:\/\/www.onetimenexttime.sk\/arduino\/index.php\/wp-json\/wp\/v2\/product\/616"}],"collection":[{"href":"https:\/\/www.onetimenexttime.sk\/arduino\/index.php\/wp-json\/wp\/v2\/product"}],"about":[{"href":"https:\/\/www.onetimenexttime.sk\/arduino\/index.php\/wp-json\/wp\/v2\/types\/product"}],"wp:featuredmedia":[{"embeddable":true,"href":"https:\/\/www.onetimenexttime.sk\/arduino\/index.php\/wp-json\/wp\/v2\/media\/617"}],"wp:attachment":[{"href":"https:\/\/www.onetimenexttime.sk\/arduino\/index.php\/wp-json\/wp\/v2\/media?parent=616"}],"wp:term":[{"taxonomy":"product_cat","embeddable":true,"href":"https:\/\/www.onetimenexttime.sk\/arduino\/index.php\/wp-json\/wp\/v2\/product_cat?post=616"},{"taxonomy":"product_tag","embeddable":true,"href":"https:\/\/www.onetimenexttime.sk\/arduino\/index.php\/wp-json\/wp\/v2\/product_tag?post=616"}],"curies":[{"name":"wp","href":"https:\/\/api.w.org\/{rel}","templated":true}]}}