{"id":609,"date":"2021-10-29T16:23:54","date_gmt":"2021-10-29T14:23:54","guid":{"rendered":"https:\/\/www.onetimenexttime.sk\/arduino\/?post_type=product&#038;p=609"},"modified":"2021-10-29T16:26:35","modified_gmt":"2021-10-29T14:26:35","slug":"blk-md-spk-b-bluetooth-ovc3860-stereo-module-audio-transceiver-eeprom-v2-0edr","status":"publish","type":"product","link":"https:\/\/www.onetimenexttime.sk\/arduino\/index.php\/produkt\/blk-md-spk-b-bluetooth-ovc3860-stereo-module-audio-transceiver-eeprom-v2-0edr\/","title":{"rendered":"BLK-MD-SPK-B Bluetooth OVC3860 Stereo Module Audio Transceiver EEPROM V2.0+EDR"},"content":{"rendered":"<h2>BLK-MD-SPK-B Bluetooth OVC3860 Stereo Modul Audio Transceiver EEPROM V2.0+EDR<\/h2>\n<p>&nbsp;<\/p>\n<p>ooth stereo audio transceiver a hlasov\u00e1 schr\u00e1nka vysokej kvality.<br \/>\nVe\u013emi n\u00edzke prev\u00e1dzkov\u00e9 nap\u00e4tie<br \/>\nIntegrovan\u00e9 s EEPROM, ktor\u00e1 dok\u00e1\u017ee nastavi\u0165 pracovn\u00fd re\u017eim a parametre.<br \/>\nStereo vysielac\u00ed modul Bluetooth BLK-MD-SPK-B poskytuje rozhranie s k\u013e\u00fa\u010dom dia\u013ekov\u00e9ho ovl\u00e1dania, rozhranie<br \/>\nindik\u00e1tora pracovn\u00e9ho stavu a rozhranie v\u00fdstupu stereo zvuku.<\/p>\n<p>Vlastnosti:<br \/>\n\u00darove\u0148 v\u00fdkonu 2.<br \/>\nVstavan\u00fd obvod nab\u00edjania l\u00edtiovej bat\u00e9rie<br \/>\nV\u00fdkonn\u00fd obvod na elimin\u00e1ciu hluku<br \/>\nEfekt\u00edvna prenosov\u00e1 vzdialenos\u0165: 20 metrov<br \/>\nVe\u013emi n\u00edzka VBAT: 3,4 &#8211; 4,2 V<br \/>\nMal\u00e1 povrchov\u00e1 mont\u00e1\u017e Balenie: pribli\u017ene 14 x 23 x 2 mm<br \/>\n\u0160pecifik\u00e1cia Bluetooth: V2.0 EDR<br \/>\nPodpora profilov A2DP V1.2, AVRCP V1.4<br \/>\nIntegrovan\u00fd s EEPROM nastaven\u00fdm pracovn\u00fdm re\u017eimom a parametrami4. V\u0161etky uzem\u0148ovacie vodi\u010de musia by\u0165 dl\u00e1\u017eden\u00e9 preva\u017ene z medi.<br \/>\nStereo audio v\u00fdstup m\u00f4\u017ee priamo nap\u00e1ja\u0165 40 mW @ 32 \u00ce \u00a9 reproduktor bez blokovania kondenz\u00e1tora.<br \/>\nIntegrovan\u00e9 s POR a programovate\u013enou funkciou monitorovania n\u00edzkeho nap\u00e4tia.<br \/>\nPOZN\u00c1MKY K USPORIADANIU DPS:<br \/>\n1. Odde\u013eovac\u00ed kondenz\u00e1tor nap\u00e1jacieho zdroja mus\u00ed by\u0165 bl\u00edzko polohy kol\u00edka modulu.<br \/>\n2. Substr\u00e1tov\u00fd modul mus\u00ed by\u0165 \u00faplne pokryt\u00fd podlahou (nesmie by\u0165 podlaha pod ant\u00e9nou)<br \/>\na na mieste substr\u00e1tu mus\u00ed by\u0165 vydl\u00e1\u017eden\u00fd izola\u010dn\u00fd biely olej.<br \/>\n3. V\u0161etky uzem\u0148ovacie vodi\u010de zvukov\u00e9ho obvodu a modul musia by\u0165 oddelen\u00e9 od ostatn\u00fdch vodi\u010dov a<br \/>\npo nez\u00e1vislom veden\u00ed musia by\u0165 \u00faplne uzemnen\u00e9 v mieste uzemnenia nap\u00e1jacieho zdroja. Balenie obsahuje:<\/p>\n<p>5. Modulov\u00e1 ant\u00e9na mus\u00ed by\u0165 umiestnen\u00e1 na okraji platne (lep\u0161ie pred\u013a\u017eenie)<br \/>\na \u010faleko od kovov, aby zabezpe\u010dila dobr\u00fa komunik\u00e1ciu s vonkaj\u0161\u00edm prostred\u00edm. 1 x BLK-MD-SPK-B Bluetooth OVC3860 Stereo Modul Audio Transceiver EEPROM V2.0 EDR BLK-MD-SPK-B Bluetooth OVC3860 Stereo Modul Audio Transceiver EEPROM V2.0 EDR<\/p>\n","protected":false},"excerpt":{"rendered":"<p>BLK-MD-SPK-B Bluetooth OVC3860 Stereo Modul Audio Transceiver EEPROM V2.0+EDR &nbsp; ooth stereo audio transceiver a hlasov\u00e1 schr\u00e1nka vysokej kvality. Ve\u013emi&hellip;<\/p>\n","protected":false},"featured_media":610,"template":"","meta":{"_monsterinsights_skip_tracking":false,"_monsterinsights_sitenote_active":false,"_monsterinsights_sitenote_note":"","_monsterinsights_sitenote_category":0},"product_cat":[16,32,29],"product_tag":[],"class_list":{"0":"post-609","1":"product","2":"type-product","3":"status-publish","4":"has-post-thumbnail","6":"product_cat-ard","7":"product_cat-bluetooth","8":"product_cat-wireless-transmission","10":"first","11":"instock","12":"sale","13":"shipping-taxable","14":"purchasable","15":"product-type-simple"},"yoast_head":"<!-- This site is optimized with the Yoast SEO plugin v23.6 - https:\/\/yoast.com\/wordpress\/plugins\/seo\/ -->\n<title>BLK-MD-SPK-B Bluetooth OVC3860 Stereo Module Audio Transceiver EEPROM V2.0+EDR - Arduino e-shop<\/title>\n<meta name=\"robots\" content=\"index, follow, max-snippet:-1, max-image-preview:large, max-video-preview:-1\" \/>\n<link rel=\"canonical\" href=\"https:\/\/www.onetimenexttime.sk\/arduino\/index.php\/produkt\/blk-md-spk-b-bluetooth-ovc3860-stereo-module-audio-transceiver-eeprom-v2-0edr\/\" \/>\n<meta property=\"og:locale\" content=\"sk_SK\" \/>\n<meta property=\"og:type\" content=\"article\" \/>\n<meta property=\"og:title\" content=\"BLK-MD-SPK-B Bluetooth OVC3860 Stereo Module Audio Transceiver EEPROM V2.0+EDR - Arduino e-shop\" \/>\n<meta property=\"og:description\" content=\"BLK-MD-SPK-B Bluetooth OVC3860 Stereo Modul Audio Transceiver EEPROM V2.0+EDR &nbsp; ooth stereo audio transceiver a hlasov\u00e1 schr\u00e1nka vysokej kvality. Ve\u013emi&hellip;\" \/>\n<meta property=\"og:url\" content=\"https:\/\/www.onetimenexttime.sk\/arduino\/index.php\/produkt\/blk-md-spk-b-bluetooth-ovc3860-stereo-module-audio-transceiver-eeprom-v2-0edr\/\" \/>\n<meta property=\"og:site_name\" content=\"Arduino e-shop\" \/>\n<meta property=\"article:modified_time\" content=\"2021-10-29T14:26:35+00:00\" \/>\n<meta property=\"og:image\" content=\"https:\/\/www.onetimenexttime.sk\/arduino\/wp-content\/uploads\/2021\/10\/120.jpg\" \/>\n\t<meta property=\"og:image:width\" content=\"502\" \/>\n\t<meta property=\"og:image:height\" content=\"504\" \/>\n\t<meta property=\"og:image:type\" content=\"image\/jpeg\" \/>\n<meta name=\"twitter:card\" content=\"summary_large_image\" \/>\n<meta name=\"twitter:label1\" content=\"Predpokladan\u00fd \u010das \u010d\u00edtania\" \/>\n\t<meta name=\"twitter:data1\" content=\"2 min\u00faty\" \/>\n<script type=\"application\/ld+json\" class=\"yoast-schema-graph\">{\"@context\":\"https:\/\/schema.org\",\"@graph\":[{\"@type\":\"WebPage\",\"@id\":\"https:\/\/www.onetimenexttime.sk\/arduino\/index.php\/produkt\/blk-md-spk-b-bluetooth-ovc3860-stereo-module-audio-transceiver-eeprom-v2-0edr\/\",\"url\":\"https:\/\/www.onetimenexttime.sk\/arduino\/index.php\/produkt\/blk-md-spk-b-bluetooth-ovc3860-stereo-module-audio-transceiver-eeprom-v2-0edr\/\",\"name\":\"BLK-MD-SPK-B Bluetooth OVC3860 Stereo Module Audio Transceiver EEPROM V2.0+EDR - Arduino e-shop\",\"isPartOf\":{\"@id\":\"https:\/\/www.onetimenexttime.sk\/arduino\/#website\"},\"primaryImageOfPage\":{\"@id\":\"https:\/\/www.onetimenexttime.sk\/arduino\/index.php\/produkt\/blk-md-spk-b-bluetooth-ovc3860-stereo-module-audio-transceiver-eeprom-v2-0edr\/#primaryimage\"},\"image\":{\"@id\":\"https:\/\/www.onetimenexttime.sk\/arduino\/index.php\/produkt\/blk-md-spk-b-bluetooth-ovc3860-stereo-module-audio-transceiver-eeprom-v2-0edr\/#primaryimage\"},\"thumbnailUrl\":\"https:\/\/www.onetimenexttime.sk\/arduino\/wp-content\/uploads\/2021\/10\/120.jpg\",\"datePublished\":\"2021-10-29T14:23:54+00:00\",\"dateModified\":\"2021-10-29T14:26:35+00:00\",\"breadcrumb\":{\"@id\":\"https:\/\/www.onetimenexttime.sk\/arduino\/index.php\/produkt\/blk-md-spk-b-bluetooth-ovc3860-stereo-module-audio-transceiver-eeprom-v2-0edr\/#breadcrumb\"},\"inLanguage\":\"sk-SK\",\"potentialAction\":[{\"@type\":\"ReadAction\",\"target\":[\"https:\/\/www.onetimenexttime.sk\/arduino\/index.php\/produkt\/blk-md-spk-b-bluetooth-ovc3860-stereo-module-audio-transceiver-eeprom-v2-0edr\/\"]}]},{\"@type\":\"ImageObject\",\"inLanguage\":\"sk-SK\",\"@id\":\"https:\/\/www.onetimenexttime.sk\/arduino\/index.php\/produkt\/blk-md-spk-b-bluetooth-ovc3860-stereo-module-audio-transceiver-eeprom-v2-0edr\/#primaryimage\",\"url\":\"https:\/\/www.onetimenexttime.sk\/arduino\/wp-content\/uploads\/2021\/10\/120.jpg\",\"contentUrl\":\"https:\/\/www.onetimenexttime.sk\/arduino\/wp-content\/uploads\/2021\/10\/120.jpg\",\"width\":502,\"height\":504},{\"@type\":\"BreadcrumbList\",\"@id\":\"https:\/\/www.onetimenexttime.sk\/arduino\/index.php\/produkt\/blk-md-spk-b-bluetooth-ovc3860-stereo-module-audio-transceiver-eeprom-v2-0edr\/#breadcrumb\",\"itemListElement\":[{\"@type\":\"ListItem\",\"position\":1,\"name\":\"Domov\",\"item\":\"https:\/\/www.onetimenexttime.sk\/arduino\/\"},{\"@type\":\"ListItem\",\"position\":2,\"name\":\"Obchod\",\"item\":\"https:\/\/www.onetimenexttime.sk\/arduino\/\"},{\"@type\":\"ListItem\",\"position\":3,\"name\":\"BLK-MD-SPK-B Bluetooth OVC3860 Stereo Module Audio Transceiver EEPROM V2.0+EDR\"}]},{\"@type\":\"WebSite\",\"@id\":\"https:\/\/www.onetimenexttime.sk\/arduino\/#website\",\"url\":\"https:\/\/www.onetimenexttime.sk\/arduino\/\",\"name\":\"Arduino e-shop\",\"description\":\"Home Assistant\",\"potentialAction\":[{\"@type\":\"SearchAction\",\"target\":{\"@type\":\"EntryPoint\",\"urlTemplate\":\"https:\/\/www.onetimenexttime.sk\/arduino\/?s={search_term_string}\"},\"query-input\":{\"@type\":\"PropertyValueSpecification\",\"valueRequired\":true,\"valueName\":\"search_term_string\"}}],\"inLanguage\":\"sk-SK\"}]}<\/script>\n<!-- \/ Yoast SEO plugin. -->","yoast_head_json":{"title":"BLK-MD-SPK-B Bluetooth OVC3860 Stereo Module Audio Transceiver EEPROM V2.0+EDR - Arduino e-shop","robots":{"index":"index","follow":"follow","max-snippet":"max-snippet:-1","max-image-preview":"max-image-preview:large","max-video-preview":"max-video-preview:-1"},"canonical":"https:\/\/www.onetimenexttime.sk\/arduino\/index.php\/produkt\/blk-md-spk-b-bluetooth-ovc3860-stereo-module-audio-transceiver-eeprom-v2-0edr\/","og_locale":"sk_SK","og_type":"article","og_title":"BLK-MD-SPK-B Bluetooth OVC3860 Stereo Module Audio Transceiver EEPROM V2.0+EDR - Arduino e-shop","og_description":"BLK-MD-SPK-B Bluetooth OVC3860 Stereo Modul Audio Transceiver EEPROM V2.0+EDR &nbsp; ooth stereo audio transceiver a hlasov\u00e1 schr\u00e1nka vysokej kvality. Ve\u013emi&hellip;","og_url":"https:\/\/www.onetimenexttime.sk\/arduino\/index.php\/produkt\/blk-md-spk-b-bluetooth-ovc3860-stereo-module-audio-transceiver-eeprom-v2-0edr\/","og_site_name":"Arduino e-shop","article_modified_time":"2021-10-29T14:26:35+00:00","og_image":[{"width":502,"height":504,"url":"https:\/\/www.onetimenexttime.sk\/arduino\/wp-content\/uploads\/2021\/10\/120.jpg","type":"image\/jpeg"}],"twitter_card":"summary_large_image","twitter_misc":{"Predpokladan\u00fd \u010das \u010d\u00edtania":"2 min\u00faty"},"schema":{"@context":"https:\/\/schema.org","@graph":[{"@type":"WebPage","@id":"https:\/\/www.onetimenexttime.sk\/arduino\/index.php\/produkt\/blk-md-spk-b-bluetooth-ovc3860-stereo-module-audio-transceiver-eeprom-v2-0edr\/","url":"https:\/\/www.onetimenexttime.sk\/arduino\/index.php\/produkt\/blk-md-spk-b-bluetooth-ovc3860-stereo-module-audio-transceiver-eeprom-v2-0edr\/","name":"BLK-MD-SPK-B Bluetooth OVC3860 Stereo Module Audio Transceiver EEPROM V2.0+EDR - Arduino e-shop","isPartOf":{"@id":"https:\/\/www.onetimenexttime.sk\/arduino\/#website"},"primaryImageOfPage":{"@id":"https:\/\/www.onetimenexttime.sk\/arduino\/index.php\/produkt\/blk-md-spk-b-bluetooth-ovc3860-stereo-module-audio-transceiver-eeprom-v2-0edr\/#primaryimage"},"image":{"@id":"https:\/\/www.onetimenexttime.sk\/arduino\/index.php\/produkt\/blk-md-spk-b-bluetooth-ovc3860-stereo-module-audio-transceiver-eeprom-v2-0edr\/#primaryimage"},"thumbnailUrl":"https:\/\/www.onetimenexttime.sk\/arduino\/wp-content\/uploads\/2021\/10\/120.jpg","datePublished":"2021-10-29T14:23:54+00:00","dateModified":"2021-10-29T14:26:35+00:00","breadcrumb":{"@id":"https:\/\/www.onetimenexttime.sk\/arduino\/index.php\/produkt\/blk-md-spk-b-bluetooth-ovc3860-stereo-module-audio-transceiver-eeprom-v2-0edr\/#breadcrumb"},"inLanguage":"sk-SK","potentialAction":[{"@type":"ReadAction","target":["https:\/\/www.onetimenexttime.sk\/arduino\/index.php\/produkt\/blk-md-spk-b-bluetooth-ovc3860-stereo-module-audio-transceiver-eeprom-v2-0edr\/"]}]},{"@type":"ImageObject","inLanguage":"sk-SK","@id":"https:\/\/www.onetimenexttime.sk\/arduino\/index.php\/produkt\/blk-md-spk-b-bluetooth-ovc3860-stereo-module-audio-transceiver-eeprom-v2-0edr\/#primaryimage","url":"https:\/\/www.onetimenexttime.sk\/arduino\/wp-content\/uploads\/2021\/10\/120.jpg","contentUrl":"https:\/\/www.onetimenexttime.sk\/arduino\/wp-content\/uploads\/2021\/10\/120.jpg","width":502,"height":504},{"@type":"BreadcrumbList","@id":"https:\/\/www.onetimenexttime.sk\/arduino\/index.php\/produkt\/blk-md-spk-b-bluetooth-ovc3860-stereo-module-audio-transceiver-eeprom-v2-0edr\/#breadcrumb","itemListElement":[{"@type":"ListItem","position":1,"name":"Domov","item":"https:\/\/www.onetimenexttime.sk\/arduino\/"},{"@type":"ListItem","position":2,"name":"Obchod","item":"https:\/\/www.onetimenexttime.sk\/arduino\/"},{"@type":"ListItem","position":3,"name":"BLK-MD-SPK-B Bluetooth OVC3860 Stereo Module Audio Transceiver EEPROM V2.0+EDR"}]},{"@type":"WebSite","@id":"https:\/\/www.onetimenexttime.sk\/arduino\/#website","url":"https:\/\/www.onetimenexttime.sk\/arduino\/","name":"Arduino e-shop","description":"Home Assistant","potentialAction":[{"@type":"SearchAction","target":{"@type":"EntryPoint","urlTemplate":"https:\/\/www.onetimenexttime.sk\/arduino\/?s={search_term_string}"},"query-input":{"@type":"PropertyValueSpecification","valueRequired":true,"valueName":"search_term_string"}}],"inLanguage":"sk-SK"}]}},"_links":{"self":[{"href":"https:\/\/www.onetimenexttime.sk\/arduino\/index.php\/wp-json\/wp\/v2\/product\/609"}],"collection":[{"href":"https:\/\/www.onetimenexttime.sk\/arduino\/index.php\/wp-json\/wp\/v2\/product"}],"about":[{"href":"https:\/\/www.onetimenexttime.sk\/arduino\/index.php\/wp-json\/wp\/v2\/types\/product"}],"wp:featuredmedia":[{"embeddable":true,"href":"https:\/\/www.onetimenexttime.sk\/arduino\/index.php\/wp-json\/wp\/v2\/media\/610"}],"wp:attachment":[{"href":"https:\/\/www.onetimenexttime.sk\/arduino\/index.php\/wp-json\/wp\/v2\/media?parent=609"}],"wp:term":[{"taxonomy":"product_cat","embeddable":true,"href":"https:\/\/www.onetimenexttime.sk\/arduino\/index.php\/wp-json\/wp\/v2\/product_cat?post=609"},{"taxonomy":"product_tag","embeddable":true,"href":"https:\/\/www.onetimenexttime.sk\/arduino\/index.php\/wp-json\/wp\/v2\/product_tag?post=609"}],"curies":[{"name":"wp","href":"https:\/\/api.w.org\/{rel}","templated":true}]}}