{"id":607,"date":"2021-10-29T16:21:09","date_gmt":"2021-10-29T14:21:09","guid":{"rendered":"https:\/\/www.onetimenexttime.sk\/arduino\/?post_type=product&#038;p=607"},"modified":"2024-02-22T22:50:36","modified_gmt":"2024-02-22T21:50:36","slug":"hm-10-cc2541-4-0-ble-bluetooth-to-uart-transceiver-module-central-peripheral-switching-ibeacon-airlocate","status":"publish","type":"product","link":"https:\/\/www.onetimenexttime.sk\/arduino\/index.php\/produkt\/hm-10-cc2541-4-0-ble-bluetooth-to-uart-transceiver-module-central-peripheral-switching-ibeacon-airlocate\/","title":{"rendered":"HM-10 cc2541 4.0 BLE bluetooth to uart transceiver Module Central &#038; Peripheral switching iBeacon AirLocate"},"content":{"rendered":"<p><a href=\"https:\/\/tasmota.github.io\/docs\/HM-10\/#breakout-boards\">https:\/\/tasmota.github.io\/docs\/HM-10\/#breakout-boards\u00a0\u00a0\u00a0\u00a0\u00a0\u00a0\u00a0<\/a><\/p>\n<div class=\"md-header__title md-header__title--active\" data-md-component=\"header-title\">\n<div class=\"md-header__ellipsis\">\n<div class=\"md-header__topic\" data-md-component=\"header-topic\"><span class=\"md-ellipsis\">HM-10 Bluetooth module TASMOTA\u00a0<\/span><\/div>\n<div data-md-component=\"header-topic\">\n<h1 id=\"hm-10-bluetooth-module\"><span>Bluetooth modul HM-10<\/span><a class=\"headerlink\" title=\"Trval\u00fd odkaz\" href=\"https:\/\/tasmota.github.io\/docs\/HM-10\/#hm-10-bluetooth-module\"><span>~<\/span><\/a><\/h1>\n<details class=\"tip\">\n<summary><span>T\u00e1to funkcia je zahrnut\u00e1 iba v<\/span><code>tasmota-sensors<\/code><\/summary>\n<p><code><\/code><\/p>\n<div class=\"highlight\">\n<pre><code><\/code><\/pre>\n<\/div>\n<p>&nbsp;<\/p>\n<\/details>\n<p><span>HM-10 je modul Bluetooth BLE V4.0 zalo\u017een\u00fd na \u010dipe TI CC254x.\u00a0P\u00f4vodne vyr\u00e1bal\u00a0<\/span><a href=\"http:\/\/www.jnhuamao.cn\/bluetooth.asp\"><span>Jinan Huamao<\/span><\/a><span>\u00a0, ale na trhu je ve\u013ea klonov (\u00a0<\/span><a href=\"https:\/\/blog.yavilevich.com\/2017\/03\/mlt-bt05-ble-module-a-clone-of-a-clone\/\"><span>MLT-BT05, CC41-A<\/span><\/a><span>\u00a0,\u00a0<\/span><a href=\"https:\/\/www.vokolo.cz\/user\/related_files\/jdy-08_bluetooth_le_module_datasheet.pdf\"><span>JDY-08<\/span><\/a><span>\u00a0, AT-09, &#8230;)<\/span><\/p>\n<p><span>Aj ke\u010f vyzeraj\u00fa podobne a vyu\u017e\u00edvaj\u00fa rovnak\u00fd \u010dip Bluetooth CC254x, firmv\u00e9r na nich je odli\u0161n\u00fd.\u00a0Aby Tasmota fungovala s ak\u00fdmko\u013evek typom modulu, je potrebn\u00e9\u00a0<\/span><a href=\"https:\/\/github.com\/Jason2866\/CCLoader\"><span>na\u0148 flashova\u0165 p\u00f4vodn\u00fd firmv\u00e9r<\/span><\/a><span>\u00a0.\u00a0Pou\u017eite najnov\u0161\u00ed firmv\u00e9r V710, ale na pr\u00e1cu s ovl\u00e1da\u010dom Tasmota je potrebn\u00fd minim\u00e1lne V609.<\/span><\/p>\n<div class=\"admonition tip\">\n<p class=\"admonition-title\"><span>Tip<\/span><\/p>\n<p><span>Je to mo\u017en\u00e9 urobi\u0165 bez sp\u00e1jkovania priamym nalepen\u00edm z\u00e1str\u010dkov\u00fdch prepojovac\u00edch vodi\u010dov cez plastov\u00fa f\u00f3liu na niektor\u00fdch dosk\u00e1ch alebo pou\u017eit\u00edm niektor\u00fdch odn\u00edmate\u013en\u00fdch lepidiel (bluetack).<\/span><\/p>\n<\/div>\n<h2 id=\"configuration\"><span>Konfigur\u00e1cia<\/span><a class=\"headerlink\" title=\"Trval\u00fd odkaz\" href=\"https:\/\/tasmota.github.io\/docs\/HM-10\/#configuration\"><span>~<\/span><\/a><\/h2>\n<p><span>Skontrolujte, \u010di v\u00e1\u0161 modul spr\u00e1vne komunikuje cez svoje TX\/RX piny a \u010di m\u00e1 po\u017eadovan\u00fd firmv\u00e9r (najlep\u0161ie\u00a0<\/span><code>HMSoft V707<\/code><span>).\u00a0A\u017e ke\u010f ste si ist\u00ed, \u017ee je v\u0161etko v poriadku, pokra\u010dujte v konfigur\u00e1cii.<\/span><\/p>\n<h3 id=\"wiring\"><span>Elektrick\u00e9 vedenie<\/span><a class=\"headerlink\" title=\"Trval\u00fd odkaz\" href=\"https:\/\/tasmota.github.io\/docs\/HM-10\/#wiring\"><span>~<\/span><\/a><\/h3>\n<div class=\"md-typeset__scrollwrap\">\n<div class=\"md-typeset__table\">\n<table>\n<thead>\n<tr>\n<th role=\"columnheader\"><span>HM-10<\/span><\/th>\n<th role=\"columnheader\"><span>ESP<\/span><\/th>\n<\/tr>\n<\/thead>\n<tbody>\n<tr>\n<td><span>GND<\/span><\/td>\n<td><span>GND<\/span><\/td>\n<\/tr>\n<tr>\n<td><span>VCC<\/span><\/td>\n<td><span>3,3 V<\/span><\/td>\n<\/tr>\n<tr>\n<td><span>TX<\/span><\/td>\n<td><span>GPIOx<\/span><\/td>\n<\/tr>\n<tr>\n<td><span>RX<\/span><\/td>\n<td><span>GPIOy<\/span><\/td>\n<\/tr>\n<\/tbody>\n<\/table>\n<\/div>\n<\/div>\n<p><span>M\u00f4\u017eete pou\u017ei\u0165 TX a RX piny pre GPIOx, GPIOy.<\/span><\/p>\n<h3 id=\"tasmota-settings-for-ble-sensors\"><span>Nastavenia Tasmota pre senzory BLE<\/span><a class=\"headerlink\" title=\"Trval\u00fd odkaz\" href=\"https:\/\/tasmota.github.io\/docs\/HM-10\/#tasmota-settings-for-ble-sensors\"><span>~<\/span><\/a><\/h3>\n<p><span>Na str\u00e1nke\u00a0<\/span><strong><em><span>Konfigur\u00e1cia -&gt; Konfigur\u00e1cia modulu<\/span><\/em><\/strong><span>\u00a0prira\u010fte:<\/span><\/p>\n<ol>\n<li><span>GPIOx do<\/span><code>HM10 TX (195)<\/code><\/li>\n<li><span>GPIOy to<\/span><code>HM10 RX (194)<\/code><\/li>\n<\/ol>\n<p><span>Ak m\u00e1te spr\u00e1vny firmv\u00e9r, webUI v Hlavnom menu by sa malo zobrazi\u0165 (v tomto pr\u00edpade je verzia firmv\u00e9ru V707):<\/span><img decoding=\"async\" src=\"https:\/\/tasmota.github.io\/docs\/_media\/hm10_config_success.jpg\" alt=\"Konfigur\u00e1cia bola \u00faspe\u0161n\u00e1\" \/><\/p>\n<p><span>Ak m\u00e1te v dosahu podporovan\u00e9 zariadenia Bluetooth, \u010doskoro bud\u00fa objaven\u00e9 a za\u010dn\u00fa nap\u013a\u0148a\u0165 webov\u00e9 pou\u017e\u00edvate\u013esk\u00e9 rozhranie \u00fadajmi po\u010das prenosu:<\/span><\/p>\n<p><img decoding=\"async\" src=\"https:\/\/tasmota.github.io\/docs\/_media\/hm10_config1.jpg\" alt=\"Zobrazuj\u00fa sa \u00fadaje\" \/><\/p>\n<div class=\"admonition warning\">\n<p class=\"admonition-title\"><span>POZOR<\/span><\/p>\n<p><span>V\u00e4\u010d\u0161ina modulov s automatick\u00fdm blikan\u00edm bude ma\u0165 st\u00e1le svoje predvolen\u00e9 v\u00fdrobn\u00e9 nastavenia s prenosovou r\u00fdchlos\u0165ou 9600, ale Tasmota vy\u017eaduje 115200. Ak chcete opravi\u0165 pr\u00edkazy z konzoly Tasmota: (\u00a0<\/span><code>HM10Baud 9600<\/code><span>nastav\u00ed prenosov\u00fa r\u00fdchlos\u0165 9600 na strane Tasmoty), potom\u00a0<\/span><code>HM10AT RENEW<\/code><span>(resetujte HM10 na v\u00fdrobn\u00e9 nastavenia, \u010do by malo pou\u017eite 115200 prenosov\u00fa r\u00fdchlos\u0165 na nov\u0161om firmv\u00e9ri) a re\u0161tartujte Tasmotu.\u00a0Ak to nevyrie\u0161i, budete sa musie\u0165 pripoji\u0165 k HM-10 pomocou adapt\u00e9ra s\u00e9riov\u00e9ho rozhrania na USB a nastavi\u0165 prenosov\u00fa r\u00fdchlos\u0165 v termin\u00e1li pomocou\u00a0<\/span><code>AT+RENEW<\/code><span>pr\u00edkazov\u00a0<\/span><code>AT+BAUD?<\/code><span>.\u00a0Ak je v\u00fdstup 4 prenosov\u00e1 r\u00fdchlos\u0165, je spr\u00e1vne nastaven\u00e1 na 115200, ak sa nepou\u017e\u00edva<\/span><code>AT+BAUD4<\/code><\/p>\n<\/div>\n<p><span>\u00dapln\u00fd preh\u013ead podporovan\u00fdch zariaden\u00ed, pr\u00edkazov a funkci\u00ed n\u00e1jdete v\u00a0<\/span><a href=\"https:\/\/tasmota.github.io\/docs\/Bluetooth\/#ble-sensors-using-hm-1x\"><span>\u010dl\u00e1nku Bluetooth<\/span><\/a><\/p>\n<h3 id=\"tasmota-settings-for-ibeacon\"><span>Nastavenia Tasmota pre iBeacon<\/span><a class=\"headerlink\" title=\"Trval\u00fd odkaz\" href=\"https:\/\/tasmota.github.io\/docs\/HM-10\/#tasmota-settings-for-ibeacon\"><span>~<\/span><\/a><\/h3>\n<p><span>Na str\u00e1nke\u00a0<\/span><strong><em><span>Konfigur\u00e1cia -&gt; Konfigur\u00e1cia modulu<\/span><\/em><\/strong><span>\u00a0prira\u010fte:<\/span><\/p>\n<ol>\n<li><span>GPIOx do<\/span><code>iBeacon TX (168)<\/code><\/li>\n<li><span>GPIOy to<\/span><code>iBeacon RX (169)<\/code><\/li>\n<\/ol>\n<p><span>Pri prvom pripojen\u00ed je HM-10 v perif\u00e9rnom re\u017eime.\u00a0Mus\u00edte ho zmeni\u0165 na centr\u00e1lny re\u017eim pomocou pr\u00edkazov\u00a0<\/span><code>Sensor52 1<\/code><span>a\u00a0<\/span><code>Sensor52 2<\/code><span>.<\/span><\/p>\n<p><span>Ak m\u00e1te v dosahu podporovan\u00e9 zariadenia iBeacon Bluetooth, bud\u00fa objaven\u00e9 a za\u010dn\u00fa nap\u013a\u0148a\u0165 webov\u00e9 pou\u017e\u00edvate\u013esk\u00e9 rozhranie \u00fadajmi:<\/span><\/p>\n<p><img decoding=\"async\" src=\"https:\/\/tasmota.github.io\/docs\/_media\/ibeacon_success.jpg\" alt=\"Zobrazuj\u00fa sa \u00fadaje\" \/><\/p>\n<p><span>\u00dapln\u00fd preh\u013ead podporovan\u00fdch zariaden\u00ed, pr\u00edkazov a funkci\u00ed n\u00e1jdete v\u00a0<\/span><a href=\"https:\/\/tasmota.github.io\/docs\/Bluetooth\/#ibeacon\"><span>\u010dl\u00e1nku Bluetooth<\/span><\/a><\/p>\n<h2 id=\"breakout-boards\"><span>Breakout Boards<\/span><a class=\"headerlink\" title=\"Trval\u00fd odkaz\" href=\"https:\/\/tasmota.github.io\/docs\/HM-10\/#breakout-boards\"><span>~<\/span><\/a><\/h2>\n<p><img decoding=\"async\" src=\"https:\/\/tasmota.github.io\/docs\/_media\/peripherals\/hm-10-1.jpg\" alt=\"HM-10 Breakout\" \/><img decoding=\"async\" src=\"https:\/\/tasmota.github.io\/docs\/_media\/peripherals\/hm-10.jpg\" alt=\"HM-10 Breakout\" \/><\/p>\n<\/div>\n<\/div>\n<\/div>\n<form class=\"md-header__option\" data-md-component=\"palette\"><\/form>\n<h2>Inform\u00e1cie o HM-10 cc2541<\/h2>\n<table>\n<tbody>\n<tr>\n<th>Popis<\/th>\n<th>Vlastnosti<\/th>\n<\/tr>\n<tr>\n<td>V\u00fdrobca<\/td>\n<td>HM-10 cc2541<\/td>\n<\/tr>\n<tr>\n<td>Verzia Bluetooth<\/td>\n<td>4.0 BLE<\/td>\n<\/tr>\n<tr>\n<td>Typ<\/td>\n<td>Transceiver Module<\/td>\n<\/tr>\n<tr>\n<td>Re\u017eimy prev\u00e1dzky<\/td>\n<td>Central &amp; Peripheral switching, iBeacon, AirLocate<\/td>\n<\/tr>\n<\/tbody>\n<\/table>\n<h3>Pr\u00edklady pou\u017eitia:<\/h3>\n<h4>Pr\u00edkladov\u00fd k\u00f3d pre Arduino:<\/h4>\n<pre><code>\/\/ Pr\u00edkladov\u00fd k\u00f3d pre pou\u017eitie HM-10 cc2541 s Arduinom\r\n#include &lt;SoftwareSerial.h&gt;\r\n\r\nSoftwareSerial mySerial(10, 11); \/\/ RX, TX\r\n\r\nvoid setup() {\r\n  Serial.begin(9600);\r\n  mySerial.begin(9600);\r\n}\r\n\r\nvoid loop() {\r\n  if (mySerial.available()) {\r\n    Serial.write(mySerial.read());\r\n  }\r\n  if (Serial.available()) {\r\n    mySerial.write(Serial.read());\r\n  }\r\n}\r\n<\/code><\/pre>\n<h4>Pr\u00edkladov\u00fd k\u00f3d pre ESPHome:<\/h4>\n<pre><code># Pr\u00edkladov\u00fd k\u00f3d pre pou\u017eitie HM-10 cc2541 s ESPHome\r\nuart:\r\n  rx_pin: GPIO3\r\n  tx_pin: GPIO1\r\n  baud_rate: 9600\r\n\r\nsensor:\r\n  - platform: custom\r\n    lambda: |- \r\n      auto hm10 = new HM10Sensor(id(UART), 9600);\r\n      App.register_component(hm10);\r\n      return {hm10};\r\n    sensors:\r\n      - name: \"HM-10 Data\"\r\n        unit_of_measurement: \"\u00b0C\"\r\n        accuracy_decimals: 1\r\n        filters:\r\n          - sliding_window_moving_average:\r\n              window_size: 10\r\n              send_every: 10\r\n              send_first_at: 5\r\n        state: \r\n          lambda: |-\r\n            return id(hm10).state;\r\n<\/code><\/pre>\n<p><button>Skop\u00edrova\u0165 k\u00f3d<\/button><\/p>\n<p><script>\n  function copyToClipboard() {\n    var copyText = document.querySelector(\"pre\");\n    var range = document.createRange();\n    range.selectNode(copyText);\n    window.getSelection().removeAllRanges();\n    window.getSelection().addRange(range);\n    document.execCommand(\"copy\");\n    alert(\"K\u00f3d bol skop\u00edrovan\u00fd do schr\u00e1nky!\");\n  }\n<\/script><\/p>\n<p>&nbsp;<\/p>\n<h2>HM-10 cc2541 4.0 BLE modul transceivera bluetooth do Uart Centr\u00e1lne a perif\u00e9rne prep\u00ednanie iBeacon AirLocate<\/h2>\n<p>&nbsp;<\/p>\n<p>St\u00e1le pou\u017e\u00edvate Bluetooth 2.1?<\/p>\n<p>AK potrebujete tak\u00fdto 4.0 BLE Bluetooth modul, MCU je mo\u017en\u00e9 nastavi\u0165, tie\u017e ho ovl\u00e1da\u0165 pomocou vzdialen\u00e9ho zariadenia Bluetooth na nastavenie, m\u00f4\u017eete pren\u00e1\u0161a\u0165 d\u00e1ta a m\u00f4\u017eete na dia\u013eku ovl\u00e1da\u0165 10 pinov PIO, tak\u017ee najlep\u0161ou vo\u013ebou je HM- 10\/11 bluetooth modul.<br \/>\nVe\u013ekos\u0165 HM-11 m\u00e1 iba 2,4 cm x 1,5 cm.<br \/>\nHM-11 m\u00f4\u017ee teraz pracova\u0165 s IOS, PC, Android 4.3.<br \/>\nVlastnosti produktu:<\/p>\n<p>\u00daplne nov\u00e9 a kvalitn\u00e9.<br \/>\nOdosielanie a prij\u00edmanie bez obmedzenia bajtov.<br \/>\nV\u00fdkon je mo\u017en\u00e9 nastavi\u0165 -23 dbm, -6 dbm, 0 dbm, 6 dbm, mo\u017eno upravi\u0165 pomocou AT pr\u00edkazu AT+POWE.<br \/>\nVe\u013ek\u00fd dosah, otvoren\u00fd priestor m\u00e1 100 metrov s iphone4s.<br \/>\nN\u00edzka spotreba: iba 0,5 mA v pohotovostnom re\u017eime, akt\u00edvny 8,5 mA, podpora automatick\u00e9ho sp\u00e1nku.<br \/>\nCentr\u00e1lne a perif\u00e9rne v jednom.<br \/>\nUUID FFE0, FFE1.<br \/>\nPodporujte aktualiz\u00e1ciu firmv\u00e9ru s\u00e9riov\u00e9ho portu (pridajte V508).<\/p>\n","protected":false},"excerpt":{"rendered":"<p>https:\/\/tasmota.github.io\/docs\/HM-10\/#breakout-boards\u00a0\u00a0\u00a0\u00a0\u00a0\u00a0\u00a0 HM-10 Bluetooth module TASMOTA\u00a0 Bluetooth modul HM-10~ T\u00e1to funkcia je zahrnut\u00e1 iba vtasmota-sensors &nbsp; HM-10 je modul Bluetooth BLE&hellip;<\/p>\n","protected":false},"featured_media":608,"template":"","meta":{"_monsterinsights_skip_tracking":false,"_monsterinsights_sitenote_active":false,"_monsterinsights_sitenote_note":"","_monsterinsights_sitenote_category":0},"product_cat":[16,32,29],"product_tag":[],"class_list":{"0":"post-607","1":"product","2":"type-product","3":"status-publish","4":"has-post-thumbnail","6":"product_cat-ard","7":"product_cat-bluetooth","8":"product_cat-wireless-transmission","10":"first","11":"instock","12":"sale","13":"shipping-taxable","14":"purchasable","15":"product-type-simple"},"yoast_head":"<!-- This site is optimized with the Yoast SEO plugin v23.6 - https:\/\/yoast.com\/wordpress\/plugins\/seo\/ -->\n<title>HM-10 cc2541 4.0 BLE bluetooth to uart transceiver Module Central &amp; Peripheral switching iBeacon AirLocate - Arduino e-shop<\/title>\n<meta name=\"robots\" content=\"index, follow, max-snippet:-1, max-image-preview:large, max-video-preview:-1\" \/>\n<link rel=\"canonical\" href=\"https:\/\/www.onetimenexttime.sk\/arduino\/index.php\/produkt\/hm-10-cc2541-4-0-ble-bluetooth-to-uart-transceiver-module-central-peripheral-switching-ibeacon-airlocate\/\" \/>\n<meta property=\"og:locale\" content=\"sk_SK\" \/>\n<meta property=\"og:type\" content=\"article\" \/>\n<meta property=\"og:title\" content=\"HM-10 cc2541 4.0 BLE bluetooth to uart transceiver Module Central &amp; Peripheral switching iBeacon AirLocate - Arduino e-shop\" \/>\n<meta property=\"og:description\" content=\"https:\/\/tasmota.github.io\/docs\/HM-10\/#breakout-boards\u00a0\u00a0\u00a0\u00a0\u00a0\u00a0\u00a0 HM-10 Bluetooth module TASMOTA\u00a0 Bluetooth modul HM-10~ T\u00e1to funkcia je zahrnut\u00e1 iba vtasmota-sensors &nbsp; HM-10 je modul Bluetooth BLE&hellip;\" \/>\n<meta property=\"og:url\" content=\"https:\/\/www.onetimenexttime.sk\/arduino\/index.php\/produkt\/hm-10-cc2541-4-0-ble-bluetooth-to-uart-transceiver-module-central-peripheral-switching-ibeacon-airlocate\/\" \/>\n<meta property=\"og:site_name\" content=\"Arduino e-shop\" \/>\n<meta property=\"article:modified_time\" content=\"2024-02-22T21:50:36+00:00\" \/>\n<meta property=\"og:image\" content=\"https:\/\/www.onetimenexttime.sk\/arduino\/wp-content\/uploads\/2021\/10\/119.jpg\" \/>\n\t<meta property=\"og:image:width\" content=\"502\" \/>\n\t<meta property=\"og:image:height\" content=\"504\" \/>\n\t<meta property=\"og:image:type\" content=\"image\/jpeg\" \/>\n<meta name=\"twitter:card\" content=\"summary_large_image\" \/>\n<meta name=\"twitter:label1\" content=\"Predpokladan\u00fd \u010das \u010d\u00edtania\" \/>\n\t<meta name=\"twitter:data1\" content=\"5 min\u00fat\" \/>\n<script type=\"application\/ld+json\" class=\"yoast-schema-graph\">{\"@context\":\"https:\/\/schema.org\",\"@graph\":[{\"@type\":\"WebPage\",\"@id\":\"https:\/\/www.onetimenexttime.sk\/arduino\/index.php\/produkt\/hm-10-cc2541-4-0-ble-bluetooth-to-uart-transceiver-module-central-peripheral-switching-ibeacon-airlocate\/\",\"url\":\"https:\/\/www.onetimenexttime.sk\/arduino\/index.php\/produkt\/hm-10-cc2541-4-0-ble-bluetooth-to-uart-transceiver-module-central-peripheral-switching-ibeacon-airlocate\/\",\"name\":\"HM-10 cc2541 4.0 BLE bluetooth to uart transceiver Module Central & Peripheral switching iBeacon AirLocate - Arduino e-shop\",\"isPartOf\":{\"@id\":\"https:\/\/www.onetimenexttime.sk\/arduino\/#website\"},\"primaryImageOfPage\":{\"@id\":\"https:\/\/www.onetimenexttime.sk\/arduino\/index.php\/produkt\/hm-10-cc2541-4-0-ble-bluetooth-to-uart-transceiver-module-central-peripheral-switching-ibeacon-airlocate\/#primaryimage\"},\"image\":{\"@id\":\"https:\/\/www.onetimenexttime.sk\/arduino\/index.php\/produkt\/hm-10-cc2541-4-0-ble-bluetooth-to-uart-transceiver-module-central-peripheral-switching-ibeacon-airlocate\/#primaryimage\"},\"thumbnailUrl\":\"https:\/\/www.onetimenexttime.sk\/arduino\/wp-content\/uploads\/2021\/10\/119.jpg\",\"datePublished\":\"2021-10-29T14:21:09+00:00\",\"dateModified\":\"2024-02-22T21:50:36+00:00\",\"breadcrumb\":{\"@id\":\"https:\/\/www.onetimenexttime.sk\/arduino\/index.php\/produkt\/hm-10-cc2541-4-0-ble-bluetooth-to-uart-transceiver-module-central-peripheral-switching-ibeacon-airlocate\/#breadcrumb\"},\"inLanguage\":\"sk-SK\",\"potentialAction\":[{\"@type\":\"ReadAction\",\"target\":[\"https:\/\/www.onetimenexttime.sk\/arduino\/index.php\/produkt\/hm-10-cc2541-4-0-ble-bluetooth-to-uart-transceiver-module-central-peripheral-switching-ibeacon-airlocate\/\"]}]},{\"@type\":\"ImageObject\",\"inLanguage\":\"sk-SK\",\"@id\":\"https:\/\/www.onetimenexttime.sk\/arduino\/index.php\/produkt\/hm-10-cc2541-4-0-ble-bluetooth-to-uart-transceiver-module-central-peripheral-switching-ibeacon-airlocate\/#primaryimage\",\"url\":\"https:\/\/www.onetimenexttime.sk\/arduino\/wp-content\/uploads\/2021\/10\/119.jpg\",\"contentUrl\":\"https:\/\/www.onetimenexttime.sk\/arduino\/wp-content\/uploads\/2021\/10\/119.jpg\",\"width\":502,\"height\":504},{\"@type\":\"BreadcrumbList\",\"@id\":\"https:\/\/www.onetimenexttime.sk\/arduino\/index.php\/produkt\/hm-10-cc2541-4-0-ble-bluetooth-to-uart-transceiver-module-central-peripheral-switching-ibeacon-airlocate\/#breadcrumb\",\"itemListElement\":[{\"@type\":\"ListItem\",\"position\":1,\"name\":\"Domov\",\"item\":\"https:\/\/www.onetimenexttime.sk\/arduino\/\"},{\"@type\":\"ListItem\",\"position\":2,\"name\":\"Obchod\",\"item\":\"https:\/\/www.onetimenexttime.sk\/arduino\/\"},{\"@type\":\"ListItem\",\"position\":3,\"name\":\"HM-10 cc2541 4.0 BLE bluetooth to uart transceiver Module Central &#038; Peripheral switching iBeacon AirLocate\"}]},{\"@type\":\"WebSite\",\"@id\":\"https:\/\/www.onetimenexttime.sk\/arduino\/#website\",\"url\":\"https:\/\/www.onetimenexttime.sk\/arduino\/\",\"name\":\"Arduino e-shop\",\"description\":\"Home Assistant\",\"potentialAction\":[{\"@type\":\"SearchAction\",\"target\":{\"@type\":\"EntryPoint\",\"urlTemplate\":\"https:\/\/www.onetimenexttime.sk\/arduino\/?s={search_term_string}\"},\"query-input\":{\"@type\":\"PropertyValueSpecification\",\"valueRequired\":true,\"valueName\":\"search_term_string\"}}],\"inLanguage\":\"sk-SK\"}]}<\/script>\n<!-- \/ Yoast SEO plugin. -->","yoast_head_json":{"title":"HM-10 cc2541 4.0 BLE bluetooth to uart transceiver Module Central & Peripheral switching iBeacon AirLocate - Arduino e-shop","robots":{"index":"index","follow":"follow","max-snippet":"max-snippet:-1","max-image-preview":"max-image-preview:large","max-video-preview":"max-video-preview:-1"},"canonical":"https:\/\/www.onetimenexttime.sk\/arduino\/index.php\/produkt\/hm-10-cc2541-4-0-ble-bluetooth-to-uart-transceiver-module-central-peripheral-switching-ibeacon-airlocate\/","og_locale":"sk_SK","og_type":"article","og_title":"HM-10 cc2541 4.0 BLE bluetooth to uart transceiver Module Central & Peripheral switching iBeacon AirLocate - Arduino e-shop","og_description":"https:\/\/tasmota.github.io\/docs\/HM-10\/#breakout-boards\u00a0\u00a0\u00a0\u00a0\u00a0\u00a0\u00a0 HM-10 Bluetooth module TASMOTA\u00a0 Bluetooth modul HM-10~ T\u00e1to funkcia je zahrnut\u00e1 iba vtasmota-sensors &nbsp; HM-10 je modul Bluetooth BLE&hellip;","og_url":"https:\/\/www.onetimenexttime.sk\/arduino\/index.php\/produkt\/hm-10-cc2541-4-0-ble-bluetooth-to-uart-transceiver-module-central-peripheral-switching-ibeacon-airlocate\/","og_site_name":"Arduino e-shop","article_modified_time":"2024-02-22T21:50:36+00:00","og_image":[{"width":502,"height":504,"url":"https:\/\/www.onetimenexttime.sk\/arduino\/wp-content\/uploads\/2021\/10\/119.jpg","type":"image\/jpeg"}],"twitter_card":"summary_large_image","twitter_misc":{"Predpokladan\u00fd \u010das \u010d\u00edtania":"5 min\u00fat"},"schema":{"@context":"https:\/\/schema.org","@graph":[{"@type":"WebPage","@id":"https:\/\/www.onetimenexttime.sk\/arduino\/index.php\/produkt\/hm-10-cc2541-4-0-ble-bluetooth-to-uart-transceiver-module-central-peripheral-switching-ibeacon-airlocate\/","url":"https:\/\/www.onetimenexttime.sk\/arduino\/index.php\/produkt\/hm-10-cc2541-4-0-ble-bluetooth-to-uart-transceiver-module-central-peripheral-switching-ibeacon-airlocate\/","name":"HM-10 cc2541 4.0 BLE bluetooth to uart transceiver Module Central & Peripheral switching iBeacon AirLocate - Arduino e-shop","isPartOf":{"@id":"https:\/\/www.onetimenexttime.sk\/arduino\/#website"},"primaryImageOfPage":{"@id":"https:\/\/www.onetimenexttime.sk\/arduino\/index.php\/produkt\/hm-10-cc2541-4-0-ble-bluetooth-to-uart-transceiver-module-central-peripheral-switching-ibeacon-airlocate\/#primaryimage"},"image":{"@id":"https:\/\/www.onetimenexttime.sk\/arduino\/index.php\/produkt\/hm-10-cc2541-4-0-ble-bluetooth-to-uart-transceiver-module-central-peripheral-switching-ibeacon-airlocate\/#primaryimage"},"thumbnailUrl":"https:\/\/www.onetimenexttime.sk\/arduino\/wp-content\/uploads\/2021\/10\/119.jpg","datePublished":"2021-10-29T14:21:09+00:00","dateModified":"2024-02-22T21:50:36+00:00","breadcrumb":{"@id":"https:\/\/www.onetimenexttime.sk\/arduino\/index.php\/produkt\/hm-10-cc2541-4-0-ble-bluetooth-to-uart-transceiver-module-central-peripheral-switching-ibeacon-airlocate\/#breadcrumb"},"inLanguage":"sk-SK","potentialAction":[{"@type":"ReadAction","target":["https:\/\/www.onetimenexttime.sk\/arduino\/index.php\/produkt\/hm-10-cc2541-4-0-ble-bluetooth-to-uart-transceiver-module-central-peripheral-switching-ibeacon-airlocate\/"]}]},{"@type":"ImageObject","inLanguage":"sk-SK","@id":"https:\/\/www.onetimenexttime.sk\/arduino\/index.php\/produkt\/hm-10-cc2541-4-0-ble-bluetooth-to-uart-transceiver-module-central-peripheral-switching-ibeacon-airlocate\/#primaryimage","url":"https:\/\/www.onetimenexttime.sk\/arduino\/wp-content\/uploads\/2021\/10\/119.jpg","contentUrl":"https:\/\/www.onetimenexttime.sk\/arduino\/wp-content\/uploads\/2021\/10\/119.jpg","width":502,"height":504},{"@type":"BreadcrumbList","@id":"https:\/\/www.onetimenexttime.sk\/arduino\/index.php\/produkt\/hm-10-cc2541-4-0-ble-bluetooth-to-uart-transceiver-module-central-peripheral-switching-ibeacon-airlocate\/#breadcrumb","itemListElement":[{"@type":"ListItem","position":1,"name":"Domov","item":"https:\/\/www.onetimenexttime.sk\/arduino\/"},{"@type":"ListItem","position":2,"name":"Obchod","item":"https:\/\/www.onetimenexttime.sk\/arduino\/"},{"@type":"ListItem","position":3,"name":"HM-10 cc2541 4.0 BLE bluetooth to uart transceiver Module Central &#038; Peripheral switching iBeacon AirLocate"}]},{"@type":"WebSite","@id":"https:\/\/www.onetimenexttime.sk\/arduino\/#website","url":"https:\/\/www.onetimenexttime.sk\/arduino\/","name":"Arduino e-shop","description":"Home Assistant","potentialAction":[{"@type":"SearchAction","target":{"@type":"EntryPoint","urlTemplate":"https:\/\/www.onetimenexttime.sk\/arduino\/?s={search_term_string}"},"query-input":{"@type":"PropertyValueSpecification","valueRequired":true,"valueName":"search_term_string"}}],"inLanguage":"sk-SK"}]}},"_links":{"self":[{"href":"https:\/\/www.onetimenexttime.sk\/arduino\/index.php\/wp-json\/wp\/v2\/product\/607"}],"collection":[{"href":"https:\/\/www.onetimenexttime.sk\/arduino\/index.php\/wp-json\/wp\/v2\/product"}],"about":[{"href":"https:\/\/www.onetimenexttime.sk\/arduino\/index.php\/wp-json\/wp\/v2\/types\/product"}],"wp:featuredmedia":[{"embeddable":true,"href":"https:\/\/www.onetimenexttime.sk\/arduino\/index.php\/wp-json\/wp\/v2\/media\/608"}],"wp:attachment":[{"href":"https:\/\/www.onetimenexttime.sk\/arduino\/index.php\/wp-json\/wp\/v2\/media?parent=607"}],"wp:term":[{"taxonomy":"product_cat","embeddable":true,"href":"https:\/\/www.onetimenexttime.sk\/arduino\/index.php\/wp-json\/wp\/v2\/product_cat?post=607"},{"taxonomy":"product_tag","embeddable":true,"href":"https:\/\/www.onetimenexttime.sk\/arduino\/index.php\/wp-json\/wp\/v2\/product_tag?post=607"}],"curies":[{"name":"wp","href":"https:\/\/api.w.org\/{rel}","templated":true}]}}