{"id":603,"date":"2021-10-29T13:29:29","date_gmt":"2021-10-29T11:29:29","guid":{"rendered":"https:\/\/www.onetimenexttime.sk\/arduino\/?post_type=product&#038;p=603"},"modified":"2021-10-29T13:32:36","modified_gmt":"2021-10-29T11:32:36","slug":"wireless-bluetooth-4-0-tracker-child-wallet-key","status":"publish","type":"product","link":"https:\/\/www.onetimenexttime.sk\/arduino\/index.php\/produkt\/wireless-bluetooth-4-0-tracker-child-wallet-key\/","title":{"rendered":"Wireless Bluetooth 4.0 Tracker Child Wallet Key"},"content":{"rendered":"<h2>Senzor Smart Tag Bezdr\u00f4tov\u00fd Bluetooth 4.0 Tracker Detsk\u00e1 pe\u0148a\u017eenka Keychain Finder Keychain Finder GPS Locator Anti Lost Alarm Itag Alarm System<\/h2>\n<p>senzor Smart Tag Bezdr\u00f4tov\u00fd Bluetooth4.0Tracker Detsk\u00e1 pe\u0148a\u017eenka Keychain Finder Keychain Finder GPS Locator Anti Lost Alarm Itag Alarm System<br \/>\nPopis:<br \/>\npre iPhone5S \/ 5C \/ 5 \/ 4S, pre iPad 5. \/ 4. \/ 3. gen., pre iPad mini, pre iPad Air, pre iPod touch (5. gen.)<br \/>\npre syst\u00e9m Andriod so smartf\u00f3nom bluetooth 4.0<br \/>\n(Android 4.3 verzia a aktualizovan\u00e1 verzia)<\/p>\n<p><strong>Pracovn\u00e1 vzdialenos\u0165: Asi 75 st\u00f4p (bez bari\u00e9ry)<\/strong><\/p>\n<p>Vhodn\u00e9 pre: pe\u0148a\u017eenku, auto, die\u0165a, dom\u00e1ce zvierat\u00e1, ta\u0161ky, kufor alebo in\u00e9 veci.<br \/>\nBat\u00e9ria: l\u00edtiov\u00e1 gomb\u00edkov\u00e1 bat\u00e9ria CR2032 <strong>(bat\u00e9ria CR2032 nie je s\u00fa\u010das\u0165ou balenia)<\/strong><br \/>\nPohotovostn\u00e1 doba: 6 mesiacov<br \/>\n\u010cist\u00e1 hmotnos\u0165: 9 gramov<br \/>\nDostupn\u00e9 farby: \u010cierna<br \/>\nCertifik\u00e1ty: ROHS<br \/>\nJazyk aplik\u00e1cie: angli\u010dtina, \u010d\u00edn\u0161tina, franc\u00faz\u0161tina, \u0161paniel\u010dina<\/p>\n<p>&nbsp;<\/p>\n","protected":false},"excerpt":{"rendered":"<p>Senzor Smart Tag Bezdr\u00f4tov\u00fd Bluetooth 4.0 Tracker Detsk\u00e1 pe\u0148a\u017eenka Keychain Finder Keychain Finder GPS Locator Anti Lost Alarm Itag Alarm&hellip;<\/p>\n","protected":false},"featured_media":604,"template":"","meta":{"_monsterinsights_skip_tracking":false,"_monsterinsights_sitenote_active":false,"_monsterinsights_sitenote_note":"","_monsterinsights_sitenote_category":0},"product_cat":[16,29],"product_tag":[],"class_list":{"0":"post-603","1":"product","2":"type-product","3":"status-publish","4":"has-post-thumbnail","6":"product_cat-ard","7":"product_cat-wireless-transmission","9":"first","10":"instock","11":"sale","12":"shipping-taxable","13":"purchasable","14":"product-type-simple"},"yoast_head":"<!-- This site is optimized with the Yoast SEO plugin v23.6 - https:\/\/yoast.com\/wordpress\/plugins\/seo\/ -->\n<title>Wireless Bluetooth 4.0 Tracker Child Wallet Key - Arduino e-shop<\/title>\n<meta name=\"robots\" content=\"index, follow, max-snippet:-1, max-image-preview:large, max-video-preview:-1\" \/>\n<link rel=\"canonical\" href=\"https:\/\/www.onetimenexttime.sk\/arduino\/index.php\/produkt\/wireless-bluetooth-4-0-tracker-child-wallet-key\/\" \/>\n<meta property=\"og:locale\" content=\"sk_SK\" \/>\n<meta property=\"og:type\" content=\"article\" \/>\n<meta property=\"og:title\" content=\"Wireless Bluetooth 4.0 Tracker Child Wallet Key - Arduino e-shop\" \/>\n<meta property=\"og:description\" content=\"Senzor Smart Tag Bezdr\u00f4tov\u00fd Bluetooth 4.0 Tracker Detsk\u00e1 pe\u0148a\u017eenka Keychain Finder Keychain Finder GPS Locator Anti Lost Alarm Itag Alarm&hellip;\" \/>\n<meta property=\"og:url\" content=\"https:\/\/www.onetimenexttime.sk\/arduino\/index.php\/produkt\/wireless-bluetooth-4-0-tracker-child-wallet-key\/\" \/>\n<meta property=\"og:site_name\" content=\"Arduino e-shop\" \/>\n<meta property=\"article:modified_time\" content=\"2021-10-29T11:32:36+00:00\" \/>\n<meta property=\"og:image\" content=\"https:\/\/www.onetimenexttime.sk\/arduino\/wp-content\/uploads\/2021\/10\/165.jpg\" \/>\n\t<meta property=\"og:image:width\" content=\"502\" \/>\n\t<meta property=\"og:image:height\" content=\"504\" \/>\n\t<meta property=\"og:image:type\" content=\"image\/jpeg\" \/>\n<meta name=\"twitter:card\" content=\"summary_large_image\" \/>\n<meta name=\"twitter:label1\" content=\"Predpokladan\u00fd \u010das \u010d\u00edtania\" \/>\n\t<meta name=\"twitter:data1\" content=\"1 min\u00fata\" \/>\n<script type=\"application\/ld+json\" class=\"yoast-schema-graph\">{\"@context\":\"https:\/\/schema.org\",\"@graph\":[{\"@type\":\"WebPage\",\"@id\":\"https:\/\/www.onetimenexttime.sk\/arduino\/index.php\/produkt\/wireless-bluetooth-4-0-tracker-child-wallet-key\/\",\"url\":\"https:\/\/www.onetimenexttime.sk\/arduino\/index.php\/produkt\/wireless-bluetooth-4-0-tracker-child-wallet-key\/\",\"name\":\"Wireless Bluetooth 4.0 Tracker Child Wallet Key - Arduino e-shop\",\"isPartOf\":{\"@id\":\"https:\/\/www.onetimenexttime.sk\/arduino\/#website\"},\"primaryImageOfPage\":{\"@id\":\"https:\/\/www.onetimenexttime.sk\/arduino\/index.php\/produkt\/wireless-bluetooth-4-0-tracker-child-wallet-key\/#primaryimage\"},\"image\":{\"@id\":\"https:\/\/www.onetimenexttime.sk\/arduino\/index.php\/produkt\/wireless-bluetooth-4-0-tracker-child-wallet-key\/#primaryimage\"},\"thumbnailUrl\":\"https:\/\/www.onetimenexttime.sk\/arduino\/wp-content\/uploads\/2021\/10\/165.jpg\",\"datePublished\":\"2021-10-29T11:29:29+00:00\",\"dateModified\":\"2021-10-29T11:32:36+00:00\",\"breadcrumb\":{\"@id\":\"https:\/\/www.onetimenexttime.sk\/arduino\/index.php\/produkt\/wireless-bluetooth-4-0-tracker-child-wallet-key\/#breadcrumb\"},\"inLanguage\":\"sk-SK\",\"potentialAction\":[{\"@type\":\"ReadAction\",\"target\":[\"https:\/\/www.onetimenexttime.sk\/arduino\/index.php\/produkt\/wireless-bluetooth-4-0-tracker-child-wallet-key\/\"]}]},{\"@type\":\"ImageObject\",\"inLanguage\":\"sk-SK\",\"@id\":\"https:\/\/www.onetimenexttime.sk\/arduino\/index.php\/produkt\/wireless-bluetooth-4-0-tracker-child-wallet-key\/#primaryimage\",\"url\":\"https:\/\/www.onetimenexttime.sk\/arduino\/wp-content\/uploads\/2021\/10\/165.jpg\",\"contentUrl\":\"https:\/\/www.onetimenexttime.sk\/arduino\/wp-content\/uploads\/2021\/10\/165.jpg\",\"width\":502,\"height\":504},{\"@type\":\"BreadcrumbList\",\"@id\":\"https:\/\/www.onetimenexttime.sk\/arduino\/index.php\/produkt\/wireless-bluetooth-4-0-tracker-child-wallet-key\/#breadcrumb\",\"itemListElement\":[{\"@type\":\"ListItem\",\"position\":1,\"name\":\"Domov\",\"item\":\"https:\/\/www.onetimenexttime.sk\/arduino\/\"},{\"@type\":\"ListItem\",\"position\":2,\"name\":\"Obchod\",\"item\":\"https:\/\/www.onetimenexttime.sk\/arduino\/\"},{\"@type\":\"ListItem\",\"position\":3,\"name\":\"Wireless Bluetooth 4.0 Tracker Child Wallet Key\"}]},{\"@type\":\"WebSite\",\"@id\":\"https:\/\/www.onetimenexttime.sk\/arduino\/#website\",\"url\":\"https:\/\/www.onetimenexttime.sk\/arduino\/\",\"name\":\"Arduino e-shop\",\"description\":\"Home Assistant\",\"potentialAction\":[{\"@type\":\"SearchAction\",\"target\":{\"@type\":\"EntryPoint\",\"urlTemplate\":\"https:\/\/www.onetimenexttime.sk\/arduino\/?s={search_term_string}\"},\"query-input\":{\"@type\":\"PropertyValueSpecification\",\"valueRequired\":true,\"valueName\":\"search_term_string\"}}],\"inLanguage\":\"sk-SK\"}]}<\/script>\n<!-- \/ Yoast SEO plugin. -->","yoast_head_json":{"title":"Wireless Bluetooth 4.0 Tracker Child Wallet Key - Arduino e-shop","robots":{"index":"index","follow":"follow","max-snippet":"max-snippet:-1","max-image-preview":"max-image-preview:large","max-video-preview":"max-video-preview:-1"},"canonical":"https:\/\/www.onetimenexttime.sk\/arduino\/index.php\/produkt\/wireless-bluetooth-4-0-tracker-child-wallet-key\/","og_locale":"sk_SK","og_type":"article","og_title":"Wireless Bluetooth 4.0 Tracker Child Wallet Key - Arduino e-shop","og_description":"Senzor Smart Tag Bezdr\u00f4tov\u00fd Bluetooth 4.0 Tracker Detsk\u00e1 pe\u0148a\u017eenka Keychain Finder Keychain Finder GPS Locator Anti Lost Alarm Itag Alarm&hellip;","og_url":"https:\/\/www.onetimenexttime.sk\/arduino\/index.php\/produkt\/wireless-bluetooth-4-0-tracker-child-wallet-key\/","og_site_name":"Arduino e-shop","article_modified_time":"2021-10-29T11:32:36+00:00","og_image":[{"width":502,"height":504,"url":"https:\/\/www.onetimenexttime.sk\/arduino\/wp-content\/uploads\/2021\/10\/165.jpg","type":"image\/jpeg"}],"twitter_card":"summary_large_image","twitter_misc":{"Predpokladan\u00fd \u010das \u010d\u00edtania":"1 min\u00fata"},"schema":{"@context":"https:\/\/schema.org","@graph":[{"@type":"WebPage","@id":"https:\/\/www.onetimenexttime.sk\/arduino\/index.php\/produkt\/wireless-bluetooth-4-0-tracker-child-wallet-key\/","url":"https:\/\/www.onetimenexttime.sk\/arduino\/index.php\/produkt\/wireless-bluetooth-4-0-tracker-child-wallet-key\/","name":"Wireless Bluetooth 4.0 Tracker Child Wallet Key - Arduino e-shop","isPartOf":{"@id":"https:\/\/www.onetimenexttime.sk\/arduino\/#website"},"primaryImageOfPage":{"@id":"https:\/\/www.onetimenexttime.sk\/arduino\/index.php\/produkt\/wireless-bluetooth-4-0-tracker-child-wallet-key\/#primaryimage"},"image":{"@id":"https:\/\/www.onetimenexttime.sk\/arduino\/index.php\/produkt\/wireless-bluetooth-4-0-tracker-child-wallet-key\/#primaryimage"},"thumbnailUrl":"https:\/\/www.onetimenexttime.sk\/arduino\/wp-content\/uploads\/2021\/10\/165.jpg","datePublished":"2021-10-29T11:29:29+00:00","dateModified":"2021-10-29T11:32:36+00:00","breadcrumb":{"@id":"https:\/\/www.onetimenexttime.sk\/arduino\/index.php\/produkt\/wireless-bluetooth-4-0-tracker-child-wallet-key\/#breadcrumb"},"inLanguage":"sk-SK","potentialAction":[{"@type":"ReadAction","target":["https:\/\/www.onetimenexttime.sk\/arduino\/index.php\/produkt\/wireless-bluetooth-4-0-tracker-child-wallet-key\/"]}]},{"@type":"ImageObject","inLanguage":"sk-SK","@id":"https:\/\/www.onetimenexttime.sk\/arduino\/index.php\/produkt\/wireless-bluetooth-4-0-tracker-child-wallet-key\/#primaryimage","url":"https:\/\/www.onetimenexttime.sk\/arduino\/wp-content\/uploads\/2021\/10\/165.jpg","contentUrl":"https:\/\/www.onetimenexttime.sk\/arduino\/wp-content\/uploads\/2021\/10\/165.jpg","width":502,"height":504},{"@type":"BreadcrumbList","@id":"https:\/\/www.onetimenexttime.sk\/arduino\/index.php\/produkt\/wireless-bluetooth-4-0-tracker-child-wallet-key\/#breadcrumb","itemListElement":[{"@type":"ListItem","position":1,"name":"Domov","item":"https:\/\/www.onetimenexttime.sk\/arduino\/"},{"@type":"ListItem","position":2,"name":"Obchod","item":"https:\/\/www.onetimenexttime.sk\/arduino\/"},{"@type":"ListItem","position":3,"name":"Wireless Bluetooth 4.0 Tracker Child Wallet Key"}]},{"@type":"WebSite","@id":"https:\/\/www.onetimenexttime.sk\/arduino\/#website","url":"https:\/\/www.onetimenexttime.sk\/arduino\/","name":"Arduino e-shop","description":"Home Assistant","potentialAction":[{"@type":"SearchAction","target":{"@type":"EntryPoint","urlTemplate":"https:\/\/www.onetimenexttime.sk\/arduino\/?s={search_term_string}"},"query-input":{"@type":"PropertyValueSpecification","valueRequired":true,"valueName":"search_term_string"}}],"inLanguage":"sk-SK"}]}},"_links":{"self":[{"href":"https:\/\/www.onetimenexttime.sk\/arduino\/index.php\/wp-json\/wp\/v2\/product\/603"}],"collection":[{"href":"https:\/\/www.onetimenexttime.sk\/arduino\/index.php\/wp-json\/wp\/v2\/product"}],"about":[{"href":"https:\/\/www.onetimenexttime.sk\/arduino\/index.php\/wp-json\/wp\/v2\/types\/product"}],"wp:featuredmedia":[{"embeddable":true,"href":"https:\/\/www.onetimenexttime.sk\/arduino\/index.php\/wp-json\/wp\/v2\/media\/604"}],"wp:attachment":[{"href":"https:\/\/www.onetimenexttime.sk\/arduino\/index.php\/wp-json\/wp\/v2\/media?parent=603"}],"wp:term":[{"taxonomy":"product_cat","embeddable":true,"href":"https:\/\/www.onetimenexttime.sk\/arduino\/index.php\/wp-json\/wp\/v2\/product_cat?post=603"},{"taxonomy":"product_tag","embeddable":true,"href":"https:\/\/www.onetimenexttime.sk\/arduino\/index.php\/wp-json\/wp\/v2\/product_tag?post=603"}],"curies":[{"name":"wp","href":"https:\/\/api.w.org\/{rel}","templated":true}]}}