{"id":595,"date":"2021-10-29T13:12:08","date_gmt":"2021-10-29T11:12:08","guid":{"rendered":"https:\/\/www.onetimenexttime.sk\/arduino\/?post_type=product&#038;p=595"},"modified":"2024-02-22T21:47:31","modified_gmt":"2024-02-22T20:47:31","slug":"2-4g-nrf24l01palna-sma-antenna-wireless-transceiver-communication-module","status":"publish","type":"product","link":"https:\/\/www.onetimenexttime.sk\/arduino\/index.php\/produkt\/2-4g-nrf24l01palna-sma-antenna-wireless-transceiver-communication-module\/","title":{"rendered":"2.4G NRF24L01+PA+LNA SMA Antenna Wireless Transceiver communication module"},"content":{"rendered":"<p>&nbsp;<\/p>\n<p>&nbsp;<\/p>\n<h1>2.4G NRF24L01+PA+LNA SMA Antenna Wireless Transceiver communication module<\/h1>\n<h2>Popis<\/h2>\n<p>Modul NRF24L01+ je bezdr\u00f4tov\u00fd komunika\u010dn\u00fd modul pracuj\u00faci na frekvencii 2.4GHz. Je vybaven\u00fd vysok\u00fdm ziskom PA (v\u00fdkonov\u00fd zosil\u0148ova\u010d) a LNA (n\u00edzko\u0161umov\u00fd zosil\u0148ova\u010d), \u010do umo\u017e\u0148uje dlh\u0161ie dosahy a spo\u013eahliv\u00fa komunik\u00e1ciu.<\/p>\n<h2>Vlastnosti<\/h2>\n<ul>\n<li>Komunika\u010dn\u00fd modul pracuj\u00faci na frekvencii 2.4GHz<\/li>\n<li>Vysok\u00fd v\u00fdkon PA (v\u00fdkonov\u00fd zosil\u0148ova\u010d)<\/li>\n<li>N\u00edzko\u0161umov\u00fd LNA (n\u00edzko\u0161umov\u00fd zosil\u0148ova\u010d)<\/li>\n<li>Mo\u017enos\u0165 pou\u017eitia s ant\u00e9nou SMA<\/li>\n<li>Integr\u00e1cia s mikrokontrol\u00e9rmi a mikropo\u010d\u00edta\u010dmi<\/li>\n<\/ul>\n<h2>\u0160pecifik\u00e1cie<\/h2>\n<table>\n<tbody>\n<tr>\n<th>Parameter<\/th>\n<th>Hodnota<\/th>\n<\/tr>\n<tr>\n<td>Frekvencia<\/td>\n<td>2.4GHz<\/td>\n<\/tr>\n<tr>\n<td>Maxim\u00e1lny dosah<\/td>\n<td>400-1000 metrov (v z\u00e1vislosti od prostredia a nastaven\u00ed)<\/td>\n<\/tr>\n<tr>\n<td>Podpora<\/td>\n<td>SPI komunik\u00e1cia<\/td>\n<\/tr>\n<tr>\n<td>Nap\u00e1janie<\/td>\n<td>3.3V &#8211; 5V DC<\/td>\n<\/tr>\n<\/tbody>\n<\/table>\n<h2>Pr\u00edklady pou\u017eitia<\/h2>\n<p>Modul NRF24L01+ m\u00f4\u017ee by\u0165 pou\u017eit\u00fd na r\u00f4zne \u00fa\u010dely, vr\u00e1tane:<\/p>\n<ul>\n<li>Bezdr\u00f4tov\u00e1 komunik\u00e1cia medzi mikrokontrol\u00e9rmi<\/li>\n<li>Vzdialen\u00e9 ovl\u00e1danie zariaden\u00ed<\/li>\n<li>Monitorovanie a zbieranie \u00fadajov z rozsiahlych oblast\u00ed<\/li>\n<\/ul>\n<h2>Pr\u00edkladov\u00fd k\u00f3d pre Arduino<\/h2>\n<p><button>Kop\u00edrova\u0165 k\u00f3d<\/button><\/p>\n<pre id=\"arduinoCode\">#include \r\n#include \r\n#include \r\n\r\nRF24 radio(9, 10); \/\/ pripojenie k SPI a CE, CSN\r\n\r\nconst byte address[6] = \"00001\"; \/\/ adresa pre komunik\u00e1ciu\r\n\r\nvoid setup() {\r\n  radio.begin();\r\n  radio.openWritingPipe(address);\r\n  radio.setPALevel(RF24_PA_MAX); \/\/ nastavenie maxim\u00e1lneho v\u00fdkonu vysielania\r\n}\r\n\r\nvoid loop() {\r\n  const char text[] = \"Hello, world!\";\r\n  radio.write(&amp;text, sizeof(text)); \/\/ odoslanie spr\u00e1vy\r\n  delay(1000);\r\n}\r\n<\/pre>\n<p><script>\n  function copyToClipboard(id) {\n    var text = document.getElementById(id).innerText;\n    var tempInput = document.createElement(\"textarea\");\n    tempInput.value = text;\n    document.body.appendChild(tempInput);\n    tempInput.select();\n    document.execCommand(\"copy\");\n    document.body.removeChild(tempInput);\n    alert(\"K\u00f3d bol skop\u00edrovan\u00fd do schr\u00e1nky.\");\n  }\n<\/script><img decoding=\"async\" src=\"https:\/\/m.media-amazon.com\/images\/I\/71H1CB1kwKL._AC_UF350,350_QL80_.jpg\" alt=\"Amazon.com: 2Pcs NRF24L01+PA+LNA RF Wireless Transceiver Module with SMA  Antenna 2.4G 1100m &amp; Wireless Module with Breakout Adapter On-Board 3.3V  Regulator : Electronics\" \/><\/p>\n<p><img decoding=\"async\" src=\"https:\/\/www.robotechbd.com\/wp-content\/uploads\/2022\/10\/NRF-pinout-1.jpg\" alt=\"NRF24L01+PA+LNA 2.4GHz SMA Antenna Wireless Transceiver Communication  Module - Robotech BD\" \/><\/p>\n<p>&nbsp;<\/p>\n<p>&nbsp;<\/p>\n<p><img decoding=\"async\" src=\"https:\/\/techdelivers.com\/image\/cache\/catalog\/Sensor%20Modules\/nrf-module-with-antenna-pinouts-550x550w.jpg\" alt=\"NRF24L01+PA+LNA 2.4GHz 1100 Meters Long Distance Wireless Module with  Antenna\" \/><\/p>\n<p><img decoding=\"async\" src=\"https:\/\/www.icstation.com\/images\/uploads\/GY18379_4.JPG\" alt=\"2.4GHz nRF24L01 Wireless Transceiver Module | UART TTL SMA Antenna&quot;\" \/><\/p>\n<p>&nbsp;<\/p>\n<p>&nbsp;<\/p>\n<h2>2.4G NRF24L01 + PA + LNA Ant\u00e9na SMA s bezdr\u00f4tov\u00fdm komunika\u010dn\u00fdm vysiela\u010dom a prij\u00edma\u010dom<\/h2>\n<p>F24L01P + PA + LNA div\u00edzia I pre prenos d\u00e1t na ultra dlh\u00e9 vzdialenosti \u0161peci\u00e1lne vyvinut\u00fd vysokov\u00fdkonn\u00fd a vysoko citliv\u00fd bezdr\u00f4tov\u00fd modul 2,4G ISM p\u00e1smo NRF24L01P + PA + LNA bezdr\u00f4tov\u00fd modul na pr\u00e1cu bez licencie, m\u00f4\u017ee by\u0165 nasmerovan\u00fd na -bodov\u00e9 aplik\u00e1cie, m\u00f4\u017eu sa sklada\u0165 aj z hviezdnej siete,<br \/>\nNRF24L01P + PA + LNA bezdr\u00f4tov\u00fd modul jadro N\u00f3rska spolo\u010dnos\u0165 NORDIC \\\\\\ najnov\u0161ia vysokov\u00fdkonn\u00e1 bezdr\u00f4tov\u00e1 sie\u0165<br \/>\n\u010cip digit\u00e1lneho prenosu NRF24L01 + s profesion\u00e1lnym plne obojsmern\u00fdm vysokov\u00fdkonn\u00fdm vysokov\u00fdkonn\u00fdm vysokov\u00fdkonn\u00fdm vysokov\u00fdkonn\u00fdm \u010dipom PA a LNA od div\u00edzie profesion\u00e1lneho dizajnu, prep\u00edna\u010dmi RF, p\u00e1smov\u00fdmi filtrami at\u010f., V\u00fdrazne roz\u0161iruje efekt\u00edvnu komunika\u010dn\u00fa vzdialenos\u0165.<br \/>\nV \u010dasti RF, tajomn\u00edk urobil ve\u013ea optimaliz\u00e1cie prisp\u00f4sobenia ladenia, \u00fa\u010dinnosti emisi\u00ed na dosiahnutie najvy\u0161\u0161ieho harmonick\u00e9ho minima<br \/>\nV\u010faka NRF24L01P + PA + LNA bezdr\u00f4tov\u00fd modul RF ru\u0161enia extern\u00e9ho zariadenia dosahuje minimum, pri\u010dom nie je n\u00e1chyln\u00fd na ru\u0161enie z in\u00fdch zariaden\u00ed, v\u00fdrazne nahr\u00e1va<br \/>\nVysok\u00e1 stabilita diela.<br \/>\nIntegr\u00e1cia bezdr\u00f4tov\u00e9ho modulu NRF24L01P + PA + LNA je extr\u00e9mne vysok\u00e1, ve\u013ekos\u0165 iba 41 mm * 15,5 mm, pohodlne zabudovan\u00e1<br \/>\nV ak\u00fdchko\u013evek produktoch s obmedzen\u00fdm priestorom m\u00f4\u017eu z\u00e1kazn\u00edci zv\u00fd\u0161i\u0165 MCU cez port SPI na ovl\u00e1danie NRF24L01P + PA + LNA<br \/>\nBezdr\u00f4tov\u00fd modul na dokon\u010denie n\u00e1vrhu syst\u00e9mu bezdr\u00f4tov\u00e9ho prenosu d\u00e1t s ultra dlh\u00fdm dosahom \u00faplne eliminuje potrebu RF \u010dasti v\u00fdskumu a v\u00fdvoja<br \/>\nStarajte sa o zn\u00ed\u017eenie v\u00fddavkov na v\u00fdskum a v\u00fdvoj a skr\u00e1tenie v\u00fdvojov\u00e9ho cyklu<\/p>\n","protected":false},"excerpt":{"rendered":"<p>&nbsp; &nbsp; 2.4G NRF24L01+PA+LNA SMA Antenna Wireless Transceiver communication module Popis Modul NRF24L01+ je bezdr\u00f4tov\u00fd komunika\u010dn\u00fd modul pracuj\u00faci na frekvencii&hellip;<\/p>\n","protected":false},"featured_media":596,"template":"","meta":{"_monsterinsights_skip_tracking":false,"_monsterinsights_sitenote_active":false,"_monsterinsights_sitenote_note":"","_monsterinsights_sitenote_category":0},"product_cat":[35,16,33,29],"product_tag":[],"class_list":{"0":"post-595","1":"product","2":"type-product","3":"status-publish","4":"has-post-thumbnail","6":"product_cat-antena","7":"product_cat-ard","8":"product_cat-wifi","9":"product_cat-wireless-transmission","11":"first","12":"instock","13":"sale","14":"shipping-taxable","15":"purchasable","16":"product-type-simple"},"yoast_head":"<!-- This site is optimized with the Yoast SEO plugin v23.6 - https:\/\/yoast.com\/wordpress\/plugins\/seo\/ -->\n<title>2.4G NRF24L01+PA+LNA SMA Antenna Wireless Transceiver communication module - Arduino e-shop<\/title>\n<meta name=\"robots\" content=\"index, follow, max-snippet:-1, max-image-preview:large, max-video-preview:-1\" \/>\n<link rel=\"canonical\" href=\"https:\/\/www.onetimenexttime.sk\/arduino\/index.php\/produkt\/2-4g-nrf24l01palna-sma-antenna-wireless-transceiver-communication-module\/\" \/>\n<meta property=\"og:locale\" content=\"sk_SK\" \/>\n<meta property=\"og:type\" content=\"article\" \/>\n<meta property=\"og:title\" content=\"2.4G NRF24L01+PA+LNA SMA Antenna Wireless Transceiver communication module - Arduino e-shop\" \/>\n<meta property=\"og:description\" content=\"&nbsp; &nbsp; 2.4G NRF24L01+PA+LNA SMA Antenna Wireless Transceiver communication module Popis Modul NRF24L01+ je bezdr\u00f4tov\u00fd komunika\u010dn\u00fd modul pracuj\u00faci na frekvencii&hellip;\" \/>\n<meta property=\"og:url\" content=\"https:\/\/www.onetimenexttime.sk\/arduino\/index.php\/produkt\/2-4g-nrf24l01palna-sma-antenna-wireless-transceiver-communication-module\/\" \/>\n<meta property=\"og:site_name\" content=\"Arduino e-shop\" \/>\n<meta property=\"article:modified_time\" content=\"2024-02-22T20:47:31+00:00\" \/>\n<meta property=\"og:image\" content=\"https:\/\/www.onetimenexttime.sk\/arduino\/wp-content\/uploads\/2021\/10\/108.jpg\" \/>\n\t<meta property=\"og:image:width\" content=\"502\" \/>\n\t<meta property=\"og:image:height\" content=\"504\" \/>\n\t<meta property=\"og:image:type\" content=\"image\/jpeg\" \/>\n<meta name=\"twitter:card\" content=\"summary_large_image\" \/>\n<meta name=\"twitter:label1\" content=\"Predpokladan\u00fd \u010das \u010d\u00edtania\" \/>\n\t<meta name=\"twitter:data1\" content=\"3 min\u00faty\" \/>\n<script type=\"application\/ld+json\" class=\"yoast-schema-graph\">{\"@context\":\"https:\/\/schema.org\",\"@graph\":[{\"@type\":\"WebPage\",\"@id\":\"https:\/\/www.onetimenexttime.sk\/arduino\/index.php\/produkt\/2-4g-nrf24l01palna-sma-antenna-wireless-transceiver-communication-module\/\",\"url\":\"https:\/\/www.onetimenexttime.sk\/arduino\/index.php\/produkt\/2-4g-nrf24l01palna-sma-antenna-wireless-transceiver-communication-module\/\",\"name\":\"2.4G NRF24L01+PA+LNA SMA Antenna Wireless Transceiver communication module - Arduino e-shop\",\"isPartOf\":{\"@id\":\"https:\/\/www.onetimenexttime.sk\/arduino\/#website\"},\"primaryImageOfPage\":{\"@id\":\"https:\/\/www.onetimenexttime.sk\/arduino\/index.php\/produkt\/2-4g-nrf24l01palna-sma-antenna-wireless-transceiver-communication-module\/#primaryimage\"},\"image\":{\"@id\":\"https:\/\/www.onetimenexttime.sk\/arduino\/index.php\/produkt\/2-4g-nrf24l01palna-sma-antenna-wireless-transceiver-communication-module\/#primaryimage\"},\"thumbnailUrl\":\"https:\/\/www.onetimenexttime.sk\/arduino\/wp-content\/uploads\/2021\/10\/108.jpg\",\"datePublished\":\"2021-10-29T11:12:08+00:00\",\"dateModified\":\"2024-02-22T20:47:31+00:00\",\"breadcrumb\":{\"@id\":\"https:\/\/www.onetimenexttime.sk\/arduino\/index.php\/produkt\/2-4g-nrf24l01palna-sma-antenna-wireless-transceiver-communication-module\/#breadcrumb\"},\"inLanguage\":\"sk-SK\",\"potentialAction\":[{\"@type\":\"ReadAction\",\"target\":[\"https:\/\/www.onetimenexttime.sk\/arduino\/index.php\/produkt\/2-4g-nrf24l01palna-sma-antenna-wireless-transceiver-communication-module\/\"]}]},{\"@type\":\"ImageObject\",\"inLanguage\":\"sk-SK\",\"@id\":\"https:\/\/www.onetimenexttime.sk\/arduino\/index.php\/produkt\/2-4g-nrf24l01palna-sma-antenna-wireless-transceiver-communication-module\/#primaryimage\",\"url\":\"https:\/\/www.onetimenexttime.sk\/arduino\/wp-content\/uploads\/2021\/10\/108.jpg\",\"contentUrl\":\"https:\/\/www.onetimenexttime.sk\/arduino\/wp-content\/uploads\/2021\/10\/108.jpg\",\"width\":502,\"height\":504},{\"@type\":\"BreadcrumbList\",\"@id\":\"https:\/\/www.onetimenexttime.sk\/arduino\/index.php\/produkt\/2-4g-nrf24l01palna-sma-antenna-wireless-transceiver-communication-module\/#breadcrumb\",\"itemListElement\":[{\"@type\":\"ListItem\",\"position\":1,\"name\":\"Domov\",\"item\":\"https:\/\/www.onetimenexttime.sk\/arduino\/\"},{\"@type\":\"ListItem\",\"position\":2,\"name\":\"Obchod\",\"item\":\"https:\/\/www.onetimenexttime.sk\/arduino\/\"},{\"@type\":\"ListItem\",\"position\":3,\"name\":\"2.4G NRF24L01+PA+LNA SMA Antenna Wireless Transceiver communication module\"}]},{\"@type\":\"WebSite\",\"@id\":\"https:\/\/www.onetimenexttime.sk\/arduino\/#website\",\"url\":\"https:\/\/www.onetimenexttime.sk\/arduino\/\",\"name\":\"Arduino e-shop\",\"description\":\"Home Assistant\",\"potentialAction\":[{\"@type\":\"SearchAction\",\"target\":{\"@type\":\"EntryPoint\",\"urlTemplate\":\"https:\/\/www.onetimenexttime.sk\/arduino\/?s={search_term_string}\"},\"query-input\":{\"@type\":\"PropertyValueSpecification\",\"valueRequired\":true,\"valueName\":\"search_term_string\"}}],\"inLanguage\":\"sk-SK\"}]}<\/script>\n<!-- \/ Yoast SEO plugin. -->","yoast_head_json":{"title":"2.4G NRF24L01+PA+LNA SMA Antenna Wireless Transceiver communication module - Arduino e-shop","robots":{"index":"index","follow":"follow","max-snippet":"max-snippet:-1","max-image-preview":"max-image-preview:large","max-video-preview":"max-video-preview:-1"},"canonical":"https:\/\/www.onetimenexttime.sk\/arduino\/index.php\/produkt\/2-4g-nrf24l01palna-sma-antenna-wireless-transceiver-communication-module\/","og_locale":"sk_SK","og_type":"article","og_title":"2.4G NRF24L01+PA+LNA SMA Antenna Wireless Transceiver communication module - Arduino e-shop","og_description":"&nbsp; &nbsp; 2.4G NRF24L01+PA+LNA SMA Antenna Wireless Transceiver communication module Popis Modul NRF24L01+ je bezdr\u00f4tov\u00fd komunika\u010dn\u00fd modul pracuj\u00faci na frekvencii&hellip;","og_url":"https:\/\/www.onetimenexttime.sk\/arduino\/index.php\/produkt\/2-4g-nrf24l01palna-sma-antenna-wireless-transceiver-communication-module\/","og_site_name":"Arduino e-shop","article_modified_time":"2024-02-22T20:47:31+00:00","og_image":[{"width":502,"height":504,"url":"https:\/\/www.onetimenexttime.sk\/arduino\/wp-content\/uploads\/2021\/10\/108.jpg","type":"image\/jpeg"}],"twitter_card":"summary_large_image","twitter_misc":{"Predpokladan\u00fd \u010das \u010d\u00edtania":"3 min\u00faty"},"schema":{"@context":"https:\/\/schema.org","@graph":[{"@type":"WebPage","@id":"https:\/\/www.onetimenexttime.sk\/arduino\/index.php\/produkt\/2-4g-nrf24l01palna-sma-antenna-wireless-transceiver-communication-module\/","url":"https:\/\/www.onetimenexttime.sk\/arduino\/index.php\/produkt\/2-4g-nrf24l01palna-sma-antenna-wireless-transceiver-communication-module\/","name":"2.4G NRF24L01+PA+LNA SMA Antenna Wireless Transceiver communication module - Arduino e-shop","isPartOf":{"@id":"https:\/\/www.onetimenexttime.sk\/arduino\/#website"},"primaryImageOfPage":{"@id":"https:\/\/www.onetimenexttime.sk\/arduino\/index.php\/produkt\/2-4g-nrf24l01palna-sma-antenna-wireless-transceiver-communication-module\/#primaryimage"},"image":{"@id":"https:\/\/www.onetimenexttime.sk\/arduino\/index.php\/produkt\/2-4g-nrf24l01palna-sma-antenna-wireless-transceiver-communication-module\/#primaryimage"},"thumbnailUrl":"https:\/\/www.onetimenexttime.sk\/arduino\/wp-content\/uploads\/2021\/10\/108.jpg","datePublished":"2021-10-29T11:12:08+00:00","dateModified":"2024-02-22T20:47:31+00:00","breadcrumb":{"@id":"https:\/\/www.onetimenexttime.sk\/arduino\/index.php\/produkt\/2-4g-nrf24l01palna-sma-antenna-wireless-transceiver-communication-module\/#breadcrumb"},"inLanguage":"sk-SK","potentialAction":[{"@type":"ReadAction","target":["https:\/\/www.onetimenexttime.sk\/arduino\/index.php\/produkt\/2-4g-nrf24l01palna-sma-antenna-wireless-transceiver-communication-module\/"]}]},{"@type":"ImageObject","inLanguage":"sk-SK","@id":"https:\/\/www.onetimenexttime.sk\/arduino\/index.php\/produkt\/2-4g-nrf24l01palna-sma-antenna-wireless-transceiver-communication-module\/#primaryimage","url":"https:\/\/www.onetimenexttime.sk\/arduino\/wp-content\/uploads\/2021\/10\/108.jpg","contentUrl":"https:\/\/www.onetimenexttime.sk\/arduino\/wp-content\/uploads\/2021\/10\/108.jpg","width":502,"height":504},{"@type":"BreadcrumbList","@id":"https:\/\/www.onetimenexttime.sk\/arduino\/index.php\/produkt\/2-4g-nrf24l01palna-sma-antenna-wireless-transceiver-communication-module\/#breadcrumb","itemListElement":[{"@type":"ListItem","position":1,"name":"Domov","item":"https:\/\/www.onetimenexttime.sk\/arduino\/"},{"@type":"ListItem","position":2,"name":"Obchod","item":"https:\/\/www.onetimenexttime.sk\/arduino\/"},{"@type":"ListItem","position":3,"name":"2.4G NRF24L01+PA+LNA SMA Antenna Wireless Transceiver communication module"}]},{"@type":"WebSite","@id":"https:\/\/www.onetimenexttime.sk\/arduino\/#website","url":"https:\/\/www.onetimenexttime.sk\/arduino\/","name":"Arduino e-shop","description":"Home Assistant","potentialAction":[{"@type":"SearchAction","target":{"@type":"EntryPoint","urlTemplate":"https:\/\/www.onetimenexttime.sk\/arduino\/?s={search_term_string}"},"query-input":{"@type":"PropertyValueSpecification","valueRequired":true,"valueName":"search_term_string"}}],"inLanguage":"sk-SK"}]}},"_links":{"self":[{"href":"https:\/\/www.onetimenexttime.sk\/arduino\/index.php\/wp-json\/wp\/v2\/product\/595"}],"collection":[{"href":"https:\/\/www.onetimenexttime.sk\/arduino\/index.php\/wp-json\/wp\/v2\/product"}],"about":[{"href":"https:\/\/www.onetimenexttime.sk\/arduino\/index.php\/wp-json\/wp\/v2\/types\/product"}],"wp:featuredmedia":[{"embeddable":true,"href":"https:\/\/www.onetimenexttime.sk\/arduino\/index.php\/wp-json\/wp\/v2\/media\/596"}],"wp:attachment":[{"href":"https:\/\/www.onetimenexttime.sk\/arduino\/index.php\/wp-json\/wp\/v2\/media?parent=595"}],"wp:term":[{"taxonomy":"product_cat","embeddable":true,"href":"https:\/\/www.onetimenexttime.sk\/arduino\/index.php\/wp-json\/wp\/v2\/product_cat?post=595"},{"taxonomy":"product_tag","embeddable":true,"href":"https:\/\/www.onetimenexttime.sk\/arduino\/index.php\/wp-json\/wp\/v2\/product_tag?post=595"}],"curies":[{"name":"wp","href":"https:\/\/api.w.org\/{rel}","templated":true}]}}