{"id":591,"date":"2021-10-29T13:00:10","date_gmt":"2021-10-29T11:00:10","guid":{"rendered":"https:\/\/www.onetimenexttime.sk\/arduino\/?post_type=product&#038;p=591"},"modified":"2024-02-22T18:36:33","modified_gmt":"2024-02-22T17:36:33","slug":"remote-esp8266-wireless-module-stable-wifi-to-uart-module-remote-serial-port-wifi","status":"publish","type":"product","link":"https:\/\/www.onetimenexttime.sk\/arduino\/index.php\/produkt\/remote-esp8266-wireless-module-stable-wifi-to-uart-module-remote-serial-port-wifi\/","title":{"rendered":"Remote ESP8266 Wireless Module Stable WIFI to UART Module Remote Serial Port WIFI"},"content":{"rendered":"<p>&nbsp;<\/p>\n<p>&nbsp;<\/p>\n<pre>esphome:\r\n  name: remote_esp8266\r\n  platform: ESP8266\r\n  board: nodemcuv2\r\n\r\nwifi:\r\n  ssid: \"nazov_wifi_siete\"\r\n  password: \"heslo_wifi_siete\"\r\n\r\nlogger:\r\n\r\nota:\r\n\r\nweb_server:\r\n\r\napi:\r\n\r\nwifi_signal_sensor:\r\n  name: \"WiFi Signal Sensor\"\r\n  update_interval: 60s\r\n\r\nbinary_sensor:\r\n  - platform: gpio\r\n    pin:\r\n      number: D1\r\n      mode: INPUT_PULLUP\r\n    name: \"PIR Motion Sensor\"\r\n    device_class: motion\r\n\r\nsensor:\r\n  - platform: dht\r\n    pin: D2\r\n    model: DHT22\r\n    temperature:\r\n      name: \"DHT22 Temperature\"\r\n      filters:\r\n        - lambda: return x \/ 1.0;\r\n      unit_of_measurement: \"\u00b0C\"\r\n    humidity:\r\n      name: \"DHT22 Humidity\"\r\n      filters:\r\n        - lambda: return x \/ 1.0;\r\n      unit_of_measurement: \"%\"\r\n    update_interval: 60s\r\n\r\n  - platform: bme280\r\n    temperature:\r\n      name: \"BME280 Temperature\"\r\n      oversampling: 16x\r\n      id: bme_temp\r\n    pressure:\r\n      name: \"BME280 Pressure\"\r\n      id: bme_press\r\n    humidity:\r\n      name: \"BME280 Humidity\"\r\n      id: bme_humid\r\n    address: 0x76\r\n    update_interval: 60s\r\n\r\n  - platform: adc\r\n    pin: A0\r\n    name: \"ADC Sensor\"\r\n    update_interval: 60s\r\n\r\noutput:\r\n  - platform: gpio\r\n    pin: D3\r\n    id: output_relay\r\n\r\nlight:\r\n  - platform: monochromatic\r\n    name: \"Monochromatic Light\"\r\n    output: output_relay\r\n\r\nswitch:\r\n  - platform: restart\r\n    name: \"Restart Switch\"\r\n\r\n  - platform: shutdown\r\n    name: \"Shutdown Switch\"\r\n<\/pre>\n<p>&nbsp;<\/p>\n<p>&nbsp;<\/p>\n<h1>Informa\u010dn\u00e1 Str\u00e1nka: Remote ESP8266 Wireless Module<\/h1>\n<table>\n<tbody>\n<tr>\n<th>Popis<\/th>\n<td>Bezdr\u00f4tov\u00fd modul ESP8266 umo\u017e\u0148uje pripojenie k WiFi a komunik\u00e1ciu cez s\u00e9riov\u00fd port.<\/td>\n<\/tr>\n<tr>\n<th>Vlastnosti<\/th>\n<td>\n<ul>\n<li>Stabiln\u00e9 pripojenie k WiFi pomocou modulu ESP8266.<\/li>\n<li>Mo\u017enos\u0165 komunik\u00e1cie cez s\u00e9riov\u00fd port.<\/li>\n<li>Kompaktn\u00fd dizajn.<\/li>\n<li>Kompatibiln\u00fd s r\u00f4znymi senzormi a perif\u00e9riami.<\/li>\n<\/ul>\n<\/td>\n<\/tr>\n<tr>\n<th>Pr\u00edklady pou\u017eitia<\/th>\n<td>\n<ul>\n<li><strong>Pou\u017eitie s teplotn\u00fdm senzorom:<\/strong>\n<pre>                        \/\/ K\u00f3d pre \u010d\u00edtanie teploty pomocou teplotn\u00e9ho senzora\r\n                        #include &lt;Wire.h&gt;\r\n                        #include &lt;Adafruit_Sensor.h&gt;\r\n                        #include &lt;Adafruit_BME280.h&gt;\r\n                        \r\n                        Adafruit_BME280 bme;\r\n                        \r\n                        void setup() {\r\n                            Serial.begin(9600);\r\n                            if (!bme.begin()) {\r\n                                Serial.println(\"Could not find BME280 sensor, check wiring!\");\r\n                                while (1);\r\n                            }\r\n                        }\r\n                        \r\n                        void loop() {\r\n                            Serial.print(\"Teplota: \");\r\n                            Serial.print(bme.readTemperature());\r\n                            Serial.println(\" *C\");\r\n                            delay(1000);\r\n                        }\r\n<\/pre>\n<\/li>\n<li><strong>Pou\u017eitie s senzorom vlhkosti:<\/strong>\n<pre>                        \/\/ K\u00f3d pre \u010d\u00edtanie vlhkosti pomocou senzora vlhkosti\r\n                        #include &lt;DHT.h&gt;\r\n                        \r\n                        #define DHTPIN 2     \/\/ Pin, na ktorom je pripojen\u00fd senzor\r\n                        #define DHTTYPE DHT11   \/\/ DHT 11\r\n                        \r\n                        DHT dht(DHTPIN, DHTTYPE);\r\n                        \r\n                        void setup() {\r\n                          Serial.begin(9600);\r\n                          dht.begin();\r\n                        }\r\n                        \r\n                        void loop() {\r\n                          delay(2000);\r\n                          float vlhkost = dht.readHumidity();\r\n                          float teplota = dht.readTemperature();\r\n                          Serial.print(\"Vlhkos\u0165: \");\r\n                          Serial.print(vlhkost);\r\n                          Serial.print(\" %\\t\");\r\n                          Serial.print(\"Teplota: \");\r\n                          Serial.print(teplota);\r\n                          Serial.println(\" *C\");\r\n                        }\r\n<\/pre>\n<\/li>\n<li><strong>Pou\u017eitie s PIR senzorom pohybu:<\/strong>\n<pre>                        \/\/ K\u00f3d pre detekciu pohybu pomocou PIR senzora\r\n                        int pirPin = 2;    \/\/ Pin, na ktorom je pripojen\u00fd PIR senzor\r\n                        \r\n                        void setup() {\r\n                            Serial.begin(9600);\r\n                            pinMode(pirPin, INPUT);\r\n                        }\r\n                        \r\n                        void loop(){\r\n                            if(digitalRead(pirPin) == HIGH){\r\n                                Serial.println(\"Pohyb detekovan\u00fd!\");\r\n                                delay(1000); \/\/ Zabezpe\u010duje, aby sa detekcia neopakovala pr\u00edli\u0161 \u010dasto\r\n                            }\r\n                        }\r\n<\/pre>\n<\/li>\n<li><strong>Pou\u017eitie ako textov\u00fd vstup:<\/strong>\n<pre>                        \/\/ K\u00f3d pre prij\u00edmanie textu cez s\u00e9riov\u00fd port\r\n                        void setup() {\r\n                            Serial.begin(9600);\r\n                        }\r\n                        \r\n                        void loop() {\r\n                            if (Serial.available() &gt; 0) {\r\n                                String input = Serial.readStringUntil('\\n');\r\n                                Serial.print(\"Prijat\u00fd text: \");\r\n                                Serial.println(input);\r\n                            }\r\n                        }\r\n<\/pre>\n<\/li>\n<\/ul>\n<\/td>\n<\/tr>\n<\/tbody>\n<\/table>\n<p><button>Kop\u00edrova\u0165 k\u00f3d<\/button><\/p>\n<p>&nbsp;<\/p>\n<p>&nbsp;<\/p>\n<p>&nbsp;<\/p>\n<p>&nbsp;<\/p>\n<p>&nbsp;<\/p>\n<p>&nbsp;<\/p>\n<p>&nbsp;<\/p>\n<p>&nbsp;<\/p>\n<p>&nbsp;<\/p>\n<p>&nbsp;<\/p>\n<p>&nbsp;<\/p>\n<p>&nbsp;<\/p>\n<p>&nbsp;<\/p>\n<p>&nbsp;<\/p>\n<p>&nbsp;<\/p>\n<p>&nbsp;<\/p>\n<h2>Vzdialen\u00fd bezdr\u00f4tov\u00fd modul ESP8266 Stabiln\u00e1 WIFI k modulu UART Vzdialen\u00fd s\u00e9riov\u00fd port WIFI<\/h2>\n<h2>ESP-01<\/h2>\n<p>ESP8266 pon\u00faka kompletn\u00e9 a samostatn\u00e9 Wi-Fi sie\u0165ov\u00e9 rie\u0161enie, ktor\u00e9 mu umo\u017e\u0148uje bu\u010f hos\u0165ova\u0165 aplik\u00e1ciu, alebo stiahnu\u0165 v\u0161etky funkcie Wi-Fi siete z in\u00e9ho aplika\u010dn\u00e9ho procesora.<\/p>\n<p>Ke\u010f je ESP8266 hostite\u013eom aplik\u00e1cie a ke\u010f je to jedin\u00fd aplika\u010dn\u00fd procesor v zariaden\u00ed, m\u00f4\u017ee sa spusti\u0165 priamo z extern\u00e9ho flash disku. M\u00e1 integrovan\u00fa vyrovn\u00e1vaciu pam\u00e4\u0165 na zlep\u0161enie v\u00fdkonu syst\u00e9mu v tak\u00fdchto aplik\u00e1ci\u00e1ch a na minimaliz\u00e1ciu po\u017eiadaviek na pam\u00e4\u0165.<\/p>\n<p>Alternat\u00edvne, sl\u00fa\u017eiace ako Wi-Fi adapt\u00e9r, bezdr\u00f4tov\u00fd pr\u00edstup k internetu m\u00f4\u017ee by\u0165 pridan\u00fd k ak\u00e9muko\u013evek dizajnu zalo\u017een\u00e9mu na mikrokontrol\u00e9ri s jednoduch\u00fdm pripojen\u00edm cez rozhranie UART alebo rozhranie CPU AHB bridge.<\/p>\n<p>Zabudovan\u00e9 mo\u017enosti spracovania a ukladania ESP8266 umo\u017e\u0148uj\u00fa jeho integr\u00e1ciu so senzormi a in\u00fdmi zariadeniami \u0161pecifick\u00fdmi pre aplik\u00e1ciu prostredn\u00edctvom GPIO s minim\u00e1lnym v\u00fdvojom vopred a minim\u00e1lnym za\u0165a\u017een\u00edm po\u010das prev\u00e1dzky. V\u010faka vysok\u00e9mu stup\u0148u integr\u00e1cie na \u010dipe, ktor\u00fd zah\u0155\u0148a prep\u00edna\u010d ant\u00e9ny, konvertory spr\u00e1vy nap\u00e1jania, vy\u017eaduje minim\u00e1lne extern\u00e9 obvody a cel\u00e9 rie\u0161enie vr\u00e1tane predn\u00e9ho modulu je navrhnut\u00e9 tak, aby zaberalo minim\u00e1lnu plochu PCB.<\/p>\n<p>Sofistikovan\u00e9 funkcie na \u00farovni syst\u00e9mu zah\u0155\u0148aj\u00fa r\u00fdchle prep\u00ednanie kontextu sp\u00e1nku\/prebudenia pre energeticky efekt\u00edvne VoIP, adapt\u00edvne r\u00e1diov\u00e9 ovplyvnenie pre prev\u00e1dzku s n\u00edzkou spotrebou energie, pokro\u010dil\u00e9 spracovanie sign\u00e1lu a funkcie potla\u010denia impulzov a r\u00e1diovej koexistencie pre be\u017en\u00e9 mobiln\u00e9 siete, Bluetooth, DDR, LVDS, Zmiernenie ru\u0161enia LCD.<\/p>\n<p>Tieto moduly obsahuj\u00fa 1 MB (8 Mbit) flash pam\u00e4te, \u010do je dvojn\u00e1sobok ve\u013ekosti star\u0161ieho modulu ESP-01 modrej farby<br \/>\nModul ESP8266 Serial \/ UART to WiFi je skvel\u00fd sp\u00f4sob, ako pripoji\u0165 va\u0161e Arduino alebo in\u00e9 projekty mikrokontrol\u00e9rov k WiFi sieti<br \/>\nVytvorte si svoj \u010fal\u0161\u00ed projekt internetu vec\u00ed (IOT) s cenovo dostupn\u00fdm sie\u0165ov\u00fdm pripojen\u00edm implement\u00e1ciou tohto modulu do svojho n\u00e1vrhu<br \/>\nModul m\u00e1 schopnos\u0165 be\u017ea\u0165 nez\u00e1visle od hostite\u013esk\u00e9ho radi\u010da<br \/>\nOsempinov\u00e1 hlavi\u010dka obsahuje dva GPIO kol\u00edky, ktor\u00e9 umo\u017e\u0148uj\u00fa priame pripojenie modulu k senzorom, perif\u00e9ri\u00e1m alebo hostite\u013esk\u00e9mu radi\u010du<br \/>\n<strong>Vlastnosti<\/strong><br \/>\nProtokol 802.11 b\/g\/n<br \/>\nWi-Fi Direct (P2P), soft AP<br \/>\nIntegrovan\u00fd z\u00e1sobn\u00edk TCP\/IP protokolov<br \/>\nIntegrovan\u00fd TR prep\u00edna\u010d, balun, LNA, v\u00fdkonov\u00fd zosil\u0148ova\u010d a prisp\u00f4soben\u00e1 sie\u0165<br \/>\nIntegrovan\u00e9 PLL, regul\u00e1tory a jednotky spr\u00e1vy nap\u00e1jania<br \/>\n+ 19,5 dBm v\u00fdstupn\u00fd v\u00fdkon v re\u017eime 802.11b<br \/>\nIntegrovan\u00fd sn\u00edma\u010d teploty<br \/>\nPodporuje ant\u00e9nnu diverzitu<br \/>\nVypnite zvodov\u00fd pr\u00fad &lt;10uA<br \/>\nAko aplika\u010dn\u00fd procesor je mo\u017en\u00e9 pou\u017ei\u0165 integrovan\u00fd n\u00edzkoenergetick\u00fd 32-bitov\u00fd CPU<br \/>\nSDIO 2.0, SPI, UART<br \/>\nSTBC, 1 \u00d7 1 MIMO, 2 \u00d7 1 MIMO<br \/>\nAgreg\u00e1cia A-MPDU &amp; A-MSDU &amp; ochrann\u00fd interval 0,4\uf06d<br \/>\nPrebudenie a prenos paketov za menej ako 2 ms<br \/>\nSpotreba energie v pohotovostnom re\u017eime &lt;1,0 mW (DTIM3)<br \/>\nElektronick\u00e9 charakteristiky<br \/>\n<strong>1. Aktu\u00e1lna spotreba<\/strong><\/p>\n<p>Nasleduj\u00faca spotreba pr\u00fadu je zalo\u017een\u00e1 na nap\u00e1jan\u00ed 3,3 V a okolitom 25 s pou\u017eit\u00edm intern\u00fdch regul\u00e1torov. Merania sa vykon\u00e1vaj\u00fa na ant\u00e9nnom porte bez SAW filtra. V\u0161etky merania vysiela\u010da s\u00fa zalo\u017een\u00e9 na 90% pracovnom cykle, re\u017eime nepretr\u017eit\u00e9ho vysielania.<\/p>\n<p>Re\u017eim Min Typ Max Jednotka<br \/>\nPrenos 802.11b, CCK 1 Mbps, POUT = + 19,5 dBm 215 mA<br \/>\nPrenos 802.11b, CCK 11 Mbps, POUT = + 18,5 dBm 197 mA<br \/>\nPrenos 802.11g, OFDM 54Mbps, POUT = + 16dBm 145 mA<br \/>\nPrenos 802.11n, MCS7, POUT = + 14dBm 135 mA<br \/>\nPr\u00edjem 802.11b, d\u013a\u017eka paketu = 1024 bajtov, -80dBm 60 mA<br \/>\nPr\u00edjem 802.11g, d\u013a\u017eka paketu = 1024 bajtov, -70dBm 60 mA<br \/>\nPr\u00edjem 802.11n, d\u013a\u017eka paketu = 1024 bajtov, -65dBm 62 mA<br \/>\nPohotovostn\u00fd pr\u00fad 0,9 mA<br \/>\nHlbok\u00fd sp\u00e1nok 10 uA<br \/>\nRe\u017eim \u00faspory energie DTIM 1 1,2 mA<br \/>\nRe\u017eim \u00faspory energie DTIM 3 0,86 mA<br \/>\nCelkov\u00e9 vypnutie 0,5 uA<br \/>\n2.RF v\u00fdkon<\/p>\n<p>Nasleduj\u00face s\u00fa meran\u00e9 pri izbovej teplote s nap\u00e1jan\u00edm 3,3 V a 1,1 V.<\/p>\n<p>Popis Min Typick\u00e1 Max Jednotka<br \/>\nVstupn\u00e1 frekvencia 2412 2484 MHz<br \/>\nVstupn\u00e1 impedancia 50 \u03a9<br \/>\nVstupn\u00fd odraz -10 dB<br \/>\nV\u00fdstupn\u00fd v\u00fdkon PA pre 72,2 Mbps 14 15 16 dBm<br \/>\nV\u00fdstupn\u00fd v\u00fdkon PA pre re\u017eim 11b 17,5 18,5 19,5 dBm<br \/>\nCitlivos\u0165<br \/>\nCCK, 1Mbps -98 dBm<br \/>\nCCK, 11 Mbps -91 dBm<br \/>\n6Mbps (1\/2 BPSK) -93 dBm<br \/>\n54 Mbps (3\/4 64-QAM) -75 dBm<br \/>\nHT20, MCS7 (65 Mbps, 72,2 Mbps) -71 dBm<br \/>\nrozmer<\/p>\n","protected":false},"excerpt":{"rendered":"<p>&nbsp; &nbsp; esphome: name: remote_esp8266 platform: ESP8266 board: nodemcuv2 wifi: ssid: &#8220;nazov_wifi_siete&#8221; password: &#8220;heslo_wifi_siete&#8221; logger: ota: web_server: api: wifi_signal_sensor: name:&hellip;<\/p>\n","protected":false},"featured_media":592,"template":"","meta":{"_monsterinsights_skip_tracking":false,"_monsterinsights_sitenote_active":false,"_monsterinsights_sitenote_note":"","_monsterinsights_sitenote_category":0},"product_cat":[16,33,29],"product_tag":[],"class_list":{"0":"post-591","1":"product","2":"type-product","3":"status-publish","4":"has-post-thumbnail","6":"product_cat-ard","7":"product_cat-wifi","8":"product_cat-wireless-transmission","10":"first","11":"instock","12":"sale","13":"shipping-taxable","14":"purchasable","15":"product-type-simple"},"yoast_head":"<!-- This site is optimized with the Yoast SEO plugin v23.6 - https:\/\/yoast.com\/wordpress\/plugins\/seo\/ -->\n<title>Remote ESP8266 Wireless Module Stable WIFI to UART Module Remote Serial Port WIFI - Arduino e-shop<\/title>\n<meta name=\"robots\" content=\"index, follow, max-snippet:-1, max-image-preview:large, max-video-preview:-1\" \/>\n<link rel=\"canonical\" href=\"https:\/\/www.onetimenexttime.sk\/arduino\/index.php\/produkt\/remote-esp8266-wireless-module-stable-wifi-to-uart-module-remote-serial-port-wifi\/\" \/>\n<meta property=\"og:locale\" content=\"sk_SK\" \/>\n<meta property=\"og:type\" content=\"article\" \/>\n<meta property=\"og:title\" content=\"Remote ESP8266 Wireless Module Stable WIFI to UART Module Remote Serial Port WIFI - Arduino e-shop\" \/>\n<meta property=\"og:description\" content=\"&nbsp; &nbsp; esphome: name: remote_esp8266 platform: ESP8266 board: nodemcuv2 wifi: ssid: &quot;nazov_wifi_siete&quot; password: &quot;heslo_wifi_siete&quot; logger: ota: web_server: api: wifi_signal_sensor: name:&hellip;\" \/>\n<meta property=\"og:url\" content=\"https:\/\/www.onetimenexttime.sk\/arduino\/index.php\/produkt\/remote-esp8266-wireless-module-stable-wifi-to-uart-module-remote-serial-port-wifi\/\" \/>\n<meta property=\"og:site_name\" content=\"Arduino e-shop\" \/>\n<meta property=\"article:modified_time\" content=\"2024-02-22T17:36:33+00:00\" \/>\n<meta property=\"og:image\" content=\"https:\/\/www.onetimenexttime.sk\/arduino\/wp-content\/uploads\/2021\/10\/106.jpg\" \/>\n\t<meta property=\"og:image:width\" content=\"502\" \/>\n\t<meta property=\"og:image:height\" content=\"504\" \/>\n\t<meta property=\"og:image:type\" content=\"image\/jpeg\" \/>\n<meta name=\"twitter:card\" content=\"summary_large_image\" \/>\n<meta name=\"twitter:label1\" content=\"Predpokladan\u00fd \u010das \u010d\u00edtania\" \/>\n\t<meta name=\"twitter:data1\" content=\"3 min\u00faty\" \/>\n<script type=\"application\/ld+json\" class=\"yoast-schema-graph\">{\"@context\":\"https:\/\/schema.org\",\"@graph\":[{\"@type\":\"WebPage\",\"@id\":\"https:\/\/www.onetimenexttime.sk\/arduino\/index.php\/produkt\/remote-esp8266-wireless-module-stable-wifi-to-uart-module-remote-serial-port-wifi\/\",\"url\":\"https:\/\/www.onetimenexttime.sk\/arduino\/index.php\/produkt\/remote-esp8266-wireless-module-stable-wifi-to-uart-module-remote-serial-port-wifi\/\",\"name\":\"Remote ESP8266 Wireless Module Stable WIFI to UART Module Remote Serial Port WIFI - Arduino e-shop\",\"isPartOf\":{\"@id\":\"https:\/\/www.onetimenexttime.sk\/arduino\/#website\"},\"primaryImageOfPage\":{\"@id\":\"https:\/\/www.onetimenexttime.sk\/arduino\/index.php\/produkt\/remote-esp8266-wireless-module-stable-wifi-to-uart-module-remote-serial-port-wifi\/#primaryimage\"},\"image\":{\"@id\":\"https:\/\/www.onetimenexttime.sk\/arduino\/index.php\/produkt\/remote-esp8266-wireless-module-stable-wifi-to-uart-module-remote-serial-port-wifi\/#primaryimage\"},\"thumbnailUrl\":\"https:\/\/www.onetimenexttime.sk\/arduino\/wp-content\/uploads\/2021\/10\/106.jpg\",\"datePublished\":\"2021-10-29T11:00:10+00:00\",\"dateModified\":\"2024-02-22T17:36:33+00:00\",\"breadcrumb\":{\"@id\":\"https:\/\/www.onetimenexttime.sk\/arduino\/index.php\/produkt\/remote-esp8266-wireless-module-stable-wifi-to-uart-module-remote-serial-port-wifi\/#breadcrumb\"},\"inLanguage\":\"sk-SK\",\"potentialAction\":[{\"@type\":\"ReadAction\",\"target\":[\"https:\/\/www.onetimenexttime.sk\/arduino\/index.php\/produkt\/remote-esp8266-wireless-module-stable-wifi-to-uart-module-remote-serial-port-wifi\/\"]}]},{\"@type\":\"ImageObject\",\"inLanguage\":\"sk-SK\",\"@id\":\"https:\/\/www.onetimenexttime.sk\/arduino\/index.php\/produkt\/remote-esp8266-wireless-module-stable-wifi-to-uart-module-remote-serial-port-wifi\/#primaryimage\",\"url\":\"https:\/\/www.onetimenexttime.sk\/arduino\/wp-content\/uploads\/2021\/10\/106.jpg\",\"contentUrl\":\"https:\/\/www.onetimenexttime.sk\/arduino\/wp-content\/uploads\/2021\/10\/106.jpg\",\"width\":502,\"height\":504},{\"@type\":\"BreadcrumbList\",\"@id\":\"https:\/\/www.onetimenexttime.sk\/arduino\/index.php\/produkt\/remote-esp8266-wireless-module-stable-wifi-to-uart-module-remote-serial-port-wifi\/#breadcrumb\",\"itemListElement\":[{\"@type\":\"ListItem\",\"position\":1,\"name\":\"Domov\",\"item\":\"https:\/\/www.onetimenexttime.sk\/arduino\/\"},{\"@type\":\"ListItem\",\"position\":2,\"name\":\"Obchod\",\"item\":\"https:\/\/www.onetimenexttime.sk\/arduino\/\"},{\"@type\":\"ListItem\",\"position\":3,\"name\":\"Remote ESP8266 Wireless Module Stable WIFI to UART Module Remote Serial Port WIFI\"}]},{\"@type\":\"WebSite\",\"@id\":\"https:\/\/www.onetimenexttime.sk\/arduino\/#website\",\"url\":\"https:\/\/www.onetimenexttime.sk\/arduino\/\",\"name\":\"Arduino e-shop\",\"description\":\"Home Assistant\",\"potentialAction\":[{\"@type\":\"SearchAction\",\"target\":{\"@type\":\"EntryPoint\",\"urlTemplate\":\"https:\/\/www.onetimenexttime.sk\/arduino\/?s={search_term_string}\"},\"query-input\":{\"@type\":\"PropertyValueSpecification\",\"valueRequired\":true,\"valueName\":\"search_term_string\"}}],\"inLanguage\":\"sk-SK\"}]}<\/script>\n<!-- \/ Yoast SEO plugin. -->","yoast_head_json":{"title":"Remote ESP8266 Wireless Module Stable WIFI to UART Module Remote Serial Port WIFI - Arduino e-shop","robots":{"index":"index","follow":"follow","max-snippet":"max-snippet:-1","max-image-preview":"max-image-preview:large","max-video-preview":"max-video-preview:-1"},"canonical":"https:\/\/www.onetimenexttime.sk\/arduino\/index.php\/produkt\/remote-esp8266-wireless-module-stable-wifi-to-uart-module-remote-serial-port-wifi\/","og_locale":"sk_SK","og_type":"article","og_title":"Remote ESP8266 Wireless Module Stable WIFI to UART Module Remote Serial Port WIFI - Arduino e-shop","og_description":"&nbsp; &nbsp; esphome: name: remote_esp8266 platform: ESP8266 board: nodemcuv2 wifi: ssid: \"nazov_wifi_siete\" password: \"heslo_wifi_siete\" logger: ota: web_server: api: wifi_signal_sensor: name:&hellip;","og_url":"https:\/\/www.onetimenexttime.sk\/arduino\/index.php\/produkt\/remote-esp8266-wireless-module-stable-wifi-to-uart-module-remote-serial-port-wifi\/","og_site_name":"Arduino e-shop","article_modified_time":"2024-02-22T17:36:33+00:00","og_image":[{"width":502,"height":504,"url":"https:\/\/www.onetimenexttime.sk\/arduino\/wp-content\/uploads\/2021\/10\/106.jpg","type":"image\/jpeg"}],"twitter_card":"summary_large_image","twitter_misc":{"Predpokladan\u00fd \u010das \u010d\u00edtania":"3 min\u00faty"},"schema":{"@context":"https:\/\/schema.org","@graph":[{"@type":"WebPage","@id":"https:\/\/www.onetimenexttime.sk\/arduino\/index.php\/produkt\/remote-esp8266-wireless-module-stable-wifi-to-uart-module-remote-serial-port-wifi\/","url":"https:\/\/www.onetimenexttime.sk\/arduino\/index.php\/produkt\/remote-esp8266-wireless-module-stable-wifi-to-uart-module-remote-serial-port-wifi\/","name":"Remote ESP8266 Wireless Module Stable WIFI to UART Module Remote Serial Port WIFI - Arduino e-shop","isPartOf":{"@id":"https:\/\/www.onetimenexttime.sk\/arduino\/#website"},"primaryImageOfPage":{"@id":"https:\/\/www.onetimenexttime.sk\/arduino\/index.php\/produkt\/remote-esp8266-wireless-module-stable-wifi-to-uart-module-remote-serial-port-wifi\/#primaryimage"},"image":{"@id":"https:\/\/www.onetimenexttime.sk\/arduino\/index.php\/produkt\/remote-esp8266-wireless-module-stable-wifi-to-uart-module-remote-serial-port-wifi\/#primaryimage"},"thumbnailUrl":"https:\/\/www.onetimenexttime.sk\/arduino\/wp-content\/uploads\/2021\/10\/106.jpg","datePublished":"2021-10-29T11:00:10+00:00","dateModified":"2024-02-22T17:36:33+00:00","breadcrumb":{"@id":"https:\/\/www.onetimenexttime.sk\/arduino\/index.php\/produkt\/remote-esp8266-wireless-module-stable-wifi-to-uart-module-remote-serial-port-wifi\/#breadcrumb"},"inLanguage":"sk-SK","potentialAction":[{"@type":"ReadAction","target":["https:\/\/www.onetimenexttime.sk\/arduino\/index.php\/produkt\/remote-esp8266-wireless-module-stable-wifi-to-uart-module-remote-serial-port-wifi\/"]}]},{"@type":"ImageObject","inLanguage":"sk-SK","@id":"https:\/\/www.onetimenexttime.sk\/arduino\/index.php\/produkt\/remote-esp8266-wireless-module-stable-wifi-to-uart-module-remote-serial-port-wifi\/#primaryimage","url":"https:\/\/www.onetimenexttime.sk\/arduino\/wp-content\/uploads\/2021\/10\/106.jpg","contentUrl":"https:\/\/www.onetimenexttime.sk\/arduino\/wp-content\/uploads\/2021\/10\/106.jpg","width":502,"height":504},{"@type":"BreadcrumbList","@id":"https:\/\/www.onetimenexttime.sk\/arduino\/index.php\/produkt\/remote-esp8266-wireless-module-stable-wifi-to-uart-module-remote-serial-port-wifi\/#breadcrumb","itemListElement":[{"@type":"ListItem","position":1,"name":"Domov","item":"https:\/\/www.onetimenexttime.sk\/arduino\/"},{"@type":"ListItem","position":2,"name":"Obchod","item":"https:\/\/www.onetimenexttime.sk\/arduino\/"},{"@type":"ListItem","position":3,"name":"Remote ESP8266 Wireless Module Stable WIFI to UART Module Remote Serial Port WIFI"}]},{"@type":"WebSite","@id":"https:\/\/www.onetimenexttime.sk\/arduino\/#website","url":"https:\/\/www.onetimenexttime.sk\/arduino\/","name":"Arduino e-shop","description":"Home Assistant","potentialAction":[{"@type":"SearchAction","target":{"@type":"EntryPoint","urlTemplate":"https:\/\/www.onetimenexttime.sk\/arduino\/?s={search_term_string}"},"query-input":{"@type":"PropertyValueSpecification","valueRequired":true,"valueName":"search_term_string"}}],"inLanguage":"sk-SK"}]}},"_links":{"self":[{"href":"https:\/\/www.onetimenexttime.sk\/arduino\/index.php\/wp-json\/wp\/v2\/product\/591"}],"collection":[{"href":"https:\/\/www.onetimenexttime.sk\/arduino\/index.php\/wp-json\/wp\/v2\/product"}],"about":[{"href":"https:\/\/www.onetimenexttime.sk\/arduino\/index.php\/wp-json\/wp\/v2\/types\/product"}],"wp:featuredmedia":[{"embeddable":true,"href":"https:\/\/www.onetimenexttime.sk\/arduino\/index.php\/wp-json\/wp\/v2\/media\/592"}],"wp:attachment":[{"href":"https:\/\/www.onetimenexttime.sk\/arduino\/index.php\/wp-json\/wp\/v2\/media?parent=591"}],"wp:term":[{"taxonomy":"product_cat","embeddable":true,"href":"https:\/\/www.onetimenexttime.sk\/arduino\/index.php\/wp-json\/wp\/v2\/product_cat?post=591"},{"taxonomy":"product_tag","embeddable":true,"href":"https:\/\/www.onetimenexttime.sk\/arduino\/index.php\/wp-json\/wp\/v2\/product_tag?post=591"}],"curies":[{"name":"wp","href":"https:\/\/api.w.org\/{rel}","templated":true}]}}