{"id":589,"date":"2021-10-29T12:54:11","date_gmt":"2021-10-29T10:54:11","guid":{"rendered":"https:\/\/www.onetimenexttime.sk\/arduino\/?post_type=product&#038;p=589"},"modified":"2021-10-29T12:58:01","modified_gmt":"2021-10-29T10:58:01","slug":"433mhz-ask-rf-module-kit-rf-transmitter-stx882-rf-receiver-srx8822-pcs-nickel-plated-spring-antenna-2","status":"publish","type":"product","link":"https:\/\/www.onetimenexttime.sk\/arduino\/index.php\/produkt\/433mhz-ask-rf-module-kit-rf-transmitter-stx882-rf-receiver-srx8822-pcs-nickel-plated-spring-antenna-2\/","title":{"rendered":"433MHz ASK RF Module kit (RF transmitter STX882+ RF receiver SRX882)+2 pcs nickel-plated spring antenna"},"content":{"rendered":"<h2>433MHz ASK RF Module kit (RF vysiela\u010d STX882 + RF prij\u00edma\u010d SRX882) + 2 ks poniklovan\u00e1 pru\u017einov\u00e1 ant\u00e9na<\/h2>\n<p>Sada 33MHz ASK RF modulu s dopravou zadarmo (RF vysiela\u010d STX882 + RF prij\u00edma\u010d SRX882 + 2ks poniklovan\u00fdch pru\u017einov\u00fdch ant\u00e9n)<\/p>\n<p>Zoznam<\/p>\n<p>1ks vysiela\u010d STX882-433MHz ASK<br \/>\n1ks SRX882-433MHz ASK prij\u00edma\u010d<br \/>\n2ks SW433-TH32DN &#8211; 433MHz ant\u00e9ny<br \/>\nAk potrebujete frekvenciu 315 MHz, zanechajte n\u00e1m pri zad\u00e1van\u00ed objedn\u00e1vky mas\u00e1\u017e na potvrdenie, inak v\u00e1m po\u0161leme na\u0161u predvolen\u00fa frekvenciu 433 MHz<\/p>\n<p>Popis produktu<\/p>\n<p>SRX882 je super heterodynov\u00fd modul prij\u00edma\u010da so silnou hnacou silou. M\u00f4\u017ee podporova\u0165 n\u00e1\u0161 vysielac\u00ed modul STX882 \/ STX888. M\u00e1 vysok\u00fa stabilitu, odolnos\u0165 proti ru\u0161eniu a vysok\u00fa n\u00e1kladov\u00fa efekt\u00edvnos\u0165, m\u00e1 tie\u017e siln\u00fa hnaciu silu, certifikovan\u00fa ROHS, FCC, CE, modul je mo\u017en\u00e9 pripoji\u0165 priamo k mikrokontrol\u00e9ru. Tak\u017ee je to pohodlnej\u0161ie pre pou\u017e\u00edvate\u013eov vyv\u00edjaj\u00facich bezdr\u00f4tov\u00e9 produkty.<\/p>\n<p>SRX882-2<\/p>\n<p>Vlastnosti:<\/p>\n<p>Frekven\u010dn\u00fd rozsah: 433\/315 MHz<br \/>\nRe\u017eim modul\u00e1cie ASK \/ OOK<br \/>\nSuper anti-power ru\u0161enie<br \/>\nN\u00edzkoenergetick\u00fd sp\u00e1nok menej ako 1uA<br \/>\nN\u00edzke vlastn\u00e9 \u017eiarenie<br \/>\nMal\u00e1 ve\u013ekos\u0165<br \/>\nFrekven\u010dn\u00e1 stabilita a spo\u013eahlivos\u0165<br \/>\nR\u00f4zne medzin\u00e1rodn\u00e9 testovacie \u0161tandardy<\/p>\n<p>Aplik\u00e1cia:<\/p>\n<p>Dia\u013ekov\u00e9 dvere<br \/>\nBezdr\u00f4tov\u00fd bezpe\u010dnostn\u00fd alarm<br \/>\nBezdr\u00f4tov\u00e9 priemyseln\u00e9 ovl\u00e1danie<br \/>\nBezdr\u00f4tov\u00fd prenos d\u00e1t<\/p>\n<p>\u0161pecifik\u00e1cia:<\/p>\n<p>SRX882 SPE<\/p>\n<p>Defin\u00edcia pinu:<\/p>\n<p>PIN SRX882<\/p>\n<p>Popis produktu<\/p>\n<p>Modul vysiela\u010da STX882 ASK:<br \/>\nSTX882 je lacn\u00fd modul vysiela\u010da ASK mal\u00fdch rozmerov s ultra vysok\u00fdm v\u00fdkonom a n\u00edzkou harmonickou. M\u00e1 vysok\u00fa stabilitu a vysok\u00fa cenu, pri v\u00fdkone 3,6V na dosiahnutie 50mW je v s\u00fa\u010dasnosti na trhu vysielac\u00ed modul ASK s rovnak\u00fdm nap\u00e4t\u00edm vysielacieho v\u00fdkonu. Modul je mo\u017en\u00e9 pripoji\u0165 priamo k mikrokontrol\u00e9ru. Tak\u017ee je to pohodlnej\u0161ie pre pou\u017e\u00edvate\u013eov vyv\u00edjaj\u00facich bezdr\u00f4tov\u00e9 produkty.<br \/>\nSTX882-1<\/p>\n<p>Vlastnosti:<br \/>\n* Frekven\u010dn\u00fd rozsah: 433\/315 MHz<br \/>\n* Re\u017eim modul\u00e1cie ASK<br \/>\n* Mal\u00fd objem n\u00edzkeho vlastn\u00e9ho \u017eiarenia<br \/>\n* Vysok\u00fd v\u00fdkon s dlh\u00fdm dosahom<br \/>\n* Stabilita frekvencie<br \/>\n* R\u00f4zne medzin\u00e1rodn\u00e9 testovacie \u0161tandardy<\/p>\n<p>&nbsp;<\/p>\n<p>Aplik\u00e1cia:<br \/>\n* Dia\u013ekov\u00e9 dvere<br \/>\n* Bezdr\u00f4tov\u00fd bezpe\u010dnostn\u00fd alarm<br \/>\n* Bezdr\u00f4tov\u00e9 priemyseln\u00e9 ovl\u00e1danie<br \/>\n* Bezdr\u00f4tov\u00fd prenos d\u00e1t<\/p>\n<p>&#8212;&#8212;&#8212;&#8212;&#8212;&#8212;&#8212;&#8212;&#8212;&#8212;&#8212;&#8212;&#8212;&#8212;&#8212;&#8212;&#8211; &#8212;&#8212;&#8212;&#8212;&#8212;&#8212;&#8212;&#8212;&#8212;&#8212;&#8212;&#8212;&#8212;&#8212;&#8212;&#8212;&#8211; &#8212;&#8212;&#8212;&#8212;&#8212;&#8212;&#8212;&#8212;&#8212;&#8212;&#8212;&#8212;&#8212;&#8212;&#8212;&#8212;&#8211; &#8212;&#8212;&#8212;&#8212;-<\/p>\n<p>D\u00f4razne odpor\u00fa\u010dame objedna\u0165 ASK DEMO Kit pri k\u00fape STX882 \/ SRX882 RF modulu, ASK DEMO Kit obsahuje s\u00fapravu vysiela\u010da a prij\u00edma\u010da, u\u017e\u00edvate\u013e m\u00f4\u017ee pou\u017ei\u0165 ASK DEMO Kit na vyhodnotenie v\u00fdkonu RF modulu. Je \u013eahko pou\u017eite\u013en\u00fd a u\u017eito\u010dn\u00fd najm\u00e4 pri testovan\u00ed v ter\u00e9ne.<\/p>\n<p>S\u00faprava vysiela\u010da je pre STX882.<\/p>\n<p>S\u00faprava prij\u00edma\u010da m\u00e1 2 verzie, jednu pre SRX882, druh\u00fa pre SRX887.<\/p>\n<p>&nbsp;<\/p>\n<p>Prev\u00e1dzkov\u00e9 kroky<\/p>\n<p>1) Zapnite<\/p>\n<p>2) Vyberte k\u00f3dova\u010d a dekod\u00e9r (vysiela\u010d aj prij\u00edma\u010d by mali by\u0165 rovnak\u00e9)<\/p>\n<p>3) Spustite Tx a Rx stla\u010den\u00edm kl\u00e1vesu alebo odo\u0161lite automaticky<\/p>\n","protected":false},"excerpt":{"rendered":"<p>433MHz ASK RF Module kit (RF vysiela\u010d STX882 + RF prij\u00edma\u010d SRX882) + 2 ks poniklovan\u00e1 pru\u017einov\u00e1 ant\u00e9na Sada 33MHz&hellip;<\/p>\n","protected":false},"featured_media":590,"template":"","meta":{"_monsterinsights_skip_tracking":false,"_monsterinsights_sitenote_active":false,"_monsterinsights_sitenote_note":"","_monsterinsights_sitenote_category":0},"product_cat":[16,34,29],"product_tag":[],"class_list":{"0":"post-589","1":"product","2":"type-product","3":"status-publish","4":"has-post-thumbnail","6":"product_cat-ard","7":"product_cat-rf","8":"product_cat-wireless-transmission","10":"first","11":"instock","12":"sale","13":"shipping-taxable","14":"purchasable","15":"product-type-simple"},"yoast_head":"<!-- This site is optimized with the Yoast SEO plugin v23.6 - https:\/\/yoast.com\/wordpress\/plugins\/seo\/ -->\n<title>433MHz ASK RF Module kit (RF transmitter STX882+ RF receiver SRX882)+2 pcs nickel-plated spring antenna - Arduino e-shop<\/title>\n<meta name=\"robots\" content=\"index, follow, max-snippet:-1, max-image-preview:large, max-video-preview:-1\" \/>\n<link rel=\"canonical\" href=\"https:\/\/www.onetimenexttime.sk\/arduino\/index.php\/produkt\/433mhz-ask-rf-module-kit-rf-transmitter-stx882-rf-receiver-srx8822-pcs-nickel-plated-spring-antenna-2\/\" \/>\n<meta property=\"og:locale\" content=\"sk_SK\" \/>\n<meta property=\"og:type\" content=\"article\" \/>\n<meta property=\"og:title\" content=\"433MHz ASK RF Module kit (RF transmitter STX882+ RF receiver SRX882)+2 pcs nickel-plated spring antenna - Arduino e-shop\" \/>\n<meta property=\"og:description\" content=\"433MHz ASK RF Module kit (RF vysiela\u010d STX882 + RF prij\u00edma\u010d SRX882) + 2 ks poniklovan\u00e1 pru\u017einov\u00e1 ant\u00e9na Sada 33MHz&hellip;\" \/>\n<meta property=\"og:url\" content=\"https:\/\/www.onetimenexttime.sk\/arduino\/index.php\/produkt\/433mhz-ask-rf-module-kit-rf-transmitter-stx882-rf-receiver-srx8822-pcs-nickel-plated-spring-antenna-2\/\" \/>\n<meta property=\"og:site_name\" content=\"Arduino e-shop\" \/>\n<meta property=\"article:modified_time\" content=\"2021-10-29T10:58:01+00:00\" \/>\n<meta property=\"og:image\" content=\"https:\/\/www.onetimenexttime.sk\/arduino\/wp-content\/uploads\/2021\/10\/147.jpg\" \/>\n\t<meta property=\"og:image:width\" content=\"480\" \/>\n\t<meta property=\"og:image:height\" content=\"480\" \/>\n\t<meta property=\"og:image:type\" content=\"image\/jpeg\" \/>\n<meta name=\"twitter:card\" content=\"summary_large_image\" \/>\n<meta name=\"twitter:label1\" content=\"Predpokladan\u00fd \u010das \u010d\u00edtania\" \/>\n\t<meta name=\"twitter:data1\" content=\"2 min\u00faty\" \/>\n<script type=\"application\/ld+json\" class=\"yoast-schema-graph\">{\"@context\":\"https:\/\/schema.org\",\"@graph\":[{\"@type\":\"WebPage\",\"@id\":\"https:\/\/www.onetimenexttime.sk\/arduino\/index.php\/produkt\/433mhz-ask-rf-module-kit-rf-transmitter-stx882-rf-receiver-srx8822-pcs-nickel-plated-spring-antenna-2\/\",\"url\":\"https:\/\/www.onetimenexttime.sk\/arduino\/index.php\/produkt\/433mhz-ask-rf-module-kit-rf-transmitter-stx882-rf-receiver-srx8822-pcs-nickel-plated-spring-antenna-2\/\",\"name\":\"433MHz ASK RF Module kit (RF transmitter STX882+ RF receiver SRX882)+2 pcs nickel-plated spring antenna - Arduino e-shop\",\"isPartOf\":{\"@id\":\"https:\/\/www.onetimenexttime.sk\/arduino\/#website\"},\"primaryImageOfPage\":{\"@id\":\"https:\/\/www.onetimenexttime.sk\/arduino\/index.php\/produkt\/433mhz-ask-rf-module-kit-rf-transmitter-stx882-rf-receiver-srx8822-pcs-nickel-plated-spring-antenna-2\/#primaryimage\"},\"image\":{\"@id\":\"https:\/\/www.onetimenexttime.sk\/arduino\/index.php\/produkt\/433mhz-ask-rf-module-kit-rf-transmitter-stx882-rf-receiver-srx8822-pcs-nickel-plated-spring-antenna-2\/#primaryimage\"},\"thumbnailUrl\":\"https:\/\/www.onetimenexttime.sk\/arduino\/wp-content\/uploads\/2021\/10\/147.jpg\",\"datePublished\":\"2021-10-29T10:54:11+00:00\",\"dateModified\":\"2021-10-29T10:58:01+00:00\",\"breadcrumb\":{\"@id\":\"https:\/\/www.onetimenexttime.sk\/arduino\/index.php\/produkt\/433mhz-ask-rf-module-kit-rf-transmitter-stx882-rf-receiver-srx8822-pcs-nickel-plated-spring-antenna-2\/#breadcrumb\"},\"inLanguage\":\"sk-SK\",\"potentialAction\":[{\"@type\":\"ReadAction\",\"target\":[\"https:\/\/www.onetimenexttime.sk\/arduino\/index.php\/produkt\/433mhz-ask-rf-module-kit-rf-transmitter-stx882-rf-receiver-srx8822-pcs-nickel-plated-spring-antenna-2\/\"]}]},{\"@type\":\"ImageObject\",\"inLanguage\":\"sk-SK\",\"@id\":\"https:\/\/www.onetimenexttime.sk\/arduino\/index.php\/produkt\/433mhz-ask-rf-module-kit-rf-transmitter-stx882-rf-receiver-srx8822-pcs-nickel-plated-spring-antenna-2\/#primaryimage\",\"url\":\"https:\/\/www.onetimenexttime.sk\/arduino\/wp-content\/uploads\/2021\/10\/147.jpg\",\"contentUrl\":\"https:\/\/www.onetimenexttime.sk\/arduino\/wp-content\/uploads\/2021\/10\/147.jpg\",\"width\":480,\"height\":480},{\"@type\":\"BreadcrumbList\",\"@id\":\"https:\/\/www.onetimenexttime.sk\/arduino\/index.php\/produkt\/433mhz-ask-rf-module-kit-rf-transmitter-stx882-rf-receiver-srx8822-pcs-nickel-plated-spring-antenna-2\/#breadcrumb\",\"itemListElement\":[{\"@type\":\"ListItem\",\"position\":1,\"name\":\"Domov\",\"item\":\"https:\/\/www.onetimenexttime.sk\/arduino\/\"},{\"@type\":\"ListItem\",\"position\":2,\"name\":\"Obchod\",\"item\":\"https:\/\/www.onetimenexttime.sk\/arduino\/\"},{\"@type\":\"ListItem\",\"position\":3,\"name\":\"433MHz ASK RF Module kit (RF transmitter STX882+ RF receiver SRX882)+2 pcs nickel-plated spring antenna\"}]},{\"@type\":\"WebSite\",\"@id\":\"https:\/\/www.onetimenexttime.sk\/arduino\/#website\",\"url\":\"https:\/\/www.onetimenexttime.sk\/arduino\/\",\"name\":\"Arduino e-shop\",\"description\":\"Home Assistant\",\"potentialAction\":[{\"@type\":\"SearchAction\",\"target\":{\"@type\":\"EntryPoint\",\"urlTemplate\":\"https:\/\/www.onetimenexttime.sk\/arduino\/?s={search_term_string}\"},\"query-input\":{\"@type\":\"PropertyValueSpecification\",\"valueRequired\":true,\"valueName\":\"search_term_string\"}}],\"inLanguage\":\"sk-SK\"}]}<\/script>\n<!-- \/ Yoast SEO plugin. -->","yoast_head_json":{"title":"433MHz ASK RF Module kit (RF transmitter STX882+ RF receiver SRX882)+2 pcs nickel-plated spring antenna - Arduino e-shop","robots":{"index":"index","follow":"follow","max-snippet":"max-snippet:-1","max-image-preview":"max-image-preview:large","max-video-preview":"max-video-preview:-1"},"canonical":"https:\/\/www.onetimenexttime.sk\/arduino\/index.php\/produkt\/433mhz-ask-rf-module-kit-rf-transmitter-stx882-rf-receiver-srx8822-pcs-nickel-plated-spring-antenna-2\/","og_locale":"sk_SK","og_type":"article","og_title":"433MHz ASK RF Module kit (RF transmitter STX882+ RF receiver SRX882)+2 pcs nickel-plated spring antenna - Arduino e-shop","og_description":"433MHz ASK RF Module kit (RF vysiela\u010d STX882 + RF prij\u00edma\u010d SRX882) + 2 ks poniklovan\u00e1 pru\u017einov\u00e1 ant\u00e9na Sada 33MHz&hellip;","og_url":"https:\/\/www.onetimenexttime.sk\/arduino\/index.php\/produkt\/433mhz-ask-rf-module-kit-rf-transmitter-stx882-rf-receiver-srx8822-pcs-nickel-plated-spring-antenna-2\/","og_site_name":"Arduino e-shop","article_modified_time":"2021-10-29T10:58:01+00:00","og_image":[{"width":480,"height":480,"url":"https:\/\/www.onetimenexttime.sk\/arduino\/wp-content\/uploads\/2021\/10\/147.jpg","type":"image\/jpeg"}],"twitter_card":"summary_large_image","twitter_misc":{"Predpokladan\u00fd \u010das \u010d\u00edtania":"2 min\u00faty"},"schema":{"@context":"https:\/\/schema.org","@graph":[{"@type":"WebPage","@id":"https:\/\/www.onetimenexttime.sk\/arduino\/index.php\/produkt\/433mhz-ask-rf-module-kit-rf-transmitter-stx882-rf-receiver-srx8822-pcs-nickel-plated-spring-antenna-2\/","url":"https:\/\/www.onetimenexttime.sk\/arduino\/index.php\/produkt\/433mhz-ask-rf-module-kit-rf-transmitter-stx882-rf-receiver-srx8822-pcs-nickel-plated-spring-antenna-2\/","name":"433MHz ASK RF Module kit (RF transmitter STX882+ RF receiver SRX882)+2 pcs nickel-plated spring antenna - Arduino e-shop","isPartOf":{"@id":"https:\/\/www.onetimenexttime.sk\/arduino\/#website"},"primaryImageOfPage":{"@id":"https:\/\/www.onetimenexttime.sk\/arduino\/index.php\/produkt\/433mhz-ask-rf-module-kit-rf-transmitter-stx882-rf-receiver-srx8822-pcs-nickel-plated-spring-antenna-2\/#primaryimage"},"image":{"@id":"https:\/\/www.onetimenexttime.sk\/arduino\/index.php\/produkt\/433mhz-ask-rf-module-kit-rf-transmitter-stx882-rf-receiver-srx8822-pcs-nickel-plated-spring-antenna-2\/#primaryimage"},"thumbnailUrl":"https:\/\/www.onetimenexttime.sk\/arduino\/wp-content\/uploads\/2021\/10\/147.jpg","datePublished":"2021-10-29T10:54:11+00:00","dateModified":"2021-10-29T10:58:01+00:00","breadcrumb":{"@id":"https:\/\/www.onetimenexttime.sk\/arduino\/index.php\/produkt\/433mhz-ask-rf-module-kit-rf-transmitter-stx882-rf-receiver-srx8822-pcs-nickel-plated-spring-antenna-2\/#breadcrumb"},"inLanguage":"sk-SK","potentialAction":[{"@type":"ReadAction","target":["https:\/\/www.onetimenexttime.sk\/arduino\/index.php\/produkt\/433mhz-ask-rf-module-kit-rf-transmitter-stx882-rf-receiver-srx8822-pcs-nickel-plated-spring-antenna-2\/"]}]},{"@type":"ImageObject","inLanguage":"sk-SK","@id":"https:\/\/www.onetimenexttime.sk\/arduino\/index.php\/produkt\/433mhz-ask-rf-module-kit-rf-transmitter-stx882-rf-receiver-srx8822-pcs-nickel-plated-spring-antenna-2\/#primaryimage","url":"https:\/\/www.onetimenexttime.sk\/arduino\/wp-content\/uploads\/2021\/10\/147.jpg","contentUrl":"https:\/\/www.onetimenexttime.sk\/arduino\/wp-content\/uploads\/2021\/10\/147.jpg","width":480,"height":480},{"@type":"BreadcrumbList","@id":"https:\/\/www.onetimenexttime.sk\/arduino\/index.php\/produkt\/433mhz-ask-rf-module-kit-rf-transmitter-stx882-rf-receiver-srx8822-pcs-nickel-plated-spring-antenna-2\/#breadcrumb","itemListElement":[{"@type":"ListItem","position":1,"name":"Domov","item":"https:\/\/www.onetimenexttime.sk\/arduino\/"},{"@type":"ListItem","position":2,"name":"Obchod","item":"https:\/\/www.onetimenexttime.sk\/arduino\/"},{"@type":"ListItem","position":3,"name":"433MHz ASK RF Module kit (RF transmitter STX882+ RF receiver SRX882)+2 pcs nickel-plated spring antenna"}]},{"@type":"WebSite","@id":"https:\/\/www.onetimenexttime.sk\/arduino\/#website","url":"https:\/\/www.onetimenexttime.sk\/arduino\/","name":"Arduino e-shop","description":"Home Assistant","potentialAction":[{"@type":"SearchAction","target":{"@type":"EntryPoint","urlTemplate":"https:\/\/www.onetimenexttime.sk\/arduino\/?s={search_term_string}"},"query-input":{"@type":"PropertyValueSpecification","valueRequired":true,"valueName":"search_term_string"}}],"inLanguage":"sk-SK"}]}},"_links":{"self":[{"href":"https:\/\/www.onetimenexttime.sk\/arduino\/index.php\/wp-json\/wp\/v2\/product\/589"}],"collection":[{"href":"https:\/\/www.onetimenexttime.sk\/arduino\/index.php\/wp-json\/wp\/v2\/product"}],"about":[{"href":"https:\/\/www.onetimenexttime.sk\/arduino\/index.php\/wp-json\/wp\/v2\/types\/product"}],"wp:featuredmedia":[{"embeddable":true,"href":"https:\/\/www.onetimenexttime.sk\/arduino\/index.php\/wp-json\/wp\/v2\/media\/590"}],"wp:attachment":[{"href":"https:\/\/www.onetimenexttime.sk\/arduino\/index.php\/wp-json\/wp\/v2\/media?parent=589"}],"wp:term":[{"taxonomy":"product_cat","embeddable":true,"href":"https:\/\/www.onetimenexttime.sk\/arduino\/index.php\/wp-json\/wp\/v2\/product_cat?post=589"},{"taxonomy":"product_tag","embeddable":true,"href":"https:\/\/www.onetimenexttime.sk\/arduino\/index.php\/wp-json\/wp\/v2\/product_tag?post=589"}],"curies":[{"name":"wp","href":"https:\/\/api.w.org\/{rel}","templated":true}]}}