{"id":586,"date":"2021-10-29T12:51:29","date_gmt":"2021-10-29T10:51:29","guid":{"rendered":"https:\/\/www.onetimenexttime.sk\/arduino\/?post_type=product&#038;p=586"},"modified":"2021-10-29T12:53:54","modified_gmt":"2021-10-29T10:53:54","slug":"nrf905-wireless-module-ptr8000-wireless-transmission-433-486-915mhz-nf905s","status":"publish","type":"product","link":"https:\/\/www.onetimenexttime.sk\/arduino\/index.php\/produkt\/nrf905-wireless-module-ptr8000-wireless-transmission-433-486-915mhz-nf905s\/","title":{"rendered":"NRF905 Wireless Module PTR8000 Wireless Transmission 433\/486\/915MHz NF905S"},"content":{"rendered":"<h2>Bezdr\u00f4tov\u00fd modul NRF905 PTR8000 Bezdr\u00f4tov\u00fd prenos 433\/486 \/ 915 MHz NF905S<\/h2>\n<p>&nbsp;<\/p>\n<p>Bezdr\u00f4tov\u00fd modul NRF905 (PTR8000) Bezdr\u00f4tov\u00fd prenos 433\/486 \/ 915 MHz NF905SE<\/p>\n<p>Vlastnosti:<br \/>\nPracovn\u00e1 frekvencia trojp\u00e1smov\u00e9ho transceiveru pre medzin\u00e1rodn\u00e9 p\u00e1smo ISM 433\/868 \/ 915 MHz GMSK modul\u00e1cia, schopnos\u0165 proti ru\u0161eniu, najm\u00e4 pre priemyseln\u00e9 riadiace aplik\u00e1cie vyu\u017e\u00edvaj\u00face technol\u00f3giu frekven\u010dn\u00e9ho syntetiz\u00e1tora DSS + PLL, vynikaj\u00faca frekven\u010dn\u00e1 stabilita, vysok\u00e1 citlivos\u0165, na dosiahnutie &#8211; 100dBm n\u00edzka prev\u00e1dzkov\u00e9 nap\u00e4tie (2,7V), n\u00edzka spotreba energie, pohotovostn\u00fd re\u017eim iba 1uA maxim\u00e1lny vysielac\u00ed v\u00fdkon +10 dBm s viacer\u00fdmi kan\u00e1lmi (a\u017e viac ako 170) sp\u013a\u0148a po\u017eiadavky na zariadenia s n\u00edzkou spotrebou, najm\u00e4 pre potreby multi- kan\u00e1lov\u00e1 pr\u00e1ca pri zvl\u00e1\u0161tnych pr\u00edle\u017eitostiach, pracovn\u00e1 r\u00fdchlos\u0165 a\u017e 76,8 Kbps<br \/>\nVonkaj\u0161ie komponenty najmenej (10), z\u00e1kladn\u00e1 potreba ladenia. N\u00edzky vysielac\u00ed v\u00fdkon a vysok\u00e1 prij\u00edmacia citlivos\u0165 kon\u0161trukcie, pou\u017eitie licencie potrebn\u00e9 na uplatnenie na otvoren\u00e9 pou\u017eitie na vzdialenosti do 1000 m** a \u0161pecifick\u00e9 vyu\u017eitie prostredia a parametrov komponentov.<\/p>\n<p>Elektrick\u00e9 vlastnosti:<\/p>\n<p>Pracovn\u00e9 p\u00e1smo NRF905: 433\/868 \/ 915 MHz<br \/>\n\u010c\u00edslo kan\u00e1la: 170<br \/>\nFunkcia: vysiela\u010d \/ prij\u00edma\u010d<br \/>\nMet\u00f3da stabiliz\u00e1cie frekvencie: PLL<br \/>\nModula\u010dn\u00fd re\u017eim: FSK \/ GMSK<br \/>\nMaxim\u00e1lny v\u00fdstupn\u00fd v\u00fdkon: +10 dBm<br \/>\nCitlivos\u0165: -100dBm<br \/>\nMaxim\u00e1lna prev\u00e1dzkov\u00e1 r\u00fdchlos\u0165: 76,8 Kbit\/s<br \/>\nPracovn\u00e9 nap\u00e4tie: 2,7 &#8211; 3,3 V<br \/>\nOblasti pou\u017eitia:<\/p>\n<p>Monitorovanie vozidiel, dia\u013ekov\u00e9 ovl\u00e1danie, telemetria, mal\u00e1 bezdr\u00f4tov\u00e1 sie\u0165, bezdr\u00f4tov\u00e9 od\u010d\u00edtanie mera\u010dov, syst\u00e9my kontroly pr\u00edstupu, reziden\u010dn\u00e9 paging, priemyseln\u00e9 syst\u00e9my zberu d\u00e1t, bezdr\u00f4tov\u00e9 \u0161t\u00edtky, identifik\u00e1cia, bezkontaktn\u00e9 RF \u010dipov\u00e9 karty, mal\u00e9 bezdr\u00f4tov\u00e9 d\u00e1tov\u00e9 termin\u00e1ly, bezpe\u010dnos\u0165, po\u017eiarne syst\u00e9my, bezdr\u00f4tov\u00fd syst\u00e9m dia\u013ekov\u00e9ho ovl\u00e1dania, z\u00edskavanie biosign\u00e1lov, hydrologick\u00e9 a meteorologick\u00e9 monitorovanie, riadenie robotov, bezdr\u00f4tov\u00e1 d\u00e1tov\u00e1 komunik\u00e1cia 232, bezdr\u00f4tov\u00e1 d\u00e1tov\u00e1 komunik\u00e1cia 485\/422, digit\u00e1lny zvuk, digit\u00e1lny prenos obrazu.<\/p>\n","protected":false},"excerpt":{"rendered":"<p>Bezdr\u00f4tov\u00fd modul NRF905 PTR8000 Bezdr\u00f4tov\u00fd prenos 433\/486 \/ 915 MHz NF905S &nbsp; Bezdr\u00f4tov\u00fd modul NRF905 (PTR8000) Bezdr\u00f4tov\u00fd prenos 433\/486 \/&hellip;<\/p>\n","protected":false},"featured_media":588,"template":"","meta":{"_monsterinsights_skip_tracking":false,"_monsterinsights_sitenote_active":false,"_monsterinsights_sitenote_note":"","_monsterinsights_sitenote_category":0},"product_cat":[16,29],"product_tag":[],"class_list":{"0":"post-586","1":"product","2":"type-product","3":"status-publish","4":"has-post-thumbnail","6":"product_cat-ard","7":"product_cat-wireless-transmission","9":"first","10":"instock","11":"shipping-taxable","12":"purchasable","13":"product-type-simple"},"yoast_head":"<!-- This site is optimized with the Yoast SEO plugin v23.6 - https:\/\/yoast.com\/wordpress\/plugins\/seo\/ -->\n<title>NRF905 Wireless Module PTR8000 Wireless Transmission 433\/486\/915MHz NF905S - Arduino e-shop<\/title>\n<meta name=\"robots\" content=\"index, follow, max-snippet:-1, max-image-preview:large, max-video-preview:-1\" \/>\n<link rel=\"canonical\" href=\"https:\/\/www.onetimenexttime.sk\/arduino\/index.php\/produkt\/nrf905-wireless-module-ptr8000-wireless-transmission-433-486-915mhz-nf905s\/\" \/>\n<meta property=\"og:locale\" content=\"sk_SK\" \/>\n<meta property=\"og:type\" content=\"article\" \/>\n<meta property=\"og:title\" content=\"NRF905 Wireless Module PTR8000 Wireless Transmission 433\/486\/915MHz NF905S - Arduino e-shop\" \/>\n<meta property=\"og:description\" content=\"Bezdr\u00f4tov\u00fd modul NRF905 PTR8000 Bezdr\u00f4tov\u00fd prenos 433\/486 \/ 915 MHz NF905S &nbsp; Bezdr\u00f4tov\u00fd modul NRF905 (PTR8000) Bezdr\u00f4tov\u00fd prenos 433\/486 \/&hellip;\" \/>\n<meta property=\"og:url\" content=\"https:\/\/www.onetimenexttime.sk\/arduino\/index.php\/produkt\/nrf905-wireless-module-ptr8000-wireless-transmission-433-486-915mhz-nf905s\/\" \/>\n<meta property=\"og:site_name\" content=\"Arduino e-shop\" \/>\n<meta property=\"article:modified_time\" content=\"2021-10-29T10:53:54+00:00\" \/>\n<meta property=\"og:image\" content=\"https:\/\/www.onetimenexttime.sk\/arduino\/wp-content\/uploads\/2021\/10\/1464.jpg\" \/>\n\t<meta property=\"og:image:width\" content=\"502\" \/>\n\t<meta property=\"og:image:height\" content=\"504\" \/>\n\t<meta property=\"og:image:type\" content=\"image\/jpeg\" \/>\n<meta name=\"twitter:card\" content=\"summary_large_image\" \/>\n<meta name=\"twitter:label1\" content=\"Predpokladan\u00fd \u010das \u010d\u00edtania\" \/>\n\t<meta name=\"twitter:data1\" content=\"2 min\u00faty\" \/>\n<script type=\"application\/ld+json\" class=\"yoast-schema-graph\">{\"@context\":\"https:\/\/schema.org\",\"@graph\":[{\"@type\":\"WebPage\",\"@id\":\"https:\/\/www.onetimenexttime.sk\/arduino\/index.php\/produkt\/nrf905-wireless-module-ptr8000-wireless-transmission-433-486-915mhz-nf905s\/\",\"url\":\"https:\/\/www.onetimenexttime.sk\/arduino\/index.php\/produkt\/nrf905-wireless-module-ptr8000-wireless-transmission-433-486-915mhz-nf905s\/\",\"name\":\"NRF905 Wireless Module PTR8000 Wireless Transmission 433\/486\/915MHz NF905S - Arduino e-shop\",\"isPartOf\":{\"@id\":\"https:\/\/www.onetimenexttime.sk\/arduino\/#website\"},\"primaryImageOfPage\":{\"@id\":\"https:\/\/www.onetimenexttime.sk\/arduino\/index.php\/produkt\/nrf905-wireless-module-ptr8000-wireless-transmission-433-486-915mhz-nf905s\/#primaryimage\"},\"image\":{\"@id\":\"https:\/\/www.onetimenexttime.sk\/arduino\/index.php\/produkt\/nrf905-wireless-module-ptr8000-wireless-transmission-433-486-915mhz-nf905s\/#primaryimage\"},\"thumbnailUrl\":\"https:\/\/www.onetimenexttime.sk\/arduino\/wp-content\/uploads\/2021\/10\/1464.jpg\",\"datePublished\":\"2021-10-29T10:51:29+00:00\",\"dateModified\":\"2021-10-29T10:53:54+00:00\",\"breadcrumb\":{\"@id\":\"https:\/\/www.onetimenexttime.sk\/arduino\/index.php\/produkt\/nrf905-wireless-module-ptr8000-wireless-transmission-433-486-915mhz-nf905s\/#breadcrumb\"},\"inLanguage\":\"sk-SK\",\"potentialAction\":[{\"@type\":\"ReadAction\",\"target\":[\"https:\/\/www.onetimenexttime.sk\/arduino\/index.php\/produkt\/nrf905-wireless-module-ptr8000-wireless-transmission-433-486-915mhz-nf905s\/\"]}]},{\"@type\":\"ImageObject\",\"inLanguage\":\"sk-SK\",\"@id\":\"https:\/\/www.onetimenexttime.sk\/arduino\/index.php\/produkt\/nrf905-wireless-module-ptr8000-wireless-transmission-433-486-915mhz-nf905s\/#primaryimage\",\"url\":\"https:\/\/www.onetimenexttime.sk\/arduino\/wp-content\/uploads\/2021\/10\/1464.jpg\",\"contentUrl\":\"https:\/\/www.onetimenexttime.sk\/arduino\/wp-content\/uploads\/2021\/10\/1464.jpg\",\"width\":502,\"height\":504},{\"@type\":\"BreadcrumbList\",\"@id\":\"https:\/\/www.onetimenexttime.sk\/arduino\/index.php\/produkt\/nrf905-wireless-module-ptr8000-wireless-transmission-433-486-915mhz-nf905s\/#breadcrumb\",\"itemListElement\":[{\"@type\":\"ListItem\",\"position\":1,\"name\":\"Domov\",\"item\":\"https:\/\/www.onetimenexttime.sk\/arduino\/\"},{\"@type\":\"ListItem\",\"position\":2,\"name\":\"Obchod\",\"item\":\"https:\/\/www.onetimenexttime.sk\/arduino\/\"},{\"@type\":\"ListItem\",\"position\":3,\"name\":\"NRF905 Wireless Module PTR8000 Wireless Transmission 433\/486\/915MHz NF905S\"}]},{\"@type\":\"WebSite\",\"@id\":\"https:\/\/www.onetimenexttime.sk\/arduino\/#website\",\"url\":\"https:\/\/www.onetimenexttime.sk\/arduino\/\",\"name\":\"Arduino e-shop\",\"description\":\"Home Assistant\",\"potentialAction\":[{\"@type\":\"SearchAction\",\"target\":{\"@type\":\"EntryPoint\",\"urlTemplate\":\"https:\/\/www.onetimenexttime.sk\/arduino\/?s={search_term_string}\"},\"query-input\":{\"@type\":\"PropertyValueSpecification\",\"valueRequired\":true,\"valueName\":\"search_term_string\"}}],\"inLanguage\":\"sk-SK\"}]}<\/script>\n<!-- \/ Yoast SEO plugin. -->","yoast_head_json":{"title":"NRF905 Wireless Module PTR8000 Wireless Transmission 433\/486\/915MHz NF905S - Arduino e-shop","robots":{"index":"index","follow":"follow","max-snippet":"max-snippet:-1","max-image-preview":"max-image-preview:large","max-video-preview":"max-video-preview:-1"},"canonical":"https:\/\/www.onetimenexttime.sk\/arduino\/index.php\/produkt\/nrf905-wireless-module-ptr8000-wireless-transmission-433-486-915mhz-nf905s\/","og_locale":"sk_SK","og_type":"article","og_title":"NRF905 Wireless Module PTR8000 Wireless Transmission 433\/486\/915MHz NF905S - Arduino e-shop","og_description":"Bezdr\u00f4tov\u00fd modul NRF905 PTR8000 Bezdr\u00f4tov\u00fd prenos 433\/486 \/ 915 MHz NF905S &nbsp; Bezdr\u00f4tov\u00fd modul NRF905 (PTR8000) Bezdr\u00f4tov\u00fd prenos 433\/486 \/&hellip;","og_url":"https:\/\/www.onetimenexttime.sk\/arduino\/index.php\/produkt\/nrf905-wireless-module-ptr8000-wireless-transmission-433-486-915mhz-nf905s\/","og_site_name":"Arduino e-shop","article_modified_time":"2021-10-29T10:53:54+00:00","og_image":[{"width":502,"height":504,"url":"https:\/\/www.onetimenexttime.sk\/arduino\/wp-content\/uploads\/2021\/10\/1464.jpg","type":"image\/jpeg"}],"twitter_card":"summary_large_image","twitter_misc":{"Predpokladan\u00fd \u010das \u010d\u00edtania":"2 min\u00faty"},"schema":{"@context":"https:\/\/schema.org","@graph":[{"@type":"WebPage","@id":"https:\/\/www.onetimenexttime.sk\/arduino\/index.php\/produkt\/nrf905-wireless-module-ptr8000-wireless-transmission-433-486-915mhz-nf905s\/","url":"https:\/\/www.onetimenexttime.sk\/arduino\/index.php\/produkt\/nrf905-wireless-module-ptr8000-wireless-transmission-433-486-915mhz-nf905s\/","name":"NRF905 Wireless Module PTR8000 Wireless Transmission 433\/486\/915MHz NF905S - Arduino e-shop","isPartOf":{"@id":"https:\/\/www.onetimenexttime.sk\/arduino\/#website"},"primaryImageOfPage":{"@id":"https:\/\/www.onetimenexttime.sk\/arduino\/index.php\/produkt\/nrf905-wireless-module-ptr8000-wireless-transmission-433-486-915mhz-nf905s\/#primaryimage"},"image":{"@id":"https:\/\/www.onetimenexttime.sk\/arduino\/index.php\/produkt\/nrf905-wireless-module-ptr8000-wireless-transmission-433-486-915mhz-nf905s\/#primaryimage"},"thumbnailUrl":"https:\/\/www.onetimenexttime.sk\/arduino\/wp-content\/uploads\/2021\/10\/1464.jpg","datePublished":"2021-10-29T10:51:29+00:00","dateModified":"2021-10-29T10:53:54+00:00","breadcrumb":{"@id":"https:\/\/www.onetimenexttime.sk\/arduino\/index.php\/produkt\/nrf905-wireless-module-ptr8000-wireless-transmission-433-486-915mhz-nf905s\/#breadcrumb"},"inLanguage":"sk-SK","potentialAction":[{"@type":"ReadAction","target":["https:\/\/www.onetimenexttime.sk\/arduino\/index.php\/produkt\/nrf905-wireless-module-ptr8000-wireless-transmission-433-486-915mhz-nf905s\/"]}]},{"@type":"ImageObject","inLanguage":"sk-SK","@id":"https:\/\/www.onetimenexttime.sk\/arduino\/index.php\/produkt\/nrf905-wireless-module-ptr8000-wireless-transmission-433-486-915mhz-nf905s\/#primaryimage","url":"https:\/\/www.onetimenexttime.sk\/arduino\/wp-content\/uploads\/2021\/10\/1464.jpg","contentUrl":"https:\/\/www.onetimenexttime.sk\/arduino\/wp-content\/uploads\/2021\/10\/1464.jpg","width":502,"height":504},{"@type":"BreadcrumbList","@id":"https:\/\/www.onetimenexttime.sk\/arduino\/index.php\/produkt\/nrf905-wireless-module-ptr8000-wireless-transmission-433-486-915mhz-nf905s\/#breadcrumb","itemListElement":[{"@type":"ListItem","position":1,"name":"Domov","item":"https:\/\/www.onetimenexttime.sk\/arduino\/"},{"@type":"ListItem","position":2,"name":"Obchod","item":"https:\/\/www.onetimenexttime.sk\/arduino\/"},{"@type":"ListItem","position":3,"name":"NRF905 Wireless Module PTR8000 Wireless Transmission 433\/486\/915MHz NF905S"}]},{"@type":"WebSite","@id":"https:\/\/www.onetimenexttime.sk\/arduino\/#website","url":"https:\/\/www.onetimenexttime.sk\/arduino\/","name":"Arduino e-shop","description":"Home Assistant","potentialAction":[{"@type":"SearchAction","target":{"@type":"EntryPoint","urlTemplate":"https:\/\/www.onetimenexttime.sk\/arduino\/?s={search_term_string}"},"query-input":{"@type":"PropertyValueSpecification","valueRequired":true,"valueName":"search_term_string"}}],"inLanguage":"sk-SK"}]}},"_links":{"self":[{"href":"https:\/\/www.onetimenexttime.sk\/arduino\/index.php\/wp-json\/wp\/v2\/product\/586"}],"collection":[{"href":"https:\/\/www.onetimenexttime.sk\/arduino\/index.php\/wp-json\/wp\/v2\/product"}],"about":[{"href":"https:\/\/www.onetimenexttime.sk\/arduino\/index.php\/wp-json\/wp\/v2\/types\/product"}],"wp:featuredmedia":[{"embeddable":true,"href":"https:\/\/www.onetimenexttime.sk\/arduino\/index.php\/wp-json\/wp\/v2\/media\/588"}],"wp:attachment":[{"href":"https:\/\/www.onetimenexttime.sk\/arduino\/index.php\/wp-json\/wp\/v2\/media?parent=586"}],"wp:term":[{"taxonomy":"product_cat","embeddable":true,"href":"https:\/\/www.onetimenexttime.sk\/arduino\/index.php\/wp-json\/wp\/v2\/product_cat?post=586"},{"taxonomy":"product_tag","embeddable":true,"href":"https:\/\/www.onetimenexttime.sk\/arduino\/index.php\/wp-json\/wp\/v2\/product_tag?post=586"}],"curies":[{"name":"wp","href":"https:\/\/api.w.org\/{rel}","templated":true}]}}