{"id":584,"date":"2021-10-29T12:48:05","date_gmt":"2021-10-29T10:48:05","guid":{"rendered":"https:\/\/www.onetimenexttime.sk\/arduino\/?post_type=product&#038;p=584"},"modified":"2021-10-29T12:51:02","modified_gmt":"2021-10-29T10:51:02","slug":"hc-11-433-wireless-module-to-serial-port-c1101-mcu-development-of-long-range-low-power-module","status":"publish","type":"product","link":"https:\/\/www.onetimenexttime.sk\/arduino\/index.php\/produkt\/hc-11-433-wireless-module-to-serial-port-c1101-mcu-development-of-long-range-low-power-module\/","title":{"rendered":"HC-11 433 wireless module to serial port C1101 MCU development of long-range low-power module"},"content":{"rendered":"<h3>Bezdr\u00f4tov\u00e9 moduly HC-11 433 k s\u00e9riov\u00e9mu v\u00fdvojov\u00e9mu vzdialen\u00e9mu mikrokontrol\u00e9ru C1101 s n\u00edzkym v\u00fdkonom<\/h3>\n<p>Bezdr\u00f4tov\u00fd s\u00e9riov\u00fd modul HC-11 na aktualiz\u00e1ciu verzie V1.9, ktor\u00e9 sme dod\u00e1vali, s\u00fa dod\u00e1van\u00e9 v s\u00falade s najnov\u0161ou verziou.<\/p>\n<p>PS: HC-11 nie je mo\u017en\u00e9 pripoji\u0165 na komunik\u00e1ciu s HC-12, funguj\u00fa samostatne, v p\u00e1roch.<\/p>\n<p>Verzia V1.9 opravuje CHYBU vo verzii V1.8. Verzia V1.9 podporuje online upgrade, z\u00e1kazn\u00edkom poskytneme upgrade softv\u00e9ru, po uveden\u00ed novej verzie HC-11 m\u00f4\u017eu z\u00e1kazn\u00edci prv\u00fdkr\u00e1t upgradova\u0165 svoje moduly.<\/p>\n<p>&nbsp;<\/p>\n<p>1: 3,4 ma tich\u00fd pr\u00fad s ultran\u00edzkym v\u00fdkonom.<\/p>\n<p>2: na ve\u013ek\u00fa vzdialenos\u0165, s pou\u017eit\u00edm vzdialenosti 1 ~ 40M. (Menej ako 1M, modul nefunguje).<\/p>\n<p>3: Podpora pre pou\u017eitie \u0161irok\u00e9ho nap\u00e4tia 3,3V ~ 5V<\/p>\n<p>4: Podpora s\u00e9riov\u00e9ho transparentn\u00e9ho re\u017eimu, nahraden\u00e1 s\u00e9riov\u00e1 linka (polovi\u010dn\u00fd duplex)<\/p>\n<p>5: Podpora \u00farovne IO, ktor\u00fa treba sledova\u0165, tie\u017e znamen\u00e1, \u017ee dok\u00e1\u017ee pren\u00e1\u0161a\u0165 modely digit\u00e1lnej \u00farovne.<\/p>\n<p>6: Podpora re\u017eimu blokovania na \u00farovni IO<\/p>\n<p>7: Frekven\u010dn\u00fd bod m\u00f4\u017ee by\u0165 poskytnut\u00fd na nastavenie adresy, ako s\u00fa desiatky pokynov, automatick\u00e9 filtrovanie<\/p>\n<p>8: Ve\u013ekos\u0165 modulu: 27,8 mm \u00d7 14,4 mm \u00d7 4 mm.<\/p>\n<p>9: pre n\u00e1vrh siete<\/p>\n<p>10: Modul podporuje aktualiz\u00e1cie softv\u00e9ru.<\/p>\n<p>&nbsp;<\/p>\n<p>Sk\u00fa\u0161ka na dia\u013eku<\/p>\n<p>A: Testovacie prostredie<\/p>\n<p>V p\u00fa\u0161tnych pl\u00e1\u0148ach alebo pri mori je len sk\u00fa\u0161obn\u00fdch 100M.<\/p>\n<p>II: Testovacie prostredie<\/p>\n<p>V aute a malom mno\u017estve stromov a st\u013apov osvetlenia, 75 metrov od cestnej sk\u00fa\u0161ky<\/p>\n<p>&#8212;&#8212;&#8212;&#8212;&#8212;&#8212;&#8212;&#8212;&#8212;&#8212;&#8212;&#8212;&#8212;&#8212;&#8212;&#8212;&#8211; &#8212;&#8212;&#8212;&#8212;&#8212;&#8212;&#8212;&#8212;&#8212;&#8212;&#8212;&#8212;&#8212;&#8212;&#8212;&#8212;&#8211; &#8211;<\/p>\n<p>V r\u00f4znych v\u00fd\u0161kov\u00fdch t\u00fd\u010duj\u00facich sa priamo\u010diarych testov pr\u00edzemie je vzdialen\u00e9 40 metrov, m\u00f4\u017ee pokry\u0165 dom v interi\u00e9ri. Sign\u00e1l m\u00f4\u017ee by\u0165 pr\u00edli\u0161 bl\u00edzko k satur\u00e1cii, 1 m alebo viac.<br \/>\nVlastnosti produktu<br \/>\n433MHz bezdr\u00f4tov\u00fd spolo\u010dn\u00fd, otvoren\u00fd kan\u00e1l, s\u00e9riov\u00fd priechod. M\u00f4\u017ee to by\u0165 ve\u013ea, ve\u013ea pre mnoh\u00fdch. \u0160pendl\u00edk s piatimi nohami, jednoduch\u00e9 pou\u017eitie.<\/p>\n<p>A: nap\u00e1janie, 3,3V a\u017e 5V. (Skor\u0161ie verzie s\u00fa 3,3V)<\/p>\n<p>Dvaja: do.<\/p>\n<p>Tri: RX (TTL)<\/p>\n<p>\u0160tyri: TX (TTL)<\/p>\n<p>P\u00e4\u0165: konfigura\u010dn\u00e9 kol\u00edky. Vo\u013en\u00e9 nebra\u0165.<\/p>\n<p>Predvolen\u00e1 prenosov\u00e1 r\u00fdchlos\u0165 z v\u00fdroby: 9600, prejs\u0165 ka\u017ed\u00fd modul. Ke\u010f dr\u00f4tovit\u00e1.<\/p>\n<p>\u0160es\u0165: Za 2400, 4800 baudov, jedno\u010dipov\u00e1 bezdr\u00f4tov\u00e1 vzdialen\u00e1 aktualiz\u00e1cia a stiahnutie programu pre STC.<\/p>\n<p>\u00davod modulu<\/p>\n<p>Akciou je nahradi\u0165 modulov\u00e9 dr\u00f4tov\u00e9 s\u00e9riov\u00e9 spojenie medzi dvoma zariadeniami, aby sa realizoval bezdr\u00f4tov\u00fd prenos d\u00e1t. Napr\u00edklad s dvoma modulmi s\u00fa pripojen\u00e9 k mikrokontrol\u00e9ru, s\u00e9riov\u00fd port transceivera, aby fungoval tak dlho, ako jedno\u010dipov\u00fd modul bez akejko\u013evek kontroly. Realita bezdr\u00f4tovej komunik\u00e1cie je ve\u013emi pohodln\u00e1.<\/p>\n<p>Moduly sa vo v\u0161eobecnosti pou\u017e\u00edvaj\u00fa v p\u00e1roch do polovi\u010dn\u00e9ho duplexn\u00e9ho re\u017eimu Prenos d\u00e1t. Dvojica dvoch modulov, prenosov\u00e1 r\u00fdchlos\u0165 a komunika\u010dn\u00e9 kan\u00e1ly musia by\u0165 nastaven\u00e9 rovnako. Ak je okolo viac modulov, nastavenie kan\u00e1la je ve\u013emi potrebn\u00e9, preto\u017ee pri po\u010dte kan\u00e1lov medzi rovnak\u00fdm modulom sa d\u00e1ta pren\u00e1\u0161aj\u00fa transparentne.<\/p>\n<p>Niektor\u00e9 s\u00fa uveden\u00e9 \u010falej v tomto dokumente so sch\u00e9mou zapojenia prip\u00e1jacieho modulu.<\/p>\n<p>Predvolen\u00e9 nastavenia bezdr\u00f4tov\u00e9ho s\u00e9riov\u00e9ho modulu s\u00fa: komunika\u010dn\u00e1 prenosov\u00e1 r\u00fdchlos\u01659600, bezdr\u00f4tov\u00fd komunika\u010dn\u00fd kan\u00e1l001. Pou\u017e\u00edvate\u013e m\u00f4\u017ee zmeni\u0165 na in\u00fa hodnotu (pozri Pokyny). Prv\u00fd m\u00f4\u017ee by\u0165 vytiahnut\u00fd low5Pin a potom st\u00fapnu\u0165 na nap\u00e1janie a obnovi\u0165 predvolen\u00fa prenosov\u00fa r\u00fdchlos\u01659600, Channel001.<\/p>\n<p><strong>In\u0161trukcie<\/strong><\/p>\n<p>Zadajte pr\u00edkazov\u00fd re\u017eim s\u00fa dva AT<\/p>\n<p>Prv\u00fd: Pripojte 3,3 VA po nap\u00e4t\u00ed, potom prv\u00fdch 5 pinov na n\u00edzkej \u00farovni (bolo n\u00edzke), modul je v re\u017eime ATCommand, pr\u00edkazov\u00fd re\u017eim vytiahnutia.<\/p>\n<p>Druh\u00fd: v\u00fdpadky nap\u00e1jania, piaty kol\u00edk je najprv zapojen\u00fd na n\u00edzkej \u00farovni a potom znova zapnut\u00fd, po prekro\u010den\u00ed 1S vst\u00fapite do re\u017eimu AT, vytiahnete re\u017eim pr\u00edkazu.<\/p>\n<p>Pokyny s\u00fa nasledovn\u00e9:<\/p>\n<p>1. AT<\/p>\n<p>Odosla\u0165 tento pr\u00edkaz vr\u00e1ti OKznak.<\/p>\n<p>Pr\u00edklad: HairATreturnOK<\/p>\n<p>2. AT + V<\/p>\n<p>Modul vr\u00e1ti inform\u00e1cie o verzii.<\/p>\n<p>Pr\u00edklad: HairAT + VreturnHC-11_V0.0<\/p>\n<p>3. AT + Bxxxx<\/p>\n<p>Prenosov\u00e1 r\u00fdchlos\u0165 je nastaven\u00e1 xxxx. T\u00e1to hodnota m\u00f4\u017ee by\u0165 2400,4800,9600,19200,38400,57600,115200.<\/p>\n<p>pr\u00edklad1: vlasyAT + B4800n\u00e1vratOK-4800<\/p>\n<p>pr\u00edklad2: vlasyAT + B115200n\u00e1vratOK-115200<\/p>\n<p>4. AT + Cxxx<\/p>\n<p>Nastavte komunika\u010dn\u00fd kan\u00e1l. From001To127 Volite\u013en\u00e9.<\/p>\n<p>Pr\u00edklad: HairAT + C058returnOK-058<\/p>\n<p>5. AT + FUx<\/p>\n<p>S\u00e9riov\u00e9 prep\u00ednanie transparentn\u00fdch re\u017eimov. Hodnota x 1-4 je volite\u013en\u00e1.<\/p>\n<p>Pr\u00edklad: Odosla\u0165 AT + FU1 vr\u00e1ti OK + FU1<\/p>\n","protected":false},"excerpt":{"rendered":"<p>Bezdr\u00f4tov\u00e9 moduly HC-11 433 k s\u00e9riov\u00e9mu v\u00fdvojov\u00e9mu vzdialen\u00e9mu mikrokontrol\u00e9ru C1101 s n\u00edzkym v\u00fdkonom Bezdr\u00f4tov\u00fd s\u00e9riov\u00fd modul HC-11 na aktualiz\u00e1ciu verzie&hellip;<\/p>\n","protected":false},"featured_media":585,"template":"","meta":{"_monsterinsights_skip_tracking":false,"_monsterinsights_sitenote_active":false,"_monsterinsights_sitenote_note":"","_monsterinsights_sitenote_category":0},"product_cat":[16,34,29],"product_tag":[],"class_list":{"0":"post-584","1":"product","2":"type-product","3":"status-publish","4":"has-post-thumbnail","6":"product_cat-ard","7":"product_cat-rf","8":"product_cat-wireless-transmission","10":"first","11":"instock","12":"shipping-taxable","13":"purchasable","14":"product-type-simple"},"yoast_head":"<!-- This site is optimized with the Yoast SEO plugin v23.6 - https:\/\/yoast.com\/wordpress\/plugins\/seo\/ -->\n<title>HC-11 433 wireless module to serial port C1101 MCU development of long-range low-power module - Arduino e-shop<\/title>\n<meta name=\"robots\" content=\"index, follow, max-snippet:-1, max-image-preview:large, max-video-preview:-1\" \/>\n<link rel=\"canonical\" href=\"https:\/\/www.onetimenexttime.sk\/arduino\/index.php\/produkt\/hc-11-433-wireless-module-to-serial-port-c1101-mcu-development-of-long-range-low-power-module\/\" \/>\n<meta property=\"og:locale\" content=\"sk_SK\" \/>\n<meta property=\"og:type\" content=\"article\" \/>\n<meta property=\"og:title\" content=\"HC-11 433 wireless module to serial port C1101 MCU development of long-range low-power module - Arduino e-shop\" \/>\n<meta property=\"og:description\" content=\"Bezdr\u00f4tov\u00e9 moduly HC-11 433 k s\u00e9riov\u00e9mu v\u00fdvojov\u00e9mu vzdialen\u00e9mu mikrokontrol\u00e9ru C1101 s n\u00edzkym v\u00fdkonom Bezdr\u00f4tov\u00fd s\u00e9riov\u00fd modul HC-11 na aktualiz\u00e1ciu verzie&hellip;\" \/>\n<meta property=\"og:url\" content=\"https:\/\/www.onetimenexttime.sk\/arduino\/index.php\/produkt\/hc-11-433-wireless-module-to-serial-port-c1101-mcu-development-of-long-range-low-power-module\/\" \/>\n<meta property=\"og:site_name\" content=\"Arduino e-shop\" \/>\n<meta property=\"article:modified_time\" content=\"2021-10-29T10:51:02+00:00\" \/>\n<meta property=\"og:image\" content=\"https:\/\/www.onetimenexttime.sk\/arduino\/wp-content\/uploads\/2021\/10\/129.jpg\" \/>\n\t<meta property=\"og:image:width\" content=\"502\" \/>\n\t<meta property=\"og:image:height\" content=\"504\" \/>\n\t<meta property=\"og:image:type\" content=\"image\/jpeg\" \/>\n<meta name=\"twitter:card\" content=\"summary_large_image\" \/>\n<meta name=\"twitter:label1\" content=\"Predpokladan\u00fd \u010das \u010d\u00edtania\" \/>\n\t<meta name=\"twitter:data1\" content=\"3 min\u00faty\" \/>\n<script type=\"application\/ld+json\" class=\"yoast-schema-graph\">{\"@context\":\"https:\/\/schema.org\",\"@graph\":[{\"@type\":\"WebPage\",\"@id\":\"https:\/\/www.onetimenexttime.sk\/arduino\/index.php\/produkt\/hc-11-433-wireless-module-to-serial-port-c1101-mcu-development-of-long-range-low-power-module\/\",\"url\":\"https:\/\/www.onetimenexttime.sk\/arduino\/index.php\/produkt\/hc-11-433-wireless-module-to-serial-port-c1101-mcu-development-of-long-range-low-power-module\/\",\"name\":\"HC-11 433 wireless module to serial port C1101 MCU development of long-range low-power module - Arduino e-shop\",\"isPartOf\":{\"@id\":\"https:\/\/www.onetimenexttime.sk\/arduino\/#website\"},\"primaryImageOfPage\":{\"@id\":\"https:\/\/www.onetimenexttime.sk\/arduino\/index.php\/produkt\/hc-11-433-wireless-module-to-serial-port-c1101-mcu-development-of-long-range-low-power-module\/#primaryimage\"},\"image\":{\"@id\":\"https:\/\/www.onetimenexttime.sk\/arduino\/index.php\/produkt\/hc-11-433-wireless-module-to-serial-port-c1101-mcu-development-of-long-range-low-power-module\/#primaryimage\"},\"thumbnailUrl\":\"https:\/\/www.onetimenexttime.sk\/arduino\/wp-content\/uploads\/2021\/10\/129.jpg\",\"datePublished\":\"2021-10-29T10:48:05+00:00\",\"dateModified\":\"2021-10-29T10:51:02+00:00\",\"breadcrumb\":{\"@id\":\"https:\/\/www.onetimenexttime.sk\/arduino\/index.php\/produkt\/hc-11-433-wireless-module-to-serial-port-c1101-mcu-development-of-long-range-low-power-module\/#breadcrumb\"},\"inLanguage\":\"sk-SK\",\"potentialAction\":[{\"@type\":\"ReadAction\",\"target\":[\"https:\/\/www.onetimenexttime.sk\/arduino\/index.php\/produkt\/hc-11-433-wireless-module-to-serial-port-c1101-mcu-development-of-long-range-low-power-module\/\"]}]},{\"@type\":\"ImageObject\",\"inLanguage\":\"sk-SK\",\"@id\":\"https:\/\/www.onetimenexttime.sk\/arduino\/index.php\/produkt\/hc-11-433-wireless-module-to-serial-port-c1101-mcu-development-of-long-range-low-power-module\/#primaryimage\",\"url\":\"https:\/\/www.onetimenexttime.sk\/arduino\/wp-content\/uploads\/2021\/10\/129.jpg\",\"contentUrl\":\"https:\/\/www.onetimenexttime.sk\/arduino\/wp-content\/uploads\/2021\/10\/129.jpg\",\"width\":502,\"height\":504},{\"@type\":\"BreadcrumbList\",\"@id\":\"https:\/\/www.onetimenexttime.sk\/arduino\/index.php\/produkt\/hc-11-433-wireless-module-to-serial-port-c1101-mcu-development-of-long-range-low-power-module\/#breadcrumb\",\"itemListElement\":[{\"@type\":\"ListItem\",\"position\":1,\"name\":\"Domov\",\"item\":\"https:\/\/www.onetimenexttime.sk\/arduino\/\"},{\"@type\":\"ListItem\",\"position\":2,\"name\":\"Obchod\",\"item\":\"https:\/\/www.onetimenexttime.sk\/arduino\/\"},{\"@type\":\"ListItem\",\"position\":3,\"name\":\"HC-11 433 wireless module to serial port C1101 MCU development of long-range low-power module\"}]},{\"@type\":\"WebSite\",\"@id\":\"https:\/\/www.onetimenexttime.sk\/arduino\/#website\",\"url\":\"https:\/\/www.onetimenexttime.sk\/arduino\/\",\"name\":\"Arduino e-shop\",\"description\":\"Home Assistant\",\"potentialAction\":[{\"@type\":\"SearchAction\",\"target\":{\"@type\":\"EntryPoint\",\"urlTemplate\":\"https:\/\/www.onetimenexttime.sk\/arduino\/?s={search_term_string}\"},\"query-input\":{\"@type\":\"PropertyValueSpecification\",\"valueRequired\":true,\"valueName\":\"search_term_string\"}}],\"inLanguage\":\"sk-SK\"}]}<\/script>\n<!-- \/ Yoast SEO plugin. -->","yoast_head_json":{"title":"HC-11 433 wireless module to serial port C1101 MCU development of long-range low-power module - Arduino e-shop","robots":{"index":"index","follow":"follow","max-snippet":"max-snippet:-1","max-image-preview":"max-image-preview:large","max-video-preview":"max-video-preview:-1"},"canonical":"https:\/\/www.onetimenexttime.sk\/arduino\/index.php\/produkt\/hc-11-433-wireless-module-to-serial-port-c1101-mcu-development-of-long-range-low-power-module\/","og_locale":"sk_SK","og_type":"article","og_title":"HC-11 433 wireless module to serial port C1101 MCU development of long-range low-power module - Arduino e-shop","og_description":"Bezdr\u00f4tov\u00e9 moduly HC-11 433 k s\u00e9riov\u00e9mu v\u00fdvojov\u00e9mu vzdialen\u00e9mu mikrokontrol\u00e9ru C1101 s n\u00edzkym v\u00fdkonom Bezdr\u00f4tov\u00fd s\u00e9riov\u00fd modul HC-11 na aktualiz\u00e1ciu verzie&hellip;","og_url":"https:\/\/www.onetimenexttime.sk\/arduino\/index.php\/produkt\/hc-11-433-wireless-module-to-serial-port-c1101-mcu-development-of-long-range-low-power-module\/","og_site_name":"Arduino e-shop","article_modified_time":"2021-10-29T10:51:02+00:00","og_image":[{"width":502,"height":504,"url":"https:\/\/www.onetimenexttime.sk\/arduino\/wp-content\/uploads\/2021\/10\/129.jpg","type":"image\/jpeg"}],"twitter_card":"summary_large_image","twitter_misc":{"Predpokladan\u00fd \u010das \u010d\u00edtania":"3 min\u00faty"},"schema":{"@context":"https:\/\/schema.org","@graph":[{"@type":"WebPage","@id":"https:\/\/www.onetimenexttime.sk\/arduino\/index.php\/produkt\/hc-11-433-wireless-module-to-serial-port-c1101-mcu-development-of-long-range-low-power-module\/","url":"https:\/\/www.onetimenexttime.sk\/arduino\/index.php\/produkt\/hc-11-433-wireless-module-to-serial-port-c1101-mcu-development-of-long-range-low-power-module\/","name":"HC-11 433 wireless module to serial port C1101 MCU development of long-range low-power module - Arduino e-shop","isPartOf":{"@id":"https:\/\/www.onetimenexttime.sk\/arduino\/#website"},"primaryImageOfPage":{"@id":"https:\/\/www.onetimenexttime.sk\/arduino\/index.php\/produkt\/hc-11-433-wireless-module-to-serial-port-c1101-mcu-development-of-long-range-low-power-module\/#primaryimage"},"image":{"@id":"https:\/\/www.onetimenexttime.sk\/arduino\/index.php\/produkt\/hc-11-433-wireless-module-to-serial-port-c1101-mcu-development-of-long-range-low-power-module\/#primaryimage"},"thumbnailUrl":"https:\/\/www.onetimenexttime.sk\/arduino\/wp-content\/uploads\/2021\/10\/129.jpg","datePublished":"2021-10-29T10:48:05+00:00","dateModified":"2021-10-29T10:51:02+00:00","breadcrumb":{"@id":"https:\/\/www.onetimenexttime.sk\/arduino\/index.php\/produkt\/hc-11-433-wireless-module-to-serial-port-c1101-mcu-development-of-long-range-low-power-module\/#breadcrumb"},"inLanguage":"sk-SK","potentialAction":[{"@type":"ReadAction","target":["https:\/\/www.onetimenexttime.sk\/arduino\/index.php\/produkt\/hc-11-433-wireless-module-to-serial-port-c1101-mcu-development-of-long-range-low-power-module\/"]}]},{"@type":"ImageObject","inLanguage":"sk-SK","@id":"https:\/\/www.onetimenexttime.sk\/arduino\/index.php\/produkt\/hc-11-433-wireless-module-to-serial-port-c1101-mcu-development-of-long-range-low-power-module\/#primaryimage","url":"https:\/\/www.onetimenexttime.sk\/arduino\/wp-content\/uploads\/2021\/10\/129.jpg","contentUrl":"https:\/\/www.onetimenexttime.sk\/arduino\/wp-content\/uploads\/2021\/10\/129.jpg","width":502,"height":504},{"@type":"BreadcrumbList","@id":"https:\/\/www.onetimenexttime.sk\/arduino\/index.php\/produkt\/hc-11-433-wireless-module-to-serial-port-c1101-mcu-development-of-long-range-low-power-module\/#breadcrumb","itemListElement":[{"@type":"ListItem","position":1,"name":"Domov","item":"https:\/\/www.onetimenexttime.sk\/arduino\/"},{"@type":"ListItem","position":2,"name":"Obchod","item":"https:\/\/www.onetimenexttime.sk\/arduino\/"},{"@type":"ListItem","position":3,"name":"HC-11 433 wireless module to serial port C1101 MCU development of long-range low-power module"}]},{"@type":"WebSite","@id":"https:\/\/www.onetimenexttime.sk\/arduino\/#website","url":"https:\/\/www.onetimenexttime.sk\/arduino\/","name":"Arduino e-shop","description":"Home Assistant","potentialAction":[{"@type":"SearchAction","target":{"@type":"EntryPoint","urlTemplate":"https:\/\/www.onetimenexttime.sk\/arduino\/?s={search_term_string}"},"query-input":{"@type":"PropertyValueSpecification","valueRequired":true,"valueName":"search_term_string"}}],"inLanguage":"sk-SK"}]}},"_links":{"self":[{"href":"https:\/\/www.onetimenexttime.sk\/arduino\/index.php\/wp-json\/wp\/v2\/product\/584"}],"collection":[{"href":"https:\/\/www.onetimenexttime.sk\/arduino\/index.php\/wp-json\/wp\/v2\/product"}],"about":[{"href":"https:\/\/www.onetimenexttime.sk\/arduino\/index.php\/wp-json\/wp\/v2\/types\/product"}],"wp:featuredmedia":[{"embeddable":true,"href":"https:\/\/www.onetimenexttime.sk\/arduino\/index.php\/wp-json\/wp\/v2\/media\/585"}],"wp:attachment":[{"href":"https:\/\/www.onetimenexttime.sk\/arduino\/index.php\/wp-json\/wp\/v2\/media?parent=584"}],"wp:term":[{"taxonomy":"product_cat","embeddable":true,"href":"https:\/\/www.onetimenexttime.sk\/arduino\/index.php\/wp-json\/wp\/v2\/product_cat?post=584"},{"taxonomy":"product_tag","embeddable":true,"href":"https:\/\/www.onetimenexttime.sk\/arduino\/index.php\/wp-json\/wp\/v2\/product_tag?post=584"}],"curies":[{"name":"wp","href":"https:\/\/api.w.org\/{rel}","templated":true}]}}