{"id":582,"date":"2021-10-29T12:41:57","date_gmt":"2021-10-29T10:41:57","guid":{"rendered":"https:\/\/www.onetimenexttime.sk\/arduino\/?post_type=product&#038;p=582"},"modified":"2021-10-29T13:10:58","modified_gmt":"2021-10-29T11:10:58","slug":"mfrc-522-rc-522-rc522-antenna-rfid-ic-wireless-module-for-arduino-spi-writer-reader-ic-card-proximity-module","status":"publish","type":"product","link":"https:\/\/www.onetimenexttime.sk\/arduino\/index.php\/produkt\/mfrc-522-rc-522-rc522-antenna-rfid-ic-wireless-module-for-arduino-spi-writer-reader-ic-card-proximity-module\/","title":{"rendered":"MFRC-522 RC-522 RC522 Antenna RFID IC Wireless Module For Arduino SPI Writer Reader IC Card Proximity Module"},"content":{"rendered":"<h2>MFRC-522 RC-522 RC522 Ant\u00e9nny RFID IC bezdr\u00f4tov\u00fd modul pre Arduino SPI Writer Reader IC Card Bezdr\u00f4tov\u00fd modul<\/h2>\n<p>1x modul RFID-RC522<br \/>\n1x \u0161tandardn\u00e1 pr\u00e1zdna karta S50<br \/>\n1x karta \u0161peci\u00e1lneho tvaru S50 A (ako je zn\u00e1zornen\u00e9 na tvare kr\u00fa\u017eku na k\u013e\u00fa\u010de)<br \/>\n1x rovn\u00e9, zakriven\u00e9 rady \u0161pendl\u00edka \u010dl\u00e1nku<\/p>\n<p>\u3010\u010cip RC522\u3011<\/p>\n<p>MF RC522 sa aplikuje na vysoko integrovan\u00fd \u010dip bezkontaktnej komunika\u010dnej karty na \u010d\u00edtanie a z\u00e1pis 13,56 MHz, ktor\u00fd spolo\u010dnos\u0165 uviedla na trh pre \u201etabu\u013ekov\u00fa\u201c aplik\u00e1ciu n\u00edzkonap\u00e4\u0165ov\u00e9ho, lacn\u00e9ho a mal\u00e9ho bezkontaktn\u00e9ho \u010dipu karty na \u010d\u00edtanie a inteligentn\u00e9 mera\u010de a prenosn\u00e9 ru\u010dn\u00e9 zariadenia vyvinuli lep\u0161iu vo\u013ebu. MF RC522 vyu\u017e\u00edva pokro\u010dil\u00fa koncepciu modul\u00e1cie a demodul\u00e1cie \u00faplne integrovan\u00fa vo v\u0161etk\u00fdch typoch pas\u00edvnych bezkontaktn\u00fdch komunika\u010dn\u00fdch met\u00f3d a protokolov 13,56 MHz. 14443A kompatibiln\u00e9 sign\u00e1ly transpond\u00e9ra. Digit\u00e1lna \u010das\u0165 na spracovanie sn\u00edmok ISO14443A a detekciu ch\u00fdb. Okrem toho podporuje r\u00fdchly \u0161ifrovac\u00ed algoritmus CRYPTO1, valid\u00e1ciu terminol\u00f3gie pre produkty. Podpora MFRC522 Pre s\u00e9riu vysokor\u00fdchlostnej bezkontaktnej komunik\u00e1cie, obojsmern\u00e1 r\u00fdchlos\u0165 prenosu d\u00e1t a\u017e 424 kbit\/s. Ako nov\u00ed \u010dlenovia s\u00e9rie \u010d\u00edtac\u00edch kariet 13,56 MHz z rodiny vysoko integrovan\u00fdch \u010dipov, MF RC522 MF RC500 MF RC530 Existuje ve\u013ea podobnost\u00ed, ale maj\u00fa aj mnoh\u00e9 vlastnosti a rozdiely. Komunik\u00e1cia medzi n\u00edm a hostite\u013esk\u00fdm re\u017eimom SPI pom\u00e1ha zmen\u0161i\u0165 pripojenie, z\u00fa\u017ei\u0165 objem dosky plo\u0161n\u00fdch spojov, zn\u00ed\u017ei\u0165 n\u00e1klady.<\/p>\n<p>&nbsp;<\/p>\n<p>\u3010modul RFID\u3011<\/p>\n<p>Modul MF522-AN je origin\u00e1lna \u010d\u00edta\u010dka obvodov\u00fdch kariet s \u010dipov\u00fdm dizajnom MFRC522, \u013eahko pou\u017eite\u013en\u00e1, n\u00edzka cena a vz\u0165ahuje sa na v\u00fdvoj pou\u017e\u00edvate\u013esk\u00e9ho zariadenia, \u010d\u00edta\u010dku a v\u00fdvoj pokro\u010dil\u00fdch aplik\u00e1ci\u00ed, potrebu n\u00e1vrhu \/ v\u00fdroby termin\u00e1lu RF karty pou\u017e\u00edvate\u013ea . Tento modul je mo\u017en\u00e9 vlo\u017ei\u0165 priamo do r\u00f4znych foriem \u010d\u00edta\u010dky. Vyu\u017e\u00edva nap\u00e4tie 3,3V, cez rozhranie SPI jednoduch\u00e9 p\u00e1r riadkov priamo s \u013eubovo\u013en\u00fdm u\u017e\u00edvate\u013eom CPU z\u00e1kladn\u00e1 doska pripojen\u00e1 komunik\u00e1cia m\u00f4\u017ee zabezpe\u010di\u0165, \u017ee modul je stabiln\u00e1 a spo\u013eahliv\u00e1 pr\u00e1ca, dia\u013ekov\u00e1 \u010d\u00edta\u010dka kariet;<\/p>\n<p>&nbsp;<\/p>\n<p>\u3010Elektrick\u00e9 parametre\u3011<\/p>\n<p>Prev\u00e1dzkov\u00fd pr\u00fad: 13-26mA \/ DC 3,3V<br \/>\nK\u013eudov\u00fd pr\u00fad: 10-13mA \/ DC 3,3V<br \/>\nSp\u00e1nkov\u00fd pr\u00fad: &lt;80uA<br \/>\n\u0160pi\u010dkov\u00fd pr\u00fad: &lt;30mA<br \/>\nPrev\u00e1dzkov\u00e1 frekvencia: 13,56 MHz<\/p>\n<p>Podporovan\u00e9 typy kariet: Pre mifare1 S50, Pre mifare1 S70 Pre Ultralight, Pre Pro, Pre DESFire<br \/>\nFyzick\u00e9 vlastnosti produktu: ve\u013ekos\u0165: 40 mm \u00d7 60 mm<br \/>\nProstredie Prev\u00e1dzkov\u00e1 teplota: -20-80 stup\u0148ov Celzia<br \/>\nSkladovacia teplota prostredia: -40-85 stup\u0148ov Celzia<br \/>\nRelat\u00edvna vlhkos\u0165: relat\u00edvna vlhkos\u0165 5% -95%<\/p>\n<p>Parametre rozhrania modulu SPI<\/p>\n<p>R\u00fdchlos\u0165 prenosu d\u00e1t: maxim\u00e1lne 10 Mbit\/s<\/p>\n<p>&nbsp;<\/p>\n<p>&nbsp;<\/p>\n<p>&nbsp;<\/p>\n","protected":false},"excerpt":{"rendered":"<p>MFRC-522 RC-522 RC522 Ant\u00e9nny RFID IC bezdr\u00f4tov\u00fd modul pre Arduino SPI Writer Reader IC Card Bezdr\u00f4tov\u00fd modul 1x modul RFID-RC522&hellip;<\/p>\n","protected":false},"featured_media":583,"template":"","meta":{"_monsterinsights_skip_tracking":false,"_monsterinsights_sitenote_active":false,"_monsterinsights_sitenote_note":"","_monsterinsights_sitenote_category":0},"product_cat":[16,31],"product_tag":[],"class_list":{"0":"post-582","1":"product","2":"type-product","3":"status-publish","4":"has-post-thumbnail","6":"product_cat-ard","7":"product_cat-rfid","9":"first","10":"instock","11":"sale","12":"shipping-taxable","13":"purchasable","14":"product-type-simple"},"yoast_head":"<!-- This site is optimized with the Yoast SEO plugin v23.6 - https:\/\/yoast.com\/wordpress\/plugins\/seo\/ -->\n<title>MFRC-522 RC-522 RC522 Antenna RFID IC Wireless Module For Arduino SPI Writer Reader IC Card Proximity Module - Arduino e-shop<\/title>\n<meta name=\"robots\" content=\"index, follow, max-snippet:-1, max-image-preview:large, max-video-preview:-1\" \/>\n<link rel=\"canonical\" href=\"https:\/\/www.onetimenexttime.sk\/arduino\/index.php\/produkt\/mfrc-522-rc-522-rc522-antenna-rfid-ic-wireless-module-for-arduino-spi-writer-reader-ic-card-proximity-module\/\" \/>\n<meta property=\"og:locale\" content=\"sk_SK\" \/>\n<meta property=\"og:type\" content=\"article\" \/>\n<meta property=\"og:title\" content=\"MFRC-522 RC-522 RC522 Antenna RFID IC Wireless Module For Arduino SPI Writer Reader IC Card Proximity Module - Arduino e-shop\" \/>\n<meta property=\"og:description\" content=\"MFRC-522 RC-522 RC522 Ant\u00e9nny RFID IC bezdr\u00f4tov\u00fd modul pre Arduino SPI Writer Reader IC Card Bezdr\u00f4tov\u00fd modul 1x modul RFID-RC522&hellip;\" \/>\n<meta property=\"og:url\" content=\"https:\/\/www.onetimenexttime.sk\/arduino\/index.php\/produkt\/mfrc-522-rc-522-rc522-antenna-rfid-ic-wireless-module-for-arduino-spi-writer-reader-ic-card-proximity-module\/\" \/>\n<meta property=\"og:site_name\" content=\"Arduino e-shop\" \/>\n<meta property=\"article:modified_time\" content=\"2021-10-29T11:10:58+00:00\" \/>\n<meta property=\"og:image\" content=\"https:\/\/www.onetimenexttime.sk\/arduino\/wp-content\/uploads\/2021\/10\/109.jpg\" \/>\n\t<meta property=\"og:image:width\" content=\"502\" \/>\n\t<meta property=\"og:image:height\" content=\"504\" \/>\n\t<meta property=\"og:image:type\" content=\"image\/jpeg\" \/>\n<meta name=\"twitter:card\" content=\"summary_large_image\" \/>\n<meta name=\"twitter:label1\" content=\"Predpokladan\u00fd \u010das \u010d\u00edtania\" \/>\n\t<meta name=\"twitter:data1\" content=\"2 min\u00faty\" \/>\n<script type=\"application\/ld+json\" class=\"yoast-schema-graph\">{\"@context\":\"https:\/\/schema.org\",\"@graph\":[{\"@type\":\"WebPage\",\"@id\":\"https:\/\/www.onetimenexttime.sk\/arduino\/index.php\/produkt\/mfrc-522-rc-522-rc522-antenna-rfid-ic-wireless-module-for-arduino-spi-writer-reader-ic-card-proximity-module\/\",\"url\":\"https:\/\/www.onetimenexttime.sk\/arduino\/index.php\/produkt\/mfrc-522-rc-522-rc522-antenna-rfid-ic-wireless-module-for-arduino-spi-writer-reader-ic-card-proximity-module\/\",\"name\":\"MFRC-522 RC-522 RC522 Antenna RFID IC Wireless Module For Arduino SPI Writer Reader IC Card Proximity Module - Arduino e-shop\",\"isPartOf\":{\"@id\":\"https:\/\/www.onetimenexttime.sk\/arduino\/#website\"},\"primaryImageOfPage\":{\"@id\":\"https:\/\/www.onetimenexttime.sk\/arduino\/index.php\/produkt\/mfrc-522-rc-522-rc522-antenna-rfid-ic-wireless-module-for-arduino-spi-writer-reader-ic-card-proximity-module\/#primaryimage\"},\"image\":{\"@id\":\"https:\/\/www.onetimenexttime.sk\/arduino\/index.php\/produkt\/mfrc-522-rc-522-rc522-antenna-rfid-ic-wireless-module-for-arduino-spi-writer-reader-ic-card-proximity-module\/#primaryimage\"},\"thumbnailUrl\":\"https:\/\/www.onetimenexttime.sk\/arduino\/wp-content\/uploads\/2021\/10\/109.jpg\",\"datePublished\":\"2021-10-29T10:41:57+00:00\",\"dateModified\":\"2021-10-29T11:10:58+00:00\",\"breadcrumb\":{\"@id\":\"https:\/\/www.onetimenexttime.sk\/arduino\/index.php\/produkt\/mfrc-522-rc-522-rc522-antenna-rfid-ic-wireless-module-for-arduino-spi-writer-reader-ic-card-proximity-module\/#breadcrumb\"},\"inLanguage\":\"sk-SK\",\"potentialAction\":[{\"@type\":\"ReadAction\",\"target\":[\"https:\/\/www.onetimenexttime.sk\/arduino\/index.php\/produkt\/mfrc-522-rc-522-rc522-antenna-rfid-ic-wireless-module-for-arduino-spi-writer-reader-ic-card-proximity-module\/\"]}]},{\"@type\":\"ImageObject\",\"inLanguage\":\"sk-SK\",\"@id\":\"https:\/\/www.onetimenexttime.sk\/arduino\/index.php\/produkt\/mfrc-522-rc-522-rc522-antenna-rfid-ic-wireless-module-for-arduino-spi-writer-reader-ic-card-proximity-module\/#primaryimage\",\"url\":\"https:\/\/www.onetimenexttime.sk\/arduino\/wp-content\/uploads\/2021\/10\/109.jpg\",\"contentUrl\":\"https:\/\/www.onetimenexttime.sk\/arduino\/wp-content\/uploads\/2021\/10\/109.jpg\",\"width\":502,\"height\":504},{\"@type\":\"BreadcrumbList\",\"@id\":\"https:\/\/www.onetimenexttime.sk\/arduino\/index.php\/produkt\/mfrc-522-rc-522-rc522-antenna-rfid-ic-wireless-module-for-arduino-spi-writer-reader-ic-card-proximity-module\/#breadcrumb\",\"itemListElement\":[{\"@type\":\"ListItem\",\"position\":1,\"name\":\"Domov\",\"item\":\"https:\/\/www.onetimenexttime.sk\/arduino\/\"},{\"@type\":\"ListItem\",\"position\":2,\"name\":\"Obchod\",\"item\":\"https:\/\/www.onetimenexttime.sk\/arduino\/\"},{\"@type\":\"ListItem\",\"position\":3,\"name\":\"MFRC-522 RC-522 RC522 Antenna RFID IC Wireless Module For Arduino SPI Writer Reader IC Card Proximity Module\"}]},{\"@type\":\"WebSite\",\"@id\":\"https:\/\/www.onetimenexttime.sk\/arduino\/#website\",\"url\":\"https:\/\/www.onetimenexttime.sk\/arduino\/\",\"name\":\"Arduino e-shop\",\"description\":\"Home Assistant\",\"potentialAction\":[{\"@type\":\"SearchAction\",\"target\":{\"@type\":\"EntryPoint\",\"urlTemplate\":\"https:\/\/www.onetimenexttime.sk\/arduino\/?s={search_term_string}\"},\"query-input\":{\"@type\":\"PropertyValueSpecification\",\"valueRequired\":true,\"valueName\":\"search_term_string\"}}],\"inLanguage\":\"sk-SK\"}]}<\/script>\n<!-- \/ Yoast SEO plugin. -->","yoast_head_json":{"title":"MFRC-522 RC-522 RC522 Antenna RFID IC Wireless Module For Arduino SPI Writer Reader IC Card Proximity Module - Arduino e-shop","robots":{"index":"index","follow":"follow","max-snippet":"max-snippet:-1","max-image-preview":"max-image-preview:large","max-video-preview":"max-video-preview:-1"},"canonical":"https:\/\/www.onetimenexttime.sk\/arduino\/index.php\/produkt\/mfrc-522-rc-522-rc522-antenna-rfid-ic-wireless-module-for-arduino-spi-writer-reader-ic-card-proximity-module\/","og_locale":"sk_SK","og_type":"article","og_title":"MFRC-522 RC-522 RC522 Antenna RFID IC Wireless Module For Arduino SPI Writer Reader IC Card Proximity Module - Arduino e-shop","og_description":"MFRC-522 RC-522 RC522 Ant\u00e9nny RFID IC bezdr\u00f4tov\u00fd modul pre Arduino SPI Writer Reader IC Card Bezdr\u00f4tov\u00fd modul 1x modul RFID-RC522&hellip;","og_url":"https:\/\/www.onetimenexttime.sk\/arduino\/index.php\/produkt\/mfrc-522-rc-522-rc522-antenna-rfid-ic-wireless-module-for-arduino-spi-writer-reader-ic-card-proximity-module\/","og_site_name":"Arduino e-shop","article_modified_time":"2021-10-29T11:10:58+00:00","og_image":[{"width":502,"height":504,"url":"https:\/\/www.onetimenexttime.sk\/arduino\/wp-content\/uploads\/2021\/10\/109.jpg","type":"image\/jpeg"}],"twitter_card":"summary_large_image","twitter_misc":{"Predpokladan\u00fd \u010das \u010d\u00edtania":"2 min\u00faty"},"schema":{"@context":"https:\/\/schema.org","@graph":[{"@type":"WebPage","@id":"https:\/\/www.onetimenexttime.sk\/arduino\/index.php\/produkt\/mfrc-522-rc-522-rc522-antenna-rfid-ic-wireless-module-for-arduino-spi-writer-reader-ic-card-proximity-module\/","url":"https:\/\/www.onetimenexttime.sk\/arduino\/index.php\/produkt\/mfrc-522-rc-522-rc522-antenna-rfid-ic-wireless-module-for-arduino-spi-writer-reader-ic-card-proximity-module\/","name":"MFRC-522 RC-522 RC522 Antenna RFID IC Wireless Module For Arduino SPI Writer Reader IC Card Proximity Module - Arduino e-shop","isPartOf":{"@id":"https:\/\/www.onetimenexttime.sk\/arduino\/#website"},"primaryImageOfPage":{"@id":"https:\/\/www.onetimenexttime.sk\/arduino\/index.php\/produkt\/mfrc-522-rc-522-rc522-antenna-rfid-ic-wireless-module-for-arduino-spi-writer-reader-ic-card-proximity-module\/#primaryimage"},"image":{"@id":"https:\/\/www.onetimenexttime.sk\/arduino\/index.php\/produkt\/mfrc-522-rc-522-rc522-antenna-rfid-ic-wireless-module-for-arduino-spi-writer-reader-ic-card-proximity-module\/#primaryimage"},"thumbnailUrl":"https:\/\/www.onetimenexttime.sk\/arduino\/wp-content\/uploads\/2021\/10\/109.jpg","datePublished":"2021-10-29T10:41:57+00:00","dateModified":"2021-10-29T11:10:58+00:00","breadcrumb":{"@id":"https:\/\/www.onetimenexttime.sk\/arduino\/index.php\/produkt\/mfrc-522-rc-522-rc522-antenna-rfid-ic-wireless-module-for-arduino-spi-writer-reader-ic-card-proximity-module\/#breadcrumb"},"inLanguage":"sk-SK","potentialAction":[{"@type":"ReadAction","target":["https:\/\/www.onetimenexttime.sk\/arduino\/index.php\/produkt\/mfrc-522-rc-522-rc522-antenna-rfid-ic-wireless-module-for-arduino-spi-writer-reader-ic-card-proximity-module\/"]}]},{"@type":"ImageObject","inLanguage":"sk-SK","@id":"https:\/\/www.onetimenexttime.sk\/arduino\/index.php\/produkt\/mfrc-522-rc-522-rc522-antenna-rfid-ic-wireless-module-for-arduino-spi-writer-reader-ic-card-proximity-module\/#primaryimage","url":"https:\/\/www.onetimenexttime.sk\/arduino\/wp-content\/uploads\/2021\/10\/109.jpg","contentUrl":"https:\/\/www.onetimenexttime.sk\/arduino\/wp-content\/uploads\/2021\/10\/109.jpg","width":502,"height":504},{"@type":"BreadcrumbList","@id":"https:\/\/www.onetimenexttime.sk\/arduino\/index.php\/produkt\/mfrc-522-rc-522-rc522-antenna-rfid-ic-wireless-module-for-arduino-spi-writer-reader-ic-card-proximity-module\/#breadcrumb","itemListElement":[{"@type":"ListItem","position":1,"name":"Domov","item":"https:\/\/www.onetimenexttime.sk\/arduino\/"},{"@type":"ListItem","position":2,"name":"Obchod","item":"https:\/\/www.onetimenexttime.sk\/arduino\/"},{"@type":"ListItem","position":3,"name":"MFRC-522 RC-522 RC522 Antenna RFID IC Wireless Module For Arduino SPI Writer Reader IC Card Proximity Module"}]},{"@type":"WebSite","@id":"https:\/\/www.onetimenexttime.sk\/arduino\/#website","url":"https:\/\/www.onetimenexttime.sk\/arduino\/","name":"Arduino e-shop","description":"Home Assistant","potentialAction":[{"@type":"SearchAction","target":{"@type":"EntryPoint","urlTemplate":"https:\/\/www.onetimenexttime.sk\/arduino\/?s={search_term_string}"},"query-input":{"@type":"PropertyValueSpecification","valueRequired":true,"valueName":"search_term_string"}}],"inLanguage":"sk-SK"}]}},"_links":{"self":[{"href":"https:\/\/www.onetimenexttime.sk\/arduino\/index.php\/wp-json\/wp\/v2\/product\/582"}],"collection":[{"href":"https:\/\/www.onetimenexttime.sk\/arduino\/index.php\/wp-json\/wp\/v2\/product"}],"about":[{"href":"https:\/\/www.onetimenexttime.sk\/arduino\/index.php\/wp-json\/wp\/v2\/types\/product"}],"wp:featuredmedia":[{"embeddable":true,"href":"https:\/\/www.onetimenexttime.sk\/arduino\/index.php\/wp-json\/wp\/v2\/media\/583"}],"wp:attachment":[{"href":"https:\/\/www.onetimenexttime.sk\/arduino\/index.php\/wp-json\/wp\/v2\/media?parent=582"}],"wp:term":[{"taxonomy":"product_cat","embeddable":true,"href":"https:\/\/www.onetimenexttime.sk\/arduino\/index.php\/wp-json\/wp\/v2\/product_cat?post=582"},{"taxonomy":"product_tag","embeddable":true,"href":"https:\/\/www.onetimenexttime.sk\/arduino\/index.php\/wp-json\/wp\/v2\/product_tag?post=582"}],"curies":[{"name":"wp","href":"https:\/\/api.w.org\/{rel}","templated":true}]}}