{"id":58,"date":"2021-10-17T19:47:26","date_gmt":"2021-10-17T17:47:26","guid":{"rendered":"https:\/\/www.onetimenexttime.sk\/arduino\/?post_type=product&#038;p=58"},"modified":"2021-10-17T19:51:01","modified_gmt":"2021-10-17T17:51:01","slug":"rs232-bluetooth-zigbee-wifi-shield-triple-eds-expansion-board-for-arduino","status":"publish","type":"product","link":"https:\/\/www.onetimenexttime.sk\/arduino\/index.php\/produkt\/rs232-bluetooth-zigbee-wifi-shield-triple-eds-expansion-board-for-arduino\/","title":{"rendered":"RS232 Bluetooth Zigbee WIFI shield triple EDS-expansion board For Arduino"},"content":{"rendered":"<p><span>Tento \u0161t\u00edt je mo\u017en\u00e9 pou\u017ei\u0165 na roz\u0161\u00edrenie funkcie Arduino.\u00a0Tento \u0161t\u00edt je mo\u017en\u00e9 vlo\u017ei\u0165 pomocou modulu WIFI, Bluetooth a ZigBee (Xbee).\u00a0In\u00fdmi slovami, t\u00e1to doska je doska 3 v 1.\u00a0Pri pou\u017eit\u00ed tejto dosky m\u00f4\u017eeme necha\u0165 Arduino komunikova\u0165 s bezdr\u00f4tov\u00fdmi zariadeniami.<\/span><\/p>\n<p><span>Vlastnosti<\/span><\/p>\n<p><span>Nap\u00e1janie: ke\u010f nie je k dispoz\u00edcii Arduino, m\u00f4\u017eete pou\u017ei\u0165 nap\u00e1jac\u00ed adapt\u00e9r (5-12 V)<\/span><br \/>\n<span>RS232: pripojte s\u00e9riov\u00fd port po\u010d\u00edta\u010da alebo USB a zapojte s\u00e9riov\u00fd port;<\/span><br \/>\n<span>S\u00e9riov\u00fd port: \u010fal\u0161\u00ed sp\u00f4sob s\u00e9riov\u00e9ho portu komunik\u00e1cie modulu;<\/span><br \/>\n<span>Prep\u00edna\u010d: Stav \u201eO\u201c je mo\u017en\u00e9 pou\u017ei\u0165 na stiahnutie programu Arduino, stav z\u00e1suvky \u201eC\u201c bezplatne zapojte do norm\u00e1lnej komunik\u00e1cie;<\/span><\/p>\n","protected":false},"excerpt":{"rendered":"<p>Tento \u0161t\u00edt je mo\u017en\u00e9 pou\u017ei\u0165 na roz\u0161\u00edrenie funkcie Arduino.\u00a0Tento \u0161t\u00edt je mo\u017en\u00e9 vlo\u017ei\u0165 pomocou modulu WIFI, Bluetooth a ZigBee (Xbee).\u00a0In\u00fdmi&hellip;<\/p>\n","protected":false},"featured_media":59,"template":"","meta":{"_monsterinsights_skip_tracking":false,"_monsterinsights_sitenote_active":false,"_monsterinsights_sitenote_note":"","_monsterinsights_sitenote_category":0},"product_cat":[16,17],"product_tag":[],"class_list":{"0":"post-58","1":"product","2":"type-product","3":"status-publish","4":"has-post-thumbnail","6":"product_cat-ard","7":"product_cat-modul","9":"first","10":"instock","11":"shipping-taxable","12":"purchasable","13":"product-type-simple"},"yoast_head":"<!-- This site is optimized with the Yoast SEO plugin v23.6 - https:\/\/yoast.com\/wordpress\/plugins\/seo\/ -->\n<title>RS232 Bluetooth Zigbee WIFI shield triple EDS-expansion board For Arduino - Arduino e-shop<\/title>\n<meta name=\"robots\" content=\"index, follow, max-snippet:-1, max-image-preview:large, max-video-preview:-1\" \/>\n<link rel=\"canonical\" href=\"https:\/\/www.onetimenexttime.sk\/arduino\/index.php\/produkt\/rs232-bluetooth-zigbee-wifi-shield-triple-eds-expansion-board-for-arduino\/\" \/>\n<meta property=\"og:locale\" content=\"sk_SK\" \/>\n<meta property=\"og:type\" content=\"article\" \/>\n<meta property=\"og:title\" content=\"RS232 Bluetooth Zigbee WIFI shield triple EDS-expansion board For Arduino - Arduino e-shop\" \/>\n<meta property=\"og:description\" content=\"Tento \u0161t\u00edt je mo\u017en\u00e9 pou\u017ei\u0165 na roz\u0161\u00edrenie funkcie Arduino.\u00a0Tento \u0161t\u00edt je mo\u017en\u00e9 vlo\u017ei\u0165 pomocou modulu WIFI, Bluetooth a ZigBee (Xbee).\u00a0In\u00fdmi&hellip;\" \/>\n<meta property=\"og:url\" content=\"https:\/\/www.onetimenexttime.sk\/arduino\/index.php\/produkt\/rs232-bluetooth-zigbee-wifi-shield-triple-eds-expansion-board-for-arduino\/\" \/>\n<meta property=\"og:site_name\" content=\"Arduino e-shop\" \/>\n<meta property=\"article:modified_time\" content=\"2021-10-17T17:51:01+00:00\" \/>\n<meta property=\"og:image\" content=\"https:\/\/www.onetimenexttime.sk\/arduino\/wp-content\/uploads\/2021\/10\/203.jpg\" \/>\n\t<meta property=\"og:image:width\" content=\"380\" \/>\n\t<meta property=\"og:image:height\" content=\"380\" \/>\n\t<meta property=\"og:image:type\" content=\"image\/jpeg\" \/>\n<meta name=\"twitter:card\" content=\"summary_large_image\" \/>\n<meta name=\"twitter:label1\" content=\"Predpokladan\u00fd \u010das \u010d\u00edtania\" \/>\n\t<meta name=\"twitter:data1\" content=\"1 min\u00fata\" \/>\n<script type=\"application\/ld+json\" class=\"yoast-schema-graph\">{\"@context\":\"https:\/\/schema.org\",\"@graph\":[{\"@type\":\"WebPage\",\"@id\":\"https:\/\/www.onetimenexttime.sk\/arduino\/index.php\/produkt\/rs232-bluetooth-zigbee-wifi-shield-triple-eds-expansion-board-for-arduino\/\",\"url\":\"https:\/\/www.onetimenexttime.sk\/arduino\/index.php\/produkt\/rs232-bluetooth-zigbee-wifi-shield-triple-eds-expansion-board-for-arduino\/\",\"name\":\"RS232 Bluetooth Zigbee WIFI shield triple EDS-expansion board For Arduino - Arduino e-shop\",\"isPartOf\":{\"@id\":\"https:\/\/www.onetimenexttime.sk\/arduino\/#website\"},\"primaryImageOfPage\":{\"@id\":\"https:\/\/www.onetimenexttime.sk\/arduino\/index.php\/produkt\/rs232-bluetooth-zigbee-wifi-shield-triple-eds-expansion-board-for-arduino\/#primaryimage\"},\"image\":{\"@id\":\"https:\/\/www.onetimenexttime.sk\/arduino\/index.php\/produkt\/rs232-bluetooth-zigbee-wifi-shield-triple-eds-expansion-board-for-arduino\/#primaryimage\"},\"thumbnailUrl\":\"https:\/\/www.onetimenexttime.sk\/arduino\/wp-content\/uploads\/2021\/10\/203.jpg\",\"datePublished\":\"2021-10-17T17:47:26+00:00\",\"dateModified\":\"2021-10-17T17:51:01+00:00\",\"breadcrumb\":{\"@id\":\"https:\/\/www.onetimenexttime.sk\/arduino\/index.php\/produkt\/rs232-bluetooth-zigbee-wifi-shield-triple-eds-expansion-board-for-arduino\/#breadcrumb\"},\"inLanguage\":\"sk-SK\",\"potentialAction\":[{\"@type\":\"ReadAction\",\"target\":[\"https:\/\/www.onetimenexttime.sk\/arduino\/index.php\/produkt\/rs232-bluetooth-zigbee-wifi-shield-triple-eds-expansion-board-for-arduino\/\"]}]},{\"@type\":\"ImageObject\",\"inLanguage\":\"sk-SK\",\"@id\":\"https:\/\/www.onetimenexttime.sk\/arduino\/index.php\/produkt\/rs232-bluetooth-zigbee-wifi-shield-triple-eds-expansion-board-for-arduino\/#primaryimage\",\"url\":\"https:\/\/www.onetimenexttime.sk\/arduino\/wp-content\/uploads\/2021\/10\/203.jpg\",\"contentUrl\":\"https:\/\/www.onetimenexttime.sk\/arduino\/wp-content\/uploads\/2021\/10\/203.jpg\",\"width\":380,\"height\":380},{\"@type\":\"BreadcrumbList\",\"@id\":\"https:\/\/www.onetimenexttime.sk\/arduino\/index.php\/produkt\/rs232-bluetooth-zigbee-wifi-shield-triple-eds-expansion-board-for-arduino\/#breadcrumb\",\"itemListElement\":[{\"@type\":\"ListItem\",\"position\":1,\"name\":\"Domov\",\"item\":\"https:\/\/www.onetimenexttime.sk\/arduino\/\"},{\"@type\":\"ListItem\",\"position\":2,\"name\":\"Obchod\",\"item\":\"https:\/\/www.onetimenexttime.sk\/arduino\/\"},{\"@type\":\"ListItem\",\"position\":3,\"name\":\"RS232 Bluetooth Zigbee WIFI shield triple EDS-expansion board For Arduino\"}]},{\"@type\":\"WebSite\",\"@id\":\"https:\/\/www.onetimenexttime.sk\/arduino\/#website\",\"url\":\"https:\/\/www.onetimenexttime.sk\/arduino\/\",\"name\":\"Arduino e-shop\",\"description\":\"Home Assistant\",\"potentialAction\":[{\"@type\":\"SearchAction\",\"target\":{\"@type\":\"EntryPoint\",\"urlTemplate\":\"https:\/\/www.onetimenexttime.sk\/arduino\/?s={search_term_string}\"},\"query-input\":{\"@type\":\"PropertyValueSpecification\",\"valueRequired\":true,\"valueName\":\"search_term_string\"}}],\"inLanguage\":\"sk-SK\"}]}<\/script>\n<!-- \/ Yoast SEO plugin. -->","yoast_head_json":{"title":"RS232 Bluetooth Zigbee WIFI shield triple EDS-expansion board For Arduino - Arduino e-shop","robots":{"index":"index","follow":"follow","max-snippet":"max-snippet:-1","max-image-preview":"max-image-preview:large","max-video-preview":"max-video-preview:-1"},"canonical":"https:\/\/www.onetimenexttime.sk\/arduino\/index.php\/produkt\/rs232-bluetooth-zigbee-wifi-shield-triple-eds-expansion-board-for-arduino\/","og_locale":"sk_SK","og_type":"article","og_title":"RS232 Bluetooth Zigbee WIFI shield triple EDS-expansion board For Arduino - Arduino e-shop","og_description":"Tento \u0161t\u00edt je mo\u017en\u00e9 pou\u017ei\u0165 na roz\u0161\u00edrenie funkcie Arduino.\u00a0Tento \u0161t\u00edt je mo\u017en\u00e9 vlo\u017ei\u0165 pomocou modulu WIFI, Bluetooth a ZigBee (Xbee).\u00a0In\u00fdmi&hellip;","og_url":"https:\/\/www.onetimenexttime.sk\/arduino\/index.php\/produkt\/rs232-bluetooth-zigbee-wifi-shield-triple-eds-expansion-board-for-arduino\/","og_site_name":"Arduino e-shop","article_modified_time":"2021-10-17T17:51:01+00:00","og_image":[{"width":380,"height":380,"url":"https:\/\/www.onetimenexttime.sk\/arduino\/wp-content\/uploads\/2021\/10\/203.jpg","type":"image\/jpeg"}],"twitter_card":"summary_large_image","twitter_misc":{"Predpokladan\u00fd \u010das \u010d\u00edtania":"1 min\u00fata"},"schema":{"@context":"https:\/\/schema.org","@graph":[{"@type":"WebPage","@id":"https:\/\/www.onetimenexttime.sk\/arduino\/index.php\/produkt\/rs232-bluetooth-zigbee-wifi-shield-triple-eds-expansion-board-for-arduino\/","url":"https:\/\/www.onetimenexttime.sk\/arduino\/index.php\/produkt\/rs232-bluetooth-zigbee-wifi-shield-triple-eds-expansion-board-for-arduino\/","name":"RS232 Bluetooth Zigbee WIFI shield triple EDS-expansion board For Arduino - Arduino e-shop","isPartOf":{"@id":"https:\/\/www.onetimenexttime.sk\/arduino\/#website"},"primaryImageOfPage":{"@id":"https:\/\/www.onetimenexttime.sk\/arduino\/index.php\/produkt\/rs232-bluetooth-zigbee-wifi-shield-triple-eds-expansion-board-for-arduino\/#primaryimage"},"image":{"@id":"https:\/\/www.onetimenexttime.sk\/arduino\/index.php\/produkt\/rs232-bluetooth-zigbee-wifi-shield-triple-eds-expansion-board-for-arduino\/#primaryimage"},"thumbnailUrl":"https:\/\/www.onetimenexttime.sk\/arduino\/wp-content\/uploads\/2021\/10\/203.jpg","datePublished":"2021-10-17T17:47:26+00:00","dateModified":"2021-10-17T17:51:01+00:00","breadcrumb":{"@id":"https:\/\/www.onetimenexttime.sk\/arduino\/index.php\/produkt\/rs232-bluetooth-zigbee-wifi-shield-triple-eds-expansion-board-for-arduino\/#breadcrumb"},"inLanguage":"sk-SK","potentialAction":[{"@type":"ReadAction","target":["https:\/\/www.onetimenexttime.sk\/arduino\/index.php\/produkt\/rs232-bluetooth-zigbee-wifi-shield-triple-eds-expansion-board-for-arduino\/"]}]},{"@type":"ImageObject","inLanguage":"sk-SK","@id":"https:\/\/www.onetimenexttime.sk\/arduino\/index.php\/produkt\/rs232-bluetooth-zigbee-wifi-shield-triple-eds-expansion-board-for-arduino\/#primaryimage","url":"https:\/\/www.onetimenexttime.sk\/arduino\/wp-content\/uploads\/2021\/10\/203.jpg","contentUrl":"https:\/\/www.onetimenexttime.sk\/arduino\/wp-content\/uploads\/2021\/10\/203.jpg","width":380,"height":380},{"@type":"BreadcrumbList","@id":"https:\/\/www.onetimenexttime.sk\/arduino\/index.php\/produkt\/rs232-bluetooth-zigbee-wifi-shield-triple-eds-expansion-board-for-arduino\/#breadcrumb","itemListElement":[{"@type":"ListItem","position":1,"name":"Domov","item":"https:\/\/www.onetimenexttime.sk\/arduino\/"},{"@type":"ListItem","position":2,"name":"Obchod","item":"https:\/\/www.onetimenexttime.sk\/arduino\/"},{"@type":"ListItem","position":3,"name":"RS232 Bluetooth Zigbee WIFI shield triple EDS-expansion board For Arduino"}]},{"@type":"WebSite","@id":"https:\/\/www.onetimenexttime.sk\/arduino\/#website","url":"https:\/\/www.onetimenexttime.sk\/arduino\/","name":"Arduino e-shop","description":"Home Assistant","potentialAction":[{"@type":"SearchAction","target":{"@type":"EntryPoint","urlTemplate":"https:\/\/www.onetimenexttime.sk\/arduino\/?s={search_term_string}"},"query-input":{"@type":"PropertyValueSpecification","valueRequired":true,"valueName":"search_term_string"}}],"inLanguage":"sk-SK"}]}},"_links":{"self":[{"href":"https:\/\/www.onetimenexttime.sk\/arduino\/index.php\/wp-json\/wp\/v2\/product\/58"}],"collection":[{"href":"https:\/\/www.onetimenexttime.sk\/arduino\/index.php\/wp-json\/wp\/v2\/product"}],"about":[{"href":"https:\/\/www.onetimenexttime.sk\/arduino\/index.php\/wp-json\/wp\/v2\/types\/product"}],"wp:featuredmedia":[{"embeddable":true,"href":"https:\/\/www.onetimenexttime.sk\/arduino\/index.php\/wp-json\/wp\/v2\/media\/59"}],"wp:attachment":[{"href":"https:\/\/www.onetimenexttime.sk\/arduino\/index.php\/wp-json\/wp\/v2\/media?parent=58"}],"wp:term":[{"taxonomy":"product_cat","embeddable":true,"href":"https:\/\/www.onetimenexttime.sk\/arduino\/index.php\/wp-json\/wp\/v2\/product_cat?post=58"},{"taxonomy":"product_tag","embeddable":true,"href":"https:\/\/www.onetimenexttime.sk\/arduino\/index.php\/wp-json\/wp\/v2\/product_tag?post=58"}],"curies":[{"name":"wp","href":"https:\/\/api.w.org\/{rel}","templated":true}]}}