{"id":574,"date":"2021-10-29T12:08:15","date_gmt":"2021-10-29T10:08:15","guid":{"rendered":"https:\/\/www.onetimenexttime.sk\/arduino\/?post_type=product&#038;p=574"},"modified":"2024-02-22T15:42:53","modified_gmt":"2024-02-22T14:42:53","slug":"base-board-serial-transceiver-bluetooth-module-hc-05-06-for-arduino","status":"publish","type":"product","link":"https:\/\/www.onetimenexttime.sk\/arduino\/index.php\/produkt\/base-board-serial-transceiver-bluetooth-module-hc-05-06-for-arduino\/","title":{"rendered":"Base Board Serial Transceiver Bluetooth Module HC-05 06 For Arduino"},"content":{"rendered":"<table>\n<tbody>\n<tr>\n<th style=\"text-align: center;\" colspan=\"2\">Z\u00e1kladn\u00e1 doska s\u00e9riov\u00e9ho prenosn\u00edka Bluetooth modulu HC-05\/06 pre Arduino<\/th>\n<\/tr>\n<tr>\n<td style=\"text-align: center;\" colspan=\"2\"><img decoding=\"async\" src=\"hc-05_module.jpg\" alt=\"Bluetooth Modul HC-05\/06\" \/><\/td>\n<\/tr>\n<tr>\n<td><strong>Popis:<\/strong><\/td>\n<td>Z\u00e1kladn\u00e1 doska s\u00e9riov\u00e9ho prenosn\u00edka Bluetooth modulu HC-05\/06 je pohodln\u00fd a jednoducho pou\u017eite\u013en\u00fd modul pre pridanie funkcionality Bluetooth do va\u0161ich Arduino projektov. Tento modul umo\u017e\u0148uje bezdr\u00f4tov\u00fa komunik\u00e1ciu medzi va\u0161ou doskou Arduino a \u010fal\u0161\u00edmi zariadeniami s funkciou Bluetooth, ako s\u00fa smartf\u00f3ny, tablety alebo in\u00e9 mikrokontrol\u00e9ry. \u010casto sa pou\u017e\u00edva na vytv\u00e1ranie bezdr\u00f4tov\u00fdch senzorov\u00fdch siet\u00ed, syst\u00e9mov na dia\u013ekov\u00e9 ovl\u00e1danie alebo projektov dom\u00e1cej automatiz\u00e1cie s funkciou Bluetooth.<\/td>\n<\/tr>\n<tr>\n<td><strong>Funkcie:<\/strong><\/td>\n<td>\n<ul>\n<li>S\u00e9riov\u00fd prenosn\u00fd modul pre Bluetooth komunik\u00e1ciu<\/li>\n<li>Kompatibiln\u00fd s modulmi HC-05 a HC-06 Bluetooth<\/li>\n<li>\u0160tandardn\u00e9 s\u00e9riov\u00e9 rozhranie pre jednoduch\u00e9 pripojenie k Arduinu<\/li>\n<li>Funguje s doskami Arduino s nap\u00e4t\u00edm 3,3V a 5V<\/li>\n<li>LED indik\u00e1tory pre stav nap\u00e1jania a pripojenia Bluetooth<\/li>\n<li>Umo\u017e\u0148uje bezdr\u00f4tov\u00fa komunik\u00e1ciu na vzdialenos\u0165 a\u017e do 10 metrov (HC-05) alebo 20 metrov (HC-06)<\/li>\n<li>Flexibiln\u00fd a univerz\u00e1lny pre r\u00f4zne projekty Arduino<\/li>\n<\/ul>\n<\/td>\n<\/tr>\n<tr>\n<td><strong>Parametre:<\/strong><\/td>\n<td>\n<table>\n<tbody>\n<tr>\n<td><strong>Typ modulu:<\/strong><\/td>\n<td>S\u00e9riov\u00fd prenosn\u00edk Bluetooth<\/td>\n<\/tr>\n<tr>\n<td><strong>Kompatibiln\u00e9 moduly:<\/strong><\/td>\n<td>HC-05, HC-06<\/td>\n<\/tr>\n<tr>\n<td><strong>Prev\u00e1dzkov\u00e9 nap\u00e4tie:<\/strong><\/td>\n<td>3,3V &#8211; 5V DC<\/td>\n<\/tr>\n<tr>\n<td><strong>Komunika\u010dn\u00e9 rozhranie:<\/strong><\/td>\n<td>S\u00e9riov\u00e9 (UART)<\/td>\n<\/tr>\n<tr>\n<td><strong>Rozsah:<\/strong><\/td>\n<td>A\u017e do 10 metrov (HC-05), A\u017e do 20 metrov (HC-06)<\/td>\n<\/tr>\n<tr>\n<td><strong>Rozmery:<\/strong><\/td>\n<td>Pribli\u017ene 25mm x 15mm x 5mm<\/td>\n<\/tr>\n<\/tbody>\n<\/table>\n<\/td>\n<\/tr>\n<tr>\n<td><strong>Pr\u00edkladov\u00fd k\u00f3d:<\/strong><\/td>\n<td>\n<pre lang=\"arduino\">#include \r\nSoftwareSerial bluetooth(2, 3); \/\/ RX, TX piny pre Bluetooth modul\r\n\r\nvoid setup() {\r\nSerial.begin(9600); \/\/ Spustenie s\u00e9riovej komunik\u00e1cie s po\u010d\u00edta\u010dom\r\nbluetooth.begin(9600); \/\/ Spustenie s\u00e9riovej komunik\u00e1cie s Bluetooth modulom\r\n}\r\n\r\nvoid loop() {\r\nif (bluetooth.available()) {\r\nchar c = bluetooth.read(); \/\/ \u010c\u00edtanie znaku z Bluetooth\r\nSerial.write(c); \/\/ Tla\u010d znaku do s\u00e9riovej konzoly\r\n}\r\nif (Serial.available()) {\r\nchar c = Serial.read(); \/\/ \u010c\u00edtanie znaku zo s\u00e9riovej konzoly\r\nbluetooth.write(c); \/\/ Poslanie znaku na Bluetooth modul\r\n}\r\n}\r\n<\/pre>\n<\/td>\n<\/tr>\n<\/tbody>\n<\/table>\n<table>\n<tbody>\n<tr>\n<th style=\"text-align: center;\" colspan=\"2\">Base Board Serial Transceiver Bluetooth Module HC-05\/06 for Arduino<\/th>\n<\/tr>\n<tr>\n<td style=\"text-align: center;\" colspan=\"2\"><img decoding=\"async\" src=\"hc-05_module.jpg\" alt=\"Bluetooth Module HC-05\/06\" \/><\/td>\n<\/tr>\n<tr>\n<td><strong>Description:<\/strong><\/td>\n<td>The Base Board Serial Transceiver Bluetooth Module HC-05\/06 is a convenient and easy-to-use module for adding Bluetooth functionality to your Arduino projects. This module allows wireless communication between your Arduino board and other Bluetooth-enabled devices, such as smartphones, tablets, or other microcontrollers. It is commonly used for creating wireless sensor networks, remote control systems, or Bluetooth-enabled home automation projects.<\/td>\n<\/tr>\n<tr>\n<td><strong>Features:<\/strong><\/td>\n<td>\n<ul>\n<li>Serial transceiver module for Bluetooth communication<\/li>\n<li>Compatible with both HC-05 and HC-06 Bluetooth modules<\/li>\n<li>Standard serial interface for easy connection to Arduino<\/li>\n<li>Works with 3.3V and 5V Arduino boards<\/li>\n<li>LED indicators for power and Bluetooth connection status<\/li>\n<li>Allows for wireless communication over a range of up to 10 meters (HC-05) or 20 meters (HC-06)<\/li>\n<li>Flexible and versatile for various Arduino projects<\/li>\n<\/ul>\n<\/td>\n<\/tr>\n<tr>\n<td><strong>Parameters:<\/strong><\/td>\n<td>\n<table>\n<tbody>\n<tr>\n<td><strong>Module Type:<\/strong><\/td>\n<td>Bluetooth Serial Transceiver<\/td>\n<\/tr>\n<tr>\n<td><strong>Compatible Modules:<\/strong><\/td>\n<td>HC-05, HC-06<\/td>\n<\/tr>\n<tr>\n<td><strong>Operating Voltage:<\/strong><\/td>\n<td>3.3V &#8211; 5V DC<\/td>\n<\/tr>\n<tr>\n<td><strong>Communication Interface:<\/strong><\/td>\n<td>Serial (UART)<\/td>\n<\/tr>\n<tr>\n<td><strong>Range:<\/strong><\/td>\n<td>Up to 10 meters (HC-05), Up to 20 meters (HC-06)<\/td>\n<\/tr>\n<tr>\n<td><strong>Dimensions:<\/strong><\/td>\n<td>Approx. 25mm x 15mm x 5mm<\/td>\n<\/tr>\n<\/tbody>\n<\/table>\n<\/td>\n<\/tr>\n<tr>\n<td><strong>Sample Code:<\/strong><\/td>\n<td>\n<pre lang=\"arduino\">#include \r\nSoftwareSerial bluetooth(2, 3); \/\/ RX, TX pins for Bluetooth module\r\n\r\nvoid setup() {\r\nSerial.begin(9600); \/\/ Start serial communication with computer\r\nbluetooth.begin(9600); \/\/ Start serial communication with Bluetooth module\r\n}\r\n\r\nvoid loop() {\r\nif (bluetooth.available()) {\r\nchar c = bluetooth.read(); \/\/ Read character from Bluetooth\r\nSerial.write(c); \/\/ Print character to serial monitor\r\n}\r\nif (Serial.available()) {\r\nchar c = Serial.read(); \/\/ Read character from serial monitor\r\nbluetooth.write(c); \/\/ Send character to Bluetooth module\r\n}\r\n}\r\n<\/pre>\n<\/td>\n<\/tr>\n<\/tbody>\n<\/table>\n<ul>\n<li><\/li>\n<\/ul>\n<h2>Z\u00e1kladn\u00e1 doska Serial Transceiver Bluetooth Modul HC-05 06 pre Arduino<\/h2>\n<p>&nbsp;<\/p>\n<p><strong>\u0161pecifik\u00e1cia:<\/strong><br \/>\nKomer\u010dn\u00e1 s\u00e9ria: S\u00e9ria modulov Bluetooth<br \/>\nS LED indik\u00e1torom pou\u017eite 150mA a 3,3V regula\u010dn\u00fd \u010dip.<br \/>\nS nohou VCC GND TXD RXD pre Bluetooth.<br \/>\nPomocou tla\u010didla &#8220;Znova vyh\u013eada\u0165&#8221; (na to no\u017ei\u010dka ON\/OFF\/WAKE, extern\u00fd v\u00fdstup MCU &#8220;High level&#8221; m\u00f4\u017ee ovl\u00e1da\u0165 modul na op\u00e4tovn\u00e9 vyh\u013ead\u00e1vanie).<br \/>\nKompatibiln\u00e9 s bluetooth master modulom&#8221;. slave module&#8221; alebo master-slave (cel\u00fdm) modulom.<br \/>\nVstupn\u00e9 nap\u00e4tie: 3,3~6V.<br \/>\nVe\u013ekos\u0165: 1,55 cm * 3,98 cm.<\/p>\n<p><strong>Pozn\u00e1mka:<\/strong><br \/>\nVstupn\u00e9 nap\u00e1janie 3,3 ~ 6V, zak\u00e1za\u0165 viac ako 7V<br \/>\n\u017diadne &#8220;Automaticky zabr\u00e1ni\u0165 preru\u0161eniu nap\u00e1jania&#8221;, tak\u017ee spr\u00e1vne pripojte nap\u00e1janie<br \/>\nOdpor\u00fa\u010dame nain\u0161talova\u0165 &#8220;Bluetooth master modul&#8221;<br \/>\n&#8220;State&#8221; je v\u00fdstupn\u00e1 p\u00e4tka pre stav LED, ke\u010f bluetooth &#8220;Nepripojen\u00e9&#8221;, v\u00fdstup &#8220;Pulse&#8221; ; ke\u010f je bluetooth &#8220;pripojen\u00e9&#8221;, v\u00fdstup &#8220;High level&#8221;, m\u00f4\u017eeme ur\u010di\u0165 stavy z &#8220;MCU&#8221;<\/p>\n<p>&nbsp;<\/p>\n<p><strong>Len doska, \u017eiadna \u201efunkcia Bluetooth\u201c<\/strong><\/p>\n","protected":false},"excerpt":{"rendered":"<p>Z\u00e1kladn\u00e1 doska s\u00e9riov\u00e9ho prenosn\u00edka Bluetooth modulu HC-05\/06 pre Arduino Popis: Z\u00e1kladn\u00e1 doska s\u00e9riov\u00e9ho prenosn\u00edka Bluetooth modulu HC-05\/06 je pohodln\u00fd a&hellip;<\/p>\n","protected":false},"featured_media":575,"template":"","meta":{"_monsterinsights_skip_tracking":false,"_monsterinsights_sitenote_active":false,"_monsterinsights_sitenote_note":"","_monsterinsights_sitenote_category":0},"product_cat":[16,32,29],"product_tag":[],"class_list":{"0":"post-574","1":"product","2":"type-product","3":"status-publish","4":"has-post-thumbnail","6":"product_cat-ard","7":"product_cat-bluetooth","8":"product_cat-wireless-transmission","10":"first","11":"instock","12":"shipping-taxable","13":"purchasable","14":"product-type-simple"},"yoast_head":"<!-- This site is optimized with the Yoast SEO plugin v23.6 - https:\/\/yoast.com\/wordpress\/plugins\/seo\/ -->\n<title>Base Board Serial Transceiver Bluetooth Module HC-05 06 For Arduino - Arduino e-shop<\/title>\n<meta name=\"robots\" content=\"index, follow, max-snippet:-1, max-image-preview:large, max-video-preview:-1\" \/>\n<link rel=\"canonical\" href=\"https:\/\/www.onetimenexttime.sk\/arduino\/index.php\/produkt\/base-board-serial-transceiver-bluetooth-module-hc-05-06-for-arduino\/\" \/>\n<meta property=\"og:locale\" content=\"sk_SK\" \/>\n<meta property=\"og:type\" content=\"article\" \/>\n<meta property=\"og:title\" content=\"Base Board Serial Transceiver Bluetooth Module HC-05 06 For Arduino - Arduino e-shop\" \/>\n<meta property=\"og:description\" content=\"Z\u00e1kladn\u00e1 doska s\u00e9riov\u00e9ho prenosn\u00edka Bluetooth modulu HC-05\/06 pre Arduino Popis: Z\u00e1kladn\u00e1 doska s\u00e9riov\u00e9ho prenosn\u00edka Bluetooth modulu HC-05\/06 je pohodln\u00fd a&hellip;\" \/>\n<meta property=\"og:url\" content=\"https:\/\/www.onetimenexttime.sk\/arduino\/index.php\/produkt\/base-board-serial-transceiver-bluetooth-module-hc-05-06-for-arduino\/\" \/>\n<meta property=\"og:site_name\" content=\"Arduino e-shop\" \/>\n<meta property=\"article:modified_time\" content=\"2024-02-22T14:42:53+00:00\" \/>\n<meta property=\"og:image\" content=\"https:\/\/www.onetimenexttime.sk\/arduino\/wp-content\/uploads\/2021\/10\/103.jpg\" \/>\n\t<meta property=\"og:image:width\" content=\"502\" \/>\n\t<meta property=\"og:image:height\" content=\"504\" \/>\n\t<meta property=\"og:image:type\" content=\"image\/jpeg\" \/>\n<meta name=\"twitter:card\" content=\"summary_large_image\" \/>\n<meta name=\"twitter:label1\" content=\"Predpokladan\u00fd \u010das \u010d\u00edtania\" \/>\n\t<meta name=\"twitter:data1\" content=\"4 min\u00faty\" \/>\n<script type=\"application\/ld+json\" class=\"yoast-schema-graph\">{\"@context\":\"https:\/\/schema.org\",\"@graph\":[{\"@type\":\"WebPage\",\"@id\":\"https:\/\/www.onetimenexttime.sk\/arduino\/index.php\/produkt\/base-board-serial-transceiver-bluetooth-module-hc-05-06-for-arduino\/\",\"url\":\"https:\/\/www.onetimenexttime.sk\/arduino\/index.php\/produkt\/base-board-serial-transceiver-bluetooth-module-hc-05-06-for-arduino\/\",\"name\":\"Base Board Serial Transceiver Bluetooth Module HC-05 06 For Arduino - Arduino e-shop\",\"isPartOf\":{\"@id\":\"https:\/\/www.onetimenexttime.sk\/arduino\/#website\"},\"primaryImageOfPage\":{\"@id\":\"https:\/\/www.onetimenexttime.sk\/arduino\/index.php\/produkt\/base-board-serial-transceiver-bluetooth-module-hc-05-06-for-arduino\/#primaryimage\"},\"image\":{\"@id\":\"https:\/\/www.onetimenexttime.sk\/arduino\/index.php\/produkt\/base-board-serial-transceiver-bluetooth-module-hc-05-06-for-arduino\/#primaryimage\"},\"thumbnailUrl\":\"https:\/\/www.onetimenexttime.sk\/arduino\/wp-content\/uploads\/2021\/10\/103.jpg\",\"datePublished\":\"2021-10-29T10:08:15+00:00\",\"dateModified\":\"2024-02-22T14:42:53+00:00\",\"breadcrumb\":{\"@id\":\"https:\/\/www.onetimenexttime.sk\/arduino\/index.php\/produkt\/base-board-serial-transceiver-bluetooth-module-hc-05-06-for-arduino\/#breadcrumb\"},\"inLanguage\":\"sk-SK\",\"potentialAction\":[{\"@type\":\"ReadAction\",\"target\":[\"https:\/\/www.onetimenexttime.sk\/arduino\/index.php\/produkt\/base-board-serial-transceiver-bluetooth-module-hc-05-06-for-arduino\/\"]}]},{\"@type\":\"ImageObject\",\"inLanguage\":\"sk-SK\",\"@id\":\"https:\/\/www.onetimenexttime.sk\/arduino\/index.php\/produkt\/base-board-serial-transceiver-bluetooth-module-hc-05-06-for-arduino\/#primaryimage\",\"url\":\"https:\/\/www.onetimenexttime.sk\/arduino\/wp-content\/uploads\/2021\/10\/103.jpg\",\"contentUrl\":\"https:\/\/www.onetimenexttime.sk\/arduino\/wp-content\/uploads\/2021\/10\/103.jpg\",\"width\":502,\"height\":504},{\"@type\":\"BreadcrumbList\",\"@id\":\"https:\/\/www.onetimenexttime.sk\/arduino\/index.php\/produkt\/base-board-serial-transceiver-bluetooth-module-hc-05-06-for-arduino\/#breadcrumb\",\"itemListElement\":[{\"@type\":\"ListItem\",\"position\":1,\"name\":\"Domov\",\"item\":\"https:\/\/www.onetimenexttime.sk\/arduino\/\"},{\"@type\":\"ListItem\",\"position\":2,\"name\":\"Obchod\",\"item\":\"https:\/\/www.onetimenexttime.sk\/arduino\/\"},{\"@type\":\"ListItem\",\"position\":3,\"name\":\"Base Board Serial Transceiver Bluetooth Module HC-05 06 For Arduino\"}]},{\"@type\":\"WebSite\",\"@id\":\"https:\/\/www.onetimenexttime.sk\/arduino\/#website\",\"url\":\"https:\/\/www.onetimenexttime.sk\/arduino\/\",\"name\":\"Arduino e-shop\",\"description\":\"Home Assistant\",\"potentialAction\":[{\"@type\":\"SearchAction\",\"target\":{\"@type\":\"EntryPoint\",\"urlTemplate\":\"https:\/\/www.onetimenexttime.sk\/arduino\/?s={search_term_string}\"},\"query-input\":{\"@type\":\"PropertyValueSpecification\",\"valueRequired\":true,\"valueName\":\"search_term_string\"}}],\"inLanguage\":\"sk-SK\"}]}<\/script>\n<!-- \/ Yoast SEO plugin. -->","yoast_head_json":{"title":"Base Board Serial Transceiver Bluetooth Module HC-05 06 For Arduino - Arduino e-shop","robots":{"index":"index","follow":"follow","max-snippet":"max-snippet:-1","max-image-preview":"max-image-preview:large","max-video-preview":"max-video-preview:-1"},"canonical":"https:\/\/www.onetimenexttime.sk\/arduino\/index.php\/produkt\/base-board-serial-transceiver-bluetooth-module-hc-05-06-for-arduino\/","og_locale":"sk_SK","og_type":"article","og_title":"Base Board Serial Transceiver Bluetooth Module HC-05 06 For Arduino - Arduino e-shop","og_description":"Z\u00e1kladn\u00e1 doska s\u00e9riov\u00e9ho prenosn\u00edka Bluetooth modulu HC-05\/06 pre Arduino Popis: Z\u00e1kladn\u00e1 doska s\u00e9riov\u00e9ho prenosn\u00edka Bluetooth modulu HC-05\/06 je pohodln\u00fd a&hellip;","og_url":"https:\/\/www.onetimenexttime.sk\/arduino\/index.php\/produkt\/base-board-serial-transceiver-bluetooth-module-hc-05-06-for-arduino\/","og_site_name":"Arduino e-shop","article_modified_time":"2024-02-22T14:42:53+00:00","og_image":[{"width":502,"height":504,"url":"https:\/\/www.onetimenexttime.sk\/arduino\/wp-content\/uploads\/2021\/10\/103.jpg","type":"image\/jpeg"}],"twitter_card":"summary_large_image","twitter_misc":{"Predpokladan\u00fd \u010das \u010d\u00edtania":"4 min\u00faty"},"schema":{"@context":"https:\/\/schema.org","@graph":[{"@type":"WebPage","@id":"https:\/\/www.onetimenexttime.sk\/arduino\/index.php\/produkt\/base-board-serial-transceiver-bluetooth-module-hc-05-06-for-arduino\/","url":"https:\/\/www.onetimenexttime.sk\/arduino\/index.php\/produkt\/base-board-serial-transceiver-bluetooth-module-hc-05-06-for-arduino\/","name":"Base Board Serial Transceiver Bluetooth Module HC-05 06 For Arduino - Arduino e-shop","isPartOf":{"@id":"https:\/\/www.onetimenexttime.sk\/arduino\/#website"},"primaryImageOfPage":{"@id":"https:\/\/www.onetimenexttime.sk\/arduino\/index.php\/produkt\/base-board-serial-transceiver-bluetooth-module-hc-05-06-for-arduino\/#primaryimage"},"image":{"@id":"https:\/\/www.onetimenexttime.sk\/arduino\/index.php\/produkt\/base-board-serial-transceiver-bluetooth-module-hc-05-06-for-arduino\/#primaryimage"},"thumbnailUrl":"https:\/\/www.onetimenexttime.sk\/arduino\/wp-content\/uploads\/2021\/10\/103.jpg","datePublished":"2021-10-29T10:08:15+00:00","dateModified":"2024-02-22T14:42:53+00:00","breadcrumb":{"@id":"https:\/\/www.onetimenexttime.sk\/arduino\/index.php\/produkt\/base-board-serial-transceiver-bluetooth-module-hc-05-06-for-arduino\/#breadcrumb"},"inLanguage":"sk-SK","potentialAction":[{"@type":"ReadAction","target":["https:\/\/www.onetimenexttime.sk\/arduino\/index.php\/produkt\/base-board-serial-transceiver-bluetooth-module-hc-05-06-for-arduino\/"]}]},{"@type":"ImageObject","inLanguage":"sk-SK","@id":"https:\/\/www.onetimenexttime.sk\/arduino\/index.php\/produkt\/base-board-serial-transceiver-bluetooth-module-hc-05-06-for-arduino\/#primaryimage","url":"https:\/\/www.onetimenexttime.sk\/arduino\/wp-content\/uploads\/2021\/10\/103.jpg","contentUrl":"https:\/\/www.onetimenexttime.sk\/arduino\/wp-content\/uploads\/2021\/10\/103.jpg","width":502,"height":504},{"@type":"BreadcrumbList","@id":"https:\/\/www.onetimenexttime.sk\/arduino\/index.php\/produkt\/base-board-serial-transceiver-bluetooth-module-hc-05-06-for-arduino\/#breadcrumb","itemListElement":[{"@type":"ListItem","position":1,"name":"Domov","item":"https:\/\/www.onetimenexttime.sk\/arduino\/"},{"@type":"ListItem","position":2,"name":"Obchod","item":"https:\/\/www.onetimenexttime.sk\/arduino\/"},{"@type":"ListItem","position":3,"name":"Base Board Serial Transceiver Bluetooth Module HC-05 06 For Arduino"}]},{"@type":"WebSite","@id":"https:\/\/www.onetimenexttime.sk\/arduino\/#website","url":"https:\/\/www.onetimenexttime.sk\/arduino\/","name":"Arduino e-shop","description":"Home Assistant","potentialAction":[{"@type":"SearchAction","target":{"@type":"EntryPoint","urlTemplate":"https:\/\/www.onetimenexttime.sk\/arduino\/?s={search_term_string}"},"query-input":{"@type":"PropertyValueSpecification","valueRequired":true,"valueName":"search_term_string"}}],"inLanguage":"sk-SK"}]}},"_links":{"self":[{"href":"https:\/\/www.onetimenexttime.sk\/arduino\/index.php\/wp-json\/wp\/v2\/product\/574"}],"collection":[{"href":"https:\/\/www.onetimenexttime.sk\/arduino\/index.php\/wp-json\/wp\/v2\/product"}],"about":[{"href":"https:\/\/www.onetimenexttime.sk\/arduino\/index.php\/wp-json\/wp\/v2\/types\/product"}],"wp:featuredmedia":[{"embeddable":true,"href":"https:\/\/www.onetimenexttime.sk\/arduino\/index.php\/wp-json\/wp\/v2\/media\/575"}],"wp:attachment":[{"href":"https:\/\/www.onetimenexttime.sk\/arduino\/index.php\/wp-json\/wp\/v2\/media?parent=574"}],"wp:term":[{"taxonomy":"product_cat","embeddable":true,"href":"https:\/\/www.onetimenexttime.sk\/arduino\/index.php\/wp-json\/wp\/v2\/product_cat?post=574"},{"taxonomy":"product_tag","embeddable":true,"href":"https:\/\/www.onetimenexttime.sk\/arduino\/index.php\/wp-json\/wp\/v2\/product_tag?post=574"}],"curies":[{"name":"wp","href":"https:\/\/api.w.org\/{rel}","templated":true}]}}