{"id":572,"date":"2021-10-29T12:02:10","date_gmt":"2021-10-29T10:02:10","guid":{"rendered":"https:\/\/www.onetimenexttime.sk\/arduino\/?post_type=product&#038;p=572"},"modified":"2021-10-29T12:07:44","modified_gmt":"2021-10-29T10:07:44","slug":"socket-adapter-plate-board-for-10-pin-nrf24l01-wireless-transceive-module-51","status":"publish","type":"product","link":"https:\/\/www.onetimenexttime.sk\/arduino\/index.php\/produkt\/socket-adapter-plate-board-for-10-pin-nrf24l01-wireless-transceive-module-51\/","title":{"rendered":"Socket Adapter plate Board for 10 Pin NRF24L01 Wireless Transceive module 51"},"content":{"rendered":"<h2>Doska z\u00e1suvkov\u00e9ho adapt\u00e9ra pre 10-kol\u00edkov\u00fd modul bezdr\u00f4tov\u00e9ho vysielania a prij\u00edmania NRF24L01 51<\/h2>\n<p>&nbsp;<\/p>\n<p>Prev\u00e1dzkov\u00e9 nap\u00e4tie bezdr\u00f4tov\u00e9ho modulu je vo v\u0161eobecnosti 3,3 V, zatia\u013e \u010do be\u017en\u00fd 51 mikrokontrol\u00e9r 5 V, tento modul sa d\u00e1 \u013eahko k\u00fapi\u0165 bezdr\u00f4tov\u00fdm modulom s 51 jedinou syst\u00e9movou doskou pou\u017e\u00edvanou v spojen\u00ed.<\/p>\n<p>Tento modul m\u00f4\u017ee by\u0165 ktor\u00fdko\u013evek z 51 obchodov je priamo pripojen\u00fd k syst\u00e9movej doske, \u013eahko sa pou\u017e\u00edva.<br \/>\nJe to pre 8pinov\u00fd modul NRF24L01+<br \/>\nJedn\u00e1 sa o jednoduch\u00fa z\u00e1suvkov\u00fa dosku, ktor\u00e1 je ur\u010den\u00e1 pre bezdr\u00f4tov\u00fd modul NRF24L01<br \/>\npalubn\u00fd \u010dip AMS1117-3.3<br \/>\nM\u00f4\u017ee by\u0165 pou\u017eit\u00fd s bezdr\u00f4tov\u00fdm modulom NRF24L01 v na\u0161om obchode.<\/p>\n","protected":false},"excerpt":{"rendered":"<p>Doska z\u00e1suvkov\u00e9ho adapt\u00e9ra pre 10-kol\u00edkov\u00fd modul bezdr\u00f4tov\u00e9ho vysielania a prij\u00edmania NRF24L01 51 &nbsp; Prev\u00e1dzkov\u00e9 nap\u00e4tie bezdr\u00f4tov\u00e9ho modulu je vo v\u0161eobecnosti&hellip;<\/p>\n","protected":false},"featured_media":573,"template":"","meta":{"_monsterinsights_skip_tracking":false,"_monsterinsights_sitenote_active":false,"_monsterinsights_sitenote_note":"","_monsterinsights_sitenote_category":0},"product_cat":[16,17,29],"product_tag":[],"class_list":{"0":"post-572","1":"product","2":"type-product","3":"status-publish","4":"has-post-thumbnail","6":"product_cat-ard","7":"product_cat-modul","8":"product_cat-wireless-transmission","10":"first","11":"instock","12":"sale","13":"shipping-taxable","14":"purchasable","15":"product-type-simple"},"yoast_head":"<!-- This site is optimized with the Yoast SEO plugin v23.6 - https:\/\/yoast.com\/wordpress\/plugins\/seo\/ -->\n<title>Socket Adapter plate Board for 10 Pin NRF24L01 Wireless Transceive module 51 - Arduino e-shop<\/title>\n<meta name=\"robots\" content=\"index, follow, max-snippet:-1, max-image-preview:large, max-video-preview:-1\" \/>\n<link rel=\"canonical\" href=\"https:\/\/www.onetimenexttime.sk\/arduino\/index.php\/produkt\/socket-adapter-plate-board-for-10-pin-nrf24l01-wireless-transceive-module-51\/\" \/>\n<meta property=\"og:locale\" content=\"sk_SK\" \/>\n<meta property=\"og:type\" content=\"article\" \/>\n<meta property=\"og:title\" content=\"Socket Adapter plate Board for 10 Pin NRF24L01 Wireless Transceive module 51 - Arduino e-shop\" \/>\n<meta property=\"og:description\" content=\"Doska z\u00e1suvkov\u00e9ho adapt\u00e9ra pre 10-kol\u00edkov\u00fd modul bezdr\u00f4tov\u00e9ho vysielania a prij\u00edmania NRF24L01 51 &nbsp; Prev\u00e1dzkov\u00e9 nap\u00e4tie bezdr\u00f4tov\u00e9ho modulu je vo v\u0161eobecnosti&hellip;\" \/>\n<meta property=\"og:url\" content=\"https:\/\/www.onetimenexttime.sk\/arduino\/index.php\/produkt\/socket-adapter-plate-board-for-10-pin-nrf24l01-wireless-transceive-module-51\/\" \/>\n<meta property=\"og:site_name\" content=\"Arduino e-shop\" \/>\n<meta property=\"article:modified_time\" content=\"2021-10-29T10:07:44+00:00\" \/>\n<meta property=\"og:image\" content=\"https:\/\/www.onetimenexttime.sk\/arduino\/wp-content\/uploads\/2021\/10\/163.jpg\" \/>\n\t<meta property=\"og:image:width\" content=\"502\" \/>\n\t<meta property=\"og:image:height\" content=\"504\" \/>\n\t<meta property=\"og:image:type\" content=\"image\/jpeg\" \/>\n<meta name=\"twitter:card\" content=\"summary_large_image\" \/>\n<meta name=\"twitter:label1\" content=\"Predpokladan\u00fd \u010das \u010d\u00edtania\" \/>\n\t<meta name=\"twitter:data1\" content=\"1 min\u00fata\" \/>\n<script type=\"application\/ld+json\" class=\"yoast-schema-graph\">{\"@context\":\"https:\/\/schema.org\",\"@graph\":[{\"@type\":\"WebPage\",\"@id\":\"https:\/\/www.onetimenexttime.sk\/arduino\/index.php\/produkt\/socket-adapter-plate-board-for-10-pin-nrf24l01-wireless-transceive-module-51\/\",\"url\":\"https:\/\/www.onetimenexttime.sk\/arduino\/index.php\/produkt\/socket-adapter-plate-board-for-10-pin-nrf24l01-wireless-transceive-module-51\/\",\"name\":\"Socket Adapter plate Board for 10 Pin NRF24L01 Wireless Transceive module 51 - Arduino e-shop\",\"isPartOf\":{\"@id\":\"https:\/\/www.onetimenexttime.sk\/arduino\/#website\"},\"primaryImageOfPage\":{\"@id\":\"https:\/\/www.onetimenexttime.sk\/arduino\/index.php\/produkt\/socket-adapter-plate-board-for-10-pin-nrf24l01-wireless-transceive-module-51\/#primaryimage\"},\"image\":{\"@id\":\"https:\/\/www.onetimenexttime.sk\/arduino\/index.php\/produkt\/socket-adapter-plate-board-for-10-pin-nrf24l01-wireless-transceive-module-51\/#primaryimage\"},\"thumbnailUrl\":\"https:\/\/www.onetimenexttime.sk\/arduino\/wp-content\/uploads\/2021\/10\/163.jpg\",\"datePublished\":\"2021-10-29T10:02:10+00:00\",\"dateModified\":\"2021-10-29T10:07:44+00:00\",\"breadcrumb\":{\"@id\":\"https:\/\/www.onetimenexttime.sk\/arduino\/index.php\/produkt\/socket-adapter-plate-board-for-10-pin-nrf24l01-wireless-transceive-module-51\/#breadcrumb\"},\"inLanguage\":\"sk-SK\",\"potentialAction\":[{\"@type\":\"ReadAction\",\"target\":[\"https:\/\/www.onetimenexttime.sk\/arduino\/index.php\/produkt\/socket-adapter-plate-board-for-10-pin-nrf24l01-wireless-transceive-module-51\/\"]}]},{\"@type\":\"ImageObject\",\"inLanguage\":\"sk-SK\",\"@id\":\"https:\/\/www.onetimenexttime.sk\/arduino\/index.php\/produkt\/socket-adapter-plate-board-for-10-pin-nrf24l01-wireless-transceive-module-51\/#primaryimage\",\"url\":\"https:\/\/www.onetimenexttime.sk\/arduino\/wp-content\/uploads\/2021\/10\/163.jpg\",\"contentUrl\":\"https:\/\/www.onetimenexttime.sk\/arduino\/wp-content\/uploads\/2021\/10\/163.jpg\",\"width\":502,\"height\":504},{\"@type\":\"BreadcrumbList\",\"@id\":\"https:\/\/www.onetimenexttime.sk\/arduino\/index.php\/produkt\/socket-adapter-plate-board-for-10-pin-nrf24l01-wireless-transceive-module-51\/#breadcrumb\",\"itemListElement\":[{\"@type\":\"ListItem\",\"position\":1,\"name\":\"Domov\",\"item\":\"https:\/\/www.onetimenexttime.sk\/arduino\/\"},{\"@type\":\"ListItem\",\"position\":2,\"name\":\"Obchod\",\"item\":\"https:\/\/www.onetimenexttime.sk\/arduino\/\"},{\"@type\":\"ListItem\",\"position\":3,\"name\":\"Socket Adapter plate Board for 10 Pin NRF24L01 Wireless Transceive module 51\"}]},{\"@type\":\"WebSite\",\"@id\":\"https:\/\/www.onetimenexttime.sk\/arduino\/#website\",\"url\":\"https:\/\/www.onetimenexttime.sk\/arduino\/\",\"name\":\"Arduino e-shop\",\"description\":\"Home Assistant\",\"potentialAction\":[{\"@type\":\"SearchAction\",\"target\":{\"@type\":\"EntryPoint\",\"urlTemplate\":\"https:\/\/www.onetimenexttime.sk\/arduino\/?s={search_term_string}\"},\"query-input\":{\"@type\":\"PropertyValueSpecification\",\"valueRequired\":true,\"valueName\":\"search_term_string\"}}],\"inLanguage\":\"sk-SK\"}]}<\/script>\n<!-- \/ Yoast SEO plugin. -->","yoast_head_json":{"title":"Socket Adapter plate Board for 10 Pin NRF24L01 Wireless Transceive module 51 - Arduino e-shop","robots":{"index":"index","follow":"follow","max-snippet":"max-snippet:-1","max-image-preview":"max-image-preview:large","max-video-preview":"max-video-preview:-1"},"canonical":"https:\/\/www.onetimenexttime.sk\/arduino\/index.php\/produkt\/socket-adapter-plate-board-for-10-pin-nrf24l01-wireless-transceive-module-51\/","og_locale":"sk_SK","og_type":"article","og_title":"Socket Adapter plate Board for 10 Pin NRF24L01 Wireless Transceive module 51 - Arduino e-shop","og_description":"Doska z\u00e1suvkov\u00e9ho adapt\u00e9ra pre 10-kol\u00edkov\u00fd modul bezdr\u00f4tov\u00e9ho vysielania a prij\u00edmania NRF24L01 51 &nbsp; Prev\u00e1dzkov\u00e9 nap\u00e4tie bezdr\u00f4tov\u00e9ho modulu je vo v\u0161eobecnosti&hellip;","og_url":"https:\/\/www.onetimenexttime.sk\/arduino\/index.php\/produkt\/socket-adapter-plate-board-for-10-pin-nrf24l01-wireless-transceive-module-51\/","og_site_name":"Arduino e-shop","article_modified_time":"2021-10-29T10:07:44+00:00","og_image":[{"width":502,"height":504,"url":"https:\/\/www.onetimenexttime.sk\/arduino\/wp-content\/uploads\/2021\/10\/163.jpg","type":"image\/jpeg"}],"twitter_card":"summary_large_image","twitter_misc":{"Predpokladan\u00fd \u010das \u010d\u00edtania":"1 min\u00fata"},"schema":{"@context":"https:\/\/schema.org","@graph":[{"@type":"WebPage","@id":"https:\/\/www.onetimenexttime.sk\/arduino\/index.php\/produkt\/socket-adapter-plate-board-for-10-pin-nrf24l01-wireless-transceive-module-51\/","url":"https:\/\/www.onetimenexttime.sk\/arduino\/index.php\/produkt\/socket-adapter-plate-board-for-10-pin-nrf24l01-wireless-transceive-module-51\/","name":"Socket Adapter plate Board for 10 Pin NRF24L01 Wireless Transceive module 51 - Arduino e-shop","isPartOf":{"@id":"https:\/\/www.onetimenexttime.sk\/arduino\/#website"},"primaryImageOfPage":{"@id":"https:\/\/www.onetimenexttime.sk\/arduino\/index.php\/produkt\/socket-adapter-plate-board-for-10-pin-nrf24l01-wireless-transceive-module-51\/#primaryimage"},"image":{"@id":"https:\/\/www.onetimenexttime.sk\/arduino\/index.php\/produkt\/socket-adapter-plate-board-for-10-pin-nrf24l01-wireless-transceive-module-51\/#primaryimage"},"thumbnailUrl":"https:\/\/www.onetimenexttime.sk\/arduino\/wp-content\/uploads\/2021\/10\/163.jpg","datePublished":"2021-10-29T10:02:10+00:00","dateModified":"2021-10-29T10:07:44+00:00","breadcrumb":{"@id":"https:\/\/www.onetimenexttime.sk\/arduino\/index.php\/produkt\/socket-adapter-plate-board-for-10-pin-nrf24l01-wireless-transceive-module-51\/#breadcrumb"},"inLanguage":"sk-SK","potentialAction":[{"@type":"ReadAction","target":["https:\/\/www.onetimenexttime.sk\/arduino\/index.php\/produkt\/socket-adapter-plate-board-for-10-pin-nrf24l01-wireless-transceive-module-51\/"]}]},{"@type":"ImageObject","inLanguage":"sk-SK","@id":"https:\/\/www.onetimenexttime.sk\/arduino\/index.php\/produkt\/socket-adapter-plate-board-for-10-pin-nrf24l01-wireless-transceive-module-51\/#primaryimage","url":"https:\/\/www.onetimenexttime.sk\/arduino\/wp-content\/uploads\/2021\/10\/163.jpg","contentUrl":"https:\/\/www.onetimenexttime.sk\/arduino\/wp-content\/uploads\/2021\/10\/163.jpg","width":502,"height":504},{"@type":"BreadcrumbList","@id":"https:\/\/www.onetimenexttime.sk\/arduino\/index.php\/produkt\/socket-adapter-plate-board-for-10-pin-nrf24l01-wireless-transceive-module-51\/#breadcrumb","itemListElement":[{"@type":"ListItem","position":1,"name":"Domov","item":"https:\/\/www.onetimenexttime.sk\/arduino\/"},{"@type":"ListItem","position":2,"name":"Obchod","item":"https:\/\/www.onetimenexttime.sk\/arduino\/"},{"@type":"ListItem","position":3,"name":"Socket Adapter plate Board for 10 Pin NRF24L01 Wireless Transceive module 51"}]},{"@type":"WebSite","@id":"https:\/\/www.onetimenexttime.sk\/arduino\/#website","url":"https:\/\/www.onetimenexttime.sk\/arduino\/","name":"Arduino e-shop","description":"Home Assistant","potentialAction":[{"@type":"SearchAction","target":{"@type":"EntryPoint","urlTemplate":"https:\/\/www.onetimenexttime.sk\/arduino\/?s={search_term_string}"},"query-input":{"@type":"PropertyValueSpecification","valueRequired":true,"valueName":"search_term_string"}}],"inLanguage":"sk-SK"}]}},"_links":{"self":[{"href":"https:\/\/www.onetimenexttime.sk\/arduino\/index.php\/wp-json\/wp\/v2\/product\/572"}],"collection":[{"href":"https:\/\/www.onetimenexttime.sk\/arduino\/index.php\/wp-json\/wp\/v2\/product"}],"about":[{"href":"https:\/\/www.onetimenexttime.sk\/arduino\/index.php\/wp-json\/wp\/v2\/types\/product"}],"wp:featuredmedia":[{"embeddable":true,"href":"https:\/\/www.onetimenexttime.sk\/arduino\/index.php\/wp-json\/wp\/v2\/media\/573"}],"wp:attachment":[{"href":"https:\/\/www.onetimenexttime.sk\/arduino\/index.php\/wp-json\/wp\/v2\/media?parent=572"}],"wp:term":[{"taxonomy":"product_cat","embeddable":true,"href":"https:\/\/www.onetimenexttime.sk\/arduino\/index.php\/wp-json\/wp\/v2\/product_cat?post=572"},{"taxonomy":"product_tag","embeddable":true,"href":"https:\/\/www.onetimenexttime.sk\/arduino\/index.php\/wp-json\/wp\/v2\/product_tag?post=572"}],"curies":[{"name":"wp","href":"https:\/\/api.w.org\/{rel}","templated":true}]}}