{"id":569,"date":"2021-10-29T11:56:37","date_gmt":"2021-10-29T09:56:37","guid":{"rendered":"https:\/\/www.onetimenexttime.sk\/arduino\/?post_type=product&#038;p=569"},"modified":"2021-10-29T12:13:28","modified_gmt":"2021-10-29T10:13:28","slug":"esp-12e-replace-esp-12-esp8266-remote-serial-port-wifi-wireless-module","status":"publish","type":"product","link":"https:\/\/www.onetimenexttime.sk\/arduino\/index.php\/produkt\/esp-12e-replace-esp-12-esp8266-remote-serial-port-wifi-wireless-module\/","title":{"rendered":"ESP-12E (replace ESP-12) ESP8266 remote serial Port WIFI wireless module"},"content":{"rendered":"<h2>ESP-12E (n\u00e1hrada za ESP-12) ESP8266 vzdialen\u00fd s\u00e9riov\u00fd port WIFI bezdr\u00f4tov\u00fd modul<\/h2>\n<p>Model: ESP8266-12<\/p>\n<p>ISM 2,4 GHz<br \/>\nPA +25dBm<br \/>\n802,11b\/g\/n<\/p>\n<p>1.Tento modul vy\u017eaduje nap\u00e1janie 3,3 V pre VCC a 3,3 V logiku.<br \/>\n2. Nie je to 5V , pripojenie RX alebo TX na <strong>5V pre Arduino tento modul zni\u010d\u00ed.<\/strong><br \/>\n3. Mus\u00edte pou\u017ei\u0165 konvertor logickej \u00farovne alebo 3,3 V pre Arduino<br \/>\n4. 3,3V nap\u00e1janie na pre Arduino Uno m\u00e1 nedostato\u010dn\u00fa pr\u00fadov\u00fa kapacitu na nap\u00e1janie tohto<br \/>\nmodul.<br \/>\n5. Mus\u00edte poskytn\u00fa\u0165 samostatn\u00e9, vy\u0161\u0161ie 3,3 V nap\u00e1janie (asi 300 mA alebo lep\u0161ie)<\/p>\n","protected":false},"excerpt":{"rendered":"<p>ESP-12E (n\u00e1hrada za ESP-12) ESP8266 vzdialen\u00fd s\u00e9riov\u00fd port WIFI bezdr\u00f4tov\u00fd modul Model: ESP8266-12 ISM 2,4 GHz PA +25dBm 802,11b\/g\/n 1.Tento&hellip;<\/p>\n","protected":false},"featured_media":571,"template":"","meta":{"_monsterinsights_skip_tracking":false,"_monsterinsights_sitenote_active":false,"_monsterinsights_sitenote_note":"","_monsterinsights_sitenote_category":0},"product_cat":[16,33,29],"product_tag":[],"class_list":{"0":"post-569","1":"product","2":"type-product","3":"status-publish","4":"has-post-thumbnail","6":"product_cat-ard","7":"product_cat-wifi","8":"product_cat-wireless-transmission","10":"first","11":"instock","12":"sale","13":"shipping-taxable","14":"purchasable","15":"product-type-simple"},"yoast_head":"<!-- This site is optimized with the Yoast SEO plugin v23.6 - https:\/\/yoast.com\/wordpress\/plugins\/seo\/ -->\n<title>ESP-12E (replace ESP-12) ESP8266 remote serial Port WIFI wireless module - Arduino e-shop<\/title>\n<meta name=\"robots\" content=\"index, follow, max-snippet:-1, max-image-preview:large, max-video-preview:-1\" \/>\n<link rel=\"canonical\" href=\"https:\/\/www.onetimenexttime.sk\/arduino\/index.php\/produkt\/esp-12e-replace-esp-12-esp8266-remote-serial-port-wifi-wireless-module\/\" \/>\n<meta property=\"og:locale\" content=\"sk_SK\" \/>\n<meta property=\"og:type\" content=\"article\" \/>\n<meta property=\"og:title\" content=\"ESP-12E (replace ESP-12) ESP8266 remote serial Port WIFI wireless module - Arduino e-shop\" \/>\n<meta property=\"og:description\" content=\"ESP-12E (n\u00e1hrada za ESP-12) ESP8266 vzdialen\u00fd s\u00e9riov\u00fd port WIFI bezdr\u00f4tov\u00fd modul Model: ESP8266-12 ISM 2,4 GHz PA +25dBm 802,11b\/g\/n 1.Tento&hellip;\" \/>\n<meta property=\"og:url\" content=\"https:\/\/www.onetimenexttime.sk\/arduino\/index.php\/produkt\/esp-12e-replace-esp-12-esp8266-remote-serial-port-wifi-wireless-module\/\" \/>\n<meta property=\"og:site_name\" content=\"Arduino e-shop\" \/>\n<meta property=\"article:modified_time\" content=\"2021-10-29T10:13:28+00:00\" \/>\n<meta property=\"og:image\" content=\"https:\/\/www.onetimenexttime.sk\/arduino\/wp-content\/uploads\/2021\/10\/132.jpg\" \/>\n\t<meta property=\"og:image:width\" content=\"502\" \/>\n\t<meta property=\"og:image:height\" content=\"504\" \/>\n\t<meta property=\"og:image:type\" content=\"image\/jpeg\" \/>\n<meta name=\"twitter:card\" content=\"summary_large_image\" \/>\n<meta name=\"twitter:label1\" content=\"Predpokladan\u00fd \u010das \u010d\u00edtania\" \/>\n\t<meta name=\"twitter:data1\" content=\"1 min\u00fata\" \/>\n<script type=\"application\/ld+json\" class=\"yoast-schema-graph\">{\"@context\":\"https:\/\/schema.org\",\"@graph\":[{\"@type\":\"WebPage\",\"@id\":\"https:\/\/www.onetimenexttime.sk\/arduino\/index.php\/produkt\/esp-12e-replace-esp-12-esp8266-remote-serial-port-wifi-wireless-module\/\",\"url\":\"https:\/\/www.onetimenexttime.sk\/arduino\/index.php\/produkt\/esp-12e-replace-esp-12-esp8266-remote-serial-port-wifi-wireless-module\/\",\"name\":\"ESP-12E (replace ESP-12) ESP8266 remote serial Port WIFI wireless module - Arduino e-shop\",\"isPartOf\":{\"@id\":\"https:\/\/www.onetimenexttime.sk\/arduino\/#website\"},\"primaryImageOfPage\":{\"@id\":\"https:\/\/www.onetimenexttime.sk\/arduino\/index.php\/produkt\/esp-12e-replace-esp-12-esp8266-remote-serial-port-wifi-wireless-module\/#primaryimage\"},\"image\":{\"@id\":\"https:\/\/www.onetimenexttime.sk\/arduino\/index.php\/produkt\/esp-12e-replace-esp-12-esp8266-remote-serial-port-wifi-wireless-module\/#primaryimage\"},\"thumbnailUrl\":\"https:\/\/www.onetimenexttime.sk\/arduino\/wp-content\/uploads\/2021\/10\/132.jpg\",\"datePublished\":\"2021-10-29T09:56:37+00:00\",\"dateModified\":\"2021-10-29T10:13:28+00:00\",\"breadcrumb\":{\"@id\":\"https:\/\/www.onetimenexttime.sk\/arduino\/index.php\/produkt\/esp-12e-replace-esp-12-esp8266-remote-serial-port-wifi-wireless-module\/#breadcrumb\"},\"inLanguage\":\"sk-SK\",\"potentialAction\":[{\"@type\":\"ReadAction\",\"target\":[\"https:\/\/www.onetimenexttime.sk\/arduino\/index.php\/produkt\/esp-12e-replace-esp-12-esp8266-remote-serial-port-wifi-wireless-module\/\"]}]},{\"@type\":\"ImageObject\",\"inLanguage\":\"sk-SK\",\"@id\":\"https:\/\/www.onetimenexttime.sk\/arduino\/index.php\/produkt\/esp-12e-replace-esp-12-esp8266-remote-serial-port-wifi-wireless-module\/#primaryimage\",\"url\":\"https:\/\/www.onetimenexttime.sk\/arduino\/wp-content\/uploads\/2021\/10\/132.jpg\",\"contentUrl\":\"https:\/\/www.onetimenexttime.sk\/arduino\/wp-content\/uploads\/2021\/10\/132.jpg\",\"width\":502,\"height\":504},{\"@type\":\"BreadcrumbList\",\"@id\":\"https:\/\/www.onetimenexttime.sk\/arduino\/index.php\/produkt\/esp-12e-replace-esp-12-esp8266-remote-serial-port-wifi-wireless-module\/#breadcrumb\",\"itemListElement\":[{\"@type\":\"ListItem\",\"position\":1,\"name\":\"Domov\",\"item\":\"https:\/\/www.onetimenexttime.sk\/arduino\/\"},{\"@type\":\"ListItem\",\"position\":2,\"name\":\"Obchod\",\"item\":\"https:\/\/www.onetimenexttime.sk\/arduino\/\"},{\"@type\":\"ListItem\",\"position\":3,\"name\":\"ESP-12E (replace ESP-12) ESP8266 remote serial Port WIFI wireless module\"}]},{\"@type\":\"WebSite\",\"@id\":\"https:\/\/www.onetimenexttime.sk\/arduino\/#website\",\"url\":\"https:\/\/www.onetimenexttime.sk\/arduino\/\",\"name\":\"Arduino e-shop\",\"description\":\"Home Assistant\",\"potentialAction\":[{\"@type\":\"SearchAction\",\"target\":{\"@type\":\"EntryPoint\",\"urlTemplate\":\"https:\/\/www.onetimenexttime.sk\/arduino\/?s={search_term_string}\"},\"query-input\":{\"@type\":\"PropertyValueSpecification\",\"valueRequired\":true,\"valueName\":\"search_term_string\"}}],\"inLanguage\":\"sk-SK\"}]}<\/script>\n<!-- \/ Yoast SEO plugin. -->","yoast_head_json":{"title":"ESP-12E (replace ESP-12) ESP8266 remote serial Port WIFI wireless module - Arduino e-shop","robots":{"index":"index","follow":"follow","max-snippet":"max-snippet:-1","max-image-preview":"max-image-preview:large","max-video-preview":"max-video-preview:-1"},"canonical":"https:\/\/www.onetimenexttime.sk\/arduino\/index.php\/produkt\/esp-12e-replace-esp-12-esp8266-remote-serial-port-wifi-wireless-module\/","og_locale":"sk_SK","og_type":"article","og_title":"ESP-12E (replace ESP-12) ESP8266 remote serial Port WIFI wireless module - Arduino e-shop","og_description":"ESP-12E (n\u00e1hrada za ESP-12) ESP8266 vzdialen\u00fd s\u00e9riov\u00fd port WIFI bezdr\u00f4tov\u00fd modul Model: ESP8266-12 ISM 2,4 GHz PA +25dBm 802,11b\/g\/n 1.Tento&hellip;","og_url":"https:\/\/www.onetimenexttime.sk\/arduino\/index.php\/produkt\/esp-12e-replace-esp-12-esp8266-remote-serial-port-wifi-wireless-module\/","og_site_name":"Arduino e-shop","article_modified_time":"2021-10-29T10:13:28+00:00","og_image":[{"width":502,"height":504,"url":"https:\/\/www.onetimenexttime.sk\/arduino\/wp-content\/uploads\/2021\/10\/132.jpg","type":"image\/jpeg"}],"twitter_card":"summary_large_image","twitter_misc":{"Predpokladan\u00fd \u010das \u010d\u00edtania":"1 min\u00fata"},"schema":{"@context":"https:\/\/schema.org","@graph":[{"@type":"WebPage","@id":"https:\/\/www.onetimenexttime.sk\/arduino\/index.php\/produkt\/esp-12e-replace-esp-12-esp8266-remote-serial-port-wifi-wireless-module\/","url":"https:\/\/www.onetimenexttime.sk\/arduino\/index.php\/produkt\/esp-12e-replace-esp-12-esp8266-remote-serial-port-wifi-wireless-module\/","name":"ESP-12E (replace ESP-12) ESP8266 remote serial Port WIFI wireless module - Arduino e-shop","isPartOf":{"@id":"https:\/\/www.onetimenexttime.sk\/arduino\/#website"},"primaryImageOfPage":{"@id":"https:\/\/www.onetimenexttime.sk\/arduino\/index.php\/produkt\/esp-12e-replace-esp-12-esp8266-remote-serial-port-wifi-wireless-module\/#primaryimage"},"image":{"@id":"https:\/\/www.onetimenexttime.sk\/arduino\/index.php\/produkt\/esp-12e-replace-esp-12-esp8266-remote-serial-port-wifi-wireless-module\/#primaryimage"},"thumbnailUrl":"https:\/\/www.onetimenexttime.sk\/arduino\/wp-content\/uploads\/2021\/10\/132.jpg","datePublished":"2021-10-29T09:56:37+00:00","dateModified":"2021-10-29T10:13:28+00:00","breadcrumb":{"@id":"https:\/\/www.onetimenexttime.sk\/arduino\/index.php\/produkt\/esp-12e-replace-esp-12-esp8266-remote-serial-port-wifi-wireless-module\/#breadcrumb"},"inLanguage":"sk-SK","potentialAction":[{"@type":"ReadAction","target":["https:\/\/www.onetimenexttime.sk\/arduino\/index.php\/produkt\/esp-12e-replace-esp-12-esp8266-remote-serial-port-wifi-wireless-module\/"]}]},{"@type":"ImageObject","inLanguage":"sk-SK","@id":"https:\/\/www.onetimenexttime.sk\/arduino\/index.php\/produkt\/esp-12e-replace-esp-12-esp8266-remote-serial-port-wifi-wireless-module\/#primaryimage","url":"https:\/\/www.onetimenexttime.sk\/arduino\/wp-content\/uploads\/2021\/10\/132.jpg","contentUrl":"https:\/\/www.onetimenexttime.sk\/arduino\/wp-content\/uploads\/2021\/10\/132.jpg","width":502,"height":504},{"@type":"BreadcrumbList","@id":"https:\/\/www.onetimenexttime.sk\/arduino\/index.php\/produkt\/esp-12e-replace-esp-12-esp8266-remote-serial-port-wifi-wireless-module\/#breadcrumb","itemListElement":[{"@type":"ListItem","position":1,"name":"Domov","item":"https:\/\/www.onetimenexttime.sk\/arduino\/"},{"@type":"ListItem","position":2,"name":"Obchod","item":"https:\/\/www.onetimenexttime.sk\/arduino\/"},{"@type":"ListItem","position":3,"name":"ESP-12E (replace ESP-12) ESP8266 remote serial Port WIFI wireless module"}]},{"@type":"WebSite","@id":"https:\/\/www.onetimenexttime.sk\/arduino\/#website","url":"https:\/\/www.onetimenexttime.sk\/arduino\/","name":"Arduino e-shop","description":"Home Assistant","potentialAction":[{"@type":"SearchAction","target":{"@type":"EntryPoint","urlTemplate":"https:\/\/www.onetimenexttime.sk\/arduino\/?s={search_term_string}"},"query-input":{"@type":"PropertyValueSpecification","valueRequired":true,"valueName":"search_term_string"}}],"inLanguage":"sk-SK"}]}},"_links":{"self":[{"href":"https:\/\/www.onetimenexttime.sk\/arduino\/index.php\/wp-json\/wp\/v2\/product\/569"}],"collection":[{"href":"https:\/\/www.onetimenexttime.sk\/arduino\/index.php\/wp-json\/wp\/v2\/product"}],"about":[{"href":"https:\/\/www.onetimenexttime.sk\/arduino\/index.php\/wp-json\/wp\/v2\/types\/product"}],"wp:featuredmedia":[{"embeddable":true,"href":"https:\/\/www.onetimenexttime.sk\/arduino\/index.php\/wp-json\/wp\/v2\/media\/571"}],"wp:attachment":[{"href":"https:\/\/www.onetimenexttime.sk\/arduino\/index.php\/wp-json\/wp\/v2\/media?parent=569"}],"wp:term":[{"taxonomy":"product_cat","embeddable":true,"href":"https:\/\/www.onetimenexttime.sk\/arduino\/index.php\/wp-json\/wp\/v2\/product_cat?post=569"},{"taxonomy":"product_tag","embeddable":true,"href":"https:\/\/www.onetimenexttime.sk\/arduino\/index.php\/wp-json\/wp\/v2\/product_tag?post=569"}],"curies":[{"name":"wp","href":"https:\/\/api.w.org\/{rel}","templated":true}]}}