{"id":567,"date":"2021-10-29T11:52:26","date_gmt":"2021-10-29T09:52:26","guid":{"rendered":"https:\/\/www.onetimenexttime.sk\/arduino\/?post_type=product&#038;p=567"},"modified":"2021-10-29T11:55:56","modified_gmt":"2021-10-29T09:55:56","slug":"hm-10-ble-bluetooth-4-0-cc2540-cc2541-serial-wireless-module-android-ios","status":"publish","type":"product","link":"https:\/\/www.onetimenexttime.sk\/arduino\/index.php\/produkt\/hm-10-ble-bluetooth-4-0-cc2540-cc2541-serial-wireless-module-android-ios\/","title":{"rendered":"HM-10 BLE Bluetooth 4.0 CC2540 CC2541 Serial Wireless Module, Android IOS"},"content":{"rendered":"<h2>HM-10 BLE Bluetooth 4.0 CC2540 CC2541 s\u00e9riov\u00fd bezdr\u00f4tov\u00fd modul ,\u00a0Android IOS<\/h2>\n<p>&nbsp;<\/p>\n<p>Modul Bluetooth s\u00e9rie HM-10 a HM-11 pou\u017e\u00edva \u010dip TI CC2540, konfiguruje priestor 256 kB a podporuje pr\u00edkaz AT. Pou\u017e\u00edvatelia m\u00f4\u017eu na po\u017eiadanie zmeni\u0165 rolu (re\u017eim master, slave) a prenosov\u00fa r\u00fdchlos\u0165 s\u00e9riov\u00e9ho portu, n\u00e1zov zariadenia, zodpovedaj\u00face heslo a \u010fal\u0161ie parametre. Je ve\u013emi flexibiln\u00fd na pou\u017eitie.<\/p>\n<p><strong>Vlastnosti:<\/strong><\/p>\n<p>Najkompletnej\u0161\u00ed, najpohodlnej\u0161\u00ed a najstabilnej\u0161\u00ed prenos d\u00e1t Bluetooth, dia\u013ekov\u00e9 ovl\u00e1danie,<br \/>\na modul zberu d\u00e1t.<br \/>\nMaster-slave v jednom, transparentn\u00fd prenos, nahr\u00e1dzaj\u00faci s\u00e9riov\u00fd port.<br \/>\nDia\u013ekov\u00e9 ovl\u00e1danie, transparentn\u00fd prevod, MCU je zbyto\u010dn\u00e9.<br \/>\nVzdialen\u00fd zber d\u00e1t, transparentn\u00fd prenos, MCU je zbyto\u010dn\u00e9.<\/p>\n<p><strong>Parametre produktu:<\/strong><\/p>\n<p>Protokol Bluetooth: \u0160pecifik\u00e1cia Bluetooth V4.0 BLE<br \/>\nProtokol USB: USB V2.0<br \/>\nPrev\u00e1dzkov\u00e1 frekvencia: 2,4 GHz p\u00e1smo ISM<br \/>\nModula\u010dn\u00fd re\u017eim: GFSK (Gaussian Frequency Shift Keying)<br \/>\nVysielac\u00ed v\u00fdkon: \u22644dBm<br \/>\nCitlivos\u0165: \u2264-84dBm pri 0,1% BER<br \/>\nPrenosov\u00e1 r\u00fdchlos\u0165: Asynchr\u00f3nna: 6 kbps<br \/>\nSynchr\u00f3nne: 6 kbps<br \/>\nBezpe\u010dnostn\u00e1 funkcia: Autentifik\u00e1cia a \u0161ifrovanie<br \/>\nSlu\u017eba podpory: Centr\u00e1lne a perif\u00e9rne UUID FFE0, FFE1<br \/>\nNap\u00e1janie: +3,3VDC 50mA<br \/>\nPrev\u00e1dzkov\u00e1 teplota: -5 ~ +65 stup\u0148ov Celzia<br \/>\nFyzick\u00fd rozmer: 27 mm x 13 mm x 2,2 mm<\/p>\n<p><strong>Aplik\u00e1cia:<\/strong><\/p>\n<p>Priemyseln\u00e9 dia\u013ekov\u00e9 ovl\u00e1danie, dia\u013ekov\u00e9 sn\u00edmanie<br \/>\nPOS syst\u00e9m a Bluetooth kl\u00e1vesnica, my\u0161 a joystick<br \/>\nZariadenia na testovanie automobilov<br \/>\nPrenosn\u00e9, bat\u00e9riou nap\u00e1jan\u00e9 lek\u00e1rske vybavenie<br \/>\nAutomatiz\u00e1cia zberu d\u00e1t<br \/>\nBluetooth hra\u010dky na dia\u013ekov\u00e9 ovl\u00e1danie<br \/>\nBezdr\u00f4tov\u00fd LED zobrazovac\u00ed syst\u00e9m<br \/>\nBluetooth tla\u010diare\u0148<br \/>\nInteligentn\u00e1 dom\u00e1cnos\u0165 a priemyseln\u00e9 ovl\u00e1danie<\/p>\n","protected":false},"excerpt":{"rendered":"<p>HM-10 BLE Bluetooth 4.0 CC2540 CC2541 s\u00e9riov\u00fd bezdr\u00f4tov\u00fd modul ,\u00a0Android IOS &nbsp; Modul Bluetooth s\u00e9rie HM-10 a HM-11 pou\u017e\u00edva \u010dip&hellip;<\/p>\n","protected":false},"featured_media":568,"template":"","meta":{"_monsterinsights_skip_tracking":false,"_monsterinsights_sitenote_active":false,"_monsterinsights_sitenote_note":"","_monsterinsights_sitenote_category":0},"product_cat":[16,32,29],"product_tag":[],"class_list":{"0":"post-567","1":"product","2":"type-product","3":"status-publish","4":"has-post-thumbnail","6":"product_cat-ard","7":"product_cat-bluetooth","8":"product_cat-wireless-transmission","10":"first","11":"instock","12":"sale","13":"shipping-taxable","14":"purchasable","15":"product-type-simple"},"yoast_head":"<!-- This site is optimized with the Yoast SEO plugin v23.6 - https:\/\/yoast.com\/wordpress\/plugins\/seo\/ -->\n<title>HM-10 BLE Bluetooth 4.0 CC2540 CC2541 Serial Wireless Module, Android IOS - Arduino e-shop<\/title>\n<meta name=\"robots\" content=\"index, follow, max-snippet:-1, max-image-preview:large, max-video-preview:-1\" \/>\n<link rel=\"canonical\" href=\"https:\/\/www.onetimenexttime.sk\/arduino\/index.php\/produkt\/hm-10-ble-bluetooth-4-0-cc2540-cc2541-serial-wireless-module-android-ios\/\" \/>\n<meta property=\"og:locale\" content=\"sk_SK\" \/>\n<meta property=\"og:type\" content=\"article\" \/>\n<meta property=\"og:title\" content=\"HM-10 BLE Bluetooth 4.0 CC2540 CC2541 Serial Wireless Module, Android IOS - Arduino e-shop\" \/>\n<meta property=\"og:description\" content=\"HM-10 BLE Bluetooth 4.0 CC2540 CC2541 s\u00e9riov\u00fd bezdr\u00f4tov\u00fd modul ,\u00a0Android IOS &nbsp; Modul Bluetooth s\u00e9rie HM-10 a HM-11 pou\u017e\u00edva \u010dip&hellip;\" \/>\n<meta property=\"og:url\" content=\"https:\/\/www.onetimenexttime.sk\/arduino\/index.php\/produkt\/hm-10-ble-bluetooth-4-0-cc2540-cc2541-serial-wireless-module-android-ios\/\" \/>\n<meta property=\"og:site_name\" content=\"Arduino e-shop\" \/>\n<meta property=\"article:modified_time\" content=\"2021-10-29T09:55:56+00:00\" \/>\n<meta property=\"og:image\" content=\"https:\/\/www.onetimenexttime.sk\/arduino\/wp-content\/uploads\/2021\/10\/126.jpg\" \/>\n\t<meta property=\"og:image:width\" content=\"502\" \/>\n\t<meta property=\"og:image:height\" content=\"504\" \/>\n\t<meta property=\"og:image:type\" content=\"image\/jpeg\" \/>\n<meta name=\"twitter:card\" content=\"summary_large_image\" \/>\n<meta name=\"twitter:label1\" content=\"Predpokladan\u00fd \u010das \u010d\u00edtania\" \/>\n\t<meta name=\"twitter:data1\" content=\"1 min\u00fata\" \/>\n<script type=\"application\/ld+json\" class=\"yoast-schema-graph\">{\"@context\":\"https:\/\/schema.org\",\"@graph\":[{\"@type\":\"WebPage\",\"@id\":\"https:\/\/www.onetimenexttime.sk\/arduino\/index.php\/produkt\/hm-10-ble-bluetooth-4-0-cc2540-cc2541-serial-wireless-module-android-ios\/\",\"url\":\"https:\/\/www.onetimenexttime.sk\/arduino\/index.php\/produkt\/hm-10-ble-bluetooth-4-0-cc2540-cc2541-serial-wireless-module-android-ios\/\",\"name\":\"HM-10 BLE Bluetooth 4.0 CC2540 CC2541 Serial Wireless Module, Android IOS - Arduino e-shop\",\"isPartOf\":{\"@id\":\"https:\/\/www.onetimenexttime.sk\/arduino\/#website\"},\"primaryImageOfPage\":{\"@id\":\"https:\/\/www.onetimenexttime.sk\/arduino\/index.php\/produkt\/hm-10-ble-bluetooth-4-0-cc2540-cc2541-serial-wireless-module-android-ios\/#primaryimage\"},\"image\":{\"@id\":\"https:\/\/www.onetimenexttime.sk\/arduino\/index.php\/produkt\/hm-10-ble-bluetooth-4-0-cc2540-cc2541-serial-wireless-module-android-ios\/#primaryimage\"},\"thumbnailUrl\":\"https:\/\/www.onetimenexttime.sk\/arduino\/wp-content\/uploads\/2021\/10\/126.jpg\",\"datePublished\":\"2021-10-29T09:52:26+00:00\",\"dateModified\":\"2021-10-29T09:55:56+00:00\",\"breadcrumb\":{\"@id\":\"https:\/\/www.onetimenexttime.sk\/arduino\/index.php\/produkt\/hm-10-ble-bluetooth-4-0-cc2540-cc2541-serial-wireless-module-android-ios\/#breadcrumb\"},\"inLanguage\":\"sk-SK\",\"potentialAction\":[{\"@type\":\"ReadAction\",\"target\":[\"https:\/\/www.onetimenexttime.sk\/arduino\/index.php\/produkt\/hm-10-ble-bluetooth-4-0-cc2540-cc2541-serial-wireless-module-android-ios\/\"]}]},{\"@type\":\"ImageObject\",\"inLanguage\":\"sk-SK\",\"@id\":\"https:\/\/www.onetimenexttime.sk\/arduino\/index.php\/produkt\/hm-10-ble-bluetooth-4-0-cc2540-cc2541-serial-wireless-module-android-ios\/#primaryimage\",\"url\":\"https:\/\/www.onetimenexttime.sk\/arduino\/wp-content\/uploads\/2021\/10\/126.jpg\",\"contentUrl\":\"https:\/\/www.onetimenexttime.sk\/arduino\/wp-content\/uploads\/2021\/10\/126.jpg\",\"width\":502,\"height\":504},{\"@type\":\"BreadcrumbList\",\"@id\":\"https:\/\/www.onetimenexttime.sk\/arduino\/index.php\/produkt\/hm-10-ble-bluetooth-4-0-cc2540-cc2541-serial-wireless-module-android-ios\/#breadcrumb\",\"itemListElement\":[{\"@type\":\"ListItem\",\"position\":1,\"name\":\"Domov\",\"item\":\"https:\/\/www.onetimenexttime.sk\/arduino\/\"},{\"@type\":\"ListItem\",\"position\":2,\"name\":\"Obchod\",\"item\":\"https:\/\/www.onetimenexttime.sk\/arduino\/\"},{\"@type\":\"ListItem\",\"position\":3,\"name\":\"HM-10 BLE Bluetooth 4.0 CC2540 CC2541 Serial Wireless Module, Android IOS\"}]},{\"@type\":\"WebSite\",\"@id\":\"https:\/\/www.onetimenexttime.sk\/arduino\/#website\",\"url\":\"https:\/\/www.onetimenexttime.sk\/arduino\/\",\"name\":\"Arduino e-shop\",\"description\":\"Home Assistant\",\"potentialAction\":[{\"@type\":\"SearchAction\",\"target\":{\"@type\":\"EntryPoint\",\"urlTemplate\":\"https:\/\/www.onetimenexttime.sk\/arduino\/?s={search_term_string}\"},\"query-input\":{\"@type\":\"PropertyValueSpecification\",\"valueRequired\":true,\"valueName\":\"search_term_string\"}}],\"inLanguage\":\"sk-SK\"}]}<\/script>\n<!-- \/ Yoast SEO plugin. -->","yoast_head_json":{"title":"HM-10 BLE Bluetooth 4.0 CC2540 CC2541 Serial Wireless Module, Android IOS - Arduino e-shop","robots":{"index":"index","follow":"follow","max-snippet":"max-snippet:-1","max-image-preview":"max-image-preview:large","max-video-preview":"max-video-preview:-1"},"canonical":"https:\/\/www.onetimenexttime.sk\/arduino\/index.php\/produkt\/hm-10-ble-bluetooth-4-0-cc2540-cc2541-serial-wireless-module-android-ios\/","og_locale":"sk_SK","og_type":"article","og_title":"HM-10 BLE Bluetooth 4.0 CC2540 CC2541 Serial Wireless Module, Android IOS - Arduino e-shop","og_description":"HM-10 BLE Bluetooth 4.0 CC2540 CC2541 s\u00e9riov\u00fd bezdr\u00f4tov\u00fd modul ,\u00a0Android IOS &nbsp; Modul Bluetooth s\u00e9rie HM-10 a HM-11 pou\u017e\u00edva \u010dip&hellip;","og_url":"https:\/\/www.onetimenexttime.sk\/arduino\/index.php\/produkt\/hm-10-ble-bluetooth-4-0-cc2540-cc2541-serial-wireless-module-android-ios\/","og_site_name":"Arduino e-shop","article_modified_time":"2021-10-29T09:55:56+00:00","og_image":[{"width":502,"height":504,"url":"https:\/\/www.onetimenexttime.sk\/arduino\/wp-content\/uploads\/2021\/10\/126.jpg","type":"image\/jpeg"}],"twitter_card":"summary_large_image","twitter_misc":{"Predpokladan\u00fd \u010das \u010d\u00edtania":"1 min\u00fata"},"schema":{"@context":"https:\/\/schema.org","@graph":[{"@type":"WebPage","@id":"https:\/\/www.onetimenexttime.sk\/arduino\/index.php\/produkt\/hm-10-ble-bluetooth-4-0-cc2540-cc2541-serial-wireless-module-android-ios\/","url":"https:\/\/www.onetimenexttime.sk\/arduino\/index.php\/produkt\/hm-10-ble-bluetooth-4-0-cc2540-cc2541-serial-wireless-module-android-ios\/","name":"HM-10 BLE Bluetooth 4.0 CC2540 CC2541 Serial Wireless Module, Android IOS - Arduino e-shop","isPartOf":{"@id":"https:\/\/www.onetimenexttime.sk\/arduino\/#website"},"primaryImageOfPage":{"@id":"https:\/\/www.onetimenexttime.sk\/arduino\/index.php\/produkt\/hm-10-ble-bluetooth-4-0-cc2540-cc2541-serial-wireless-module-android-ios\/#primaryimage"},"image":{"@id":"https:\/\/www.onetimenexttime.sk\/arduino\/index.php\/produkt\/hm-10-ble-bluetooth-4-0-cc2540-cc2541-serial-wireless-module-android-ios\/#primaryimage"},"thumbnailUrl":"https:\/\/www.onetimenexttime.sk\/arduino\/wp-content\/uploads\/2021\/10\/126.jpg","datePublished":"2021-10-29T09:52:26+00:00","dateModified":"2021-10-29T09:55:56+00:00","breadcrumb":{"@id":"https:\/\/www.onetimenexttime.sk\/arduino\/index.php\/produkt\/hm-10-ble-bluetooth-4-0-cc2540-cc2541-serial-wireless-module-android-ios\/#breadcrumb"},"inLanguage":"sk-SK","potentialAction":[{"@type":"ReadAction","target":["https:\/\/www.onetimenexttime.sk\/arduino\/index.php\/produkt\/hm-10-ble-bluetooth-4-0-cc2540-cc2541-serial-wireless-module-android-ios\/"]}]},{"@type":"ImageObject","inLanguage":"sk-SK","@id":"https:\/\/www.onetimenexttime.sk\/arduino\/index.php\/produkt\/hm-10-ble-bluetooth-4-0-cc2540-cc2541-serial-wireless-module-android-ios\/#primaryimage","url":"https:\/\/www.onetimenexttime.sk\/arduino\/wp-content\/uploads\/2021\/10\/126.jpg","contentUrl":"https:\/\/www.onetimenexttime.sk\/arduino\/wp-content\/uploads\/2021\/10\/126.jpg","width":502,"height":504},{"@type":"BreadcrumbList","@id":"https:\/\/www.onetimenexttime.sk\/arduino\/index.php\/produkt\/hm-10-ble-bluetooth-4-0-cc2540-cc2541-serial-wireless-module-android-ios\/#breadcrumb","itemListElement":[{"@type":"ListItem","position":1,"name":"Domov","item":"https:\/\/www.onetimenexttime.sk\/arduino\/"},{"@type":"ListItem","position":2,"name":"Obchod","item":"https:\/\/www.onetimenexttime.sk\/arduino\/"},{"@type":"ListItem","position":3,"name":"HM-10 BLE Bluetooth 4.0 CC2540 CC2541 Serial Wireless Module, Android IOS"}]},{"@type":"WebSite","@id":"https:\/\/www.onetimenexttime.sk\/arduino\/#website","url":"https:\/\/www.onetimenexttime.sk\/arduino\/","name":"Arduino e-shop","description":"Home Assistant","potentialAction":[{"@type":"SearchAction","target":{"@type":"EntryPoint","urlTemplate":"https:\/\/www.onetimenexttime.sk\/arduino\/?s={search_term_string}"},"query-input":{"@type":"PropertyValueSpecification","valueRequired":true,"valueName":"search_term_string"}}],"inLanguage":"sk-SK"}]}},"_links":{"self":[{"href":"https:\/\/www.onetimenexttime.sk\/arduino\/index.php\/wp-json\/wp\/v2\/product\/567"}],"collection":[{"href":"https:\/\/www.onetimenexttime.sk\/arduino\/index.php\/wp-json\/wp\/v2\/product"}],"about":[{"href":"https:\/\/www.onetimenexttime.sk\/arduino\/index.php\/wp-json\/wp\/v2\/types\/product"}],"wp:featuredmedia":[{"embeddable":true,"href":"https:\/\/www.onetimenexttime.sk\/arduino\/index.php\/wp-json\/wp\/v2\/media\/568"}],"wp:attachment":[{"href":"https:\/\/www.onetimenexttime.sk\/arduino\/index.php\/wp-json\/wp\/v2\/media?parent=567"}],"wp:term":[{"taxonomy":"product_cat","embeddable":true,"href":"https:\/\/www.onetimenexttime.sk\/arduino\/index.php\/wp-json\/wp\/v2\/product_cat?post=567"},{"taxonomy":"product_tag","embeddable":true,"href":"https:\/\/www.onetimenexttime.sk\/arduino\/index.php\/wp-json\/wp\/v2\/product_tag?post=567"}],"curies":[{"name":"wp","href":"https:\/\/api.w.org\/{rel}","templated":true}]}}