{"id":564,"date":"2021-10-29T11:46:15","date_gmt":"2021-10-29T09:46:15","guid":{"rendered":"https:\/\/www.onetimenexttime.sk\/arduino\/?post_type=product&#038;p=564"},"modified":"2021-10-29T12:21:57","modified_gmt":"2021-10-29T10:21:57","slug":"cc2530-wireless-module-zigbee-module-sz1v5-igbee-module","status":"publish","type":"product","link":"https:\/\/www.onetimenexttime.sk\/arduino\/index.php\/produkt\/cc2530-wireless-module-zigbee-module-sz1v5-igbee-module\/","title":{"rendered":"CC2530 Wireless Module Zigbee Module SZ1V5 igbee Module"},"content":{"rendered":"<h2>Bezdr\u00f4tov\u00fd modul CC2530 Modul Zigbee Modul igbee SZ1V5<\/h2>\n<p>Vlastnosti<\/p>\n<p>Otvoren\u00e9 frekven\u010dn\u00e9 p\u00e1smo, nosn\u00e1 frekvencia 2,4 GHz.<\/p>\n<p>R\u00fdchlos\u0165 prenosu vzduchu je a\u017e 250 kbps.<\/p>\n<p>Vidite\u013en\u00e1 prenosov\u00e1 vzdialenos\u0165 je 800 metrov, \u010do m\u00f4\u017ee uspokoji\u0165 potreby mnoh\u00fdch z\u00e1kazn\u00edkov, ako napr\u00edklad inteligentn\u00e9 dom\u00e1ce \/ priemyseln\u00e9 ovl\u00e1danie;<\/p>\n<p>N\u00edzka spotreba energie, ktor\u00fa mo\u017eno \u013eahko ovl\u00e1da\u0165 do re\u017eimu n\u00edzkej spotreby energie;<\/p>\n<p>Mal\u00e1 ve\u013ekos\u0165, \u013eahko sa vlo\u017e\u00ed do produktu.<\/p>\n<p>V\u0161etky kry\u0161t\u00e1lov\u00e9 oscil\u00e1tory s\u00fa vyroben\u00e9 z vysoko kvalitn\u00fdch zna\u010diek a v\u0161etky komponenty s\u00fa namontovan\u00e9 na stroji s vysokou spo\u013eahlivos\u0165ou.<\/p>\n<p>Poskytnite r\u00f4zne sp\u00f4soby pripojenia ant\u00e9ny, ako je ant\u00e9na dosky plo\u0161n\u00fdch spojov, ant\u00e9nny konektor IPEX.<\/p>\n<p>Tento modul je sekund\u00e1rnym v\u00fdvojov\u00fdm modulom. Samotn\u00fd modul nem\u00e1 \u017eiadny softv\u00e9r, ale poskytuje transparentn\u00fd referen\u010dn\u00fd k\u00f3d prenosu.<\/p>\n","protected":false},"excerpt":{"rendered":"<p>Bezdr\u00f4tov\u00fd modul CC2530 Modul Zigbee Modul igbee SZ1V5 Vlastnosti Otvoren\u00e9 frekven\u010dn\u00e9 p\u00e1smo, nosn\u00e1 frekvencia 2,4 GHz. R\u00fdchlos\u0165 prenosu vzduchu je&hellip;<\/p>\n","protected":false},"featured_media":565,"template":"","meta":{"_monsterinsights_skip_tracking":false,"_monsterinsights_sitenote_active":false,"_monsterinsights_sitenote_note":"","_monsterinsights_sitenote_category":0},"product_cat":[16,21,33,29],"product_tag":[],"class_list":{"0":"post-564","1":"product","2":"type-product","3":"status-publish","4":"has-post-thumbnail","6":"product_cat-ard","7":"product_cat-pw","8":"product_cat-wifi","9":"product_cat-wireless-transmission","11":"first","12":"instock","13":"sale","14":"shipping-taxable","15":"purchasable","16":"product-type-simple"},"yoast_head":"<!-- This site is optimized with the Yoast SEO plugin v23.6 - https:\/\/yoast.com\/wordpress\/plugins\/seo\/ -->\n<title>CC2530 Wireless Module Zigbee Module SZ1V5 igbee Module - Arduino e-shop<\/title>\n<meta name=\"robots\" content=\"index, follow, max-snippet:-1, max-image-preview:large, max-video-preview:-1\" \/>\n<link rel=\"canonical\" href=\"https:\/\/www.onetimenexttime.sk\/arduino\/index.php\/produkt\/cc2530-wireless-module-zigbee-module-sz1v5-igbee-module\/\" \/>\n<meta property=\"og:locale\" content=\"sk_SK\" \/>\n<meta property=\"og:type\" content=\"article\" \/>\n<meta property=\"og:title\" content=\"CC2530 Wireless Module Zigbee Module SZ1V5 igbee Module - Arduino e-shop\" \/>\n<meta property=\"og:description\" content=\"Bezdr\u00f4tov\u00fd modul CC2530 Modul Zigbee Modul igbee SZ1V5 Vlastnosti Otvoren\u00e9 frekven\u010dn\u00e9 p\u00e1smo, nosn\u00e1 frekvencia 2,4 GHz. R\u00fdchlos\u0165 prenosu vzduchu je&hellip;\" \/>\n<meta property=\"og:url\" content=\"https:\/\/www.onetimenexttime.sk\/arduino\/index.php\/produkt\/cc2530-wireless-module-zigbee-module-sz1v5-igbee-module\/\" \/>\n<meta property=\"og:site_name\" content=\"Arduino e-shop\" \/>\n<meta property=\"article:modified_time\" content=\"2021-10-29T10:21:57+00:00\" \/>\n<meta property=\"og:image\" content=\"https:\/\/www.onetimenexttime.sk\/arduino\/wp-content\/uploads\/2021\/10\/162.jpg\" \/>\n\t<meta property=\"og:image:width\" content=\"502\" \/>\n\t<meta property=\"og:image:height\" content=\"504\" \/>\n\t<meta property=\"og:image:type\" content=\"image\/jpeg\" \/>\n<meta name=\"twitter:card\" content=\"summary_large_image\" \/>\n<meta name=\"twitter:label1\" content=\"Predpokladan\u00fd \u010das \u010d\u00edtania\" \/>\n\t<meta name=\"twitter:data1\" content=\"1 min\u00fata\" \/>\n<script type=\"application\/ld+json\" class=\"yoast-schema-graph\">{\"@context\":\"https:\/\/schema.org\",\"@graph\":[{\"@type\":\"WebPage\",\"@id\":\"https:\/\/www.onetimenexttime.sk\/arduino\/index.php\/produkt\/cc2530-wireless-module-zigbee-module-sz1v5-igbee-module\/\",\"url\":\"https:\/\/www.onetimenexttime.sk\/arduino\/index.php\/produkt\/cc2530-wireless-module-zigbee-module-sz1v5-igbee-module\/\",\"name\":\"CC2530 Wireless Module Zigbee Module SZ1V5 igbee Module - Arduino e-shop\",\"isPartOf\":{\"@id\":\"https:\/\/www.onetimenexttime.sk\/arduino\/#website\"},\"primaryImageOfPage\":{\"@id\":\"https:\/\/www.onetimenexttime.sk\/arduino\/index.php\/produkt\/cc2530-wireless-module-zigbee-module-sz1v5-igbee-module\/#primaryimage\"},\"image\":{\"@id\":\"https:\/\/www.onetimenexttime.sk\/arduino\/index.php\/produkt\/cc2530-wireless-module-zigbee-module-sz1v5-igbee-module\/#primaryimage\"},\"thumbnailUrl\":\"https:\/\/www.onetimenexttime.sk\/arduino\/wp-content\/uploads\/2021\/10\/162.jpg\",\"datePublished\":\"2021-10-29T09:46:15+00:00\",\"dateModified\":\"2021-10-29T10:21:57+00:00\",\"breadcrumb\":{\"@id\":\"https:\/\/www.onetimenexttime.sk\/arduino\/index.php\/produkt\/cc2530-wireless-module-zigbee-module-sz1v5-igbee-module\/#breadcrumb\"},\"inLanguage\":\"sk-SK\",\"potentialAction\":[{\"@type\":\"ReadAction\",\"target\":[\"https:\/\/www.onetimenexttime.sk\/arduino\/index.php\/produkt\/cc2530-wireless-module-zigbee-module-sz1v5-igbee-module\/\"]}]},{\"@type\":\"ImageObject\",\"inLanguage\":\"sk-SK\",\"@id\":\"https:\/\/www.onetimenexttime.sk\/arduino\/index.php\/produkt\/cc2530-wireless-module-zigbee-module-sz1v5-igbee-module\/#primaryimage\",\"url\":\"https:\/\/www.onetimenexttime.sk\/arduino\/wp-content\/uploads\/2021\/10\/162.jpg\",\"contentUrl\":\"https:\/\/www.onetimenexttime.sk\/arduino\/wp-content\/uploads\/2021\/10\/162.jpg\",\"width\":502,\"height\":504},{\"@type\":\"BreadcrumbList\",\"@id\":\"https:\/\/www.onetimenexttime.sk\/arduino\/index.php\/produkt\/cc2530-wireless-module-zigbee-module-sz1v5-igbee-module\/#breadcrumb\",\"itemListElement\":[{\"@type\":\"ListItem\",\"position\":1,\"name\":\"Domov\",\"item\":\"https:\/\/www.onetimenexttime.sk\/arduino\/\"},{\"@type\":\"ListItem\",\"position\":2,\"name\":\"Obchod\",\"item\":\"https:\/\/www.onetimenexttime.sk\/arduino\/\"},{\"@type\":\"ListItem\",\"position\":3,\"name\":\"CC2530 Wireless Module Zigbee Module SZ1V5 igbee Module\"}]},{\"@type\":\"WebSite\",\"@id\":\"https:\/\/www.onetimenexttime.sk\/arduino\/#website\",\"url\":\"https:\/\/www.onetimenexttime.sk\/arduino\/\",\"name\":\"Arduino e-shop\",\"description\":\"Home Assistant\",\"potentialAction\":[{\"@type\":\"SearchAction\",\"target\":{\"@type\":\"EntryPoint\",\"urlTemplate\":\"https:\/\/www.onetimenexttime.sk\/arduino\/?s={search_term_string}\"},\"query-input\":{\"@type\":\"PropertyValueSpecification\",\"valueRequired\":true,\"valueName\":\"search_term_string\"}}],\"inLanguage\":\"sk-SK\"}]}<\/script>\n<!-- \/ Yoast SEO plugin. -->","yoast_head_json":{"title":"CC2530 Wireless Module Zigbee Module SZ1V5 igbee Module - Arduino e-shop","robots":{"index":"index","follow":"follow","max-snippet":"max-snippet:-1","max-image-preview":"max-image-preview:large","max-video-preview":"max-video-preview:-1"},"canonical":"https:\/\/www.onetimenexttime.sk\/arduino\/index.php\/produkt\/cc2530-wireless-module-zigbee-module-sz1v5-igbee-module\/","og_locale":"sk_SK","og_type":"article","og_title":"CC2530 Wireless Module Zigbee Module SZ1V5 igbee Module - Arduino e-shop","og_description":"Bezdr\u00f4tov\u00fd modul CC2530 Modul Zigbee Modul igbee SZ1V5 Vlastnosti Otvoren\u00e9 frekven\u010dn\u00e9 p\u00e1smo, nosn\u00e1 frekvencia 2,4 GHz. R\u00fdchlos\u0165 prenosu vzduchu je&hellip;","og_url":"https:\/\/www.onetimenexttime.sk\/arduino\/index.php\/produkt\/cc2530-wireless-module-zigbee-module-sz1v5-igbee-module\/","og_site_name":"Arduino e-shop","article_modified_time":"2021-10-29T10:21:57+00:00","og_image":[{"width":502,"height":504,"url":"https:\/\/www.onetimenexttime.sk\/arduino\/wp-content\/uploads\/2021\/10\/162.jpg","type":"image\/jpeg"}],"twitter_card":"summary_large_image","twitter_misc":{"Predpokladan\u00fd \u010das \u010d\u00edtania":"1 min\u00fata"},"schema":{"@context":"https:\/\/schema.org","@graph":[{"@type":"WebPage","@id":"https:\/\/www.onetimenexttime.sk\/arduino\/index.php\/produkt\/cc2530-wireless-module-zigbee-module-sz1v5-igbee-module\/","url":"https:\/\/www.onetimenexttime.sk\/arduino\/index.php\/produkt\/cc2530-wireless-module-zigbee-module-sz1v5-igbee-module\/","name":"CC2530 Wireless Module Zigbee Module SZ1V5 igbee Module - Arduino e-shop","isPartOf":{"@id":"https:\/\/www.onetimenexttime.sk\/arduino\/#website"},"primaryImageOfPage":{"@id":"https:\/\/www.onetimenexttime.sk\/arduino\/index.php\/produkt\/cc2530-wireless-module-zigbee-module-sz1v5-igbee-module\/#primaryimage"},"image":{"@id":"https:\/\/www.onetimenexttime.sk\/arduino\/index.php\/produkt\/cc2530-wireless-module-zigbee-module-sz1v5-igbee-module\/#primaryimage"},"thumbnailUrl":"https:\/\/www.onetimenexttime.sk\/arduino\/wp-content\/uploads\/2021\/10\/162.jpg","datePublished":"2021-10-29T09:46:15+00:00","dateModified":"2021-10-29T10:21:57+00:00","breadcrumb":{"@id":"https:\/\/www.onetimenexttime.sk\/arduino\/index.php\/produkt\/cc2530-wireless-module-zigbee-module-sz1v5-igbee-module\/#breadcrumb"},"inLanguage":"sk-SK","potentialAction":[{"@type":"ReadAction","target":["https:\/\/www.onetimenexttime.sk\/arduino\/index.php\/produkt\/cc2530-wireless-module-zigbee-module-sz1v5-igbee-module\/"]}]},{"@type":"ImageObject","inLanguage":"sk-SK","@id":"https:\/\/www.onetimenexttime.sk\/arduino\/index.php\/produkt\/cc2530-wireless-module-zigbee-module-sz1v5-igbee-module\/#primaryimage","url":"https:\/\/www.onetimenexttime.sk\/arduino\/wp-content\/uploads\/2021\/10\/162.jpg","contentUrl":"https:\/\/www.onetimenexttime.sk\/arduino\/wp-content\/uploads\/2021\/10\/162.jpg","width":502,"height":504},{"@type":"BreadcrumbList","@id":"https:\/\/www.onetimenexttime.sk\/arduino\/index.php\/produkt\/cc2530-wireless-module-zigbee-module-sz1v5-igbee-module\/#breadcrumb","itemListElement":[{"@type":"ListItem","position":1,"name":"Domov","item":"https:\/\/www.onetimenexttime.sk\/arduino\/"},{"@type":"ListItem","position":2,"name":"Obchod","item":"https:\/\/www.onetimenexttime.sk\/arduino\/"},{"@type":"ListItem","position":3,"name":"CC2530 Wireless Module Zigbee Module SZ1V5 igbee Module"}]},{"@type":"WebSite","@id":"https:\/\/www.onetimenexttime.sk\/arduino\/#website","url":"https:\/\/www.onetimenexttime.sk\/arduino\/","name":"Arduino e-shop","description":"Home Assistant","potentialAction":[{"@type":"SearchAction","target":{"@type":"EntryPoint","urlTemplate":"https:\/\/www.onetimenexttime.sk\/arduino\/?s={search_term_string}"},"query-input":{"@type":"PropertyValueSpecification","valueRequired":true,"valueName":"search_term_string"}}],"inLanguage":"sk-SK"}]}},"_links":{"self":[{"href":"https:\/\/www.onetimenexttime.sk\/arduino\/index.php\/wp-json\/wp\/v2\/product\/564"}],"collection":[{"href":"https:\/\/www.onetimenexttime.sk\/arduino\/index.php\/wp-json\/wp\/v2\/product"}],"about":[{"href":"https:\/\/www.onetimenexttime.sk\/arduino\/index.php\/wp-json\/wp\/v2\/types\/product"}],"wp:featuredmedia":[{"embeddable":true,"href":"https:\/\/www.onetimenexttime.sk\/arduino\/index.php\/wp-json\/wp\/v2\/media\/565"}],"wp:attachment":[{"href":"https:\/\/www.onetimenexttime.sk\/arduino\/index.php\/wp-json\/wp\/v2\/media?parent=564"}],"wp:term":[{"taxonomy":"product_cat","embeddable":true,"href":"https:\/\/www.onetimenexttime.sk\/arduino\/index.php\/wp-json\/wp\/v2\/product_cat?post=564"},{"taxonomy":"product_tag","embeddable":true,"href":"https:\/\/www.onetimenexttime.sk\/arduino\/index.php\/wp-json\/wp\/v2\/product_tag?post=564"}],"curies":[{"name":"wp","href":"https:\/\/api.w.org\/{rel}","templated":true}]}}