{"id":56,"date":"2021-10-17T19:44:28","date_gmt":"2021-10-17T17:44:28","guid":{"rendered":"https:\/\/www.onetimenexttime.sk\/arduino\/?post_type=product&#038;p=56"},"modified":"2021-10-30T12:31:26","modified_gmt":"2021-10-30T10:31:26","slug":"esp-12e-wemos-d1-wifi-uno-based-esp8266-shield","status":"publish","type":"product","link":"https:\/\/www.onetimenexttime.sk\/arduino\/index.php\/produkt\/esp-12e-wemos-d1-wifi-uno-based-esp8266-shield\/","title":{"rendered":"ESP-12E WeMos D1 WiFi uno based ESP8266 shield"},"content":{"rendered":"<p>Na z\u00e1klade ESP-8266EX<\/p>\n<p>pre Arduino kompatibiln\u00e9, pomocou pre Arduino IDE na programovanie<\/p>\n<p>11 x I \/ O kol\u00edky<\/p>\n<p>1 x pin ADC (vstupn\u00fd rozsah 0-3,3 V)<\/p>\n<p>Podpora bezdr\u00f4tov\u00e9ho nahr\u00e1vania OTA<\/p>\n<p>Integrovan\u00fd 5V 1A sp\u00ednan\u00fd zdroj (najvy\u0161\u0161ie vstupn\u00e9 nap\u00e4tie 24V)<\/p>\n<p>Po in\u0161tal\u00e1cii hardv\u00e9rov\u00e9ho bal\u00edka<\/p>\n<p>priame pou\u017eitie pre v\u00fdvoj Arduino IDE, rovnak\u00e1 oper\u00e1cia ako pre Arduino<\/p>\n","protected":false},"excerpt":{"rendered":"<p>Na z\u00e1klade ESP-8266EX pre Arduino kompatibiln\u00e9, pomocou pre Arduino IDE na programovanie 11 x I \/ O kol\u00edky 1 x&hellip;<\/p>\n","protected":false},"featured_media":57,"template":"","meta":{"_monsterinsights_skip_tracking":false,"_monsterinsights_sitenote_active":false,"_monsterinsights_sitenote_note":"","_monsterinsights_sitenote_category":0},"product_cat":[16,17],"product_tag":[],"class_list":{"0":"post-56","1":"product","2":"type-product","3":"status-publish","4":"has-post-thumbnail","6":"product_cat-ard","7":"product_cat-modul","9":"first","10":"instock","11":"shipping-taxable","12":"purchasable","13":"product-type-simple"},"yoast_head":"<!-- This site is optimized with the Yoast SEO plugin v23.6 - https:\/\/yoast.com\/wordpress\/plugins\/seo\/ -->\n<title>ESP-12E WeMos D1 WiFi uno based ESP8266 shield - Arduino e-shop<\/title>\n<meta name=\"robots\" content=\"index, follow, max-snippet:-1, max-image-preview:large, max-video-preview:-1\" \/>\n<link rel=\"canonical\" href=\"https:\/\/www.onetimenexttime.sk\/arduino\/index.php\/produkt\/esp-12e-wemos-d1-wifi-uno-based-esp8266-shield\/\" \/>\n<meta property=\"og:locale\" content=\"sk_SK\" \/>\n<meta property=\"og:type\" content=\"article\" \/>\n<meta property=\"og:title\" content=\"ESP-12E WeMos D1 WiFi uno based ESP8266 shield - Arduino e-shop\" \/>\n<meta property=\"og:description\" content=\"Na z\u00e1klade ESP-8266EX pre Arduino kompatibiln\u00e9, pomocou pre Arduino IDE na programovanie 11 x I \/ O kol\u00edky 1 x&hellip;\" \/>\n<meta property=\"og:url\" content=\"https:\/\/www.onetimenexttime.sk\/arduino\/index.php\/produkt\/esp-12e-wemos-d1-wifi-uno-based-esp8266-shield\/\" \/>\n<meta property=\"og:site_name\" content=\"Arduino e-shop\" \/>\n<meta property=\"article:modified_time\" content=\"2021-10-30T10:31:26+00:00\" \/>\n<meta property=\"og:image\" content=\"https:\/\/www.onetimenexttime.sk\/arduino\/wp-content\/uploads\/2021\/10\/200.jpg\" \/>\n\t<meta property=\"og:image:width\" content=\"558\" \/>\n\t<meta property=\"og:image:height\" content=\"559\" \/>\n\t<meta property=\"og:image:type\" content=\"image\/jpeg\" \/>\n<meta name=\"twitter:card\" content=\"summary_large_image\" \/>\n<meta name=\"twitter:label1\" content=\"Predpokladan\u00fd \u010das \u010d\u00edtania\" \/>\n\t<meta name=\"twitter:data1\" content=\"1 min\u00fata\" \/>\n<script type=\"application\/ld+json\" class=\"yoast-schema-graph\">{\"@context\":\"https:\/\/schema.org\",\"@graph\":[{\"@type\":\"WebPage\",\"@id\":\"https:\/\/www.onetimenexttime.sk\/arduino\/index.php\/produkt\/esp-12e-wemos-d1-wifi-uno-based-esp8266-shield\/\",\"url\":\"https:\/\/www.onetimenexttime.sk\/arduino\/index.php\/produkt\/esp-12e-wemos-d1-wifi-uno-based-esp8266-shield\/\",\"name\":\"ESP-12E WeMos D1 WiFi uno based ESP8266 shield - Arduino e-shop\",\"isPartOf\":{\"@id\":\"https:\/\/www.onetimenexttime.sk\/arduino\/#website\"},\"primaryImageOfPage\":{\"@id\":\"https:\/\/www.onetimenexttime.sk\/arduino\/index.php\/produkt\/esp-12e-wemos-d1-wifi-uno-based-esp8266-shield\/#primaryimage\"},\"image\":{\"@id\":\"https:\/\/www.onetimenexttime.sk\/arduino\/index.php\/produkt\/esp-12e-wemos-d1-wifi-uno-based-esp8266-shield\/#primaryimage\"},\"thumbnailUrl\":\"https:\/\/www.onetimenexttime.sk\/arduino\/wp-content\/uploads\/2021\/10\/200.jpg\",\"datePublished\":\"2021-10-17T17:44:28+00:00\",\"dateModified\":\"2021-10-30T10:31:26+00:00\",\"breadcrumb\":{\"@id\":\"https:\/\/www.onetimenexttime.sk\/arduino\/index.php\/produkt\/esp-12e-wemos-d1-wifi-uno-based-esp8266-shield\/#breadcrumb\"},\"inLanguage\":\"sk-SK\",\"potentialAction\":[{\"@type\":\"ReadAction\",\"target\":[\"https:\/\/www.onetimenexttime.sk\/arduino\/index.php\/produkt\/esp-12e-wemos-d1-wifi-uno-based-esp8266-shield\/\"]}]},{\"@type\":\"ImageObject\",\"inLanguage\":\"sk-SK\",\"@id\":\"https:\/\/www.onetimenexttime.sk\/arduino\/index.php\/produkt\/esp-12e-wemos-d1-wifi-uno-based-esp8266-shield\/#primaryimage\",\"url\":\"https:\/\/www.onetimenexttime.sk\/arduino\/wp-content\/uploads\/2021\/10\/200.jpg\",\"contentUrl\":\"https:\/\/www.onetimenexttime.sk\/arduino\/wp-content\/uploads\/2021\/10\/200.jpg\",\"width\":558,\"height\":559},{\"@type\":\"BreadcrumbList\",\"@id\":\"https:\/\/www.onetimenexttime.sk\/arduino\/index.php\/produkt\/esp-12e-wemos-d1-wifi-uno-based-esp8266-shield\/#breadcrumb\",\"itemListElement\":[{\"@type\":\"ListItem\",\"position\":1,\"name\":\"Domov\",\"item\":\"https:\/\/www.onetimenexttime.sk\/arduino\/\"},{\"@type\":\"ListItem\",\"position\":2,\"name\":\"Obchod\",\"item\":\"https:\/\/www.onetimenexttime.sk\/arduino\/\"},{\"@type\":\"ListItem\",\"position\":3,\"name\":\"ESP-12E WeMos D1 WiFi uno based ESP8266 shield\"}]},{\"@type\":\"WebSite\",\"@id\":\"https:\/\/www.onetimenexttime.sk\/arduino\/#website\",\"url\":\"https:\/\/www.onetimenexttime.sk\/arduino\/\",\"name\":\"Arduino e-shop\",\"description\":\"Home Assistant\",\"potentialAction\":[{\"@type\":\"SearchAction\",\"target\":{\"@type\":\"EntryPoint\",\"urlTemplate\":\"https:\/\/www.onetimenexttime.sk\/arduino\/?s={search_term_string}\"},\"query-input\":{\"@type\":\"PropertyValueSpecification\",\"valueRequired\":true,\"valueName\":\"search_term_string\"}}],\"inLanguage\":\"sk-SK\"}]}<\/script>\n<!-- \/ Yoast SEO plugin. -->","yoast_head_json":{"title":"ESP-12E WeMos D1 WiFi uno based ESP8266 shield - Arduino e-shop","robots":{"index":"index","follow":"follow","max-snippet":"max-snippet:-1","max-image-preview":"max-image-preview:large","max-video-preview":"max-video-preview:-1"},"canonical":"https:\/\/www.onetimenexttime.sk\/arduino\/index.php\/produkt\/esp-12e-wemos-d1-wifi-uno-based-esp8266-shield\/","og_locale":"sk_SK","og_type":"article","og_title":"ESP-12E WeMos D1 WiFi uno based ESP8266 shield - Arduino e-shop","og_description":"Na z\u00e1klade ESP-8266EX pre Arduino kompatibiln\u00e9, pomocou pre Arduino IDE na programovanie 11 x I \/ O kol\u00edky 1 x&hellip;","og_url":"https:\/\/www.onetimenexttime.sk\/arduino\/index.php\/produkt\/esp-12e-wemos-d1-wifi-uno-based-esp8266-shield\/","og_site_name":"Arduino e-shop","article_modified_time":"2021-10-30T10:31:26+00:00","og_image":[{"width":558,"height":559,"url":"https:\/\/www.onetimenexttime.sk\/arduino\/wp-content\/uploads\/2021\/10\/200.jpg","type":"image\/jpeg"}],"twitter_card":"summary_large_image","twitter_misc":{"Predpokladan\u00fd \u010das \u010d\u00edtania":"1 min\u00fata"},"schema":{"@context":"https:\/\/schema.org","@graph":[{"@type":"WebPage","@id":"https:\/\/www.onetimenexttime.sk\/arduino\/index.php\/produkt\/esp-12e-wemos-d1-wifi-uno-based-esp8266-shield\/","url":"https:\/\/www.onetimenexttime.sk\/arduino\/index.php\/produkt\/esp-12e-wemos-d1-wifi-uno-based-esp8266-shield\/","name":"ESP-12E WeMos D1 WiFi uno based ESP8266 shield - Arduino e-shop","isPartOf":{"@id":"https:\/\/www.onetimenexttime.sk\/arduino\/#website"},"primaryImageOfPage":{"@id":"https:\/\/www.onetimenexttime.sk\/arduino\/index.php\/produkt\/esp-12e-wemos-d1-wifi-uno-based-esp8266-shield\/#primaryimage"},"image":{"@id":"https:\/\/www.onetimenexttime.sk\/arduino\/index.php\/produkt\/esp-12e-wemos-d1-wifi-uno-based-esp8266-shield\/#primaryimage"},"thumbnailUrl":"https:\/\/www.onetimenexttime.sk\/arduino\/wp-content\/uploads\/2021\/10\/200.jpg","datePublished":"2021-10-17T17:44:28+00:00","dateModified":"2021-10-30T10:31:26+00:00","breadcrumb":{"@id":"https:\/\/www.onetimenexttime.sk\/arduino\/index.php\/produkt\/esp-12e-wemos-d1-wifi-uno-based-esp8266-shield\/#breadcrumb"},"inLanguage":"sk-SK","potentialAction":[{"@type":"ReadAction","target":["https:\/\/www.onetimenexttime.sk\/arduino\/index.php\/produkt\/esp-12e-wemos-d1-wifi-uno-based-esp8266-shield\/"]}]},{"@type":"ImageObject","inLanguage":"sk-SK","@id":"https:\/\/www.onetimenexttime.sk\/arduino\/index.php\/produkt\/esp-12e-wemos-d1-wifi-uno-based-esp8266-shield\/#primaryimage","url":"https:\/\/www.onetimenexttime.sk\/arduino\/wp-content\/uploads\/2021\/10\/200.jpg","contentUrl":"https:\/\/www.onetimenexttime.sk\/arduino\/wp-content\/uploads\/2021\/10\/200.jpg","width":558,"height":559},{"@type":"BreadcrumbList","@id":"https:\/\/www.onetimenexttime.sk\/arduino\/index.php\/produkt\/esp-12e-wemos-d1-wifi-uno-based-esp8266-shield\/#breadcrumb","itemListElement":[{"@type":"ListItem","position":1,"name":"Domov","item":"https:\/\/www.onetimenexttime.sk\/arduino\/"},{"@type":"ListItem","position":2,"name":"Obchod","item":"https:\/\/www.onetimenexttime.sk\/arduino\/"},{"@type":"ListItem","position":3,"name":"ESP-12E WeMos D1 WiFi uno based ESP8266 shield"}]},{"@type":"WebSite","@id":"https:\/\/www.onetimenexttime.sk\/arduino\/#website","url":"https:\/\/www.onetimenexttime.sk\/arduino\/","name":"Arduino e-shop","description":"Home Assistant","potentialAction":[{"@type":"SearchAction","target":{"@type":"EntryPoint","urlTemplate":"https:\/\/www.onetimenexttime.sk\/arduino\/?s={search_term_string}"},"query-input":{"@type":"PropertyValueSpecification","valueRequired":true,"valueName":"search_term_string"}}],"inLanguage":"sk-SK"}]}},"_links":{"self":[{"href":"https:\/\/www.onetimenexttime.sk\/arduino\/index.php\/wp-json\/wp\/v2\/product\/56"}],"collection":[{"href":"https:\/\/www.onetimenexttime.sk\/arduino\/index.php\/wp-json\/wp\/v2\/product"}],"about":[{"href":"https:\/\/www.onetimenexttime.sk\/arduino\/index.php\/wp-json\/wp\/v2\/types\/product"}],"wp:featuredmedia":[{"embeddable":true,"href":"https:\/\/www.onetimenexttime.sk\/arduino\/index.php\/wp-json\/wp\/v2\/media\/57"}],"wp:attachment":[{"href":"https:\/\/www.onetimenexttime.sk\/arduino\/index.php\/wp-json\/wp\/v2\/media?parent=56"}],"wp:term":[{"taxonomy":"product_cat","embeddable":true,"href":"https:\/\/www.onetimenexttime.sk\/arduino\/index.php\/wp-json\/wp\/v2\/product_cat?post=56"},{"taxonomy":"product_tag","embeddable":true,"href":"https:\/\/www.onetimenexttime.sk\/arduino\/index.php\/wp-json\/wp\/v2\/product_tag?post=56"}],"curies":[{"name":"wp","href":"https:\/\/api.w.org\/{rel}","templated":true}]}}